{"id":1746,"date":"2023-10-12T08:23:39","date_gmt":"2023-10-12T08:23:39","guid":{"rendered":"https:\/\/hydraulic-cylinders.net\/?post_type=product&#038;p=1746"},"modified":"2025-04-11T03:49:37","modified_gmt":"2025-04-11T03:49:37","slug":"injection-molding-machine-mold-opening-and-closing-cylinder","status":"publish","type":"product","link":"https:\/\/www.hydraulic-cylinders.net\/lt\/produktas\/injection-molding-machine-mold-opening-and-closing-cylinder\/","title":{"rendered":"\u012epur\u0161kimo liejimo ma\u0161inos liejimo atidarymo ir u\u017edarymo cilindras"},"content":{"rendered":"<h1 style=\"text-align: center;\"><strong>\u012epur\u0161kimo liejimo ma\u0161inos liejimo atidarymo ir u\u017edarymo cilindras<\/strong><\/h1>\n<p><img loading=\"lazy\" decoding=\"async\" class=\"aligncenter wp-image-1747\" src=\"https:\/\/hydraulic-cylinders.net\/wp-content\/uploads\/2023\/10\/mold-opening-and-closing-cylinder-1-300x300.webp\" alt=\"\" width=\"400\" height=\"400\" \/><\/p>\n<p>Liejimo ma\u0161inos liejimo formos atidarymo ir u\u017edarymo cilindras yra labai svarbus plastiko liejimo \u012fpur\u0161kimu komponentas. \u0160is specializuotas cilindras, skirtas valdyti liejimo form\u0173 atidarym\u0105 ir u\u017edarym\u0105, yra gyvybi\u0161kai svarbus u\u017etikrinant tiksli\u0105 ir efektyvi\u0105 gamyb\u0105.<\/p>\n<p>Liejimo ma\u0161inos liejimo formos atidarymo ir u\u017edarymo cilindras yra labai svarbus plastiko liejimo procese, nes leid\u017eia tiksliai ir efektyviai valdyti liejimo formas. D\u0117l tvirtos konstrukcijos, tikslaus liejimo formos valdymo, greito veikimo ir reguliuojamo eigos ilgio bei j\u0117gos \u0161is cilindras u\u017etikrina patikimus ir optimizuotus liejimo formos atidarymo ir u\u017edarymo procesus. Laikydamiesi rekomenduojam\u0173 naudojimo metod\u0173 ir prie\u017ei\u016bros praktikos, gamintojai gali maksimaliai padidinti liejimo ma\u0161inos liejimo formos atidarymo ir u\u017edarymo cilindro na\u0161um\u0105 ir ilgaam\u017ei\u0161kum\u0105, galiausiai pagerindami plastiko liejimo operacij\u0173 tikslum\u0105, efektyvum\u0105 ir bendr\u0105 kokyb\u0119.<\/p>\n<p>\u012epur\u0161kimo liejimo ma\u0161inos liejimo atidarymo ir u\u017edarymo cilindro pagrindin\u0117s charakteristikos:<\/p>\n<ol>\n<li>Tvirta konstrukcija:<\/li>\n<\/ol>\n<ul>\n<li>Liejimo ma\u0161inos liejimo formos atidarymo ir u\u017edarymo cilindras pagamintas i\u0161 auk\u0161tos kokyb\u0117s med\u017eiag\u0173, u\u017etikrinan\u010di\u0173 patvarum\u0105 ir ilgaam\u017ei\u0161kum\u0105 net ir sud\u0117tingomis gamybos s\u0105lygomis.<\/li>\n<li>Jis sukurtas atlaikyti dideles j\u0117gas ir pasikartojan\u010dius judesius, i\u0161laikant pastov\u0173 na\u0161um\u0105 ilg\u0105 laik\u0105.<\/li>\n<\/ul>\n<ol start=\"2\">\n<li>Tikslus pel\u0117si\u0173 valdymas:<\/li>\n<\/ol>\n<ul>\n<li>\u0160is cilindras u\u017etikrina tiksl\u0173 form\u0173 atidarymo ir u\u017edarymo valdym\u0105, u\u017etikrindamas tiksl\u0173 pad\u0117ties nustatym\u0105 ir i\u0161lygiavim\u0105.<\/li>\n<li>Tai leid\u017eia pritaikyti form\u0173 atidarymo ir u\u017edarymo greit\u012f, optimizuoti gamybos ciklus ir suma\u017einti detali\u0173 defektus.<\/li>\n<\/ul>\n<ol start=\"3\">\n<li>Greitas ir efektyvus veikimas:<\/li>\n<\/ol>\n<ul>\n<li>Liejimo ma\u0161inos liejimo formos atidarymo ir u\u017edarymo cilindras palengvina greit\u0105 liejimo formos jud\u0117jim\u0105, sutrumpina gamybos laik\u0105 ir padidina bendr\u0105 na\u0161um\u0105.<\/li>\n<li>Tai u\u017etikrina greit\u0105 ir patikim\u0105 form\u0173 atidarym\u0105 ir u\u017edarym\u0105, leid\u017eiant\u012f grei\u010diau atlikti form\u0173 cikl\u0105 ir maksimaliai padidinti gamybos na\u0161um\u0105.<\/li>\n<\/ul>\n<ol start=\"4\">\n<li>Reguliuojamas sm\u016bgio ilgis ir j\u0117ga:<\/li>\n<\/ol>\n<ul>\n<li>\u0160is cilindras pasi\u017eymi reguliuojamu eigos ilgiu ir j\u0117ga, kad atitikt\u0173 skirtingus form\u0173 dyd\u017eius ir detali\u0173 reikalavimus.<\/li>\n<li>Tai leid\u017eia lanks\u010diai valdyti form\u0105, u\u017etikrinant optimal\u0173 formos u\u017edarym\u0105 ir detali\u0173 i\u0161st\u016bmim\u0105 nepa\u017eeid\u017eiant jos.<\/li>\n<\/ul>\n<h2><strong>\u012epur\u0161kimo liejimo ma\u0161inos liejimo atidarymo ir u\u017edarymo cilindro parametras:<\/strong><\/h2>\n<table border=\"1\" cellspacing=\"0\" cellpadding=\"0\">\n<tbody>\n<tr>\n<td>Produkto pavadinimas<\/td>\n<td>\u012epur\u0161kimo liejimo ma\u0161inos i\u0161st\u016bmimo cilindras<\/td>\n<\/tr>\n<tr>\n<td>Savyb\u0117s:<\/td>\n<td>I\u0161meskite formoje suformuot\u0105 gamin\u012f<\/td>\n<\/tr>\n<tr>\n<td>Skyl\u0117s skersmuo:<\/td>\n<td>\u00a090 mm ~ 220 mm<\/td>\n<\/tr>\n<tr>\n<td>Strypo skersmuo:<\/td>\n<td>50 mm\uff5e140 mm<br \/>\nEiga \u2264600 mm<\/td>\n<\/tr>\n<tr>\n<td>Traukos j\u0117ga:<\/td>\n<td>Maksimali galia 760 kN<br \/>\n(Skersmuo: 220 mm \/ sl\u0117gis 10 MPa)<\/td>\n<\/tr>\n<tr>\n<td>Parai\u0161kos:<\/td>\n<td>\u012epur\u0161kimo liejimo ma\u0161ina<\/td>\n<\/tr>\n<\/tbody>\n<\/table>\n<div><\/div>\n<div>\n<div class=\"txtboxL\">\n<div class=\"txtboxL\">\n<div class=\"txtboxL\">\n<div class=\"txtboxL\">\n<div class=\"txtboxL\">\n<div class=\"txtboxL\">Savyb\u0117s:<\/div>\n<div class=\"txtboxR\">Valdykite formos atidarym\u0105 ir u\u017edarym\u0105<\/div>\n<div class=\"txtboxL\">Specifikacija:<\/div>\n<div class=\"txtboxR\">Skyl\u0117s skersmuo: 50 mm ~ 140 mm<br \/>\nStrypo skersmuo: 28 mm ~ 100 mm<br \/>\nEiga \u2264700 mm<\/div>\n<div class=\"txtboxL\">Traukos j\u0117ga:<\/div>\n<div class=\"txtboxR\">Maksimali galia 384 kN<br \/>\n(Skersmuo: 140 mm \/ sl\u0117gis 25 MPa)<\/div>\n<\/div>\n<\/div>\n<\/div>\n<\/div>\n<\/div>\n<\/div>\n<h2><strong>Cemento \u012franga <\/strong><strong>Cilindr\u0173 gamykla:<\/strong><\/h2>\n<p><img loading=\"lazy\" decoding=\"async\" class=\"alignnone wp-image-1734 size-full\" src=\"https:\/\/hydraulic-cylinders.net\/wp-content\/uploads\/2023\/10\/cement-equipment-cylinder-1.webp\" alt=\"\" width=\"1418\" height=\"946\" srcset=\"https:\/\/hydraulic-cylinders.net\/wp-content\/uploads\/2023\/10\/cement-equipment-cylinder-1.webp 1418w, https:\/\/hydraulic-cylinders.net\/wp-content\/uploads\/2023\/10\/cement-equipment-cylinder-1-1280x854.webp 1280w, https:\/\/hydraulic-cylinders.net\/wp-content\/uploads\/2023\/10\/cement-equipment-cylinder-1-980x654.webp 980w, https:\/\/hydraulic-cylinders.net\/wp-content\/uploads\/2023\/10\/cement-equipment-cylinder-1-480x320.webp 480w\" sizes=\"(min-width: 0px) and (max-width: 480px) 480px, (min-width: 481px) and (max-width: 980px) 980px, (min-width: 981px) and (max-width: 1280px) 1280px, (min-width: 1281px) 1418px, 100vw\" \/><\/p>\n<h2><strong>Liejimo ma\u0161inos liejimo atidarymo ir u\u017edarymo cilindro naudojimo b\u016bdas<\/strong><strong>:<\/strong><\/h2>\n<ol>\n<li>\u012erengimas:<\/li>\n<\/ol>\n<ul>\n<li>Laikykit\u0117s gamintojo nurodym\u0173, kad liejimo ma\u0161inos formos atidarymo ir u\u017edarymo cilindr\u0105 tvirtai pritvirtintum\u0117te prie liejimo ma\u0161inos.<\/li>\n<li>U\u017etikrinkite tinkam\u0105 sulygiavim\u0105 ir pritvirtinim\u0105 prie ma\u0161inos liejimo formos atidarymo ir u\u017edarymo mechanizmo, kad liejimo procesas b\u016bt\u0173 sklandus.<\/li>\n<\/ul>\n<ol start=\"2\">\n<li><strong>Liejimo parametr\u0173 reguliavimas:<\/strong><\/li>\n<\/ol>\n<ul>\n<li>Nor\u0117dami reguliuoti formos atidarymo ir u\u017edarymo parametrus, tokius kaip greitis, eigos ilgis ir j\u0117ga, naudokite ma\u0161inos valdymo skydel\u012f arba s\u0105saj\u0105.<\/li>\n<li>Konkre\u010dias gaires, kaip nustatyti tinkamus parametrus pagal liejimo formos konstrukcij\u0105 ir detal\u0117s specifikacijas, rasite ma\u0161inos naudojimo vadove.<\/li>\n<\/ul>\n<ol start=\"3\">\n<li><strong>Pel\u0117sio paruo\u0161imas:<\/strong><\/li>\n<\/ol>\n<ul>\n<li>\u012estatykite form\u0105 \u012f liejimo ma\u0161in\u0105, u\u017etikrindami tinkam\u0105 sulygiavim\u0105 ir tvirtinim\u0105.<\/li>\n<li>Pritvirtinkite prie formos atidarymo ir u\u017edarymo komponentus, tokius kaip formos spaustukai arba formos plok\u0161t\u0117s, u\u017etikrindami saug\u0173 ir patikim\u0105 formos veikim\u0105.<\/li>\n<\/ul>\n<ol start=\"4\">\n<li><strong>Pel\u0117sio atidarymo ir u\u017edarymo procesas:<\/strong><\/li>\n<\/ol>\n<ul>\n<li>Prad\u0117kite liejimo proces\u0105 \u012fjungdami liejimo ma\u0161in\u0105.<\/li>\n<li>Liejimo ma\u0161inos liejimo formos atidarymo ir u\u017edarymo cilindras kontroliuoja liejimo formos atidarymo ir u\u017edarymo veiksmus, u\u017etikrindamas tikslius ir skland\u017eius judesius.<\/li>\n<li>\u012esitikinkite, kad eigos ilgis ir j\u0117ga yra sureguliuoti taip, kad b\u016bt\u0173 pasiekti norimi formos atidarymo ir u\u017edarymo veiksmai nepa\u017eeid\u017eiant jos.<\/li>\n<\/ul>\n<h2><strong>Kaip i\u0161leisti or\u0105 i\u0161 hidraulinio cilindro?<\/strong><\/h2>\n<p>Hidraulinio cilindro nuorinimas yra procesas, kurio metu i\u0161 sistemos pa\u0161alinamas oras ir u\u017etikrinamas tinkamas veikimas bei na\u0161umas. \u0160tai nuoseklus vadovas, kaip nuorinti hidraulin\u012f cilindr\u0105:<\/p>\n<ol>\n<li><strong>Saugos priemon\u0117s:<\/strong>\n<ul>\n<li>Prie\u0161 prad\u0117dami nuorinimo proces\u0105, \u012fsitikinkite, kad hidraulin\u0117je sistemoje n\u0117ra sl\u0117gio ir ji i\u0161jungta. Tai pad\u0117s i\u0161vengti bet kokio nety\u010dinio jud\u0117jimo ar skys\u010dio i\u0161tek\u0117jimo.<\/li>\n<li>Kad apsisaugotum\u0117te nuo galim\u0173 pavoj\u0173, d\u0117v\u0117kite tinkamas asmenines apsaugos priemones, tokias kaip pir\u0161tin\u0117s ir apsauginiai akiniai.<\/li>\n<\/ul>\n<\/li>\n<li><strong>I\u0161leidimo vo\u017etuvo radimas:<\/strong>\n<ul>\n<li>Nustatykite hidraulinio cilindro i\u0161leidimo vo\u017etuv\u0105. I\u0161leidimo vo\u017etuvas paprastai yra ma\u017eas var\u017etas arba vo\u017etuvas, esantis ant cilindro korpuso arba \u0161alia prie cilindro prijungt\u0173 hidraulini\u0173 linij\u0173.<\/li>\n<\/ul>\n<\/li>\n<li><strong>Pad\u0117ties cilindras:<\/strong>\n<ul>\n<li>Pastatykite cilindr\u0105 taip, kad i\u0161leidimo vo\u017etuvas b\u016bt\u0173 lengvai pasiekiamas ir auk\u0161\u010diausiame cilindro ta\u0161ke.<\/li>\n<li>Tai leis oro burbuliukams pakilti ir i\u0161eiti per i\u0161leidimo vo\u017etuv\u0105 i\u0161leidimo proceso metu.<\/li>\n<\/ul>\n<\/li>\n<li><strong>Atidarykite i\u0161leidimo vo\u017etuv\u0105:<\/strong>\n<ul>\n<li>Tinkamu \u012frankiu, pavyzd\u017eiui, ver\u017eliarak\u010diu ar atsuktuvu, atsargiai atlaisvinkite i\u0161leidimo vo\u017etuv\u0105, kad j\u012f atidarytum\u0117te.<\/li>\n<li>\u012esitikinkite, kad vo\u017etuvas yra tik i\u0161 dalies atidarytas, kad i\u0161eit\u0173 oras, kartu i\u0161vengiant per didelio skys\u010dio praradimo.<\/li>\n<\/ul>\n<\/li>\n<li><strong>Cilindro valdymas:<\/strong>\n<ul>\n<li>Cilindr\u0105 aktyvuokite valdydami hidraulin\u0119 sistem\u0105. Tai galima padaryti naudojant hidraulin\u0117s \u012frangos valdiklius arba nuotolinio valdymo sistem\u0105.<\/li>\n<li>Kelis kartus visi\u0161kai i\u0161tieskite ir sutraukite cilindr\u0105, kad oro burbuliukai lengviau jud\u0117t\u0173 link i\u0161leidimo vo\u017etuvo.<\/li>\n<\/ul>\n<\/li>\n<li><strong>Steb\u0117kite skys\u010dio ir oro i\u0161siskyrim\u0105:<\/strong>\n<ul>\n<li>Kai cilindras veikia, steb\u0117kite skys\u010dio tek\u0117jim\u0105 per i\u0161leidimo vo\u017etuv\u0105.<\/li>\n<li>I\u0161 prad\u017ei\u0173 skys\u010dio srov\u0117je gali matytis oro burbuliuk\u0173. Leiskite skys\u010diui tek\u0117ti, kol pa\u0161alins visus oro burbuliukus ir bus matoma tik pastovi hidraulinio skys\u010dio srov\u0117.<\/li>\n<\/ul>\n<\/li>\n<li><strong>Priver\u017ekite i\u0161leidimo vo\u017etuv\u0105:<\/strong>\n<ul>\n<li>Pa\u0161alinus visus oro burbuliukus, atsargiai priver\u017ekite i\u0161leidimo vo\u017etuv\u0105, kad i\u0161vengtum\u0117te skys\u010dio nuot\u0117kio.<\/li>\n<li>\u012esitikinkite, kad vo\u017etuvas yra sandariai u\u017edarytas, bet ne per stipriai priver\u017etas.<\/li>\n<\/ul>\n<\/li>\n<li><strong>Patikrinkite cilindro veikim\u0105:<\/strong>\n<ul>\n<li>I\u0161leidus cilindr\u0105, patikrinkite jo veikim\u0105, kad \u012fsitikintum\u0117te, jog jis tinkamai veikia.<\/li>\n<li>\u012ejunkite hidraulin\u0119 sistem\u0105 ir steb\u0117kite cilindro jud\u0117jim\u0105, kad \u012fsitikintum\u0117te, jog jis veikia skland\u017eiai ir nuosekliai, be joki\u0173 ne\u012fprast\u0173 gars\u0173 ar vibracij\u0173.<\/li>\n<\/ul>\n<\/li>\n<li><strong>Jei reikia, pakartokite:<\/strong>\n<ul>\n<li>Jei vis dar yra oro burbuliuk\u0173 arba jei cilindro veikimas yra nepatenkinamas, pakartokite nuorinimo proces\u0105.<\/li>\n<li>V\u0117l atidarykite i\u0161leidimo vo\u017etuv\u0105 ir \u012fjunkite cilindr\u0105, kad pa\u0161alintum\u0117te i\u0161 sistemos likus\u012f or\u0105.<\/li>\n<\/ul>\n<\/li>\n<li><strong>Galutin\u0117 ap\u017ei\u016bra:<\/strong><\/li>\n<\/ol>\n<ul>\n<li>Kai nuorinimo procesas bus baigtas ir cilindras veiks tinkamai, patikrinkite hidraulin\u0119 sistem\u0105, ar n\u0117ra nuot\u0117ki\u0173, atsilaisvinusi\u0173 jung\u010di\u0173 ar ne\u012fprasto veikimo po\u017eymi\u0173.<\/li>\n<li>Nedelsdami spr\u0119skite visas problemas, kad i\u0161laikytum\u0117te sistemos na\u0161um\u0105 ir i\u0161vengtum\u0117te galim\u0173 problem\u0173.<\/li>\n<\/ul>\n<h2><strong>Gamyklos paj\u0117gumai ir talpa:<\/strong><\/h2>\n<h3>(1) Surinkimas<\/h3>\n<p>Turime pirmos klas\u0117s nepriklausom\u0105 tyrim\u0173 ir pl\u0117tros surinkimo platform\u0105. Hidraulini\u0173 cilindr\u0173 gamybos ceche yra keturios pusiau automatin\u0117s k\u0117limo cilindr\u0173 surinkimo linijos ir viena automatin\u0117 pakreipimo cilindr\u0173 surinkimo linija, kuri\u0173 projektinis metinis gamybos paj\u0117gumas yra 1 milijonas vienet\u0173. Speciali\u0173j\u0173 cilindr\u0173 ceche \u012frengta \u012fvairi\u0173 specifikacij\u0173 pusiau automatin\u0117 valymo surinkimo sistema, kurios projektinis metinis gamybos paj\u0117gumas yra 200 000 vienet\u0173, ir garsi CNC apdirbimo \u012franga, apdirbimo centras, didelio tikslumo cilindr\u0173 apdirbimo speciali \u012franga, robotinis suvirinimo aparatas, automatinis valymo aparatas, automatinis cilindr\u0173 surinkimo aparatas ir automatin\u0117 da\u017eymo gamybos linija. Esama daugiau nei 300 rinkini\u0173 (komplekt\u0173) kritin\u0117 \u012franga. Optimalus \u012frangos i\u0161tekli\u0173 paskirstymas ir efektyvus naudojimas u\u017etikrina gamini\u0173 tikslumo reikalavimus ir auk\u0161tus gamini\u0173 kokyb\u0117s poreikius.<\/p>\n<p><img loading=\"lazy\" decoding=\"async\" class=\"alignnone wp-image-626\" src=\"https:\/\/hydraulic-cylinders.net\/wp-content\/uploads\/2023\/08\/hydraulic-cylinder-product-1-300x158.webp\" alt=\"\" width=\"495\" height=\"260\" srcset=\"https:\/\/hydraulic-cylinders.net\/wp-content\/uploads\/2023\/08\/hydraulic-cylinder-product-1-300x158.webp 495w, https:\/\/hydraulic-cylinders.net\/wp-content\/uploads\/2023\/08\/hydraulic-cylinder-product-1-480x252.webp 480w\" sizes=\"(min-width: 0px) and (max-width: 480px) 480px, (min-width: 481px) 495px, 100vw\" \/> <img loading=\"lazy\" decoding=\"async\" class=\"alignnone wp-image-627\" src=\"https:\/\/hydraulic-cylinders.net\/wp-content\/uploads\/2023\/08\/hydraulic-cylinder-product-2-300x189.webp\" alt=\"\" width=\"413\" height=\"260\" \/><\/p>\n<h3>(2) Apdirbimas<\/h3>\n<p>Mechaninio apdirbimo ceche \u012frengtas pritaikytas nuo\u017eulnaus b\u0117gio tekinimo centras, apdirbimo centras, greitaeigis galandimo stakl\u0117s, suvirinimo robotas ir kita susijusi \u012franga, galinti apdirbti cilindrinius vamzd\u017eius, kuri\u0173 maksimalus vidinis skersmuo yra 400 mm, o maksimalus ilgis \u2013 6 metrai.<\/p>\n<p><img loading=\"lazy\" decoding=\"async\" class=\"alignnone wp-image-628 size-large\" src=\"https:\/\/hydraulic-cylinders.net\/wp-content\/uploads\/2023\/08\/hydraulic-cylinder-product-3-1024x391.webp\" alt=\"\" width=\"1024\" height=\"391\" srcset=\"https:\/\/hydraulic-cylinders.net\/wp-content\/uploads\/2023\/08\/hydraulic-cylinder-product-3-980x374.webp 980w, https:\/\/hydraulic-cylinders.net\/wp-content\/uploads\/2023\/08\/hydraulic-cylinder-product-3-480x183.webp 480w\" sizes=\"(min-width: 0px) and (max-width: 480px) 480px, (min-width: 481px) and (max-width: 980px) 980px, (min-width: 981px) 1024px, 100vw\" \/><\/p>\n<h3>(3) Suvirinimas<\/h3>\n<p><img loading=\"lazy\" decoding=\"async\" class=\"alignnone wp-image-629 size-large\" src=\"https:\/\/hydraulic-cylinders.net\/wp-content\/uploads\/2023\/08\/hydraulic-cylinder-product-4-1024x510.webp\" alt=\"\" width=\"1024\" height=\"510\" srcset=\"https:\/\/hydraulic-cylinders.net\/wp-content\/uploads\/2023\/08\/hydraulic-cylinder-product-4-980x488.webp 980w, https:\/\/hydraulic-cylinders.net\/wp-content\/uploads\/2023\/08\/hydraulic-cylinder-product-4-480x239.webp 480w\" sizes=\"(min-width: 0px) and (max-width: 480px) 480px, (min-width: 481px) and (max-width: 980px) 980px, (min-width: 981px) 1024px, 100vw\" \/><\/p>\n<h3>(4) Da\u017eymas ir dengimas<\/h3>\n<p>Su ma\u017eomis ir vidutinio dyd\u017eio cilindrin\u0117mis automatin\u0117mis vandens pagrindo da\u017e\u0173 dengimo linijomis, siekiant automatinio robot\u0173 pakrovimo ir i\u0161krovimo bei automatinio pur\u0161kimo, projektinis paj\u0117gumas yra 4000 vienet\u0173 per pamain\u0105;<br \/>\nTaip pat turime pusiau automatin\u0119 dideli\u0173 cilindr\u0173 da\u017e\u0173 gamybos linij\u0105, varom\u0105 grandin\u0117s, kurios projektinis na\u0161umas yra 60 d\u0117\u017ei\u0173 per pamain\u0105.<\/p>\n<p><img loading=\"lazy\" decoding=\"async\" class=\"alignnone wp-image-630\" src=\"https:\/\/hydraulic-cylinders.net\/wp-content\/uploads\/2023\/08\/hydraulic-cylinder-product-5-300x213.webp\" alt=\"\" width=\"366\" height=\"260\" \/> <img loading=\"lazy\" decoding=\"async\" class=\"alignnone wp-image-631\" src=\"https:\/\/hydraulic-cylinders.net\/wp-content\/uploads\/2023\/08\/hydraulic-cylinder-product-6-300x225.webp\" alt=\"\" width=\"347\" height=\"260\" \/><\/p>\n<h3>(5) Testavimas<\/h3>\n<p>Turime auk\u0161\u010diausios klas\u0117s patikros patalpas ir bandym\u0173 stendus, kad u\u017etikrintume, jog baliono veikimas atitinka reikalavimus.<\/p>\n<p><img loading=\"lazy\" decoding=\"async\" class=\"alignnone wp-image-632\" src=\"https:\/\/hydraulic-cylinders.net\/wp-content\/uploads\/2023\/08\/hydraulic-cylinder-product-8-300x200.webp\" alt=\"\" width=\"389\" height=\"260\" \/><\/p>\n<p>&nbsp;<\/p>\n<p>&nbsp;<\/p>\n<p>Esame vienas geriausi\u0173 hidraulini\u0173 cilindr\u0173 gamintoj\u0173. Galime pasi\u016blyti i\u0161samius hidraulinius cilindrus. Taip pat teikiame atitinkamus <a href=\"https:\/\/hzpt.com\/agricultural-pto-gearbox\/\" target=\"_blank\" rel=\"noopener\">\u017eem\u0117s \u016bkio pavar\u0173 d\u0117\u017e\u0117s<\/a>Mes eksportuojame savo gaminius klientams visame pasaulyje ir peln\u0117me ger\u0105 reputacij\u0105 d\u0117l auk\u0161\u010diausios gamini\u0173 kokyb\u0117s ir aptarnavimo po pardavimo. Mes laukiame klient\u0173 \u0161alyje ir u\u017esienyje, norin\u010di\u0173 susisiekti su mumis der\u0117tis d\u0117l verslo, keistis informacija ir... <a href=\"https:\/\/www.hydraulic-cylinders.net\/lt\/contact-us\/\">bendradarbiauti su mumis<\/a>!<\/p>","protected":false},"excerpt":{"rendered":"<p>Injection Molding Machine Mold Opening and Closing Cylinder The injection molding machine mold opening and closing cylinder is a critical component of plastic injection molding. Designed to control the opening and closing of molds, this specialized cylinder is vital in ensuring precise and efficient production. The injection molding machine mold opening and closing cylinder is [&hellip;]<\/p>","protected":false},"featured_media":1748,"comment_status":"open","ping_status":"closed","template":"","meta":{"_et_pb_use_builder":"","_et_pb_old_content":"","_et_gb_content_width":""},"product_brand":[],"product_cat":[1550,1523,1376],"product_tag":[1380],"class_list":{"0":"post-1746","1":"product","2":"type-product","3":"status-publish","4":"has-post-thumbnail","6":"product_cat-double-acting-hydraulic-cylinder","7":"product_cat-injection-molding-hydraulic-cylinders","8":"product_cat-hydraulic-cylinder","9":"product_tag-hydraulic-cylinder","11":"first","12":"instock","13":"shipping-taxable","14":"product-type-simple"},"amp_enabled":true,"_links":{"self":[{"href":"https:\/\/www.hydraulic-cylinders.net\/lt\/wp-json\/wp\/v2\/product\/1746","targetHints":{"allow":["GET"]}}],"collection":[{"href":"https:\/\/www.hydraulic-cylinders.net\/lt\/wp-json\/wp\/v2\/product"}],"about":[{"href":"https:\/\/www.hydraulic-cylinders.net\/lt\/wp-json\/wp\/v2\/types\/product"}],"replies":[{"embeddable":true,"href":"https:\/\/www.hydraulic-cylinders.net\/lt\/wp-json\/wp\/v2\/comments?post=1746"}],"wp:featuredmedia":[{"embeddable":true,"href":"https:\/\/www.hydraulic-cylinders.net\/lt\/wp-json\/wp\/v2\/media\/1748"}],"wp:attachment":[{"href":"https:\/\/www.hydraulic-cylinders.net\/lt\/wp-json\/wp\/v2\/media?parent=1746"}],"wp:term":[{"taxonomy":"product_brand","embeddable":true,"href":"https:\/\/www.hydraulic-cylinders.net\/lt\/wp-json\/wp\/v2\/product_brand?post=1746"},{"taxonomy":"product_cat","embeddable":true,"href":"https:\/\/www.hydraulic-cylinders.net\/lt\/wp-json\/wp\/v2\/product_cat?post=1746"},{"taxonomy":"product_tag","embeddable":true,"href":"https:\/\/www.hydraulic-cylinders.net\/lt\/wp-json\/wp\/v2\/product_tag?post=1746"}],"curies":[{"name":"wp","href":"https:\/\/api.w.org\/{rel}","templated":true}]}}