{"id":1752,"date":"2023-10-13T02:41:02","date_gmt":"2023-10-13T02:41:02","guid":{"rendered":"https:\/\/hydraulic-cylinders.net\/?post_type=product&#038;p=1752"},"modified":"2025-04-15T05:55:30","modified_gmt":"2025-04-15T05:55:30","slug":"cutter-suction-dredger-traveling-cylinders","status":"publish","type":"product","link":"https:\/\/www.hydraulic-cylinders.net\/lt\/produktas\/cutter-suction-dredger-traveling-cylinders\/","title":{"rendered":"Pjaustytuvo siurbimo \u017eemsiurb\u0117s keliaujantys cilindrai"},"content":{"rendered":"<h1 style=\"text-align: center;\"><strong>Pjaustytuvo siurbimo \u017eemsiurb\u0117s keliaujantys cilindrai<\/strong><\/h1>\n<p><img loading=\"lazy\" decoding=\"async\" class=\"aligncenter wp-image-1753\" src=\"https:\/\/hydraulic-cylinders.net\/wp-content\/uploads\/2023\/10\/cutter-suction-dredger-the-traveling-cylinders-1-300x300.webp\" alt=\"\" width=\"400\" height=\"400\" \/><\/p>\n<p>\u017demsiurb\u0117s judantys cilindrai yra esminiai \u0161iuolaikini\u0173 \u017eemsiurbi\u0173 komponentai. \u0160ie cilindrai, skirti padidinti efektyvum\u0105 ir na\u0161um\u0105, atlieka gyvybi\u0161kai svarb\u0173 vaidmen\u012f \u017eemsiurb\u0117s procese.<\/p>\n<p>\u017demsiurb\u0117s va\u017eiavimo cilindrai yra nepakei\u010diami efektyvi\u0173 ir produktyvi\u0173 dugno gilinimo operacij\u0173 komponentai. D\u0117l tvirtos konstrukcijos, tikslaus jud\u0117jimo, galingos varymo sistemos ir lanks\u010di\u0173 reguliavimo galimybi\u0173 \u0161ie cilindrai u\u017etikrina skland\u0173 ir tiksl\u0173 \u017eemsiurb\u0117s jud\u0117jim\u0105, optimizuodami dugno gilinimo na\u0161um\u0105. Laikydamiesi rekomenduojam\u0173 naudojimo metod\u0173 ir prie\u017ei\u016bros praktikos, operatoriai gali maksimaliai padidinti va\u017eiavimo cilindr\u0173 na\u0161um\u0105 ir ilgaam\u017ei\u0161kum\u0105, galiausiai padidindami pjaustytuvo-siurbimo dugno gilinimo proceso efektyvum\u0105 ir veiksmingum\u0105.<\/p>\n<p>Pjaustytuvo siurbimo \u017eemsiurb\u0117s va\u017eiavimo cilindr\u0173 pagrindin\u0117s charakteristikos:<\/p>\n<ol>\n<li>Tvirta konstrukcija:<\/li>\n<\/ol>\n<ul>\n<li>Judantys cilindrai pagaminti i\u0161 auk\u0161tos kokyb\u0117s med\u017eiag\u0173, u\u017etikrinan\u010di\u0173 patvarum\u0105 ir ilgaam\u017ei\u0161kum\u0105 net ir sud\u0117tingomis gilinimo s\u0105lygomis.<br \/>\nJie sukurti taip, kad atlaikyt\u0173 auk\u0161t\u0105 sl\u0117g\u012f, abrazyvines med\u017eiagas ir nuolatin\u012f jud\u0117jim\u0105, i\u0161laikydami pastov\u0173 na\u0161um\u0105 vis\u0173 gilinimo operacij\u0173 metu.<\/li>\n<\/ul>\n<ol start=\"2\">\n<li>Tikslus jud\u0117jimo judesys:<\/li>\n<\/ol>\n<ul>\n<li>\u0160ie cilindrai u\u017etikrina tiksl\u0173 \u017eemsiurb\u0117s va\u017eiavimo valdym\u0105, u\u017etikrindami tiksl\u0173 pad\u0117ties nustatym\u0105 ir skland\u0173 jud\u0117jim\u0105 gilinimo darb\u0173 metu.<\/li>\n<li>Jie leid\u017eia pritaikyti va\u017eiavimo greit\u012f, efektyviai naviguoti \u012fvairiuose reljefuose ir tiksliai nustatyti pad\u0117t\u012f, kad b\u016bt\u0173 galima efektyviai atlikti gilinimo darbus.<\/li>\n<\/ul>\n<ol start=\"3\">\n<li>Galinga varomoji j\u0117ga:<\/li>\n<\/ol>\n<ul>\n<li>Judantys cilindrai suteikia galing\u0105 varom\u0105j\u0105 j\u0117g\u0105 \u017eemsiurbei su pjaustytuvu, tod\u0117l ji gali skland\u017eiai ir efektyviai jud\u0117ti gilinimo zonoje.<\/li>\n<li>Jie pasi\u017eymi puikia trauka ir sukibimu, u\u017etikrindami, kad \u017eemsiurb\u0117 gali \u012fveikti nuos\u0117d\u0173 keliam\u0105 pasiprie\u0161inim\u0105 ir i\u0161laikyti pastovi\u0105 jud\u0117jimo trajektorij\u0105.<\/li>\n<\/ul>\n<ol start=\"4\">\n<li>Lankstus reguliavimas:<\/li>\n<\/ol>\n<ul>\n<li>\u0160ie cilindrai leid\u017eia lanks\u010diai reguliuoti \u017eemsiurb\u0117s va\u017eiavimo parametrus, tokius kaip greitis, kryptis ir gylis.<\/li>\n<li>Operatoriai gali pritaikyti \u017eemsiurb\u0117s jud\u0117jim\u0105 prie konkre\u010di\u0173 gilinimo reikalavim\u0173 ir optimizuoti viso darbo efektyvum\u0105.<\/li>\n<\/ul>\n<h2><strong>Pjovimo siurbimo \u017eemsiurb\u0117s keliaujan\u010di\u0173 cilindr\u0173 parametras:<\/strong><\/h2>\n<table border=\"1\" cellspacing=\"0\" cellpadding=\"0\">\n<tbody>\n<tr>\n<td>Produkto pavadinimas<\/td>\n<td>Pjaustytuvo siurbimo \u017eemsiurb\u0117s kelion\u0117s cilindras<\/td>\n<\/tr>\n<tr>\n<td>Savyb\u0117s:<\/td>\n<td>Yra pagrindinis pjaustytuvo-siurbimo \u017eemsiurb\u0117s va\u017eiavimo mechanizmo vykdomasis elementas<\/td>\n<\/tr>\n<tr>\n<td>Skyl\u0117s skersmuo:<\/td>\n<td>Iki 480 mm<\/td>\n<\/tr>\n<tr>\n<td>Strypo skersmuo:<\/td>\n<td>Iki 360 mm<br \/>\nEiga iki 9400 mm<\/td>\n<\/tr>\n<tr>\n<td>Sl\u0117gis:<\/td>\n<td>iki 32 MPa<\/td>\n<\/tr>\n<tr>\n<td>Traukos j\u0117ga:<\/td>\n<td>Maksimali 2900 kN<\/td>\n<\/tr>\n<tr>\n<td>Parai\u0161kos:<\/td>\n<td>Pjaustytuvo \u017eemsiurb\u0117<\/td>\n<\/tr>\n<\/tbody>\n<\/table>\n<div><\/div>\n<div>\n<div class=\"txtboxL\">\n<div class=\"txtboxL\">\n<div class=\"txtboxL\">\n<div class=\"txtboxL\">\n<div class=\"txtboxL\">\n<div class=\"txtboxL\">\n<div class=\"txtboxL\">\n<div class=\"txtboxL\">Savyb\u0117s:<\/div>\n<div class=\"txtboxR\">Yra pagrindinis pjaustytuvo-siurbimo \u017eemsiurb\u0117s va\u017eiavimo mechanizmo vykdomasis elementas<\/div>\n<div class=\"txtboxL\">Specifikacija:<\/div>\n<div class=\"txtboxR\">Gr\u0119\u017einio skersmuo: iki 480 mm<br \/>\nStrypo skersmuo: iki 360 mm<br \/>\nEiga iki 9400 mm<\/div>\n<div class=\"txtboxL\">Sl\u0117gis:<\/div>\n<div class=\"txtboxR\">iki 32 MPa<\/div>\n<div class=\"txtboxL\">Traukos j\u0117ga:<\/div>\n<div class=\"txtboxR\">Maksimali 2900 kN<\/div>\n<\/div>\n<\/div>\n<\/div>\n<\/div>\n<\/div>\n<\/div>\n<\/div>\n<\/div>\n<h2><strong>\u017demsiurb\u0117s bako pjaustytuvo-siurbimo cilindr\u0173 taikymas:<\/strong><\/h2>\n<p><img loading=\"lazy\" decoding=\"async\" class=\"alignnone wp-image-1757 size-full\" src=\"https:\/\/hydraulic-cylinders.net\/wp-content\/uploads\/2023\/10\/dredger-tank-cylinder-1.webp\" alt=\"\" width=\"600\" height=\"400\" srcset=\"https:\/\/hydraulic-cylinders.net\/wp-content\/uploads\/2023\/10\/dredger-tank-cylinder-1.webp 600w, https:\/\/hydraulic-cylinders.net\/wp-content\/uploads\/2023\/10\/dredger-tank-cylinder-1-480x320.webp 480w\" sizes=\"(min-width: 0px) and (max-width: 480px) 480px, (min-width: 481px) 600px, 100vw\" \/><\/p>\n<h2><strong>Pjovimo siurbimo \u017eemsiurb\u0117s kelioni\u0173 cilindr\u0173 naudojimo metodas<\/strong><strong>:<\/strong><\/h2>\n<ol>\n<li><strong>\u012erengimas:<\/strong><\/li>\n<\/ol>\n<ul>\n<li>Laikykit\u0117s gamintojo nurodym\u0173, kad va\u017eiuojantys cilindrai b\u016bt\u0173 tvirtai sumontuoti ant pjaustytuvo-siurbimo \u017eemsiurb\u0117s.<\/li>\n<li>U\u017etikrinkite tinkam\u0105 i\u0161lyginim\u0105 ir pritvirtinim\u0105 prie \u017eemsiurb\u0117s varymo sistemos, kad jud\u0117jimas b\u016bt\u0173 sklandus ir patikimas.<\/li>\n<\/ul>\n<ol start=\"2\">\n<li><strong>Valdymas ir navigacija:<\/strong><\/li>\n<\/ol>\n<ul>\n<li>Nor\u0117dami valdyti va\u017eiavimo parametrus, tokius kaip greitis, kryptis ir gylis, naudokite \u017eemsiurb\u0117s valdymo pult\u0105 arba s\u0105saj\u0105.<\/li>\n<li>Steb\u0117kite \u017eemsiurb\u0117s pad\u0117t\u012f ir atitinkamai reguliuokite va\u017eiavimo greit\u012f, kad u\u017etikrintum\u0117te efektyvi\u0105 s\u0117km\u0119 ir tiksl\u0173 pad\u0117ties nustatym\u0105 atliekant gilinimo darbus.<\/li>\n<\/ul>\n<ol start=\"3\">\n<li><strong>Gilinimo operacijos:<\/strong><\/li>\n<\/ol>\n<ul>\n<li>Prad\u0117kite gilinimo proces\u0105 \u012fjungdami \u017eemsiurb\u0119 su pjaustytuvu ir \u012fjungdami judan\u010dius cilindrus varymui.<\/li>\n<li>Valdykite \u017eemsiurb\u0119 per gilinimo zon\u0105, u\u017etikrindami tolyg\u0173 jud\u0117jim\u0105 ir tiksl\u0173 pad\u0117ties nustatym\u0105, kad kasimas ir med\u017eiag\u0173 i\u0161gavimas b\u016bt\u0173 efektyv\u016bs.<\/li>\n<li>Reguliuokite \u017eemsiurb\u0117s jud\u0117jimo parametrus, kad optimizuotum\u0117te gilinimo na\u0161um\u0105 ir prisitaikytum\u0117te prie kintan\u010di\u0173 s\u0105lyg\u0173.<\/li>\n<\/ul>\n<h2><strong>Kaip nuimti hidraulin\u012f cilindr\u0105 nuo priekinio krautuvo?<\/strong><\/h2>\n<p>Konkret\u016bs hidraulinio cilindro nu\u0117mimo nuo frontalinio krautuvo veiksmai gali skirtis priklausomai nuo krautuvo gamintojo ir modelio. Ta\u010diau galiu pateikti bendr\u0105 proced\u016br\u0105, kuri suteiks jums ger\u0105 atspirties ta\u0161k\u0105. \u0160tai nuoseklus vadovas:<\/p>\n<ol>\n<li><strong>Saugumas pirmiausia:<\/strong> \u012esitikinkite, kad krautuvas yra i\u0161jungtas, variklis veikia nepriekai\u0161tingai, o krautuvas tvirtai pastatytas ant stov\u0173 arba kalad\u0117li\u0173.<\/li>\n<li><strong>Hidraulinio cilindro suradimas:<\/strong> Nustatykite hidraulin\u012f cilindr\u0105, kur\u012f norite nuimti. Paprastai jis bus prijungtas prie krautuvo hidraulin\u0117s sistemos ir pastatytas taip, kad valdyt\u0173 konkre\u010dios funkcijos, pvz., kau\u0161o ar k\u0117limo svir\u010di\u0173, jud\u0117jim\u0105.<\/li>\n<li><strong>Hidraulinio sl\u0117gio suma\u017einimas:<\/strong> Kad i\u0161vengtum\u0117te netik\u0117to jud\u0117jimo ir u\u017etikrintum\u0117te savo saugum\u0105, i\u0161leiskite hidraulin\u012f sl\u0117g\u012f sistemoje. Paprastai tai rei\u0161kia, kad reikia surasti krautuvo hidraulin\u012f valdymo vo\u017etuv\u0105 ir naudoti valdiklius, kad b\u016bt\u0173 i\u0161leistas sl\u0117gis. Konkre\u010dias instrukcijas, kaip atlikti \u0161\u012f veiksm\u0105, rasite krautuvo vadove.<\/li>\n<li><strong>Atjunkite hidraulines \u017earnas:<\/strong> Atsargiai atjunkite prie cilindro prijungtas hidraulines \u017earnas. Priklausomai nuo konstrukcijos, tai gali reik\u0161ti hidraulini\u0173 jung\u010di\u0173 atlaisvinim\u0105 ir nu\u0117mim\u0105 arba specializuot\u0173 \u012franki\u0173, toki\u0173 kaip ver\u017eliarak\u010diai ar galvu\u010di\u0173 rinkiniai, naudojim\u0105.<\/li>\n<li><strong>Nuimkite tvirtinimo kai\u0161\u010dius:<\/strong> Ie\u0161kokite tvirtinimo kai\u0161\u010di\u0173 arba var\u017et\u0173, kurie tvirtina cilindr\u0105 prie krautuvo r\u0117mo ar kit\u0173 komponent\u0173. I\u0161imkite \u0161iuos kai\u0161\u010dius arba var\u017etus, kad atlaisvintum\u0117te cilindr\u0105.<\/li>\n<li><strong>Cilindro palaikymas:<\/strong> Hidrauliniai cilindrai gali b\u016bti sunk\u016bs, tod\u0117l svarbu tur\u0117ti plan\u0105, kaip paremti cilindr\u0105 j\u012f i\u0161imant. Tai galima padaryti naudojant k\u0117limo \u012ftais\u0105, pvz., keltuv\u0105 arba domkrat\u0105, kuris palaikyt\u0173 cilindro svor\u012f j\u012f i\u0161imant.<\/li>\n<li><strong>Cilindro nu\u0117mimas:<\/strong> I\u0161\u0117m\u0119 tvirtinimo kai\u0161\u010dius arba var\u017etus ir tinkamai pritvirtin\u0119 cilindr\u0105, atsargiai i\u0161stumkite arba pajudinkite cilindr\u0105 i\u0161 tvirtinimo laikikli\u0173 arba jung\u010di\u0173. B\u016bkite atsarg\u016bs d\u0117l cilindre arba \u017earnose likusio hidraulinio skys\u010dio.<\/li>\n<li><strong>Patikrinkite ir pakeiskite:<\/strong> Nu\u0117mus cilindr\u0105, patikrinkite, ar n\u0117ra koki\u0173 nors pa\u017eeidim\u0173 ar susid\u0117v\u0117jimo po\u017eymi\u0173. Prie\u0161 v\u0117l \u012fmontuodami cilindr\u0105, pakeiskite visus sandariklius, O formos \u017eiedus ar kitus komponentus.<\/li>\n<\/ol>\n<h2><strong>Gamyklos paj\u0117gumai ir talpa:<\/strong><\/h2>\n<h3>(1) Surinkimas<\/h3>\n<p>Turime pirmos klas\u0117s nepriklausom\u0105 tyrim\u0173 ir pl\u0117tros surinkimo platform\u0105. Hidraulini\u0173 cilindr\u0173 gamybos ceche yra keturios pusiau automatin\u0117s k\u0117limo cilindr\u0173 surinkimo linijos ir viena automatin\u0117 pakreipimo cilindr\u0173 surinkimo linija, kuri\u0173 projektinis metinis gamybos paj\u0117gumas yra 1 milijonas vienet\u0173. Speciali\u0173j\u0173 cilindr\u0173 ceche \u012frengta \u012fvairi\u0173 specifikacij\u0173 pusiau automatin\u0117 valymo surinkimo sistema, kurios projektinis metinis gamybos paj\u0117gumas yra 200 000 vienet\u0173, ir garsi CNC apdirbimo \u012franga, apdirbimo centras, didelio tikslumo cilindr\u0173 apdirbimo speciali \u012franga, robotinis suvirinimo aparatas, automatinis valymo aparatas, automatinis cilindr\u0173 surinkimo aparatas ir automatin\u0117 da\u017eymo gamybos linija. Esama daugiau nei 300 rinkini\u0173 (komplekt\u0173) kritin\u0117 \u012franga. Optimalus \u012frangos i\u0161tekli\u0173 paskirstymas ir efektyvus naudojimas u\u017etikrina gamini\u0173 tikslumo reikalavimus ir auk\u0161tus gamini\u0173 kokyb\u0117s poreikius.<\/p>\n<p><img loading=\"lazy\" decoding=\"async\" class=\"alignnone wp-image-626\" src=\"https:\/\/hydraulic-cylinders.net\/wp-content\/uploads\/2023\/08\/hydraulic-cylinder-product-1-300x158.webp\" alt=\"\" width=\"495\" height=\"260\" srcset=\"https:\/\/hydraulic-cylinders.net\/wp-content\/uploads\/2023\/08\/hydraulic-cylinder-product-1-300x158.webp 495w, https:\/\/hydraulic-cylinders.net\/wp-content\/uploads\/2023\/08\/hydraulic-cylinder-product-1-480x252.webp 480w\" sizes=\"(min-width: 0px) and (max-width: 480px) 480px, (min-width: 481px) 495px, 100vw\" \/> <img loading=\"lazy\" decoding=\"async\" class=\"alignnone wp-image-627\" src=\"https:\/\/hydraulic-cylinders.net\/wp-content\/uploads\/2023\/08\/hydraulic-cylinder-product-2-300x189.webp\" alt=\"\" width=\"413\" height=\"260\" \/><\/p>\n<h3>(2) Apdirbimas<\/h3>\n<p>Mechaninio apdirbimo ceche \u012frengtas pritaikytas nuo\u017eulnaus b\u0117gio tekinimo centras, apdirbimo centras, greitaeigis galandimo stakl\u0117s, suvirinimo robotas ir kita susijusi \u012franga, galinti apdirbti cilindrinius vamzd\u017eius, kuri\u0173 maksimalus vidinis skersmuo yra 400 mm, o maksimalus ilgis \u2013 6 metrai.<\/p>\n<p><img loading=\"lazy\" decoding=\"async\" class=\"alignnone wp-image-628 size-large\" src=\"https:\/\/hydraulic-cylinders.net\/wp-content\/uploads\/2023\/08\/hydraulic-cylinder-product-3-1024x391.webp\" alt=\"\" width=\"1024\" height=\"391\" srcset=\"https:\/\/hydraulic-cylinders.net\/wp-content\/uploads\/2023\/08\/hydraulic-cylinder-product-3-980x374.webp 980w, https:\/\/hydraulic-cylinders.net\/wp-content\/uploads\/2023\/08\/hydraulic-cylinder-product-3-480x183.webp 480w\" sizes=\"(min-width: 0px) and (max-width: 480px) 480px, (min-width: 481px) and (max-width: 980px) 980px, (min-width: 981px) 1024px, 100vw\" \/><\/p>\n<h3>(3) Suvirinimas<\/h3>\n<p><img loading=\"lazy\" decoding=\"async\" class=\"alignnone wp-image-629 size-large\" src=\"https:\/\/hydraulic-cylinders.net\/wp-content\/uploads\/2023\/08\/hydraulic-cylinder-product-4-1024x510.webp\" alt=\"\" width=\"1024\" height=\"510\" srcset=\"https:\/\/hydraulic-cylinders.net\/wp-content\/uploads\/2023\/08\/hydraulic-cylinder-product-4-980x488.webp 980w, https:\/\/hydraulic-cylinders.net\/wp-content\/uploads\/2023\/08\/hydraulic-cylinder-product-4-480x239.webp 480w\" sizes=\"(min-width: 0px) and (max-width: 480px) 480px, (min-width: 481px) and (max-width: 980px) 980px, (min-width: 981px) 1024px, 100vw\" \/><\/p>\n<h3>(4) Da\u017eymas ir dengimas<\/h3>\n<p>Su ma\u017eomis ir vidutinio dyd\u017eio cilindrin\u0117mis automatin\u0117mis vandens pagrindo da\u017e\u0173 dengimo linijomis, siekiant automatinio robot\u0173 pakrovimo ir i\u0161krovimo bei automatinio pur\u0161kimo, projektinis paj\u0117gumas yra 4000 vienet\u0173 per pamain\u0105;<br \/>\nTaip pat turime pusiau automatin\u0119 dideli\u0173 cilindr\u0173 da\u017e\u0173 gamybos linij\u0105, varom\u0105 grandin\u0117s, kurios projektinis na\u0161umas yra 60 d\u0117\u017ei\u0173 per pamain\u0105.<\/p>\n<p><img loading=\"lazy\" decoding=\"async\" class=\"alignnone wp-image-630\" src=\"https:\/\/hydraulic-cylinders.net\/wp-content\/uploads\/2023\/08\/hydraulic-cylinder-product-5-300x213.webp\" alt=\"\" width=\"366\" height=\"260\" \/> <img loading=\"lazy\" decoding=\"async\" class=\"alignnone wp-image-631\" src=\"https:\/\/hydraulic-cylinders.net\/wp-content\/uploads\/2023\/08\/hydraulic-cylinder-product-6-300x225.webp\" alt=\"\" width=\"347\" height=\"260\" \/><\/p>\n<h3>(5) Testavimas<\/h3>\n<p>Turime auk\u0161\u010diausios klas\u0117s patikros patalpas ir bandym\u0173 stendus, kad u\u017etikrintume, jog baliono veikimas atitinka reikalavimus.<\/p>\n<p><img loading=\"lazy\" decoding=\"async\" class=\"alignnone wp-image-632\" src=\"https:\/\/hydraulic-cylinders.net\/wp-content\/uploads\/2023\/08\/hydraulic-cylinder-product-8-300x200.webp\" alt=\"\" width=\"389\" height=\"260\" \/><\/p>\n<p>&nbsp;<\/p>\n<p>&nbsp;<\/p>\n<p>Esame vienas geriausi\u0173 hidraulini\u0173 cilindr\u0173 gamintoj\u0173. Galime pasi\u016blyti i\u0161samius hidraulinius cilindrus. Taip pat teikiame atitinkamus <a href=\"https:\/\/hzpt.com\/agricultural-pto-gearbox\/\" target=\"_blank\" rel=\"noopener\">\u017eem\u0117s \u016bkio pavar\u0173 d\u0117\u017e\u0117s<\/a>Mes eksportuojame savo gaminius klientams visame pasaulyje ir peln\u0117me ger\u0105 reputacij\u0105 d\u0117l auk\u0161\u010diausios gamini\u0173 kokyb\u0117s ir aptarnavimo po pardavimo. Mes laukiame klient\u0173 \u0161alyje ir u\u017esienyje, norin\u010di\u0173 susisiekti su mumis der\u0117tis d\u0117l verslo, keistis informacija ir... <a href=\"https:\/\/www.hydraulic-cylinders.net\/lt\/contact-us\/\">bendradarbiauti su mumis<\/a>!<\/p>","protected":false},"excerpt":{"rendered":"<p>Cutter Suction Dredger Traveling Cylinders The cutter suction dredger traveling cylinders are essential components of modern dredging operations. Designed to enhance efficiency and productivity, these cylinders play a vital role in the cutter-suction dredging process. The cutter suction dredger traveling cylinders are indispensable components for efficient and productive dredging operations. With their robust construction, precise [&hellip;]<\/p>","protected":false},"featured_media":1755,"comment_status":"open","ping_status":"closed","template":"","meta":{"_et_pb_use_builder":"","_et_pb_old_content":"","_et_gb_content_width":""},"product_brand":[],"product_cat":[1550,1535,1552,1376],"product_tag":[1380],"class_list":{"0":"post-1752","1":"product","2":"type-product","3":"status-publish","4":"has-post-thumbnail","6":"product_cat-double-acting-hydraulic-cylinder","7":"product_cat-dredger-hydraulic-cylinders","8":"product_cat-stainless-steel-hydraulic-cylinder","9":"product_cat-hydraulic-cylinder","10":"product_tag-hydraulic-cylinder","12":"first","13":"instock","14":"shipping-taxable","15":"product-type-simple"},"amp_enabled":true,"_links":{"self":[{"href":"https:\/\/www.hydraulic-cylinders.net\/lt\/wp-json\/wp\/v2\/product\/1752","targetHints":{"allow":["GET"]}}],"collection":[{"href":"https:\/\/www.hydraulic-cylinders.net\/lt\/wp-json\/wp\/v2\/product"}],"about":[{"href":"https:\/\/www.hydraulic-cylinders.net\/lt\/wp-json\/wp\/v2\/types\/product"}],"replies":[{"embeddable":true,"href":"https:\/\/www.hydraulic-cylinders.net\/lt\/wp-json\/wp\/v2\/comments?post=1752"}],"wp:featuredmedia":[{"embeddable":true,"href":"https:\/\/www.hydraulic-cylinders.net\/lt\/wp-json\/wp\/v2\/media\/1755"}],"wp:attachment":[{"href":"https:\/\/www.hydraulic-cylinders.net\/lt\/wp-json\/wp\/v2\/media?parent=1752"}],"wp:term":[{"taxonomy":"product_brand","embeddable":true,"href":"https:\/\/www.hydraulic-cylinders.net\/lt\/wp-json\/wp\/v2\/product_brand?post=1752"},{"taxonomy":"product_cat","embeddable":true,"href":"https:\/\/www.hydraulic-cylinders.net\/lt\/wp-json\/wp\/v2\/product_cat?post=1752"},{"taxonomy":"product_tag","embeddable":true,"href":"https:\/\/www.hydraulic-cylinders.net\/lt\/wp-json\/wp\/v2\/product_tag?post=1752"}],"curies":[{"name":"wp","href":"https:\/\/api.w.org\/{rel}","templated":true}]}}