{"id":17585,"date":"2025-03-18T05:51:01","date_gmt":"2025-03-18T05:51:01","guid":{"rendered":"https:\/\/www.hydraulic-cylinders.net\/?post_type=product&#038;p=17585"},"modified":"2025-04-11T03:15:29","modified_gmt":"2025-04-11T03:15:29","slug":"tilt-hydraulic-cylinders-for-large-forklift","status":"publish","type":"product","link":"https:\/\/www.hydraulic-cylinders.net\/lt\/produktas\/tilt-hydraulic-cylinders-for-large-forklift\/","title":{"rendered":"Didelio krautuvo pakreipimo hidrauliniai cilindrai"},"content":{"rendered":"<h1 style=\"text-align: center;\"><strong>Didelio krautuvo pakreipimo hidrauliniai cilindrai<\/strong><\/h1>\n<p>Pakreipiamieji hidrauliniai cilindrai yra esminiai dideli\u0173 krautuv\u0173 komponentai, skirti pagerinti j\u0173 eksploatacines galimybes. \u0160ie cilindrai leid\u017eia tiksliai pakreipti krautuvo \u0161akes, taip palengvinant saug\u0173 ir efektyv\u0173 med\u017eiag\u0173 pakrovim\u0105 ir i\u0161krovim\u0105. D\u0117l tvirtos konstrukcijos ir pa\u017eangi\u0173 technologij\u0173 pakreipiamieji hidrauliniai cilindrai \u017eymiai padidina na\u0161um\u0105 sand\u0117liuose ir statybviet\u0117se.<\/p>\n<p>Pakreipiamieji hidrauliniai cilindrai yra gyvybi\u0161kai svarb\u016bs norint pagerinti dideli\u0173 krautuv\u0173 funkcionalum\u0105. J\u0173 geb\u0117jimas atlikti tikslius judesius ne tik padidina efektyvum\u0105, bet ir u\u017etikrina saugum\u0105 tvarkant med\u017eiagas. Suprasdami j\u0173 savybes, naudojimo b\u016bdus ir prie\u017ei\u016bros reikalavimus, operatoriai gali maksimaliai i\u0161naudoti \u0161i\u0173 esmini\u0173 komponent\u0173 teikiam\u0105 naud\u0105. Investavimas \u012f auk\u0161tos kokyb\u0117s pakreipiamuosius hidraulinius cilindrus garantuoja geresn\u012f na\u0161um\u0105 ir patikimum\u0105 bet kokioje sunkioje aplinkoje.<\/p>\n<h1 style=\"text-align: center;\"><img loading=\"lazy\" decoding=\"async\" class=\"alignnone wp-image-17587\" src=\"https:\/\/www.hydraulic-cylinders.net\/wp-content\/uploads\/2025\/03\/Tilt-hydraulic-cylinders-for-large-forklift.webp\" alt=\"Didelio krautuvo pakreipimo hidrauliniai cilindrai\" width=\"500\" height=\"500\" srcset=\"https:\/\/www.hydraulic-cylinders.net\/wp-content\/uploads\/2025\/03\/Tilt-hydraulic-cylinders-for-large-forklift.webp 500w, https:\/\/www.hydraulic-cylinders.net\/wp-content\/uploads\/2025\/03\/Tilt-hydraulic-cylinders-for-large-forklift-480x480.webp 480w\" sizes=\"(min-width: 0px) and (max-width: 480px) 480px, (min-width: 481px) 500px, 100vw\" \/><\/h1>\n<p style=\"text-align: center;\"><strong>Didelio krautuvo pakreipimo hidrauliniai cilindrai<\/strong><\/p>\n<h2><strong>Didelio krautuvo pakreipimo hidrauliniai cilindrai <\/strong><strong>Technin\u0117s specifikacijos<\/strong><strong>:<\/strong><\/h2>\n<div class=\"Message_messageTextContainer__w64Sc\">\n<div>\n<div class=\"Markdown_markdownContainer__Tz3HQ\">\n<p><strong>Funkcija:<\/strong> \u012egyvendinkite \u0161akinio krautuvo portalo pakreipimo \u012f priek\u012f ir atgal veiksm\u0105<br \/>\n<strong>Cilindro skersmuo:<\/strong> 90\u2013220 mm<br \/>\n<strong>Strypo skersmuo:<\/strong> 45\u2013100 mm<br \/>\n<strong>Kelion\u0117s:<\/strong> 37\u2013363 mm<br \/>\n<strong>Maksimalus sl\u0117gis:<\/strong> 27 MPa<br \/>\n<strong>Maksimali trauka:<\/strong> 1026KN<\/p>\n<\/div>\n<\/div>\n<\/div>\n<h2><strong>Didel\u0117 \u0161akinio krautuvo hidraulini\u0173 cilindr\u0173 serija:\u00a0<\/strong><\/h2>\n<h2><img loading=\"lazy\" decoding=\"async\" class=\"alignnone size-full wp-image-17582\" src=\"https:\/\/www.hydraulic-cylinders.net\/wp-content\/uploads\/2025\/03\/large-forklift-hydraulic-cylinder-construction.webp\" alt=\"\" width=\"1100\" height=\"615\" srcset=\"https:\/\/www.hydraulic-cylinders.net\/wp-content\/uploads\/2025\/03\/large-forklift-hydraulic-cylinder-construction.webp 1100w, https:\/\/www.hydraulic-cylinders.net\/wp-content\/uploads\/2025\/03\/large-forklift-hydraulic-cylinder-construction-980x548.webp 980w, https:\/\/www.hydraulic-cylinders.net\/wp-content\/uploads\/2025\/03\/large-forklift-hydraulic-cylinder-construction-480x268.webp 480w\" sizes=\"(min-width: 0px) and (max-width: 480px) 480px, (min-width: 481px) and (max-width: 980px) 980px, (min-width: 981px) 1100px, 100vw\" \/><\/h2>\n<h2><strong>Pagrindin\u0117s dideli\u0173 krautuv\u0173 pakreipt\u0173 hidraulini\u0173 cilindr\u0173 savyb\u0117s<\/strong><strong>:<\/strong><\/h2>\n<ul>\n<li><strong>Didel\u0117 keliamoji galia:<\/strong> Pakreipiami hidrauliniai cilindrai yra suprojektuoti taip, kad atlaikyt\u0173 didelius svorius, tod\u0117l jie yra labai svarb\u016bs sunkiems darbams. J\u0173 tvirta konstrukcija u\u017etikrina saug\u0173 ir efektyv\u0173 veikim\u0105 net keliant sunkius krovinius, taip suma\u017einant nelaiming\u0173 atsitikim\u0173 rizik\u0105 ir padidinant na\u0161um\u0105 darbo vietoje.<\/li>\n<li><strong>Patvarios med\u017eiagos:<\/strong> \u0160ie cilindrai pagaminti i\u0161 didelio stiprumo plieno ir kit\u0173 patvari\u0173 med\u017eiag\u0173, kurios pasi\u017eymi i\u0161skirtiniu atsparumu dilimui. \u0160is patvarumas ne tik pailgina cilindro tarnavimo laik\u0105, bet ir suma\u017eina da\u017eno keitimo poreik\u012f, ilgainiui taupant laik\u0105 ir i\u0161laidas.<\/li>\n<li><strong>Kompakti\u0161kas dizainas:<\/strong> Aptakus pakreipiam\u0173 hidraulini\u0173 cilindr\u0173 dizainas leid\u017eia lengvai integruoti juos \u012f esamas \u0161akini\u0173 krautuv\u0173 sistemas. \u0160is kompakti\u0161kumas leid\u017eia optimizuoti erdv\u0117s panaudojim\u0105 neprarandant na\u0161umo, tod\u0117l operatoriams lengviau manevruoti ank\u0161tose erdv\u0117se.<\/li>\n<li><strong>Reguliuojamas pasvirimo kampas:<\/strong> Viena i\u0161 i\u0161skirtini\u0173 savybi\u0173 \u2013 operatori\u0173 galimyb\u0117 lengvai reguliuoti pakreipimo kamp\u0105. \u0160is lankstumas tinka \u012fvairioms reikm\u0117ms \u2013 nuo \u200b\u200bkrovimo \u012f kr\u016bv\u0105 iki skirting\u0173 med\u017eiag\u0173 transportavimo, u\u017etikrinant, kad krautuvas gal\u0117t\u0173 lengvai prisitaikyti prie konkre\u010di\u0173 u\u017eduo\u010di\u0173.<\/li>\n<li><strong>Sandar\u016bs komponentai:<\/strong> \u0160i\u0173 cilindr\u0173 sandari konstrukcija efektyviai apsaugo vidinius komponentus nuo purvo ir dr\u0117gm\u0117s. \u0160i savyb\u0117 ypa\u010d svarbi sud\u0117tingomis s\u0105lygomis, nes u\u017etikrina patikim\u0105 veikim\u0105 ir suma\u017eina gedim\u0173 rizik\u0105, o tai galiausiai suma\u017eina prie\u017ei\u016bros i\u0161laidas ir pailgina veikimo laik\u0105.<\/li>\n<\/ul>\n<h2><strong>Didelio krautuvo pakreipimo hidraulini\u0173 cilindr\u0173 naudojimo atvejai:<\/strong><\/h2>\n<p>Pakreipiami hidrauliniai cilindrai atlieka labai svarb\u0173 vaidmen\u012f \u012fvairiose pramon\u0117s \u0161akose, didindami med\u017eiag\u0173 tvarkymo u\u017eduo\u010di\u0173 efektyvum\u0105 ir saug\u0105. \u0160tai keletas pagrindini\u0173 pritaikym\u0173:<\/p>\n<h4>1. <strong>Sand\u0117liavimas ir paskirstymas<\/strong><\/h4>\n<p>Sand\u0117liuose pakreipiami hidrauliniai cilindrai leid\u017eia \u0161akiniams krautuvams lengvai reguliuoti \u0161aki\u0173 kamp\u0105. \u0160i galimyb\u0117 yra b\u016btina norint krauti pad\u0117klus, nes galima tiksliai sud\u0117ti ir paimti prekes. Tai pagerina erdv\u0117s panaudojim\u0105 ir supaprastina pakrovimo ir i\u0161krovimo procesus.<\/p>\n<h4>2. <strong>Statybviet\u0117s<\/strong><\/h4>\n<p>Statybviet\u0117se \u0161ie cilindrai palengvina sunki\u0173 med\u017eiag\u0173, toki\u0173 kaip betoniniai blokai ir plienin\u0117s sijos, perk\u0117lim\u0105. Galimyb\u0117 pakreipti \u0161akes padeda pritvirtinti krovinius transportavimo metu ir u\u017etikrina saug\u0173 pristatym\u0105 \u012f konkre\u010dias vietas, taip suma\u017einant nelaiming\u0173 atsitikim\u0173 rizik\u0105.<\/p>\n<h4>3. <strong>Gamyba<\/strong><\/h4>\n<p>Gamybos aplinkoje pakreipiami hidrauliniai cilindrai padeda surinkti ir transportuoti detales. Jie leid\u017eia darbuotojams tiksliai i\u0161d\u0117styti komponentus, o tai yra labai svarbu siekiant i\u0161laikyti kokyb\u0117s kontrol\u0119 ir efektyvum\u0105 gamybos proces\u0173 metu.<\/p>\n<h4>4. <strong>\u017dem\u0117s \u016bkis<\/strong><\/h4>\n<p>\u017dem\u0117s \u016bkio aplinkoje pakreipiami hidrauliniai cilindrai naudojami su \u0161akiniais krautuvais rulonams, d\u0117\u017e\u0117ms ir kitiems \u016bkio produktams tvarkyti. Reguliuojamas pakreipimo kampas padeda \u016bkininkams greitai ir saugiai pakrauti ir i\u0161krauti med\u017eiagas, optimizuojant j\u0173 darbo eig\u0105 piko metu.<\/p>\n<h4>5. <strong>Perdirbimas ir atliek\u0173 tvarkymas<\/strong><\/h4>\n<p>\u0160ie cilindrai yra labai svarb\u016bs perdirbimo \u012fmon\u0117se, kur jie padeda perkelti ir sukrauti perdirbamas med\u017eiagas. Galimyb\u0117 pakreipti cilindrus leid\u017eia geriau r\u016b\u0161iuoti ir suspausti atliekas, taip pagerinant veiklos efektyvum\u0105 ir erdv\u0117s valdym\u0105.<\/p>\n<p>Ie\u0161kote sunkiasvori\u0173 \u0161akini\u0173 krautuv\u0173 cilindr\u0173? Per\u017ei\u016br\u0117kite m\u016bs\u0173 <a href=\"https:\/\/www.hydraulic-cylinders.net\/lt\/forklift-hydraulic-cylinder\/\">Didel\u0117s apkrovos hidrauliniai cilindrai<\/a>.<\/p>\n<h2><strong>\u0160akinio krautuvo cilindr\u0173 gamybos sritis:<\/strong><\/h2>\n<h2><img loading=\"lazy\" decoding=\"async\" class=\"alignnone size-full wp-image-16972\" src=\"https:\/\/www.hydraulic-cylinders.net\/wp-content\/uploads\/2025\/01\/hydraulic-cylinder-factory-1-scaled.webp\" sizes=\"(min-width: 0px) and (max-width: 480px) 480px, (min-width: 481px) and (max-width: 980px) 980px, (min-width: 981px) and (max-width: 1280px) 1280px, (min-width: 1281px) 2016px, 100vw\" srcset=\"https:\/\/www.hydraulic-cylinders.net\/wp-content\/uploads\/2025\/01\/hydraulic-cylinder-factory-1-scaled.webp 2016w, https:\/\/www.hydraulic-cylinders.net\/wp-content\/uploads\/2025\/01\/hydraulic-cylinder-factory-1-1280x1625.webp 1280w, https:\/\/www.hydraulic-cylinders.net\/wp-content\/uploads\/2025\/01\/hydraulic-cylinder-factory-1-980x1244.webp 980w, https:\/\/www.hydraulic-cylinders.net\/wp-content\/uploads\/2025\/01\/hydraulic-cylinder-factory-1-480x610.webp 480w\" alt=\"\" width=\"2016\" height=\"2560\" \/><\/h2>\n<p>Turime auk\u0161\u010diausios klas\u0117s nepriklausom\u0105 surinkimo tyrim\u0173 ir pl\u0117tros platform\u0105. \u0160akini\u0173 krautuv\u0173 cilindr\u0173 gamybos ceche yra keturios pusiau automatin\u0117s k\u0117limo cilindr\u0173 surinkimo linijos ir pilnai automatin\u0117 pakreipiam\u0173 cilindr\u0173 surinkimo linija, kurios projektinis metinis gamybos paj\u0117gumas yra milijonas vienet\u0173. Specialiose cilindr\u0173 dirbtuv\u0117se yra \u012fvairi\u0173 specifikacij\u0173 pusiau automatin\u0117s valymo ir surinkimo sistemos, kuri\u0173 projektinis metinis gamybos paj\u0117gumas yra 200 000 vienet\u0173. Jose \u012frengta garsi\u0173 prek\u0117s \u017eenkl\u0173 CNC apdirbimo \u012franga, apdirbimo centrai, speciali \u012franga didelio tikslumo cilindr\u0173 apdirbimui, robotiniai suvirinimo aparatai, automatiniai valymo aparatai, automatiniai cilindr\u0173 surinkimo aparatai ir automatin\u0117s da\u017eymo gamybos linijos. Turime daugiau nei 300 pagrindini\u0173 \u012frengini\u0173 komplekt\u0173. Optimizuotas \u012frangos i\u0161tekli\u0173 paskirstymas ir efektyvus panaudojimas u\u017etikrina gamini\u0173 tikslumo reikalavimus ir auk\u0161tus gamini\u0173 kokyb\u0117s reikalavimus.<\/p>\n<p>Apdirbimo ceche \u012frengti pagal u\u017esakym\u0105 pagaminti pakreipiam\u0173j\u0173 kreipian\u010di\u0173j\u0173 b\u0117gi\u0173 tekinimo centrai, apdirbimo centrai, greitaeig\u0117s galandimo stakl\u0117s, suvirinimo robotai ir kita atitinkama \u012franga, galinti apdoroti cilindrinius vamzd\u017eius, kuri\u0173 maksimalus vidinis skersmuo yra 400 mm, o maksimalus ilgis \u2013 6 metrai.<\/p>\n<h2><img loading=\"lazy\" decoding=\"async\" class=\"alignnone size-full wp-image-16973\" src=\"https:\/\/www.hydraulic-cylinders.net\/wp-content\/uploads\/2025\/01\/hydraulic-cylinder-factory-2-scaled.webp\" sizes=\"(min-width: 0px) and (max-width: 480px) 480px, (min-width: 481px) and (max-width: 980px) 980px, (min-width: 981px) and (max-width: 1280px) 1280px, (min-width: 1281px) 2011px, 100vw\" srcset=\"https:\/\/www.hydraulic-cylinders.net\/wp-content\/uploads\/2025\/01\/hydraulic-cylinder-factory-2-scaled.webp 2011w, https:\/\/www.hydraulic-cylinders.net\/wp-content\/uploads\/2025\/01\/hydraulic-cylinder-factory-2-1280x1629.webp 1280w, https:\/\/www.hydraulic-cylinders.net\/wp-content\/uploads\/2025\/01\/hydraulic-cylinder-factory-2-980x1248.webp 980w, https:\/\/www.hydraulic-cylinders.net\/wp-content\/uploads\/2025\/01\/hydraulic-cylinder-factory-2-480x611.webp 480w\" alt=\"\" width=\"2011\" height=\"2560\" \/><\/h2>\n<p>Turime pilnai automatin\u0119 vandens pagrindo da\u017e\u0173 dengimo linij\u0105 ma\u017eiems ir vidutiniams cilindrams, kuri realizuoja automatinius pakrovimo ir i\u0161krovimo bei automatinius pur\u0161kimo robotus, kuri\u0173 projektinis gamybos paj\u0117gumas yra 4000 viet\u0173 per pamain\u0105. Turime kit\u0105 pusiau automatin\u0119 da\u017eymo linij\u0105 dideliems cilindrams, varom\u0105 j\u0117gos grandine, kurios projektinis na\u0161umas yra 60 d\u0117\u017ei\u0173 per pamain\u0105.<\/p>\n<p>Siekdami dar labiau pagerinti gamini\u0173 na\u0161um\u0105 ir \u012ftvirtinti savo hidraulini\u0173 cilindr\u0173 lyderio pozicijas pramon\u0117je, m\u016bs\u0173 \u012fmon\u0117 ir \u201ezjimee\u201c kartu \u012fk\u016br\u0117 i\u0161sami\u0105 hidraulini\u0173 cilindr\u0173, hidraulini\u0173 vo\u017etuv\u0173 ir hidraulini\u0173 siurbli\u0173 na\u0161umo laboratorij\u0105; laboratorijoje atliekami kompiuteriniai bandymai, naudojant elektrohidraulin\u0119 technologij\u0105, o bandymo s\u0105lygos i\u0161 anksto nustatomos kompiuteriu, o tai pagerina bandymo tikslum\u0105, sistemos universalum\u0105 ir eksperimentinius duomenis.<\/p>\n<p>Automatinis duomen\u0173 rinkimas vykdomas naudojant jutiklius, o i\u0161vesties duomenys, tokie kaip cilindro ar vo\u017etuvo vidinis nuot\u0117kis ir apkrovos efektyvumas, yra tiesiogiai apdorojami kompiuterio ir konvertuojami \u012f standartinius vienetus (ml\/min\u00b3TP\u00b3T). Tuo pa\u010diu metu, siekiant u\u017etikrinti hidraulin\u0117s sistemos darbo saug\u0105, atliekama pagrindini\u0173 veikimo parametr\u0173, toki\u0173 kaip \u201ealyvos temperat\u016bros steb\u0117jimas, skys\u010dio lygio steb\u0117jimas, filtro \u012frenginio steb\u0117jimas\u201c ir kt., b\u016bsenos steb\u0117jimo funkcija. Be kita ko, hidraulinio cilindro bandym\u0173 stendas gali patikrinti \u201eapkrovos\u201c na\u0161um\u0105.<br \/>\nefektyvumas \u201eir\u201c vidinis nuot\u0117kis\u201c pagal rodmenis. Tuo pa\u010diu metu jis apr\u016bpintas groteli\u0173 liniuot\u0117s matavimo prietaisu, kuris atitinka vis\u0173 hidraulini\u0173 cilindr\u0173 gamini\u0173 bandymo element\u0173 reikalavimus pagal nacionalin\u012f standart\u0105.<\/p>\n<p>&nbsp;<\/p>","protected":false},"excerpt":{"rendered":"<p>Tilt Hydraulic Cylinders For Large Forklift Tilt hydraulic cylinders are essential components in large forklifts, designed to enhance their operational capabilities. These cylinders allow for precise tilting of the forklift&#8217;s forks, facilitating safe and efficient loading and unloading of materials. With their robust construction and advanced technology, tilt hydraulic cylinders significantly improve productivity in warehouses [&hellip;]<\/p>","protected":false},"featured_media":17588,"comment_status":"open","ping_status":"closed","template":"","meta":{"_et_pb_use_builder":"","_et_pb_old_content":"","_et_gb_content_width":""},"product_brand":[],"product_cat":[1484,1550],"product_tag":[],"class_list":{"0":"post-17585","1":"product","2":"type-product","3":"status-publish","4":"has-post-thumbnail","6":"product_cat-forklift-hydraulic-cylinders","7":"product_cat-double-acting-hydraulic-cylinder","9":"first","10":"instock","11":"shipping-taxable","12":"product-type-simple"},"amp_enabled":true,"_links":{"self":[{"href":"https:\/\/www.hydraulic-cylinders.net\/lt\/wp-json\/wp\/v2\/product\/17585","targetHints":{"allow":["GET"]}}],"collection":[{"href":"https:\/\/www.hydraulic-cylinders.net\/lt\/wp-json\/wp\/v2\/product"}],"about":[{"href":"https:\/\/www.hydraulic-cylinders.net\/lt\/wp-json\/wp\/v2\/types\/product"}],"replies":[{"embeddable":true,"href":"https:\/\/www.hydraulic-cylinders.net\/lt\/wp-json\/wp\/v2\/comments?post=17585"}],"wp:featuredmedia":[{"embeddable":true,"href":"https:\/\/www.hydraulic-cylinders.net\/lt\/wp-json\/wp\/v2\/media\/17588"}],"wp:attachment":[{"href":"https:\/\/www.hydraulic-cylinders.net\/lt\/wp-json\/wp\/v2\/media?parent=17585"}],"wp:term":[{"taxonomy":"product_brand","embeddable":true,"href":"https:\/\/www.hydraulic-cylinders.net\/lt\/wp-json\/wp\/v2\/product_brand?post=17585"},{"taxonomy":"product_cat","embeddable":true,"href":"https:\/\/www.hydraulic-cylinders.net\/lt\/wp-json\/wp\/v2\/product_cat?post=17585"},{"taxonomy":"product_tag","embeddable":true,"href":"https:\/\/www.hydraulic-cylinders.net\/lt\/wp-json\/wp\/v2\/product_tag?post=17585"}],"curies":[{"name":"wp","href":"https:\/\/api.w.org\/{rel}","templated":true}]}}