{"id":17589,"date":"2025-03-18T06:09:41","date_gmt":"2025-03-18T06:09:41","guid":{"rendered":"https:\/\/www.hydraulic-cylinders.net\/?post_type=product&#038;p=17589"},"modified":"2025-04-11T01:44:55","modified_gmt":"2025-04-11T01:44:55","slug":"lift-hydraulic-cylinders-for-large-forklift","status":"publish","type":"product","link":"https:\/\/www.hydraulic-cylinders.net\/lt\/produktas\/lift-hydraulic-cylinders-for-large-forklift\/","title":{"rendered":"Didelio krautuvo hidrauliniai cilindrai"},"content":{"rendered":"<h1 style=\"text-align: center;\"><strong>Didelio krautuvo hidrauliniai cilindrai<\/strong><\/h1>\n<p>K\u0117limo hidrauliniai cilindrai yra labai svarb\u016bs dideli\u0173 krautuv\u0173 komponentai, leid\u017eiantys jiems atlikti esmines k\u0117limo ir nuleidimo funkcijas. \u0160ie cilindrai suteikia reikiam\u0105 gali\u0105 efektyviai valdyti sunkius krovinius, u\u017etikrinant skland\u0173 darb\u0105 \u012fvairiose pramonin\u0117se aplinkose. D\u0117l tvirtos konstrukcijos ir didelio na\u0161umo k\u0117limo hidrauliniai cilindrai padidina na\u0161um\u0105 ir saug\u0105 tvarkant med\u017eiagas.<\/p>\n<p>Investicijos \u012f auk\u0161tos kokyb\u0117s dideli\u0173 krautuv\u0173 k\u0117limo hidraulinius cilindrus \u017eymiai padidina veiklos efektyvum\u0105 ir saug\u0105. Suprasdami j\u0173 savybes, tinkam\u0105 naudojim\u0105 ir prie\u017ei\u016bros reikalavimus, operatoriai gali u\u017etikrinti, kad \u0161ie cilindrai u\u017etikrint\u0173 nuosekl\u0173 na\u0161um\u0105 ir ilgaam\u017ei\u0161kum\u0105. Tur\u0117dami tinkamus k\u0117limo hidraulinius cilindrus, \u012fmon\u0117s gali optimizuoti savo med\u017eiag\u0173 tvarkymo procesus, taip padidindamos na\u0161um\u0105 ir suma\u017eindamos prastovas.<\/p>\n<h1 style=\"text-align: center;\"><img loading=\"lazy\" decoding=\"async\" class=\"alignnone wp-image-17590\" src=\"https:\/\/www.hydraulic-cylinders.net\/wp-content\/uploads\/2025\/03\/Lift-hydraulic-cylinders-for-large-forklift.jpg\" alt=\"\" width=\"500\" height=\"500\" srcset=\"https:\/\/www.hydraulic-cylinders.net\/wp-content\/uploads\/2025\/03\/Lift-hydraulic-cylinders-for-large-forklift.jpg 500w, https:\/\/www.hydraulic-cylinders.net\/wp-content\/uploads\/2025\/03\/Lift-hydraulic-cylinders-for-large-forklift-480x480.jpg 480w\" sizes=\"(min-width: 0px) and (max-width: 480px) 480px, (min-width: 481px) 500px, 100vw\" \/><\/h1>\n<p style=\"text-align: center;\"><strong>Didelio krautuvo hidrauliniai cilindrai<\/strong><\/p>\n<h2><strong>Didel\u0117 \u0161akinio krautuvo hidraulini\u0173 cilindr\u0173 serija:\u00a0<\/strong><\/h2>\n<h2><img loading=\"lazy\" decoding=\"async\" class=\"alignnone size-full wp-image-17582\" src=\"https:\/\/www.hydraulic-cylinders.net\/wp-content\/uploads\/2025\/03\/large-forklift-hydraulic-cylinder-construction.webp\" alt=\"\" width=\"1100\" height=\"615\" srcset=\"https:\/\/www.hydraulic-cylinders.net\/wp-content\/uploads\/2025\/03\/large-forklift-hydraulic-cylinder-construction.webp 1100w, https:\/\/www.hydraulic-cylinders.net\/wp-content\/uploads\/2025\/03\/large-forklift-hydraulic-cylinder-construction-980x548.webp 980w, https:\/\/www.hydraulic-cylinders.net\/wp-content\/uploads\/2025\/03\/large-forklift-hydraulic-cylinder-construction-480x268.webp 480w\" sizes=\"(min-width: 0px) and (max-width: 480px) 480px, (min-width: 481px) and (max-width: 980px) 980px, (min-width: 981px) 1100px, 100vw\" \/><\/h2>\n<h2><strong>Didelio \u0161akinio krautuvo hidrauliniai cilindrai dideliam \u0161akiniam krautuvui <\/strong><strong>Technin\u0117s specifikacijos<\/strong><strong>:<\/strong><\/h2>\n<p><strong>Funkcija:<\/strong> Norint pasiekti portalo k\u0117limo ir nuleidimo veiksm\u0105<br \/>\n<strong>Cilindro skersmuo:<\/strong> 65\u2013190 mm<br \/>\n<strong>Strypo skersmuo:<\/strong> 50\u2013160 mm<br \/>\n<strong>Kelion\u0117s:<\/strong> 100\u20133490 mm<br \/>\n<strong>Maksimalus sl\u0117gis:<\/strong> 21MPa<br \/>\n<strong>Maksimali trauka:<\/strong> 596KN<\/p>\n<h2><strong>Pagrindin\u0117s dideli\u0173 krautuv\u0173 hidraulini\u0173 cilindr\u0173 savyb\u0117s<\/strong><strong>:<\/strong><\/h2>\n<ul>\n<li><strong>Didel\u0117 keliamoji galia<\/strong>\u0160ie k\u0117limo hidrauliniai cilindrai yra sukurti taip, kad atlaikyt\u0173 didelius svorius, tod\u0117l idealiai tinka sunkioms u\u017eduotims. Tvirta j\u0173 konstrukcija u\u017etikrina patikim\u0105 veikim\u0105 net ir esant didel\u0117ms apkrovoms, tod\u0117l krautuvai gali u\u017etikrintai tvarkyti didelius pad\u0117klus ir med\u017eiagas. \u0160i galimyb\u0117 \u017eymiai padidina darbo vietos efektyvum\u0105, suma\u017einant eksploatacini\u0173 gedim\u0173 rizik\u0105 atliekant sud\u0117tingas u\u017eduotis.<\/li>\n<li><strong>Patvari konstrukcija<\/strong>Pagaminti i\u0161 auk\u0161\u010diausios kokyb\u0117s med\u017eiag\u0173, \u0161ie hidrauliniai cilindrai yra sukurti taip, kad atlaikyt\u0173 at\u0161iaurias darbo s\u0105lygas. J\u0173 atsparumas dilimui, korozijai ir nuovargiui pailgina cilindro tarnavimo laik\u0105, suma\u017eindamas da\u017eno keitimo poreik\u012f. \u0160is patvarumas rei\u0161kia ma\u017eesnes prie\u017ei\u016bros i\u0161laidas ir ilgesn\u012f veikimo laik\u0105, tod\u0117l jie yra protinga investicija bet kokiai pramoninei veiklai.<\/li>\n<li><strong>Universal\u016bs dyd\u017eiai<\/strong>\u0160ie k\u0117limo hidrauliniai cilindrai, kuriuos galima \u012fsigyti \u012fvairaus skersmens ir eigos ilgio, gali b\u016bti pritaikyti prie konkre\u010di\u0173 skirting\u0173 \u0161akini\u0173 krautuv\u0173 modeli\u0173 ir pritaikym\u0173 poreiki\u0173. \u0160is universalumas u\u017etikrina, kad juos galima skland\u017eiai integruoti \u012f \u012fvairias sistemas, suteikiant lankstumo \u012fmon\u0117ms, kurios tvarko \u012fvairius krovinius ir med\u017eiagas.<\/li>\n<li><strong>Efektyvus na\u0161umas<\/strong>\u0160ie hidrauliniai cilindrai, sukurti optimaliam funkcionalumui, leid\u017eia greitai pakelti ir nuleisti. \u0160is efektyvumas suma\u017eina ciklo laik\u0105, leisdamas operatoriams atlikti u\u017eduotis grei\u010diau ir efektyviau. Patobulintas darbo eiga ne tik padidina na\u0161um\u0105, bet ir bendr\u0105 krautuvo eksploatavimo efektyvum\u0105, tod\u0117l jis yra gyvybi\u0161kai svarbus turtas med\u017eiag\u0173 tvarkymo srityje.<\/li>\n<li><strong>Auk\u0161to sl\u0117gio \u012fvertinimai<\/strong>\u0160ie cilindrai, galintys veikti esant padidintam sl\u0117giui, u\u017etikrina efektyvi\u0105 trauk\u0105 ir stabilum\u0105 k\u0117limo operacij\u0173 metu. D\u0117l didelio sl\u0117gio jie leid\u017eia saugiai tvarkyti sunkius krovinius nepakenkiant na\u0161umui. \u0160is patikimumas yra b\u016btinas norint i\u0161laikyti saugos standartus darbo vietoje, suteikiant operatoriams ramyb\u0119 dirbant su didel\u0117mis med\u017eiagomis.<\/li>\n<\/ul>\n<h2><strong>Dideli\u0173 krautuv\u0173 hidraulini\u0173 cilindr\u0173 naudojimo atvejai:<\/strong><\/h2>\n<h3><strong>1. Sand\u0117liavimas ir paskirstymas<\/strong><\/h3>\n<p>Sand\u0117liuose dideli \u0161akiniai krautuvai su k\u0117limo hidrauliniais cilindrais yra b\u016btini sunkiems pad\u0117klams sukrauti ir i\u0161kelti. \u0160ie cilindrai leid\u017eia greitai kelti ir nuleisti, tod\u0117l operatoriai gali efektyviai valdyti atsargas ir optimizuoti sand\u0117liavimo viet\u0105. Jie palengvina greitus pakrovimo ir i\u0161krovimo procesus, \u017eymiai pagerindami bendr\u0105 na\u0161um\u0105.<\/p>\n<h3><strong>2. Statybviet\u0117s<\/strong><\/h3>\n<p>Statybviet\u0117se k\u0117limo hidrauliniai cilindrai atlieka itin svarb\u0173 vaidmen\u012f perkeliant sunkias med\u017eiagas, tokias kaip plienin\u0117s sijos, betoniniai blokai ir \u012franga. D\u0117l didel\u0117s j\u0173 keliamosios galios krautuvai gali saugiai pakelti didelius svorius, u\u017etikrindami, kad med\u017eiagos b\u016bt\u0173 pristatytos \u012f reikiamas vietas nedelsiant. \u0160i galimyb\u0117 pagerina darbo eig\u0105 ir padeda laiku u\u017ebaigti projektus.<\/p>\n<h3><strong>3. Gamybos \u012frenginiai<\/strong><\/h3>\n<p>Gamybos aplinkoje dideli \u0161akiniai krautuvai su k\u0117limo hidrauliniais cilindrais padeda transportuoti \u017ealiavas ir gatavus produktus tarp skirting\u0173 \u012fmon\u0117s patalp\u0173. \u0160ie cilindrai leid\u017eia tiksliai pozicionuoti krovin\u012f, o tai yra gyvybi\u0161kai svarbu surinkimo linijoms ir kokyb\u0117s kontrol\u0117s procesams. J\u0173 efektyvus veikimas sutrumpina ciklo laik\u0105, padidindamas bendr\u0105 gamybos efektyvum\u0105.<\/p>\n<h3><strong>4. Perdirbimas ir atliek\u0173 tvarkymas<\/strong><\/h3>\n<p>K\u0117limo hidrauliniai cilindrai yra labai svarb\u016bs perdirbimo ir atliek\u0173 tvarkymo operacijose, kur dideli \u0161akiniai krautuvai naudojami sunkioms \u0161iuk\u0161liad\u0117\u017e\u0117ms ir konteineriams kelti. \u0160ie cilindrai leid\u017eia operatoriams saugiai kelti ir manevruoti dideli\u0173 gabarit\u0173 atliekas, supaprastinant perdirbam\u0173 med\u017eiag\u0173 r\u016b\u0161iavim\u0105 ir apdorojim\u0105. \u0160is efektyvumas prisideda prie labiau organizuotos ir efektyvios atliek\u0173 tvarkymo sistemos.<\/p>\n<h3><strong>5. \u017dem\u0117s \u016bkis<\/strong><\/h3>\n<p>\u017dem\u0117s \u016bkio aplinkoje dideli \u0161akiniai krautuvai su k\u0117limo hidrauliniais cilindrais naudojami sunkiems kroviniams, pavyzd\u017eiui, \u0161ieno, pa\u0161ar\u0173 ir \u012frangos rulonams, transportuoti. Galimyb\u0117 lengvai pakelti ir nuleisti \u0161iuos krovinius leid\u017eia \u016bkininkams efektyviau valdyti savo veikl\u0105, u\u017etikrinant savalaik\u012f pristatym\u0105 ir efektyv\u0173 i\u0161tekli\u0173 naudojim\u0105.<\/p>\n<p>Ie\u0161kote sunkiasvori\u0173 \u0161akini\u0173 krautuv\u0173 cilindr\u0173? Per\u017ei\u016br\u0117kite m\u016bs\u0173 <a href=\"https:\/\/www.hydraulic-cylinders.net\/lt\/forklift-hydraulic-cylinder\/\">Didel\u0117s apkrovos hidrauliniai cilindrai<\/a>.<\/p>\n<h2><strong>\u0160akinio krautuvo cilindr\u0173 gamybos sritis:<\/strong><\/h2>\n<h2><img loading=\"lazy\" decoding=\"async\" class=\"alignnone size-full wp-image-16972\" src=\"https:\/\/www.hydraulic-cylinders.net\/wp-content\/uploads\/2025\/01\/hydraulic-cylinder-factory-1-scaled.webp\" sizes=\"(min-width: 0px) and (max-width: 480px) 480px, (min-width: 481px) and (max-width: 980px) 980px, (min-width: 981px) and (max-width: 1280px) 1280px, (min-width: 1281px) 2016px, 100vw\" srcset=\"https:\/\/www.hydraulic-cylinders.net\/wp-content\/uploads\/2025\/01\/hydraulic-cylinder-factory-1-scaled.webp 2016w, https:\/\/www.hydraulic-cylinders.net\/wp-content\/uploads\/2025\/01\/hydraulic-cylinder-factory-1-1280x1625.webp 1280w, https:\/\/www.hydraulic-cylinders.net\/wp-content\/uploads\/2025\/01\/hydraulic-cylinder-factory-1-980x1244.webp 980w, https:\/\/www.hydraulic-cylinders.net\/wp-content\/uploads\/2025\/01\/hydraulic-cylinder-factory-1-480x610.webp 480w\" alt=\"\" width=\"2016\" height=\"2560\" \/><\/h2>\n<p>Turime auk\u0161\u010diausios klas\u0117s nepriklausom\u0105 surinkimo tyrim\u0173 ir pl\u0117tros platform\u0105. \u0160akini\u0173 krautuv\u0173 cilindr\u0173 gamybos ceche yra keturios pusiau automatin\u0117s k\u0117limo cilindr\u0173 surinkimo linijos ir pilnai automatin\u0117 pakreipiam\u0173 cilindr\u0173 surinkimo linija, kurios projektinis metinis gamybos paj\u0117gumas yra milijonas vienet\u0173. Specialiose cilindr\u0173 dirbtuv\u0117se yra \u012fvairi\u0173 specifikacij\u0173 pusiau automatin\u0117s valymo ir surinkimo sistemos, kuri\u0173 projektinis metinis gamybos paj\u0117gumas yra 200 000 vienet\u0173. Jose \u012frengta garsi\u0173 prek\u0117s \u017eenkl\u0173 CNC apdirbimo \u012franga, apdirbimo centrai, speciali \u012franga didelio tikslumo cilindr\u0173 apdirbimui, robotiniai suvirinimo aparatai, automatiniai valymo aparatai, automatiniai cilindr\u0173 surinkimo aparatai ir automatin\u0117s da\u017eymo gamybos linijos. Turime daugiau nei 300 pagrindini\u0173 \u012frengini\u0173 komplekt\u0173. Optimizuotas \u012frangos i\u0161tekli\u0173 paskirstymas ir efektyvus panaudojimas u\u017etikrina gamini\u0173 tikslumo reikalavimus ir auk\u0161tus gamini\u0173 kokyb\u0117s reikalavimus.<\/p>\n<p>Apdirbimo ceche \u012frengti pagal u\u017esakym\u0105 pagaminti pakreipiam\u0173j\u0173 kreipian\u010di\u0173j\u0173 b\u0117gi\u0173 tekinimo centrai, apdirbimo centrai, greitaeig\u0117s galandimo stakl\u0117s, suvirinimo robotai ir kita atitinkama \u012franga, galinti apdoroti cilindrinius vamzd\u017eius, kuri\u0173 maksimalus vidinis skersmuo yra 400 mm, o maksimalus ilgis \u2013 6 metrai.<\/p>\n<h2><img loading=\"lazy\" decoding=\"async\" class=\"alignnone size-full wp-image-16973\" src=\"https:\/\/www.hydraulic-cylinders.net\/wp-content\/uploads\/2025\/01\/hydraulic-cylinder-factory-2-scaled.webp\" sizes=\"(min-width: 0px) and (max-width: 480px) 480px, (min-width: 481px) and (max-width: 980px) 980px, (min-width: 981px) and (max-width: 1280px) 1280px, (min-width: 1281px) 2011px, 100vw\" srcset=\"https:\/\/www.hydraulic-cylinders.net\/wp-content\/uploads\/2025\/01\/hydraulic-cylinder-factory-2-scaled.webp 2011w, https:\/\/www.hydraulic-cylinders.net\/wp-content\/uploads\/2025\/01\/hydraulic-cylinder-factory-2-1280x1629.webp 1280w, https:\/\/www.hydraulic-cylinders.net\/wp-content\/uploads\/2025\/01\/hydraulic-cylinder-factory-2-980x1248.webp 980w, https:\/\/www.hydraulic-cylinders.net\/wp-content\/uploads\/2025\/01\/hydraulic-cylinder-factory-2-480x611.webp 480w\" alt=\"\" width=\"2011\" height=\"2560\" \/><\/h2>\n<p>Turime pilnai automatin\u0119 vandens pagrindo da\u017e\u0173 dengimo linij\u0105 ma\u017eiems ir vidutiniams cilindrams, kuri realizuoja automatinius pakrovimo ir i\u0161krovimo bei automatinius pur\u0161kimo robotus, kuri\u0173 projektinis gamybos paj\u0117gumas yra 4000 viet\u0173 per pamain\u0105. Turime kit\u0105 pusiau automatin\u0119 da\u017eymo linij\u0105 dideliems cilindrams, varom\u0105 j\u0117gos grandine, kurios projektinis na\u0161umas yra 60 d\u0117\u017ei\u0173 per pamain\u0105.<\/p>\n<p>Siekdami dar labiau pagerinti gamini\u0173 na\u0161um\u0105 ir \u012ftvirtinti savo hidraulini\u0173 cilindr\u0173 lyderio pozicijas pramon\u0117je, m\u016bs\u0173 \u012fmon\u0117 ir \u201ezjimee\u201c kartu \u012fk\u016br\u0117 i\u0161sami\u0105 hidraulini\u0173 cilindr\u0173, hidraulini\u0173 vo\u017etuv\u0173 ir hidraulini\u0173 siurbli\u0173 na\u0161umo laboratorij\u0105; laboratorijoje atliekami kompiuteriniai bandymai, naudojant elektrohidraulin\u0119 technologij\u0105, o bandymo s\u0105lygos i\u0161 anksto nustatomos kompiuteriu, o tai pagerina bandymo tikslum\u0105, sistemos universalum\u0105 ir eksperimentinius duomenis.<\/p>\n<p>Automatinis duomen\u0173 rinkimas vykdomas naudojant jutiklius, o i\u0161vesties duomenys, tokie kaip cilindro ar vo\u017etuvo vidinis nuot\u0117kis ir apkrovos efektyvumas, yra tiesiogiai apdorojami kompiuterio ir konvertuojami \u012f standartinius vienetus (ml\/min\u00b3TP\u00b3T). Tuo pa\u010diu metu, siekiant u\u017etikrinti hidraulin\u0117s sistemos darbo saug\u0105, atliekama pagrindini\u0173 veikimo parametr\u0173, toki\u0173 kaip \u201ealyvos temperat\u016bros steb\u0117jimas, skys\u010dio lygio steb\u0117jimas, filtro \u012frenginio steb\u0117jimas\u201c ir kt., b\u016bsenos steb\u0117jimo funkcija. Be kita ko, hidraulinio cilindro bandym\u0173 stendas gali patikrinti \u201eapkrovos\u201c na\u0161um\u0105.<br \/>\nefektyvumas \u201eir\u201c vidinis nuot\u0117kis\u201c pagal rodmenis. Tuo pa\u010diu metu jis apr\u016bpintas groteli\u0173 liniuot\u0117s matavimo prietaisu, kuris atitinka vis\u0173 hidraulini\u0173 cilindr\u0173 gamini\u0173 bandymo element\u0173 reikalavimus pagal nacionalin\u012f standart\u0105.<\/p>\n<p>&nbsp;<\/p>","protected":false},"excerpt":{"rendered":"<p>Lift Hydraulic Cylinders For Large Forklift Lift hydraulic cylinders are crucial components in large forklifts, enabling them to perform essential lifting and lowering functions. These cylinders provide the necessary power to handle heavy loads efficiently, ensuring smooth operations in various industrial settings. With robust design and high performance, lift hydraulic cylinders enhance productivity and safety [&hellip;]<\/p>","protected":false},"featured_media":17591,"comment_status":"open","ping_status":"closed","template":"","meta":{"_et_pb_use_builder":"","_et_pb_old_content":"","_et_gb_content_width":""},"product_brand":[],"product_cat":[1484,1549],"product_tag":[],"class_list":{"0":"post-17589","1":"product","2":"type-product","3":"status-publish","4":"has-post-thumbnail","6":"product_cat-forklift-hydraulic-cylinders","7":"product_cat-single-acting-hydraulic-cylinder","9":"first","10":"instock","11":"shipping-taxable","12":"product-type-simple"},"amp_enabled":true,"_links":{"self":[{"href":"https:\/\/www.hydraulic-cylinders.net\/lt\/wp-json\/wp\/v2\/product\/17589","targetHints":{"allow":["GET"]}}],"collection":[{"href":"https:\/\/www.hydraulic-cylinders.net\/lt\/wp-json\/wp\/v2\/product"}],"about":[{"href":"https:\/\/www.hydraulic-cylinders.net\/lt\/wp-json\/wp\/v2\/types\/product"}],"replies":[{"embeddable":true,"href":"https:\/\/www.hydraulic-cylinders.net\/lt\/wp-json\/wp\/v2\/comments?post=17589"}],"wp:featuredmedia":[{"embeddable":true,"href":"https:\/\/www.hydraulic-cylinders.net\/lt\/wp-json\/wp\/v2\/media\/17591"}],"wp:attachment":[{"href":"https:\/\/www.hydraulic-cylinders.net\/lt\/wp-json\/wp\/v2\/media?parent=17589"}],"wp:term":[{"taxonomy":"product_brand","embeddable":true,"href":"https:\/\/www.hydraulic-cylinders.net\/lt\/wp-json\/wp\/v2\/product_brand?post=17589"},{"taxonomy":"product_cat","embeddable":true,"href":"https:\/\/www.hydraulic-cylinders.net\/lt\/wp-json\/wp\/v2\/product_cat?post=17589"},{"taxonomy":"product_tag","embeddable":true,"href":"https:\/\/www.hydraulic-cylinders.net\/lt\/wp-json\/wp\/v2\/product_tag?post=17589"}],"curies":[{"name":"wp","href":"https:\/\/api.w.org\/{rel}","templated":true}]}}