{"id":17593,"date":"2025-03-18T06:19:55","date_gmt":"2025-03-18T06:19:55","guid":{"rendered":"https:\/\/www.hydraulic-cylinders.net\/?post_type=product&#038;p=17593"},"modified":"2025-04-11T03:15:26","modified_gmt":"2025-04-11T03:15:26","slug":"steering-hydraulic-cylinders-for-large-forklift","status":"publish","type":"product","link":"https:\/\/www.hydraulic-cylinders.net\/lt\/produktas\/steering-hydraulic-cylinders-for-large-forklift\/","title":{"rendered":"Didelio krautuvo vairo hidrauliniai cilindrai"},"content":{"rendered":"<h1 style=\"text-align: center;\"><strong>Didelio krautuvo vairo hidrauliniai cilindrai<\/strong><\/h1>\n<p>Vairo hidrauliniai cilindrai yra gyvybi\u0161kai svarb\u016bs dideli\u0173 krautuv\u0173 komponentai, u\u017etikrinantys reikiam\u0105 gali\u0105 ir tikslum\u0105 vairavimui. \u0160ie cilindrai u\u017etikrina skland\u0173 manevringum\u0105, kuris yra b\u016btinas naviguojant ank\u0161tose erdv\u0117se ir atliekant sud\u0117tingas u\u017eduotis. Paversdami hidraulin\u012f sl\u0117g\u012f mechanine j\u0117ga, vairo hidrauliniai cilindrai padidina bendr\u0105 krautuv\u0173 eksploatavimo efektyvum\u0105 ir saug\u0105.<\/p>\n<p>Vairo hidrauliniai cilindrai yra b\u016btini efektyviam dideli\u0173 krautuv\u0173 valdymui. D\u0117l tvirtos konstrukcijos, efektyvumo ir pritaikomumo jie yra svarbus komponentas \u012fvairiose pramon\u0117s srityse. Suprasdami j\u0173 savybes, tinkamus naudojimo b\u016bdus ir prie\u017ei\u016bros reikalavimus, operatoriai gali maksimaliai padidinti savo krautuv\u0173 na\u0161um\u0105 ir saug\u0105, galiausiai padidindami produktyvum\u0105 darbo vietoje. Investavimas \u012f auk\u0161tos kokyb\u0117s vairo hidraulinius cilindrus u\u017etikrina patikim\u0105 ir tiksl\u0173 vairavimo valdym\u0105, kuris yra labai svarbus va\u017eiuojant sud\u0117tingomis s\u0105lygomis.<\/p>\n<h1 style=\"text-align: center;\"><img loading=\"lazy\" decoding=\"async\" class=\"alignnone wp-image-17590\" src=\"https:\/\/www.hydraulic-cylinders.net\/wp-content\/uploads\/2025\/03\/Lift-hydraulic-cylinders-for-large-forklift.jpg\" alt=\"\" width=\"500\" height=\"500\" srcset=\"https:\/\/www.hydraulic-cylinders.net\/wp-content\/uploads\/2025\/03\/Lift-hydraulic-cylinders-for-large-forklift.jpg 500w, https:\/\/www.hydraulic-cylinders.net\/wp-content\/uploads\/2025\/03\/Lift-hydraulic-cylinders-for-large-forklift-480x480.jpg 480w\" sizes=\"(min-width: 0px) and (max-width: 480px) 480px, (min-width: 481px) 500px, 100vw\" \/><\/h1>\n<p style=\"text-align: center;\"><strong>Didelio krautuvo vairo hidrauliniai cilindrai<\/strong><\/p>\n<h2><strong>Didelio krautuvo vairo hidrauliniai cilindrai <\/strong><strong>Technin\u0117s specifikacijos<\/strong><strong>:<\/strong><\/h2>\n<p><strong>Funkcija:<\/strong> \u012ediegti \u0161akinio krautuvo vairuojamosios a\u0161ies veikim\u0105 ir \u012fgalinti \u0161akinio krautuvo padang\u0173 vairavim\u0105<br \/>\n<strong>Cilindro skersmuo:<\/strong> 80\u2013160 mm<br \/>\n<strong>Strypo skersmuo:<\/strong> 50\u2013110 mm<br \/>\n<strong>Kelion\u0117s:<\/strong> 71 mm \u00d7 2\u2013235 mm \u00d7 2<br \/>\n<strong>Maksimalus sl\u0117gis:<\/strong> 18 MPa<br \/>\n<strong>Maksimali trauka:<\/strong> 362KN<\/p>\n<h2><strong>Didel\u0117 \u0161akinio krautuvo hidraulini\u0173 cilindr\u0173 serija:\u00a0<\/strong><\/h2>\n<h2><img loading=\"lazy\" decoding=\"async\" class=\"alignnone size-full wp-image-17582\" src=\"https:\/\/www.hydraulic-cylinders.net\/wp-content\/uploads\/2025\/03\/large-forklift-hydraulic-cylinder-construction.webp\" alt=\"\" width=\"1100\" height=\"615\" srcset=\"https:\/\/www.hydraulic-cylinders.net\/wp-content\/uploads\/2025\/03\/large-forklift-hydraulic-cylinder-construction.webp 1100w, https:\/\/www.hydraulic-cylinders.net\/wp-content\/uploads\/2025\/03\/large-forklift-hydraulic-cylinder-construction-980x548.webp 980w, https:\/\/www.hydraulic-cylinders.net\/wp-content\/uploads\/2025\/03\/large-forklift-hydraulic-cylinder-construction-480x268.webp 480w\" sizes=\"(min-width: 0px) and (max-width: 480px) 480px, (min-width: 481px) and (max-width: 980px) 980px, (min-width: 981px) 1100px, 100vw\" \/><\/h2>\n<h2><strong>Pagrindin\u0117s dideli\u0173 krautuv\u0173 vairavimo hidraulini\u0173 cilindr\u0173 savyb\u0117s<\/strong><strong>:<\/strong><\/h2>\n<ul>\n<li><strong>Tvirta konstrukcija:<\/strong> Vairo mechanizmo hidrauliniai cilindrai pagaminti i\u0161 auk\u0161tos kokyb\u0117s plieno ir sustiprint\u0173 med\u017eiag\u0173, tod\u0117l jie gali atlaikyti sud\u0117tingas sunki\u0173 darb\u0173 s\u0105lygas. \u0160is patvarumas rei\u0161kia ilgalaik\u012f veikim\u0105, suma\u017eina da\u017eno keitimo poreik\u012f ir taupo prie\u017ei\u016bros i\u0161laidas.<\/li>\n<li><strong>Didelis efektyvumas:<\/strong> \u0160ie cilindrai sukurti greitiems ir reaguojantiems vairavimo veiksmams. \u0160i konstrukcija pagerina operatoriaus krautuvo valdym\u0105, palengvindama tikslius manevrus. Nesvarbu, ar va\u017eiuojama ank\u0161tose erdv\u0117se, ar atliekama staigi\u0173 pos\u016bki\u0173, operatoriai gali pasikliauti akimirksniu reaguojan\u010dia hidrauline sistema, taip pagerindami bendr\u0105 na\u0161um\u0105.<\/li>\n<li><strong>Kompakti\u0161kas dizainas:<\/strong> Kompakti\u0161kas vairo mechanizmo hidraulini\u0173 cilindr\u0173 dydis leid\u017eia juos lengvai montuoti \u012fvairiuose \u0161akini\u0173 krautuv\u0173 modeliuose. \u0160i savyb\u0117 maksimaliai padidina erdv\u0117s efektyvum\u0105 \u0161akinio krautuvo konstrukcijoje, leisdama gamintojams optimizuoti na\u0161um\u0105 neprarandant funkcionalumo. Operatoriai gauna naudos i\u0161 supaprastintos konfig\u016bracijos, kuri padidina manevringum\u0105 u\u017edaroje aplinkoje.<\/li>\n<li><strong>U\u017esandarinta apsaugai:<\/strong> \u0160i\u0173 cilindr\u0173 sandarios hidraulin\u0117s sistemos u\u017etikrina itin svarbi\u0105 apsaug\u0105 nuo purvo ir dr\u0117gm\u0117s. \u0160is sandarinimas padeda i\u0161laikyti hidraulinio skys\u010dio vientisum\u0105, u\u017etikrinant pastov\u0173 veikim\u0105 net sud\u0117tingomis s\u0105lygomis. Neleisdami ter\u0161alams patekti \u012f sistem\u0105, \u0161ie cilindrai suma\u017eina nusid\u0117v\u0117jim\u0105 ir taip pailgina savo eksploatavimo laik\u0105.<\/li>\n<li><strong>Universalus suderinamumas:<\/strong> Vairo mechanizmo hidrauliniai cilindrai yra suderinami su \u012fvairiais \u0161akini\u0173 krautuv\u0173 modeliais. D\u0117l \u0161io universalumo jie idealiai tinka parko prie\u017ei\u016brai ir atnaujinimui, nes leid\u017eia \u012fmon\u0117ms standartizuoti dali\u0173 naudojim\u0105 skirtingose \u200b\u200bma\u0161inose. Operatoriai gali lengvai pakeisti arba atnaujinti cilindrus, nesijaudindami d\u0117l suderinamumo problem\u0173, taip supaprastindami prie\u017ei\u016bros procesus.<\/li>\n<\/ul>\n<h2><strong>Didelio krautuvo hidraulini\u0173 cilindr\u0173 naudojimo atvejai:<\/strong><\/h2>\n<p>Vairo mechanizmo hidrauliniai cilindrai atlieka labai svarb\u0173 vaidmen\u012f gerinant dideli\u0173 \u0161akini\u0173 krautuv\u0173 funkcionalum\u0105 ir efektyvum\u0105 \u012fvairiose pramon\u0117s \u0161akose. \u0160tai keli pagrindiniai naudojimo atvejai:<\/p>\n<h4>1. <strong>Sand\u0117lio operacijos<\/strong><\/h4>\n<p>Sand\u0117liuose dideli \u0161akiniai krautuvai su vairavimo hidrauliniais cilindrais va\u017eiuoja siaurais pra\u0117jimais ir manevruoja sunkius pad\u0117klus. Tikslus vairavimas leid\u017eia operatoriams efektyviai sukrauti ir i\u0161traukti prekes, optimizuojant erdv\u0119 ir gerinant atsarg\u0173 valdym\u0105.<\/p>\n<h4>2. <strong>Statybviet\u0117s<\/strong><\/h4>\n<p>Statybviet\u0117se \u0161ie cilindrai u\u017etikrina reikiam\u0105 sunki\u0173 med\u017eiag\u0173, toki\u0173 kaip plienin\u0117s sijos ir betoniniai blokai, perk\u0117limo valdym\u0105. Operatoriai gali lengvai vairuoti krautuv\u0105 ank\u0161tose erdv\u0117se, u\u017etikrindami saug\u0173 ir tiksl\u0173 med\u017eiag\u0173 i\u0161d\u0117stym\u0105, o tai labai svarbu projekto terminams.<\/p>\n<h4>3. <strong>Gamybos \u012frenginiai<\/strong><\/h4>\n<p>Gamyboje vairavimo hidrauliniai cilindrai palengvina dali\u0173 ir komponent\u0173 transportavim\u0105 tarp skirting\u0173 gamybos etap\u0173. Greitas ir reaguojantis vairavimas leid\u017eia operatoriams efektyviai perkelti elementus, suma\u017einant prastovas ir pagerinant darbo eig\u0105 visoje \u012fmon\u0117je.<\/p>\n<h4>4. <strong>\u017dem\u0117s \u016bkio programos<\/strong><\/h4>\n<p>Dideli \u017eem\u0117s \u016bkyje naudojami \u0161akiniai krautuvai naudoja vairo hidraulinius cilindrus rulonams, d\u0117\u017e\u0117ms ir kitiems \u016bkio produktams tvarkyti. Padidintas manevringumas leid\u017eia \u016bkininkams greitai pakrauti ir i\u0161krauti med\u017eiagas, tod\u0117l piko metu operacijos tampa efektyvesn\u0117s.<\/p>\n<h4>5. <strong>Perdirbimas ir atliek\u0173 tvarkymas<\/strong><\/h4>\n<p>Perdirbimo \u012fmon\u0117se vairavimo hidrauliniai cilindrai padeda \u0161akiniams krautuvams transportuoti ir sukrauti perdirbamas med\u017eiagas. J\u0173 geb\u0117jimas jud\u0117ti netvarkingoje aplinkoje u\u017etikrina skland\u0173 operacij\u0173 vykdym\u0105, pagerina r\u016b\u0161iavimo procesus ir bendr\u0105 efektyvum\u0105.<\/p>\n<h3><span style=\"color: #666666; font-size: 14px;\">Ie\u0161kote sunkiasvori\u0173 \u0161akini\u0173 krautuv\u0173 cilindr\u0173? Per\u017ei\u016br\u0117kite m\u016bs\u0173 <\/span><a style=\"font-size: 14px;\" href=\"https:\/\/www.hydraulic-cylinders.net\/lt\/forklift-hydraulic-cylinder\/\">Didel\u0117s apkrovos hidrauliniai cilindrai<\/a><span style=\"color: #666666; font-size: 14px;\">.<\/span><\/h3>\n<h2><strong>\u0160akinio krautuvo cilindr\u0173 gamybos sritis:<\/strong><\/h2>\n<h2><img loading=\"lazy\" decoding=\"async\" class=\"alignnone size-full wp-image-16972\" src=\"https:\/\/www.hydraulic-cylinders.net\/wp-content\/uploads\/2025\/01\/hydraulic-cylinder-factory-1-scaled.webp\" sizes=\"(min-width: 0px) and (max-width: 480px) 480px, (min-width: 481px) and (max-width: 980px) 980px, (min-width: 981px) and (max-width: 1280px) 1280px, (min-width: 1281px) 2016px, 100vw\" srcset=\"https:\/\/www.hydraulic-cylinders.net\/wp-content\/uploads\/2025\/01\/hydraulic-cylinder-factory-1-scaled.webp 2016w, https:\/\/www.hydraulic-cylinders.net\/wp-content\/uploads\/2025\/01\/hydraulic-cylinder-factory-1-1280x1625.webp 1280w, https:\/\/www.hydraulic-cylinders.net\/wp-content\/uploads\/2025\/01\/hydraulic-cylinder-factory-1-980x1244.webp 980w, https:\/\/www.hydraulic-cylinders.net\/wp-content\/uploads\/2025\/01\/hydraulic-cylinder-factory-1-480x610.webp 480w\" alt=\"\" width=\"2016\" height=\"2560\" \/><\/h2>\n<p>Turime auk\u0161\u010diausios klas\u0117s nepriklausom\u0105 surinkimo tyrim\u0173 ir pl\u0117tros platform\u0105. \u0160akini\u0173 krautuv\u0173 cilindr\u0173 gamybos ceche yra keturios pusiau automatin\u0117s k\u0117limo cilindr\u0173 surinkimo linijos ir pilnai automatin\u0117 pakreipiam\u0173 cilindr\u0173 surinkimo linija, kurios projektinis metinis gamybos paj\u0117gumas yra milijonas vienet\u0173. Specialiose cilindr\u0173 dirbtuv\u0117se yra \u012fvairi\u0173 specifikacij\u0173 pusiau automatin\u0117s valymo ir surinkimo sistemos, kuri\u0173 projektinis metinis gamybos paj\u0117gumas yra 200 000 vienet\u0173. Jose \u012frengta garsi\u0173 prek\u0117s \u017eenkl\u0173 CNC apdirbimo \u012franga, apdirbimo centrai, speciali \u012franga didelio tikslumo cilindr\u0173 apdirbimui, robotiniai suvirinimo aparatai, automatiniai valymo aparatai, automatiniai cilindr\u0173 surinkimo aparatai ir automatin\u0117s da\u017eymo gamybos linijos. Turime daugiau nei 300 pagrindini\u0173 \u012frengini\u0173 komplekt\u0173. Optimizuotas \u012frangos i\u0161tekli\u0173 paskirstymas ir efektyvus panaudojimas u\u017etikrina gamini\u0173 tikslumo reikalavimus ir auk\u0161tus gamini\u0173 kokyb\u0117s reikalavimus.<\/p>\n<p>Apdirbimo ceche \u012frengti pagal u\u017esakym\u0105 pagaminti pakreipiam\u0173j\u0173 kreipian\u010di\u0173j\u0173 b\u0117gi\u0173 tekinimo centrai, apdirbimo centrai, greitaeig\u0117s galandimo stakl\u0117s, suvirinimo robotai ir kita atitinkama \u012franga, galinti apdoroti cilindrinius vamzd\u017eius, kuri\u0173 maksimalus vidinis skersmuo yra 400 mm, o maksimalus ilgis \u2013 6 metrai.<\/p>\n<h2><img loading=\"lazy\" decoding=\"async\" class=\"alignnone size-full wp-image-16973\" src=\"https:\/\/www.hydraulic-cylinders.net\/wp-content\/uploads\/2025\/01\/hydraulic-cylinder-factory-2-scaled.webp\" sizes=\"(min-width: 0px) and (max-width: 480px) 480px, (min-width: 481px) and (max-width: 980px) 980px, (min-width: 981px) and (max-width: 1280px) 1280px, (min-width: 1281px) 2011px, 100vw\" srcset=\"https:\/\/www.hydraulic-cylinders.net\/wp-content\/uploads\/2025\/01\/hydraulic-cylinder-factory-2-scaled.webp 2011w, https:\/\/www.hydraulic-cylinders.net\/wp-content\/uploads\/2025\/01\/hydraulic-cylinder-factory-2-1280x1629.webp 1280w, https:\/\/www.hydraulic-cylinders.net\/wp-content\/uploads\/2025\/01\/hydraulic-cylinder-factory-2-980x1248.webp 980w, https:\/\/www.hydraulic-cylinders.net\/wp-content\/uploads\/2025\/01\/hydraulic-cylinder-factory-2-480x611.webp 480w\" alt=\"\" width=\"2011\" height=\"2560\" \/><\/h2>\n<p>Turime pilnai automatin\u0119 vandens pagrindo da\u017e\u0173 dengimo linij\u0105 ma\u017eiems ir vidutiniams cilindrams, kuri realizuoja automatinius pakrovimo ir i\u0161krovimo bei automatinius pur\u0161kimo robotus, kuri\u0173 projektinis gamybos paj\u0117gumas yra 4000 viet\u0173 per pamain\u0105. Turime kit\u0105 pusiau automatin\u0119 da\u017eymo linij\u0105 dideliems cilindrams, varom\u0105 j\u0117gos grandine, kurios projektinis na\u0161umas yra 60 d\u0117\u017ei\u0173 per pamain\u0105.<\/p>\n<p>Siekdami dar labiau pagerinti gamini\u0173 na\u0161um\u0105 ir \u012ftvirtinti savo hidraulini\u0173 cilindr\u0173 lyderio pozicijas pramon\u0117je, m\u016bs\u0173 \u012fmon\u0117 ir \u201ezjimee\u201c kartu \u012fk\u016br\u0117 i\u0161sami\u0105 hidraulini\u0173 cilindr\u0173, hidraulini\u0173 vo\u017etuv\u0173 ir hidraulini\u0173 siurbli\u0173 na\u0161umo laboratorij\u0105; laboratorijoje atliekami kompiuteriniai bandymai, naudojant elektrohidraulin\u0119 technologij\u0105, o bandymo s\u0105lygos i\u0161 anksto nustatomos kompiuteriu, o tai pagerina bandymo tikslum\u0105, sistemos universalum\u0105 ir eksperimentinius duomenis.<\/p>\n<p>Automatinis duomen\u0173 rinkimas vykdomas naudojant jutiklius, o i\u0161vesties duomenys, tokie kaip cilindro ar vo\u017etuvo vidinis nuot\u0117kis ir apkrovos efektyvumas, yra tiesiogiai apdorojami kompiuterio ir konvertuojami \u012f standartinius vienetus (ml\/min\u00b3TP\u00b3T). Tuo pa\u010diu metu, siekiant u\u017etikrinti hidraulin\u0117s sistemos darbo saug\u0105, atliekama pagrindini\u0173 veikimo parametr\u0173, toki\u0173 kaip \u201ealyvos temperat\u016bros steb\u0117jimas, skys\u010dio lygio steb\u0117jimas, filtro \u012frenginio steb\u0117jimas\u201c ir kt., b\u016bsenos steb\u0117jimo funkcija. Be kita ko, hidraulinio cilindro bandym\u0173 stendas gali patikrinti \u201eapkrovos\u201c na\u0161um\u0105.<br \/>\nefektyvumas \u201eir\u201c vidinis nuot\u0117kis\u201c pagal rodmenis. Tuo pa\u010diu metu jis apr\u016bpintas groteli\u0173 liniuot\u0117s matavimo prietaisu, kuris atitinka vis\u0173 hidraulini\u0173 cilindr\u0173 gamini\u0173 bandymo element\u0173 reikalavimus pagal nacionalin\u012f standart\u0105.<\/p>\n<p>&nbsp;<\/p>","protected":false},"excerpt":{"rendered":"<p>Steering Hydraulic Cylinders For Large Forklift Steering hydraulic cylinders are vital components in large forklifts, providing the necessary power and precision for steering control. These cylinders enable smooth maneuverability, essential for navigating tight spaces and performing complex tasks. By converting hydraulic pressure into mechanical force, steering hydraulic cylinders enhance the overall efficiency and safety of [&hellip;]<\/p>","protected":false},"featured_media":17595,"comment_status":"open","ping_status":"closed","template":"","meta":{"_et_pb_use_builder":"","_et_pb_old_content":"","_et_gb_content_width":""},"product_brand":[],"product_cat":[1484,1550],"product_tag":[],"class_list":{"0":"post-17593","1":"product","2":"type-product","3":"status-publish","4":"has-post-thumbnail","6":"product_cat-forklift-hydraulic-cylinders","7":"product_cat-double-acting-hydraulic-cylinder","9":"first","10":"instock","11":"shipping-taxable","12":"product-type-simple"},"amp_enabled":true,"_links":{"self":[{"href":"https:\/\/www.hydraulic-cylinders.net\/lt\/wp-json\/wp\/v2\/product\/17593","targetHints":{"allow":["GET"]}}],"collection":[{"href":"https:\/\/www.hydraulic-cylinders.net\/lt\/wp-json\/wp\/v2\/product"}],"about":[{"href":"https:\/\/www.hydraulic-cylinders.net\/lt\/wp-json\/wp\/v2\/types\/product"}],"replies":[{"embeddable":true,"href":"https:\/\/www.hydraulic-cylinders.net\/lt\/wp-json\/wp\/v2\/comments?post=17593"}],"wp:featuredmedia":[{"embeddable":true,"href":"https:\/\/www.hydraulic-cylinders.net\/lt\/wp-json\/wp\/v2\/media\/17595"}],"wp:attachment":[{"href":"https:\/\/www.hydraulic-cylinders.net\/lt\/wp-json\/wp\/v2\/media?parent=17593"}],"wp:term":[{"taxonomy":"product_brand","embeddable":true,"href":"https:\/\/www.hydraulic-cylinders.net\/lt\/wp-json\/wp\/v2\/product_brand?post=17593"},{"taxonomy":"product_cat","embeddable":true,"href":"https:\/\/www.hydraulic-cylinders.net\/lt\/wp-json\/wp\/v2\/product_cat?post=17593"},{"taxonomy":"product_tag","embeddable":true,"href":"https:\/\/www.hydraulic-cylinders.net\/lt\/wp-json\/wp\/v2\/product_tag?post=17593"}],"curies":[{"name":"wp","href":"https:\/\/api.w.org\/{rel}","templated":true}]}}