{"id":17596,"date":"2025-03-18T06:28:26","date_gmt":"2025-03-18T06:28:26","guid":{"rendered":"https:\/\/www.hydraulic-cylinders.net\/?post_type=product&#038;p=17596"},"modified":"2025-04-11T01:44:52","modified_gmt":"2025-04-11T01:44:52","slug":"lifting-hydraulic-cylinders-storage-handling-vehicles","status":"publish","type":"product","link":"https:\/\/www.hydraulic-cylinders.net\/lt\/produktas\/lifting-hydraulic-cylinders-storage-handling-vehicles\/","title":{"rendered":"K\u0117limo hidrauliniai cilindrai sand\u0117liavimo ir tvarkymo transporto priemon\u0117ms"},"content":{"rendered":"<h1 style=\"text-align: center;\"><strong>K\u0117limo hidrauliniai cilindrai sand\u0117liavimo ir tvarkymo transporto priemon\u0117ms<\/strong><\/h1>\n<p>K\u0117limo hidrauliniai cilindrai yra esminiai sand\u0117liavimo ir tvarkymo transporto priemoni\u0173 komponentai, leid\u017eiantys efektyviai kelti ir nuleisti sunkius krovinius. \u0160ie cilindrai hidraulin\u012f sl\u0117g\u012f paver\u010dia mechanine j\u0117ga, suteikdami gali\u0105, reikaling\u0105 \u012fvairioms u\u017eduotims atlikti sand\u0117liuose, paskirstymo centruose ir gamybos \u012fmon\u0117se. D\u0117l savo patikimumo ir efektyvumo jie yra labai svarb\u016bs optimizuojant med\u017eiag\u0173 tvarkymo operacijas.<\/p>\n<p>K\u0117limo hidrauliniai cilindrai yra gyvybi\u0161kai svarb\u016bs efektyviam sand\u0117liavimo ir tvarkymo transporto priemoni\u0173 veikimui. D\u0117l tvirtos konstrukcijos, didel\u0117s keliamosios galios ir sklandaus veikimo jie yra nepakei\u010diami \u012fvairiose pramon\u0117s srityse. Suprasdami j\u0173 savybes, tinkamus naudojimo b\u016bdus ir prie\u017ei\u016bros reikalavimus, operatoriai gali maksimaliai padidinti savo k\u0117limo \u012frangos na\u0161um\u0105 ir saug\u0105, galiausiai padidindami na\u0161um\u0105 atliekant med\u017eiag\u0173 tvarkymo u\u017eduotis. Investicijos \u012f auk\u0161tos kokyb\u0117s k\u0117limo hidraulinius cilindrus u\u017etikrina patikim\u0105 ir efektyv\u0173 veikim\u0105, kuris yra labai svarbus bet kurio verslo s\u0117kmei.<\/p>\n<h1 style=\"text-align: center;\"><img loading=\"lazy\" decoding=\"async\" class=\"alignnone wp-image-17598\" src=\"https:\/\/www.hydraulic-cylinders.net\/wp-content\/uploads\/2025\/03\/Lifting-hydraulic-cylinders-for-Storage-and-handling-vehicle.jpg\" alt=\"\" width=\"500\" height=\"500\" srcset=\"https:\/\/www.hydraulic-cylinders.net\/wp-content\/uploads\/2025\/03\/Lifting-hydraulic-cylinders-for-Storage-and-handling-vehicle.jpg 500w, https:\/\/www.hydraulic-cylinders.net\/wp-content\/uploads\/2025\/03\/Lifting-hydraulic-cylinders-for-Storage-and-handling-vehicle-480x480.jpg 480w\" sizes=\"(min-width: 0px) and (max-width: 480px) 480px, (min-width: 481px) 500px, 100vw\" \/><\/h1>\n<p style=\"text-align: center;\"><strong>K\u0117limo hidrauliniai cilindrai sand\u0117liavimo ir tvarkymo transporto priemon\u0117ms<\/strong><\/p>\n<h2><strong>K\u0117limo hidrauliniai cilindrai sand\u0117liavimo ir tvarkymo transporto priemon\u0117ms <\/strong><strong>Technin\u0117s specifikacijos<\/strong><strong>:<\/strong><\/h2>\n<p><strong>Funkcija:<\/strong> Naudojamas \u0161ak\u0117s jud\u0117jimui \u012f kair\u0119 ir \u012f de\u0161in\u0119 pasiekti<br \/>\n<strong>Cilindro skersmuo:<\/strong> 70\u2013120 mm<br \/>\n<strong>Strypo skersmuo:<\/strong> 30\u201360 mm<br \/>\n<strong>Kelion\u0117s:<\/strong> 300\u20131025 mm<br \/>\n<strong>Maksimalus sl\u0117gis:<\/strong> 21MPa<br \/>\n<strong>Maksimali trauka:<\/strong> 238 kN<\/p>\n<h2><strong>Sand\u0117liavimo ir tvarkymo transporto priemoni\u0173 hidraulini\u0173 cilindr\u0173 serija:\u00a0<\/strong><\/h2>\n<h2><img loading=\"lazy\" decoding=\"async\" class=\"aligncenter wp-image-17600 size-full\" src=\"https:\/\/www.hydraulic-cylinders.net\/wp-content\/uploads\/2025\/03\/Storage-and-handling-vehicle-hydraulic-cylinders-construction.webp\" alt=\"\" width=\"640\" height=\"358\" srcset=\"https:\/\/www.hydraulic-cylinders.net\/wp-content\/uploads\/2025\/03\/Storage-and-handling-vehicle-hydraulic-cylinders-construction.webp 640w, https:\/\/www.hydraulic-cylinders.net\/wp-content\/uploads\/2025\/03\/Storage-and-handling-vehicle-hydraulic-cylinders-construction-480x269.webp 480w\" sizes=\"(min-width: 0px) and (max-width: 480px) 480px, (min-width: 481px) 640px, 100vw\" \/><\/h2>\n<h2><strong>Pagrindin\u0117s k\u0117limo hidraulini\u0173 cilindr\u0173, skirt\u0173 sand\u0117liavimo ir tvarkymo transporto priemon\u0117ms, savyb\u0117s<\/strong><strong>:<\/strong><\/h2>\n<ul>\n<li><strong>Didel\u0117 keliamoji galia:<\/strong> K\u0117limo hidrauliniai cilindrai yra sukurti taip, kad atlaikyt\u0173 didelius svorius, u\u017etikrindami saug\u0173 ir efektyv\u0173 veikim\u0105 net ir sud\u0117tingiausiomis s\u0105lygomis. \u0160i galimyb\u0117 yra b\u016btina norint efektyviai perkelti didelius pad\u0117klus, konteinerius ir sunki\u0105j\u0105 \u012frang\u0105, tod\u0117l jie yra nepakei\u010diami sand\u0117liuose ir paskirstymo centruose. U\u017etikrindami patikim\u0105 k\u0117limo gali\u0105, \u0161ie cilindrai padidina bendr\u0105 na\u0161um\u0105 ir saug\u0105 darbe.<\/li>\n<li><strong>Patvari konstrukcija:<\/strong> Pagaminti i\u0161 didelio stiprumo med\u017eiag\u0173, k\u0117limo hidrauliniai cilindrai yra sukurti taip, kad atlaikyt\u0173 intensyv\u0173 naudojim\u0105 ir b\u016bt\u0173 atspar\u016bs nusid\u0117v\u0117jimui. Tvirta j\u0173 konstrukcija ne tik pailgina j\u0173 tarnavimo laik\u0105, bet ir suma\u017eina da\u017eno keitimo poreik\u012f, tod\u0117l tai yra ekonomi\u0161kas sprendimas \u012fmon\u0117ms, kurios naudoja sunkius krovinius. Investicijos \u012f patvarius cilindrus rei\u0161kia ma\u017eiau prastov\u0173 ir ma\u017eesnes prie\u017ei\u016bros i\u0161laidas, o tai prisideda prie efektyvesnio darbo.<\/li>\n<li><strong>Sklandus veikimas:<\/strong> \u0160i\u0173 cilindr\u0173 hidraulin\u0117 sistema u\u017etikrina skland\u0173 ir pastov\u0173 k\u0117limo veikim\u0105, \u017eymiai suma\u017eindama kratymus ir vibracij\u0105 darbo metu. \u0160is sklandus veikimas padidina saugum\u0105, nes u\u017etikrina geresn\u012f krovinio stabilum\u0105, suma\u017eina nelaiming\u0173 atsitikim\u0173 ar preki\u0173 sugadinimo rizik\u0105. Operatoriai gali pasikliauti \u0161iais cilindrais, kad atlikt\u0173 u\u017eduotis tiksliai, u\u017etikrindami, kad kroviniai b\u016bt\u0173 tvarkomi \u0161velniai ir efektyviai.<\/li>\n<li><strong>Kompakti\u0161kas dizainas:<\/strong> K\u0117limo hidrauliniai cilindrai pasi\u017eymi kompakti\u0161ka konstrukcija, kuri leid\u017eia juos skland\u017eiai integruoti \u012f \u012fvairi\u0173 tip\u0173 sand\u0117liavimo ir tvarkymo transporto priemones. \u0160i viet\u0105 taupanti konstrukcija maksimaliai padidina transporto priemon\u0117s manevringum\u0105, leisdama jai lengvai \u012fveikti ank\u0161tas erdves. Operatoriai gali pasinaudoti supaprastinta konstrukcija, kuri padidina bendr\u0105 efektyvum\u0105 ir leid\u017eia grei\u010diau reaguoti greito tempo aplinkoje.<\/li>\n<li><strong>Universalios taikymo sritys:<\/strong> \u0160ie hidrauliniai cilindrai suderinami su \u012fvairiais transporto priemoni\u0173 tipais, \u012fskaitant \u0161akinius krautuvus, pad\u0117kl\u0173 keltuvus ir hidraulinius keltuvus. D\u0117l \u0161io universalumo jie tinka \u012fvairioms pramon\u0117s \u0161akoms \u2013 nuo \u200b\u200blogistikos ir gamybos iki statyb\u0173 ir \u017eem\u0117s \u016bkio. D\u0117l geb\u0117jimo prisitaikyti prie skirting\u0173 \u012frangos poreiki\u0173 \u012fmon\u0117s gali standartizuoti savo komponentus, supaprastindamos prie\u017ei\u016br\u0105 ir pagerindamos veiklos efektyvum\u0105.<\/li>\n<\/ul>\n<h2><strong>Naudojimo atvejai hidrauliniams cilindrams kelti sand\u0117liavimo ir tvarkymo transporto priemon\u0117se<\/strong><strong>:<\/strong><\/h2>\n<p>K\u0117limo hidrauliniai cilindrai yra neatsiejama sand\u0117liavimo ir krovimo transporto priemoni\u0173 efektyvaus veikimo dalis. D\u0117l j\u0173 geb\u0117jimo skland\u017eiai ir saugiai pakelti ir nuleisti sunkius krovinius jie yra b\u016btini \u012fvairiose pramon\u0117s srityse. \u0160tai keli pagrindiniai naudojimo atvejai:<\/p>\n<h4>1. <strong>Sand\u0117lio operacijos<\/strong><\/h4>\n<p>Sand\u0117liuose k\u0117limo hidrauliniai cilindrai yra labai svarb\u016bs pad\u0117kl\u0173 perk\u0117limui ir krovimui. Jie leid\u017eia \u0161akiniams krautuvams ir pad\u0117kl\u0173 keltuvams pakelti sunkius krovinius ant auk\u0161t\u0173 lentyn\u0173, optimizuojant vertikali\u0105 sand\u0117liavimo erdv\u0119 ir palengvinant prieig\u0105 prie atsarg\u0173.<\/p>\n<h4>2. <strong>Pakrovimas ir i\u0161krovimas<\/strong><\/h4>\n<p>Kraunant arba i\u0161kraunant sunkve\u017eimius, \u0161ie cilindrai suteikia reikiam\u0105 gali\u0105 efektyviai pakelti ir nuleisti krovin\u012f. \u0160i galimyb\u0117 sutrumpina \u0161ioms u\u017eduotims skirt\u0105 laik\u0105 ir suma\u017eina preki\u0173 sugadinimo rizik\u0105.<\/p>\n<h4>3. <strong>Gamybos \u012frenginiai<\/strong><\/h4>\n<p>Gamybos aplinkoje k\u0117limo hidrauliniai cilindrai padeda transportuoti komponentus tarp skirting\u0173 gamybos etap\u0173. Jie leid\u017eia tiksliai i\u0161d\u0117styti med\u017eiagas, pagerina darbo eig\u0105 ir na\u0161um\u0105 surinkimo linijose.<\/p>\n<h4>4. <strong>Statybviet\u0117s<\/strong><\/h4>\n<p>Statybviet\u0117se \u0161ie cilindrai yra b\u016btini sunkioms med\u017eiagoms, tokioms kaip sijos, betoniniai blokai ir \u012franga, kelti. Jie leid\u017eia tiksliai i\u0161d\u0117styti krovinius, pagerindami saugum\u0105 ir efektyvum\u0105 statybos darb\u0173 metu.<\/p>\n<h4>5. <strong>Automobili\u0173 pramon\u0117<\/strong><\/h4>\n<p>K\u0117limo hidrauliniai cilindrai naudojami automobili\u0173 surinkimo linijose transporto priemon\u0117ms ar komponentams kelti gamybos ir remonto metu. D\u0117l savo geb\u0117jimo u\u017etikrinti stabil\u0173 k\u0117lim\u0105 jie idealiai tinka u\u017eduotims, kurioms reikalingas tikslumas.<\/p>\n<p>Ie\u0161kote sunkiasvori\u0173 \u0161akini\u0173 krautuv\u0173 cilindr\u0173? Per\u017ei\u016br\u0117kite m\u016bs\u0173 <a href=\"https:\/\/www.hydraulic-cylinders.net\/lt\/forklift-hydraulic-cylinder\/\">Didel\u0117s apkrovos hidrauliniai cilindrai<\/a>.<\/p>\n<h2><strong>\u0160akinio krautuvo cilindr\u0173 gamybos sritis:<\/strong><\/h2>\n<h2><img loading=\"lazy\" decoding=\"async\" class=\"alignnone size-full wp-image-16972\" src=\"https:\/\/www.hydraulic-cylinders.net\/wp-content\/uploads\/2025\/01\/hydraulic-cylinder-factory-1-scaled.webp\" sizes=\"(min-width: 0px) and (max-width: 480px) 480px, (min-width: 481px) and (max-width: 980px) 980px, (min-width: 981px) and (max-width: 1280px) 1280px, (min-width: 1281px) 2016px, 100vw\" srcset=\"https:\/\/www.hydraulic-cylinders.net\/wp-content\/uploads\/2025\/01\/hydraulic-cylinder-factory-1-scaled.webp 2016w, https:\/\/www.hydraulic-cylinders.net\/wp-content\/uploads\/2025\/01\/hydraulic-cylinder-factory-1-1280x1625.webp 1280w, https:\/\/www.hydraulic-cylinders.net\/wp-content\/uploads\/2025\/01\/hydraulic-cylinder-factory-1-980x1244.webp 980w, https:\/\/www.hydraulic-cylinders.net\/wp-content\/uploads\/2025\/01\/hydraulic-cylinder-factory-1-480x610.webp 480w\" alt=\"\" width=\"2016\" height=\"2560\" \/><\/h2>\n<p>Turime auk\u0161\u010diausios klas\u0117s nepriklausom\u0105 surinkimo tyrim\u0173 ir pl\u0117tros platform\u0105. \u0160akini\u0173 krautuv\u0173 cilindr\u0173 gamybos ceche yra keturios pusiau automatin\u0117s k\u0117limo cilindr\u0173 surinkimo linijos ir pilnai automatin\u0117 pakreipiam\u0173 cilindr\u0173 surinkimo linija, kurios projektinis metinis gamybos paj\u0117gumas yra milijonas vienet\u0173. Specialiose cilindr\u0173 dirbtuv\u0117se yra \u012fvairi\u0173 specifikacij\u0173 pusiau automatin\u0117s valymo ir surinkimo sistemos, kuri\u0173 projektinis metinis gamybos paj\u0117gumas yra 200 000 vienet\u0173. Jose \u012frengta garsi\u0173 prek\u0117s \u017eenkl\u0173 CNC apdirbimo \u012franga, apdirbimo centrai, speciali \u012franga didelio tikslumo cilindr\u0173 apdirbimui, robotiniai suvirinimo aparatai, automatiniai valymo aparatai, automatiniai cilindr\u0173 surinkimo aparatai ir automatin\u0117s da\u017eymo gamybos linijos. Turime daugiau nei 300 pagrindini\u0173 \u012frengini\u0173 komplekt\u0173. Optimizuotas \u012frangos i\u0161tekli\u0173 paskirstymas ir efektyvus panaudojimas u\u017etikrina gamini\u0173 tikslumo reikalavimus ir auk\u0161tus gamini\u0173 kokyb\u0117s reikalavimus.<\/p>\n<p>Apdirbimo ceche \u012frengti pagal u\u017esakym\u0105 pagaminti pakreipiam\u0173j\u0173 kreipian\u010di\u0173j\u0173 b\u0117gi\u0173 tekinimo centrai, apdirbimo centrai, greitaeig\u0117s galandimo stakl\u0117s, suvirinimo robotai ir kita atitinkama \u012franga, galinti apdoroti cilindrinius vamzd\u017eius, kuri\u0173 maksimalus vidinis skersmuo yra 400 mm, o maksimalus ilgis \u2013 6 metrai.<\/p>\n<h2><img loading=\"lazy\" decoding=\"async\" class=\"alignnone size-full wp-image-16973\" src=\"https:\/\/www.hydraulic-cylinders.net\/wp-content\/uploads\/2025\/01\/hydraulic-cylinder-factory-2-scaled.webp\" sizes=\"(min-width: 0px) and (max-width: 480px) 480px, (min-width: 481px) and (max-width: 980px) 980px, (min-width: 981px) and (max-width: 1280px) 1280px, (min-width: 1281px) 2011px, 100vw\" srcset=\"https:\/\/www.hydraulic-cylinders.net\/wp-content\/uploads\/2025\/01\/hydraulic-cylinder-factory-2-scaled.webp 2011w, https:\/\/www.hydraulic-cylinders.net\/wp-content\/uploads\/2025\/01\/hydraulic-cylinder-factory-2-1280x1629.webp 1280w, https:\/\/www.hydraulic-cylinders.net\/wp-content\/uploads\/2025\/01\/hydraulic-cylinder-factory-2-980x1248.webp 980w, https:\/\/www.hydraulic-cylinders.net\/wp-content\/uploads\/2025\/01\/hydraulic-cylinder-factory-2-480x611.webp 480w\" alt=\"\" width=\"2011\" height=\"2560\" \/><\/h2>\n<p>Turime pilnai automatin\u0119 vandens pagrindo da\u017e\u0173 dengimo linij\u0105 ma\u017eiems ir vidutiniams cilindrams, kuri realizuoja automatinius pakrovimo ir i\u0161krovimo bei automatinius pur\u0161kimo robotus, kuri\u0173 projektinis gamybos paj\u0117gumas yra 4000 viet\u0173 per pamain\u0105. Turime kit\u0105 pusiau automatin\u0119 da\u017eymo linij\u0105 dideliems cilindrams, varom\u0105 j\u0117gos grandine, kurios projektinis na\u0161umas yra 60 d\u0117\u017ei\u0173 per pamain\u0105.<\/p>\n<p>Siekdami dar labiau pagerinti gamini\u0173 na\u0161um\u0105 ir \u012ftvirtinti savo hidraulini\u0173 cilindr\u0173 lyderio pozicijas pramon\u0117je, m\u016bs\u0173 \u012fmon\u0117 ir \u201ezjimee\u201c kartu \u012fk\u016br\u0117 i\u0161sami\u0105 hidraulini\u0173 cilindr\u0173, hidraulini\u0173 vo\u017etuv\u0173 ir hidraulini\u0173 siurbli\u0173 na\u0161umo laboratorij\u0105; laboratorijoje atliekami kompiuteriniai bandymai, naudojant elektrohidraulin\u0119 technologij\u0105, o bandymo s\u0105lygos i\u0161 anksto nustatomos kompiuteriu, o tai pagerina bandymo tikslum\u0105, sistemos universalum\u0105 ir eksperimentinius duomenis.<\/p>\n<p>Automatinis duomen\u0173 rinkimas vykdomas naudojant jutiklius, o i\u0161vesties duomenys, tokie kaip cilindro ar vo\u017etuvo vidinis nuot\u0117kis ir apkrovos efektyvumas, yra tiesiogiai apdorojami kompiuterio ir konvertuojami \u012f standartinius vienetus (ml\/min\u00b3TP\u00b3T). Tuo pa\u010diu metu, siekiant u\u017etikrinti hidraulin\u0117s sistemos darbo saug\u0105, atliekama pagrindini\u0173 veikimo parametr\u0173, toki\u0173 kaip \u201ealyvos temperat\u016bros steb\u0117jimas, skys\u010dio lygio steb\u0117jimas, filtro \u012frenginio steb\u0117jimas\u201c ir kt., b\u016bsenos steb\u0117jimo funkcija. Be kita ko, hidraulinio cilindro bandym\u0173 stendas gali patikrinti \u201eapkrovos\u201c na\u0161um\u0105.<br \/>\nefektyvumas \u201eir\u201c vidinis nuot\u0117kis\u201c pagal rodmenis. Tuo pa\u010diu metu jis apr\u016bpintas groteli\u0173 liniuot\u0117s matavimo prietaisu, kuris atitinka vis\u0173 hidraulini\u0173 cilindr\u0173 gamini\u0173 bandymo element\u0173 reikalavimus pagal nacionalin\u012f standart\u0105.<\/p>\n<p>&nbsp;<\/p>","protected":false},"excerpt":{"rendered":"<p>Lifting Hydraulic Cylinders for Storage and Handling Vehicles Lifting hydraulic cylinders are essential components in storage and handling vehicles, enabling efficient lifting and lowering of heavy loads. These cylinders convert hydraulic pressure into mechanical force, providing the power necessary to perform a variety of tasks in warehouses, distribution centers, and manufacturing facilities. Their reliability and [&hellip;]<\/p>","protected":false},"featured_media":17599,"comment_status":"open","ping_status":"closed","template":"","meta":{"_et_pb_use_builder":"","_et_pb_old_content":"","_et_gb_content_width":""},"product_brand":[],"product_cat":[1484,1549],"product_tag":[],"class_list":{"0":"post-17596","1":"product","2":"type-product","3":"status-publish","4":"has-post-thumbnail","6":"product_cat-forklift-hydraulic-cylinders","7":"product_cat-single-acting-hydraulic-cylinder","9":"first","10":"instock","11":"shipping-taxable","12":"product-type-simple"},"amp_enabled":true,"_links":{"self":[{"href":"https:\/\/www.hydraulic-cylinders.net\/lt\/wp-json\/wp\/v2\/product\/17596","targetHints":{"allow":["GET"]}}],"collection":[{"href":"https:\/\/www.hydraulic-cylinders.net\/lt\/wp-json\/wp\/v2\/product"}],"about":[{"href":"https:\/\/www.hydraulic-cylinders.net\/lt\/wp-json\/wp\/v2\/types\/product"}],"replies":[{"embeddable":true,"href":"https:\/\/www.hydraulic-cylinders.net\/lt\/wp-json\/wp\/v2\/comments?post=17596"}],"wp:featuredmedia":[{"embeddable":true,"href":"https:\/\/www.hydraulic-cylinders.net\/lt\/wp-json\/wp\/v2\/media\/17599"}],"wp:attachment":[{"href":"https:\/\/www.hydraulic-cylinders.net\/lt\/wp-json\/wp\/v2\/media?parent=17596"}],"wp:term":[{"taxonomy":"product_brand","embeddable":true,"href":"https:\/\/www.hydraulic-cylinders.net\/lt\/wp-json\/wp\/v2\/product_brand?post=17596"},{"taxonomy":"product_cat","embeddable":true,"href":"https:\/\/www.hydraulic-cylinders.net\/lt\/wp-json\/wp\/v2\/product_cat?post=17596"},{"taxonomy":"product_tag","embeddable":true,"href":"https:\/\/www.hydraulic-cylinders.net\/lt\/wp-json\/wp\/v2\/product_tag?post=17596"}],"curies":[{"name":"wp","href":"https:\/\/api.w.org\/{rel}","templated":true}]}}