{"id":17601,"date":"2025-03-18T06:41:02","date_gmt":"2025-03-18T06:41:02","guid":{"rendered":"https:\/\/www.hydraulic-cylinders.net\/?post_type=product&#038;p=17601"},"modified":"2025-04-11T01:44:49","modified_gmt":"2025-04-11T01:44:49","slug":"lifting-hydraulic-cylinders-of-pallet-stacker-truck","status":"publish","type":"product","link":"https:\/\/www.hydraulic-cylinders.net\/lt\/produktas\/lifting-hydraulic-cylinders-of-pallet-stacker-truck\/","title":{"rendered":"Pad\u0117kl\u0173 krautuvo k\u0117limo hidrauliniai cilindrai"},"content":{"rendered":"<h1 style=\"text-align: center;\"><strong>Pad\u0117kl\u0173 krautuvo k\u0117limo hidrauliniai cilindrai<\/strong><\/h1>\n<p>K\u0117limo hidrauliniai cilindrai yra esminiai pad\u0117kl\u0173 krautuv\u0173 komponentai, leid\u017eiantys efektyviai kelti ir nuleisti sunkius krovinius. \u0160ie cilindrai hidraulin\u012f sl\u0117g\u012f paver\u010dia mechanine j\u0117ga, suteikdami gali\u0105, reikaling\u0105 lengvai tvarkyti pad\u0117klus ir kitas med\u017eiagas. D\u0117l savo patikimumo ir tvirtos konstrukcijos jie yra labai svarb\u016bs optimizuojant sand\u0117lio veikl\u0105 ir didinant produktyvum\u0105.<\/p>\n<p>K\u0117limo hidrauliniai cilindrai yra gyvybi\u0161kai svarb\u016bs efektyviam pad\u0117kl\u0173 krautuv\u0173 veikimui. D\u0117l didel\u0117s keliamosios galios, patvarios konstrukcijos ir sklandaus veikimo jie yra nepakei\u010diami \u012fvairiose pramon\u0117s srityse. Suprasdami j\u0173 savybes, tinkamus naudojimo b\u016bdus ir prie\u017ei\u016bros reikalavimus, operatoriai gali maksimaliai padidinti savo \u012frangos na\u0161um\u0105 ir saug\u0105, galiausiai padidindami med\u017eiag\u0173 tvarkymo u\u017eduo\u010di\u0173 na\u0161um\u0105. Investicijos \u012f auk\u0161tos kokyb\u0117s k\u0117limo hidraulinius cilindrus u\u017etikrina patikim\u0105 ir efektyv\u0173 veikim\u0105, kuris yra labai svarbus bet kurio verslo s\u0117kmei.<\/p>\n<h1 style=\"text-align: center;\"><img loading=\"lazy\" decoding=\"async\" class=\"alignnone wp-image-17603\" src=\"https:\/\/www.hydraulic-cylinders.net\/wp-content\/uploads\/2025\/03\/Lifting-hydraulic-cylinders-of-pallet-stacker-truck-scaled.webp\" alt=\"\" width=\"500\" height=\"500\" \/><\/h1>\n<p style=\"text-align: center;\"><strong>Pad\u0117kl\u0173 krautuvo k\u0117limo hidrauliniai cilindrai<\/strong><\/p>\n<h2><strong>Pad\u0117kl\u0173 krautuvo k\u0117limo hidrauliniai cilindrai\u00a0<\/strong><strong>Technin\u0117s specifikacijos<\/strong><strong>:<\/strong><\/h2>\n<p><strong>Funkcija:<\/strong> Norint pasiekti portalo k\u0117limo ir nuleidimo veiksm\u0105<br \/>\n<strong>Cilindro skersmuo:<\/strong> 45 mm\u201356 mm<br \/>\n<strong>Strypo skersmuo:<\/strong> 35 mm \u2013 40 mm<br \/>\n<strong>Kelion\u0117s:<\/strong> 500 mm\u20131950 mm<br \/>\n<strong>Maksimalus sl\u0117gis:<\/strong> 20MPa<br \/>\n<strong>Maksimali trauka:<\/strong> 493KN<\/p>\n<h2><strong>Pad\u0117kl\u0173 krautuvo hidraulini\u0173 cilindr\u0173 serija:\u00a0<\/strong><\/h2>\n<h2><img loading=\"lazy\" decoding=\"async\" class=\"alignnone size-full wp-image-17605\" src=\"https:\/\/www.hydraulic-cylinders.net\/wp-content\/uploads\/2025\/03\/Hydraulic-cylinders-of-pallet-stacker-truck-construction.webp\" alt=\"Pad\u0117kl\u0173 krautuv\u0173 konstrukcijos hidrauliniai cilindrai\" width=\"1100\" height=\"615\" srcset=\"https:\/\/www.hydraulic-cylinders.net\/wp-content\/uploads\/2025\/03\/Hydraulic-cylinders-of-pallet-stacker-truck-construction.webp 1100w, https:\/\/www.hydraulic-cylinders.net\/wp-content\/uploads\/2025\/03\/Hydraulic-cylinders-of-pallet-stacker-truck-construction-980x548.webp 980w, https:\/\/www.hydraulic-cylinders.net\/wp-content\/uploads\/2025\/03\/Hydraulic-cylinders-of-pallet-stacker-truck-construction-480x268.webp 480w\" sizes=\"(min-width: 0px) and (max-width: 480px) 480px, (min-width: 481px) and (max-width: 980px) 980px, (min-width: 981px) 1100px, 100vw\" \/><\/h2>\n<h2><strong>Pagrindin\u0117s pad\u0117kl\u0173 krautuvo k\u0117limo hidraulini\u0173 cilindr\u0173 savyb\u0117s<\/strong><strong>:<\/strong><\/h2>\n<ul>\n<li><strong>Didel\u0117 keliamoji galia:<\/strong> Sukurti dideliems svoriams atlaikyti, k\u0117limo hidrauliniai cilindrai u\u017etikrina saug\u0173 ir efektyv\u0173 veikim\u0105 net ir esant didel\u0117ms apkrovoms. \u0160i savyb\u0117 yra labai svarbi siekiant i\u0161vengti nelaiming\u0173 atsitikim\u0173 darbo vietoje ir pagerinti med\u017eiag\u0173 tvarkymo efektyvum\u0105.<\/li>\n<li><strong>Patvari konstrukcija:<\/strong> \u0160ie cilindrai, pagaminti i\u0161 didelio stiprumo med\u017eiag\u0173, yra atspar\u016bs nusid\u0117v\u0117jimui ir ply\u0161imams, u\u017etikrindami ilgalaik\u012f veikim\u0105. D\u0117l tvirtos konstrukcijos jie suma\u017eina gedimo rizik\u0105, tod\u0117l yra ekonomi\u0161kas sprendimas \u012fmon\u0117ms, kurios naudoja sunkius krovinius.<\/li>\n<li><strong>Sklandus veikimas:<\/strong> Hidraulin\u0117 sistema u\u017etikrina skland\u0173 ir pastov\u0173 k\u0117limo veikim\u0105, suma\u017eindama kratymus ir vibracij\u0105. \u0160i savyb\u0117 padidina saugum\u0105 ir pagerina krovinio stabilum\u0105 eksploatavimo metu, leisdama tiksliai valdyti krovin\u012f.<\/li>\n<li><strong>Kompakti\u0161kas dizainas:<\/strong> K\u0117limo hidrauliniai cilindrai yra kompakti\u0161k\u0173 dyd\u017ei\u0173, tod\u0117l juos lengva integruoti \u012f \u012fvairius pad\u0117kl\u0173 krautuv\u0173 modelius. \u0160i konstrukcija maksimaliai padidina erdv\u0117s efektyvum\u0105, i\u0161laikant judrum\u0105 ir manevringum\u0105.<\/li>\n<li><strong>Universalios taikymo sritys:<\/strong> \u0160ie hidrauliniai cilindrai, suderinami su \u012fvairi\u0173 tip\u0173 pad\u0117kl\u0173 krautuvais, tinka \u012fvairioms pramon\u0117s \u0161akoms, \u012fskaitant logistik\u0105, gamyb\u0105 ir ma\u017emenin\u0119 prekyb\u0105. \u0160is universalumas padidina j\u0173 pritaikomum\u0105 \u012fvairiems veiklos poreikiams.<\/li>\n<\/ul>\n<h2><strong>Pad\u0117kl\u0173 krautuvo hidraulini\u0173 cilindr\u0173 k\u0117limo atvejai<\/strong><strong>:<\/strong><\/h2>\n<p>K\u0117limo hidrauliniai cilindrai yra svarbiausi pad\u0117kl\u0173 krautuv\u0173 komponentai, leid\u017eiantys jiems atlikti \u012fvairias svarbias u\u017eduotis med\u017eiag\u0173 tvarkymo ir logistikos srityse. \u0160tai keli pagrindiniai naudojimo atvejai:<\/p>\n<h4>1. <strong>Sand\u0117lio krovimas ir i\u0161\u0117mimas<\/strong><\/h4>\n<p>Pad\u0117kl\u0173 krautuvai su k\u0117limo hidrauliniais cilindrais efektyviai sukrauna ir i\u0161ima pad\u0117klus i\u0161 auk\u0161t\u0173 sand\u0117liavimo lentyn\u0173. Cilindrai leid\u017eia skland\u017eiai kelti ir nuleisti, optimizuojant vertikali\u0105 sand\u0117liavimo erdv\u0119 ir palengvinant greit\u0105 prieig\u0105 prie atsarg\u0173.<\/p>\n<h4>2. <strong>Pakrovimo ir i\u0161krovimo operacijos<\/strong><\/h4>\n<p>\u0160ie hidrauliniai cilindrai leid\u017eia tiksliai pozicionuoti pad\u0117klus pakrovimo ir i\u0161krovimo metu paskirstymo centruose ar ma\u017emenin\u0117s prekybos vietose. \u0160i galimyb\u0117 suma\u017eina preki\u0173 pa\u017eeidimo rizik\u0105 ir sutrumpina \u0161ioms operacijoms reikaling\u0105 laik\u0105.<\/p>\n<h4>3. <strong>U\u017esakym\u0173 rinkimas<\/strong><\/h4>\n<p>Aplinkose, kur b\u016btina rinkti u\u017esakymus, pad\u0117kl\u0173 krautuvai su k\u0117limo hidrauliniais cilindrais gali pakelti \u0161akes iki reikiamo auk\u0161\u010dio, kad b\u016bt\u0173 galima pasiekti konkre\u010dius daiktus. \u0160i funkcija padidina efektyvum\u0105 ir tikslum\u0105 vykdant klient\u0173 u\u017esakymus.<\/p>\n<h4>4. <strong>Kry\u017eminis dockingas<\/strong><\/h4>\n<p>Kry\u017eminio sand\u0117liavimo operacijose, kai produktai perkeliami tiesiai i\u0161 atve\u017eimo transporto priemon\u0117s \u012f i\u0161ve\u017eimo transporto priemon\u0119, k\u0117limo hidrauliniai cilindrai palengvina greit\u0105 ir efektyv\u0173 pale\u010di\u0173 perk\u0117lim\u0105. Tai sutrumpina tvarkymo laik\u0105 ir pagerina bendr\u0105 logistikos efektyvum\u0105.<\/p>\n<h4>5. <strong>Med\u017eiag\u0173 tvarkymas gamyboje<\/strong><\/h4>\n<p>Gamybos \u012fmon\u0117se pad\u0117kl\u0173 krautuvai da\u017enai transportuoja \u017ealiavas ir gatav\u0105 produkcij\u0105. K\u0117limo hidrauliniai cilindrai leid\u017eia krautuvams saugiai perkelti sunkius krovinius tarp skirting\u0173 gamybos zon\u0173, i\u0161laikant skland\u0173 darbo eig\u0105.<\/p>\n<p>Ie\u0161kote sunkiasvori\u0173 \u0161akini\u0173 krautuv\u0173 cilindr\u0173? Per\u017ei\u016br\u0117kite m\u016bs\u0173 <a href=\"https:\/\/www.hydraulic-cylinders.net\/lt\/forklift-hydraulic-cylinder\/\">Didel\u0117s apkrovos hidrauliniai cilindrai<\/a>.<\/p>\n<h2><strong>\u0160akinio krautuvo cilindr\u0173 gamybos sritis:<\/strong><\/h2>\n<h2><img loading=\"lazy\" decoding=\"async\" class=\"alignnone size-full wp-image-16972\" src=\"https:\/\/www.hydraulic-cylinders.net\/wp-content\/uploads\/2025\/01\/hydraulic-cylinder-factory-1-scaled.webp\" sizes=\"(min-width: 0px) and (max-width: 480px) 480px, (min-width: 481px) and (max-width: 980px) 980px, (min-width: 981px) and (max-width: 1280px) 1280px, (min-width: 1281px) 2016px, 100vw\" srcset=\"https:\/\/www.hydraulic-cylinders.net\/wp-content\/uploads\/2025\/01\/hydraulic-cylinder-factory-1-scaled.webp 2016w, https:\/\/www.hydraulic-cylinders.net\/wp-content\/uploads\/2025\/01\/hydraulic-cylinder-factory-1-1280x1625.webp 1280w, https:\/\/www.hydraulic-cylinders.net\/wp-content\/uploads\/2025\/01\/hydraulic-cylinder-factory-1-980x1244.webp 980w, https:\/\/www.hydraulic-cylinders.net\/wp-content\/uploads\/2025\/01\/hydraulic-cylinder-factory-1-480x610.webp 480w\" alt=\"\" width=\"2016\" height=\"2560\" \/><\/h2>\n<p>Turime auk\u0161\u010diausios klas\u0117s nepriklausom\u0105 surinkimo tyrim\u0173 ir pl\u0117tros platform\u0105. \u0160akini\u0173 krautuv\u0173 cilindr\u0173 gamybos ceche yra keturios pusiau automatin\u0117s k\u0117limo cilindr\u0173 surinkimo linijos ir pilnai automatin\u0117 pakreipiam\u0173 cilindr\u0173 surinkimo linija, kurios projektinis metinis gamybos paj\u0117gumas yra milijonas vienet\u0173. Specialiose cilindr\u0173 dirbtuv\u0117se yra \u012fvairi\u0173 specifikacij\u0173 pusiau automatin\u0117s valymo ir surinkimo sistemos, kuri\u0173 projektinis metinis gamybos paj\u0117gumas yra 200 000 vienet\u0173. Jose \u012frengta garsi\u0173 prek\u0117s \u017eenkl\u0173 CNC apdirbimo \u012franga, apdirbimo centrai, speciali \u012franga didelio tikslumo cilindr\u0173 apdirbimui, robotiniai suvirinimo aparatai, automatiniai valymo aparatai, automatiniai cilindr\u0173 surinkimo aparatai ir automatin\u0117s da\u017eymo gamybos linijos. Turime daugiau nei 300 pagrindini\u0173 \u012frengini\u0173 komplekt\u0173. Optimizuotas \u012frangos i\u0161tekli\u0173 paskirstymas ir efektyvus panaudojimas u\u017etikrina gamini\u0173 tikslumo reikalavimus ir auk\u0161tus gamini\u0173 kokyb\u0117s reikalavimus.<\/p>\n<p>Apdirbimo ceche \u012frengti pagal u\u017esakym\u0105 pagaminti pakreipiam\u0173j\u0173 kreipian\u010di\u0173j\u0173 b\u0117gi\u0173 tekinimo centrai, apdirbimo centrai, greitaeig\u0117s galandimo stakl\u0117s, suvirinimo robotai ir kita atitinkama \u012franga, galinti apdoroti cilindrinius vamzd\u017eius, kuri\u0173 maksimalus vidinis skersmuo yra 400 mm, o maksimalus ilgis \u2013 6 metrai.<\/p>\n<h2><img loading=\"lazy\" decoding=\"async\" class=\"alignnone size-full wp-image-16973\" src=\"https:\/\/www.hydraulic-cylinders.net\/wp-content\/uploads\/2025\/01\/hydraulic-cylinder-factory-2-scaled.webp\" sizes=\"(min-width: 0px) and (max-width: 480px) 480px, (min-width: 481px) and (max-width: 980px) 980px, (min-width: 981px) and (max-width: 1280px) 1280px, (min-width: 1281px) 2011px, 100vw\" srcset=\"https:\/\/www.hydraulic-cylinders.net\/wp-content\/uploads\/2025\/01\/hydraulic-cylinder-factory-2-scaled.webp 2011w, https:\/\/www.hydraulic-cylinders.net\/wp-content\/uploads\/2025\/01\/hydraulic-cylinder-factory-2-1280x1629.webp 1280w, https:\/\/www.hydraulic-cylinders.net\/wp-content\/uploads\/2025\/01\/hydraulic-cylinder-factory-2-980x1248.webp 980w, https:\/\/www.hydraulic-cylinders.net\/wp-content\/uploads\/2025\/01\/hydraulic-cylinder-factory-2-480x611.webp 480w\" alt=\"\" width=\"2011\" height=\"2560\" \/><\/h2>\n<p>Turime pilnai automatin\u0119 vandens pagrindo da\u017e\u0173 dengimo linij\u0105 ma\u017eiems ir vidutiniams cilindrams, kuri realizuoja automatinius pakrovimo ir i\u0161krovimo bei automatinius pur\u0161kimo robotus, kuri\u0173 projektinis gamybos paj\u0117gumas yra 4000 viet\u0173 per pamain\u0105. Turime kit\u0105 pusiau automatin\u0119 da\u017eymo linij\u0105 dideliems cilindrams, varom\u0105 j\u0117gos grandine, kurios projektinis na\u0161umas yra 60 d\u0117\u017ei\u0173 per pamain\u0105.<\/p>\n<p>Siekdami dar labiau pagerinti gamini\u0173 na\u0161um\u0105 ir \u012ftvirtinti savo hidraulini\u0173 cilindr\u0173 lyderio pozicijas pramon\u0117je, m\u016bs\u0173 \u012fmon\u0117 ir \u201ezjimee\u201c kartu \u012fk\u016br\u0117 i\u0161sami\u0105 hidraulini\u0173 cilindr\u0173, hidraulini\u0173 vo\u017etuv\u0173 ir hidraulini\u0173 siurbli\u0173 na\u0161umo laboratorij\u0105; laboratorijoje atliekami kompiuteriniai bandymai, naudojant elektrohidraulin\u0119 technologij\u0105, o bandymo s\u0105lygos i\u0161 anksto nustatomos kompiuteriu, o tai pagerina bandymo tikslum\u0105, sistemos universalum\u0105 ir eksperimentinius duomenis.<\/p>\n<p>Automatinis duomen\u0173 rinkimas vykdomas naudojant jutiklius, o i\u0161vesties duomenys, tokie kaip cilindro ar vo\u017etuvo vidinis nuot\u0117kis ir apkrovos efektyvumas, yra tiesiogiai apdorojami kompiuterio ir konvertuojami \u012f standartinius vienetus (ml\/min\u00b3TP\u00b3T). Tuo pa\u010diu metu, siekiant u\u017etikrinti hidraulin\u0117s sistemos darbo saug\u0105, atliekama pagrindini\u0173 veikimo parametr\u0173, toki\u0173 kaip \u201ealyvos temperat\u016bros steb\u0117jimas, skys\u010dio lygio steb\u0117jimas, filtro \u012frenginio steb\u0117jimas\u201c ir kt., b\u016bsenos steb\u0117jimo funkcija. Be kita ko, hidraulinio cilindro bandym\u0173 stendas gali patikrinti \u201eapkrovos\u201c na\u0161um\u0105.<br \/>\nefektyvumas \u201eir\u201c vidinis nuot\u0117kis\u201c pagal rodmenis. Tuo pa\u010diu metu jis apr\u016bpintas groteli\u0173 liniuot\u0117s matavimo prietaisu, kuris atitinka vis\u0173 hidraulini\u0173 cilindr\u0173 gamini\u0173 bandymo element\u0173 reikalavimus pagal nacionalin\u012f standart\u0105.<\/p>\n<p>&nbsp;<\/p>","protected":false},"excerpt":{"rendered":"<p>Lifting Hydraulic Cylinders of Pallet Stacker Truck Lifting hydraulic cylinders are essential components of pallet stacker trucks, enabling efficient lifting and lowering of heavy loads. These cylinders convert hydraulic pressure into mechanical force, providing the power necessary to handle pallets and other materials with ease. Their reliability and robust design make them crucial for optimizing [&hellip;]<\/p>","protected":false},"featured_media":17604,"comment_status":"open","ping_status":"closed","template":"","meta":{"_et_pb_use_builder":"","_et_pb_old_content":"","_et_gb_content_width":""},"product_brand":[],"product_cat":[1484,1549,1376],"product_tag":[],"class_list":{"0":"post-17601","1":"product","2":"type-product","3":"status-publish","4":"has-post-thumbnail","6":"product_cat-forklift-hydraulic-cylinders","7":"product_cat-single-acting-hydraulic-cylinder","8":"product_cat-hydraulic-cylinder","10":"first","11":"instock","12":"shipping-taxable","13":"product-type-simple"},"amp_enabled":true,"_links":{"self":[{"href":"https:\/\/www.hydraulic-cylinders.net\/lt\/wp-json\/wp\/v2\/product\/17601","targetHints":{"allow":["GET"]}}],"collection":[{"href":"https:\/\/www.hydraulic-cylinders.net\/lt\/wp-json\/wp\/v2\/product"}],"about":[{"href":"https:\/\/www.hydraulic-cylinders.net\/lt\/wp-json\/wp\/v2\/types\/product"}],"replies":[{"embeddable":true,"href":"https:\/\/www.hydraulic-cylinders.net\/lt\/wp-json\/wp\/v2\/comments?post=17601"}],"wp:featuredmedia":[{"embeddable":true,"href":"https:\/\/www.hydraulic-cylinders.net\/lt\/wp-json\/wp\/v2\/media\/17604"}],"wp:attachment":[{"href":"https:\/\/www.hydraulic-cylinders.net\/lt\/wp-json\/wp\/v2\/media?parent=17601"}],"wp:term":[{"taxonomy":"product_brand","embeddable":true,"href":"https:\/\/www.hydraulic-cylinders.net\/lt\/wp-json\/wp\/v2\/product_brand?post=17601"},{"taxonomy":"product_cat","embeddable":true,"href":"https:\/\/www.hydraulic-cylinders.net\/lt\/wp-json\/wp\/v2\/product_cat?post=17601"},{"taxonomy":"product_tag","embeddable":true,"href":"https:\/\/www.hydraulic-cylinders.net\/lt\/wp-json\/wp\/v2\/product_tag?post=17601"}],"curies":[{"name":"wp","href":"https:\/\/api.w.org\/{rel}","templated":true}]}}