{"id":17606,"date":"2025-03-18T06:59:19","date_gmt":"2025-03-18T06:59:19","guid":{"rendered":"https:\/\/www.hydraulic-cylinders.net\/?post_type=product&#038;p=17606"},"modified":"2025-04-11T01:44:46","modified_gmt":"2025-04-11T01:44:46","slug":"lift-hydraulic-cylinders-for-forward-moving-forklift","status":"publish","type":"product","link":"https:\/\/www.hydraulic-cylinders.net\/lt\/produktas\/lift-hydraulic-cylinders-for-forward-moving-forklift\/","title":{"rendered":"Hidrauliniai cilindrai krautuvui, judan\u010diam \u012f priek\u012f"},"content":{"rendered":"<h1 style=\"text-align: center;\"><strong>Hidrauliniai cilindrai krautuvui, judan\u010diam \u012f priek\u012f<\/strong><\/h1>\n<p>K\u0117limo hidrauliniai cilindrai yra esminiai \u012f priek\u012f judan\u010di\u0173 krautuv\u0173 komponentai, u\u017etikrinantys reikiam\u0105 k\u0117limo gali\u0105, kad b\u016bt\u0173 galima efektyviai valdyti sunkius krovinius. \u0160ie cilindrai hidraulin\u012f sl\u0117g\u012f paver\u010dia mechanine j\u0117ga, tod\u0117l krautuvai gali tiksliai pakelti ir nuleisti krovinius. D\u0117l tvirtos konstrukcijos ir patikimo veikimo jie yra nepakei\u010diami \u012fvairiose pramon\u0117s srityse, didinant na\u0161um\u0105 ir saug\u0105.<\/p>\n<p>K\u0117limo hidrauliniai cilindrai yra gyvybi\u0161kai svarb\u016bs efektyviam \u012f priek\u012f judan\u010di\u0173 krautuv\u0173 veikimui. D\u0117l didel\u0117s keliamosios galios, patvarios konstrukcijos ir sklandaus veikimo jie yra nepakei\u010diami \u012fvairiose pramon\u0117s srityse. Suprasdami j\u0173 savybes, tinkamus naudojimo b\u016bdus ir prie\u017ei\u016bros reikalavimus, operatoriai gali maksimaliai padidinti savo \u012frangos na\u0161um\u0105 ir saug\u0105, galiausiai padidindami med\u017eiag\u0173 tvarkymo u\u017eduo\u010di\u0173 na\u0161um\u0105. Investavimas \u012f auk\u0161tos kokyb\u0117s k\u0117limo hidraulinius cilindrus u\u017etikrina patikim\u0105 ir efektyv\u0173 veikim\u0105, kuris yra labai svarbus bet kurio verslo s\u0117kmei.<\/p>\n<h1 style=\"text-align: center;\"><img loading=\"lazy\" decoding=\"async\" class=\"alignnone wp-image-17609\" src=\"https:\/\/www.hydraulic-cylinders.net\/wp-content\/uploads\/2025\/03\/Lift-hydraulic-cylinders-for-Forward-moving-forklift--scaled.webp\" alt=\"\" width=\"500\" height=\"500\" \/><\/h1>\n<p style=\"text-align: center;\"><strong>Pad\u0117kl\u0173 krautuvo k\u0117limo hidrauliniai cilindrai<\/strong><\/p>\n<h2><strong>Hidrauliniai cilindrai krautuvui, judan\u010diam \u012f priek\u012f <\/strong><strong>Technin\u0117s specifikacijos<\/strong><strong>:<\/strong><\/h2>\n<p><strong>Funkcija:<\/strong> Norint pasiekti portalo k\u0117limo ir nuleidimo veiksm\u0105<br \/>\n<strong>Cilindro skersmuo:<\/strong> 45\u201375 mm<br \/>\n<strong>Strypo skersmuo:<\/strong> 45\u201365 mm<br \/>\n<strong>Kelion\u0117s:<\/strong> 500\u20133980 mm<br \/>\n<strong>Maksimalus sl\u0117gis:<\/strong> 21MPa<br \/>\n<strong>Maksimali trauka:<\/strong> 93KN<\/p>\n<h2><strong>\u012e priek\u012f judan\u010dio krautuvo cilindr\u0173 serija:\u00a0<\/strong><\/h2>\n<h2><img loading=\"lazy\" decoding=\"async\" class=\"alignnone size-full wp-image-17611\" src=\"https:\/\/www.hydraulic-cylinders.net\/wp-content\/uploads\/2025\/03\/Forward-moving-forklift-hydraulic-cylinders-construction.webp\" alt=\"\u012e priek\u012f judan\u010di\u0173 krautuv\u0173 hidraulini\u0173 cilindr\u0173 konstrukcija\" width=\"1100\" height=\"615\" srcset=\"https:\/\/www.hydraulic-cylinders.net\/wp-content\/uploads\/2025\/03\/Forward-moving-forklift-hydraulic-cylinders-construction.webp 1100w, https:\/\/www.hydraulic-cylinders.net\/wp-content\/uploads\/2025\/03\/Forward-moving-forklift-hydraulic-cylinders-construction-980x548.webp 980w, https:\/\/www.hydraulic-cylinders.net\/wp-content\/uploads\/2025\/03\/Forward-moving-forklift-hydraulic-cylinders-construction-480x268.webp 480w\" sizes=\"(min-width: 0px) and (max-width: 480px) 480px, (min-width: 481px) and (max-width: 980px) 980px, (min-width: 981px) 1100px, 100vw\" \/><\/h2>\n<h2><strong>Pagrindin\u0117s k\u0117limo hidraulini\u0173 cilindr\u0173, skirt\u0173 judan\u010diam krautuvui, savyb\u0117s<\/strong><strong>:<\/strong><\/h2>\n<ul>\n<li><strong>Didel\u0117 keliamoji galia:<\/strong> K\u0117limo hidrauliniai cilindrai yra specialiai sukurti dideliems svoriams atlaikyti, u\u017etikrinant reikiam\u0105 tvirtum\u0105, kad b\u016bt\u0173 galima saugiai kelti sunkius krovinius. \u0160i savyb\u0117 yra labai svarbi siekiant i\u0161vengti nelaiming\u0173 atsitikim\u0173, nes u\u017etikrina, kad krautuvas veikt\u0173 nevir\u0161ydamas savo apkrovos rib\u0173. \u0160ie cilindrai, sudarydami s\u0105lygas efektyviai tvarkyti med\u017eiagas, padidina na\u0161um\u0105 ir sutrumpina k\u0117limo u\u017eduotims atlikti reikaling\u0105 laik\u0105, leisdami operatoriams sutelkti d\u0117mes\u012f \u012f kit\u0105 svarbi\u0105 veikl\u0105.<\/li>\n<li><strong>Patvari konstrukcija:<\/strong> Pagaminti i\u0161 didelio stiprumo med\u017eiag\u0173, k\u0117limo hidrauliniai cilindrai yra atspar\u016bs nusid\u0117v\u0117jimui net ir sud\u0117tingiausiomis s\u0105lygomis. J\u0173 tvirta konstrukcija ne tik u\u017etikrina ilgalaik\u012f veikim\u0105, bet ir \u017eymiai suma\u017eina mechanini\u0173 gedim\u0173 rizik\u0105. \u0160is patvarumas rei\u0161kia ma\u017eesnes prie\u017ei\u016bros i\u0161laidas ir trumpesnes prastovas, tod\u0117l \u0161ie cilindrai yra ekonomi\u0161kas pasirinkimas \u012fmon\u0117ms, ie\u0161kan\u010dioms patikimos \u012frangos, kuri atlaikyt\u0173 kasdienio naudojimo grie\u017etum\u0105.<\/li>\n<li><strong>Sklandus veikimas:<\/strong> \u0160i\u0173 cilindr\u0173 hidraulin\u0117 sistema u\u017etikrina nuosekl\u0173 ir skland\u0173 k\u0117limo ir nuleidimo veiksm\u0105, o tai yra gyvybi\u0161kai svarbu norint i\u0161laikyti krovinio stabilum\u0105. Suma\u017eindami kratymus ir vibracij\u0105 eksploatacijos metu, k\u0117limo hidrauliniai cilindrai padidina tiek operatoriaus, tiek aplinkini\u0173 darbuotoj\u0173 saugum\u0105. \u0160is sklandus veikimas taip pat prisideda prie geresn\u0117s kontrol\u0117s tvarkant jautrias ar trapias med\u017eiagas, u\u017etikrinant, kad jos i\u0161likt\u0173 saugios viso k\u0117limo proceso metu.<\/li>\n<li><strong>Kompakti\u0161kas dizainas:<\/strong> Lift hydraulic cylinders come in a variety of sizes to accommodate different forklift models, allowing for seamless integration into existing equipment. This compact design does not compromise the vehicle&#8217;s maneuverability, enabling operators to navigate tight spaces with ease. The adaptability of these cylinders ensures that they can be used across various applications without requiring significant modifications to the forklift.<\/li>\n<li><strong>Universalios taikymo sritys:<\/strong> \u0160ie hidrauliniai cilindrai tinka \u012fvairioms pramon\u0117s \u0161akoms, \u012fskaitant logistik\u0105, gamyb\u0105 ir statyb\u0105. D\u0117l savo universalumo jie pritaikomi \u012fvairiems veiklos poreikiams \u2013 nuo \u200b\u200bsand\u0117lio krovimo ir i\u0161k\u0117limo iki sunki\u0173 krovini\u0173 k\u0117limo statybviet\u0117se. \u0160is platus pritaikymas leid\u017eia \u012fmon\u0117ms panaudoti k\u0117limo hidraulinius cilindrus \u012fvairiose aplinkose, optimizuojant med\u017eiag\u0173 tvarkymo procesus ir gerinant bendr\u0105 efektyvum\u0105.<\/li>\n<\/ul>\n<h2><strong>Naudokite k\u0117limo hidraulinius cilindrus, skirtus judan\u010diam krautuvui<\/strong><strong>:<\/strong><\/h2>\n<p>K\u0117limo hidrauliniai cilindrai atlieka labai svarb\u0173 vaidmen\u012f gerinant \u012f priek\u012f judan\u010di\u0173 krautuv\u0173 funkcionalum\u0105 ir efektyvum\u0105. \u0160tai keli pagrindiniai naudojimo atvejai, pabr\u0117\u017eiantys j\u0173 svarb\u0105 \u012fvairiose pramon\u0117s \u0161akose:<\/p>\n<h3>1. <strong>Sand\u0117lio operacijos<\/strong><\/h3>\n<p>Sand\u0117liuose k\u0117limo hidrauliniai cilindrai leid\u017eia \u0161akiniams krautuvams sukrauti ir i\u0161traukti pad\u0117klus \u012fvairiame auk\u0161tyje. \u0160i galimyb\u0117 optimizuoja vertikali\u0105 sand\u0117liavimo erdv\u0119 ir leid\u017eia greitai pasiekti atsargas, supaprastinant operacijas ir pagerinant bendr\u0105 efektyvum\u0105.<\/p>\n<h3>2. <strong>Pakrovimas ir i\u0161krovimas<\/strong><\/h3>\n<p>K\u0117limo hidrauliniai cilindrai palengvina preki\u0173 pakrovim\u0105 ir i\u0161krovim\u0105 i\u0161 sunkve\u017eimi\u0173 ir konteineri\u0173. Leisdami \u0161akiniams krautuvams skland\u017eiai kelti ir nuleisti krovinius, jie suma\u017eina gamini\u0173 pa\u017eeidimo rizik\u0105 ir sutrumpina \u0161ioms u\u017eduotims skirt\u0105 laik\u0105, taip padidindami bendr\u0105 produktyvum\u0105.<\/p>\n<h3>3. <strong>U\u017esakym\u0173 rinkimas<\/strong><\/h3>\n<p>Aplinkose, kur u\u017esakym\u0173 rinkimas yra b\u016btinas, hidrauliniai cilindrai leid\u017eia \u0161akiniams krautuvams tiksliai \u012fsitaisyti reikiamame auk\u0161tyje, kad b\u016bt\u0173 galima pasiekti konkre\u010dius daiktus. \u0160i funkcija pagerina u\u017esakym\u0173 vykdymo tikslum\u0105 ir padidina bendr\u0105 veiklos efektyvum\u0105.<\/p>\n<h3>4. <strong>Kry\u017eminis dockingas<\/strong><\/h3>\n<p>Kry\u017eminio sand\u0117liavimo operacijose, kai produktai perkeliami tiesiai i\u0161 atgabenam\u0173 krovini\u0173 \u012f i\u0161gabenamus krovinius, k\u0117limo hidrauliniai cilindrai padeda greitai ir efektyviai perkelti pad\u0117klus. Tai sutrumpina tvarkymo laik\u0105 ir u\u017etikrina skland\u0173 preki\u0173 sraut\u0105 tiekimo grandin\u0117je.<\/p>\n<h3>5. <strong>Gamybos \u012frenginiai<\/strong><\/h3>\n<p>Gamybos aplinkoje k\u0117limo hidrauliniai cilindrai padeda transportuoti \u017ealiavas ir gatavus produktus tarp skirting\u0173 gamybos etap\u0173. J\u0173 geb\u0117jimas saugiai pakelti sunkius daiktus pagerina darbo eig\u0105 ir na\u0161um\u0105 surinkimo linijose.<\/p>\n<p>Ie\u0161kote sunkiasvori\u0173 \u0161akini\u0173 krautuv\u0173 cilindr\u0173? Per\u017ei\u016br\u0117kite m\u016bs\u0173 <a href=\"https:\/\/www.hydraulic-cylinders.net\/lt\/forklift-hydraulic-cylinder\/\">Didel\u0117s apkrovos hidrauliniai cilindrai<\/a>.<\/p>\n<h2><strong>\u0160akinio krautuvo cilindr\u0173 gamybos sritis:<\/strong><\/h2>\n<h2><img loading=\"lazy\" decoding=\"async\" class=\"alignnone size-full wp-image-16972\" src=\"https:\/\/www.hydraulic-cylinders.net\/wp-content\/uploads\/2025\/01\/hydraulic-cylinder-factory-1-scaled.webp\" sizes=\"(min-width: 0px) and (max-width: 480px) 480px, (min-width: 481px) and (max-width: 980px) 980px, (min-width: 981px) and (max-width: 1280px) 1280px, (min-width: 1281px) 2016px, 100vw\" srcset=\"https:\/\/www.hydraulic-cylinders.net\/wp-content\/uploads\/2025\/01\/hydraulic-cylinder-factory-1-scaled.webp 2016w, https:\/\/www.hydraulic-cylinders.net\/wp-content\/uploads\/2025\/01\/hydraulic-cylinder-factory-1-1280x1625.webp 1280w, https:\/\/www.hydraulic-cylinders.net\/wp-content\/uploads\/2025\/01\/hydraulic-cylinder-factory-1-980x1244.webp 980w, https:\/\/www.hydraulic-cylinders.net\/wp-content\/uploads\/2025\/01\/hydraulic-cylinder-factory-1-480x610.webp 480w\" alt=\"\" width=\"2016\" height=\"2560\" \/><\/h2>\n<p>Turime auk\u0161\u010diausios klas\u0117s nepriklausom\u0105 surinkimo tyrim\u0173 ir pl\u0117tros platform\u0105. \u0160akini\u0173 krautuv\u0173 cilindr\u0173 gamybos ceche yra keturios pusiau automatin\u0117s k\u0117limo cilindr\u0173 surinkimo linijos ir pilnai automatin\u0117 pakreipiam\u0173 cilindr\u0173 surinkimo linija, kurios projektinis metinis gamybos paj\u0117gumas yra milijonas vienet\u0173. Specialiose cilindr\u0173 dirbtuv\u0117se yra \u012fvairi\u0173 specifikacij\u0173 pusiau automatin\u0117s valymo ir surinkimo sistemos, kuri\u0173 projektinis metinis gamybos paj\u0117gumas yra 200 000 vienet\u0173. Jose \u012frengta garsi\u0173 prek\u0117s \u017eenkl\u0173 CNC apdirbimo \u012franga, apdirbimo centrai, speciali \u012franga didelio tikslumo cilindr\u0173 apdirbimui, robotiniai suvirinimo aparatai, automatiniai valymo aparatai, automatiniai cilindr\u0173 surinkimo aparatai ir automatin\u0117s da\u017eymo gamybos linijos. Turime daugiau nei 300 pagrindini\u0173 \u012frengini\u0173 komplekt\u0173. Optimizuotas \u012frangos i\u0161tekli\u0173 paskirstymas ir efektyvus panaudojimas u\u017etikrina gamini\u0173 tikslumo reikalavimus ir auk\u0161tus gamini\u0173 kokyb\u0117s reikalavimus.<\/p>\n<p>Apdirbimo ceche \u012frengti pagal u\u017esakym\u0105 pagaminti pakreipiam\u0173j\u0173 kreipian\u010di\u0173j\u0173 b\u0117gi\u0173 tekinimo centrai, apdirbimo centrai, greitaeig\u0117s galandimo stakl\u0117s, suvirinimo robotai ir kita atitinkama \u012franga, galinti apdoroti cilindrinius vamzd\u017eius, kuri\u0173 maksimalus vidinis skersmuo yra 400 mm, o maksimalus ilgis \u2013 6 metrai.<\/p>\n<h2><img loading=\"lazy\" decoding=\"async\" class=\"alignnone size-full wp-image-16973\" src=\"https:\/\/www.hydraulic-cylinders.net\/wp-content\/uploads\/2025\/01\/hydraulic-cylinder-factory-2-scaled.webp\" sizes=\"(min-width: 0px) and (max-width: 480px) 480px, (min-width: 481px) and (max-width: 980px) 980px, (min-width: 981px) and (max-width: 1280px) 1280px, (min-width: 1281px) 2011px, 100vw\" srcset=\"https:\/\/www.hydraulic-cylinders.net\/wp-content\/uploads\/2025\/01\/hydraulic-cylinder-factory-2-scaled.webp 2011w, https:\/\/www.hydraulic-cylinders.net\/wp-content\/uploads\/2025\/01\/hydraulic-cylinder-factory-2-1280x1629.webp 1280w, https:\/\/www.hydraulic-cylinders.net\/wp-content\/uploads\/2025\/01\/hydraulic-cylinder-factory-2-980x1248.webp 980w, https:\/\/www.hydraulic-cylinders.net\/wp-content\/uploads\/2025\/01\/hydraulic-cylinder-factory-2-480x611.webp 480w\" alt=\"\" width=\"2011\" height=\"2560\" \/><\/h2>\n<p>Turime pilnai automatin\u0119 vandens pagrindo da\u017e\u0173 dengimo linij\u0105 ma\u017eiems ir vidutiniams cilindrams, kuri realizuoja automatinius pakrovimo ir i\u0161krovimo bei automatinius pur\u0161kimo robotus, kuri\u0173 projektinis gamybos paj\u0117gumas yra 4000 viet\u0173 per pamain\u0105. Turime kit\u0105 pusiau automatin\u0119 da\u017eymo linij\u0105 dideliems cilindrams, varom\u0105 j\u0117gos grandine, kurios projektinis na\u0161umas yra 60 d\u0117\u017ei\u0173 per pamain\u0105.<\/p>\n<p>Siekdami dar labiau pagerinti gamini\u0173 na\u0161um\u0105 ir \u012ftvirtinti savo hidraulini\u0173 cilindr\u0173 lyderio pozicijas pramon\u0117je, m\u016bs\u0173 \u012fmon\u0117 ir \u201ezjimee\u201c kartu \u012fk\u016br\u0117 i\u0161sami\u0105 hidraulini\u0173 cilindr\u0173, hidraulini\u0173 vo\u017etuv\u0173 ir hidraulini\u0173 siurbli\u0173 na\u0161umo laboratorij\u0105; laboratorijoje atliekami kompiuteriniai bandymai, naudojant elektrohidraulin\u0119 technologij\u0105, o bandymo s\u0105lygos i\u0161 anksto nustatomos kompiuteriu, o tai pagerina bandymo tikslum\u0105, sistemos universalum\u0105 ir eksperimentinius duomenis.<\/p>\n<p>Automatinis duomen\u0173 rinkimas vykdomas naudojant jutiklius, o i\u0161vesties duomenys, tokie kaip cilindro ar vo\u017etuvo vidinis nuot\u0117kis ir apkrovos efektyvumas, yra tiesiogiai apdorojami kompiuterio ir konvertuojami \u012f standartinius vienetus (ml\/min\u00b3TP\u00b3T). Tuo pa\u010diu metu, siekiant u\u017etikrinti hidraulin\u0117s sistemos darbo saug\u0105, atliekama pagrindini\u0173 veikimo parametr\u0173, toki\u0173 kaip \u201ealyvos temperat\u016bros steb\u0117jimas, skys\u010dio lygio steb\u0117jimas, filtro \u012frenginio steb\u0117jimas\u201c ir kt., b\u016bsenos steb\u0117jimo funkcija. Be kita ko, hidraulinio cilindro bandym\u0173 stendas gali patikrinti \u201eapkrovos\u201c na\u0161um\u0105.<br \/>\nefektyvumas \u201eir\u201c vidinis nuot\u0117kis\u201c pagal rodmenis. Tuo pa\u010diu metu jis apr\u016bpintas groteli\u0173 liniuot\u0117s matavimo prietaisu, kuris atitinka vis\u0173 hidraulini\u0173 cilindr\u0173 gamini\u0173 bandymo element\u0173 reikalavimus pagal nacionalin\u012f standart\u0105.<\/p>","protected":false},"excerpt":{"rendered":"<p>Lift Hydraulic Cylinders For Forward Moving Forklift Lift hydraulic cylinders are essential components of forward moving forklifts, providing the necessary lifting power to handle heavy loads efficiently. These cylinders convert hydraulic pressure into mechanical force, enabling forklifts to raise and lower loads with precision. Their robust design and reliable performance make them indispensable in various [&hellip;]<\/p>","protected":false},"featured_media":17610,"comment_status":"open","ping_status":"closed","template":"","meta":{"_et_pb_use_builder":"","_et_pb_old_content":"","_et_gb_content_width":""},"product_brand":[],"product_cat":[1484,1549],"product_tag":[],"class_list":{"0":"post-17606","1":"product","2":"type-product","3":"status-publish","4":"has-post-thumbnail","6":"product_cat-forklift-hydraulic-cylinders","7":"product_cat-single-acting-hydraulic-cylinder","9":"first","10":"instock","11":"shipping-taxable","12":"product-type-simple"},"amp_enabled":true,"_links":{"self":[{"href":"https:\/\/www.hydraulic-cylinders.net\/lt\/wp-json\/wp\/v2\/product\/17606","targetHints":{"allow":["GET"]}}],"collection":[{"href":"https:\/\/www.hydraulic-cylinders.net\/lt\/wp-json\/wp\/v2\/product"}],"about":[{"href":"https:\/\/www.hydraulic-cylinders.net\/lt\/wp-json\/wp\/v2\/types\/product"}],"replies":[{"embeddable":true,"href":"https:\/\/www.hydraulic-cylinders.net\/lt\/wp-json\/wp\/v2\/comments?post=17606"}],"wp:featuredmedia":[{"embeddable":true,"href":"https:\/\/www.hydraulic-cylinders.net\/lt\/wp-json\/wp\/v2\/media\/17610"}],"wp:attachment":[{"href":"https:\/\/www.hydraulic-cylinders.net\/lt\/wp-json\/wp\/v2\/media?parent=17606"}],"wp:term":[{"taxonomy":"product_brand","embeddable":true,"href":"https:\/\/www.hydraulic-cylinders.net\/lt\/wp-json\/wp\/v2\/product_brand?post=17606"},{"taxonomy":"product_cat","embeddable":true,"href":"https:\/\/www.hydraulic-cylinders.net\/lt\/wp-json\/wp\/v2\/product_cat?post=17606"},{"taxonomy":"product_tag","embeddable":true,"href":"https:\/\/www.hydraulic-cylinders.net\/lt\/wp-json\/wp\/v2\/product_tag?post=17606"}],"curies":[{"name":"wp","href":"https:\/\/api.w.org\/{rel}","templated":true}]}}