{"id":1761,"date":"2023-10-13T05:50:50","date_gmt":"2023-10-13T05:50:50","guid":{"rendered":"https:\/\/hydraulic-cylinders.net\/?post_type=product&#038;p=1761"},"modified":"2025-04-15T05:55:24","modified_gmt":"2025-04-15T05:55:24","slug":"cutter-suction-dredger-inverted-pile-cylinder","status":"publish","type":"product","link":"https:\/\/www.hydraulic-cylinders.net\/lt\/produktas\/cutter-suction-dredger-inverted-pile-cylinder\/","title":{"rendered":"Pjaustytuvo siurbimo \u017eemsiurb\u0117s apverstas poli\u0173 cilindras"},"content":{"rendered":"<h1 style=\"text-align: center;\"><strong>Pjaustytuvo siurbimo \u017eemsiurb\u0117s apverstas poli\u0173 cilindras<\/strong><\/h1>\n<p><img loading=\"lazy\" decoding=\"async\" class=\"aligncenter wp-image-1763\" src=\"https:\/\/hydraulic-cylinders.net\/wp-content\/uploads\/2023\/10\/cutter-suction-dredger-inverted-pile-cylinder-1-300x300.webp\" alt=\"\" width=\"400\" height=\"400\" \/><\/p>\n<p>Apverst\u0173 poli\u0173 cilindras su pjaustytuvu yra novatori\u0161kas hidraulinis \u012frenginys, kei\u010diantis j\u016brini\u0173 statybos projekt\u0173 \u012fgyvendinim\u0105. D\u0117l savo novatori\u0161ko dizaino ir i\u0161skirtini\u0173 na\u0161um\u0173 \u0161is cilindras yra labai svarbus \u0161iuolaikin\u0117ms gilinimo operacijoms.<\/p>\n<p>Pjaustymo-siurbimo \u017eemsiurb\u0117s apversto poli\u0173 cilindras suk\u0117l\u0117 revoliucij\u0105 j\u016brin\u0117je statyboje, pasi\u016blydamas i\u0161skirtin\u012f na\u0161um\u0105 poli\u0173 kalimo operacijose. D\u0117l apversto dizaino, didelio sl\u0117gio talpos ir atsparumo korozijai tai patikimas ir patvarus hidraulinis \u012frenginys. Laikydamiesi tinkam\u0173 naudojimo metod\u0173 ir reguliariai atlikdami prie\u017ei\u016br\u0105, j\u016br\u0173 statybos specialistai gali maksimaliai padidinti savo projekt\u0173 efektyvum\u0105 ir tikslum\u0105. I\u0161naudokite pjaustymo-siurbimo \u017eemsiurb\u0117s apversto poli\u0173 cilindro gali\u0105 ir patirkite skirtum\u0105, kur\u012f jis gali padaryti j\u016bs\u0173 j\u016brini\u0173 statyb\u0173 pastangose.<\/p>\n<p>Pjaustytuvo siurbimo \u017eemsiurb\u0117s apverstos poli\u0173 cilindro pagrindin\u0117s charakteristikos:<\/p>\n<ul>\n<li>Apversta konstrukcija: Pjaunan\u010dioji \u017eemsiurb\u0117-apversto tipo cilindrinis poli\u0173 kalimo \u012frenginys pasi\u017eymi unikalia apversta konfig\u016bracija, kai st\u016bmoklio kotas i\u0161siki\u0161a \u017eemyn nuo cilindro. \u0160i konstrukcija leid\u017eia efektyviai ir tiksliai atlikti poli\u0173 kalimo operacijas j\u016brin\u0117je aplinkoje.<\/li>\n<li>Didelio sl\u0117gio talpa: \u0161is cilindras suprojektuotas taip, kad atlaikyt\u0173 auk\u0161to sl\u0117gio s\u0105lygas, u\u017etikrindamas patikim\u0105 ir tvirt\u0105 veikim\u0105 net sud\u0117tinguose j\u016briniuose statybos projektuose. Jis suteikia gali\u0105 ir j\u0117g\u0105, reikaling\u0105 poliams \u012fkalti \u012f j\u016bros dugn\u0105 i\u0161skirtiniu tikslumu.<\/li>\n<li>Atsparumas korozijai: Pagamintas i\u0161 auk\u0161tos kokyb\u0117s med\u017eiag\u0173, apverstas poli\u0173 cilindras pasi\u017eymi puikiu atsparumu korozijai, r\u016bdijimui ir dilimui. \u0160i savyb\u0117 padidina jo patvarum\u0105, tod\u0117l jis tinka ilgalaikiam naudojimui at\u0161iauriomis j\u016brin\u0117mis s\u0105lygomis.<\/li>\n<\/ul>\n<h2><strong>Pjoviklio siurbimo \u017eemsiurb\u0117s apverstos poli\u0173 cilindro parametras:<\/strong><\/h2>\n<table border=\"1\" cellspacing=\"0\" cellpadding=\"0\">\n<tbody>\n<tr>\n<td>Produkto pavadinimas<\/td>\n<td>Pjaustytuvo siurbimo \u017eemsiurb\u0117s apverstas poli\u0173 cilindras<\/td>\n<\/tr>\n<tr>\n<td>Savyb\u0117s:<\/td>\n<td>U\u017etikrinkite st\u016bmimo ir traukimo j\u0117g\u0105 plieninei kr\u016bvai i\u0161skleisti ir i\u0161skleisti<\/td>\n<\/tr>\n<tr>\n<td>Skyl\u0117s skersmuo:<\/td>\n<td>Iki 620 mm<\/td>\n<\/tr>\n<tr>\n<td>Strypo skersmuo:<\/td>\n<td>Iki 360 mm<br \/>\nEiga iki 5200 mm<\/td>\n<\/tr>\n<tr>\n<td>Sl\u0117gis:<\/td>\n<td>iki 32 MPa<\/td>\n<\/tr>\n<tr>\n<td>Traukos j\u0117ga:<\/td>\n<td>Maksimali 7500 kN<\/td>\n<\/tr>\n<tr>\n<td>Traukimo j\u0117ga:<\/td>\n<td>Maksimalus 5000 kN<\/td>\n<\/tr>\n<tr>\n<td>Parai\u0161kos:<\/td>\n<td>Pjaustytuvo \u017eemsiurb\u0117<\/td>\n<\/tr>\n<\/tbody>\n<\/table>\n<div><\/div>\n<div>\n<div class=\"txtboxL\">Savyb\u0117s:<\/div>\n<div class=\"txtboxR\">U\u017etikrinkite st\u016bmimo ir traukimo j\u0117g\u0105 plieninei kr\u016bvai i\u0161skleisti ir i\u0161skleisti<\/div>\n<div class=\"txtboxL\">Specifikacija:<\/div>\n<div class=\"txtboxR\">Gr\u0119\u017einio skersmuo: iki 620 mm<br \/>\nStrypo skersmuo: iki 360 mm<br \/>\nEiga iki 5200 mm<\/div>\n<div class=\"txtboxL\">Sl\u0117gis:<\/div>\n<div class=\"txtboxR\">iki 32 MPa<\/div>\n<div class=\"txtboxL\">Traukos j\u0117ga:<\/div>\n<div class=\"txtboxR\">Maksimali 7500 kN<\/div>\n<div class=\"txtboxL\">Traukimo j\u0117ga:<\/div>\n<div class=\"txtboxR\">Maksimalus 5000 kN<\/div>\n<\/div>\n<h2><strong>\u017demsiurb\u0117s bako pjaustytuvo-siurbimo cilindr\u0173 taikymas:<\/strong><\/h2>\n<p><img loading=\"lazy\" decoding=\"async\" class=\"alignnone wp-image-1757 size-full\" src=\"https:\/\/hydraulic-cylinders.net\/wp-content\/uploads\/2023\/10\/dredger-tank-cylinder-1.webp\" alt=\"\" width=\"600\" height=\"400\" srcset=\"https:\/\/hydraulic-cylinders.net\/wp-content\/uploads\/2023\/10\/dredger-tank-cylinder-1.webp 600w, https:\/\/hydraulic-cylinders.net\/wp-content\/uploads\/2023\/10\/dredger-tank-cylinder-1-480x320.webp 480w\" sizes=\"(min-width: 0px) and (max-width: 480px) 480px, (min-width: 481px) 600px, 100vw\" \/><\/p>\n<h2><strong>Pjoviklio siurbimo \u017eemsiurb\u0117s apversto poli\u0173 cilindro naudojimo metodas<\/strong><strong>:<\/strong><\/h2>\n<ul>\n<li><strong>Paruo\u0161imas:<\/strong> Prie\u0161 naudodami apverst\u0105 cilindr\u0105 su pjaustytuvu-siurbimo \u017eemsiurbe, \u012fsitikinkite, kad imtasi vis\u0173 saugos priemoni\u0173. Vizualiai patikrinkite, ar cilindras ir jo komponentai yra geros b\u016bkl\u0117s, ar n\u0117ra pa\u017eeidim\u0173 ar nuot\u0117ki\u0173 po\u017eymi\u0173.<\/li>\n<li><strong>Pad\u0117ties nustatymas:<\/strong> Pad\u0117kite cilindr\u0105 norimoje vietoje poliams krauti. \u012esitikinkite, kad jis tvirtai pritvirtintas prie \u017eemsiurb\u0117s ar kitos \u012frangos, u\u017etikrindamas stabilum\u0105 ir atram\u0105 operacijos metu.<\/li>\n<li><strong>Ry\u0161ys:<\/strong> Prijunkite hidraulines \u017earnas arba jungiam\u0105sias detales prie atitinkam\u0173 cilindro ir hidraulinio maitinimo \u0161altinio prievad\u0173. \u012esitikinkite, kad jungtys yra tvirtos, nepralaid\u017eios ir tinkamai sulygiuotos.<\/li>\n<li><strong>Sm\u016bgio ilgio reguliavimas:<\/strong> Cilindro eigos ilg\u012f reguliuokite pagal reikiam\u0105 kalimo gyl\u012f. Paprastai tai galima padaryti naudojant pateiktus valdiklius arba mechanizmus. Nor\u0117dami u\u017etikrinti tiksl\u0173 reguliavim\u0105, laikykit\u0117s gamintojo nurodym\u0173.<\/li>\n<li><strong>Poli\u0173 kalimo operacija:<\/strong> \u012ejunkite hidraulin\u012f maitinimo \u0161altin\u012f, kad prad\u0117tum\u0117te poli\u0173 kalimo operacij\u0105. Pjaustytuvo-siurbimo \u017eemsiurb\u0117s apverst\u0173 poli\u0173 cilindras valdoma j\u0117ga \u012fkals polius \u012f j\u016bros dugn\u0105. Atid\u017eiai steb\u0117kite proces\u0105, u\u017etikrindami, kad b\u016bt\u0173 pasiektas norimas gylis ir tikslumas.<\/li>\n<\/ul>\n<h2><strong>Kaip pakeisti hidraulinio cilindro sandariklius?<\/strong><\/h2>\n<p>Hidraulinio cilindro sandarikli\u0173 keitimas yra \u012fprasta prie\u017ei\u016bros u\u017eduotis, padedanti atkurti jo veikim\u0105 ir i\u0161vengti nuot\u0117ki\u0173. \u0160tai nuoseklus vadovas, kaip pakeisti hidraulinio cilindro sandariklius:<\/p>\n<ol>\n<li><strong>Saugos priemon\u0117s:<\/strong>\n<ul>\n<li>\u012esitikinkite, kad hidraulin\u0117je sistemoje n\u0117ra sl\u0117gio, o cilindras yra visi\u0161kai i\u0161tiestas.<\/li>\n<li>Laikykit\u0117s tinkam\u0173 blokavimo \/ atjungimo proced\u016br\u0173, kad i\u0161vengtum\u0117te atsitiktinio sistemos \u012fjungimo.<\/li>\n<\/ul>\n<\/li>\n<li><strong>Cilindro nu\u0117mimas:<\/strong>\n<ul>\n<li>Atjunkite visas prie cilindro prijungtas hidraulines \u017earnas ar jungiam\u0105sias detales.<\/li>\n<li>Nuimkite visus tvirtinimo kai\u0161\u010dius arba var\u017etus, tvirtinan\u010dius cilindr\u0105 prie \u012frangos.<\/li>\n<li>Atsargiai i\u0161stumkite arba i\u0161judinkite cilindr\u0105 i\u0161 tvirtinimo laikikli\u0173 arba jung\u010di\u0173.<\/li>\n<\/ul>\n<\/li>\n<li><strong>Plombos identifikavimas:<\/strong>\n<ul>\n<li>Nustatykite sandarikli\u0173, kuriuos reikia pakeisti, tipus ir dyd\u017eius. \u0160i\u0105 informacij\u0105 galite rasti cilindro dokumentacijoje arba i\u0161matavus senus sandariklius.<\/li>\n<\/ul>\n<\/li>\n<li><strong>I\u0161ardymas:<\/strong>\n<ul>\n<li>Pad\u0117kite cilindr\u0105 ant \u0161varaus darbinio pavir\u0161iaus.<\/li>\n<li>Nuimkite cilindro galin\u012f (-ius) dangtel\u012f (-ius) naudodami tinkamus \u012frankius, pvz., ver\u017eliarak\u010dius arba galvu\u010di\u0173 rinkinius.<\/li>\n<li>Atsargiai nuimkite st\u016bmokl\u012f, stryp\u0105 ir senus sandariklius nuo cilindro korpuso.<\/li>\n<li>I\u0161ardydami komponentus, atkreipkite d\u0117mes\u012f \u012f j\u0173 tvark\u0105 ir orientacij\u0105.<\/li>\n<\/ul>\n<\/li>\n<li><strong>Plomb\u0117s pa\u0161alinimas:<\/strong>\n<ul>\n<li>\u0160velniai nuimkite senus sandariklius i\u0161 atitinkam\u0173 grioveli\u0173, naudodami sandarikli\u0173 \u0161alinimo \u012frankius arba kirtiklius.<\/li>\n<li>\u0160io proceso metu b\u016bkite atsarg\u016bs ir nepa\u017eeiskite cilindro angos ar kit\u0173 pavir\u0161i\u0173.<\/li>\n<\/ul>\n<\/li>\n<li><strong>Valymas ir ap\u017ei\u016bra:<\/strong>\n<ul>\n<li>Cilindro korpus\u0105, st\u016bmokl\u012f, kot\u0105 ir kitus komponentus nuvalykite tinkamu valymo tirpikliu, kad pa\u0161alintum\u0117te ne\u0161varumus, \u0161iuk\u0161les ir hidraulinio skys\u010dio liku\u010dius.<\/li>\n<li>Patikrinkite visas dalis, ar n\u0117ra pa\u017eeidim\u0173 ar susid\u0117v\u0117jimo po\u017eymi\u0173, toki\u0173 kaip \u012fbr\u0117\u017eimai, \u012fdubimai ar \u012ftr\u016bkimai.<\/li>\n<li>Prireikus pakeiskite visus pa\u017eeistus ar susid\u0117v\u0117jusius komponentus.<\/li>\n<\/ul>\n<\/li>\n<li><strong>Naujo sandariklio montavimas:<\/strong>\n<ul>\n<li>Prie\u0161 montuodami naujus sandariklius, sutepkite juos hidrauline alyva.<\/li>\n<li>Atsargiai \u012fstatykite naujus sandariklius \u012f atitinkamus griovelius, u\u017etikrindami, kad jie tinkamai \u012fstatyti.<\/li>\n<li>Naudokite sandarikli\u0173 montavimo \u012frankius arba tinkamus improvizuotus metodus, kad sandarikliai b\u016bt\u0173 tolygiai \u012fspausti \u012f viet\u0105.<\/li>\n<li>Montavimo metu b\u016bkite atsarg\u016bs, kad nepa\u017eeistum\u0117te sandarikli\u0173.<\/li>\n<\/ul>\n<\/li>\n<li><strong>Surinkimas:<\/strong>\n<ul>\n<li>\u012estatykite st\u016bmokl\u012f, stryp\u0105 ir sandariklius atgal \u012f cilindro korpus\u0105, laikydamiesi teisingos tvarkos ir orientacijos.<\/li>\n<li>Ant sandarikli\u0173 ir kit\u0173 kontaktini\u0173 pavir\u0161i\u0173 u\u017etepkite plon\u0105 hidraulin\u0117s alyvos sluoksn\u012f.<\/li>\n<li>Atsargiai v\u0117l u\u017ed\u0117kite galin\u012f dangtel\u012f (-ius) ir tvirtai priver\u017ekite juos pagal gamintojo specifikacijas.<\/li>\n<li>\u012esitikinkite, kad visos sriegin\u0117s jungtys yra tinkamai sulygiuotos ir priver\u017etos.<\/li>\n<\/ul>\n<\/li>\n<li><strong>Cilindro montavimas i\u0161 naujo:<\/strong>\n<ul>\n<li>Surinkt\u0105 cilindr\u0105 \u012fstumkite arba pakreipkite atgal \u012f tvirtinimo laikiklius arba jungtis.<\/li>\n<li>Pritvirtinkite visus tvirtinimo kai\u0161\u010dius arba var\u017etus, kad pritvirtintum\u0117te cilindr\u0105 vietoje.<\/li>\n<li>Prijunkite hidraulines \u017earnas arba jungiam\u0105sias detales prie cilindro, u\u017etikrindami tinkam\u0105 sulygiavim\u0105 ir sandarum\u0105.<\/li>\n<\/ul>\n<\/li>\n<li><strong>Testavimas ir patikra:<\/strong>\n<ul>\n<li>Pakartotinai padidinkite hidraulin\u0117s sistemos sl\u0117g\u012f ir patikrinkite, ar n\u0117ra nuot\u0117ki\u0173 ar veikimo sutrikim\u0173.<\/li>\n<li>Visi\u0161kai i\u0161tieskite ir sutraukite cilindr\u0105, kad jis jud\u0117t\u0173 skland\u017eiai ir tinkamai veikt\u0173.<\/li>\n<li>Patikrinkite cilindr\u0105 ir jo jungtis, ar n\u0117ra nuot\u0117kio ar kit\u0173 problem\u0173.<\/li>\n<\/ul>\n<\/li>\n<\/ol>\n<h2><strong>Gamyklos paj\u0117gumai ir talpa:<\/strong><\/h2>\n<h3>(1) Surinkimas<\/h3>\n<p>Turime pirmos klas\u0117s nepriklausom\u0105 tyrim\u0173 ir pl\u0117tros surinkimo platform\u0105. Hidraulini\u0173 cilindr\u0173 gamybos ceche yra keturios pusiau automatin\u0117s k\u0117limo cilindr\u0173 surinkimo linijos ir viena automatin\u0117 pakreipimo cilindr\u0173 surinkimo linija, kuri\u0173 projektinis metinis gamybos paj\u0117gumas yra 1 milijonas vienet\u0173. Speciali\u0173j\u0173 cilindr\u0173 ceche \u012frengta \u012fvairi\u0173 specifikacij\u0173 pusiau automatin\u0117 valymo surinkimo sistema, kurios projektinis metinis gamybos paj\u0117gumas yra 200 000 vienet\u0173, ir garsi CNC apdirbimo \u012franga, apdirbimo centras, didelio tikslumo cilindr\u0173 apdirbimo speciali \u012franga, robotinis suvirinimo aparatas, automatinis valymo aparatas, automatinis cilindr\u0173 surinkimo aparatas ir automatin\u0117 da\u017eymo gamybos linija. Esama daugiau nei 300 rinkini\u0173 (komplekt\u0173) kritin\u0117 \u012franga. Optimalus \u012frangos i\u0161tekli\u0173 paskirstymas ir efektyvus naudojimas u\u017etikrina gamini\u0173 tikslumo reikalavimus ir auk\u0161tus gamini\u0173 kokyb\u0117s poreikius.<\/p>\n<p><img loading=\"lazy\" decoding=\"async\" class=\"alignnone wp-image-626\" src=\"https:\/\/hydraulic-cylinders.net\/wp-content\/uploads\/2023\/08\/hydraulic-cylinder-product-1-300x158.webp\" alt=\"\" width=\"495\" height=\"260\" srcset=\"https:\/\/hydraulic-cylinders.net\/wp-content\/uploads\/2023\/08\/hydraulic-cylinder-product-1-300x158.webp 495w, https:\/\/hydraulic-cylinders.net\/wp-content\/uploads\/2023\/08\/hydraulic-cylinder-product-1-480x252.webp 480w\" sizes=\"(min-width: 0px) and (max-width: 480px) 480px, (min-width: 481px) 495px, 100vw\" \/> <img loading=\"lazy\" decoding=\"async\" class=\"alignnone wp-image-627\" src=\"https:\/\/hydraulic-cylinders.net\/wp-content\/uploads\/2023\/08\/hydraulic-cylinder-product-2-300x189.webp\" alt=\"\" width=\"413\" height=\"260\" \/><\/p>\n<h3>(2) Apdirbimas<\/h3>\n<p>Mechaninio apdirbimo ceche \u012frengtas pritaikytas nuo\u017eulnaus b\u0117gio tekinimo centras, apdirbimo centras, greitaeigis galandimo stakl\u0117s, suvirinimo robotas ir kita susijusi \u012franga, galinti apdirbti cilindrinius vamzd\u017eius, kuri\u0173 maksimalus vidinis skersmuo yra 400 mm, o maksimalus ilgis \u2013 6 metrai.<\/p>\n<p><img loading=\"lazy\" decoding=\"async\" class=\"alignnone wp-image-628 size-large\" src=\"https:\/\/hydraulic-cylinders.net\/wp-content\/uploads\/2023\/08\/hydraulic-cylinder-product-3-1024x391.webp\" alt=\"\" width=\"1024\" height=\"391\" srcset=\"https:\/\/hydraulic-cylinders.net\/wp-content\/uploads\/2023\/08\/hydraulic-cylinder-product-3-980x374.webp 980w, https:\/\/hydraulic-cylinders.net\/wp-content\/uploads\/2023\/08\/hydraulic-cylinder-product-3-480x183.webp 480w\" sizes=\"(min-width: 0px) and (max-width: 480px) 480px, (min-width: 481px) and (max-width: 980px) 980px, (min-width: 981px) 1024px, 100vw\" \/><\/p>\n<h3>(3) Suvirinimas<\/h3>\n<p><img loading=\"lazy\" decoding=\"async\" class=\"alignnone wp-image-629 size-large\" src=\"https:\/\/hydraulic-cylinders.net\/wp-content\/uploads\/2023\/08\/hydraulic-cylinder-product-4-1024x510.webp\" alt=\"\" width=\"1024\" height=\"510\" srcset=\"https:\/\/hydraulic-cylinders.net\/wp-content\/uploads\/2023\/08\/hydraulic-cylinder-product-4-980x488.webp 980w, https:\/\/hydraulic-cylinders.net\/wp-content\/uploads\/2023\/08\/hydraulic-cylinder-product-4-480x239.webp 480w\" sizes=\"(min-width: 0px) and (max-width: 480px) 480px, (min-width: 481px) and (max-width: 980px) 980px, (min-width: 981px) 1024px, 100vw\" \/><\/p>\n<h3>(4) Da\u017eymas ir dengimas<\/h3>\n<p>Su ma\u017eomis ir vidutinio dyd\u017eio cilindrin\u0117mis automatin\u0117mis vandens pagrindo da\u017e\u0173 dengimo linijomis, siekiant automatinio robot\u0173 pakrovimo ir i\u0161krovimo bei automatinio pur\u0161kimo, projektinis paj\u0117gumas yra 4000 vienet\u0173 per pamain\u0105;<br \/>\nTaip pat turime pusiau automatin\u0119 dideli\u0173 cilindr\u0173 da\u017e\u0173 gamybos linij\u0105, varom\u0105 grandin\u0117s, kurios projektinis na\u0161umas yra 60 d\u0117\u017ei\u0173 per pamain\u0105.<\/p>\n<p><img loading=\"lazy\" decoding=\"async\" class=\"alignnone wp-image-630\" src=\"https:\/\/hydraulic-cylinders.net\/wp-content\/uploads\/2023\/08\/hydraulic-cylinder-product-5-300x213.webp\" alt=\"\" width=\"366\" height=\"260\" \/> <img loading=\"lazy\" decoding=\"async\" class=\"alignnone wp-image-631\" src=\"https:\/\/hydraulic-cylinders.net\/wp-content\/uploads\/2023\/08\/hydraulic-cylinder-product-6-300x225.webp\" alt=\"\" width=\"347\" height=\"260\" \/><\/p>\n<h3>(5) Testavimas<\/h3>\n<p>Turime auk\u0161\u010diausios klas\u0117s patikros patalpas ir bandym\u0173 stendus, kad u\u017etikrintume, jog baliono veikimas atitinka reikalavimus.<\/p>\n<p><img loading=\"lazy\" decoding=\"async\" class=\"alignnone wp-image-632\" src=\"https:\/\/hydraulic-cylinders.net\/wp-content\/uploads\/2023\/08\/hydraulic-cylinder-product-8-300x200.webp\" alt=\"\" width=\"389\" height=\"260\" \/><\/p>\n<p>&nbsp;<\/p>\n<p>&nbsp;<\/p>\n<p>Esame vienas geriausi\u0173 hidraulini\u0173 cilindr\u0173 gamintoj\u0173. Galime pasi\u016blyti i\u0161samius hidraulinius cilindrus. Taip pat teikiame atitinkamus <a href=\"https:\/\/hzpt.com\/agricultural-pto-gearbox\/\" target=\"_blank\" rel=\"noopener\">\u017eem\u0117s \u016bkio pavar\u0173 d\u0117\u017e\u0117s<\/a>Mes eksportuojame savo gaminius klientams visame pasaulyje ir peln\u0117me ger\u0105 reputacij\u0105 d\u0117l auk\u0161\u010diausios gamini\u0173 kokyb\u0117s ir aptarnavimo po pardavimo. Mes laukiame klient\u0173 \u0161alyje ir u\u017esienyje, norin\u010di\u0173 susisiekti su mumis der\u0117tis d\u0117l verslo, keistis informacija ir... <a href=\"https:\/\/www.hydraulic-cylinders.net\/lt\/contact-us\/\">bendradarbiauti su mumis<\/a>!<\/p>","protected":false},"excerpt":{"rendered":"<p>Cutter Suction Dredger Inverted Pile Cylinder The cutter suction dredger inverted pile cylinder is a groundbreaking hydraulic device transforming marine construction projects. With its innovative design and exceptional performance, this cylinder is crucial to modern dredging operations. The cutter suction dredger inverted pile cylinder has revolutionized marine construction by offering exceptional performance in piling operations. [&hellip;]<\/p>","protected":false},"featured_media":1764,"comment_status":"open","ping_status":"closed","template":"","meta":{"_et_pb_use_builder":"","_et_pb_old_content":"","_et_gb_content_width":""},"product_brand":[],"product_cat":[1535,1549,1552,1376],"product_tag":[1380],"class_list":{"0":"post-1761","1":"product","2":"type-product","3":"status-publish","4":"has-post-thumbnail","6":"product_cat-dredger-hydraulic-cylinders","7":"product_cat-single-acting-hydraulic-cylinder","8":"product_cat-stainless-steel-hydraulic-cylinder","9":"product_cat-hydraulic-cylinder","10":"product_tag-hydraulic-cylinder","12":"first","13":"instock","14":"shipping-taxable","15":"product-type-simple"},"amp_enabled":true,"_links":{"self":[{"href":"https:\/\/www.hydraulic-cylinders.net\/lt\/wp-json\/wp\/v2\/product\/1761","targetHints":{"allow":["GET"]}}],"collection":[{"href":"https:\/\/www.hydraulic-cylinders.net\/lt\/wp-json\/wp\/v2\/product"}],"about":[{"href":"https:\/\/www.hydraulic-cylinders.net\/lt\/wp-json\/wp\/v2\/types\/product"}],"replies":[{"embeddable":true,"href":"https:\/\/www.hydraulic-cylinders.net\/lt\/wp-json\/wp\/v2\/comments?post=1761"}],"wp:featuredmedia":[{"embeddable":true,"href":"https:\/\/www.hydraulic-cylinders.net\/lt\/wp-json\/wp\/v2\/media\/1764"}],"wp:attachment":[{"href":"https:\/\/www.hydraulic-cylinders.net\/lt\/wp-json\/wp\/v2\/media?parent=1761"}],"wp:term":[{"taxonomy":"product_brand","embeddable":true,"href":"https:\/\/www.hydraulic-cylinders.net\/lt\/wp-json\/wp\/v2\/product_brand?post=1761"},{"taxonomy":"product_cat","embeddable":true,"href":"https:\/\/www.hydraulic-cylinders.net\/lt\/wp-json\/wp\/v2\/product_cat?post=1761"},{"taxonomy":"product_tag","embeddable":true,"href":"https:\/\/www.hydraulic-cylinders.net\/lt\/wp-json\/wp\/v2\/product_tag?post=1761"}],"curies":[{"name":"wp","href":"https:\/\/api.w.org\/{rel}","templated":true}]}}