{"id":1762,"date":"2023-10-13T06:07:06","date_gmt":"2023-10-13T06:07:06","guid":{"rendered":"https:\/\/hydraulic-cylinders.net\/?post_type=product&#038;p=1762"},"modified":"2025-04-15T05:55:04","modified_gmt":"2025-04-15T05:55:04","slug":"trailing-suction-dredger-heave-compensation-cylinder","status":"publish","type":"product","link":"https:\/\/www.hydraulic-cylinders.net\/lt\/produktas\/trailing-suction-dredger-heave-compensation-cylinder\/","title":{"rendered":"Galinio siurbimo \u017eemsiurb\u0117s pak\u0117limo kompensavimo cilindras"},"content":{"rendered":"<h1 style=\"text-align: center;\"><strong> Galinio siurbimo \u017eemsiurb\u0117s pak\u0117limo kompensavimo cilindras<\/strong><\/h1>\n<p><img loading=\"lazy\" decoding=\"async\" class=\"aligncenter wp-image-1766\" src=\"https:\/\/hydraulic-cylinders.net\/wp-content\/uploads\/2023\/10\/trailing-suction-dredger-heave-compensation-cylinder-1-300x300.webp\" alt=\"\" width=\"400\" height=\"400\" \/><\/p>\n<p>Velkamo \u017eemsiurb\u0117s pak\u0117limo kompensavimo cilindras yra pa\u017eangus hidraulinis \u012ftaisas, kuris pakeit\u0117 gilinimo operacij\u0173 efektyvum\u0105 ir veiksmingum\u0105. \u0160is cilindras, skirtas tiksliam pak\u0117limo kompensavimui, u\u017etikrina optimal\u0173 gilinimo na\u0161um\u0105 net sud\u0117tingoje j\u016brin\u0117je aplinkoje.<\/p>\n<p>Velkamas \u017eemsiurb\u0117s pak\u0117limo kompensavimo cilindras kei\u010dia \u017eaidimo taisykles j\u016brini\u0173 dugno valymo darb\u0173 srityje. Jo didel\u0117 kompensavimo galia, tvirta konstrukcija ir didelis tikslumas padeda padidinti dugno valymo darb\u0173 efektyvum\u0105 ir tikslum\u0105. Laikydamiesi tinkam\u0173 naudojimo metod\u0173 ir taikydami aktyvi\u0105 prie\u017ei\u016bros strategij\u0105, j\u016br\u0173 specialistai gali maksimaliai padidinti \u0161io i\u0161skirtinio hidraulinio \u012frenginio na\u0161um\u0105 ir tarnavimo laik\u0105. Pasinaudokite velkamo \u017eemsiurb\u0117s pak\u0117limo kompensavimo cilindro galia ir patirkite skirtum\u0105, kur\u012f jis gali padaryti j\u016bs\u0173 dugno valymo darbuose.<\/p>\n<p>Velkamojo \u017eemsiurb\u0117s pak\u0117limo kompensavimo cilindro pagrindin\u0117s charakteristikos:<\/p>\n<ul>\n<li>Pakilimo kompensavimo galimyb\u0117: Velkamas \u017eemsiurb\u0117s pakilimo kompensavimo cilindras yra specialiai suprojektuotas taip, kad neutralizuot\u0173 laivo pakilimo poveik\u012f gilinimo operacij\u0173 metu. Jis efektyviai kompensuoja vertikalius judesius, u\u017etikrindamas nuosekl\u0173 ir tiksl\u0173 siurbimo vamzd\u017eio pozicionavim\u0105.<\/li>\n<li>Tvirta konstrukcija: \u0160is cilindras pagamintas galvojant apie ilgaam\u017ei\u0161kum\u0105 i\u0161 auk\u0161tos kokyb\u0117s med\u017eiag\u0173, kurios pasi\u017eymi i\u0161skirtiniu tvirtumu ir atsparumu korozijai. Jis gali atlaikyti at\u0161iaurias j\u016brines s\u0105lygas, u\u017etikrindamas ilgalaik\u012f veikim\u0105 ir patikimum\u0105.<\/li>\n<li>High-Precision Control: The cylinder&#8217;s advanced hydraulic system enables precise control over the heave compensation process. It allows for responsive adjustments, ensuring the suction pipe maintains the desired depth and position for efficient dredging.<\/li>\n<\/ul>\n<h2><strong>Galinio siurbimo \u017eemsiurb\u0117s pak\u0117limo kompensavimo cilindro parametras:<\/strong><\/h2>\n<table border=\"1\" cellspacing=\"0\" cellpadding=\"0\">\n<tbody>\n<tr>\n<td>Produkto pavadinimas<\/td>\n<td>Galinio siurbimo \u017eemsiurb\u0117s pak\u0117limo kompensavimo cilindras<\/td>\n<\/tr>\n<tr>\n<td>Savyb\u0117s:<\/td>\n<td>Kompensuoti santykin\u012f vilkimo galvut\u0117s ir korpuso poslink\u012f darbo metu<\/td>\n<\/tr>\n<tr>\n<td>Skyl\u0117s skersmuo:<\/td>\n<td>Iki 400 mm<\/td>\n<\/tr>\n<tr>\n<td>Strypo skersmuo:<\/td>\n<td>Iki 360 mm<br \/>\nEiga iki 4000 mm<\/td>\n<\/tr>\n<tr>\n<td>Sl\u0117gis:<\/td>\n<td>iki 32 MPa<\/td>\n<\/tr>\n<tr>\n<td>Traukos j\u0117ga:<\/td>\n<td>Maksimali galia 1600 kN<\/td>\n<\/tr>\n<tr>\n<td>Parai\u0161kos:<\/td>\n<td>Velkamasis siurbimo \u017eemsiurbis<\/td>\n<\/tr>\n<\/tbody>\n<\/table>\n<div><\/div>\n<div>\n<div class=\"txtboxL\">Savyb\u0117s:<\/div>\n<div class=\"txtboxR\">U\u017etikrinkite st\u016bmimo ir traukimo j\u0117g\u0105 plieninei kr\u016bvai i\u0161skleisti ir i\u0161skleisti<\/div>\n<div class=\"txtboxL\">Specifikacija:<\/div>\n<div class=\"txtboxR\">Gr\u0119\u017einio skersmuo: iki 620 mm<br \/>\nStrypo skersmuo: iki 360 mm<br \/>\nEiga iki 5200 mm<\/div>\n<div class=\"txtboxL\">Sl\u0117gis:<\/div>\n<div class=\"txtboxR\">iki 32 MPa<\/div>\n<div class=\"txtboxL\">Traukos j\u0117ga:<\/div>\n<div class=\"txtboxR\">Maksimali 7500 kN<\/div>\n<div class=\"txtboxL\">Traukimo j\u0117ga:<\/div>\n<div class=\"txtboxR\">Maksimalus 5000 kN<\/div>\n<\/div>\n<h2><strong>\u017demsiurb\u0117s bako pjaustytuvo-siurbimo cilindr\u0173 taikymas:<\/strong><\/h2>\n<p><img loading=\"lazy\" decoding=\"async\" class=\"alignnone wp-image-1757 size-full\" src=\"https:\/\/hydraulic-cylinders.net\/wp-content\/uploads\/2023\/10\/dredger-tank-cylinder-1.webp\" alt=\"\" width=\"600\" height=\"400\" srcset=\"https:\/\/hydraulic-cylinders.net\/wp-content\/uploads\/2023\/10\/dredger-tank-cylinder-1.webp 600w, https:\/\/hydraulic-cylinders.net\/wp-content\/uploads\/2023\/10\/dredger-tank-cylinder-1-480x320.webp 480w\" sizes=\"(min-width: 0px) and (max-width: 480px) 480px, (min-width: 481px) 600px, 100vw\" \/><\/p>\n<h2><strong>Siurbimo \u017eemsiurb\u0117s k\u0117limo kompensavimo cilindro naudojimo metodas<\/strong><strong>:<\/strong><\/h2>\n<ol>\n<li><strong>Paruo\u0161imas: <\/strong>Prie\u0161 naudodami velkamojo \u017eemsiurb\u0117s pak\u0117limo kompensavimo cilindr\u0105, atlikite i\u0161sam\u0173 patikrinim\u0105, kad \u012fsitikintum\u0117te, jog visi komponentai tinkamai veikia. Patikrinkite, ar n\u0117ra pa\u017eeidim\u0173, nuot\u0117ki\u0173 ar susid\u0117v\u0117jusi\u0173 tarpini\u0173.<\/li>\n<li><strong>\u012erengimas:<\/strong> Mount the cylinder securely to the dredger or related equipment, ensuring stability during operation. Follow the manufacturer&#8217;s guidelines for proper installation, including the alignment of hydraulic connections.<\/li>\n<li><strong>Hidraulin\u0117s sistemos integravimas:<\/strong> Prijunkite cilindr\u0105 prie hidraulinio maitinimo \u0161altinio naudodami suderinamas \u017earnas arba jungiam\u0105sias detales. Patikrinkite, ar jungtys yra tvirtos, nepralaid\u017eios ir tinkamai sulygiuotos.<\/li>\n<li><strong>Kalibravimas:<\/strong> Calibrate the heave compensation system according to the specific dredging requirements. This may involve adjusting parameters such as stroke length, speed, or pressure. Refer to the manufacturer&#8217;s instructions for precise calibration methods.<\/li>\n<li><strong>Operacin\u0117 kontrol\u0117: <\/strong>\u012ejunkite hidraulin\u012f maitinimo \u0161altin\u012f, kad prad\u0117tum\u0117te laivo pakilimo kompensavimo proces\u0105. Velkamas \u017eemsiurb\u0117s pakilimo kompensavimo cilindras automati\u0161kai reaguos \u012f laivo pakilim\u0105, palaikydamas norim\u0105 siurbimo vamzd\u017eio pad\u0117t\u012f, kad dugno gilinimas b\u016bt\u0173 efektyvus. Atid\u017eiai steb\u0117kite operacij\u0105, kad pasiektum\u0117te optimali\u0173 rezultat\u0173.<\/li>\n<\/ol>\n<h2><strong>Kaip veikia dvigubo veikimo hidraulinis cilindras?<\/strong><\/h2>\n<p>Dvigubo veikimo hidraulinis cilindras yra hidraulin\u0117s pavaros tipas, veikiantis abiem kryptimis, u\u017etikrindamas j\u0117g\u0105 ir judes\u012f tiek i\u0161pl\u0117timo, tiek atitraukimo eigoje. J\u012f sudaro cilindrinis cilindras, st\u016bmoklis, st\u016bmokliniai kotai, sandarikliai ir hidraulinio skys\u010dio angos.<\/p>\n<p>\u0160tai nuoseklus dvigubo veikimo hidraulinio cilindro veikimo apra\u0161ymas:<\/p>\n<ol>\n<li><strong>Skys\u010di\u0173 suvartojimas:<\/strong> Hidraulinis cilindras prijungtas prie hidraulinio j\u0117gos agregato arba siurblio, tiekian\u010dio susl\u0117gt\u0105 hidraulin\u012f skyst\u012f. Skystis paprastai yra alyvos pagrindu pagamintas hidraulinis skystis.<\/li>\n<li><strong>Prat\u0119simo sm\u016bgis:<\/strong> When hydraulic fluid is supplied to the cylinder&#8217;s rod-end port, it enters the cylinder&#8217;s barrel behind the piston. The fluid&#8217;s pressure pushes the piston and the connected piston rod outward, extending the cylinder.<\/li>\n<li><strong>Atitraukimo sm\u016bgis:<\/strong> To retract the cylinder, hydraulic fluid is supplied to the cylinder&#8217;s cap-end port. The fluid enters the barrel in front of the piston, exerting pressure and pushing the piston and piston rod back into the cylinder.<\/li>\n<li><strong>Sandarinimo mechanizmas:<\/strong> Hidraulinis cilindras turi sandariklius, tokius kaip st\u016bmoklio ir koto sandarikliai, kurie apsaugo nuo hidraulinio skys\u010dio nuot\u0117kio. \u0160ie sandarikliai u\u017etikrina, kad skystis b\u016bt\u0173 cilindro viduje, palaikydami sl\u0117g\u012f ir neleisdami prarasti j\u0117gos.<\/li>\n<li><strong>Valdymo vo\u017etuvai:<\/strong> Valdymo vo\u017etuvai naudojami hidraulinio skys\u010dio kryp\u010diai ir srautui valdyti. \u0160ie vo\u017etuvai nukreipia skyst\u012f \u012f atitinkam\u0105 cilindro ang\u0105, leisdami j\u012f i\u0161skleisti arba atitraukti pagal norim\u0105 judes\u012f.<\/li>\n<li><strong>St\u016bmoklio ir koto konstrukcija:<\/strong> St\u016bmoklis ir st\u016bmoklio kotas paprastai yra sandariai atskirti vienas nuo kito, siekiant u\u017etikrinti, kad susl\u0117gtas skystis vienu metu veikt\u0173 tik vienoje st\u016bmoklio pus\u0117je. \u0160i konstrukcija leid\u017eia atlikti atskirus i\u0161pl\u0117timo ir atitraukimo eig\u0105, u\u017etikrinant jud\u0117jim\u0105 dviem kryptimis.<\/li>\n<li><strong>Apkrovos taikymas:<\/strong> Hidraulinio cilindro st\u016bmoklio kotas pritvirtintas prie krovinio arba mechanizmo, kuriam reikalinga j\u0117ga arba judesys. Hidrauliniam skys\u010diui i\u0161stumiant arba atitraukiant st\u016bmokl\u012f, sukurta energija per st\u016bmoklio kot\u0105 perduodama kroviniui, leisdama jam jud\u0117ti arba naudoti j\u0117g\u0105.<\/li>\n<li><strong>Sl\u0117gio ma\u017einimas:<\/strong> Hidraulinio cilindro grei\u010diui ir j\u0117gai valdyti hidraulin\u0117je sistemoje gali b\u016bti naudojami sl\u0117gio ma\u017einimo vo\u017etuvai arba srauto reguliavimo vo\u017etuvai. \u0160ie vo\u017etuvai reguliuoja hidraulinio skys\u010dio sl\u0117g\u012f ir sraut\u0105, neleisdami susidaryti per dideliam sl\u0117giui ir u\u017etikrindami saug\u0173 veikim\u0105.<\/li>\n<\/ol>\n<h2><strong>Gamyklos paj\u0117gumai ir talpa:<\/strong><\/h2>\n<h3>(1) Surinkimas<\/h3>\n<p>Turime pirmos klas\u0117s nepriklausom\u0105 tyrim\u0173 ir pl\u0117tros surinkimo platform\u0105. Hidraulini\u0173 cilindr\u0173 gamybos ceche yra keturios pusiau automatin\u0117s k\u0117limo cilindr\u0173 surinkimo linijos ir viena automatin\u0117 pakreipimo cilindr\u0173 surinkimo linija, kuri\u0173 projektinis metinis gamybos paj\u0117gumas yra 1 milijonas vienet\u0173. Speciali\u0173j\u0173 cilindr\u0173 ceche \u012frengta \u012fvairi\u0173 specifikacij\u0173 pusiau automatin\u0117 valymo surinkimo sistema, kurios projektinis metinis gamybos paj\u0117gumas yra 200 000 vienet\u0173, ir garsi CNC apdirbimo \u012franga, apdirbimo centras, didelio tikslumo cilindr\u0173 apdirbimo speciali \u012franga, robotinis suvirinimo aparatas, automatinis valymo aparatas, automatinis cilindr\u0173 surinkimo aparatas ir automatin\u0117 da\u017eymo gamybos linija. Esama daugiau nei 300 rinkini\u0173 (komplekt\u0173) kritin\u0117 \u012franga. Optimalus \u012frangos i\u0161tekli\u0173 paskirstymas ir efektyvus naudojimas u\u017etikrina gamini\u0173 tikslumo reikalavimus ir auk\u0161tus gamini\u0173 kokyb\u0117s poreikius.<\/p>\n<p><img loading=\"lazy\" decoding=\"async\" class=\"alignnone wp-image-626\" src=\"https:\/\/hydraulic-cylinders.net\/wp-content\/uploads\/2023\/08\/hydraulic-cylinder-product-1-300x158.webp\" alt=\"\" width=\"495\" height=\"260\" srcset=\"https:\/\/hydraulic-cylinders.net\/wp-content\/uploads\/2023\/08\/hydraulic-cylinder-product-1-300x158.webp 495w, https:\/\/hydraulic-cylinders.net\/wp-content\/uploads\/2023\/08\/hydraulic-cylinder-product-1-480x252.webp 480w\" sizes=\"(min-width: 0px) and (max-width: 480px) 480px, (min-width: 481px) 495px, 100vw\" \/> <img loading=\"lazy\" decoding=\"async\" class=\"alignnone wp-image-627\" src=\"https:\/\/hydraulic-cylinders.net\/wp-content\/uploads\/2023\/08\/hydraulic-cylinder-product-2-300x189.webp\" alt=\"\" width=\"413\" height=\"260\" \/><\/p>\n<h3>(2) Apdirbimas<\/h3>\n<p>Mechaninio apdirbimo ceche \u012frengtas pritaikytas nuo\u017eulnaus b\u0117gio tekinimo centras, apdirbimo centras, greitaeigis galandimo stakl\u0117s, suvirinimo robotas ir kita susijusi \u012franga, galinti apdirbti cilindrinius vamzd\u017eius, kuri\u0173 maksimalus vidinis skersmuo yra 400 mm, o maksimalus ilgis \u2013 6 metrai.<\/p>\n<p><img loading=\"lazy\" decoding=\"async\" class=\"alignnone wp-image-628 size-large\" src=\"https:\/\/hydraulic-cylinders.net\/wp-content\/uploads\/2023\/08\/hydraulic-cylinder-product-3-1024x391.webp\" alt=\"\" width=\"1024\" height=\"391\" srcset=\"https:\/\/hydraulic-cylinders.net\/wp-content\/uploads\/2023\/08\/hydraulic-cylinder-product-3-980x374.webp 980w, https:\/\/hydraulic-cylinders.net\/wp-content\/uploads\/2023\/08\/hydraulic-cylinder-product-3-480x183.webp 480w\" sizes=\"(min-width: 0px) and (max-width: 480px) 480px, (min-width: 481px) and (max-width: 980px) 980px, (min-width: 981px) 1024px, 100vw\" \/><\/p>\n<h3>(3) Suvirinimas<\/h3>\n<p><img loading=\"lazy\" decoding=\"async\" class=\"alignnone wp-image-629 size-large\" src=\"https:\/\/hydraulic-cylinders.net\/wp-content\/uploads\/2023\/08\/hydraulic-cylinder-product-4-1024x510.webp\" alt=\"\" width=\"1024\" height=\"510\" srcset=\"https:\/\/hydraulic-cylinders.net\/wp-content\/uploads\/2023\/08\/hydraulic-cylinder-product-4-980x488.webp 980w, https:\/\/hydraulic-cylinders.net\/wp-content\/uploads\/2023\/08\/hydraulic-cylinder-product-4-480x239.webp 480w\" sizes=\"(min-width: 0px) and (max-width: 480px) 480px, (min-width: 481px) and (max-width: 980px) 980px, (min-width: 981px) 1024px, 100vw\" \/><\/p>\n<h3>(4) Da\u017eymas ir dengimas<\/h3>\n<p>Su ma\u017eomis ir vidutinio dyd\u017eio cilindrin\u0117mis automatin\u0117mis vandens pagrindo da\u017e\u0173 dengimo linijomis, siekiant automatinio robot\u0173 pakrovimo ir i\u0161krovimo bei automatinio pur\u0161kimo, projektinis paj\u0117gumas yra 4000 vienet\u0173 per pamain\u0105;<br \/>\nTaip pat turime pusiau automatin\u0119 dideli\u0173 cilindr\u0173 da\u017e\u0173 gamybos linij\u0105, varom\u0105 grandin\u0117s, kurios projektinis na\u0161umas yra 60 d\u0117\u017ei\u0173 per pamain\u0105.<\/p>\n<p><img loading=\"lazy\" decoding=\"async\" class=\"alignnone wp-image-630\" src=\"https:\/\/hydraulic-cylinders.net\/wp-content\/uploads\/2023\/08\/hydraulic-cylinder-product-5-300x213.webp\" alt=\"\" width=\"366\" height=\"260\" \/> <img loading=\"lazy\" decoding=\"async\" class=\"alignnone wp-image-631\" src=\"https:\/\/hydraulic-cylinders.net\/wp-content\/uploads\/2023\/08\/hydraulic-cylinder-product-6-300x225.webp\" alt=\"\" width=\"347\" height=\"260\" \/><\/p>\n<h3>(5) Testavimas<\/h3>\n<p>Turime auk\u0161\u010diausios klas\u0117s patikros patalpas ir bandym\u0173 stendus, kad u\u017etikrintume, jog baliono veikimas atitinka reikalavimus.<\/p>\n<p><img loading=\"lazy\" decoding=\"async\" class=\"alignnone wp-image-632\" src=\"https:\/\/hydraulic-cylinders.net\/wp-content\/uploads\/2023\/08\/hydraulic-cylinder-product-8-300x200.webp\" alt=\"\" width=\"389\" height=\"260\" \/><\/p>\n<p>&nbsp;<\/p>\n<p>&nbsp;<\/p>\n<p>Esame vienas geriausi\u0173 hidraulini\u0173 cilindr\u0173 gamintoj\u0173. Galime pasi\u016blyti i\u0161samius hidraulinius cilindrus. Taip pat teikiame atitinkamus <a href=\"https:\/\/hzpt.com\/agricultural-pto-gearbox\/\" target=\"_blank\" rel=\"noopener\">\u017eem\u0117s \u016bkio pavar\u0173 d\u0117\u017e\u0117s<\/a>Mes eksportuojame savo gaminius klientams visame pasaulyje ir peln\u0117me ger\u0105 reputacij\u0105 d\u0117l auk\u0161\u010diausios gamini\u0173 kokyb\u0117s ir aptarnavimo po pardavimo. Mes laukiame klient\u0173 \u0161alyje ir u\u017esienyje, norin\u010di\u0173 susisiekti su mumis der\u0117tis d\u0117l verslo, keistis informacija ir... <a href=\"https:\/\/www.hydraulic-cylinders.net\/lt\/contact-us\/\">bendradarbiauti su mumis<\/a>!<\/p>","protected":false},"excerpt":{"rendered":"<p>Trailing Suction Dredger Heave Compensation Cylinder The trailing suction dredger heave compensation cylinder is a cutting-edge hydraulic device that has revolutionized the efficiency and effectiveness of dredging operations. Designed to provide precise heave compensation, this cylinder ensures optimal dredging performance even in challenging marine environments. The trailing suction dredger heave compensation cylinder is a game-changer [&hellip;]<\/p>","protected":false},"featured_media":1767,"comment_status":"open","ping_status":"closed","template":"","meta":{"_et_pb_use_builder":"","_et_pb_old_content":"","_et_gb_content_width":""},"product_brand":[],"product_cat":[1550,1535,1552,1376],"product_tag":[1380],"class_list":{"0":"post-1762","1":"product","2":"type-product","3":"status-publish","4":"has-post-thumbnail","6":"product_cat-double-acting-hydraulic-cylinder","7":"product_cat-dredger-hydraulic-cylinders","8":"product_cat-stainless-steel-hydraulic-cylinder","9":"product_cat-hydraulic-cylinder","10":"product_tag-hydraulic-cylinder","12":"first","13":"instock","14":"shipping-taxable","15":"product-type-simple"},"amp_enabled":true,"_links":{"self":[{"href":"https:\/\/www.hydraulic-cylinders.net\/lt\/wp-json\/wp\/v2\/product\/1762","targetHints":{"allow":["GET"]}}],"collection":[{"href":"https:\/\/www.hydraulic-cylinders.net\/lt\/wp-json\/wp\/v2\/product"}],"about":[{"href":"https:\/\/www.hydraulic-cylinders.net\/lt\/wp-json\/wp\/v2\/types\/product"}],"replies":[{"embeddable":true,"href":"https:\/\/www.hydraulic-cylinders.net\/lt\/wp-json\/wp\/v2\/comments?post=1762"}],"wp:featuredmedia":[{"embeddable":true,"href":"https:\/\/www.hydraulic-cylinders.net\/lt\/wp-json\/wp\/v2\/media\/1767"}],"wp:attachment":[{"href":"https:\/\/www.hydraulic-cylinders.net\/lt\/wp-json\/wp\/v2\/media?parent=1762"}],"wp:term":[{"taxonomy":"product_brand","embeddable":true,"href":"https:\/\/www.hydraulic-cylinders.net\/lt\/wp-json\/wp\/v2\/product_brand?post=1762"},{"taxonomy":"product_cat","embeddable":true,"href":"https:\/\/www.hydraulic-cylinders.net\/lt\/wp-json\/wp\/v2\/product_cat?post=1762"},{"taxonomy":"product_tag","embeddable":true,"href":"https:\/\/www.hydraulic-cylinders.net\/lt\/wp-json\/wp\/v2\/product_tag?post=1762"}],"curies":[{"name":"wp","href":"https:\/\/api.w.org\/{rel}","templated":true}]}}