{"id":1768,"date":"2023-10-13T06:16:16","date_gmt":"2023-10-13T06:16:16","guid":{"rendered":"https:\/\/hydraulic-cylinders.net\/?post_type=product&#038;p=1768"},"modified":"2025-04-15T05:55:00","modified_gmt":"2025-04-15T05:55:00","slug":"trailing-suction-dredger-hanger-cylinder","status":"publish","type":"product","link":"https:\/\/www.hydraulic-cylinders.net\/lt\/produktas\/trailing-suction-dredger-hanger-cylinder\/","title":{"rendered":"Galinio siurbimo \u017eemsiurb\u0117s pakabos cilindras"},"content":{"rendered":"<h1 style=\"text-align: center;\"><strong>Galinio siurbimo \u017eemsiurb\u0117s pakabos cilindras<\/strong><\/h1>\n<p><img loading=\"lazy\" decoding=\"async\" class=\"aligncenter wp-image-1771\" src=\"https:\/\/hydraulic-cylinders.net\/wp-content\/uploads\/2023\/10\/trailing-suction-dredger-hanger-cylinder-1-2-300x300.webp\" alt=\"\" width=\"400\" height=\"400\" \/><\/p>\n<p>Velkamo \u017eemsiurb\u0117s pakabos cilindras yra labai svarbus hidraulinis komponentas, kuris \u017eymiai optimizuoja gilinimo operacij\u0173 efektyvum\u0105 ir veiksmingum\u0105. \u0160is cilindras, sukurtas patikimai palaikyti ir valdyti, u\u017etikrina tiksl\u0173 velkamo siurbimo pakabos sistemos pad\u0117ties nustatym\u0105 ir stabilum\u0105.<\/p>\n<p>Velkamas \u017eemsiurb\u0117s pakabos cilindras yra gyvybi\u0161kai svarbus optimizuojant \u017eemsiurb\u0117s operacij\u0173 efektyvum\u0105 ir na\u0161um\u0105. D\u0117l tvirtos konstrukcijos, tikslaus pad\u0117ties ir laikomosios galios \u0161is hidraulinis cilindras suteikia reikiam\u0105 velkamos siurbimo pakabos sistemos atram\u0105 ir valdym\u0105. Laikydamiesi tinkam\u0173 naudojimo metod\u0173 ir reguliarios prie\u017ei\u016bros praktikos, \u017eemsiurb\u0117s specialistai gali maksimaliai padidinti \u0161io i\u0161skirtinio gaminio na\u0161um\u0105 ir tarnavimo laik\u0105. Pasinaudokite velkamos \u017eemsiurb\u0117s pakabos cilindro galia ir patirkite skirtum\u0105, kur\u012f jis gali padaryti j\u016bs\u0173 \u017eemsiurb\u0117s darbuose.<\/p>\n<p>Pagrindin\u0117s velkamojo \u017eemsiurb\u0117s pakabinamojo cilindro charakteristikos:<\/p>\n<ol>\n<li>Tvirta konstrukcija: Velkamo \u017eemsiurb\u0117s pakabinamojo cilindro konstrukcija pagaminta i\u0161 auk\u0161tos kokyb\u0117s med\u017eiag\u0173, kurios pasi\u017eymi i\u0161skirtiniu tvirtumu ir ilgaam\u017ei\u0161kumu. Jis sukurtas taip, kad atlaikyt\u0173 at\u0161iaurias j\u016bros aplinkos s\u0105lygas, u\u017etikrindamas patikim\u0105 veikim\u0105 ir ilgaam\u017ei\u0161kum\u0105.<\/li>\n<li>Tikslus pad\u0117ties nustatymas: \u0161is cilindras leid\u017eia tiksliai nustatyti velkamosios siurbimo pakabos sistemos pad\u0117t\u012f, tod\u0117l galima atlikti tikslius gilinimo darbus. Jo tiksliai suderintas hidraulinis valdymas u\u017etikrina stabilum\u0105 ir kontrol\u0119 gilinimo proceso metu.<\/li>\n<li>Keliamoji galia: Pakabos cilindras skirtas atlaikyti dideles apkrovas, susijusias su velkam\u0105ja siurbimo pakabos sistema. Jis suteikia reikiam\u0105 j\u0117g\u0105 ir atram\u0105 siurbimo galvutei pakelti ir valdyti, taip padidindamas gilinimo efektyvum\u0105.<\/li>\n<\/ol>\n<h2><strong>Galinio siurbimo \u017eemsiurb\u0117s pakabos cilindro parametras:<\/strong><\/h2>\n<table border=\"1\" cellspacing=\"0\" cellpadding=\"0\">\n<tbody>\n<tr>\n<td>Produkto pavadinimas<\/td>\n<td>Galinio siurbimo \u017eemsiurb\u0117s pakabos cilindras<\/td>\n<\/tr>\n<tr>\n<td>Savyb\u0117s:<\/td>\n<td>U\u017etikrinkite traukimo j\u0117g\u0105 pakabos \u012ftraukimui ir i\u0161skleidimui<\/td>\n<\/tr>\n<tr>\n<td>Skyl\u0117s skersmuo:<\/td>\n<td>450 mm<\/td>\n<\/tr>\n<tr>\n<td>Strypo skersmuo:<\/td>\n<td>220 mm<br \/>\nSt\u016bmoklio eiga: 3630 mm<\/td>\n<\/tr>\n<tr>\n<td>Sl\u0117gis:<\/td>\n<td>iki 32 MPa<\/td>\n<\/tr>\n<tr>\n<td>Traukimo j\u0117ga:<\/td>\n<td>Maksimalus 3000 kN<\/td>\n<\/tr>\n<tr>\n<td>Parai\u0161kos:<\/td>\n<td>Velkamasis siurbimo \u017eemsiurbis<\/td>\n<\/tr>\n<\/tbody>\n<\/table>\n<div><\/div>\n<div>\n<div class=\"txtboxL\">\n<div class=\"txtboxL\">\n<div class=\"txtboxL\">Savyb\u0117s:<\/div>\n<div class=\"txtboxR\">U\u017etikrinkite traukimo j\u0117g\u0105 pakabos \u012ftraukimui ir i\u0161skleidimui<\/div>\n<div class=\"txtboxL\">Specifikacija:<\/div>\n<div class=\"txtboxR\">Skyl\u0117s skersmuo: 450 mm<br \/>\nStrypo skersmuo: 220 mm<br \/>\nSt\u016bmoklio eiga: 3630 mm<\/div>\n<div class=\"txtboxL\">Sl\u0117gis:<\/div>\n<div class=\"txtboxR\">iki 32 MPa<\/div>\n<div class=\"txtboxL\">Traukimo j\u0117ga:<\/div>\n<div class=\"txtboxR\">Maksimalus 3000 kN<\/div>\n<\/div>\n<\/div>\n<\/div>\n<h2><strong>\u017demsiurb\u0117s bako pjaustytuvo-siurbimo cilindr\u0173 taikymas:<\/strong><\/h2>\n<p><img loading=\"lazy\" decoding=\"async\" class=\"alignnone wp-image-1757 size-full\" src=\"https:\/\/hydraulic-cylinders.net\/wp-content\/uploads\/2023\/10\/dredger-tank-cylinder-1.webp\" alt=\"\" width=\"600\" height=\"400\" srcset=\"https:\/\/hydraulic-cylinders.net\/wp-content\/uploads\/2023\/10\/dredger-tank-cylinder-1.webp 600w, https:\/\/hydraulic-cylinders.net\/wp-content\/uploads\/2023\/10\/dredger-tank-cylinder-1-480x320.webp 480w\" sizes=\"(min-width: 0px) and (max-width: 480px) 480px, (min-width: 481px) 600px, 100vw\" \/><\/p>\n<h2><strong>Siurbimo \u017eemsiurb\u0117s pakabos cilindro naudojimo b\u016bdas<\/strong><strong>:<\/strong><\/h2>\n<ol>\n<li><strong>\u012erengimas:<\/strong>\u00a0 Tvirtai pritvirtinkite velkamojo siurbimo pakabos cilindr\u0105 prie \u017eemsiurb\u0117s konstrukcijos arba \u012frangos. U\u017etikrinkite tinkam\u0105 i\u0161lyginim\u0105 ir tvirt\u0105 pritvirtinim\u0105, kad eksploatacijos metu b\u016bt\u0173 u\u017etikrintas stabilumas.<\/li>\n<li><strong>Hidraulin\u0117s jungtys:<\/strong> Prijunkite cilindr\u0105 prie hidraulinio maitinimo \u0161altinio naudodami suderinamas \u017earnas arba jungiam\u0105sias detales. Patikrinkite, ar jungtys yra sandariai pritvirtintos ir nepraleid\u017eia vandens.<\/li>\n<li><strong>Pad\u0117ties reguliavimas:<\/strong> Sureguliuokite pakabos cilindro pad\u0117t\u012f, kad pasiektum\u0117te norim\u0105 auk\u0161t\u012f ir kamp\u0105 velkamajai siurbimo pakabos sistemai. Nor\u0117dami tiksliai sureguliuoti pad\u0117t\u012f, naudokite pateiktus hidraulinius valdymo mechanizmus.<\/li>\n<li><strong>Apkrov\u0105 laikanti atrama:<\/strong> \u012ejunkite hidraulin\u012f maitinimo \u0161altin\u012f, kad b\u016bt\u0173 pritaikyta reikiama j\u0117ga siurbimo galvutei pakelti ir valdyti. Pakabos cilindras u\u017etikrina tvirt\u0105 apkrov\u0105 laikan\u010di\u0105 atram\u0105, u\u017etikrindamas stabilum\u0105 ir valdym\u0105 gilinimo operacij\u0173 metu.<\/li>\n<\/ol>\n<h2><strong>Kaip veikia hidraulinis cilindras?<\/strong><\/h2>\n<p>Hidraulinis cilindras yra mechaninis pavaros mechanizmas, kuris hidraulin\u012f sl\u0117g\u012f paver\u010dia linijine j\u0117ga ir judesiu. J\u012f sudaro cilindrinis korpusas, st\u016bmoklis, st\u016bmoklio kotas, sandarikliai ir hidraulinio skys\u010dio angos. \u0160tai kaip veikia hidraulinis cilindras:<\/p>\n<ol>\n<li><strong>Hidraulinio skys\u010dio tiekimas:<\/strong> Hidraulinis cilindras yra prijungtas prie hidraulinio j\u0117gos agregato arba siurblio, kuris tiekia susl\u0117gt\u0105 hidraulin\u012f skyst\u012f. Skystis paprastai yra alyvos pagrindu pagamintas hidraulinis skystis.<\/li>\n<li><strong>Cilindro konstrukcija:<\/strong> Cilindras turi tu\u0161\u010diavidur\u012f cilindrin\u012f korpus\u0105 su jame \u012fmontuotu st\u016bmokliu. St\u016bmoklis padalija cilindr\u0105 \u012f dvi kameras: strypo galo kamer\u0105 ir dangtelio galo kamer\u0105.<\/li>\n<li><strong>Sl\u0117gio taikymas:<\/strong> Hidraulinis skystis nukreipiamas \u012f vien\u0105 i\u0161 cilindro kamer\u0173 \u2013 strypo gal\u0105 arba dangtelio gal\u0105 \u2013 priklausomai nuo pageidaujamos jud\u0117jimo krypties.<\/li>\n<li><strong>Sl\u0117gio skirtumas:<\/strong> Sl\u0117ginis hidraulinis skystis veikia st\u016bmoklio pavir\u0161iaus plot\u0105, sukurdamas j\u0117g\u0105, kuri varo st\u016bmokl\u012f nurodyta kryptimi. Sl\u0117gio skirtumas tarp dviej\u0173 kamer\u0173 priver\u010dia st\u016bmokl\u012f jud\u0117ti.<\/li>\n<li><strong>Linijinis jud\u0117jimas:<\/strong> Hidrauliniam skys\u010diui spaud\u017eiant st\u016bmokl\u012f, prie st\u016bmoklio pritvirtintas st\u016bmoklio kotas tiesi\u0161kai i\u0161siple\u010dia arba susitraukia, priklausomai nuo skys\u010dio tek\u0117jimo krypties. \u0160is tiesinis jud\u0117jimas perduoda j\u0117g\u0105 prie st\u016bmoklio koto prijungtai apkrovai arba mechanizmui.<\/li>\n<li><strong>Sandarinimo mechanizmas:<\/strong> Hidraulinis cilindras turi sandariklius, tokius kaip st\u016bmoklio ir koto sandarikliai, kad b\u016bt\u0173 i\u0161vengta hidraulinio skys\u010dio nuot\u0117kio. \u0160ie sandarikliai palaiko sl\u0117g\u012f cilindre ir u\u017etikrina skland\u0173 veikim\u0105, neleisdami skys\u010diui nutek\u0117ti.<\/li>\n<li><strong>Valdymo vo\u017etuvai:<\/strong> Valdymo vo\u017etuvai naudojami hidraulinio skys\u010dio kryp\u010diai ir srautui valdyti. \u0160ie vo\u017etuvai nukreipia hidraulinio skys\u010dio sraut\u0105 \u012f atitinkam\u0105 cilindro kamer\u0105, leisdami st\u016bmokliui i\u0161stumti arba atitraukti.<\/li>\n<li><strong>Sl\u0117gio ma\u017einimas:<\/strong> Hidraulinio cilindro grei\u010diui ir j\u0117gai valdyti hidraulin\u0117je sistemoje gali b\u016bti \u012fmontuoti sl\u0117gio ma\u017einimo vo\u017etuvai arba srauto reguliavimo vo\u017etuvai. \u0160ie vo\u017etuvai reguliuoja hidraulinio skys\u010dio sl\u0117g\u012f ir sraut\u0105, neleisdami per dideliam sl\u0117gio padid\u0117jimui ir u\u017etikrindami saug\u0173 veikim\u0105.<\/li>\n<li><strong>Apkrovos taikymas:<\/strong> Hidraulinio cilindro st\u016bmoklio kotas yra prijungtas prie krovinio arba mechanizmo, kuriam reikalinga j\u0117ga arba judesys. St\u016bmokliui i\u0161siki\u0161ant arba atsitraukiant, sukurta j\u0117ga per st\u016bmoklio kot\u0105 perduodama kroviniui, leisdama jam jud\u0117ti arba naudoti j\u0117g\u0105.<\/li>\n<\/ol>\n<h2><strong>Gamyklos paj\u0117gumai ir talpa:<\/strong><\/h2>\n<h3>(1) Surinkimas<\/h3>\n<p>Turime pirmos klas\u0117s nepriklausom\u0105 tyrim\u0173 ir pl\u0117tros surinkimo platform\u0105. Hidraulini\u0173 cilindr\u0173 gamybos ceche yra keturios pusiau automatin\u0117s k\u0117limo cilindr\u0173 surinkimo linijos ir viena automatin\u0117 pakreipimo cilindr\u0173 surinkimo linija, kuri\u0173 projektinis metinis gamybos paj\u0117gumas yra 1 milijonas vienet\u0173. Speciali\u0173j\u0173 cilindr\u0173 ceche \u012frengta \u012fvairi\u0173 specifikacij\u0173 pusiau automatin\u0117 valymo surinkimo sistema, kurios projektinis metinis gamybos paj\u0117gumas yra 200 000 vienet\u0173, ir garsi CNC apdirbimo \u012franga, apdirbimo centras, didelio tikslumo cilindr\u0173 apdirbimo speciali \u012franga, robotinis suvirinimo aparatas, automatinis valymo aparatas, automatinis cilindr\u0173 surinkimo aparatas ir automatin\u0117 da\u017eymo gamybos linija. Esama daugiau nei 300 rinkini\u0173 (komplekt\u0173) kritin\u0117 \u012franga. Optimalus \u012frangos i\u0161tekli\u0173 paskirstymas ir efektyvus naudojimas u\u017etikrina gamini\u0173 tikslumo reikalavimus ir auk\u0161tus gamini\u0173 kokyb\u0117s poreikius.<\/p>\n<p><img loading=\"lazy\" decoding=\"async\" class=\"alignnone wp-image-626\" src=\"https:\/\/hydraulic-cylinders.net\/wp-content\/uploads\/2023\/08\/hydraulic-cylinder-product-1-300x158.webp\" alt=\"\" width=\"495\" height=\"260\" srcset=\"https:\/\/hydraulic-cylinders.net\/wp-content\/uploads\/2023\/08\/hydraulic-cylinder-product-1-300x158.webp 495w, https:\/\/hydraulic-cylinders.net\/wp-content\/uploads\/2023\/08\/hydraulic-cylinder-product-1-480x252.webp 480w\" sizes=\"(min-width: 0px) and (max-width: 480px) 480px, (min-width: 481px) 495px, 100vw\" \/> <img loading=\"lazy\" decoding=\"async\" class=\"alignnone wp-image-627\" src=\"https:\/\/hydraulic-cylinders.net\/wp-content\/uploads\/2023\/08\/hydraulic-cylinder-product-2-300x189.webp\" alt=\"\" width=\"413\" height=\"260\" \/><\/p>\n<h3>(2) Apdirbimas<\/h3>\n<p>Mechaninio apdirbimo ceche \u012frengtas pritaikytas nuo\u017eulnaus b\u0117gio tekinimo centras, apdirbimo centras, greitaeigis galandimo stakl\u0117s, suvirinimo robotas ir kita susijusi \u012franga, galinti apdirbti cilindrinius vamzd\u017eius, kuri\u0173 maksimalus vidinis skersmuo yra 400 mm, o maksimalus ilgis \u2013 6 metrai.<\/p>\n<p><img loading=\"lazy\" decoding=\"async\" class=\"alignnone wp-image-628 size-large\" src=\"https:\/\/hydraulic-cylinders.net\/wp-content\/uploads\/2023\/08\/hydraulic-cylinder-product-3-1024x391.webp\" alt=\"\" width=\"1024\" height=\"391\" srcset=\"https:\/\/hydraulic-cylinders.net\/wp-content\/uploads\/2023\/08\/hydraulic-cylinder-product-3-980x374.webp 980w, https:\/\/hydraulic-cylinders.net\/wp-content\/uploads\/2023\/08\/hydraulic-cylinder-product-3-480x183.webp 480w\" sizes=\"(min-width: 0px) and (max-width: 480px) 480px, (min-width: 481px) and (max-width: 980px) 980px, (min-width: 981px) 1024px, 100vw\" \/><\/p>\n<h3>(3) Suvirinimas<\/h3>\n<p><img loading=\"lazy\" decoding=\"async\" class=\"alignnone wp-image-629 size-large\" src=\"https:\/\/hydraulic-cylinders.net\/wp-content\/uploads\/2023\/08\/hydraulic-cylinder-product-4-1024x510.webp\" alt=\"\" width=\"1024\" height=\"510\" srcset=\"https:\/\/hydraulic-cylinders.net\/wp-content\/uploads\/2023\/08\/hydraulic-cylinder-product-4-980x488.webp 980w, https:\/\/hydraulic-cylinders.net\/wp-content\/uploads\/2023\/08\/hydraulic-cylinder-product-4-480x239.webp 480w\" sizes=\"(min-width: 0px) and (max-width: 480px) 480px, (min-width: 481px) and (max-width: 980px) 980px, (min-width: 981px) 1024px, 100vw\" \/><\/p>\n<h3>(4) Da\u017eymas ir dengimas<\/h3>\n<p>Su ma\u017eomis ir vidutinio dyd\u017eio cilindrin\u0117mis automatin\u0117mis vandens pagrindo da\u017e\u0173 dengimo linijomis, siekiant automatinio robot\u0173 pakrovimo ir i\u0161krovimo bei automatinio pur\u0161kimo, projektinis paj\u0117gumas yra 4000 vienet\u0173 per pamain\u0105;<br \/>\nTaip pat turime pusiau automatin\u0119 dideli\u0173 cilindr\u0173 da\u017e\u0173 gamybos linij\u0105, varom\u0105 grandin\u0117s, kurios projektinis na\u0161umas yra 60 d\u0117\u017ei\u0173 per pamain\u0105.<\/p>\n<p><img loading=\"lazy\" decoding=\"async\" class=\"alignnone wp-image-630\" src=\"https:\/\/hydraulic-cylinders.net\/wp-content\/uploads\/2023\/08\/hydraulic-cylinder-product-5-300x213.webp\" alt=\"\" width=\"366\" height=\"260\" \/> <img loading=\"lazy\" decoding=\"async\" class=\"alignnone wp-image-631\" src=\"https:\/\/hydraulic-cylinders.net\/wp-content\/uploads\/2023\/08\/hydraulic-cylinder-product-6-300x225.webp\" alt=\"\" width=\"347\" height=\"260\" \/><\/p>\n<h3>(5) Testavimas<\/h3>\n<p>Turime auk\u0161\u010diausios klas\u0117s patikros patalpas ir bandym\u0173 stendus, kad u\u017etikrintume, jog baliono veikimas atitinka reikalavimus.<\/p>\n<p><img loading=\"lazy\" decoding=\"async\" class=\"alignnone wp-image-632\" src=\"https:\/\/hydraulic-cylinders.net\/wp-content\/uploads\/2023\/08\/hydraulic-cylinder-product-8-300x200.webp\" alt=\"\" width=\"389\" height=\"260\" \/><\/p>\n<p>&nbsp;<\/p>\n<p>&nbsp;<\/p>\n<p>Esame vienas geriausi\u0173 hidraulini\u0173 cilindr\u0173 gamintoj\u0173. Galime pasi\u016blyti i\u0161samius hidraulinius cilindrus. Taip pat teikiame atitinkamus <a href=\"https:\/\/hzpt.com\/agricultural-pto-gearbox\/\" target=\"_blank\" rel=\"noopener\">\u017eem\u0117s \u016bkio pavar\u0173 d\u0117\u017e\u0117s<\/a>Mes eksportuojame savo gaminius klientams visame pasaulyje ir peln\u0117me ger\u0105 reputacij\u0105 d\u0117l auk\u0161\u010diausios gamini\u0173 kokyb\u0117s ir aptarnavimo po pardavimo. Mes laukiame klient\u0173 \u0161alyje ir u\u017esienyje, norin\u010di\u0173 susisiekti su mumis der\u0117tis d\u0117l verslo, keistis informacija ir... <a href=\"https:\/\/www.hydraulic-cylinders.net\/lt\/contact-us\/\">bendradarbiauti su mumis<\/a>!<\/p>","protected":false},"excerpt":{"rendered":"<p>Trailing Suction Dredger Hanger Cylinder The trailing suction dredger hanger cylinder is a crucial hydraulic component that significantly optimizes the efficiency and effectiveness of dredging operations. Designed to provide reliable support and control, this cylinder ensures precise positioning and stability of the trailing suction hanger system. The trailing suction dredger hanger cylinder is vital in [&hellip;]<\/p>","protected":false},"featured_media":1769,"comment_status":"open","ping_status":"closed","template":"","meta":{"_et_pb_use_builder":"","_et_pb_old_content":"","_et_gb_content_width":""},"product_brand":[],"product_cat":[1535,1549,1552,1376],"product_tag":[1380],"class_list":{"0":"post-1768","1":"product","2":"type-product","3":"status-publish","4":"has-post-thumbnail","6":"product_cat-dredger-hydraulic-cylinders","7":"product_cat-single-acting-hydraulic-cylinder","8":"product_cat-stainless-steel-hydraulic-cylinder","9":"product_cat-hydraulic-cylinder","10":"product_tag-hydraulic-cylinder","12":"first","13":"instock","14":"shipping-taxable","15":"product-type-simple"},"amp_enabled":true,"_links":{"self":[{"href":"https:\/\/www.hydraulic-cylinders.net\/lt\/wp-json\/wp\/v2\/product\/1768","targetHints":{"allow":["GET"]}}],"collection":[{"href":"https:\/\/www.hydraulic-cylinders.net\/lt\/wp-json\/wp\/v2\/product"}],"about":[{"href":"https:\/\/www.hydraulic-cylinders.net\/lt\/wp-json\/wp\/v2\/types\/product"}],"replies":[{"embeddable":true,"href":"https:\/\/www.hydraulic-cylinders.net\/lt\/wp-json\/wp\/v2\/comments?post=1768"}],"wp:featuredmedia":[{"embeddable":true,"href":"https:\/\/www.hydraulic-cylinders.net\/lt\/wp-json\/wp\/v2\/media\/1769"}],"wp:attachment":[{"href":"https:\/\/www.hydraulic-cylinders.net\/lt\/wp-json\/wp\/v2\/media?parent=1768"}],"wp:term":[{"taxonomy":"product_brand","embeddable":true,"href":"https:\/\/www.hydraulic-cylinders.net\/lt\/wp-json\/wp\/v2\/product_brand?post=1768"},{"taxonomy":"product_cat","embeddable":true,"href":"https:\/\/www.hydraulic-cylinders.net\/lt\/wp-json\/wp\/v2\/product_cat?post=1768"},{"taxonomy":"product_tag","embeddable":true,"href":"https:\/\/www.hydraulic-cylinders.net\/lt\/wp-json\/wp\/v2\/product_tag?post=1768"}],"curies":[{"name":"wp","href":"https:\/\/api.w.org\/{rel}","templated":true}]}}