{"id":1775,"date":"2023-10-13T06:57:31","date_gmt":"2023-10-13T06:57:31","guid":{"rendered":"https:\/\/hydraulic-cylinders.net\/?post_type=product&#038;p=1775"},"modified":"2025-04-15T05:54:54","modified_gmt":"2025-04-15T05:54:54","slug":"trailing-suction-dredger-overflow-cylinder","status":"publish","type":"product","link":"https:\/\/www.hydraulic-cylinders.net\/lt\/produktas\/trailing-suction-dredger-overflow-cylinder\/","title":{"rendered":"Galinio siurbimo \u017eemsiurb\u0117s perpildymo cilindras"},"content":{"rendered":"<h1 style=\"text-align: center;\"><strong>Galinio siurbimo \u017eemsiurb\u0117s perpildymo cilindras<\/strong><\/h1>\n<h1 style=\"text-align: center;\"><img loading=\"lazy\" decoding=\"async\" class=\"alignnone wp-image-1776\" src=\"https:\/\/hydraulic-cylinders.net\/wp-content\/uploads\/2023\/10\/trailing-suction-dredger-overflow-cylinder-1-300x300.webp\" alt=\"\" width=\"400\" height=\"400\" \/><\/h1>\n<p>Velkamos \u017eemsiurb\u0117s perpildymo cilindras yra gyvybi\u0161kai svarbus \u0161iuolaikin\u0117s \u017eemsiurb\u0117s \u012frangos komponentas. \u0160is cilindras, skirtas optimizuoti velkam\u0173 \u017eemsiurbi\u0173 na\u0161um\u0105, atlieka labai svarb\u0173 vaidmen\u012f valdant perpildymo sistem\u0105.<\/p>\n<p>Velkamos \u017eemsiurb\u0117s perpildymo cilindras yra esminis komponentas, u\u017etikrinantis efektyvias ir veiksmingas \u017eemsiurb\u0117s operacijas. D\u0117l tvirtos konstrukcijos, tikslaus valdymo, patikimo valdymo ir pritaikom\u0173 nustatym\u0173 \u0161is cilindras pagerina bendr\u0105 velkam\u0173 \u017eemsiurbi\u0173 na\u0161um\u0105. Laikydamiesi rekomenduojam\u0173 naudojimo metod\u0173 ir prie\u017ei\u016bros praktikos, operatoriai gali maksimaliai padidinti perpildymo cilindro na\u0161um\u0105 ir ilgaam\u017ei\u0161kum\u0105, galiausiai pagerindami \u017eemsiurb\u0117s veiklos efektyvum\u0105 ir veiksmingum\u0105.<\/p>\n<p>Velkamojo \u017eemsiurb\u0117s perpildymo cilindro pagrindin\u0117s charakteristikos:<\/p>\n<ol>\n<li>Tvirta konstrukcija:<\/li>\n<\/ol>\n<ul>\n<li>Perpildymo cilindras pagamintas i\u0161 auk\u0161tos kokyb\u0117s med\u017eiag\u0173, u\u017etikrinan\u010di\u0173 patvarum\u0105 ir ilgaam\u017ei\u0161kum\u0105 net sud\u0117tingomis gilinimo s\u0105lygomis.<\/li>\n<li>Tvirta konstrukcija leid\u017eia atlaikyti auk\u0161t\u0105 sl\u0117g\u012f, at\u0161iaurias s\u0105lygas ir nuolatin\u012f naudojim\u0105, i\u0161laikant pastov\u0173 na\u0161um\u0105 atliekant gilinimo operacijas.<\/li>\n<\/ul>\n<ol start=\"2\">\n<li>Tikslus valdymas:<\/li>\n<\/ol>\n<ul>\n<li>\u0160is cilindras u\u017etikrina tiksl\u0173 perpildymo sistemos valdym\u0105, leid\u017eiant\u012f tiksliai valdyti i\u0161kast\u0105 med\u017eiag\u0105.<\/li>\n<li>Tai u\u017etikrina optimal\u0173 perpildymo proceso valdym\u0105 ir reguliavim\u0105, palengvinant efektyv\u0173 nuos\u0117d\u0173 atskyrim\u0105 ir i\u0161leidim\u0105.<\/li>\n<\/ul>\n<ol start=\"3\">\n<li>Patikimas valdymas:<\/li>\n<\/ol>\n<ul>\n<li>Perpildymo cilindras u\u017etikrina patikim\u0105 valdym\u0105, u\u017etikrindamas skland\u0173 ir nuosekl\u0173 perpildymo sistemos veikim\u0105.<\/li>\n<li>Jis u\u017etikrina reikiam\u0105 j\u0117g\u0105 perpildymo sklend\u0117s jud\u0117jimui valdyti, u\u017etikrindamas efektyv\u0173 i\u0161kastos med\u017eiagos srauto valdym\u0105.<\/li>\n<\/ul>\n<ol start=\"4\">\n<li>Tinkinami nustatymai:<\/li>\n<\/ol>\n<ul>\n<li>\u0160is cilindras leid\u017eia reguliuoti \u012fvairius parametrus, tokius kaip atidarymo ir u\u017edarymo greitis, eigos ilgis ir \u012fjungimo sl\u0117gis.<\/li>\n<li>Operatoriai gali pritaikyti \u0161iuos nustatymus prie konkre\u010di\u0173 gilinimo reikalavim\u0173, optimizuodami perpildymo sistemos efektyvum\u0105 ir veiksmingum\u0105.<\/li>\n<\/ul>\n<h2><strong>Galinio siurbimo \u017eemsiurb\u0117s perpildymo cilindro parametras:<\/strong><\/h2>\n<table border=\"1\" cellspacing=\"0\" cellpadding=\"0\">\n<tbody>\n<tr>\n<td>Produkto pavadinimas<\/td>\n<td>Galinio siurbimo \u017eemsiurb\u0117s perpildymo cilindras<\/td>\n<\/tr>\n<tr>\n<td>Savyb\u0117s:<\/td>\n<td>U\u017etikrinkite traukos j\u0117g\u0105 i\u0161leidimo vamzd\u017eio pak\u0117limui<\/td>\n<\/tr>\n<tr>\n<td>Skyl\u0117s skersmuo:<\/td>\n<td>Iki 280 mm<\/td>\n<\/tr>\n<tr>\n<td>Strypo skersmuo:<\/td>\n<td>Iki 180 mm<br \/>\nEiga iki 6000 mm<\/td>\n<\/tr>\n<tr>\n<td>Sl\u0117gis:<\/td>\n<td>iki 32 MPa<\/td>\n<\/tr>\n<tr>\n<td>Traukimo j\u0117ga:<\/td>\n<td>Maksimali 900 kN<\/td>\n<\/tr>\n<tr>\n<td>Parai\u0161kos:<\/td>\n<td>Velkamasis siurbimo \u017eemsiurbis<\/td>\n<\/tr>\n<\/tbody>\n<\/table>\n<div><\/div>\n<div>\n<div class=\"txtboxL\">\n<div class=\"txtboxL\">\n<div class=\"txtboxL\">\n<div class=\"txtboxL\">Savyb\u0117s:<\/div>\n<div class=\"txtboxR\">U\u017etikrinkite traukos j\u0117g\u0105 i\u0161leidimo vamzd\u017eio pak\u0117limui<\/div>\n<div class=\"txtboxL\">Specifikacija:<\/div>\n<div class=\"txtboxR\">Skyl\u0117s skersmuo: iki 280 mm<br \/>\nStrypo skersmuo: iki 180 mm<br \/>\nEiga iki 6000 mm<\/div>\n<div class=\"txtboxL\">Sl\u0117gis:<\/div>\n<div class=\"txtboxR\">iki 32 MPa<\/div>\n<div class=\"txtboxL\">Traukimo j\u0117ga:<\/div>\n<div class=\"txtboxR\">Maksimali 900 kN<\/div>\n<\/div>\n<\/div>\n<\/div>\n<\/div>\n<h2><strong>\u017demsiurb\u0117s bako pjaustytuvo-siurbimo cilindr\u0173 taikymas:<\/strong><\/h2>\n<p><img loading=\"lazy\" decoding=\"async\" class=\"alignnone wp-image-1757 size-full\" src=\"https:\/\/hydraulic-cylinders.net\/wp-content\/uploads\/2023\/10\/dredger-tank-cylinder-1.webp\" alt=\"\" width=\"600\" height=\"400\" srcset=\"https:\/\/hydraulic-cylinders.net\/wp-content\/uploads\/2023\/10\/dredger-tank-cylinder-1.webp 600w, https:\/\/hydraulic-cylinders.net\/wp-content\/uploads\/2023\/10\/dredger-tank-cylinder-1-480x320.webp 480w\" sizes=\"(min-width: 0px) and (max-width: 480px) 480px, (min-width: 481px) 600px, 100vw\" \/><\/p>\n<h2><strong>Siurbimo \u017eemsiurb\u0117s perpildymo cilindro naudojimo b\u016bdas<\/strong><strong>:<\/strong><\/h2>\n<ol>\n<li><strong>\u012erengimas:<\/strong><\/li>\n<\/ol>\n<ul>\n<li>Laikykit\u0117s gamintojo nurodym\u0173, kad perpildymo cilindr\u0105 tvirtai pritvirtintum\u0117te prie velkamosios \u017eemsiurb\u0117s.<\/li>\n<li>U\u017etikrinkite tinkam\u0105 cilindro sulygiavim\u0105 ir pritvirtinim\u0105 prie perpildymo sklend\u0117s ir susijusi\u0173 komponent\u0173, kad b\u016bt\u0173 u\u017etikrintas sklandus ir patikimas veikimas.<\/li>\n<\/ul>\n<ol start=\"2\">\n<li><strong>Perpildymo sistemos valdymas:<\/strong><\/li>\n<\/ol>\n<ul>\n<li>Naudokite \u017eemsiurb\u0117s valdymo sistem\u0105 perpildymo cilindrui valdyti ir valdyti.<\/li>\n<li>Valdykite perpildymo sklend\u0117s atidarym\u0105 ir u\u017edarym\u0105 naudodami tam skirtus valdiklius, kurie leid\u017eia tiksliai kontroliuoti i\u0161kastos med\u017eiagos sraut\u0105 ir i\u0161leidim\u0105.<\/li>\n<\/ul>\n<ol start=\"3\">\n<li><strong>Gilinimo operacijos:<\/strong><\/li>\n<\/ol>\n<ul>\n<li>\u012ejunkite perpildymo cilindr\u0105, kad dugno valymo darb\u0173 metu prireikus sureguliuotum\u0117te perpildymo sklend\u0117s pad\u0117t\u012f.<\/li>\n<li>Sureguliuokite cilindro nustatymus, pvz., greit\u012f ir eigos ilg\u012f, kad optimizuotum\u0117te perpildymo proces\u0105 ir u\u017etikrintum\u0117te efektyv\u0173 nuos\u0117d\u0173 atskyrim\u0105 ir i\u0161leidim\u0105.<\/li>\n<\/ul>\n<h2><strong>Kaip i\u0161ardyti hidraulin\u012f cilindr\u0105?<\/strong><\/h2>\n<p>Hidraulinio cilindro i\u0161ardymas reikalauja kruop\u0161taus d\u0117mesio ir tinkam\u0173 proced\u016br\u0173 laikymosi, kad b\u016bt\u0173 u\u017etikrintas saugus ir efektyvus i\u0161ardymas. \u010cia pateikiamas nuoseklus hidraulinio cilindro i\u0161ardymo vadovas:<\/p>\n<ol>\n<li><strong>Surinkite reikiamus \u012frankius ir \u012frang\u0105:<\/strong>\n<ul>\n<li>Ver\u017eliarak\u010diai arba lizd\u0173 rinkinys<\/li>\n<li>Spyruokl\u0117 arba atsuktuvas<\/li>\n<li>Guminis plaktukas arba plaktukas be sm\u016bgio<\/li>\n<li>\u0160varios skudurai arba parduotuv\u0117s rank\u0161luos\u010diai<\/li>\n<li>Hidraulinio skys\u010dio surinkimo indas arba konteineris<\/li>\n<li>Apsaugin\u0117s pir\u0161tin\u0117s ir akiniai<\/li>\n<\/ul>\n<\/li>\n<li><strong>Paruo\u0161kite darbo viet\u0105:<\/strong>\n<ul>\n<li>\u012esitikinkite, kad turite \u0161vari\u0105 ir tvarking\u0105 darbo viet\u0105 su pakankamai vietos i\u0161ardytoms dalims i\u0161d\u0117styti.<\/li>\n<li>Pad\u0117kite sugeriam\u0105j\u012f kilim\u0117l\u012f arba alyv\u0105 sugerian\u010di\u0105 med\u017eiag\u0105, kad surinktum\u0117te i\u0161siliejus\u012f hidraulin\u012f skyst\u012f.<\/li>\n<\/ul>\n<\/li>\n<li><strong>Hidraulinio sl\u0117gio suma\u017einimas:<\/strong>\n<ul>\n<li>Prie\u0161 prad\u0117dami i\u0161ardymo proces\u0105, i\u0161leiskite hidraulin\u012f sl\u0117g\u012f i\u0161 cilindro. Tai galima padaryti \u012fjungiant hidraulin\u0117s sistemos valdymo vo\u017etuv\u0105, kad cilindras b\u016bt\u0173 visi\u0161kai \u012ftrauktas.<\/li>\n<\/ul>\n<\/li>\n<li><strong>Nuimkite jungiam\u0105sias detales ir jungtis:<\/strong>\n<ul>\n<li>Ver\u017eliarak\u010diais arba galvu\u010di\u0173 rinkiniu atsargiai atlaisvinkite ir nuimkite visas prie cilindro pritvirtintas jungiam\u0105sias detales, jungtis ar hidraulines \u017earnas.<\/li>\n<li>Steb\u0117kite jungiam\u0105sias detales ir j\u0173 atitinkamas vietas surinkimui.<\/li>\n<\/ul>\n<\/li>\n<li><strong>Pritvirtinkite cilindr\u0105:<\/strong>\n<ul>\n<li>\u012esitikinkite, kad cilindras yra tinkamai paremtas tinkamu darbastaliu arba spaustuvais, kad i\u0161ardymo metu jis nenukrist\u0173 ir neried\u0117t\u0173.<\/li>\n<\/ul>\n<\/li>\n<li><strong>Nuimkite liauk\u0105 arba galin\u012f dangtel\u012f:<\/strong>\n<ul>\n<li>Liaukas arba galinis dangtelis paprastai yra cilindro strypo gale.<\/li>\n<li>Nor\u0117dami atlaisvinti ir nuimti tvirtinimo var\u017etus arba ver\u017eles, naudokite ver\u017eliarakt\u012f arba lizd\u0105.<\/li>\n<li>Jei liauka arba galinis dangtelis u\u017estrigo, galite lengvai \u012f j\u012f baksnoti guminiu plaktuku arba plaktuku, kad j\u012f atlaisvintum\u0117te.<\/li>\n<li>Atlaisvinus, atsargiai nuimkite liauk\u0105 arba galin\u012f dangtel\u012f, kad bet koks hidraulinis skystis nutek\u0117t\u0173 \u012f surinkimo ind\u0105.<\/li>\n<\/ul>\n<\/li>\n<li><strong>I\u0161traukite st\u016bmoklio ir koto mazg\u0105:<\/strong>\n<ul>\n<li>Nu\u0117mus liauk\u0105 arba galin\u012f dangtel\u012f, dabar galite pasiekti st\u016bmoklio ir koto mazg\u0105.<\/li>\n<li>\u0160velniai i\u0161stumkite st\u016bmoklio ir koto mazg\u0105 i\u0161 cilindro korpuso, tvirtai laikydami, kad jis nenukrist\u0173 ir neb\u016bt\u0173 pa\u017eeistas.<\/li>\n<li>Jei mazgas u\u017estrigo, galite naudoti lau\u017etuv\u0105 arba atsuktuv\u0105, kad atsargiai panaudotum\u0117te svert\u0105 ir pad\u0117tum\u0117te j\u012f i\u0161imti.<\/li>\n<\/ul>\n<\/li>\n<li><strong>Patikrinkite ir i\u0161valykite komponentus:<\/strong>\n<ul>\n<li>I\u0161ard\u0119, patikrinkite visus komponentus, ar n\u0117ra susid\u0117v\u0117jimo, pa\u017eeidim\u0173 ar u\u017eter\u0161imo po\u017eymi\u0173.<\/li>\n<li>Kruop\u0161\u010diai nuvalykite komponentus \u0161variomis skudur\u0117l\u0117mis arba servet\u0117l\u0117mis, pa\u0161alindami ne\u0161varumus, \u0161iuk\u0161les ar hidraulin\u012f skyst\u012f.<\/li>\n<li>Atid\u017eiai atkreipkite d\u0117mes\u012f \u012f st\u016bmokl\u012f, stryp\u0105, cilindro korpus\u0105 ir sandariklius.<\/li>\n<\/ul>\n<\/li>\n<li><strong>Pakeisti arba suremontuoti komponentus:<\/strong>\n<ul>\n<li>Jei kokie nors komponentai yra susid\u0117v\u0117j\u0119 ar pa\u017eeisti, rekomenduojama juos pakeisti naujais.<\/li>\n<li>Patikrinkite sandariklius, ar n\u0117ra susid\u0117v\u0117jimo po\u017eymi\u0173, ir prireikus juos pakeiskite.<\/li>\n<li>Jei nesate tikri d\u0117l komponento keitimo ar remonto, perskaitykite gamintojo instrukcijas arba kreipkit\u0117s profesionalios konsultacijos.<\/li>\n<\/ul>\n<\/li>\n<li><strong>Surinkimas:<\/strong>\n<ul>\n<li>Surinkdami hidraulin\u012f cilindr\u0105, laikykit\u0117s gamintojo nurodym\u0173.<\/li>\n<li>Surinkdami sandariklius ir komponentus, juos patepkite tinkamu hidrauliniu skys\u010diu arba tepalu.<\/li>\n<li>\u012esitikinkite, kad visos jungtys ir detal\u0117s yra priver\u017etos iki nurodyt\u0173 sukimo momento ver\u010di\u0173.<\/li>\n<li>Prie\u0161 baigdami surinkim\u0105, dar kart\u0105 patikrinkite, ar komponentai tinkamai i\u0161d\u0117styti ir orientuoti.<\/li>\n<\/ul>\n<\/li>\n<\/ol>\n<h2><strong>Gamyklos paj\u0117gumai ir talpa:<\/strong><\/h2>\n<h3>(1) Surinkimas<\/h3>\n<p>Turime pirmos klas\u0117s nepriklausom\u0105 tyrim\u0173 ir pl\u0117tros surinkimo platform\u0105. Hidraulini\u0173 cilindr\u0173 gamybos ceche yra keturios pusiau automatin\u0117s k\u0117limo cilindr\u0173 surinkimo linijos ir viena automatin\u0117 pakreipimo cilindr\u0173 surinkimo linija, kuri\u0173 projektinis metinis gamybos paj\u0117gumas yra 1 milijonas vienet\u0173. Speciali\u0173j\u0173 cilindr\u0173 ceche \u012frengta \u012fvairi\u0173 specifikacij\u0173 pusiau automatin\u0117 valymo surinkimo sistema, kurios projektinis metinis gamybos paj\u0117gumas yra 200 000 vienet\u0173, ir garsi CNC apdirbimo \u012franga, apdirbimo centras, didelio tikslumo cilindr\u0173 apdirbimo speciali \u012franga, robotinis suvirinimo aparatas, automatinis valymo aparatas, automatinis cilindr\u0173 surinkimo aparatas ir automatin\u0117 da\u017eymo gamybos linija. Esama daugiau nei 300 rinkini\u0173 (komplekt\u0173) kritin\u0117 \u012franga. Optimalus \u012frangos i\u0161tekli\u0173 paskirstymas ir efektyvus naudojimas u\u017etikrina gamini\u0173 tikslumo reikalavimus ir auk\u0161tus gamini\u0173 kokyb\u0117s poreikius.<\/p>\n<p><img loading=\"lazy\" decoding=\"async\" class=\"alignnone wp-image-626\" src=\"https:\/\/hydraulic-cylinders.net\/wp-content\/uploads\/2023\/08\/hydraulic-cylinder-product-1-300x158.webp\" alt=\"\" width=\"495\" height=\"260\" srcset=\"https:\/\/hydraulic-cylinders.net\/wp-content\/uploads\/2023\/08\/hydraulic-cylinder-product-1-300x158.webp 495w, https:\/\/hydraulic-cylinders.net\/wp-content\/uploads\/2023\/08\/hydraulic-cylinder-product-1-480x252.webp 480w\" sizes=\"(min-width: 0px) and (max-width: 480px) 480px, (min-width: 481px) 495px, 100vw\" \/> <img loading=\"lazy\" decoding=\"async\" class=\"alignnone wp-image-627\" src=\"https:\/\/hydraulic-cylinders.net\/wp-content\/uploads\/2023\/08\/hydraulic-cylinder-product-2-300x189.webp\" alt=\"\" width=\"413\" height=\"260\" \/><\/p>\n<h3>(2) Apdirbimas<\/h3>\n<p>Mechaninio apdirbimo ceche \u012frengtas pritaikytas nuo\u017eulnaus b\u0117gio tekinimo centras, apdirbimo centras, greitaeigis galandimo stakl\u0117s, suvirinimo robotas ir kita susijusi \u012franga, galinti apdirbti cilindrinius vamzd\u017eius, kuri\u0173 maksimalus vidinis skersmuo yra 400 mm, o maksimalus ilgis \u2013 6 metrai.<\/p>\n<p><img loading=\"lazy\" decoding=\"async\" class=\"alignnone wp-image-628 size-large\" src=\"https:\/\/hydraulic-cylinders.net\/wp-content\/uploads\/2023\/08\/hydraulic-cylinder-product-3-1024x391.webp\" alt=\"\" width=\"1024\" height=\"391\" srcset=\"https:\/\/hydraulic-cylinders.net\/wp-content\/uploads\/2023\/08\/hydraulic-cylinder-product-3-980x374.webp 980w, https:\/\/hydraulic-cylinders.net\/wp-content\/uploads\/2023\/08\/hydraulic-cylinder-product-3-480x183.webp 480w\" sizes=\"(min-width: 0px) and (max-width: 480px) 480px, (min-width: 481px) and (max-width: 980px) 980px, (min-width: 981px) 1024px, 100vw\" \/><\/p>\n<h3>(3) Suvirinimas<\/h3>\n<p><img loading=\"lazy\" decoding=\"async\" class=\"alignnone wp-image-629 size-large\" src=\"https:\/\/hydraulic-cylinders.net\/wp-content\/uploads\/2023\/08\/hydraulic-cylinder-product-4-1024x510.webp\" alt=\"\" width=\"1024\" height=\"510\" srcset=\"https:\/\/hydraulic-cylinders.net\/wp-content\/uploads\/2023\/08\/hydraulic-cylinder-product-4-980x488.webp 980w, https:\/\/hydraulic-cylinders.net\/wp-content\/uploads\/2023\/08\/hydraulic-cylinder-product-4-480x239.webp 480w\" sizes=\"(min-width: 0px) and (max-width: 480px) 480px, (min-width: 481px) and (max-width: 980px) 980px, (min-width: 981px) 1024px, 100vw\" \/><\/p>\n<h3>(4) Da\u017eymas ir dengimas<\/h3>\n<p>Su ma\u017eomis ir vidutinio dyd\u017eio cilindrin\u0117mis automatin\u0117mis vandens pagrindo da\u017e\u0173 dengimo linijomis, siekiant automatinio robot\u0173 pakrovimo ir i\u0161krovimo bei automatinio pur\u0161kimo, projektinis paj\u0117gumas yra 4000 vienet\u0173 per pamain\u0105;<br \/>\nTaip pat turime pusiau automatin\u0119 dideli\u0173 cilindr\u0173 da\u017e\u0173 gamybos linij\u0105, varom\u0105 grandin\u0117s, kurios projektinis na\u0161umas yra 60 d\u0117\u017ei\u0173 per pamain\u0105.<\/p>\n<p><img loading=\"lazy\" decoding=\"async\" class=\"alignnone wp-image-630\" src=\"https:\/\/hydraulic-cylinders.net\/wp-content\/uploads\/2023\/08\/hydraulic-cylinder-product-5-300x213.webp\" alt=\"\" width=\"366\" height=\"260\" \/> <img loading=\"lazy\" decoding=\"async\" class=\"alignnone wp-image-631\" src=\"https:\/\/hydraulic-cylinders.net\/wp-content\/uploads\/2023\/08\/hydraulic-cylinder-product-6-300x225.webp\" alt=\"\" width=\"347\" height=\"260\" \/><\/p>\n<h3>(5) Testavimas<\/h3>\n<p>Turime auk\u0161\u010diausios klas\u0117s patikros patalpas ir bandym\u0173 stendus, kad u\u017etikrintume, jog baliono veikimas atitinka reikalavimus.<\/p>\n<p><img loading=\"lazy\" decoding=\"async\" class=\"alignnone wp-image-632\" src=\"https:\/\/hydraulic-cylinders.net\/wp-content\/uploads\/2023\/08\/hydraulic-cylinder-product-8-300x200.webp\" alt=\"\" width=\"389\" height=\"260\" \/><\/p>\n<p>&nbsp;<\/p>\n<p>&nbsp;<\/p>\n<p>Esame vienas geriausi\u0173 hidraulini\u0173 cilindr\u0173 gamintoj\u0173. Galime pasi\u016blyti i\u0161samius hidraulinius cilindrus. Taip pat teikiame atitinkamus <a href=\"https:\/\/hzpt.com\/agricultural-pto-gearbox\/\" target=\"_blank\" rel=\"noopener\">\u017eem\u0117s \u016bkio pavar\u0173 d\u0117\u017e\u0117s<\/a>Mes eksportuojame savo gaminius klientams visame pasaulyje ir peln\u0117me ger\u0105 reputacij\u0105 d\u0117l auk\u0161\u010diausios gamini\u0173 kokyb\u0117s ir aptarnavimo po pardavimo. Mes laukiame klient\u0173 \u0161alyje ir u\u017esienyje, norin\u010di\u0173 susisiekti su mumis der\u0117tis d\u0117l verslo, keistis informacija ir... <a href=\"https:\/\/www.hydraulic-cylinders.net\/lt\/contact-us\/\">bendradarbiauti su mumis<\/a>!<\/p>","protected":false},"excerpt":{"rendered":"<p>Trailing Suction Dredger Overflow Cylinder The trailing suction dredger overflow cylinder is a vital component in modern dredging equipment. Designed to optimize the performance of trailing suction dredgers, this cylinder plays a crucial role in managing the overflow system. The trailing suction dredger overflow cylinder is an essential component for achieving efficient and effective dredging [&hellip;]<\/p>","protected":false},"featured_media":1777,"comment_status":"open","ping_status":"closed","template":"","meta":{"_et_pb_use_builder":"","_et_pb_old_content":"","_et_gb_content_width":""},"product_brand":[],"product_cat":[1535,1549,1552,1376],"product_tag":[1380],"class_list":{"0":"post-1775","1":"product","2":"type-product","3":"status-publish","4":"has-post-thumbnail","6":"product_cat-dredger-hydraulic-cylinders","7":"product_cat-single-acting-hydraulic-cylinder","8":"product_cat-stainless-steel-hydraulic-cylinder","9":"product_cat-hydraulic-cylinder","10":"product_tag-hydraulic-cylinder","12":"first","13":"instock","14":"shipping-taxable","15":"product-type-simple"},"amp_enabled":true,"_links":{"self":[{"href":"https:\/\/www.hydraulic-cylinders.net\/lt\/wp-json\/wp\/v2\/product\/1775","targetHints":{"allow":["GET"]}}],"collection":[{"href":"https:\/\/www.hydraulic-cylinders.net\/lt\/wp-json\/wp\/v2\/product"}],"about":[{"href":"https:\/\/www.hydraulic-cylinders.net\/lt\/wp-json\/wp\/v2\/types\/product"}],"replies":[{"embeddable":true,"href":"https:\/\/www.hydraulic-cylinders.net\/lt\/wp-json\/wp\/v2\/comments?post=1775"}],"wp:featuredmedia":[{"embeddable":true,"href":"https:\/\/www.hydraulic-cylinders.net\/lt\/wp-json\/wp\/v2\/media\/1777"}],"wp:attachment":[{"href":"https:\/\/www.hydraulic-cylinders.net\/lt\/wp-json\/wp\/v2\/media?parent=1775"}],"wp:term":[{"taxonomy":"product_brand","embeddable":true,"href":"https:\/\/www.hydraulic-cylinders.net\/lt\/wp-json\/wp\/v2\/product_brand?post=1775"},{"taxonomy":"product_cat","embeddable":true,"href":"https:\/\/www.hydraulic-cylinders.net\/lt\/wp-json\/wp\/v2\/product_cat?post=1775"},{"taxonomy":"product_tag","embeddable":true,"href":"https:\/\/www.hydraulic-cylinders.net\/lt\/wp-json\/wp\/v2\/product_tag?post=1775"}],"curies":[{"name":"wp","href":"https:\/\/api.w.org\/{rel}","templated":true}]}}