{"id":1778,"date":"2023-10-13T07:48:25","date_gmt":"2023-10-13T07:48:25","guid":{"rendered":"https:\/\/hydraulic-cylinders.net\/?post_type=product&#038;p=1778"},"modified":"2025-04-15T05:54:51","modified_gmt":"2025-04-15T05:54:51","slug":"barge-split-cylinder","status":"publish","type":"product","link":"https:\/\/www.hydraulic-cylinders.net\/lt\/produktas\/barge-split-cylinder\/","title":{"rendered":"Bar\u017eos padalintas cilindras"},"content":{"rendered":"<h1 style=\"text-align: center;\"><strong>Bar\u017eos padalintas cilindras<\/strong><\/h1>\n<h1 style=\"text-align: center;\"><img loading=\"lazy\" decoding=\"async\" class=\"alignnone size-medium wp-image-1782\" src=\"https:\/\/hydraulic-cylinders.net\/wp-content\/uploads\/2023\/10\/split-cylinder-1-0-300x300.webp\" alt=\"\" width=\"300\" height=\"300\" \/><\/h1>\n<p>Bar\u017eos padalintas cilindras yra revoliucinis produktas, skirtas optimizuoti j\u016br\u0173 operacijas, ypa\u010d gabenant ir tvarkant prekes bei med\u017eiagas. \u0160is novatori\u0161kas hidraulinis cilindras si\u016blo daugyb\u0119 funkcij\u0173 ir privalum\u0173, kurie padidina efektyvum\u0105, saug\u0105 ir na\u0161um\u0105.<\/p>\n<p>Bar\u017eos padalintas cilindras si\u016blo daugyb\u0119 savybi\u0173 ir privalum\u0173, kurie padidina j\u016br\u0173 operacij\u0173 efektyvum\u0105, saug\u0105 ir produktyvum\u0105. D\u0117l padalintos konstrukcijos, didel\u0117s keliamosios galios, tikslaus valdymo ir patikimos hidraulin\u0117s sistemos jis yra vertingas krovini\u0173 tvarkymui, gilinimo darbams ir j\u016brini\u0173 statyb\u0173 darbams. Laikydamiesi rekomenduojam\u0173 naudojimo metod\u0173 ir prie\u017ei\u016bros praktikos, operatoriai gali maksimaliai padidinti bar\u017eos padalinto cilindro na\u0161um\u0105 ir ilgaam\u017ei\u0161kum\u0105, galiausiai pagerindami j\u016br\u0173 operacij\u0173 efektyvum\u0105 ir veiksmingum\u0105.<\/p>\n<p>Bar\u017eos padalinto cilindro pagrindin\u0117s charakteristikos:<\/p>\n<ol>\n<li>Padalintas dizainas universalumui:<\/li>\n<\/ol>\n<ul>\n<li>Bar\u017eos padalintas cilindras pasi\u017eymi unikalia padalinta konstrukcija, leid\u017eian\u010dia lengvai sumontuoti ir i\u0161montuoti.<\/li>\n<li>\u0160i konstrukcija leid\u017eia greitai ir efektyviai pritvirtinti arba atjungti cilindr\u0105, u\u017etikrinant lankstum\u0105 ir pritaikomum\u0105 \u012fvairioms j\u016brin\u0117ms reikm\u0117ms.<\/li>\n<\/ul>\n<ol start=\"2\">\n<li>Didel\u0117 keliamoji galia:<\/li>\n<\/ol>\n<ul>\n<li>Cilindras pasi\u017eymi tvirta konstrukcija, galin\u010dia atlaikyti dideles apkrovas ir at\u0161iaurias j\u016brines s\u0105lygas.<\/li>\n<li>D\u0117l didel\u0117s keliamosios galios jis tinka j\u016brin\u0117ms operacijoms, \u012fskaitant krovini\u0173 tvarkym\u0105, gilinim\u0105 ir statybas j\u016broje.<\/li>\n<\/ul>\n<ol start=\"3\">\n<li>Tikslus valdymas ir pad\u0117ties nustatymas:<\/li>\n<\/ol>\n<ul>\n<li>Bar\u017eos padalintas cilindras si\u016blo tikslias valdymo ir pad\u0117ties nustatymo galimybes, leid\u017eian\u010dias tiksliai valdyti krovinius ar med\u017eiagas.<\/li>\n<li>Operatoriai gali pasiekti skland\u017eius ir kontroliuojamus judesius, u\u017etikrindami tiksl\u0173 i\u0161d\u0117stym\u0105 ir suderinim\u0105 krovini\u0173 tvarkymo ar kit\u0173 j\u016brini\u0173 operacij\u0173 metu.<\/li>\n<\/ul>\n<ol start=\"4\">\n<li>Patikima hidraulin\u0117 sistema:<\/li>\n<\/ol>\n<ul>\n<li>Cilindras, apr\u016bpintas patikima hidrauline sistema, u\u017etikrina pastov\u0173 na\u0161um\u0105 ir skland\u0173 veikim\u0105.<\/li>\n<li>Hidraulin\u0117 sistema u\u017etikrina pakankam\u0105 gali\u0105 ir valdym\u0105, tod\u0117l cilindras gali skland\u017eiai ir efektyviai veikti sud\u0117tingomis j\u016brin\u0117mis s\u0105lygomis.<\/li>\n<\/ul>\n<h2><strong>Bar\u017eos padalinto cilindro parametras:<\/strong><\/h2>\n<table border=\"1\" cellspacing=\"0\" cellpadding=\"0\">\n<tbody>\n<tr>\n<td>Produkto pavadinimas<\/td>\n<td>Padalinta bar\u017ea Padalintas cilindras<\/td>\n<\/tr>\n<tr>\n<td>Savyb\u0117s:<\/td>\n<td>U\u017edaras korpusas<\/td>\n<\/tr>\n<tr>\n<td>Skyl\u0117s skersmuo:<\/td>\n<td>Iki 550 mm<\/td>\n<\/tr>\n<tr>\n<td>Strypo skersmuo:<\/td>\n<td>Iki 280 mm<br \/>\nEiga \u22641000 mm<\/td>\n<\/tr>\n<tr>\n<td>Traukos j\u0117ga:<\/td>\n<td>Iki 6000 kN<\/td>\n<\/tr>\n<tr>\n<td>Sl\u0117gis:<\/td>\n<td>Iki 38 MPa<\/td>\n<\/tr>\n<tr>\n<td>Parai\u0161kos:<\/td>\n<td>Padalinta bar\u017ea<\/td>\n<\/tr>\n<\/tbody>\n<\/table>\n<div><\/div>\n<div>\n<div class=\"txtboxL\">\n<div class=\"txtboxL\">\n<div class=\"txtboxL\">\n<div class=\"txtboxL\">\n<div class=\"txtboxL\">Savyb\u0117s:<\/div>\n<div class=\"txtboxR\">U\u017edaras korpusas<\/div>\n<div class=\"txtboxL\">Specifikacija:<\/div>\n<div class=\"txtboxR\">Gr\u0119\u017einio skersmuo: iki 550 mm<br \/>\nStrypo skersmuo: iki 280 mm<br \/>\nEiga \u22641000 mm<\/div>\n<div class=\"txtboxL\">Traukos j\u0117ga:<\/div>\n<div class=\"txtboxR\">iki 6000 kN<\/div>\n<div class=\"txtboxL\">sl\u0117gis:<\/div>\n<div class=\"txtboxR\">iki 38 MPa<\/div>\n<\/div>\n<\/div>\n<\/div>\n<\/div>\n<\/div>\n<h2><strong>Bar\u017eos padalinto cilindro taikymas:<\/strong><\/h2>\n<p><img loading=\"lazy\" decoding=\"async\" class=\"alignnone wp-image-1780 size-full\" src=\"https:\/\/hydraulic-cylinders.net\/wp-content\/uploads\/2023\/10\/split-barge-cylinder-1.webp\" alt=\"\" width=\"1418\" height=\"946\" srcset=\"https:\/\/hydraulic-cylinders.net\/wp-content\/uploads\/2023\/10\/split-barge-cylinder-1.webp 1418w, https:\/\/hydraulic-cylinders.net\/wp-content\/uploads\/2023\/10\/split-barge-cylinder-1-1280x854.webp 1280w, https:\/\/hydraulic-cylinders.net\/wp-content\/uploads\/2023\/10\/split-barge-cylinder-1-980x654.webp 980w, https:\/\/hydraulic-cylinders.net\/wp-content\/uploads\/2023\/10\/split-barge-cylinder-1-480x320.webp 480w\" sizes=\"(min-width: 0px) and (max-width: 480px) 480px, (min-width: 481px) and (max-width: 980px) 980px, (min-width: 981px) and (max-width: 1280px) 1280px, (min-width: 1281px) 1418px, 100vw\" \/><\/p>\n<h2><strong>Bar\u017eos padalinto cilindro naudojimo b\u016bdas<\/strong><strong>:<\/strong><\/h2>\n<ol>\n<li><strong>\u012erengimas:<\/strong><\/li>\n<\/ol>\n<ul>\n<li>Prad\u0117kite nuo saugaus ir stabilaus bar\u017eos ar laivo pagrindo u\u017etikrinimo.<\/li>\n<li>Pad\u0117kite bar\u017eos padalinimo cilindr\u0105 norimoje bar\u017eos vietoje, u\u017etikrindami tinkam\u0105 jo sulygiavim\u0105 su kroviniu ar med\u017eiaga, kuri\u0105 reikia tvarkyti.<\/li>\n<li>Tvirtai pritvirtinkite cilindr\u0105 naudodami atitinkamas tvirtinimo detales ir laikykit\u0117s gamintojo nurodym\u0173 d\u0117l sukimo momento specifikacij\u0173.<\/li>\n<\/ul>\n<ol start=\"2\">\n<li><strong>Hidraulin\u0117s jungtys:<\/strong><\/li>\n<\/ol>\n<ul>\n<li>Prijunkite bar\u017eos sistemos hidraulines \u017earnas prie bar\u017eos padalinto cilindro.<\/li>\n<li>\u012esitikinkite, kad jungtys yra sandarios ir be nuot\u0117ki\u0173.<\/li>\n<li>Patikrinkite hidraulin\u0117s sistemos sl\u0117gio ir srauto nustatymus, kad \u012fsitikintum\u0117te, jog jie atitinka cilindro reikalavimus.<\/li>\n<\/ul>\n<ol start=\"3\">\n<li><strong>Krovinio valdymas:<\/strong><\/li>\n<\/ol>\n<ul>\n<li>\u012ejunkite bar\u017eos hidraulin\u0119 sistem\u0105 ir valdykite valdiklius, kad prireikus i\u0161skleistum\u0117te arba \u012ftrauktum\u0117te bar\u017eos dalijam\u0105j\u012f cilindr\u0105.<\/li>\n<li>Pasinaudokite tiksliomis valdymo funkcijomis, kad tiksliai ir efektyviai valdytum\u0117te krovin\u012f ar med\u017eiag\u0105.<\/li>\n<li>Krovinio tvarkymo metu steb\u0117kite j\u012f, kad u\u017etikrintum\u0117te saug\u0173 ir patikim\u0105 veikim\u0105.<\/li>\n<\/ul>\n<h2><strong>Kaip nuimti hidraulin\u012f cilindr\u0105 nuo k\u0117d\u0117s?<\/strong><\/h2>\n<p>Nor\u0117dami nuimti hidraulin\u012f cilindr\u0105 nuo k\u0117d\u0117s, jums reik\u0117s keli\u0173 b\u016btin\u0173 \u012franki\u0173 ir vadovaukit\u0117s \u0161iomis nuosekliomis instrukcijomis:<\/p>\n<ol>\n<li><strong>Surinkite reikiamus \u012frankius:<\/strong>\n<ul>\n<li>Reguliuojamas ver\u017eliaraktis arba vamzd\u017ei\u0173 ver\u017eliaraktis<\/li>\n<li>Guminis plaktukas arba plaktukas<\/li>\n<li>Atsuktuvas (jei reikia)<\/li>\n<\/ul>\n<\/li>\n<li><strong>Paruo\u0161kite darbo viet\u0105:<\/strong>\n<ul>\n<li>Pasir\u016bpinkite, kad j\u016bs\u0173 darbo vieta b\u016bt\u0173 \u0161vari ir gerai ap\u0161viesta.<\/li>\n<li>Ant grind\u0173 patieskite audin\u012f arba apsaugin\u0119 dang\u0105, kad nepa\u017eeistum\u0117te k\u0117d\u0117s ar aplinkin\u0117s srities.<\/li>\n<\/ul>\n<\/li>\n<li><strong>Raskite tvirtinimo ta\u0161kus:<\/strong>\n<ul>\n<li>Ap\u017ei\u016br\u0117kite k\u0117d\u0119, kad nustatytum\u0117te hidraulinio cilindro tvirtinimo ta\u0161kus. Jie paprastai yra po k\u0117d\u0117s s\u0117dyn\u0117s dalimi.<\/li>\n<li>Ie\u0161kokite dangteli\u0173 ar apsaugini\u0173 dangteli\u0173, kurie gali sl\u0117pti tvirtinimo ta\u0161kus.<\/li>\n<\/ul>\n<\/li>\n<li><strong>Nuimkite visus dangtelius ar dangtelius:<\/strong>\n<ul>\n<li>Jei vir\u0161 tvirtinimo ta\u0161k\u0173 yra dangteli\u0173 ar dangteli\u0173, juos nuimkite atsuktuvu arba pir\u0161tais.<\/li>\n<li>Dangtelius ar dangtelius pad\u0117kite \u012f saugi\u0105 viet\u0105.<\/li>\n<\/ul>\n<\/li>\n<li><strong>Atlaisvinkite tvirtinimo ver\u017el\u0119:<\/strong>\n<ul>\n<li>Reguliuojamu ver\u017eliarak\u010diu arba vamzd\u017ei\u0173 ver\u017eliarak\u010diu suimkite tvirtinimo ver\u017el\u0119 hidraulinio cilindro vir\u0161uje.<\/li>\n<li>Pasukite ver\u017eliarakt\u012f prie\u0161 laikrod\u017eio rodykl\u0119, kad atlaisvintum\u0117te ver\u017el\u0119.<\/li>\n<li>Atkreipkite d\u0117mes\u012f, kad kai kurios k\u0117d\u0117s vietoj ver\u017el\u0117s gali tur\u0117ti tvirtinimo spaustuk\u0105. Tokiais atvejais spaustuk\u0105 gali tekti nuimti repl\u0117mis arba atsuktuvu.<\/li>\n<\/ul>\n<\/li>\n<li><strong>Nuimkite cilindr\u0105 nuo k\u0117d\u0117s pagrindo:<\/strong>\n<ul>\n<li>Atlaisvinus tvirtinimo ver\u017el\u0119, tvirtai suimkite k\u0117d\u0117s s\u0117dyn\u0119 viena ranka, kad j\u0105 stabilizuotum\u0117te.<\/li>\n<li>Kita ranka tvirtai suimkite vir\u0161utin\u0119 hidraulinio cilindro dal\u012f.<\/li>\n<li>Sukdami ir traukdami cilindr\u0105 nuo k\u0117d\u0117s pagrindo, taikykite auk\u0161tyn nukreipt\u0105 j\u0117g\u0105.<\/li>\n<li>Jei cilindras u\u017estrigo, galite j\u012f \u0161velniai pastuksenti guminiu plaktuku arba plaktuku, kad j\u012f atlaisvintum\u0117te.<\/li>\n<\/ul>\n<\/li>\n<li><strong>Ap\u017ei\u016br\u0117kite ir i\u0161valykite:<\/strong>\n<ul>\n<li>Nu\u0117mus hidraulin\u012f cilindr\u0105, reikia patikrinti, ar n\u0117ra pa\u017eeidim\u0173 ar susid\u0117v\u0117jimo po\u017eymi\u0173.<\/li>\n<li>Jei reikia, cilindr\u0105 ir k\u0117d\u0117s pagrind\u0105 nuvalykite \u0161luoste arba \u0161velniu valymo tirpalu.<\/li>\n<li>Patikrinkite k\u0117d\u0117s tvirtinimo ta\u0161kus, kad jie b\u016bt\u0173 \u0161var\u016bs ir be \u0161iuk\u0161li\u0173.<\/li>\n<\/ul>\n<\/li>\n<li><strong>Pakeitimas arba prie\u017ei\u016bra:<\/strong>\n<ul>\n<li>Jei hidraulin\u012f cilindr\u0105 i\u0161imate technin\u0117s prie\u017ei\u016bros ar keitimo tikslais, vadovaukit\u0117s gamintojo instrukcijomis, skirtomis konkre\u010diam k\u0117d\u0117s modeliui.<\/li>\n<li>Jei cilindras pa\u017eeistas arba veikia netinkamai, kreipkit\u0117s \u012f gamintoj\u0105 arba k\u0117d\u017ei\u0173 remonto specialist\u0105, kad gautum\u0117te tinkam\u0105 pakaital\u0105.<\/li>\n<\/ul>\n<\/li>\n<\/ol>\n<h2><strong>Gamyklos paj\u0117gumai ir talpa:<\/strong><\/h2>\n<h3>(1) Surinkimas<\/h3>\n<p>Turime pirmos klas\u0117s nepriklausom\u0105 tyrim\u0173 ir pl\u0117tros surinkimo platform\u0105. Hidraulini\u0173 cilindr\u0173 gamybos ceche yra keturios pusiau automatin\u0117s k\u0117limo cilindr\u0173 surinkimo linijos ir viena automatin\u0117 pakreipimo cilindr\u0173 surinkimo linija, kuri\u0173 projektinis metinis gamybos paj\u0117gumas yra 1 milijonas vienet\u0173. Speciali\u0173j\u0173 cilindr\u0173 ceche \u012frengta \u012fvairi\u0173 specifikacij\u0173 pusiau automatin\u0117 valymo surinkimo sistema, kurios projektinis metinis gamybos paj\u0117gumas yra 200 000 vienet\u0173, ir garsi CNC apdirbimo \u012franga, apdirbimo centras, didelio tikslumo cilindr\u0173 apdirbimo speciali \u012franga, robotinis suvirinimo aparatas, automatinis valymo aparatas, automatinis cilindr\u0173 surinkimo aparatas ir automatin\u0117 da\u017eymo gamybos linija. Esama daugiau nei 300 rinkini\u0173 (komplekt\u0173) kritin\u0117 \u012franga. Optimalus \u012frangos i\u0161tekli\u0173 paskirstymas ir efektyvus naudojimas u\u017etikrina gamini\u0173 tikslumo reikalavimus ir auk\u0161tus gamini\u0173 kokyb\u0117s poreikius.<\/p>\n<p><img loading=\"lazy\" decoding=\"async\" class=\"alignnone wp-image-626\" src=\"https:\/\/hydraulic-cylinders.net\/wp-content\/uploads\/2023\/08\/hydraulic-cylinder-product-1-300x158.webp\" alt=\"\" width=\"495\" height=\"260\" srcset=\"https:\/\/hydraulic-cylinders.net\/wp-content\/uploads\/2023\/08\/hydraulic-cylinder-product-1-300x158.webp 495w, https:\/\/hydraulic-cylinders.net\/wp-content\/uploads\/2023\/08\/hydraulic-cylinder-product-1-480x252.webp 480w\" sizes=\"(min-width: 0px) and (max-width: 480px) 480px, (min-width: 481px) 495px, 100vw\" \/> <img loading=\"lazy\" decoding=\"async\" class=\"alignnone wp-image-627\" src=\"https:\/\/hydraulic-cylinders.net\/wp-content\/uploads\/2023\/08\/hydraulic-cylinder-product-2-300x189.webp\" alt=\"\" width=\"413\" height=\"260\" \/><\/p>\n<h3>(2) Apdirbimas<\/h3>\n<p>Mechaninio apdirbimo ceche \u012frengtas pritaikytas nuo\u017eulnaus b\u0117gio tekinimo centras, apdirbimo centras, greitaeigis galandimo stakl\u0117s, suvirinimo robotas ir kita susijusi \u012franga, galinti apdirbti cilindrinius vamzd\u017eius, kuri\u0173 maksimalus vidinis skersmuo yra 400 mm, o maksimalus ilgis \u2013 6 metrai.<\/p>\n<p><img loading=\"lazy\" decoding=\"async\" class=\"alignnone wp-image-628 size-large\" src=\"https:\/\/hydraulic-cylinders.net\/wp-content\/uploads\/2023\/08\/hydraulic-cylinder-product-3-1024x391.webp\" alt=\"\" width=\"1024\" height=\"391\" srcset=\"https:\/\/hydraulic-cylinders.net\/wp-content\/uploads\/2023\/08\/hydraulic-cylinder-product-3-980x374.webp 980w, https:\/\/hydraulic-cylinders.net\/wp-content\/uploads\/2023\/08\/hydraulic-cylinder-product-3-480x183.webp 480w\" sizes=\"(min-width: 0px) and (max-width: 480px) 480px, (min-width: 481px) and (max-width: 980px) 980px, (min-width: 981px) 1024px, 100vw\" \/><\/p>\n<h3>(3) Suvirinimas<\/h3>\n<p><img loading=\"lazy\" decoding=\"async\" class=\"alignnone wp-image-629 size-large\" src=\"https:\/\/hydraulic-cylinders.net\/wp-content\/uploads\/2023\/08\/hydraulic-cylinder-product-4-1024x510.webp\" alt=\"\" width=\"1024\" height=\"510\" srcset=\"https:\/\/hydraulic-cylinders.net\/wp-content\/uploads\/2023\/08\/hydraulic-cylinder-product-4-980x488.webp 980w, https:\/\/hydraulic-cylinders.net\/wp-content\/uploads\/2023\/08\/hydraulic-cylinder-product-4-480x239.webp 480w\" sizes=\"(min-width: 0px) and (max-width: 480px) 480px, (min-width: 481px) and (max-width: 980px) 980px, (min-width: 981px) 1024px, 100vw\" \/><\/p>\n<h3>(4) Da\u017eymas ir dengimas<\/h3>\n<p>Su ma\u017eomis ir vidutinio dyd\u017eio cilindrin\u0117mis automatin\u0117mis vandens pagrindo da\u017e\u0173 dengimo linijomis, siekiant automatinio robot\u0173 pakrovimo ir i\u0161krovimo bei automatinio pur\u0161kimo, projektinis paj\u0117gumas yra 4000 vienet\u0173 per pamain\u0105;<br \/>\nTaip pat turime pusiau automatin\u0119 dideli\u0173 cilindr\u0173 da\u017e\u0173 gamybos linij\u0105, varom\u0105 grandin\u0117s, kurios projektinis na\u0161umas yra 60 d\u0117\u017ei\u0173 per pamain\u0105.<\/p>\n<p><img loading=\"lazy\" decoding=\"async\" class=\"alignnone wp-image-630\" src=\"https:\/\/hydraulic-cylinders.net\/wp-content\/uploads\/2023\/08\/hydraulic-cylinder-product-5-300x213.webp\" alt=\"\" width=\"366\" height=\"260\" \/> <img loading=\"lazy\" decoding=\"async\" class=\"alignnone wp-image-631\" src=\"https:\/\/hydraulic-cylinders.net\/wp-content\/uploads\/2023\/08\/hydraulic-cylinder-product-6-300x225.webp\" alt=\"\" width=\"347\" height=\"260\" \/><\/p>\n<h3>(5) Testavimas<\/h3>\n<p>Turime auk\u0161\u010diausios klas\u0117s patikros patalpas ir bandym\u0173 stendus, kad u\u017etikrintume, jog baliono veikimas atitinka reikalavimus.<\/p>\n<p><img loading=\"lazy\" decoding=\"async\" class=\"alignnone wp-image-632\" src=\"https:\/\/hydraulic-cylinders.net\/wp-content\/uploads\/2023\/08\/hydraulic-cylinder-product-8-300x200.webp\" alt=\"\" width=\"389\" height=\"260\" \/><\/p>\n<p>&nbsp;<\/p>\n<p>&nbsp;<\/p>\n<p>Esame vienas geriausi\u0173 hidraulini\u0173 cilindr\u0173 gamintoj\u0173. Galime pasi\u016blyti i\u0161samius hidraulinius cilindrus. Taip pat teikiame atitinkamus <a href=\"https:\/\/hzpt.com\/agricultural-pto-gearbox\/\" target=\"_blank\" rel=\"noopener\">\u017eem\u0117s \u016bkio pavar\u0173 d\u0117\u017e\u0117s<\/a>Mes eksportuojame savo gaminius klientams visame pasaulyje ir peln\u0117me ger\u0105 reputacij\u0105 d\u0117l auk\u0161\u010diausios gamini\u0173 kokyb\u0117s ir aptarnavimo po pardavimo. Mes laukiame klient\u0173 \u0161alyje ir u\u017esienyje, norin\u010di\u0173 susisiekti su mumis der\u0117tis d\u0117l verslo, keistis informacija ir... <a href=\"https:\/\/www.hydraulic-cylinders.net\/lt\/contact-us\/\">bendradarbiauti su mumis<\/a>!<\/p>","protected":false},"excerpt":{"rendered":"<p>Barge Split Cylinder The barge split cylinder is a revolutionary product designed to optimize marine operations, particularly in transporting and handling goods and materials. This innovative hydraulic cylinder offers a range of features and benefits that enhance efficiency, safety, and productivity. The barge split cylinder offers a range of features and benefits that enhance efficiency, [&hellip;]<\/p>","protected":false},"featured_media":1783,"comment_status":"open","ping_status":"closed","template":"","meta":{"_et_pb_use_builder":"","_et_pb_old_content":"","_et_gb_content_width":""},"product_brand":[],"product_cat":[1550,1536,1552,1376],"product_tag":[1380],"class_list":{"0":"post-1778","1":"product","2":"type-product","3":"status-publish","4":"has-post-thumbnail","6":"product_cat-double-acting-hydraulic-cylinder","7":"product_cat-offshore-platform-hydraulic-cylinders","8":"product_cat-stainless-steel-hydraulic-cylinder","9":"product_cat-hydraulic-cylinder","10":"product_tag-hydraulic-cylinder","12":"first","13":"instock","14":"shipping-taxable","15":"product-type-simple"},"amp_enabled":true,"_links":{"self":[{"href":"https:\/\/www.hydraulic-cylinders.net\/lt\/wp-json\/wp\/v2\/product\/1778","targetHints":{"allow":["GET"]}}],"collection":[{"href":"https:\/\/www.hydraulic-cylinders.net\/lt\/wp-json\/wp\/v2\/product"}],"about":[{"href":"https:\/\/www.hydraulic-cylinders.net\/lt\/wp-json\/wp\/v2\/types\/product"}],"replies":[{"embeddable":true,"href":"https:\/\/www.hydraulic-cylinders.net\/lt\/wp-json\/wp\/v2\/comments?post=1778"}],"wp:featuredmedia":[{"embeddable":true,"href":"https:\/\/www.hydraulic-cylinders.net\/lt\/wp-json\/wp\/v2\/media\/1783"}],"wp:attachment":[{"href":"https:\/\/www.hydraulic-cylinders.net\/lt\/wp-json\/wp\/v2\/media?parent=1778"}],"wp:term":[{"taxonomy":"product_brand","embeddable":true,"href":"https:\/\/www.hydraulic-cylinders.net\/lt\/wp-json\/wp\/v2\/product_brand?post=1778"},{"taxonomy":"product_cat","embeddable":true,"href":"https:\/\/www.hydraulic-cylinders.net\/lt\/wp-json\/wp\/v2\/product_cat?post=1778"},{"taxonomy":"product_tag","embeddable":true,"href":"https:\/\/www.hydraulic-cylinders.net\/lt\/wp-json\/wp\/v2\/product_tag?post=1778"}],"curies":[{"name":"wp","href":"https:\/\/api.w.org\/{rel}","templated":true}]}}