{"id":1799,"date":"2023-10-16T03:12:26","date_gmt":"2023-10-16T03:12:26","guid":{"rendered":"https:\/\/hydraulic-cylinders.net\/?post_type=product&#038;p=1799"},"modified":"2025-04-15T05:54:39","modified_gmt":"2025-04-15T05:54:39","slug":"pile-driving-barge-luffing-cylinder","status":"publish","type":"product","link":"https:\/\/www.hydraulic-cylinders.net\/lt\/produktas\/pile-driving-barge-luffing-cylinder\/","title":{"rendered":"Poli\u0173 kalimo bar\u017eos cilindras"},"content":{"rendered":"<h1 style=\"text-align: center;\"><strong>Poli\u0173 kalimo bar\u017eos cilindras<\/strong><\/h1>\n<h1 style=\"text-align: center;\"><img loading=\"lazy\" decoding=\"async\" class=\"alignnone wp-image-1801\" src=\"https:\/\/hydraulic-cylinders.net\/wp-content\/uploads\/2023\/10\/luffing-cylinder-1-2-300x300.webp\" alt=\"\" width=\"400\" height=\"400\" \/><\/h1>\n<p>Poli\u0173 kalimo bar\u017eos pak\u0117limo cilindras yra gyvybi\u0161kai svarbus komponentas, skirtas optimizuoti poli\u0173 kalimo operacij\u0173 na\u0161um\u0105 ir efektyvum\u0105 j\u016brini\u0173 statyb\u0173 projektuose. \u0160is novatori\u0161kas hidraulinis cilindras atlieka labai svarb\u0173 vaidmen\u012f valdant bar\u017eos str\u0117l\u0117s pak\u0117limo judes\u012f, leid\u017eiant\u012f tiksliai pozicionuoti polius. D\u0117l i\u0161skirtini\u0173 savybi\u0173 ir tvirtos konstrukcijos poli\u0173 kalimo bar\u017eos pak\u0117limo cilindras yra geriausias sprendimas j\u016brini\u0173 statyb\u0173 \u012fmon\u0117ms, siekian\u010dioms didesnio produktyvumo ir tikslumo.<\/p>\n<p>Poli\u0173 kalimo bar\u017eos i\u0161lenkimo cilindras yra patikimas ir efektyvus hidraulinis komponentas, skirtas padidinti poli\u0173 kalimo operacij\u0173 efektyvum\u0105 ir tikslum\u0105 j\u016brini\u0173 statyb\u0173 projektuose. D\u0117l tvirtos konstrukcijos, tikslaus i\u0161lenkimo valdymo ir lengvo integravimo jis pagerina na\u0161um\u0105 ir u\u017etikrina tiksl\u0173 poli\u0173 pozicionavim\u0105. Laikydamosi rekomenduojam\u0173 naudojimo metod\u0173 ir reguliariai pri\u017ei\u016br\u0117damos, j\u016brini\u0173 statyb\u0173 \u012fmon\u0117s gali maksimaliai padidinti \u0161io svarbaus komponento ilgaam\u017ei\u0161kum\u0105 ir na\u0161um\u0105, prisid\u0117damos prie savo projekt\u0173 s\u0117km\u0117s.<\/p>\n<p>Gr\u0119\u017eimo platformos plienini\u0173 vielini\u0173 lyn\u0173 \u012ftempiklio cilindro pagrindin\u0117s charakteristikos:<\/p>\n<ol>\n<li>Tvirta konstrukcija: Kalimo bar\u017eos cilindras pagamintas i\u0161 auk\u0161tos kokyb\u0117s med\u017eiag\u0173, kad atlaikyt\u0173 at\u0161iaurias j\u016bros s\u0105lygas. Jo patvari konstrukcija u\u017etikrina ilgaam\u017ei\u0161kum\u0105 ir suma\u017eina prie\u017ei\u016bros poreik\u012f net ir sud\u0117tingomis s\u0105lygomis.<\/li>\n<li>Tikslus poli\u0173 pakreipimo valdymas: \u0161is cilindras u\u017etikrina tiksl\u0173 bar\u017eos str\u0117l\u0117s pakreipimo judesio valdym\u0105. Operatoriai gali reguliuoti ir palaikyti norim\u0105 str\u0117l\u0117s kamp\u0105, u\u017etikrindami tiksl\u0173 poli\u0173 i\u0161d\u0117stym\u0105 ir optimizuot\u0105 statybos efektyvum\u0105.<\/li>\n<li>Hidraulin\u0117 j\u0117ga: Varomas hidraulin\u0117s sistemos, poli\u0173 kalimo bar\u017eos pak\u0117limo cilindras naudoja susl\u0117gtus skys\u010dius, kad sukurt\u0173 pak\u0117limo valdymui reikaling\u0105 j\u0117g\u0105. Hidraulinis mechanizmas u\u017etikrina skland\u0173 ir jautr\u0173 veikim\u0105, tod\u0117l galima tiksliai reguliuoti ir padidinti na\u0161um\u0105.<\/li>\n<li>Paprastas montavimas ir integravimas: Poli\u0173 kalimo bar\u017eos cilindras yra sukurtas taip, kad b\u016bt\u0173 lengva montuoti ir integruoti \u012f esamas poli\u0173 kalimo sistemas. D\u0117l kompakti\u0161ko dyd\u017eio ir universali\u0173 tvirtinimo galimybi\u0173 u\u017etikrinamas sklandus integravimas, suma\u017einant prastovas montavimo metu.<\/li>\n<\/ol>\n<h2><strong>Poli\u0173 kalimo bar\u017eos cilindro parametras:<\/strong><\/h2>\n<table border=\"1\" cellspacing=\"0\" cellpadding=\"0\">\n<tbody>\n<tr>\n<td>Produkto pavadinimas<\/td>\n<td>Poli\u0173 kalimo bar\u017eos cilindras<\/td>\n<\/tr>\n<tr>\n<td>Savyb\u0117s:<\/td>\n<td>pasukite poli\u0173 r\u0117m\u0105 ir palaikykite apkrov\u0105, o gauta i\u0161orin\u0117 j\u0117ga yra ne tik didel\u0117, bet ir sud\u0117tinga<\/td>\n<\/tr>\n<tr>\n<td>Skyl\u0117s skersmuo:<\/td>\n<td>Iki 1400 mm<\/td>\n<\/tr>\n<tr>\n<td>Strypo skersmuo:<\/td>\n<td>Iki 900 mm<br \/>\nEiga iki 15500 mm<\/td>\n<\/tr>\n<tr>\n<td>Traukos j\u0117ga:<\/td>\n<td>28465KN<br \/>\n(sl\u0117gis 25 MPa)<\/td>\n<\/tr>\n<tr>\n<td>Parai\u0161kos:<\/td>\n<td>Pakeliama j\u016brin\u0117 platforma<\/td>\n<\/tr>\n<\/tbody>\n<\/table>\n<div><\/div>\n<div>\n<div class=\"txtboxL\">\n<div class=\"txtboxL\">\n<div class=\"txtboxL\">\n<div class=\"txtboxL\">\n<div class=\"txtboxL\">\n<div class=\"txtboxL\">\n<div class=\"txtboxL\">\n<div class=\"txtboxL\">\n<div class=\"txtboxL\">Savyb\u0117s:<\/div>\n<div class=\"txtboxR\">pasukite poli\u0173 r\u0117m\u0105 ir palaikykite apkrov\u0105, o gauta i\u0161orin\u0117 j\u0117ga yra ne tik didel\u0117, bet ir sud\u0117tinga<\/div>\n<div class=\"txtboxL\">Specifikacija:<\/div>\n<div class=\"txtboxR\">Gr\u0119\u017einio skersmuo: iki 1400 mm<br \/>\nStrypo skersmuo: iki 900 mm<br \/>\nEiga iki 15500 mm<\/div>\n<div class=\"txtboxL\">Traukos j\u0117ga:<\/div>\n<div class=\"txtboxR\">28465KN<br \/>\n(sl\u0117gis 25 MPa)<\/div>\n<\/div>\n<\/div>\n<\/div>\n<\/div>\n<\/div>\n<\/div>\n<\/div>\n<\/div>\n<\/div>\n<h2><strong>Poli\u0173 kalimo bar\u017eos cilindro taikymas:<\/strong><\/h2>\n<p><img loading=\"lazy\" decoding=\"async\" class=\"alignnone wp-image-1803 size-full\" src=\"https:\/\/hydraulic-cylinders.net\/wp-content\/uploads\/2023\/10\/pile-driving-barge-cylinder-1.webp\" alt=\"\" width=\"1418\" height=\"946\" srcset=\"https:\/\/hydraulic-cylinders.net\/wp-content\/uploads\/2023\/10\/pile-driving-barge-cylinder-1.webp 1418w, https:\/\/hydraulic-cylinders.net\/wp-content\/uploads\/2023\/10\/pile-driving-barge-cylinder-1-1280x854.webp 1280w, https:\/\/hydraulic-cylinders.net\/wp-content\/uploads\/2023\/10\/pile-driving-barge-cylinder-1-980x654.webp 980w, https:\/\/hydraulic-cylinders.net\/wp-content\/uploads\/2023\/10\/pile-driving-barge-cylinder-1-480x320.webp 480w\" sizes=\"(min-width: 0px) and (max-width: 480px) 480px, (min-width: 481px) and (max-width: 980px) 980px, (min-width: 981px) and (max-width: 1280px) 1280px, (min-width: 1281px) 1418px, 100vw\" \/><\/p>\n<h2><strong>Poli\u0173 kalimo bar\u017eos cilindro naudojimo b\u016bdas<\/strong><strong>:<\/strong><\/h2>\n<ul>\n<li><strong>Prie\u0161 montavim\u0105 atliekama patikra:<\/strong> Prie\u0161 montuodami poli\u0173 kalimo bar\u017eos pak\u0117limo cilindr\u0105, atid\u017eiai patikrinkite cilindr\u0105 ir susijusius komponentus. \u012esitikinkite, kad visos dalys yra geros b\u016bkl\u0117s, ir patikrinkite, ar str\u0117l\u0117 tinkamai sulygiuota ir pritvirtinta.<\/li>\n<li><strong>Montavimas ir prijungimas:<\/strong> Sumontuokite pak\u0117limo cilindr\u0105 nurodytoje poli\u0173 kalimo bar\u017eos vietoje, naudodami tinkamus tvirtinimo laikiklius ir tvirtinimo detales. Prijunkite hidraulines linijas prie cilindro, u\u017etikrindami tinkam\u0105 sulygiavim\u0105 ir tvirtas jungtis.<\/li>\n<li><strong>Hidraulin\u0117s sistemos aktyvavimas:<\/strong> \u012ejunkite hidraulin\u0119 sistem\u0105, u\u017etikrindami tinkam\u0105 skys\u010dio lyg\u012f ir sl\u0117g\u012f. Vadovaukit\u0117s gamintojo instrukcijomis, kaip valdyti hidraulinius valdiklius ir reguliuoti pakreipimo judes\u012f.<\/li>\n<li><strong>Pakreipimo reguliavimas:<\/strong> Nor\u0117dami reguliuoti bar\u017eos str\u0117l\u0117s pakreipimo judes\u012f, naudokite hidraulinius valdiklius. Atid\u017eiai steb\u0117kite str\u0117l\u0117s kamp\u0105 ir, jei reikia, tiksliai reguliuokite, kad pasiektum\u0117te norim\u0105 poli\u0173 i\u0161d\u0117stym\u0105 ir konstrukcijos efektyvum\u0105.<\/li>\n<\/ul>\n<h2><strong>Kaip gaminami hidrauliniai cilindrai?<\/strong><\/h2>\n<p>Hidrauliniai cilindrai gaminami taikant daugyb\u0119 proces\u0173, apiman\u010di\u0173 tiksli\u0105j\u0105 in\u017einerij\u0105, apdirbim\u0105 ir surinkim\u0105. Tikslus gamybos procesas gali skirtis priklausomai nuo konkretaus hidraulinio cilindro tipo ir dyd\u017eio, taip pat nuo gamintojo naudojam\u0173 metod\u0173 ir \u012frangos. Ta\u010diau pateikiame bendr\u0105 hidraulini\u0173 cilindr\u0173 gamybos ap\u017evalg\u0105:<\/p>\n<ol>\n<li><strong>Projektavimas ir in\u017einerija:<\/strong> Pirmasis hidraulinio cilindro gamybos \u017eingsnis yra projektavimo ir in\u017einerijos etapas. In\u017einieriai analizuoja cilindro reikalavimus ir specifikacijas, atsi\u017evelgdami \u012f tokius veiksnius kaip keliamoji galia, sl\u0117gio \u012fvertinimai, eigos ilgis ir tvirtinimo galimyb\u0117s. Kompiuterinio projektavimo (CAD) programin\u0117 \u012franga da\u017enai naudojama kuriant i\u0161samius 3D modelius ir techninius br\u0117\u017einius.<\/li>\n<li><strong>Med\u017eiag\u0173 pasirinkimas:<\/strong> Kai projektas yra baigtas, parenkamos tinkamos med\u017eiagos hidraulinio cilindro konstrukcijai. \u012eprastos naudojamos med\u017eiagos yra didelio stiprumo plienas cilindro korpusui ir st\u016bmoklio kotui, ketus arba aliuminis galiniams dangteliams ir \u012fvair\u016bs sandarikliai bei O formos \u017eiedai, pagaminti i\u0161 elastomer\u0173 arba kit\u0173 tinkam\u0173 med\u017eiag\u0173.<\/li>\n<li><strong>Cilindro statin\u0117s gamyba:<\/strong> Cilindro korpusas paprastai gaminamas honavimo b\u016bdu. Tai apima besi\u016blio plieninio vamzd\u017eio vidinio pavir\u0161iaus apdirbim\u0105, siekiant norimo lygumo ir matmen\u0173 tikslumo. Honingavimo proceso metu sukuriama tiksli cilindro kiaurym\u0117, pro kuri\u0105 jud\u0117s st\u016bmoklis.<\/li>\n<li><strong>St\u016bmoklio koto gamyba:<\/strong> St\u016bmoklio kotas t\u0119siasi i\u0161 vieno cilindro galo ir paprastai yra pagamintas i\u0161 didelio stiprumo plieninio strypo. Kotas yra apdirbamas iki reikiam\u0173 matmen\u0173, \u012fskaitant tiksl\u0173 pavir\u0161iaus \u0161lifavim\u0105, siekiant u\u017etikrinti skland\u0173 veikim\u0105 ir atsparum\u0105 dilimui.<\/li>\n<li><strong>Mechaninis apdirbimas ir komponent\u0173 gamyba:<\/strong> \u012evair\u016bs hidraulinio cilindro komponentai, tokie kaip galiniai dangteliai, st\u016bmokli\u0173 galvut\u0117s ir tvirtinimo kron\u0161teinai, yra gaminami mechaninio apdirbimo procesais. CNC (kompiuterinio skaitmeninio valdymo) stakl\u0117s da\u017eniausiai naudojamos tiksliai suformuoti ir i\u0161gr\u0119\u017eti skyles komponentuose pagal projekto specifikacijas.<\/li>\n<li><strong>Pavir\u0161iaus apdorojimas:<\/strong> Priklausomai nuo pritaikymo ir reikalavim\u0173, tam tikri hidraulinio cilindro pavir\u0161iai gali b\u016bti papildomai apdorojami. Tai gali b\u016bti tokie procesai kaip terminis apdorojimas, siekiant pagerinti stiprum\u0105 ir ilgaam\u017ei\u0161kum\u0105, dengimas korozijai arba specializuotas pavir\u0161iaus apdorojimas, pavyzd\u017eiui, kietas chromavimas ant st\u016bmoklio koto, siekiant padidinti atsparum\u0105 dilimui.<\/li>\n<li><strong>Surinkimas:<\/strong> Hidraulinis cilindras surenkamas, kai visi reikalingi komponentai yra pagaminti ir apdoroti. Tai apima kruop\u0161t\u0173 cilindro korpuso, st\u016bmoklio, st\u016bmoklio koto, sandarikli\u0173 ir kit\u0173 dali\u0173 surinkim\u0105. Tikslus suderinimas ir tinkamas sandarinimas yra b\u016btini norint u\u017etikrinti optimal\u0173 veikim\u0105 ir i\u0161vengti nuot\u0117ki\u0173.<\/li>\n<li><strong>Testavimas ir kokyb\u0117s u\u017etikrinimas:<\/strong> Prie\u0161 paruo\u0161iant hidraulin\u012f cilindr\u0105 platinimui, jis yra grie\u017etai tikrinamas, siekiant u\u017etikrinti, kad jis atitikt\u0173 reikiamus standartus ir specifikacijas. Tai gali apimti sl\u0117gio bandymus, funkcinius bandymus ir matmen\u0173 patikrinimus. Siekiant i\u0161laikyti nuosekli\u0105 kokyb\u0119 viso gamybos proceso metu, \u012fdiegiamos kokyb\u0117s u\u017etikrinimo proced\u016bros.<\/li>\n<li><strong>Pakavimas ir platinimas:<\/strong> Surinkti hidrauliniai cilindrai yra saugiai supakuoti, kad b\u016bt\u0173 apsaugoti transportavimo metu. Tada jie paskirstomi klientams arba saugomi sand\u0117lyje, kad b\u016bt\u0173 panaudoti ateityje.<\/li>\n<\/ol>\n<h2><strong>Gamyklos paj\u0117gumai ir talpa:<\/strong><\/h2>\n<h3>(1) Surinkimas<\/h3>\n<p>Turime pirmos klas\u0117s nepriklausom\u0105 tyrim\u0173 ir pl\u0117tros surinkimo platform\u0105. Hidraulini\u0173 cilindr\u0173 gamybos ceche yra keturios pusiau automatin\u0117s k\u0117limo cilindr\u0173 surinkimo linijos ir viena automatin\u0117 pakreipimo cilindr\u0173 surinkimo linija, kuri\u0173 projektinis metinis gamybos paj\u0117gumas yra 1 milijonas vienet\u0173. Speciali\u0173j\u0173 cilindr\u0173 ceche \u012frengta \u012fvairi\u0173 specifikacij\u0173 pusiau automatin\u0117 valymo surinkimo sistema, kurios projektinis metinis gamybos paj\u0117gumas yra 200 000 vienet\u0173, ir garsi CNC apdirbimo \u012franga, apdirbimo centras, didelio tikslumo cilindr\u0173 apdirbimo speciali \u012franga, robotinis suvirinimo aparatas, automatinis valymo aparatas, automatinis cilindr\u0173 surinkimo aparatas ir automatin\u0117 da\u017eymo gamybos linija. Esama daugiau nei 300 rinkini\u0173 (komplekt\u0173) kritin\u0117 \u012franga. Optimalus \u012frangos i\u0161tekli\u0173 paskirstymas ir efektyvus naudojimas u\u017etikrina gamini\u0173 tikslumo reikalavimus ir auk\u0161tus gamini\u0173 kokyb\u0117s poreikius.<\/p>\n<p><img loading=\"lazy\" decoding=\"async\" class=\"alignnone wp-image-626\" src=\"https:\/\/hydraulic-cylinders.net\/wp-content\/uploads\/2023\/08\/hydraulic-cylinder-product-1-300x158.webp\" alt=\"\" width=\"495\" height=\"260\" srcset=\"https:\/\/hydraulic-cylinders.net\/wp-content\/uploads\/2023\/08\/hydraulic-cylinder-product-1-300x158.webp 495w, https:\/\/hydraulic-cylinders.net\/wp-content\/uploads\/2023\/08\/hydraulic-cylinder-product-1-480x252.webp 480w\" sizes=\"(min-width: 0px) and (max-width: 480px) 480px, (min-width: 481px) 495px, 100vw\" \/> <img loading=\"lazy\" decoding=\"async\" class=\"alignnone wp-image-627\" src=\"https:\/\/hydraulic-cylinders.net\/wp-content\/uploads\/2023\/08\/hydraulic-cylinder-product-2-300x189.webp\" alt=\"\" width=\"413\" height=\"260\" \/><\/p>\n<h3>(2) Apdirbimas<\/h3>\n<p>Mechaninio apdirbimo ceche \u012frengtas pritaikytas nuo\u017eulnaus b\u0117gio tekinimo centras, apdirbimo centras, greitaeigis galandimo stakl\u0117s, suvirinimo robotas ir kita susijusi \u012franga, galinti apdirbti cilindrinius vamzd\u017eius, kuri\u0173 maksimalus vidinis skersmuo yra 400 mm, o maksimalus ilgis \u2013 6 metrai.<\/p>\n<p><img loading=\"lazy\" decoding=\"async\" class=\"alignnone wp-image-628 size-large\" src=\"https:\/\/hydraulic-cylinders.net\/wp-content\/uploads\/2023\/08\/hydraulic-cylinder-product-3-1024x391.webp\" alt=\"\" width=\"1024\" height=\"391\" srcset=\"https:\/\/hydraulic-cylinders.net\/wp-content\/uploads\/2023\/08\/hydraulic-cylinder-product-3-980x374.webp 980w, https:\/\/hydraulic-cylinders.net\/wp-content\/uploads\/2023\/08\/hydraulic-cylinder-product-3-480x183.webp 480w\" sizes=\"(min-width: 0px) and (max-width: 480px) 480px, (min-width: 481px) and (max-width: 980px) 980px, (min-width: 981px) 1024px, 100vw\" \/><\/p>\n<h3>(3) Suvirinimas<\/h3>\n<p><img loading=\"lazy\" decoding=\"async\" class=\"alignnone wp-image-629 size-large\" src=\"https:\/\/hydraulic-cylinders.net\/wp-content\/uploads\/2023\/08\/hydraulic-cylinder-product-4-1024x510.webp\" alt=\"\" width=\"1024\" height=\"510\" srcset=\"https:\/\/hydraulic-cylinders.net\/wp-content\/uploads\/2023\/08\/hydraulic-cylinder-product-4-980x488.webp 980w, https:\/\/hydraulic-cylinders.net\/wp-content\/uploads\/2023\/08\/hydraulic-cylinder-product-4-480x239.webp 480w\" sizes=\"(min-width: 0px) and (max-width: 480px) 480px, (min-width: 481px) and (max-width: 980px) 980px, (min-width: 981px) 1024px, 100vw\" \/><\/p>\n<h3>(4) Da\u017eymas ir dengimas<\/h3>\n<p>Su ma\u017eomis ir vidutinio dyd\u017eio cilindrin\u0117mis automatin\u0117mis vandens pagrindo da\u017e\u0173 dengimo linijomis, siekiant automatinio robot\u0173 pakrovimo ir i\u0161krovimo bei automatinio pur\u0161kimo, projektinis paj\u0117gumas yra 4000 vienet\u0173 per pamain\u0105;<br \/>\nTaip pat turime pusiau automatin\u0119 dideli\u0173 cilindr\u0173 da\u017e\u0173 gamybos linij\u0105, varom\u0105 grandin\u0117s, kurios projektinis na\u0161umas yra 60 d\u0117\u017ei\u0173 per pamain\u0105.<\/p>\n<p><img loading=\"lazy\" decoding=\"async\" class=\"alignnone wp-image-630\" src=\"https:\/\/hydraulic-cylinders.net\/wp-content\/uploads\/2023\/08\/hydraulic-cylinder-product-5-300x213.webp\" alt=\"\" width=\"366\" height=\"260\" \/> <img loading=\"lazy\" decoding=\"async\" class=\"alignnone wp-image-631\" src=\"https:\/\/hydraulic-cylinders.net\/wp-content\/uploads\/2023\/08\/hydraulic-cylinder-product-6-300x225.webp\" alt=\"\" width=\"347\" height=\"260\" \/><\/p>\n<h3>(5) Testavimas<\/h3>\n<p>Turime auk\u0161\u010diausios klas\u0117s patikros patalpas ir bandym\u0173 stendus, kad u\u017etikrintume, jog baliono veikimas atitinka reikalavimus.<\/p>\n<p><img loading=\"lazy\" decoding=\"async\" class=\"alignnone wp-image-632\" src=\"https:\/\/hydraulic-cylinders.net\/wp-content\/uploads\/2023\/08\/hydraulic-cylinder-product-8-300x200.webp\" alt=\"\" width=\"389\" height=\"260\" \/><\/p>\n<p>&nbsp;<\/p>\n<p>&nbsp;<\/p>\n<p>Esame vienas geriausi\u0173 hidraulini\u0173 cilindr\u0173 gamintoj\u0173. Galime pasi\u016blyti i\u0161samius hidraulinius cilindrus. Taip pat teikiame atitinkamus <a href=\"https:\/\/hzpt.com\/agricultural-pto-gearbox\/\" target=\"_blank\" rel=\"noopener\">\u017eem\u0117s \u016bkio pavar\u0173 d\u0117\u017e\u0117s<\/a>Mes eksportuojame savo gaminius klientams visame pasaulyje ir peln\u0117me ger\u0105 reputacij\u0105 d\u0117l auk\u0161\u010diausios gamini\u0173 kokyb\u0117s ir aptarnavimo po pardavimo. Mes laukiame klient\u0173 \u0161alyje ir u\u017esienyje, norin\u010di\u0173 susisiekti su mumis der\u0117tis d\u0117l verslo, keistis informacija ir... <a href=\"https:\/\/www.hydraulic-cylinders.net\/lt\/contact-us\/\">bendradarbiauti su mumis<\/a>!<\/p>","protected":false},"excerpt":{"rendered":"<p>Pile Driving Barge Luffing Cylinder The Pile Driving Barge Luffing Cylinder is a vital component designed to optimize the performance and efficiency of pile driving operations in marine construction projects. This innovative hydraulic cylinder plays a crucial role in controlling the luffing motion of the barge&#8217;s boom, allowing for precise positioning of piles. With its [&hellip;]<\/p>","protected":false},"featured_media":1802,"comment_status":"open","ping_status":"closed","template":"","meta":{"_et_pb_use_builder":"","_et_pb_old_content":"","_et_gb_content_width":""},"product_brand":[],"product_cat":[1550,1536,1552,1376],"product_tag":[1380],"class_list":{"0":"post-1799","1":"product","2":"type-product","3":"status-publish","4":"has-post-thumbnail","6":"product_cat-double-acting-hydraulic-cylinder","7":"product_cat-offshore-platform-hydraulic-cylinders","8":"product_cat-stainless-steel-hydraulic-cylinder","9":"product_cat-hydraulic-cylinder","10":"product_tag-hydraulic-cylinder","12":"first","13":"instock","14":"shipping-taxable","15":"product-type-simple"},"amp_enabled":true,"_links":{"self":[{"href":"https:\/\/www.hydraulic-cylinders.net\/lt\/wp-json\/wp\/v2\/product\/1799","targetHints":{"allow":["GET"]}}],"collection":[{"href":"https:\/\/www.hydraulic-cylinders.net\/lt\/wp-json\/wp\/v2\/product"}],"about":[{"href":"https:\/\/www.hydraulic-cylinders.net\/lt\/wp-json\/wp\/v2\/types\/product"}],"replies":[{"embeddable":true,"href":"https:\/\/www.hydraulic-cylinders.net\/lt\/wp-json\/wp\/v2\/comments?post=1799"}],"wp:featuredmedia":[{"embeddable":true,"href":"https:\/\/www.hydraulic-cylinders.net\/lt\/wp-json\/wp\/v2\/media\/1802"}],"wp:attachment":[{"href":"https:\/\/www.hydraulic-cylinders.net\/lt\/wp-json\/wp\/v2\/media?parent=1799"}],"wp:term":[{"taxonomy":"product_brand","embeddable":true,"href":"https:\/\/www.hydraulic-cylinders.net\/lt\/wp-json\/wp\/v2\/product_brand?post=1799"},{"taxonomy":"product_cat","embeddable":true,"href":"https:\/\/www.hydraulic-cylinders.net\/lt\/wp-json\/wp\/v2\/product_cat?post=1799"},{"taxonomy":"product_tag","embeddable":true,"href":"https:\/\/www.hydraulic-cylinders.net\/lt\/wp-json\/wp\/v2\/product_tag?post=1799"}],"curies":[{"name":"wp","href":"https:\/\/api.w.org\/{rel}","templated":true}]}}