{"id":1828,"date":"2023-10-17T03:14:36","date_gmt":"2023-10-17T03:14:36","guid":{"rendered":"https:\/\/hydraulic-cylinders.net\/?post_type=product&#038;p=1828"},"modified":"2025-04-15T05:43:07","modified_gmt":"2025-04-15T05:43:07","slug":"empty-container-stacker-oil-tilt-cylinder","status":"publish","type":"product","link":"https:\/\/www.hydraulic-cylinders.net\/lt\/produktas\/empty-container-stacker-oil-tilt-cylinder\/","title":{"rendered":"Tu\u0161\u010dio konteinerio krautuvo alyvos pakreipimo cilindras"},"content":{"rendered":"<h1 style=\"text-align: center;\"><strong>Tu\u0161\u010dio konteinerio krautuvo alyvos pakreipimo cilindras<\/strong><\/h1>\n<h1 style=\"text-align: center;\"><img loading=\"lazy\" decoding=\"async\" class=\"alignnone wp-image-1829\" src=\"https:\/\/hydraulic-cylinders.net\/wp-content\/uploads\/2023\/10\/tilt-cylinder-1-2-300x300.webp\" alt=\"\" width=\"400\" height=\"400\" \/><\/h1>\n<p>Tu\u0161\u010di\u0173 konteineri\u0173 krautuvo alyvos pakreipimo cilindras yra gyvybi\u0161kai svarbus hidraulinis komponentas, skirtas optimizuoti tu\u0161\u010di\u0173 konteineri\u0173 krovimo operacij\u0173 efektyvum\u0105 ir saug\u0105. \u0160is specializuotas cilindras yra specialiai sukurtas konteineri\u0173 skirstytuvo pakreipimo judesiui valdyti, leid\u017eiant tiksliai nustatyti tu\u0161\u010di\u0173 konteineri\u0173 pad\u0117t\u012f krovimo ar i\u0161krovimo metu. D\u0117l tvirtos konstrukcijos, pa\u017eangi\u0173 funkcij\u0173 ir lengvo integravimo tu\u0161\u010di\u0173 konteineri\u0173 krautuvo alyvos pakreipimo cilindras yra b\u016btina priemon\u0117 \u012fmon\u0117ms, siekian\u010dioms pagerinti savo konteineri\u0173 tvarkymo galimybes.<\/p>\n<p>Tu\u0161\u010di\u0173 konteineri\u0173 krautuvo alyvos pakreipimo cilindras yra vertingas tu\u0161\u010di\u0173 konteineri\u0173 krautuv\u0173 priedas, u\u017etikrinantis tiksl\u0173 konteineri\u0173 paskirstytojo pakreipimo judesio valdym\u0105. D\u0117l padidinto efektyvumo, tvirtos konstrukcijos ir integruot\u0173 saugos funkcij\u0173 \u0161is cilindras optimizuoja konteineri\u0173 tvarkymo operacijas, leisdamas operatoriams tiksliai ir efektyviai i\u0161d\u0117styti tu\u0161\u010dius konteinerius, kartu u\u017etikrinant eksploatavimo saug\u0105. Laikydamosi rekomenduojam\u0173 naudojimo metod\u0173 ir reguliariai \u012fgyvendindamos prie\u017ei\u016bros praktik\u0105, \u012fmon\u0117s gali maksimaliai padidinti savo konteineri\u0173 tvarkymo operacij\u0173 na\u0161um\u0105, ilgaam\u017ei\u0161kum\u0105 ir saugum\u0105. Naudodamos tu\u0161\u010di\u0173 konteineri\u0173 krautuvo alyvos pakreipimo cilindr\u0105, \u012fmon\u0117s gali padidinti produktyvum\u0105, universalum\u0105 ir saugum\u0105 konteineri\u0173 krovimo ar i\u0161krovimo procesuose, u\u017etikrindamos efektyvi\u0105 ir s\u0117kming\u0105 veikl\u0105 sud\u0117tingoje konteineri\u0173 tvarkymo pramon\u0117je.<\/p>\n<p>Tu\u0161\u010di\u0173 konteineri\u0173 krautuvo alyvos pakreipimo cilindro pagrindin\u0117s charakteristikos:<\/p>\n<ol>\n<li>Tikslus pakreipimo valdymas: alyvos pakreipimo cilindras leid\u017eia tiksliai valdyti konteinerio paskirstymo \u012frenginio pakreipimo judes\u012f. Tai leid\u017eia operatoriams tiksliai reguliuoti konteinerio kamp\u0105, u\u017etikrinant optimali\u0105 krovimo ir i\u0161krovimo pad\u0117t\u012f, kartu suma\u017einant nelaiming\u0173 atsitikim\u0173 ar pa\u017eeidim\u0173 rizik\u0105 tvarkymo operacij\u0173 metu.<\/li>\n<li>Padidintas efektyvumas: cilindro konstrukcija leid\u017eia greitai ir efektyviai pakreipti konteineri\u0173 skirstytuv\u0105. Tai leid\u017eia greitai pozicionuoti konteinerius ir sutrumpina bendr\u0105 ciklo laik\u0105, skirt\u0105 krovimui ar i\u0161krovimui i\u0161 kr\u016bvos, taip pagerinant na\u0161um\u0105 ir veiklos efektyvum\u0105.<\/li>\n<li>Tvirta konstrukcija: Pagamintas i\u0161 auk\u0161tos kokyb\u0117s med\u017eiag\u0173, \u012fskaitant patvarius sandariklius ir korozijai atsparius lydinius, tu\u0161\u010di\u0173 konteineri\u0173 krautuvo alyvos pakreipimo cilindras yra sukurtas taip, kad atlaikyt\u0173 sud\u0117tingas konteineri\u0173 tvarkymo s\u0105lygas. Tvirta konstrukcija u\u017etikrina patikim\u0105 veikim\u0105, ilgaam\u017ei\u0161kum\u0105 ir minimalius prie\u017ei\u016bros reikalavimus, taip suma\u017einant prastovas.<\/li>\n<li>Integruotos saugos funkcijos: Pakreipimo cilindras turi pa\u017eangias saugos funkcijas, tokias kaip apsauga nuo perkrovos ir avarinio stabdymo mechanizmai. \u0160ios funkcijos padeda i\u0161vengti skirstytuvo perkrovos ir u\u017etikrina saug\u0173 darb\u0105 konteineri\u0173 tvarkymo metu, taip padidindamos bendr\u0105 eksploatavimo saug\u0105 ir suma\u017eindamos nelaiming\u0173 atsitikim\u0173 rizik\u0105.<\/li>\n<\/ol>\n<h2><strong>Tu\u0161\u010dio konteinerio krautuvo alyvos pakreipimo cilindro parametras:<\/strong><\/h2>\n<table border=\"1\" cellspacing=\"0\" cellpadding=\"0\">\n<tbody>\n<tr>\n<td>Produkto pavadinimas<\/td>\n<td>Tu\u0161\u010dio konteinerio krautuvo alyvos pakreipimo cilindras<\/td>\n<\/tr>\n<tr>\n<td>Savyb\u0117s:<\/td>\n<td>Supraskite stiebo priekin\u012f ir galin\u012f svyravim\u0105<\/td>\n<\/tr>\n<tr>\n<td>Skyl\u0117s skersmuo:<\/td>\n<td>100 mm ~ 220 mm<\/td>\n<\/tr>\n<tr>\n<td>Strypo skersmuo:<\/td>\n<td>60 mm ~ 140 mm<br \/>\nEiga \u22641000 mm<\/td>\n<\/tr>\n<tr>\n<td>Sl\u0117gis:<\/td>\n<td>Maksimalus 30 MPa<\/td>\n<\/tr>\n<tr>\n<td>Parai\u0161kos:<\/td>\n<td>Tu\u0161\u010dias konteineri\u0173 krautuvas<\/td>\n<\/tr>\n<\/tbody>\n<\/table>\n<h2><strong>Tu\u0161\u010dio konteinerio krautuvo alyvos cilindro pritaikymas:<\/strong><\/h2>\n<p><img loading=\"lazy\" decoding=\"async\" class=\"alignnone wp-image-1831 size-full\" src=\"https:\/\/hydraulic-cylinders.net\/wp-content\/uploads\/2023\/10\/empty-container-stacker-oil-cylinder-1.webp\" alt=\"\" width=\"1418\" height=\"946\" srcset=\"https:\/\/hydraulic-cylinders.net\/wp-content\/uploads\/2023\/10\/empty-container-stacker-oil-cylinder-1.webp 1418w, https:\/\/hydraulic-cylinders.net\/wp-content\/uploads\/2023\/10\/empty-container-stacker-oil-cylinder-1-1280x854.webp 1280w, https:\/\/hydraulic-cylinders.net\/wp-content\/uploads\/2023\/10\/empty-container-stacker-oil-cylinder-1-980x654.webp 980w, https:\/\/hydraulic-cylinders.net\/wp-content\/uploads\/2023\/10\/empty-container-stacker-oil-cylinder-1-480x320.webp 480w\" sizes=\"(min-width: 0px) and (max-width: 480px) 480px, (min-width: 481px) and (max-width: 980px) 980px, (min-width: 981px) and (max-width: 1280px) 1280px, (min-width: 1281px) 1418px, 100vw\" \/><\/p>\n<h2><strong>Tu\u0161\u010dio konteinerio krautuvo alyvos pakreipimo cilindro naudojimo b\u016bdas<\/strong><strong>:<\/strong><\/h2>\n<ul>\n<li><strong>\u012erengimas:<\/strong>\u00a0 Sumontuokite tu\u0161\u010di\u0173 konteineri\u0173 krautuvo alyvos pakreipimo cilindr\u0105 tinkamoje vietoje ant tu\u0161\u010di\u0173 konteineri\u0173 krautuvo. U\u017etikrinkite tinkam\u0105 i\u0161lygiavim\u0105 ir tvirt\u0105 pritvirtinim\u0105 pagal gamintojo nurodymus ir specifikacijas.<\/li>\n<li><strong>Hidraulin\u0117s jungtys:<\/strong> Prijunkite cilindr\u0105 prie tu\u0161\u010di\u0173 konteineri\u0173 krautuvo hidraulin\u0117s sistemos, u\u017etikrindami tinkam\u0105 hidraulini\u0173 linij\u0173 i\u0161d\u0117stym\u0105 ir tvirtas jungtis. Laikykit\u0117s gamintojo rekomendacij\u0173 d\u0117l \u017earn\u0173 dyd\u017ei\u0173, jungiam\u0173j\u0173 detali\u0173 ir sl\u0117gio vardini\u0173 ver\u010di\u0173, kad u\u017etikrintum\u0117te saug\u0173 ir efektyv\u0173 veikim\u0105.<\/li>\n<li><strong>Valdymas ir veikimas:<\/strong> Pakreipimo cilindras paprastai valdomas naudojant esam\u0105 tu\u0161\u010di\u0173 konteineri\u0173 krautuvo valdymo sistem\u0105. Valdymo konsol\u0117je arba valdymo skydelyje \u012fjunkite hidraulin\u0119 grandin\u0119 ir reguliuokite konteineri\u0173 skirstytuvo pakreipimo judes\u012f pagal poreik\u012f konteineri\u0173 tvarkymo operacij\u0173 metu.<\/li>\n<\/ul>\n<h2><strong>Kaip veikia hidraulinis poslinkio cilindras?<\/strong><\/h2>\n<p>Hidraulinis cilindras, dar \u017einomas kaip hidraulin\u0117 linijin\u0117 pavara arba hidraulinis st\u016bmoklis, yra \u012ftaisas, kuris hidraulin\u012f sl\u0117g\u012f paver\u010dia linijine mechanine j\u0117ga ir judesiu. J\u012f sudaro cilindras, st\u016bmoklis ir hidraulinis skystis. \u0160tai kaip veikia hidraulinis cilindras:<\/p>\n<ol>\n<li><strong>Konstrukcija:<\/strong> Darbinis cilindras susideda i\u0161 cilindrinio korpuso, kurio viduje yra st\u016bmoklio mazgas. St\u016bmoklis yra sujungtas su strypu, kuris t\u0119siasi i\u0161 vieno cilindro galo.<\/li>\n<li><strong>Hidraulinis skystis:<\/strong> Cilindras pripildytas hidraulinio skys\u010dio (da\u017eniausiai alyvos), kuris yra darbin\u0117 terp\u0117 j\u0117gai perduoti. Skystis laikomas rezervuare ir cirkuliuoja per cilindr\u0105 hidraulinio siurblio pagalba.<\/li>\n<li><strong>Hidraulinis sl\u0117gis:<\/strong> Hidraulin\u012f sl\u0117g\u012f sukuria hidraulinis siurblys, kuris sukuria skys\u010dio sraut\u0105 \u012f cilindr\u0105. Sl\u0117g\u012f kontroliuoja vo\u017etuvai ir reguliuoja hidraulin\u0117 sistema.<\/li>\n<li><strong>Prat\u0119simo sm\u016bgis:<\/strong> Kai vienai st\u016bmoklio pusei taikomas hidraulinis sl\u0117gis, jis veikia j\u0105 j\u0117ga, tod\u0117l st\u016bmoklis juda viena kryptimi. \u0160is pailg\u0117jimo judesys stumia stryp\u0105 \u012f i\u0161or\u0119, sukurdamas tiesin\u012f jud\u0117jim\u0105.<\/li>\n<li><strong>Atitraukimo sm\u016bgis:<\/strong> Norint \u012ftraukti st\u016bmokl\u012f ir kot\u0105, prie\u0161ingoje st\u016bmoklio pus\u0117je taikomas hidraulinis sl\u0117gis. Sl\u0117gio skirtumas ver\u010dia st\u016bmokl\u012f jud\u0117ti prie\u0161inga kryptimi, \u012ftraukdamas kot\u0105 atgal \u012f cilindr\u0105.<\/li>\n<li><strong>J\u0117gos generavimas:<\/strong> Hidraulinio cilindro sukuriama j\u0117ga yra sl\u0117gio, veikian\u010dio efektyv\u0173j\u012f st\u016bmoklio plot\u0105, rezultatas. Kuo didesnis st\u016bmoklio plotas, tuo didesn\u0119 j\u0117g\u0105 galima panaudoti.<\/li>\n<li><strong>Valdymas ir veikimas:<\/strong> Hidraulin\u012f sl\u0117g\u012f ir sraut\u0105 reguliuoja vo\u017etuvai, kurie valdomi per valdymo sistem\u0105. Reguliuojant vo\u017etuv\u0173 nustatymus, galima valdyti cilindro jud\u0117jimo greit\u012f ir krypt\u012f.<\/li>\n<li><strong>Parai\u0161kos:<\/strong> Hidrauliniai cilindrai naudojami \u012fvairiose srityse, kurioms reikalingas tiesinis jud\u0117jimas ir j\u0117ga, pavyzd\u017eiui, statybin\u0117se ma\u0161inose, pramonin\u0117je \u012frangoje, med\u017eiag\u0173 tvarkymo sistemose ir automobili\u0173 pramon\u0117je.<\/li>\n<li><strong>Prie\u017ei\u016bra:<\/strong> Reguliarus hidraulinio cilindro techninis aptarnavimas apima nuot\u0117ki\u0173 patikrinim\u0105, sandarikli\u0173 ir tarpikli\u0173 ap\u017ei\u016br\u0105 bei tinkamo vo\u017etuv\u0173 ir valdymo sistem\u0173 veikimo u\u017etikrinim\u0105. Tinkamas filtravimas ir periodi\u0161kas skys\u010di\u0173 keitimas taip pat yra svarb\u016bs siekiant i\u0161laikyti optimal\u0173 na\u0161um\u0105 ir i\u0161vengti u\u017eter\u0161imo.<\/li>\n<\/ol>\n<h2><strong>Gamyklos paj\u0117gumai ir talpa:<\/strong><\/h2>\n<h3>(1) Surinkimas<\/h3>\n<p>Turime pirmos klas\u0117s nepriklausom\u0105 tyrim\u0173 ir pl\u0117tros surinkimo platform\u0105. Hidraulini\u0173 cilindr\u0173 gamybos ceche yra keturios pusiau automatin\u0117s k\u0117limo cilindr\u0173 surinkimo linijos ir viena automatin\u0117 pakreipimo cilindr\u0173 surinkimo linija, kuri\u0173 projektinis metinis gamybos paj\u0117gumas yra 1 milijonas vienet\u0173. Speciali\u0173j\u0173 cilindr\u0173 ceche \u012frengta \u012fvairi\u0173 specifikacij\u0173 pusiau automatin\u0117 valymo surinkimo sistema, kurios projektinis metinis gamybos paj\u0117gumas yra 200 000 vienet\u0173, ir garsi CNC apdirbimo \u012franga, apdirbimo centras, didelio tikslumo cilindr\u0173 apdirbimo speciali \u012franga, robotinis suvirinimo aparatas, automatinis valymo aparatas, automatinis cilindr\u0173 surinkimo aparatas ir automatin\u0117 da\u017eymo gamybos linija. Esama daugiau nei 300 rinkini\u0173 (komplekt\u0173) kritin\u0117 \u012franga. Optimalus \u012frangos i\u0161tekli\u0173 paskirstymas ir efektyvus naudojimas u\u017etikrina gamini\u0173 tikslumo reikalavimus ir auk\u0161tus gamini\u0173 kokyb\u0117s poreikius.<\/p>\n<p><img loading=\"lazy\" decoding=\"async\" class=\"alignnone wp-image-626\" src=\"https:\/\/hydraulic-cylinders.net\/wp-content\/uploads\/2023\/08\/hydraulic-cylinder-product-1-300x158.webp\" alt=\"\" width=\"495\" height=\"260\" srcset=\"https:\/\/hydraulic-cylinders.net\/wp-content\/uploads\/2023\/08\/hydraulic-cylinder-product-1-300x158.webp 495w, https:\/\/hydraulic-cylinders.net\/wp-content\/uploads\/2023\/08\/hydraulic-cylinder-product-1-480x252.webp 480w\" sizes=\"(min-width: 0px) and (max-width: 480px) 480px, (min-width: 481px) 495px, 100vw\" \/> <img loading=\"lazy\" decoding=\"async\" class=\"alignnone wp-image-627\" src=\"https:\/\/hydraulic-cylinders.net\/wp-content\/uploads\/2023\/08\/hydraulic-cylinder-product-2-300x189.webp\" alt=\"\" width=\"413\" height=\"260\" \/><\/p>\n<h3>(2) Apdirbimas<\/h3>\n<p>Mechaninio apdirbimo ceche \u012frengtas pritaikytas nuo\u017eulnaus b\u0117gio tekinimo centras, apdirbimo centras, greitaeigis galandimo stakl\u0117s, suvirinimo robotas ir kita susijusi \u012franga, galinti apdirbti cilindrinius vamzd\u017eius, kuri\u0173 maksimalus vidinis skersmuo yra 400 mm, o maksimalus ilgis \u2013 6 metrai.<\/p>\n<p><img loading=\"lazy\" decoding=\"async\" class=\"alignnone wp-image-628 size-large\" src=\"https:\/\/hydraulic-cylinders.net\/wp-content\/uploads\/2023\/08\/hydraulic-cylinder-product-3-1024x391.webp\" alt=\"\" width=\"1024\" height=\"391\" srcset=\"https:\/\/hydraulic-cylinders.net\/wp-content\/uploads\/2023\/08\/hydraulic-cylinder-product-3-980x374.webp 980w, https:\/\/hydraulic-cylinders.net\/wp-content\/uploads\/2023\/08\/hydraulic-cylinder-product-3-480x183.webp 480w\" sizes=\"(min-width: 0px) and (max-width: 480px) 480px, (min-width: 481px) and (max-width: 980px) 980px, (min-width: 981px) 1024px, 100vw\" \/><\/p>\n<h3>(3) Suvirinimas<\/h3>\n<p><img loading=\"lazy\" decoding=\"async\" class=\"alignnone wp-image-629 size-large\" src=\"https:\/\/hydraulic-cylinders.net\/wp-content\/uploads\/2023\/08\/hydraulic-cylinder-product-4-1024x510.webp\" alt=\"\" width=\"1024\" height=\"510\" srcset=\"https:\/\/hydraulic-cylinders.net\/wp-content\/uploads\/2023\/08\/hydraulic-cylinder-product-4-980x488.webp 980w, https:\/\/hydraulic-cylinders.net\/wp-content\/uploads\/2023\/08\/hydraulic-cylinder-product-4-480x239.webp 480w\" sizes=\"(min-width: 0px) and (max-width: 480px) 480px, (min-width: 481px) and (max-width: 980px) 980px, (min-width: 981px) 1024px, 100vw\" \/><\/p>\n<h3>(4) Da\u017eymas ir dengimas<\/h3>\n<p>Su ma\u017eomis ir vidutinio dyd\u017eio cilindrin\u0117mis automatin\u0117mis vandens pagrindo da\u017e\u0173 dengimo linijomis, siekiant automatinio robot\u0173 pakrovimo ir i\u0161krovimo bei automatinio pur\u0161kimo, projektinis paj\u0117gumas yra 4000 vienet\u0173 per pamain\u0105;<br \/>\nTaip pat turime pusiau automatin\u0119 dideli\u0173 cilindr\u0173 da\u017e\u0173 gamybos linij\u0105, varom\u0105 grandin\u0117s, kurios projektinis na\u0161umas yra 60 d\u0117\u017ei\u0173 per pamain\u0105.<\/p>\n<p><img loading=\"lazy\" decoding=\"async\" class=\"alignnone wp-image-630\" src=\"https:\/\/hydraulic-cylinders.net\/wp-content\/uploads\/2023\/08\/hydraulic-cylinder-product-5-300x213.webp\" alt=\"\" width=\"366\" height=\"260\" \/> <img loading=\"lazy\" decoding=\"async\" class=\"alignnone wp-image-631\" src=\"https:\/\/hydraulic-cylinders.net\/wp-content\/uploads\/2023\/08\/hydraulic-cylinder-product-6-300x225.webp\" alt=\"\" width=\"347\" height=\"260\" \/><\/p>\n<h3>(5) Testavimas<\/h3>\n<p>Turime auk\u0161\u010diausios klas\u0117s patikros patalpas ir bandym\u0173 stendus, kad u\u017etikrintume, jog baliono veikimas atitinka reikalavimus.<\/p>\n<p><img loading=\"lazy\" decoding=\"async\" class=\"alignnone wp-image-632\" src=\"https:\/\/hydraulic-cylinders.net\/wp-content\/uploads\/2023\/08\/hydraulic-cylinder-product-8-300x200.webp\" alt=\"\" width=\"389\" height=\"260\" \/><\/p>\n<p>&nbsp;<\/p>\n<p>&nbsp;<\/p>\n<p>Esame vienas geriausi\u0173 hidraulini\u0173 cilindr\u0173 gamintoj\u0173. Galime pasi\u016blyti i\u0161samius hidraulinius cilindrus. Taip pat teikiame atitinkamus <a href=\"https:\/\/hzpt.com\/agricultural-pto-gearbox\/\" target=\"_blank\" rel=\"noopener\">\u017eem\u0117s \u016bkio pavar\u0173 d\u0117\u017e\u0117s<\/a>Mes eksportuojame savo gaminius klientams visame pasaulyje ir peln\u0117me ger\u0105 reputacij\u0105 d\u0117l auk\u0161\u010diausios gamini\u0173 kokyb\u0117s ir aptarnavimo po pardavimo. Mes laukiame klient\u0173 \u0161alyje ir u\u017esienyje, norin\u010di\u0173 susisiekti su mumis der\u0117tis d\u0117l verslo, keistis informacija ir... <a href=\"https:\/\/www.hydraulic-cylinders.net\/lt\/contact-us\/\">bendradarbiauti su mumis<\/a>!<\/p>\n<p>&nbsp;<\/p>","protected":false},"excerpt":{"rendered":"<p>Empty Container Stacker Oil Tilt Cylinder The empty container stacker oil tilt cylinder is a vital hydraulic component designed to optimize the efficiency and safety of empty container stacking operations. This specialized cylinder is specifically engineered to control the tilting movement of the container spreader, allowing precise positioning of empty containers during stacking or destacking [&hellip;]<\/p>","protected":false},"featured_media":1830,"comment_status":"open","ping_status":"closed","template":"","meta":{"_et_pb_use_builder":"","_et_pb_old_content":"","_et_gb_content_width":""},"product_brand":[],"product_cat":[1550,1516,1552],"product_tag":[1380],"class_list":{"0":"post-1828","1":"product","2":"type-product","3":"status-publish","4":"has-post-thumbnail","6":"product_cat-double-acting-hydraulic-cylinder","7":"product_cat-stacker-reclaimer-hydraulic-cylinders","8":"product_cat-stainless-steel-hydraulic-cylinder","9":"product_tag-hydraulic-cylinder","11":"first","12":"instock","13":"shipping-taxable","14":"product-type-simple"},"amp_enabled":true,"_links":{"self":[{"href":"https:\/\/www.hydraulic-cylinders.net\/lt\/wp-json\/wp\/v2\/product\/1828","targetHints":{"allow":["GET"]}}],"collection":[{"href":"https:\/\/www.hydraulic-cylinders.net\/lt\/wp-json\/wp\/v2\/product"}],"about":[{"href":"https:\/\/www.hydraulic-cylinders.net\/lt\/wp-json\/wp\/v2\/types\/product"}],"replies":[{"embeddable":true,"href":"https:\/\/www.hydraulic-cylinders.net\/lt\/wp-json\/wp\/v2\/comments?post=1828"}],"wp:featuredmedia":[{"embeddable":true,"href":"https:\/\/www.hydraulic-cylinders.net\/lt\/wp-json\/wp\/v2\/media\/1830"}],"wp:attachment":[{"href":"https:\/\/www.hydraulic-cylinders.net\/lt\/wp-json\/wp\/v2\/media?parent=1828"}],"wp:term":[{"taxonomy":"product_brand","embeddable":true,"href":"https:\/\/www.hydraulic-cylinders.net\/lt\/wp-json\/wp\/v2\/product_brand?post=1828"},{"taxonomy":"product_cat","embeddable":true,"href":"https:\/\/www.hydraulic-cylinders.net\/lt\/wp-json\/wp\/v2\/product_cat?post=1828"},{"taxonomy":"product_tag","embeddable":true,"href":"https:\/\/www.hydraulic-cylinders.net\/lt\/wp-json\/wp\/v2\/product_tag?post=1828"}],"curies":[{"name":"wp","href":"https:\/\/api.w.org\/{rel}","templated":true}]}}