{"id":1838,"date":"2023-10-17T06:03:15","date_gmt":"2023-10-17T06:03:15","guid":{"rendered":"https:\/\/hydraulic-cylinders.net\/?post_type=product&#038;p=1838"},"modified":"2025-04-15T05:42:58","modified_gmt":"2025-04-15T05:42:58","slug":"empty-container-stacker-oil-side-shift-cylinder","status":"publish","type":"product","link":"https:\/\/www.hydraulic-cylinders.net\/lt\/produktas\/empty-container-stacker-oil-side-shift-cylinder\/","title":{"rendered":"Tu\u0161\u010di\u0173 konteineri\u0173 krautuvo alyvos \u0161oninio poslinkio cilindras"},"content":{"rendered":"<h1 style=\"text-align: center;\"><strong>Tu\u0161\u010di\u0173 konteineri\u0173 krautuvo alyvos \u0161oninio poslinkio cilindras<\/strong><\/h1>\n<h1 style=\"text-align: center;\"><img loading=\"lazy\" decoding=\"async\" class=\"alignnone wp-image-1839\" src=\"https:\/\/hydraulic-cylinders.net\/wp-content\/uploads\/2023\/10\/side-shift-cylinder-1-300x300.webp\" alt=\"\" width=\"400\" height=\"400\" \/><\/h1>\n<p>Tu\u0161\u010di\u0173 konteineri\u0173 krautuvo alyvos \u0161oninio poslinkio cilindras yra labai svarbus komponentas, skirtas padidinti tu\u0161\u010di\u0173 konteineri\u0173 krautuv\u0173 universalum\u0105 ir efektyvum\u0105. \u0160is hidraulinis cilindras leid\u017eia tiksliai pastumti konteinerius \u012f \u0161on\u0105, leisdamas operatoriams greitai ir tiksliai juos pozicionuoti. D\u0117l pa\u017eangi\u0173 funkcij\u0173, tvirtos konstrukcijos ir sklandaus valdymo tu\u0161\u010di\u0173 konteineri\u0173 krautuvo alyvos \u0161oninio poslinkio cilindras yra nepakei\u010diama priemon\u0117 \u012fmon\u0117ms, siekian\u010dioms optimizuoti konteineri\u0173 tvarkymo operacijas.<\/p>\n<p>Tu\u0161\u010di\u0173 konteineri\u0173 krautuv\u0173 alyvos \u0161oninio poslinkio cilindras yra b\u016btinas norint optimizuoti konteineri\u0173 tvarkymo operacijas, ypa\u010d tu\u0161\u010di\u0173 konteineri\u0173 krautuvuose. D\u0117l lengvo \u0161oninio poslinkio, universali\u0173 tvarkymo galimybi\u0173, tvirtos konstrukcijos ir tikslaus valdymo \u0161is cilindras suteikia operatoriams galimyb\u0119 greitai ir tiksliai pozicionuoti konteinerius. Laikydamosi rekomenduojam\u0173 naudojimo metod\u0173 ir reguliariai pri\u017ei\u016br\u0117damos, \u012fmon\u0117s gali maksimaliai padidinti savo konteineri\u0173 tvarkymo operacij\u0173 na\u0161um\u0105, ilgaam\u017ei\u0161kum\u0105 ir saugum\u0105. Naudodamos tu\u0161\u010di\u0173 konteineri\u0173 krautuv\u0173 alyvos \u0161oninio poslinkio cilindr\u0105, \u012fmon\u0117s gali padidinti produktyvum\u0105, supaprastinti procesus ir u\u017etikrinti efektyv\u0173 bei tiksl\u0173 konteineri\u0173 pozicionavim\u0105 sud\u0117tingoje konteineri\u0173 tvarkymo pramon\u0117je.<\/p>\n<p>Tu\u0161\u010di\u0173 konteineri\u0173 krautuvo alyvos \u0161oninio poslinkio cilindro pagrindin\u0117s charakteristikos:<\/p>\n<ul>\n<li>Paprastas \u0161oninis poslinkis: Alyvos pagrindu veikiantis \u0161oninio poslinkio cilindras leid\u017eia lengvai perkelti konteinerius \u012f \u0161on\u0105, suteikdamas operatoriams tiksli\u0105 konteineri\u0173 pad\u0117ties kontrol\u0119. Tai leid\u017eia jiems lengvai reguliuoti konteineri\u0173 \u0161onin\u0119 pad\u0117t\u012f, atsi\u017evelgiant \u012f \u012fvairius pakrovimo ir i\u0161krovimo reikalavimus. \u0160i nesud\u0117tinga \u0161oninio poslinkio galimyb\u0117 sutrumpina tvarkymo laik\u0105, suma\u017eina susid\u016brim\u0173 rizik\u0105 ir padidina bendr\u0105 veiklos efektyvum\u0105.<\/li>\n<li>Universalus valdymas: Tu\u0161\u010di\u0173 konteineri\u0173 krautuvo alyvos \u0161oninio poslinkio cilindras padidina tu\u0161\u010di\u0173 konteineri\u0173 krautuvo universalum\u0105, nes leid\u017eia jam tvarkyti \u012fvairi\u0173 dyd\u017ei\u0173 ir form\u0173 konteinerius. Tur\u0117dami galimyb\u0119 reguliuoti konteinerio pad\u0117t\u012f, operatoriai gali prisitaikyti prie \u012fvairi\u0173 konteineri\u0173 matmen\u0173, u\u017etikrindami saug\u0173 pritvirtinim\u0105 ir suma\u017eindami pa\u017eeidim\u0173 rizik\u0105 tvarkymo metu.<\/li>\n<li>Tvirta konstrukcija: \u0160oninio poslinkio cilindras pagamintas i\u0161 auk\u0161tos kokyb\u0117s med\u017eiag\u0173 ir yra tvirtos konstrukcijos, u\u017etikrinant ilgaam\u017ei\u0161kum\u0105 ir patikimum\u0105 sud\u0117tingomis darbo s\u0105lygomis. Jis sukurtas taip, kad atlaikyt\u0173 dideles apkrovas, da\u017enus judesius ir at\u0161iauri\u0105 aplink\u0105, suma\u017eindamas prie\u017ei\u016bros reikalavimus ir maksimaliai padidindamas veikimo laik\u0105.<\/li>\n<li>Tikslus valdymas: Tu\u0161\u010di\u0173 konteineri\u0173 krautuvo alyvos \u0161oninio poslinkio cilindras u\u017etikrina tiksl\u0173 operacijos valdym\u0105. Operatoriai gali tiksliai reguliuoti konteinerio \u0161onin\u0119 pad\u0117t\u012f, kad b\u016bt\u0173 galima skland\u017eiai ir tiksliai suderinti j\u012f su kita \u012franga ar sand\u0117liavimo vietomis. \u0160is tikslus valdymas u\u017etikrina efektyv\u0173 ir saug\u0173 konteineri\u0173 tvarkym\u0105, suma\u017einant nelaiming\u0173 atsitikim\u0173 ar pa\u017eeidim\u0173 rizik\u0105.<\/li>\n<\/ul>\n<h2><strong>Tu\u0161\u010dio konteinerio krautuvo alyvos \u0161oninio poslinkio cilindro parametras:<\/strong><\/h2>\n<table border=\"1\" cellspacing=\"0\" cellpadding=\"0\">\n<tbody>\n<tr>\n<td>Produkto pavadinimas<\/td>\n<td>Tu\u0161\u010di\u0173 konteineri\u0173 krautuvo \u0161oninio poslinkio cilindras<\/td>\n<\/tr>\n<tr>\n<td>Savyb\u0117s:<\/td>\n<td>Supraskite priedo poslink\u012f \u012f kair\u0119 ir \u012f de\u0161in\u0119<\/td>\n<\/tr>\n<tr>\n<td>Skyl\u0117s skersmuo:<\/td>\n<td>80 mm ~ 120 mm<\/td>\n<\/tr>\n<tr>\n<td>Strypo skersmuo:<\/td>\n<td>50 mm ~ 65 mm<br \/>\nEiga \u22641500 mm<\/td>\n<\/tr>\n<tr>\n<td>Sl\u0117gis:<\/td>\n<td>Maksimalus 25 MPa<\/td>\n<\/tr>\n<tr>\n<td>Parai\u0161kos:<\/td>\n<td>Tu\u0161\u010dias konteineri\u0173 krautuvas<\/td>\n<\/tr>\n<\/tbody>\n<\/table>\n<h2><strong>Tu\u0161\u010dio konteinerio krautuvo alyvos cilindro pritaikymas:<\/strong><\/h2>\n<p><img loading=\"lazy\" decoding=\"async\" class=\"alignnone wp-image-1831 size-full\" src=\"https:\/\/hydraulic-cylinders.net\/wp-content\/uploads\/2023\/10\/empty-container-stacker-oil-cylinder-1.webp\" alt=\"\" width=\"1418\" height=\"946\" srcset=\"https:\/\/hydraulic-cylinders.net\/wp-content\/uploads\/2023\/10\/empty-container-stacker-oil-cylinder-1.webp 1418w, https:\/\/hydraulic-cylinders.net\/wp-content\/uploads\/2023\/10\/empty-container-stacker-oil-cylinder-1-1280x854.webp 1280w, https:\/\/hydraulic-cylinders.net\/wp-content\/uploads\/2023\/10\/empty-container-stacker-oil-cylinder-1-980x654.webp 980w, https:\/\/hydraulic-cylinders.net\/wp-content\/uploads\/2023\/10\/empty-container-stacker-oil-cylinder-1-480x320.webp 480w\" sizes=\"(min-width: 0px) and (max-width: 480px) 480px, (min-width: 481px) and (max-width: 980px) 980px, (min-width: 981px) and (max-width: 1280px) 1280px, (min-width: 1281px) 1418px, 100vw\" \/><\/p>\n<h2><strong>Tu\u0161\u010dio konteinerio krautuvo alyvos \u0161oninio poslinkio cilindro naudojimo b\u016bdas<\/strong><strong>:<\/strong><\/h2>\n<ul>\n<li><strong>\u012erengimas:<\/strong>\u00a0 Sumontuokite tu\u0161\u010di\u0173 konteineri\u0173 krautuvo alyvos \u0161oninio poslinkio cilindr\u0105 tam skirtoje vietoje tu\u0161\u010di\u0173 konteineri\u0173 krautuvo viduje. Laikykit\u0117s gamintojo nurodym\u0173 ir specifikacij\u0173, kad tinkamai sulygiuotum\u0117te, pritvirtintum\u0117te ir prijungtum\u0117te. U\u017etikrinkite saug\u0173 ir tinkam\u0105 montavim\u0105, kad b\u016bt\u0173 u\u017etikrintas optimalus veikimas.<\/li>\n<li><strong>Hidraulin\u0117s jungtys:<\/strong> Prijunkite cilindr\u0105 prie tu\u0161\u010di\u0173 konteineri\u0173 krautuvo hidraulin\u0117s sistemos, vadovaudamiesi gamintojo rekomendacijomis. \u012esitikinkite, kad hidraulin\u0117s linijos yra tinkamai nukreiptos, o jungtys yra tvirtos. Siekiant u\u017etikrinti saug\u0173 ir efektyv\u0173 veikim\u0105, laikykit\u0117s nurodyt\u0173 \u017earn\u0173 dyd\u017ei\u0173, jungiam\u0173j\u0173 detali\u0173 ir sl\u0117gio vardini\u0173 ver\u010di\u0173.<\/li>\n<li><strong>Valdymas ir veikimas:<\/strong> \u0160oninio poslinkio cilindras paprastai valdomas naudojant esam\u0105 tu\u0161\u010di\u0173 konteineri\u0173 krautuvo valdymo sistem\u0105. Operatoriai gali naudoti valdymo konsol\u0119 arba valdymo skydel\u012f, kad \u012fjungt\u0173 hidraulin\u0119 grandin\u0119 ir sureguliuot\u0173 konteinerio \u0161onin\u0119 pad\u0117t\u012f. Laikykit\u0117s gamintojo nurodym\u0173 ir rekomenduojam\u0173 saugi\u0173 bei tiksli\u0173 \u0161oninio poslinkio proced\u016br\u0173.<\/li>\n<\/ul>\n<h2><strong>Kaip veikia teleskopinis hidraulinis cilindras?<\/strong><\/h2>\n<p>Teleskopinis hidraulinis cilindras, dar \u017einomas kaip daugiapakopis hidraulinis cilindras, yra hidraulin\u0117s pavaros tipas, sudarytas i\u0161 keli\u0173 pakop\u0173 arba sekcij\u0173, \u012fd\u0117t\u0173 viena \u012f kit\u0105. \u0160i konstrukcija leid\u017eia pasiekti ilgesn\u012f eig\u0105, i\u0161laikant kompakti\u0161k\u0105 bendr\u0105 dyd\u012f. \u0160tai kaip veikia teleskopinis hidraulinis cilindras:<\/p>\n<ol>\n<li><strong>Konstrukcija:<\/strong> Teleskopin\u012f hidraulin\u012f cilindr\u0105 sudaro cilindrini\u0173 vamzd\u017ei\u0173, vadinam\u0173 pakopomis, serija, kuri\u0173 kiekvieno skersmuo palaipsniui ma\u017e\u0117ja. Pakopos yra sujungtos tarpiniais strypais, o svarbiausia pakopa paprastai vadinama pagrindine arba bazine pakopa.<\/li>\n<li><strong>Prat\u0119simo sm\u016bgis:<\/strong> Kai bazinei pakopai taikomas hidraulinis sl\u0117gis, jis veikia st\u016bmokl\u012f, stumdamas j\u012f ir prijungtus tarpinius strypus \u012f priek\u012f. \u0160is pradinis jud\u0117jimas praple\u010dia pirm\u0105j\u0105 pakop\u0105. Hidraulinis skystis yra i\u0161stumiamas i\u0161 bazin\u0117s pakopos \u012f pirm\u0105j\u0105 pakop\u0105, sukurdamas sl\u0117gio skirtum\u0105.<\/li>\n<li><strong>Nuoseklusis prat\u0119simas:<\/strong> Pirmajai pakopai ilg\u0117jant, prie jos pritvirtintas tarpinis strypas stumia antr\u0105j\u0105 pakop\u0105, tod\u0117l \u0161i ilg\u0117ja. \u0160is nuoseklus ilg\u0117jimas t\u0119siasi, kai kiekviena paskesn\u0117 pakopa juda prie\u0161 kit\u0105, kol pasiekiamas norimas eigos ilgis.<\/li>\n<li><strong>Atitraukimo sm\u016bgis:<\/strong> Hidraulinis sl\u0117gis atleid\u017eiamas, kad teleskopinis cilindras b\u016bt\u0173 \u012ftrauktas, leid\u017eiant vidiniam sl\u0117giui i\u0161silyginti. \u012etraukimas paprastai pasiekiamas i\u0161orin\u0117mis j\u0117gomis, tokiomis kaip gravitacija, spyruokl\u0117s arba apkrovos sukeltas sl\u0117gis. Sl\u0117giui i\u0161silyginant, pakopos susitraukia atvirk\u0161tine tvarka, kiekviena pakopa slysta atgal \u012f ankstesn\u0119, kol cilindras visi\u0161kai \u012ftraukiamas.<\/li>\n<li><strong>Valdymas ir veikimas:<\/strong> Hidraulin\u012f sl\u0117g\u012f ir sraut\u0105 kontroliuoja vo\u017etuvai, valdomi per valdymo sistem\u0105. Reguliuojant vo\u017etuv\u0173 nustatymus, galima palaikyti teleskopinio cilindro i\u0161pl\u0117timo ir \u012ftraukimo greit\u012f bei j\u0117g\u0105.<\/li>\n<li><strong>Parai\u0161kos:<\/strong> Teleskopiniai hidrauliniai cilindrai da\u017eniausiai naudojami ten, kur kompakti\u0161koje erdv\u0117je reikalingas didelis eigos ilgis. Jie da\u017enai naudojami statybos, med\u017eiag\u0173 tvarkymo ir transporto pramon\u0117je, kur labai svarbus ilgo siekio ir kompakti\u0161ko dyd\u017eio derinys.<\/li>\n<li><strong>Prie\u017ei\u016bra:<\/strong> Reguliarus teleskopinio hidraulinio cilindro techninis aptarnavimas apima nuot\u0117ki\u0173 patikrinim\u0105, sandarikli\u0173 ir tarpikli\u0173 ap\u017ei\u016br\u0105 bei tinkamo vo\u017etuv\u0173 ir valdymo sistem\u0173 veikimo u\u017etikrinim\u0105. Tinkamas tepimas suma\u017eina trint\u012f tarp pakop\u0173 ir skatina skland\u0173 veikim\u0105. Reguliarus valymas ir \u0161iuk\u0161li\u0173 \u0161alinimas taip pat yra b\u016btini siekiant i\u0161vengti pakop\u0173 pa\u017eeidim\u0173 ir i\u0161laikyti optimal\u0173 na\u0161um\u0105.<\/li>\n<\/ol>\n<h2><strong>Gamyklos paj\u0117gumai ir talpa:<\/strong><\/h2>\n<h3>(1) Surinkimas<\/h3>\n<p>Turime pirmos klas\u0117s nepriklausom\u0105 tyrim\u0173 ir pl\u0117tros surinkimo platform\u0105. Hidraulini\u0173 cilindr\u0173 gamybos ceche yra keturios pusiau automatin\u0117s k\u0117limo cilindr\u0173 surinkimo linijos ir viena automatin\u0117 pakreipimo cilindr\u0173 surinkimo linija, kuri\u0173 projektinis metinis gamybos paj\u0117gumas yra 1 milijonas vienet\u0173. Speciali\u0173j\u0173 cilindr\u0173 ceche \u012frengta \u012fvairi\u0173 specifikacij\u0173 pusiau automatin\u0117 valymo surinkimo sistema, kurios projektinis metinis gamybos paj\u0117gumas yra 200 000 vienet\u0173, ir garsi CNC apdirbimo \u012franga, apdirbimo centras, didelio tikslumo cilindr\u0173 apdirbimo speciali \u012franga, robotinis suvirinimo aparatas, automatinis valymo aparatas, automatinis cilindr\u0173 surinkimo aparatas ir automatin\u0117 da\u017eymo gamybos linija. Esama daugiau nei 300 rinkini\u0173 (komplekt\u0173) kritin\u0117 \u012franga. Optimalus \u012frangos i\u0161tekli\u0173 paskirstymas ir efektyvus naudojimas u\u017etikrina gamini\u0173 tikslumo reikalavimus ir auk\u0161tus gamini\u0173 kokyb\u0117s poreikius.<\/p>\n<p><img loading=\"lazy\" decoding=\"async\" class=\"alignnone wp-image-626\" src=\"https:\/\/hydraulic-cylinders.net\/wp-content\/uploads\/2023\/08\/hydraulic-cylinder-product-1-300x158.webp\" alt=\"\" width=\"495\" height=\"260\" srcset=\"https:\/\/hydraulic-cylinders.net\/wp-content\/uploads\/2023\/08\/hydraulic-cylinder-product-1-300x158.webp 495w, https:\/\/hydraulic-cylinders.net\/wp-content\/uploads\/2023\/08\/hydraulic-cylinder-product-1-480x252.webp 480w\" sizes=\"(min-width: 0px) and (max-width: 480px) 480px, (min-width: 481px) 495px, 100vw\" \/> <img loading=\"lazy\" decoding=\"async\" class=\"alignnone wp-image-627\" src=\"https:\/\/hydraulic-cylinders.net\/wp-content\/uploads\/2023\/08\/hydraulic-cylinder-product-2-300x189.webp\" alt=\"\" width=\"413\" height=\"260\" \/><\/p>\n<h3>(2) Apdirbimas<\/h3>\n<p>Mechaninio apdirbimo ceche \u012frengtas pritaikytas nuo\u017eulnaus b\u0117gio tekinimo centras, apdirbimo centras, greitaeigis galandimo stakl\u0117s, suvirinimo robotas ir kita susijusi \u012franga, galinti apdirbti cilindrinius vamzd\u017eius, kuri\u0173 maksimalus vidinis skersmuo yra 400 mm, o maksimalus ilgis \u2013 6 metrai.<\/p>\n<p><img loading=\"lazy\" decoding=\"async\" class=\"alignnone wp-image-628 size-large\" src=\"https:\/\/hydraulic-cylinders.net\/wp-content\/uploads\/2023\/08\/hydraulic-cylinder-product-3-1024x391.webp\" alt=\"\" width=\"1024\" height=\"391\" srcset=\"https:\/\/hydraulic-cylinders.net\/wp-content\/uploads\/2023\/08\/hydraulic-cylinder-product-3-980x374.webp 980w, https:\/\/hydraulic-cylinders.net\/wp-content\/uploads\/2023\/08\/hydraulic-cylinder-product-3-480x183.webp 480w\" sizes=\"(min-width: 0px) and (max-width: 480px) 480px, (min-width: 481px) and (max-width: 980px) 980px, (min-width: 981px) 1024px, 100vw\" \/><\/p>\n<h3>(3) Suvirinimas<\/h3>\n<p><img loading=\"lazy\" decoding=\"async\" class=\"alignnone wp-image-629 size-large\" src=\"https:\/\/hydraulic-cylinders.net\/wp-content\/uploads\/2023\/08\/hydraulic-cylinder-product-4-1024x510.webp\" alt=\"\" width=\"1024\" height=\"510\" srcset=\"https:\/\/hydraulic-cylinders.net\/wp-content\/uploads\/2023\/08\/hydraulic-cylinder-product-4-980x488.webp 980w, https:\/\/hydraulic-cylinders.net\/wp-content\/uploads\/2023\/08\/hydraulic-cylinder-product-4-480x239.webp 480w\" sizes=\"(min-width: 0px) and (max-width: 480px) 480px, (min-width: 481px) and (max-width: 980px) 980px, (min-width: 981px) 1024px, 100vw\" \/><\/p>\n<h3>(4) Da\u017eymas ir dengimas<\/h3>\n<p>Su ma\u017eomis ir vidutinio dyd\u017eio cilindrin\u0117mis automatin\u0117mis vandens pagrindo da\u017e\u0173 dengimo linijomis, siekiant automatinio robot\u0173 pakrovimo ir i\u0161krovimo bei automatinio pur\u0161kimo, projektinis paj\u0117gumas yra 4000 vienet\u0173 per pamain\u0105;<br \/>\nTaip pat turime pusiau automatin\u0119 dideli\u0173 cilindr\u0173 da\u017e\u0173 gamybos linij\u0105, varom\u0105 grandin\u0117s, kurios projektinis na\u0161umas yra 60 d\u0117\u017ei\u0173 per pamain\u0105.<\/p>\n<p><img loading=\"lazy\" decoding=\"async\" class=\"alignnone wp-image-630\" src=\"https:\/\/hydraulic-cylinders.net\/wp-content\/uploads\/2023\/08\/hydraulic-cylinder-product-5-300x213.webp\" alt=\"\" width=\"366\" height=\"260\" \/> <img loading=\"lazy\" decoding=\"async\" class=\"alignnone wp-image-631\" src=\"https:\/\/hydraulic-cylinders.net\/wp-content\/uploads\/2023\/08\/hydraulic-cylinder-product-6-300x225.webp\" alt=\"\" width=\"347\" height=\"260\" \/><\/p>\n<h3>(5) Testavimas<\/h3>\n<p>Turime auk\u0161\u010diausios klas\u0117s patikros patalpas ir bandym\u0173 stendus, kad u\u017etikrintume, jog baliono veikimas atitinka reikalavimus.<\/p>\n<p><img loading=\"lazy\" decoding=\"async\" class=\"alignnone wp-image-632\" src=\"https:\/\/hydraulic-cylinders.net\/wp-content\/uploads\/2023\/08\/hydraulic-cylinder-product-8-300x200.webp\" alt=\"\" width=\"389\" height=\"260\" \/><\/p>\n<p>&nbsp;<\/p>\n<p>&nbsp;<\/p>\n<p>Esame vienas geriausi\u0173 hidraulini\u0173 cilindr\u0173 gamintoj\u0173. Galime pasi\u016blyti i\u0161samius hidraulinius cilindrus. Taip pat teikiame atitinkamus <a href=\"https:\/\/hzpt.com\/agricultural-pto-gearbox\/\" target=\"_blank\" rel=\"noopener\">\u017eem\u0117s \u016bkio pavar\u0173 d\u0117\u017e\u0117s<\/a>Mes eksportuojame savo gaminius klientams visame pasaulyje ir peln\u0117me ger\u0105 reputacij\u0105 d\u0117l auk\u0161\u010diausios gamini\u0173 kokyb\u0117s ir aptarnavimo po pardavimo. Mes laukiame klient\u0173 \u0161alyje ir u\u017esienyje, norin\u010di\u0173 susisiekti su mumis der\u0117tis d\u0117l verslo, keistis informacija ir... <a href=\"https:\/\/www.hydraulic-cylinders.net\/lt\/contact-us\/\">bendradarbiauti su mumis<\/a>!<\/p>\n<p>&nbsp;<\/p>\n<p>&nbsp;<\/p>","protected":false},"excerpt":{"rendered":"<p>Empty Container Stacker Oil Side Shift Cylinder The empty container stacker oil side shift cylinder is a crucial component designed to enhance the versatility and efficiency of empty container stackers. This hydraulic cylinder enables precise side shifting of containers, allowing operators to position them quickly and accurately. With its advanced features, robust construction, and seamless [&hellip;]<\/p>","protected":false},"featured_media":1840,"comment_status":"open","ping_status":"closed","template":"","meta":{"_et_pb_use_builder":"","_et_pb_old_content":"","_et_gb_content_width":""},"product_brand":[],"product_cat":[1550,1516,1552],"product_tag":[1380],"class_list":{"0":"post-1838","1":"product","2":"type-product","3":"status-publish","4":"has-post-thumbnail","6":"product_cat-double-acting-hydraulic-cylinder","7":"product_cat-stacker-reclaimer-hydraulic-cylinders","8":"product_cat-stainless-steel-hydraulic-cylinder","9":"product_tag-hydraulic-cylinder","11":"first","12":"instock","13":"shipping-taxable","14":"product-type-simple"},"amp_enabled":true,"_links":{"self":[{"href":"https:\/\/www.hydraulic-cylinders.net\/lt\/wp-json\/wp\/v2\/product\/1838","targetHints":{"allow":["GET"]}}],"collection":[{"href":"https:\/\/www.hydraulic-cylinders.net\/lt\/wp-json\/wp\/v2\/product"}],"about":[{"href":"https:\/\/www.hydraulic-cylinders.net\/lt\/wp-json\/wp\/v2\/types\/product"}],"replies":[{"embeddable":true,"href":"https:\/\/www.hydraulic-cylinders.net\/lt\/wp-json\/wp\/v2\/comments?post=1838"}],"wp:featuredmedia":[{"embeddable":true,"href":"https:\/\/www.hydraulic-cylinders.net\/lt\/wp-json\/wp\/v2\/media\/1840"}],"wp:attachment":[{"href":"https:\/\/www.hydraulic-cylinders.net\/lt\/wp-json\/wp\/v2\/media?parent=1838"}],"wp:term":[{"taxonomy":"product_brand","embeddable":true,"href":"https:\/\/www.hydraulic-cylinders.net\/lt\/wp-json\/wp\/v2\/product_brand?post=1838"},{"taxonomy":"product_cat","embeddable":true,"href":"https:\/\/www.hydraulic-cylinders.net\/lt\/wp-json\/wp\/v2\/product_cat?post=1838"},{"taxonomy":"product_tag","embeddable":true,"href":"https:\/\/www.hydraulic-cylinders.net\/lt\/wp-json\/wp\/v2\/product_tag?post=1838"}],"curies":[{"name":"wp","href":"https:\/\/api.w.org\/{rel}","templated":true}]}}