{"id":1841,"date":"2023-10-17T06:38:00","date_gmt":"2023-10-17T06:38:00","guid":{"rendered":"https:\/\/hydraulic-cylinders.net\/?post_type=product&#038;p=1841"},"modified":"2025-04-15T05:42:55","modified_gmt":"2025-04-15T05:42:55","slug":"reach-stacker-telescopic-cylinder","status":"publish","type":"product","link":"https:\/\/www.hydraulic-cylinders.net\/lt\/produktas\/reach-stacker-telescopic-cylinder\/","title":{"rendered":"Teleskopinis cilindras krautuvams"},"content":{"rendered":"<h1 style=\"text-align: center;\"><strong>Teleskopinis cilindras krautuvams<\/strong><\/h1>\n<h1 style=\"text-align: center;\"><img loading=\"lazy\" decoding=\"async\" class=\"alignnone wp-image-1842\" src=\"https:\/\/hydraulic-cylinders.net\/wp-content\/uploads\/2023\/10\/reach-stacker-telescopic-cylinder-1-300x300.webp\" alt=\"\" width=\"400\" height=\"400\" \/><\/h1>\n<p>Teleskopinis cilindras konteineriams \u2013 tai pa\u017eangus hidraulinis komponentas, skirtas padidinti konteineri\u0173 krautuv\u0173 pasiekiamum\u0105 ir na\u0161um\u0105. \u0160is novatori\u0161kas cilindras pasi\u017eymi teleskopine konstrukcija, kuri padidina eigos ilg\u012f, i\u0161laikant kompakti\u0161k\u0105 form\u0105. Konteineri\u0173 krautuv\u0173 teleskopinis cilindras yra revoliucinis med\u017eiag\u0173 tvarkymo pramon\u0117s atstovas d\u0117l savo pa\u017eangi\u0173 funkcij\u0173, patikimos konstrukcijos ir i\u0161skirtinio funkcionalumo.<\/p>\n<p>Teleskopinis cilindras, skirtas konteineri\u0173 krautuvams, i\u0161 esm\u0117s pakei\u010dia konteineri\u0173 krautuv\u0173 galimybes, u\u017etikrindamas didesn\u012f siek\u012f, didesn\u0119 keliam\u0105j\u0105 gali\u0105 ir kompakti\u0161k\u0105 dizain\u0105. D\u0117l pa\u017eangi\u0173 funkcij\u0173, patikimos konstrukcijos ir sklandaus veikimo \u0161is cilindras suteikia med\u017eiag\u0173 tvarkymo operacijoms galimyb\u0119 pasiekti naujas efektyvumo ir na\u0161umo auk\u0161tumas. Laikydamosi rekomenduojam\u0173 montavimo proced\u016br\u0173 ir reguliariai pri\u017ei\u016br\u0117damos, \u012fmon\u0117s gali maksimaliai padidinti savo konteineri\u0173 krautuv\u0173 na\u0161um\u0105, ilgaam\u017ei\u0161kum\u0105 ir saugum\u0105. Su konteineri\u0173 krautuv\u0173 teleskopiniu cilindru \u012fmon\u0117s gali tvarkyti didesnius krovinius, optimizuoti konteineri\u0173 krovim\u0105 ir supaprastinti med\u017eiag\u0173 tvarkymo procesus, galiausiai u\u017etikrindamos s\u0117km\u0119 konkurencingoje med\u017eiag\u0173 tvarkymo pramon\u0117je.<\/p>\n<p>Teleskopinio cilindro pagrindin\u0117s charakteristikos:<\/p>\n<ul>\n<li>Padidintas siekis: Teleskopin\u0117 konstrukcija leid\u017eia pasiekti \u017eymiai didesn\u012f siek\u012f, palyginti su \u012fprastais cilindrais. Keli\u0173 \u012fd\u0117kl\u0173 pakop\u0173 derinys u\u017etikrina ilgesn\u012f eigos ilg\u012f, u\u017eimant minimali\u0105 erdv\u0119. D\u0117l \u0161ios padidinto siekio galimyb\u0117s konteineri\u0173 krautuvai gali tvarkyti didesnius krovinius, pasiekti gilesnes konteineri\u0173 kr\u016bvas ir optimizuoti med\u017eiag\u0173 tvarkymo operacijas.<\/li>\n<li>Kompakti\u0161kas dizainas: Nepaisant i\u0161skirtinio pasiekiamumo, teleskopinis cilindras i\u0161laiko kompakti\u0161k\u0105 konstrukcij\u0105. \u012ed\u0117tos pakopos slysta viena \u012f kit\u0105, taip suma\u017einant bendr\u0105 ilg\u012f. \u0160is kompakti\u0161kumas u\u017etikrina, kad konteineri\u0173 krautuvai gali efektyviai manevruoti ank\u0161tose erdv\u0117se, pavyzd\u017eiui, konteineri\u0173 aik\u0161tel\u0117se ar sand\u0117liuose, nepakenkiant j\u0173 pasiekiamumui.<\/li>\n<li>Padidinta keliamoji galia: novatori\u0161kas teleskopinio cilindro dizainas ir tvirta konstrukcija prisideda prie \u012fsp\u016bdingos jo keliamosios galios. Cilindras suprojektuotas taip, kad atlaikyt\u0173 dideles apkrovas, i\u0161laikant stabilum\u0105 ir tikslum\u0105 k\u0117limo operacij\u0173 metu. D\u0117l \u0161ios padidintos keliamosios galios konteineri\u0173 krautuvai gali efektyviai tvarkyti didesnes ir sunkesnes talpyklas, taip padidindami na\u0161um\u0105 ir efektyvum\u0105.<\/li>\n<li>Sklandus veikimas: Teleskopinis cilindras suprojektuotas skland\u017eiam ir tiksliam veikimui. Jame naudojami auk\u0161tos kokyb\u0117s sandarikliai, guoliai ir hidrauliniai komponentai, siekiant u\u017etikrinti minimali\u0105 trint\u012f ir optimal\u0173 na\u0161um\u0105. \u0160is sklandus veikimas leid\u017eia operatoriams tiksliai valdyti teleskopin\u012f cilindr\u0105, palengvinant tiksl\u0173 pad\u0117ties nustatym\u0105 ir saug\u0173 med\u017eiag\u0173 tvarkym\u0105.<\/li>\n<\/ul>\n<h2><strong>Teleskopinio cilindro parametras:<\/strong><\/h2>\n<table border=\"1\" cellspacing=\"0\" cellpadding=\"0\">\n<tbody>\n<tr>\n<td>Produkto pavadinimas<\/td>\n<td>Teleskopinis cilindras krautuvams<\/td>\n<\/tr>\n<tr>\n<td>Savyb\u0117s:<\/td>\n<td>Realizuokite tiesin\u012f teleskopin\u012f str\u0117l\u0117s jud\u0117jim\u0105<\/td>\n<\/tr>\n<tr>\n<td>Skyl\u0117s skersmuo:<\/td>\n<td>200 mm\uff5e220 mm<\/td>\n<\/tr>\n<tr>\n<td>Strypo skersmuo:<\/td>\n<td>150 mm\uff5e180 mm<br \/>\nEiga \u22648000 mm<\/td>\n<\/tr>\n<tr>\n<td>Sl\u0117gis:<\/td>\n<td>Maksimalus 30 MPa<\/td>\n<\/tr>\n<tr>\n<td>Parai\u0161kos:<\/td>\n<td>Krautuvas su krautuvu<\/td>\n<\/tr>\n<\/tbody>\n<\/table>\n<h2><strong>Krautuvo cilindro pritaikymas:<\/strong><\/h2>\n<p><img loading=\"lazy\" decoding=\"async\" class=\"alignnone wp-image-1844 size-full\" src=\"https:\/\/hydraulic-cylinders.net\/wp-content\/uploads\/2023\/10\/reach-stacker-cylinder.webp\" alt=\"\" width=\"1418\" height=\"946\" srcset=\"https:\/\/hydraulic-cylinders.net\/wp-content\/uploads\/2023\/10\/reach-stacker-cylinder.webp 1418w, https:\/\/hydraulic-cylinders.net\/wp-content\/uploads\/2023\/10\/reach-stacker-cylinder-1280x854.webp 1280w, https:\/\/hydraulic-cylinders.net\/wp-content\/uploads\/2023\/10\/reach-stacker-cylinder-980x654.webp 980w, https:\/\/hydraulic-cylinders.net\/wp-content\/uploads\/2023\/10\/reach-stacker-cylinder-480x320.webp 480w\" sizes=\"(min-width: 0px) and (max-width: 480px) 480px, (min-width: 481px) and (max-width: 980px) 980px, (min-width: 981px) and (max-width: 1280px) 1280px, (min-width: 1281px) 1418px, 100vw\" \/><\/p>\n<h2><strong>Teleskopinio cilindro, skirto krautuvams, naudojimo b\u016bdas<\/strong><strong>:<\/strong><\/h2>\n<ol>\n<li><strong>\u012erengimas:<\/strong> Sumontuokite konteineri\u0173 krautuvo teleskopin\u012f cilindr\u0105 pagal gamintojo nurodymus ir specifikacijas. \u012esitikinkite, kad jis tinkamai sulygiuotas ir tvirtai pritvirtintas, kad b\u016bt\u0173 u\u017etikrintas optimalus veikimas. Laikykit\u0117s rekomenduojam\u0173 proced\u016br\u0173, kaip prijungti hidraulines linijas prie konteineri\u0173 krautuvo hidraulin\u0117s sistemos.<\/li>\n<li><strong>Valdymas ir veikimas:<\/strong> Teleskopinis cilindras paprastai valdomas naudojant esam\u0105 konteineri\u0173 krautuvo valdymo sistem\u0105. Operatoriai gali aktyvuoti hidraulin\u0119 grandin\u0119, kad i\u0161skleist\u0173 arba \u012ftraukt\u0173 cilindr\u0105. Nor\u0117dami reguliuoti konteineri\u0173 krautuvo str\u0117l\u0117s eigos ilg\u012f ir pad\u0117t\u012f, naudokite valdymo konsol\u0119 arba valdymo skydel\u012f. Laikykit\u0117s gamintojo nurodym\u0173 ir rekomenduojam\u0173 saugaus bei efektyvaus naudojimo proced\u016br\u0173.<\/li>\n<\/ol>\n<h2><strong>Kaip greitai gali jud\u0117ti hidraulinis cilindras?<\/strong><\/h2>\n<p>Hidraulinio cilindro jud\u0117jimo greitis priklauso nuo keli\u0173 veiksni\u0173, \u012fskaitant sistemos konstrukcij\u0105, hidraulinio skys\u010dio sraut\u0105, cilindro dyd\u012f, apkrovos s\u0105lygas ir darbin\u012f sl\u0117g\u012f. \u0160tai keletas aspekt\u0173, \u012f kuriuos reikia atsi\u017evelgti atsi\u017evelgiant \u012f hidraulinio cilindro jud\u0117jimo greit\u012f:<\/p>\n<ol>\n<li><strong>Srauto greitis:<\/strong> Hidraulinio cilindro grei\u010diui \u012ftakos turi jam tiekiamo hidraulinio skys\u010dio srautas. Didesnis srautas lemia greitesn\u012f cilindro jud\u0117jim\u0105, o ma\u017eesnis srautas \u2013 ma\u017eesn\u012f greit\u012f. Srauto greit\u012f lemia hidraulin\u0117s sistemos siurblio na\u0161umas ir vo\u017etuvo nustatymai, reguliuojantys skys\u010dio sraut\u0105.<\/li>\n<li><strong>Cilindro dydis:<\/strong> Hidraulinio cilindro dydis turi \u012ftakos jo grei\u010diui. Didesni cilindrai paprastai turi didesn\u012f pavir\u0161iaus plot\u0105, tod\u0117l st\u016bmokliui cilindro viduje judinti reikia daugiau hidraulinio skys\u010dio. D\u0117l padid\u0117jusio skys\u010dio t\u016brio jud\u0117jimas l\u0117tesnis, palyginti su ma\u017eesniais cilindrais.<\/li>\n<li><strong>Apkrovos s\u0105lygos:<\/strong> Hidraulinio cilindro keliamas arba judinamas krovinys gali tur\u0117ti \u012ftakos jo grei\u010diui. Sunkesniems kroviniams reikia daugiau j\u0117gos, tod\u0117l cilindras gali jud\u0117ti l\u0117\u010diau. Ir atvirk\u0161\u010diai, lengvesni kroviniai gali leisti didesn\u012f greit\u012f.<\/li>\n<li><strong>Darbinis sl\u0117gis:<\/strong> Hidraulin\u0117s sistemos darbinis sl\u0117gis turi \u012ftakos cilindro grei\u010diui. Didesnis darbinis sl\u0117gis gali generuoti daugiau j\u0117gos, tod\u0117l cilindras juda grei\u010diau. Ta\u010diau norint u\u017etikrinti saug\u0173 ir patikim\u0105 veikim\u0105, b\u016btina dirbti nevir\u0161ijant rekomenduojam\u0173 sl\u0117gio rib\u0173.<\/li>\n<li><strong>Sistemos projektavimas:<\/strong> Hidraulin\u0117s sistemos konstrukcija, \u012fskaitant hidraulinio siurblio, vo\u017etuv\u0173 ir vamzdyn\u0173 dyd\u012f ir tip\u0105, gali tur\u0117ti \u012ftakos cilindro grei\u010diui. Efektyvi sistemos konstrukcija su tinkamo dyd\u017eio komponentais ir optimizuotais srauto takais gali pad\u0117ti pasiekti norim\u0105 cilindro greit\u012f.<\/li>\n<\/ol>\n<h2><strong>Gamyklos paj\u0117gumai ir talpa:<\/strong><\/h2>\n<h3>(1) Surinkimas<\/h3>\n<p>Turime pirmos klas\u0117s nepriklausom\u0105 tyrim\u0173 ir pl\u0117tros surinkimo platform\u0105. Hidraulini\u0173 cilindr\u0173 gamybos ceche yra keturios pusiau automatin\u0117s k\u0117limo cilindr\u0173 surinkimo linijos ir viena automatin\u0117 pakreipimo cilindr\u0173 surinkimo linija, kuri\u0173 projektinis metinis gamybos paj\u0117gumas yra 1 milijonas vienet\u0173. Speciali\u0173j\u0173 cilindr\u0173 ceche \u012frengta \u012fvairi\u0173 specifikacij\u0173 pusiau automatin\u0117 valymo surinkimo sistema, kurios projektinis metinis gamybos paj\u0117gumas yra 200 000 vienet\u0173, ir garsi CNC apdirbimo \u012franga, apdirbimo centras, didelio tikslumo cilindr\u0173 apdirbimo speciali \u012franga, robotinis suvirinimo aparatas, automatinis valymo aparatas, automatinis cilindr\u0173 surinkimo aparatas ir automatin\u0117 da\u017eymo gamybos linija. Esama daugiau nei 300 rinkini\u0173 (komplekt\u0173) kritin\u0117 \u012franga. Optimalus \u012frangos i\u0161tekli\u0173 paskirstymas ir efektyvus naudojimas u\u017etikrina gamini\u0173 tikslumo reikalavimus ir auk\u0161tus gamini\u0173 kokyb\u0117s poreikius.<\/p>\n<p><img loading=\"lazy\" decoding=\"async\" class=\"alignnone wp-image-626\" src=\"https:\/\/hydraulic-cylinders.net\/wp-content\/uploads\/2023\/08\/hydraulic-cylinder-product-1-300x158.webp\" alt=\"\" width=\"495\" height=\"260\" srcset=\"https:\/\/hydraulic-cylinders.net\/wp-content\/uploads\/2023\/08\/hydraulic-cylinder-product-1-300x158.webp 495w, https:\/\/hydraulic-cylinders.net\/wp-content\/uploads\/2023\/08\/hydraulic-cylinder-product-1-480x252.webp 480w\" sizes=\"(min-width: 0px) and (max-width: 480px) 480px, (min-width: 481px) 495px, 100vw\" \/> <img loading=\"lazy\" decoding=\"async\" class=\"alignnone wp-image-627\" src=\"https:\/\/hydraulic-cylinders.net\/wp-content\/uploads\/2023\/08\/hydraulic-cylinder-product-2-300x189.webp\" alt=\"\" width=\"413\" height=\"260\" \/><\/p>\n<h3>(2) Apdirbimas<\/h3>\n<p>Mechaninio apdirbimo ceche \u012frengtas pritaikytas nuo\u017eulnaus b\u0117gio tekinimo centras, apdirbimo centras, greitaeigis galandimo stakl\u0117s, suvirinimo robotas ir kita susijusi \u012franga, galinti apdirbti cilindrinius vamzd\u017eius, kuri\u0173 maksimalus vidinis skersmuo yra 400 mm, o maksimalus ilgis \u2013 6 metrai.<\/p>\n<p><img loading=\"lazy\" decoding=\"async\" class=\"alignnone wp-image-628 size-large\" src=\"https:\/\/hydraulic-cylinders.net\/wp-content\/uploads\/2023\/08\/hydraulic-cylinder-product-3-1024x391.webp\" alt=\"\" width=\"1024\" height=\"391\" srcset=\"https:\/\/hydraulic-cylinders.net\/wp-content\/uploads\/2023\/08\/hydraulic-cylinder-product-3-980x374.webp 980w, https:\/\/hydraulic-cylinders.net\/wp-content\/uploads\/2023\/08\/hydraulic-cylinder-product-3-480x183.webp 480w\" sizes=\"(min-width: 0px) and (max-width: 480px) 480px, (min-width: 481px) and (max-width: 980px) 980px, (min-width: 981px) 1024px, 100vw\" \/><\/p>\n<h3>(3) Suvirinimas<\/h3>\n<p><img loading=\"lazy\" decoding=\"async\" class=\"alignnone wp-image-629 size-large\" src=\"https:\/\/hydraulic-cylinders.net\/wp-content\/uploads\/2023\/08\/hydraulic-cylinder-product-4-1024x510.webp\" alt=\"\" width=\"1024\" height=\"510\" srcset=\"https:\/\/hydraulic-cylinders.net\/wp-content\/uploads\/2023\/08\/hydraulic-cylinder-product-4-980x488.webp 980w, https:\/\/hydraulic-cylinders.net\/wp-content\/uploads\/2023\/08\/hydraulic-cylinder-product-4-480x239.webp 480w\" sizes=\"(min-width: 0px) and (max-width: 480px) 480px, (min-width: 481px) and (max-width: 980px) 980px, (min-width: 981px) 1024px, 100vw\" \/><\/p>\n<h3>(4) Da\u017eymas ir dengimas<\/h3>\n<p>Su ma\u017eomis ir vidutinio dyd\u017eio cilindrin\u0117mis automatin\u0117mis vandens pagrindo da\u017e\u0173 dengimo linijomis, siekiant automatinio robot\u0173 pakrovimo ir i\u0161krovimo bei automatinio pur\u0161kimo, projektinis paj\u0117gumas yra 4000 vienet\u0173 per pamain\u0105;<br \/>\nTaip pat turime pusiau automatin\u0119 dideli\u0173 cilindr\u0173 da\u017e\u0173 gamybos linij\u0105, varom\u0105 grandin\u0117s, kurios projektinis na\u0161umas yra 60 d\u0117\u017ei\u0173 per pamain\u0105.<\/p>\n<p><img loading=\"lazy\" decoding=\"async\" class=\"alignnone wp-image-630\" src=\"https:\/\/hydraulic-cylinders.net\/wp-content\/uploads\/2023\/08\/hydraulic-cylinder-product-5-300x213.webp\" alt=\"\" width=\"366\" height=\"260\" \/> <img loading=\"lazy\" decoding=\"async\" class=\"alignnone wp-image-631\" src=\"https:\/\/hydraulic-cylinders.net\/wp-content\/uploads\/2023\/08\/hydraulic-cylinder-product-6-300x225.webp\" alt=\"\" width=\"347\" height=\"260\" \/><\/p>\n<h3>(5) Testavimas<\/h3>\n<p>Turime auk\u0161\u010diausios klas\u0117s patikros patalpas ir bandym\u0173 stendus, kad u\u017etikrintume, jog baliono veikimas atitinka reikalavimus.<\/p>\n<p><img loading=\"lazy\" decoding=\"async\" class=\"alignnone wp-image-632\" src=\"https:\/\/hydraulic-cylinders.net\/wp-content\/uploads\/2023\/08\/hydraulic-cylinder-product-8-300x200.webp\" alt=\"\" width=\"389\" height=\"260\" \/><\/p>\n<p>&nbsp;<\/p>\n<p>&nbsp;<\/p>\n<p>Esame vienas geriausi\u0173 hidraulini\u0173 cilindr\u0173 gamintoj\u0173. Galime pasi\u016blyti i\u0161samius hidraulinius cilindrus. Taip pat teikiame atitinkamus <a href=\"https:\/\/hzpt.com\/agricultural-pto-gearbox\/\" target=\"_blank\" rel=\"noopener\">\u017eem\u0117s \u016bkio pavar\u0173 d\u0117\u017e\u0117s<\/a>Mes eksportuojame savo gaminius klientams visame pasaulyje ir peln\u0117me ger\u0105 reputacij\u0105 d\u0117l auk\u0161\u010diausios gamini\u0173 kokyb\u0117s ir aptarnavimo po pardavimo. Mes laukiame klient\u0173 \u0161alyje ir u\u017esienyje, norin\u010di\u0173 susisiekti su mumis der\u0117tis d\u0117l verslo, keistis informacija ir... <a href=\"https:\/\/www.hydraulic-cylinders.net\/lt\/contact-us\/\">bendradarbiauti su mumis<\/a>!<\/p>\n<p>&nbsp;<\/p>\n<p>&nbsp;<\/p>","protected":false},"excerpt":{"rendered":"<p>Reach Stacker Telescopic Cylinder The reach stacker telescopic cylinder is a cutting-edge hydraulic component designed to enhance the reach and performance of reach stackers. This innovative cylinder utilizes a telescopic design to extend stroke length while maintaining a compact form. The reach stacker telescopic cylinder is a game-changer in the material handling industry with its [&hellip;]<\/p>","protected":false},"featured_media":1843,"comment_status":"open","ping_status":"closed","template":"","meta":{"_et_pb_use_builder":"","_et_pb_old_content":"","_et_gb_content_width":""},"product_brand":[],"product_cat":[1550,1516,1552,1393],"product_tag":[1380],"class_list":{"0":"post-1841","1":"product","2":"type-product","3":"status-publish","4":"has-post-thumbnail","6":"product_cat-double-acting-hydraulic-cylinder","7":"product_cat-stacker-reclaimer-hydraulic-cylinders","8":"product_cat-stainless-steel-hydraulic-cylinder","9":"product_cat-telescopic-hydraulic-cylinder","10":"product_tag-hydraulic-cylinder","12":"first","13":"instock","14":"shipping-taxable","15":"product-type-simple"},"amp_enabled":true,"_links":{"self":[{"href":"https:\/\/www.hydraulic-cylinders.net\/lt\/wp-json\/wp\/v2\/product\/1841","targetHints":{"allow":["GET"]}}],"collection":[{"href":"https:\/\/www.hydraulic-cylinders.net\/lt\/wp-json\/wp\/v2\/product"}],"about":[{"href":"https:\/\/www.hydraulic-cylinders.net\/lt\/wp-json\/wp\/v2\/types\/product"}],"replies":[{"embeddable":true,"href":"https:\/\/www.hydraulic-cylinders.net\/lt\/wp-json\/wp\/v2\/comments?post=1841"}],"wp:featuredmedia":[{"embeddable":true,"href":"https:\/\/www.hydraulic-cylinders.net\/lt\/wp-json\/wp\/v2\/media\/1843"}],"wp:attachment":[{"href":"https:\/\/www.hydraulic-cylinders.net\/lt\/wp-json\/wp\/v2\/media?parent=1841"}],"wp:term":[{"taxonomy":"product_brand","embeddable":true,"href":"https:\/\/www.hydraulic-cylinders.net\/lt\/wp-json\/wp\/v2\/product_brand?post=1841"},{"taxonomy":"product_cat","embeddable":true,"href":"https:\/\/www.hydraulic-cylinders.net\/lt\/wp-json\/wp\/v2\/product_cat?post=1841"},{"taxonomy":"product_tag","embeddable":true,"href":"https:\/\/www.hydraulic-cylinders.net\/lt\/wp-json\/wp\/v2\/product_tag?post=1841"}],"curies":[{"name":"wp","href":"https:\/\/api.w.org\/{rel}","templated":true}]}}