{"id":1862,"date":"2023-10-18T02:42:20","date_gmt":"2023-10-18T02:42:20","guid":{"rendered":"https:\/\/hydraulic-cylinders.net\/?post_type=product&#038;p=1862"},"modified":"2025-04-15T05:52:29","modified_gmt":"2025-04-15T05:52:29","slug":"oil-gas-drilling-platform-lifting-cylinder","status":"publish","type":"product","link":"https:\/\/www.hydraulic-cylinders.net\/lt\/produktas\/oil-gas-drilling-platform-lifting-cylinder\/","title":{"rendered":"Naftos \/ duj\u0173 gr\u0119\u017eimo platformos k\u0117limo cilindras"},"content":{"rendered":"<h1 style=\"text-align: center;\"><strong>Naftos \/ duj\u0173 gr\u0119\u017eimo platformos k\u0117limo cilindras<\/strong><\/h1>\n<p><img loading=\"lazy\" decoding=\"async\" class=\"aligncenter wp-image-1863\" src=\"https:\/\/hydraulic-cylinders.net\/wp-content\/uploads\/2023\/10\/platform-lifting-cylinder-1-300x300.webp\" alt=\"\" width=\"400\" height=\"400\" \/><\/p>\n<p>Naftos \/ duj\u0173 gr\u0119\u017eimo platformos k\u0117limo cilindras yra labai svarbus naftos ir duj\u0173 gr\u0119\u017eimo operacijose j\u016broje. \u0160is specializuotas hidraulinis cilindras, sukurtas siekiant u\u017etikrinti patikimas ir efektyvias k\u0117limo galimybes, atlieka labai svarb\u0173 vaidmen\u012f palaikant gr\u0119\u017eimo platform\u0173 k\u0117lim\u0105 ir nuleidim\u0105, u\u017etikrinant saug\u0173 ir produktyv\u0173 darb\u0105 sud\u0117tingoje j\u016brin\u0117je aplinkoje.<\/p>\n<p>The oil\/gas drilling platform lifting cylinder is vital in offshore drilling operations, offering robust construction, high load capacity, and precision control. With its ability to handle heavy loads and provide precise movement control, it enhances safety and efficiency during lifting and lowering operations of drilling platforms. By following the recommended usage methods and implementing regular maintenance practices, companies can maximize their offshore drilling operations&#8217; performance, longevity, and reliability. The oil\/gas drilling platform lifting cylinder is an indispensable investment for the oil and gas industry, empowering operators to achieve optimal safety, productivity, and success in challenging offshore environments.<\/p>\n<p>Naftos \/ duj\u0173 gr\u0119\u017eimo platformos k\u0117limo cilindro pagrindin\u0117s charakteristikos:<\/p>\n<ul>\n<li>Tvirta konstrukcija: K\u0117limo cilindras pagamintas i\u0161 auk\u0161tos kokyb\u0117s med\u017eiag\u0173 ir yra visi\u0161kai suprojektuotas taip, kad atlaikyt\u0173 at\u0161iaurias s\u0105lygas, su kuriomis susiduriama atliekant gr\u0119\u017eimo operacijas j\u016broje. Tvirta konstrukcija u\u017etikrina ilgaam\u017ei\u0161kum\u0105 ir patikimum\u0105 net ekstremaliomis oro s\u0105lygomis ir korozin\u0117je aplinkoje.<\/li>\n<li>Didel\u0117 keliamoji galia: \u0161is cilindras sukurtas taip, kad atlaikyt\u0173 didelius krovinius, susijusius su gr\u0119\u017eimo platform\u0173 k\u0117limu ir nuleidimu. I\u0161skirtin\u0117 jo keliamoji galia suteikia tvirtumo ir stabilumo, reikalingo saugiam ir efektyviam darbui.<\/li>\n<li>Precision Control: The lifting cylinder offers precise control over the platform&#8217;s movement, allowing operators to accurately position and adjust the drilling platform&#8217;s height. This level of control ensures optimal operational efficiency and enhances safety during critical lifting operations.<\/li>\n<\/ul>\n<h2><strong>Naftos \/ duj\u0173 gr\u0119\u017eimo platformos k\u0117limo cilindro parametras:<\/strong><\/h2>\n<table border=\"1\" cellspacing=\"0\" cellpadding=\"0\">\n<tbody>\n<tr>\n<td>Produkto pavadinimas<\/td>\n<td>Naftos \/ duj\u0173 gr\u0119\u017eimo platformos k\u0117limo cilindras<\/td>\n<\/tr>\n<tr>\n<td>Savyb\u0117s:<\/td>\n<td>\u012esivaizduokite gr\u0119\u017eimo platformos k\u0117limo ir nuleidimo veiksmus.<\/td>\n<\/tr>\n<tr>\n<td>Skyl\u0117s skersmuo:<\/td>\n<td>530 mm<\/td>\n<\/tr>\n<tr>\n<td>Strypo skersmuo:<\/td>\n<td>\u00a0490 mm<br \/>\nEiga \u22649000 mm<\/td>\n<\/tr>\n<tr>\n<td>Sl\u0117gis:<\/td>\n<td>Maksimalus 20,7 MPa<\/td>\n<\/tr>\n<tr>\n<td>Parai\u0161kos:<\/td>\n<td>Naftos \/ duj\u0173 gr\u0119\u017eimo platforma<\/td>\n<\/tr>\n<\/tbody>\n<\/table>\n<h2><strong>Naftos \/ duj\u0173 gr\u0119\u017eimo platformos cilindro taikymas:<\/strong><\/h2>\n<p><img loading=\"lazy\" decoding=\"async\" class=\"alignnone wp-image-1864 size-full\" src=\"https:\/\/hydraulic-cylinders.net\/wp-content\/uploads\/2023\/10\/oilgas-drilling-cylinder-1.webp\" alt=\"\" width=\"494\" height=\"330\" srcset=\"https:\/\/hydraulic-cylinders.net\/wp-content\/uploads\/2023\/10\/oilgas-drilling-cylinder-1.webp 494w, https:\/\/hydraulic-cylinders.net\/wp-content\/uploads\/2023\/10\/oilgas-drilling-cylinder-1-480x321.webp 480w\" sizes=\"(min-width: 0px) and (max-width: 480px) 480px, (min-width: 481px) 494px, 100vw\" \/><\/p>\n<h2><strong>Naftos \/ duj\u0173 gr\u0119\u017eimo platformos k\u0117limo cilindro naudojimo b\u016bdas<\/strong><strong>:<\/strong><\/h2>\n<p>Platformos k\u0117limas: atlikite \u0161iuos veiksmus, kad efektyviai panaudotum\u0117te naftos \/ duj\u0173 gr\u0119\u017eimo platformos k\u0117limo cilindr\u0105:<\/p>\n<p>a. \u012ejunkite k\u0117limo mechanizm\u0105 maitinan\u010di\u0105 hidraulin\u0119 sistem\u0105 ir \u012fsitikinkite, kad hidraulinis sl\u0117gis yra rekomenduojamame darbiniame diapazone.<br \/>\nb. Nor\u0117dami suaktyvinti cilindr\u0105 ir prad\u0117ti gr\u0119\u017eimo platformos k\u0117limo arba nuleidimo veiksm\u0105, naudokite pateikt\u0105 valdymo s\u0105saj\u0105 arba svirt\u012f.<br \/>\nc. Monitor the platform&#8217;s movement and adjust the cylinder&#8217;s operation to achieve the desired height or position.<\/p>\n<h2><strong>Kiek svorio gali pakelti hidraulinis cilindras?<\/strong><\/h2>\n<p>Hidraulinio cilindro keliamoji galia priklauso nuo \u012fvairi\u0173 veiksni\u0173, \u012fskaitant jo konstrukcij\u0105, dyd\u012f ir eksploatacinius parametrus. Hidrauliniai cilindrai b\u016bna \u012fvairi\u0173 dyd\u017ei\u0173 ir konfig\u016bracij\u0173, kiekvienas i\u0161 j\u0173 turi savo specifin\u0119 keliam\u0105j\u0105 gali\u0105. Norint nustatyti hidraulinio cilindro keliam\u0105j\u0105 gali\u0105, labai svarbu atsi\u017evelgti \u012f \u0161iuos veiksnius:<\/p>\n<ol>\n<li><strong>Cilindro tipas ir konstrukcija:<\/strong> Skirting\u0173 tip\u0173 hidrauliniai cilindrai, tokie kaip vienpusio veikimo, dvipusio veikimo, teleskopiniai arba daugiapakopiai cilindrai, turi skirting\u0105 keliam\u0105j\u0105 gali\u0105. Pavyzd\u017eiui, teleskopiniai cilindrai yra skirti atlaikyti didesnes apkrovas, palyginti su standartiniais vienpusio arba dvipusio veikimo cilindrais.<\/li>\n<li><strong>Cilindro dydis:<\/strong> Baliono fizinis dydis ir matmenys vaidina svarb\u0173 vaidmen\u012f nustatant jo svorio talp\u0105. Didesni balionai paprastai turi didesn\u0119 keliam\u0105j\u0105 gali\u0105, palyginti su ma\u017eesniais.<\/li>\n<li><strong>Darbinis sl\u0117gis:<\/strong> Cilindrui taikomas hidraulinis sl\u0117gis yra dar vienas svarbus veiksnys, lemiantis jo keliam\u0105j\u0105 gali\u0105. Didesnis sl\u0117gio lygis paprastai leid\u017eia pasiekti didesn\u0119 keliam\u0105j\u0105 gali\u0105.<\/li>\n<li><strong>Strypo skersmuo ir med\u017eiaga:<\/strong> The diameter of the cylinder&#8217;s rod and the material it is made of can affect its load-bearing capacity. Thicker rods made from high-strength materials can handle heavier weights.<\/li>\n<li><strong>Tvirtinimo ir atramos konstrukcija:<\/strong> Hidraulinio cilindro tvirtinimo ir atramos konstrukcija gali tur\u0117ti \u012ftakos jo svorio paj\u0117gumui. Tvirta ir gerai suprojektuota tvirtinimo sistema u\u017etikrina tinkam\u0105 apkrovos paskirstym\u0105 ir stabilum\u0105.<\/li>\n<\/ol>\n<h2><strong>Gamyklos paj\u0117gumai ir talpa:<\/strong><\/h2>\n<h3>(1) Surinkimas<\/h3>\n<p>Turime pirmos klas\u0117s nepriklausom\u0105 tyrim\u0173 ir pl\u0117tros surinkimo platform\u0105. Hidraulini\u0173 cilindr\u0173 gamybos ceche yra keturios pusiau automatin\u0117s k\u0117limo cilindr\u0173 surinkimo linijos ir viena automatin\u0117 pakreipimo cilindr\u0173 surinkimo linija, kuri\u0173 projektinis metinis gamybos paj\u0117gumas yra 1 milijonas vienet\u0173. Speciali\u0173j\u0173 cilindr\u0173 ceche \u012frengta \u012fvairi\u0173 specifikacij\u0173 pusiau automatin\u0117 valymo surinkimo sistema, kurios projektinis metinis gamybos paj\u0117gumas yra 200 000 vienet\u0173, ir garsi CNC apdirbimo \u012franga, apdirbimo centras, didelio tikslumo cilindr\u0173 apdirbimo speciali \u012franga, robotinis suvirinimo aparatas, automatinis valymo aparatas, automatinis cilindr\u0173 surinkimo aparatas ir automatin\u0117 da\u017eymo gamybos linija. Esama daugiau nei 300 rinkini\u0173 (komplekt\u0173) kritin\u0117 \u012franga. Optimalus \u012frangos i\u0161tekli\u0173 paskirstymas ir efektyvus naudojimas u\u017etikrina gamini\u0173 tikslumo reikalavimus ir auk\u0161tus gamini\u0173 kokyb\u0117s poreikius.<\/p>\n<p><img loading=\"lazy\" decoding=\"async\" class=\"alignnone wp-image-626\" src=\"https:\/\/hydraulic-cylinders.net\/wp-content\/uploads\/2023\/08\/hydraulic-cylinder-product-1-300x158.webp\" alt=\"\" width=\"495\" height=\"260\" srcset=\"https:\/\/hydraulic-cylinders.net\/wp-content\/uploads\/2023\/08\/hydraulic-cylinder-product-1-300x158.webp 495w, https:\/\/hydraulic-cylinders.net\/wp-content\/uploads\/2023\/08\/hydraulic-cylinder-product-1-480x252.webp 480w\" sizes=\"(min-width: 0px) and (max-width: 480px) 480px, (min-width: 481px) 495px, 100vw\" \/> <img loading=\"lazy\" decoding=\"async\" class=\"alignnone wp-image-627\" src=\"https:\/\/hydraulic-cylinders.net\/wp-content\/uploads\/2023\/08\/hydraulic-cylinder-product-2-300x189.webp\" alt=\"\" width=\"413\" height=\"260\" \/><\/p>\n<h3>(2) Apdirbimas<\/h3>\n<p>Mechaninio apdirbimo ceche \u012frengtas pritaikytas nuo\u017eulnaus b\u0117gio tekinimo centras, apdirbimo centras, greitaeigis galandimo stakl\u0117s, suvirinimo robotas ir kita susijusi \u012franga, galinti apdirbti cilindrinius vamzd\u017eius, kuri\u0173 maksimalus vidinis skersmuo yra 400 mm, o maksimalus ilgis \u2013 6 metrai.<\/p>\n<p><img loading=\"lazy\" decoding=\"async\" class=\"alignnone wp-image-628 size-large\" src=\"https:\/\/hydraulic-cylinders.net\/wp-content\/uploads\/2023\/08\/hydraulic-cylinder-product-3-1024x391.webp\" alt=\"\" width=\"1024\" height=\"391\" srcset=\"https:\/\/hydraulic-cylinders.net\/wp-content\/uploads\/2023\/08\/hydraulic-cylinder-product-3-980x374.webp 980w, https:\/\/hydraulic-cylinders.net\/wp-content\/uploads\/2023\/08\/hydraulic-cylinder-product-3-480x183.webp 480w\" sizes=\"(min-width: 0px) and (max-width: 480px) 480px, (min-width: 481px) and (max-width: 980px) 980px, (min-width: 981px) 1024px, 100vw\" \/><\/p>\n<h3>(3) Suvirinimas<\/h3>\n<p><img loading=\"lazy\" decoding=\"async\" class=\"alignnone wp-image-629 size-large\" src=\"https:\/\/hydraulic-cylinders.net\/wp-content\/uploads\/2023\/08\/hydraulic-cylinder-product-4-1024x510.webp\" alt=\"\" width=\"1024\" height=\"510\" srcset=\"https:\/\/hydraulic-cylinders.net\/wp-content\/uploads\/2023\/08\/hydraulic-cylinder-product-4-980x488.webp 980w, https:\/\/hydraulic-cylinders.net\/wp-content\/uploads\/2023\/08\/hydraulic-cylinder-product-4-480x239.webp 480w\" sizes=\"(min-width: 0px) and (max-width: 480px) 480px, (min-width: 481px) and (max-width: 980px) 980px, (min-width: 981px) 1024px, 100vw\" \/><\/p>\n<h3>(4) Da\u017eymas ir dengimas<\/h3>\n<p>Su ma\u017eomis ir vidutinio dyd\u017eio cilindrin\u0117mis automatin\u0117mis vandens pagrindo da\u017e\u0173 dengimo linijomis, siekiant automatinio robot\u0173 pakrovimo ir i\u0161krovimo bei automatinio pur\u0161kimo, projektinis paj\u0117gumas yra 4000 vienet\u0173 per pamain\u0105;<br \/>\nTaip pat turime pusiau automatin\u0119 dideli\u0173 cilindr\u0173 da\u017e\u0173 gamybos linij\u0105, varom\u0105 grandin\u0117s, kurios projektinis na\u0161umas yra 60 d\u0117\u017ei\u0173 per pamain\u0105.<\/p>\n<p><img loading=\"lazy\" decoding=\"async\" class=\"alignnone wp-image-630\" src=\"https:\/\/hydraulic-cylinders.net\/wp-content\/uploads\/2023\/08\/hydraulic-cylinder-product-5-300x213.webp\" alt=\"\" width=\"366\" height=\"260\" \/> <img loading=\"lazy\" decoding=\"async\" class=\"alignnone wp-image-631\" src=\"https:\/\/hydraulic-cylinders.net\/wp-content\/uploads\/2023\/08\/hydraulic-cylinder-product-6-300x225.webp\" alt=\"\" width=\"347\" height=\"260\" \/><\/p>\n<h3>(5) Testavimas<\/h3>\n<p>Turime auk\u0161\u010diausios klas\u0117s patikros patalpas ir bandym\u0173 stendus, kad u\u017etikrintume, jog baliono veikimas atitinka reikalavimus.<\/p>\n<p><img loading=\"lazy\" decoding=\"async\" class=\"alignnone wp-image-632\" src=\"https:\/\/hydraulic-cylinders.net\/wp-content\/uploads\/2023\/08\/hydraulic-cylinder-product-8-300x200.webp\" alt=\"\" width=\"389\" height=\"260\" \/><\/p>\n<p>&nbsp;<\/p>\n<p>&nbsp;<\/p>\n<p>Esame vienas geriausi\u0173 hidraulini\u0173 cilindr\u0173 gamintoj\u0173. Galime pasi\u016blyti i\u0161samius hidraulinius cilindrus. Taip pat teikiame atitinkamus <a href=\"https:\/\/hzpt.com\/agricultural-pto-gearbox\/\" target=\"_blank\" rel=\"noopener\">\u017eem\u0117s \u016bkio pavar\u0173 d\u0117\u017e\u0117s<\/a>Mes eksportuojame savo gaminius klientams visame pasaulyje ir peln\u0117me ger\u0105 reputacij\u0105 d\u0117l auk\u0161\u010diausios gamini\u0173 kokyb\u0117s ir aptarnavimo po pardavimo. Mes laukiame klient\u0173 \u0161alyje ir u\u017esienyje, norin\u010di\u0173 susisiekti su mumis der\u0117tis d\u0117l verslo, keistis informacija ir... <a href=\"https:\/\/www.hydraulic-cylinders.net\/lt\/contact-us\/\">bendradarbiauti su mumis<\/a>!<\/p>\n<p>&nbsp;<\/p>\n<p>&nbsp;<\/p>","protected":false},"excerpt":{"rendered":"<p>Oil\/Gas Drilling Platform Lifting Cylinder The oil\/gas drilling platform lifting cylinder is crucial in offshore oil and gas drilling operations. Designed to provide reliable and efficient lifting capabilities, this specialized hydraulic cylinder plays a crucial role in supporting the lifting and lowering of drilling platforms, ensuring safe and productive operations in challenging offshore environments. The [&hellip;]<\/p>","protected":false},"featured_media":1865,"comment_status":"open","ping_status":"closed","template":"","meta":{"_et_pb_use_builder":"","_et_pb_old_content":"","_et_gb_content_width":""},"product_brand":[],"product_cat":[1549,1552,1418],"product_tag":[1380],"class_list":{"0":"post-1862","1":"product","2":"type-product","3":"status-publish","4":"has-post-thumbnail","6":"product_cat-single-acting-hydraulic-cylinder","7":"product_cat-stainless-steel-hydraulic-cylinder","8":"product_cat-oil-gas-hydraulic-cylinders","9":"product_tag-hydraulic-cylinder","11":"first","12":"instock","13":"shipping-taxable","14":"product-type-simple"},"amp_enabled":true,"_links":{"self":[{"href":"https:\/\/www.hydraulic-cylinders.net\/lt\/wp-json\/wp\/v2\/product\/1862","targetHints":{"allow":["GET"]}}],"collection":[{"href":"https:\/\/www.hydraulic-cylinders.net\/lt\/wp-json\/wp\/v2\/product"}],"about":[{"href":"https:\/\/www.hydraulic-cylinders.net\/lt\/wp-json\/wp\/v2\/types\/product"}],"replies":[{"embeddable":true,"href":"https:\/\/www.hydraulic-cylinders.net\/lt\/wp-json\/wp\/v2\/comments?post=1862"}],"wp:featuredmedia":[{"embeddable":true,"href":"https:\/\/www.hydraulic-cylinders.net\/lt\/wp-json\/wp\/v2\/media\/1865"}],"wp:attachment":[{"href":"https:\/\/www.hydraulic-cylinders.net\/lt\/wp-json\/wp\/v2\/media?parent=1862"}],"wp:term":[{"taxonomy":"product_brand","embeddable":true,"href":"https:\/\/www.hydraulic-cylinders.net\/lt\/wp-json\/wp\/v2\/product_brand?post=1862"},{"taxonomy":"product_cat","embeddable":true,"href":"https:\/\/www.hydraulic-cylinders.net\/lt\/wp-json\/wp\/v2\/product_cat?post=1862"},{"taxonomy":"product_tag","embeddable":true,"href":"https:\/\/www.hydraulic-cylinders.net\/lt\/wp-json\/wp\/v2\/product_tag?post=1862"}],"curies":[{"name":"wp","href":"https:\/\/api.w.org\/{rel}","templated":true}]}}