{"id":1866,"date":"2023-10-18T03:13:57","date_gmt":"2023-10-18T03:13:57","guid":{"rendered":"https:\/\/hydraulic-cylinders.net\/?post_type=product&#038;p=1866"},"modified":"2025-04-15T05:52:24","modified_gmt":"2025-04-15T05:52:24","slug":"oil-gas-drilling-derrick-lifting-cylinder","status":"publish","type":"product","link":"https:\/\/www.hydraulic-cylinders.net\/lt\/produktas\/oil-gas-drilling-derrick-lifting-cylinder\/","title":{"rendered":"Naftos \/ duj\u0173 gr\u0119\u017eimo bok\u0161to k\u0117limo cilindras"},"content":{"rendered":"<h1 style=\"text-align: center;\"><strong>Naftos \/ duj\u0173 gr\u0119\u017eimo bok\u0161to k\u0117limo cilindras<\/strong><\/h1>\n<p><img loading=\"lazy\" decoding=\"async\" class=\"aligncenter wp-image-1868\" src=\"https:\/\/hydraulic-cylinders.net\/wp-content\/uploads\/2023\/10\/derrick-lifting-cylinder-1-1-300x300.webp\" alt=\"\" width=\"400\" height=\"400\" \/><\/p>\n<p>Naftos \/ duj\u0173 gr\u0119\u017eimo bok\u0161to k\u0117limo cilindras yra labai svarbus naftos ir duj\u0173 gr\u0119\u017eimo operacij\u0173 komponentas, specialiai sukurtas bok\u0161tams kelti ir nuleisti. \u0160is specializuotas hidraulinis cilindras atlieka labai svarb\u0173 vaidmen\u012f palaikant vertikal\u0173 bok\u0161to jud\u0117jim\u0105, u\u017etikrinant efektyv\u0173 ir saug\u0173 gr\u0119\u017eimo darb\u0105 naftos ir duj\u0173 pramon\u0117je.<\/p>\n<p>Naftos \/ duj\u0173 gr\u0119\u017eimo bok\u0161to k\u0117limo cilindras yra gyvybi\u0161kai svarbus naftos ir duj\u0173 gr\u0119\u017eimo pramon\u0117je, nes pasi\u017eymi tvirta konstrukcija, didele keliam\u0105ja galia ir tiksliu valdymu. Jo geb\u0117jimas valdyti sunkius krovinius ir u\u017etikrinti tiksl\u0173 jud\u0117jimo valdym\u0105 padidina gr\u0119\u017eimo operacij\u0173 efektyvum\u0105 ir saug\u0105. Laikydamosi rekomenduojam\u0173 naudojimo metod\u0173 ir reguliariai pri\u017ei\u016br\u0117damos, \u012fmon\u0117s gali maksimaliai padidinti savo gr\u0119\u017eimo veiklos na\u0161um\u0105, ilgaam\u017ei\u0161kum\u0105 ir patikimum\u0105. Naftos \/ duj\u0173 gr\u0119\u017eimo bok\u0161to k\u0117limo cilindras yra nepakei\u010diama investicija naftos ir duj\u0173 pramonei, suteikianti operatoriams galimyb\u0119 pasiekti optimal\u0173 saugum\u0105, na\u0161um\u0105 ir s\u0117km\u0119 gr\u0119\u017eimo operacijose.<\/p>\n<p>Naftos \/ duj\u0173 gr\u0119\u017eimo platformos k\u0117limo cilindro pagrindin\u0117s charakteristikos:<\/p>\n<ul>\n<li>Tvirta konstrukcija: Gr\u0119\u017eimo gr\u0119\u017einio k\u0117limo cilindras pagamintas i\u0161 auk\u0161tos kokyb\u0117s med\u017eiag\u0173 ir yra visi\u0161kai suprojektuotas taip, kad atlaikyt\u0173 sud\u0117tingas naftos ir duj\u0173 gr\u0119\u017eimo operacij\u0173 s\u0105lygas. Tvirta konstrukcija u\u017etikrina ilgaam\u017ei\u0161kum\u0105 ir patikimum\u0105 net ir esant at\u0161iaurioms aplinkos s\u0105lygoms ir ekstremalioms temperat\u016broms.<\/li>\n<li>Didel\u0117 keliamoji galia: \u0161is cilindras suprojektuotas taip, kad atlaikyt\u0173 didelius krovinius, susijusius su bok\u0161t\u0173 k\u0117limu ir nuleidimu. I\u0161skirtin\u0117 jo keliamoji galia suteikia tvirtumo ir stabilumo, reikalingo saugioms ir efektyvioms gr\u0119\u017eimo operacijoms.<\/li>\n<li>Tikslus valdymas: K\u0117limo cilindras u\u017etikrina tiksl\u0173 vertikalaus gr\u0119\u017eimo bok\u0161to jud\u0117jimo valdym\u0105, leisdamas operatoriams tiksliai nustatyti gr\u0119\u017eimo konstrukcijos pad\u0117t\u012f ir reguliuoti jos auk\u0161t\u012f. Toks valdymo lygis u\u017etikrina optimal\u0173 veikimo efektyvum\u0105 ir padidina saugum\u0105 atliekant svarbius gr\u0119\u017eimo darbus.<\/li>\n<\/ul>\n<h2><strong>Naftos\/duj\u0173 gr\u0119\u017eimo bok\u0161to k\u0117limo cilindro parametras:<\/strong><\/h2>\n<table border=\"1\" cellspacing=\"0\" cellpadding=\"0\">\n<tbody>\n<tr>\n<td>Produkto pavadinimas<\/td>\n<td>Naftos \/ duj\u0173 gr\u0119\u017eimo platformos k\u0117limo cilindras<\/td>\n<\/tr>\n<tr>\n<td>Savyb\u0117s:<\/td>\n<td>\u012esivaizduokite gr\u0119\u017eimo platformos k\u0117limo ir nuleidimo veiksmus.<\/td>\n<\/tr>\n<tr>\n<td>Skyl\u0117s skersmuo:<\/td>\n<td>530 mm<\/td>\n<\/tr>\n<tr>\n<td>Strypo skersmuo:<\/td>\n<td>\u00a0490 mm<br \/>\nEiga \u22649000 mm<\/td>\n<\/tr>\n<tr>\n<td>Sl\u0117gis:<\/td>\n<td>Maksimalus 20,7 MPa<\/td>\n<\/tr>\n<tr>\n<td>Parai\u0161kos:<\/td>\n<td>Naftos \/ duj\u0173 gr\u0119\u017eimo platforma<\/td>\n<\/tr>\n<\/tbody>\n<\/table>\n<h2><strong>Naftos \/ duj\u0173 gr\u0119\u017eimo platformos cilindro taikymas:<\/strong><\/h2>\n<p><img loading=\"lazy\" decoding=\"async\" class=\"alignnone wp-image-1864 size-full\" src=\"https:\/\/hydraulic-cylinders.net\/wp-content\/uploads\/2023\/10\/oilgas-drilling-cylinder-1.webp\" alt=\"\" width=\"494\" height=\"330\" srcset=\"https:\/\/hydraulic-cylinders.net\/wp-content\/uploads\/2023\/10\/oilgas-drilling-cylinder-1.webp 494w, https:\/\/hydraulic-cylinders.net\/wp-content\/uploads\/2023\/10\/oilgas-drilling-cylinder-1-480x321.webp 480w\" sizes=\"(min-width: 0px) and (max-width: 480px) 480px, (min-width: 481px) 494px, 100vw\" \/><\/p>\n<h2><strong>Naftos \/ duj\u0173 gr\u0119\u017eimo gr\u0119\u017einio k\u0117limo cilindro naudojimo metodas<\/strong><strong>:<\/strong><\/h2>\n<p>Gr\u0119\u017eimo bok\u0161to k\u0117limas: atlikite \u0161iuos veiksmus, kad efektyviai panaudotum\u0117te naftos \/ duj\u0173 gr\u0119\u017eimo bok\u0161to k\u0117limo cilindr\u0105:<\/p>\n<p>a. \u012ejunkite k\u0117limo mechanizm\u0105 maitinan\u010di\u0105 hidraulin\u0119 sistem\u0105 ir \u012fsitikinkite, kad hidraulinis sl\u0117gis yra rekomenduojamame darbiniame diapazone.<br \/>\nb. Nor\u0117dami suaktyvinti cilindr\u0105 ir prad\u0117ti k\u0117limo arba nuleidimo veiksm\u0105, naudokite pateikt\u0105 valdymo s\u0105saj\u0105 arba svirt\u012f.<br \/>\nc. Steb\u0117kite gr\u0119\u017eimo bok\u0161to jud\u0117jim\u0105 ir reguliuokite cilindro veikim\u0105, kad pasiektum\u0117te norim\u0105 auk\u0161t\u012f arba pad\u0117t\u012f.<\/p>\n<h2><strong>Kaip surinkti hidraulin\u012f cilindr\u0105?<\/strong><\/h2>\n<p>Hidraulinio cilindro surinkimas reikalauja kruop\u0161taus d\u0117mesio detal\u0117ms ir tinkam\u0173 proced\u016br\u0173 laikymosi, kad b\u016bt\u0173 u\u017etikrintas saugus ir funkcionalus rezultatas. \u010cia pateikiamas bendras hidraulinio cilindro gamybos vadovas:<\/p>\n<ol>\n<li><strong>Surinkite reikiamus komponentus:<\/strong>\n<ul>\n<li>Cilindro vamzdis<\/li>\n<li>St\u016bmoklio mazgas<\/li>\n<li>St\u016bmoklio kotas<\/li>\n<li>Cilindro galiniai dangteliai<\/li>\n<li>Sandarikliai ir O formos \u017eiedai<\/li>\n<li>Fiksavimo \u017eiedai arba spaustukai<\/li>\n<li>Surinkimo tepalas<\/li>\n<\/ul>\n<\/li>\n<li><strong>Paruo\u0161kite komponentus:<\/strong>\n<ul>\n<li>Kruop\u0161\u010diai nuvalykite visus komponentus, kad pa\u0161alintum\u0117te ne\u0161varumus ar \u0161iuk\u0161les.<\/li>\n<li>Patikrinkite visus komponentus, ar n\u0117ra koki\u0173 nors pa\u017eeidim\u0173 ar susid\u0117v\u0117jimo po\u017eymi\u0173. Pakeiskite visas pa\u017eeistas ar susid\u0117v\u0117jusias dalis.<\/li>\n<\/ul>\n<\/li>\n<li><strong>\u012ediekite sandariklius ir O formos \u017eiedus:<\/strong>\n<ul>\n<li>Ant sandarikli\u0173 ir O \u017eied\u0173 u\u017etepkite plon\u0105 surinkimo tepalo sluoksn\u012f.<\/li>\n<li>Atsargiai \u012fstatykite sandariklius ir O formos \u017eiedus \u012f st\u016bmoklio, st\u016bmoklio koto ir cilindro galini\u0173 dangteli\u0173 griovelius.<\/li>\n<\/ul>\n<\/li>\n<li><strong>\u012ediekite st\u016bmoklio mazg\u0105:<\/strong>\n<ul>\n<li>U\u017emaukite st\u016bmoklio mazg\u0105 ant strypo, \u012fsitikindami, kad jis tinkamai sulygiuotas.<\/li>\n<li>\u012estatykite st\u016bmoklio kot\u0105 ir st\u016bmoklio mazg\u0105 \u012f cilindro korpus\u0105.<\/li>\n<li>\u0160velniai \u012fstumkite st\u016bmoklio mazg\u0105 \u012f cilindro korpus\u0105, nepa\u017eeisdami sandarikli\u0173.<\/li>\n<\/ul>\n<\/li>\n<li><strong>Pritvirtinkite cilindro galinius dangtelius:<\/strong>\n<ul>\n<li>Ant cilindro galinio dangtelio jungiam\u0173j\u0173 pavir\u0161i\u0173 u\u017etepkite surinkimo tepalo.<\/li>\n<li>Atsargiai u\u017ed\u0117kite cilindro galinius dangtelius ant cilindro, tinkamai juos sulygiuodami.<\/li>\n<li>Tvirtai pritvirtinkite galinius dangtelius naudodami atitinkamus tvirtinimo \u017eiedus arba spaustukus.<\/li>\n<\/ul>\n<\/li>\n<li><strong>Patikrinkite skland\u0173 veikim\u0105:<\/strong>\n<ul>\n<li>Judinkite st\u016bmokl\u012f cilindro korpuse pirmyn ir atgal, kad u\u017etikrintum\u0117te skland\u0173 jud\u0117jim\u0105 ir tinkam\u0105 sulygiavim\u0105.<\/li>\n<li>Patikrinkite, ar sandarikliai n\u0117ra u\u017estrig\u0119 ir ar nepraleid\u017eia vandens.<\/li>\n<\/ul>\n<\/li>\n<li><strong>Nuot\u0117ki\u0173 patikrinimas:<\/strong>\n<ul>\n<li>Prijunkite hidraulines linijas prie cilindr\u0173 jung\u010di\u0173.<\/li>\n<li>\u012e cilindr\u0105 \u012fjunkite hidraulin\u012f sl\u0117g\u012f, laikydamiesi gamintojo rekomenduojam\u0173 sl\u0117gio specifikacij\u0173.<\/li>\n<li>Patikrinkite cilindr\u0105, ar n\u0117ra koki\u0173 nors sandarikli\u0173 ar jung\u010di\u0173 nuot\u0117ki\u0173. Jei aptinkate nuot\u0117ki\u0173, i\u0161ardykite ir dar kart\u0105 patikrinkite sandariklius arba kreipkit\u0117s pagalbos \u012f specialist\u0105.<\/li>\n<\/ul>\n<\/li>\n<\/ol>\n<h2><strong>Gamyklos paj\u0117gumai ir talpa:<\/strong><\/h2>\n<h3>(1) Surinkimas<\/h3>\n<p>Turime pirmos klas\u0117s nepriklausom\u0105 tyrim\u0173 ir pl\u0117tros surinkimo platform\u0105. Hidraulini\u0173 cilindr\u0173 gamybos ceche yra keturios pusiau automatin\u0117s k\u0117limo cilindr\u0173 surinkimo linijos ir viena automatin\u0117 pakreipimo cilindr\u0173 surinkimo linija, kuri\u0173 projektinis metinis gamybos paj\u0117gumas yra 1 milijonas vienet\u0173. Speciali\u0173j\u0173 cilindr\u0173 ceche \u012frengta \u012fvairi\u0173 specifikacij\u0173 pusiau automatin\u0117 valymo surinkimo sistema, kurios projektinis metinis gamybos paj\u0117gumas yra 200 000 vienet\u0173, ir garsi CNC apdirbimo \u012franga, apdirbimo centras, didelio tikslumo cilindr\u0173 apdirbimo speciali \u012franga, robotinis suvirinimo aparatas, automatinis valymo aparatas, automatinis cilindr\u0173 surinkimo aparatas ir automatin\u0117 da\u017eymo gamybos linija. Esama daugiau nei 300 rinkini\u0173 (komplekt\u0173) kritin\u0117 \u012franga. Optimalus \u012frangos i\u0161tekli\u0173 paskirstymas ir efektyvus naudojimas u\u017etikrina gamini\u0173 tikslumo reikalavimus ir auk\u0161tus gamini\u0173 kokyb\u0117s poreikius.<\/p>\n<p><img loading=\"lazy\" decoding=\"async\" class=\"alignnone wp-image-626\" src=\"https:\/\/hydraulic-cylinders.net\/wp-content\/uploads\/2023\/08\/hydraulic-cylinder-product-1-300x158.webp\" alt=\"\" width=\"495\" height=\"260\" srcset=\"https:\/\/hydraulic-cylinders.net\/wp-content\/uploads\/2023\/08\/hydraulic-cylinder-product-1-300x158.webp 495w, https:\/\/hydraulic-cylinders.net\/wp-content\/uploads\/2023\/08\/hydraulic-cylinder-product-1-480x252.webp 480w\" sizes=\"(min-width: 0px) and (max-width: 480px) 480px, (min-width: 481px) 495px, 100vw\" \/> <img loading=\"lazy\" decoding=\"async\" class=\"alignnone wp-image-627\" src=\"https:\/\/hydraulic-cylinders.net\/wp-content\/uploads\/2023\/08\/hydraulic-cylinder-product-2-300x189.webp\" alt=\"\" width=\"413\" height=\"260\" \/><\/p>\n<h3>(2) Apdirbimas<\/h3>\n<p>Mechaninio apdirbimo ceche \u012frengtas pritaikytas nuo\u017eulnaus b\u0117gio tekinimo centras, apdirbimo centras, greitaeigis galandimo stakl\u0117s, suvirinimo robotas ir kita susijusi \u012franga, galinti apdirbti cilindrinius vamzd\u017eius, kuri\u0173 maksimalus vidinis skersmuo yra 400 mm, o maksimalus ilgis \u2013 6 metrai.<\/p>\n<p><img loading=\"lazy\" decoding=\"async\" class=\"alignnone wp-image-628 size-large\" src=\"https:\/\/hydraulic-cylinders.net\/wp-content\/uploads\/2023\/08\/hydraulic-cylinder-product-3-1024x391.webp\" alt=\"\" width=\"1024\" height=\"391\" srcset=\"https:\/\/hydraulic-cylinders.net\/wp-content\/uploads\/2023\/08\/hydraulic-cylinder-product-3-980x374.webp 980w, https:\/\/hydraulic-cylinders.net\/wp-content\/uploads\/2023\/08\/hydraulic-cylinder-product-3-480x183.webp 480w\" sizes=\"(min-width: 0px) and (max-width: 480px) 480px, (min-width: 481px) and (max-width: 980px) 980px, (min-width: 981px) 1024px, 100vw\" \/><\/p>\n<h3>(3) Suvirinimas<\/h3>\n<p><img loading=\"lazy\" decoding=\"async\" class=\"alignnone wp-image-629 size-large\" src=\"https:\/\/hydraulic-cylinders.net\/wp-content\/uploads\/2023\/08\/hydraulic-cylinder-product-4-1024x510.webp\" alt=\"\" width=\"1024\" height=\"510\" srcset=\"https:\/\/hydraulic-cylinders.net\/wp-content\/uploads\/2023\/08\/hydraulic-cylinder-product-4-980x488.webp 980w, https:\/\/hydraulic-cylinders.net\/wp-content\/uploads\/2023\/08\/hydraulic-cylinder-product-4-480x239.webp 480w\" sizes=\"(min-width: 0px) and (max-width: 480px) 480px, (min-width: 481px) and (max-width: 980px) 980px, (min-width: 981px) 1024px, 100vw\" \/><\/p>\n<h3>(4) Da\u017eymas ir dengimas<\/h3>\n<p>Su ma\u017eomis ir vidutinio dyd\u017eio cilindrin\u0117mis automatin\u0117mis vandens pagrindo da\u017e\u0173 dengimo linijomis, siekiant automatinio robot\u0173 pakrovimo ir i\u0161krovimo bei automatinio pur\u0161kimo, projektinis paj\u0117gumas yra 4000 vienet\u0173 per pamain\u0105;<br \/>\nTaip pat turime pusiau automatin\u0119 dideli\u0173 cilindr\u0173 da\u017e\u0173 gamybos linij\u0105, varom\u0105 grandin\u0117s, kurios projektinis na\u0161umas yra 60 d\u0117\u017ei\u0173 per pamain\u0105.<\/p>\n<p><img loading=\"lazy\" decoding=\"async\" class=\"alignnone wp-image-630\" src=\"https:\/\/hydraulic-cylinders.net\/wp-content\/uploads\/2023\/08\/hydraulic-cylinder-product-5-300x213.webp\" alt=\"\" width=\"366\" height=\"260\" \/> <img loading=\"lazy\" decoding=\"async\" class=\"alignnone wp-image-631\" src=\"https:\/\/hydraulic-cylinders.net\/wp-content\/uploads\/2023\/08\/hydraulic-cylinder-product-6-300x225.webp\" alt=\"\" width=\"347\" height=\"260\" \/><\/p>\n<h3>(5) Testavimas<\/h3>\n<p>Turime auk\u0161\u010diausios klas\u0117s patikros patalpas ir bandym\u0173 stendus, kad u\u017etikrintume, jog baliono veikimas atitinka reikalavimus.<\/p>\n<p><img loading=\"lazy\" decoding=\"async\" class=\"alignnone wp-image-632\" src=\"https:\/\/hydraulic-cylinders.net\/wp-content\/uploads\/2023\/08\/hydraulic-cylinder-product-8-300x200.webp\" alt=\"\" width=\"389\" height=\"260\" \/><\/p>\n<p>&nbsp;<\/p>\n<p>&nbsp;<\/p>\n<p>Esame vienas geriausi\u0173 hidraulini\u0173 cilindr\u0173 gamintoj\u0173. Galime pasi\u016blyti i\u0161samius hidraulinius cilindrus. Taip pat teikiame atitinkamus <a href=\"https:\/\/hzpt.com\/agricultural-pto-gearbox\/\" target=\"_blank\" rel=\"noopener\">\u017eem\u0117s \u016bkio pavar\u0173 d\u0117\u017e\u0117s<\/a>Mes eksportuojame savo gaminius klientams visame pasaulyje ir peln\u0117me ger\u0105 reputacij\u0105 d\u0117l auk\u0161\u010diausios gamini\u0173 kokyb\u0117s ir aptarnavimo po pardavimo. Mes laukiame klient\u0173 \u0161alyje ir u\u017esienyje, norin\u010di\u0173 susisiekti su mumis der\u0117tis d\u0117l verslo, keistis informacija ir... <a href=\"https:\/\/www.hydraulic-cylinders.net\/lt\/contact-us\/\">bendradarbiauti su mumis<\/a>!<\/p>\n<p>&nbsp;<\/p>\n<p>&nbsp;<\/p>","protected":false},"excerpt":{"rendered":"<p>Oil\/Gas Drilling Derrick Lifting Cylinder The oil\/gas drilling derrick lifting cylinder is a critical component in oil and gas drilling operations, specifically designed for lifting and lowering derricks. This specialized hydraulic cylinder plays a crucial role in supporting the vertical movement of the derrick, enabling efficient and safe drilling activities in the oil and gas [&hellip;]<\/p>","protected":false},"featured_media":1867,"comment_status":"open","ping_status":"closed","template":"","meta":{"_et_pb_use_builder":"","_et_pb_old_content":"","_et_gb_content_width":""},"product_brand":[],"product_cat":[1549,1552,1418],"product_tag":[1380],"class_list":{"0":"post-1866","1":"product","2":"type-product","3":"status-publish","4":"has-post-thumbnail","6":"product_cat-single-acting-hydraulic-cylinder","7":"product_cat-stainless-steel-hydraulic-cylinder","8":"product_cat-oil-gas-hydraulic-cylinders","9":"product_tag-hydraulic-cylinder","11":"first","12":"instock","13":"shipping-taxable","14":"product-type-simple"},"amp_enabled":true,"_links":{"self":[{"href":"https:\/\/www.hydraulic-cylinders.net\/lt\/wp-json\/wp\/v2\/product\/1866","targetHints":{"allow":["GET"]}}],"collection":[{"href":"https:\/\/www.hydraulic-cylinders.net\/lt\/wp-json\/wp\/v2\/product"}],"about":[{"href":"https:\/\/www.hydraulic-cylinders.net\/lt\/wp-json\/wp\/v2\/types\/product"}],"replies":[{"embeddable":true,"href":"https:\/\/www.hydraulic-cylinders.net\/lt\/wp-json\/wp\/v2\/comments?post=1866"}],"wp:featuredmedia":[{"embeddable":true,"href":"https:\/\/www.hydraulic-cylinders.net\/lt\/wp-json\/wp\/v2\/media\/1867"}],"wp:attachment":[{"href":"https:\/\/www.hydraulic-cylinders.net\/lt\/wp-json\/wp\/v2\/media?parent=1866"}],"wp:term":[{"taxonomy":"product_brand","embeddable":true,"href":"https:\/\/www.hydraulic-cylinders.net\/lt\/wp-json\/wp\/v2\/product_brand?post=1866"},{"taxonomy":"product_cat","embeddable":true,"href":"https:\/\/www.hydraulic-cylinders.net\/lt\/wp-json\/wp\/v2\/product_cat?post=1866"},{"taxonomy":"product_tag","embeddable":true,"href":"https:\/\/www.hydraulic-cylinders.net\/lt\/wp-json\/wp\/v2\/product_tag?post=1866"}],"curies":[{"name":"wp","href":"https:\/\/api.w.org\/{rel}","templated":true}]}}