{"id":1876,"date":"2023-10-18T07:38:14","date_gmt":"2023-10-18T07:38:14","guid":{"rendered":"https:\/\/hydraulic-cylinders.net\/?post_type=product&#038;p=1876"},"modified":"2025-04-11T02:52:11","modified_gmt":"2025-04-11T02:52:11","slug":"shield-machine-thrust-cylinder","status":"publish","type":"product","link":"https:\/\/www.hydraulic-cylinders.net\/lt\/produktas\/shield-machine-thrust-cylinder\/","title":{"rendered":"Skydo ma\u0161inos traukos cilindras"},"content":{"rendered":"<h1 style=\"text-align: center;\"><strong>Skydo ma\u0161inos traukos cilindras<\/strong><\/h1>\n<p><img loading=\"lazy\" decoding=\"async\" class=\"aligncenter wp-image-1879\" src=\"https:\/\/hydraulic-cylinders.net\/wp-content\/uploads\/2023\/10\/thrust-cylinder-1-300x300.webp\" alt=\"\" width=\"400\" height=\"400\" \/><\/p>\n<p>Skydin\u0117s ma\u0161inos traukos cilindras yra didelio na\u0161umo hidraulinis cilindras, specialiai sukurtas skydin\u0117ms ma\u0161inoms, naudojamoms po\u017eeminiuose statybos ir tuneli\u0173 kasimo projektuose. D\u0117l i\u0161skirtin\u0117s galios, tikslumo ir ilgaam\u017ei\u0161kumo \u0161is cilindras u\u017etikrina skland\u0173 ir efektyv\u0173 tuneli\u0173 kasim\u0105. Panagrin\u0117kime \u0161io nuostabaus gaminio pagrindines savybes, naudojimo b\u016bdus ir prie\u017ei\u016bros patarimus.<\/p>\n<p>Skydin\u0117s ma\u0161inos traukos cilindras yra nepakei\u010diamas s\u0117kming\u0173 tuneli\u0173 kasimo darb\u0173 komponentas. D\u0117l tvirtos konstrukcijos, didel\u0117s traukos galios, tikslaus valdymo ir pritaikomo dizaino \u0161is cilindras suteikia skydin\u0117ms ma\u0161inoms galimyb\u0119 kasti neprilygstamu efektyvumu ir tikslumu. Laikantis rekomenduojam\u0173 naudojimo metod\u0173 ir reguliariai pri\u017ei\u016brint, skydin\u0117s ma\u0161inos traukos cilindras ir toliau u\u017etikrins i\u0161skirtin\u012f na\u0161um\u0105, u\u017etikrindamas skland\u017ei\u0105 j\u016bs\u0173 po\u017eemini\u0173 statybos projekt\u0173 eig\u0105. Patirkite skydin\u0117s ma\u0161inos traukos cilindro gali\u0105, tikslum\u0105 ir patikimum\u0105 ir atskleiskite vis\u0105 savo tuneli\u0173 kasimo potencial\u0105.<\/p>\n<p>Skydo ma\u0161inos traukos cilindro pagrindin\u0117s charakteristikos:<\/p>\n<ul>\n<li>Tvirta konstrukcija: skydo ma\u0161inos traukos cilindras pagamintas i\u0161 tvirtos konstrukcijos, naudojant auk\u0161tos kokyb\u0117s med\u017eiagas, kurios atlaiko sud\u0117tingas po\u017eemini\u0173 statyb\u0173 s\u0105lygas. Jo patvari konstrukcija u\u017etikrina ilgaam\u017ei\u0161kum\u0105, patikimum\u0105 ir atsparum\u0105 mechaniniam \u012ftempimui, suteikdama tvirt\u0105 pagrind\u0105 s\u0117kmingiems tuneli\u0173 kasimo projektams.<\/li>\n<li>Didel\u0117 traukos galia: Sukurtas sunkioms reikm\u0117ms, \u0161is cilindras pasi\u017eymi \u012fsp\u016bdinga traukos galia, leid\u017eian\u010dia efektyviai atlikti kasimo ir tuneli\u0173 kasimo darbus. D\u0117l didel\u0117s j\u0117gos skydo ma\u0161ina lengvai juda per \u012fvairi\u0173 tip\u0173 grunt\u0105, u\u017etikrindama maksimal\u0173 na\u0161um\u0105 ir projekto efektyvum\u0105.<\/li>\n<li>Tikslus valdymas ir lygiavimas: Traukos cilindras turi pa\u017eangius hidraulinius valdymo mechanizmus, kurie u\u017etikrina tiksl\u0173 valdym\u0105 ir lygiavim\u0105 kasimo metu. Tai u\u017etikrina tiksl\u0173 skydo ma\u0161inos pad\u0117ties nustatym\u0105, suma\u017eina nukrypim\u0173 ar nesutapim\u0173 rizik\u0105 ir lemia tiksl\u0173 tuneli\u0173 kasim\u0105 bei geresnius projekto rezultatus.<\/li>\n<li>Pritaikomas dizainas: skydo ma\u0161inos traukos cilindras si\u016blo pritaikymo galimybes konkretiems projekto reikalavimams. D\u0117l \u012fvairi\u0173 eigos ilgi\u0173, kiaurymi\u0173 dyd\u017ei\u0173 ir tvirtinimo konfig\u016bracij\u0173 j\u012f galima pritaikyti prie skirting\u0173 skydo ma\u0161inos modeli\u0173 ir projekto specifikacij\u0173, u\u017etikrinant skland\u0173 integravim\u0105 ir optimal\u0173 na\u0161um\u0105.<\/li>\n<\/ul>\n<h2><strong>Skydo ma\u0161inos traukos cilindro parametras:<\/strong><\/h2>\n<table border=\"1\" cellspacing=\"0\" cellpadding=\"0\">\n<tbody>\n<tr>\n<td>Produkto pavadinimas<\/td>\n<td>Skydo ma\u0161inos traukos cilindras<\/td>\n<\/tr>\n<tr>\n<td>Savyb\u0117s:<\/td>\n<td>Judinkite skydo ma\u0161in\u0105 \u012f priek\u012f<\/td>\n<\/tr>\n<tr>\n<td>Skyl\u0117s skersmuo:<\/td>\n<td>140 mm\uff5e550 mm<\/td>\n<\/tr>\n<tr>\n<td>Strypo skersmuo:<\/td>\n<td>120 mm\uff5e420 mm<br \/>\nSt\u016bmoklis: 900 mm\uff5e4100 mm<\/td>\n<\/tr>\n<tr>\n<td>Sl\u0117gis:<\/td>\n<td>iki 35 MPa<br \/>\nSpecial\u016bs reikalavimai gali siekti iki 45 MPa<\/td>\n<\/tr>\n<tr>\n<td>Parai\u0161kos:<\/td>\n<td>Skydo ma\u0161ina, tuneli\u0173 gr\u0119\u017eimo ma\u0161inos<\/td>\n<\/tr>\n<\/tbody>\n<\/table>\n<h2><strong>Skydo ma\u0161inos traukos cilindro taikymas:<\/strong><\/h2>\n<p><img loading=\"lazy\" decoding=\"async\" class=\"alignnone wp-image-1875 size-full\" src=\"https:\/\/hydraulic-cylinders.net\/wp-content\/uploads\/2023\/10\/harsh-corrosive-cylinder-1.webp\" alt=\"\" width=\"1418\" height=\"946\" srcset=\"https:\/\/hydraulic-cylinders.net\/wp-content\/uploads\/2023\/10\/harsh-corrosive-cylinder-1.webp 1418w, https:\/\/hydraulic-cylinders.net\/wp-content\/uploads\/2023\/10\/harsh-corrosive-cylinder-1-1280x854.webp 1280w, https:\/\/hydraulic-cylinders.net\/wp-content\/uploads\/2023\/10\/harsh-corrosive-cylinder-1-980x654.webp 980w, https:\/\/hydraulic-cylinders.net\/wp-content\/uploads\/2023\/10\/harsh-corrosive-cylinder-1-480x320.webp 480w\" sizes=\"(min-width: 0px) and (max-width: 480px) 480px, (min-width: 481px) and (max-width: 980px) 980px, (min-width: 981px) and (max-width: 1280px) 1280px, (min-width: 1281px) 1418px, 100vw\" \/><\/p>\n<h2><strong>Skydo ma\u0161inos traukos cilindro naudojimo b\u016bdas<\/strong><strong>:<\/strong><\/h2>\n<ul>\n<li><strong>Projekto vertinimas:<\/strong> Prie\u0161 dislokuojant apsauginio \u012frenginio traukos cilindr\u0105, \u012fvertinkite projekto reikalavimus, \u012fskaitant grunto s\u0105lygas, tunelio matmenis ir numatomas apkrovas. \u0160is \u012fvertinimas pad\u0117s nustatyti tinkamas cilindro specifikacijas ir konfig\u016bracij\u0105.<\/li>\n<li><strong>Diegimas ir integravimas:<\/strong> Nor\u0117dami s\u0117kmingai \u012fdiegti, atlikite \u0161iuos veiksmus:\n<ul>\n<li>Tvirtai pritvirtinkite traukos cilindr\u0105 prie skydo ma\u0161inos, u\u017etikrindami tinkam\u0105 sulygiavim\u0105 ir stabilum\u0105 pagal gamintojo nurodymus.<\/li>\n<li>Prijunkite hidraulines linijas prie cilindro, u\u017etikrindami sandarum\u0105 ir sandarum\u0105. Patikrinkite suderinamum\u0105 su hidrauline sistema ir naudokite tinkamas jungtis bei \u017earnas.<\/li>\n<\/ul>\n<\/li>\n<li><strong>Hidraulin\u0117s sistemos s\u0105ranka:<\/strong> Integruokite cilindr\u0105 \u012f skydo ma\u0161inos hidraulin\u0119 sistem\u0105, prijungdami j\u012f prie patikimo maitinimo \u0161altinio ir valdymo mechanizmo. Tinkamas hidraulin\u0117s sistemos nustatymas ir kalibravimas yra labai svarb\u016bs optimaliam veikimui ir saugai.<\/li>\n<li><strong>Veikimo parametrai:<\/strong> Sureguliuokite hidraulin\u0117s sistemos parametrus, tokius kaip sl\u0117gis ir srautas, kad jie atitikt\u0173 kasimo reikalavimus. Laikykit\u0117s gamintojo rekomendacij\u0173 ir, jei reikia, pasikonsultuokite su hidraulikos specialistais.<\/li>\n<\/ul>\n<h2><strong>Kaip i\u0161leisti or\u0105 i\u0161 hidraulin\u0117s sankabos darbinio cilindro?<\/strong><\/h2>\n<p>Konkret\u016bs veiksmai gali skirtis priklausomai nuo transporto priemon\u0117s mark\u0117s ir modelio. Visada \u017er. transporto priemon\u0117s savininko vadov\u0105, kuriame pateikiamos i\u0161samios instrukcijos ir saugos priemon\u0117s.<\/p>\n<p>Ko jums reik\u0117s:<\/p>\n<ol>\n<li>Stabd\u017ei\u0173 skystis (rekomenduojam\u0105 tip\u0105 patikrinkite transporto priemon\u0117s specifikacijose)<\/li>\n<li>Skaidrus plastikinis vamzdelis<\/li>\n<li>Talpykla senam stabd\u017ei\u0173 skys\u010diui surinkti<\/li>\n<\/ol>\n<p><strong>1 veiksmas: paruo\u0161kite transporto priemon\u0119<\/strong><\/p>\n<ul>\n<li>Pastatykite transporto priemon\u0119 ant lygaus pavir\u0161iaus ir \u012fjunkite stov\u0117jimo stabd\u012f.<\/li>\n<li>Atidarykite automobilio variklio dangt\u012f ir suraskite sankabos pagrindinio cilindro rezervuar\u0105. Paprastai jis yra \u0161alia stabd\u017ei\u0173 pagrindinio cilindro.<\/li>\n<\/ul>\n<p><strong>2 veiksmas: u\u017epildykite sankabos pagrindinio cilindro rezervuar\u0105<\/strong><\/p>\n<ul>\n<li>Nuimkite dangtel\u012f nuo sankabos pagrindinio cilindro rezervuaro.<\/li>\n<li>Patikrinkite skys\u010dio lyg\u012f ir \u012fsitikinkite, kad jis yra rekomenduojamame lygyje. Jei reikia, \u012fpilkite nurodyto stabd\u017ei\u0173 skys\u010dio, kad pasiektum\u0117te reikiam\u0105 lyg\u012f. B\u016bkite atsarg\u016bs ir neperpildykite.<\/li>\n<\/ul>\n<p><strong>3 veiksmas: suraskite sankabos darbin\u012f cilindr\u0105<\/strong><\/p>\n<ul>\n<li>Suraskite sankabos darbin\u012f cilindr\u0105, kuris paprastai montuojamas ant transmisijos varpo korpuso arba \u0161alia jo.<\/li>\n<li>Raskite darbinio cilindro i\u0161leidimo vo\u017etuv\u0105. Tai ma\u017eas vo\u017etuvas su apsauginiu dangteliu.<\/li>\n<\/ul>\n<p><strong>4 veiksmas: pritvirtinkite vamzdel\u012f<\/strong><\/p>\n<ul>\n<li>Pritvirtinkite vien\u0105 skaidraus plastikinio vamzdelio gal\u0105 prie i\u0161leidimo vo\u017etuvo ant darbinio cilindro. Kit\u0105 gal\u0105 \u012fd\u0117kite \u012f ind\u0105 senam stabd\u017ei\u0173 skys\u010diui surinkti.<\/li>\n<\/ul>\n<p><strong>5 veiksmas: kraujavimo procesas<\/strong><\/p>\n<ul>\n<li>Pasitelkite asistent\u0105, kuris pad\u0117t\u0173 kraujavimo procese.<\/li>\n<li>Nurodykite savo pad\u0117j\u0117jui nuspausti sankabos pedal\u0105 ir laikyti j\u012f nuspaust\u0105 iki grind\u0173.<\/li>\n<li>Atidarykite darbinio cilindro i\u0161leidimo vo\u017etuv\u0105 pasukdami j\u012f prie\u0161 laikrod\u017eio rodykl\u0119. Atidarius vo\u017etuv\u0105, skystis ir oro burbuliukai per vamzdelius bus stumiami \u012f talpykl\u0105.<\/li>\n<li>Nurodykite savo pad\u0117j\u0117jui prane\u0161ti, kada sankabos pedalas pasiekia grindis, ir laikyti j\u012f nuspaust\u0105.<\/li>\n<\/ul>\n<p><strong>6 veiksmas: u\u017edarykite i\u0161leidimo vo\u017etuv\u0105<\/strong><\/p>\n<ul>\n<li>Kai asistentas informuos, kad pedalas visi\u0161kai nuspaustas, u\u017esukite i\u0161leidimo vo\u017etuv\u0105 pagal laikrod\u017eio rodykl\u0119. \u012esitikinkite, kad jis sandariai u\u017edarytas.<\/li>\n<\/ul>\n<p><strong>7 veiksmas: pakartokite proces\u0105<\/strong><\/p>\n<ul>\n<li>Nurodykite savo pad\u0117j\u0117jui l\u0117tai atleisti sankabos pedal\u0105. Atleidus pedal\u0105, \u012f sistem\u0105 pateks oro burbuliuk\u0173 ir skys\u010dio.<\/li>\n<li>Pakartokite nuorinimo proces\u0105 atidarydami i\u0161leidimo vo\u017etuv\u0105, papra\u0161ykite savo pad\u0117j\u0117jo nuspausti sankabos pedal\u0105 ir tada u\u017edaryti vo\u017etuv\u0105. Kartokite \u0161\u012f proces\u0105 kelis kartus, kol vamzdeliuose nebeliks oro burbuliuk\u0173.<\/li>\n<\/ul>\n<p><strong>8 veiksmas: patikrinkite skys\u010dio lyg\u012f ir, jei reikia, pakartokite<\/strong><\/p>\n<ul>\n<li>I\u0161leidus nuorinim\u0105, patikrinkite skys\u010dio lyg\u012f sankabos pagrindinio cilindro rezervuare. Jei reikia, \u012fpilkite daugiau stabd\u017ei\u0173 skys\u010dio, kad palaikytum\u0117te rekomenduojam\u0105 lyg\u012f.<\/li>\n<li>Jei sankabos pedalas vis dar jau\u010diasi nestabilus arba netolygus, kartokite nuorinimo proces\u0105, kol pedalas bus tvirtai juntamas.<\/li>\n<\/ul>\n<p><strong>9 veiksmas: Galutiniai patikrinimai<\/strong><\/p>\n<ul>\n<li>Baig\u0119 oro i\u0161leidimo proces\u0105, \u012fsitikinkite, kad i\u0161leidimo vo\u017etuvas yra sandariai u\u017edarytas.<\/li>\n<li>Nuimkite plastikin\u012f vamzdel\u012f ir nuvalykite i\u0161siliejus\u012f stabd\u017ei\u0173 skyst\u012f.<\/li>\n<li>Pakeiskite sankabos pagrindinio cilindro rezervuaro dangtel\u012f.<\/li>\n<\/ul>\n<h2><strong>Gamyklos paj\u0117gumai ir talpa:<\/strong><\/h2>\n<h3>(1) Surinkimas<\/h3>\n<p>Turime pirmos klas\u0117s nepriklausom\u0105 tyrim\u0173 ir pl\u0117tros surinkimo platform\u0105. Hidraulini\u0173 cilindr\u0173 gamybos ceche yra keturios pusiau automatin\u0117s k\u0117limo cilindr\u0173 surinkimo linijos ir viena automatin\u0117 pakreipimo cilindr\u0173 surinkimo linija, kuri\u0173 projektinis metinis gamybos paj\u0117gumas yra 1 milijonas vienet\u0173. Speciali\u0173j\u0173 cilindr\u0173 ceche \u012frengta \u012fvairi\u0173 specifikacij\u0173 pusiau automatin\u0117 valymo surinkimo sistema, kurios projektinis metinis gamybos paj\u0117gumas yra 200 000 vienet\u0173, ir garsi CNC apdirbimo \u012franga, apdirbimo centras, didelio tikslumo cilindr\u0173 apdirbimo speciali \u012franga, robotinis suvirinimo aparatas, automatinis valymo aparatas, automatinis cilindr\u0173 surinkimo aparatas ir automatin\u0117 da\u017eymo gamybos linija. Esama daugiau nei 300 rinkini\u0173 (komplekt\u0173) kritin\u0117 \u012franga. Optimalus \u012frangos i\u0161tekli\u0173 paskirstymas ir efektyvus naudojimas u\u017etikrina gamini\u0173 tikslumo reikalavimus ir auk\u0161tus gamini\u0173 kokyb\u0117s poreikius.<\/p>\n<p><img loading=\"lazy\" decoding=\"async\" class=\"alignnone wp-image-626\" src=\"https:\/\/hydraulic-cylinders.net\/wp-content\/uploads\/2023\/08\/hydraulic-cylinder-product-1-300x158.webp\" alt=\"\" width=\"495\" height=\"260\" srcset=\"https:\/\/hydraulic-cylinders.net\/wp-content\/uploads\/2023\/08\/hydraulic-cylinder-product-1-300x158.webp 495w, https:\/\/hydraulic-cylinders.net\/wp-content\/uploads\/2023\/08\/hydraulic-cylinder-product-1-480x252.webp 480w\" sizes=\"(min-width: 0px) and (max-width: 480px) 480px, (min-width: 481px) 495px, 100vw\" \/> <img loading=\"lazy\" decoding=\"async\" class=\"alignnone wp-image-627\" src=\"https:\/\/hydraulic-cylinders.net\/wp-content\/uploads\/2023\/08\/hydraulic-cylinder-product-2-300x189.webp\" alt=\"\" width=\"413\" height=\"260\" \/><\/p>\n<h3>(2) Apdirbimas<\/h3>\n<p>Mechaninio apdirbimo ceche \u012frengtas pritaikytas nuo\u017eulnaus b\u0117gio tekinimo centras, apdirbimo centras, greitaeigis galandimo stakl\u0117s, suvirinimo robotas ir kita susijusi \u012franga, galinti apdirbti cilindrinius vamzd\u017eius, kuri\u0173 maksimalus vidinis skersmuo yra 400 mm, o maksimalus ilgis \u2013 6 metrai.<\/p>\n<p><img loading=\"lazy\" decoding=\"async\" class=\"alignnone wp-image-628 size-large\" src=\"https:\/\/hydraulic-cylinders.net\/wp-content\/uploads\/2023\/08\/hydraulic-cylinder-product-3-1024x391.webp\" alt=\"\" width=\"1024\" height=\"391\" srcset=\"https:\/\/hydraulic-cylinders.net\/wp-content\/uploads\/2023\/08\/hydraulic-cylinder-product-3-980x374.webp 980w, https:\/\/hydraulic-cylinders.net\/wp-content\/uploads\/2023\/08\/hydraulic-cylinder-product-3-480x183.webp 480w\" sizes=\"(min-width: 0px) and (max-width: 480px) 480px, (min-width: 481px) and (max-width: 980px) 980px, (min-width: 981px) 1024px, 100vw\" \/><\/p>\n<h3>(3) Suvirinimas<\/h3>\n<p><img loading=\"lazy\" decoding=\"async\" class=\"alignnone wp-image-629 size-large\" src=\"https:\/\/hydraulic-cylinders.net\/wp-content\/uploads\/2023\/08\/hydraulic-cylinder-product-4-1024x510.webp\" alt=\"\" width=\"1024\" height=\"510\" srcset=\"https:\/\/hydraulic-cylinders.net\/wp-content\/uploads\/2023\/08\/hydraulic-cylinder-product-4-980x488.webp 980w, https:\/\/hydraulic-cylinders.net\/wp-content\/uploads\/2023\/08\/hydraulic-cylinder-product-4-480x239.webp 480w\" sizes=\"(min-width: 0px) and (max-width: 480px) 480px, (min-width: 481px) and (max-width: 980px) 980px, (min-width: 981px) 1024px, 100vw\" \/><\/p>\n<h3>(4) Da\u017eymas ir dengimas<\/h3>\n<p>Su ma\u017eomis ir vidutinio dyd\u017eio cilindrin\u0117mis automatin\u0117mis vandens pagrindo da\u017e\u0173 dengimo linijomis, siekiant automatinio robot\u0173 pakrovimo ir i\u0161krovimo bei automatinio pur\u0161kimo, projektinis paj\u0117gumas yra 4000 vienet\u0173 per pamain\u0105;<br \/>\nTaip pat turime pusiau automatin\u0119 dideli\u0173 cilindr\u0173 da\u017e\u0173 gamybos linij\u0105, varom\u0105 grandin\u0117s, kurios projektinis na\u0161umas yra 60 d\u0117\u017ei\u0173 per pamain\u0105.<\/p>\n<p><img loading=\"lazy\" decoding=\"async\" class=\"alignnone wp-image-630\" src=\"https:\/\/hydraulic-cylinders.net\/wp-content\/uploads\/2023\/08\/hydraulic-cylinder-product-5-300x213.webp\" alt=\"\" width=\"366\" height=\"260\" \/> <img loading=\"lazy\" decoding=\"async\" class=\"alignnone wp-image-631\" src=\"https:\/\/hydraulic-cylinders.net\/wp-content\/uploads\/2023\/08\/hydraulic-cylinder-product-6-300x225.webp\" alt=\"\" width=\"347\" height=\"260\" \/><\/p>\n<h3>(5) Testavimas<\/h3>\n<p>Turime auk\u0161\u010diausios klas\u0117s patikros patalpas ir bandym\u0173 stendus, kad u\u017etikrintume, jog baliono veikimas atitinka reikalavimus.<\/p>\n<p><img loading=\"lazy\" decoding=\"async\" class=\"alignnone wp-image-632\" src=\"https:\/\/hydraulic-cylinders.net\/wp-content\/uploads\/2023\/08\/hydraulic-cylinder-product-8-300x200.webp\" alt=\"\" width=\"389\" height=\"260\" \/><\/p>\n<p>&nbsp;<\/p>\n<p>&nbsp;<\/p>\n<p>Esame vienas geriausi\u0173 hidraulini\u0173 cilindr\u0173 gamintoj\u0173. Galime pasi\u016blyti i\u0161samius hidraulinius cilindrus. Taip pat teikiame atitinkamus <a href=\"https:\/\/hzpt.com\/agricultural-pto-gearbox\/\" target=\"_blank\" rel=\"noopener\">\u017eem\u0117s \u016bkio pavar\u0173 d\u0117\u017e\u0117s<\/a>Mes eksportuojame savo gaminius klientams visame pasaulyje ir peln\u0117me ger\u0105 reputacij\u0105 d\u0117l auk\u0161\u010diausios gamini\u0173 kokyb\u0117s ir aptarnavimo po pardavimo. Mes laukiame klient\u0173 \u0161alyje ir u\u017esienyje, norin\u010di\u0173 susisiekti su mumis der\u0117tis d\u0117l verslo, keistis informacija ir... <a href=\"https:\/\/www.hydraulic-cylinders.net\/lt\/contact-us\/\">bendradarbiauti su mumis<\/a>!<\/p>\n<p>&nbsp;<\/p>","protected":false},"excerpt":{"rendered":"<p>Shield Machine Thrust Cylinder The shield machine thrust cylinder is a high-performance hydraulic cylinder explicitly designed for shield machines used in underground construction and tunneling projects. With its exceptional power, precision, and durability, this cylinder ensures smooth and efficient tunneling operations. Let&#8217;s explore this remarkable product&#8217;s key characteristics, usage methods, and maintenance tips. The shield [&hellip;]<\/p>","protected":false},"featured_media":1880,"comment_status":"open","ping_status":"closed","template":"","meta":{"_et_pb_use_builder":"","_et_pb_old_content":"","_et_gb_content_width":""},"product_brand":[],"product_cat":[1519,1549],"product_tag":[1380],"class_list":{"0":"post-1876","1":"product","2":"type-product","3":"status-publish","4":"has-post-thumbnail","6":"product_cat-shield-machine-hydraulic-cylinders","7":"product_cat-single-acting-hydraulic-cylinder","8":"product_tag-hydraulic-cylinder","10":"first","11":"instock","12":"shipping-taxable","13":"product-type-simple"},"amp_enabled":true,"_links":{"self":[{"href":"https:\/\/www.hydraulic-cylinders.net\/lt\/wp-json\/wp\/v2\/product\/1876","targetHints":{"allow":["GET"]}}],"collection":[{"href":"https:\/\/www.hydraulic-cylinders.net\/lt\/wp-json\/wp\/v2\/product"}],"about":[{"href":"https:\/\/www.hydraulic-cylinders.net\/lt\/wp-json\/wp\/v2\/types\/product"}],"replies":[{"embeddable":true,"href":"https:\/\/www.hydraulic-cylinders.net\/lt\/wp-json\/wp\/v2\/comments?post=1876"}],"wp:featuredmedia":[{"embeddable":true,"href":"https:\/\/www.hydraulic-cylinders.net\/lt\/wp-json\/wp\/v2\/media\/1880"}],"wp:attachment":[{"href":"https:\/\/www.hydraulic-cylinders.net\/lt\/wp-json\/wp\/v2\/media?parent=1876"}],"wp:term":[{"taxonomy":"product_brand","embeddable":true,"href":"https:\/\/www.hydraulic-cylinders.net\/lt\/wp-json\/wp\/v2\/product_brand?post=1876"},{"taxonomy":"product_cat","embeddable":true,"href":"https:\/\/www.hydraulic-cylinders.net\/lt\/wp-json\/wp\/v2\/product_cat?post=1876"},{"taxonomy":"product_tag","embeddable":true,"href":"https:\/\/www.hydraulic-cylinders.net\/lt\/wp-json\/wp\/v2\/product_tag?post=1876"}],"curies":[{"name":"wp","href":"https:\/\/api.w.org\/{rel}","templated":true}]}}