{"id":18847,"date":"2025-04-07T05:58:22","date_gmt":"2025-04-07T05:58:22","guid":{"rendered":"https:\/\/www.hydraulic-cylinders.net\/product\/boom-cylinder-for-komatsu-small-excavator-pc20-8\/"},"modified":"2025-04-07T05:58:26","modified_gmt":"2025-04-07T05:58:26","slug":"boom-cylinder-for-komatsu-small-excavator-pc20-8","status":"publish","type":"product","link":"https:\/\/www.hydraulic-cylinders.net\/lt\/produktas\/boom-cylinder-for-komatsu-small-excavator-pc20-8\/","title":{"rendered":"Komatsu ma\u017eo ekskavatoriaus PC20-8 str\u0117l\u0117s cilindras"},"content":{"rendered":"<h1>Komatsu ma\u017eo ekskavatoriaus PC20-8 str\u0117l\u0117s cilindras<\/h1>\n<h2>Kau\u0161o cilindr\u0173 apibr\u0117\u017eimas ir ap\u017evalga<\/h2>\n<p>Kau\u0161o cilindras yra specifinis hidraulinio cilindro tipas, skirtas valdyti kau\u0161o jud\u0117jim\u0105 \u012fvairiose sunkiosiose ma\u0161inose, tokiose kaip ekskavatoriai, ekskavatoriniai krautuvai ir frontaliniai krautuvai. Jis leid\u017eia kau\u0161ui pakilti, nuleisti ir pakreipti, taip palengvinant med\u017eiag\u0173 tvarkymo u\u017eduotis. \u0160is hidraulinis komponentas atlieka labai svarb\u0173 vaidmen\u012f hidraulin\u0117je sistemoje, u\u017etikrindamas reikiam\u0105 j\u0117g\u0105 ir valdym\u0105 efektyviam darbui.<\/p>\n<p>I\u0161 esm\u0117s kau\u0161o cilindras panaudoja hidraulin\u012f sl\u0117g\u012f, kad sukurt\u0173 tiesin\u012f jud\u0117jim\u0105, leisdamas sunkiosios technikos operatoriams atlikti tokias u\u017eduotis kaip kasimas, krovimas ir med\u017eiag\u0173 perk\u0117limas. Jo patikimas veikimas yra b\u016btinas efektyviam statybos ir \u017eem\u0117s \u016bkio technikos valdymui.<\/p>\n<p><img decoding=\"async\" src=\"https:\/\/www.hydraulic-cylinders.net\/wp-content\/uploads\/2025\/04\/songte-company-1.webp\" alt=\"Str\u0117l\u0117s cilindro vaizdas\" \/><\/p>\n<h2>Str\u0117l\u0117s cilindro savyb\u0117s<\/h2>\n<ul>\n<li><strong>Didelis stiprumas ir ilgaam\u017ei\u0161kumas:<\/strong> Paprastai gaminami i\u0161 didelio stiprumo plieno arba aliuminio, galintys atlaikyti auk\u0161t\u0105 sl\u0117g\u012f ir dideles apkrovas, sukurti at\u0161iaurioms darbo s\u0105lygoms, daugiausia d\u0117mesio skiriant atsparumui dilimui ir apsaugai nuo korozijos, siekiant pailginti tarnavimo laik\u0105.<\/li>\n<li><strong>Efektyvus hidraulinis valdymas:<\/strong> Naudoja hidraulin\u0117s alyvos sl\u0117g\u012f skland\u017eiam teleskopiniam jud\u0117jimui, greitai reaguoja \u012f valdymo komandas, u\u017etikrina tvirt\u0105 st\u016bmimo ir traukimo j\u0117g\u0105, tinka sunkiems daiktams tvarkyti ir sud\u0117tingoms u\u017eduotims atlikti.<\/li>\n<li><strong>\u012evair\u016bs tipai:<\/strong> Kad atitikt\u0173 \u012fvairius eksploatacinius poreikius, kai kurie modeliai yra teleskopiniai, tod\u0117l juos galima labiau prailginti nedidinant i\u0161orini\u0173 matmen\u0173, kai erdv\u0117 ribota.<\/li>\n<\/ul>\n<h2>Gamybos paj\u0117gumai<\/h2>\n<p>M\u016bs\u0173 \u012fmon\u0117 specializuojasi \u0161io produkto gamyboje, u\u017etikrindama, kad m\u016bs\u0173 gaminiai puikiai pakeis esamus hidraulinius cilindrus.<\/p>\n<p><img decoding=\"async\" src=\"https:\/\/www.hydraulic-cylinders.net\/wp-content\/uploads\/2025\/04\/songte-cylinder-head-with-all-kinds-excavator-models.webp\" alt=\"Ekskavatori\u0173 modeliai\" \/><\/p>\n<h2>Str\u0117l\u0117s cilindro taikymo scenarijai<\/h2>\n<h3>Statybin\u0117 \u012franga<\/h3>\n<p>Ekskavatoriuose str\u0117l\u0117s cilindrai yra gyvybi\u0161kai svarb\u016bs kasant, kraunant ir perkeliant grunt\u0105 ar \u0161iuk\u0161les. J\u0173 konstrukcija leid\u017eia tiksliai valdyti kau\u0161o jud\u0117jim\u0105, tod\u0117l galima efektyviai atlikti kasimo ir med\u017eiag\u0173 tvarkymo darbus. \u0160i\u0173 cilindr\u0173 sukuriama hidraulin\u0117 j\u0117ga leid\u017eia operatoriams atlikti sunkius k\u0117limo darbus ir tiksliai grandyti, tod\u0117l jie yra nepakei\u010diami statybviet\u0117se.<\/p>\n<h3>\u017dem\u0117s \u016bkio technika<\/h3>\n<p>Priekiniuose krautuvuose str\u0117l\u0117s cilindrai naudojami dirvo\u017eemiui, \u0161ienui ir kitoms med\u017eiagoms semti, kelti ir transportuoti. J\u0173 geb\u0117jimas panaudoti didel\u0119 j\u0117g\u0105 leid\u017eia \u016bkininkams efektyviai valdyti sunkius krovinius ir kartu u\u017etikrinti paprast\u0105 valdym\u0105. \u0160i funkcija ypa\u010d svarbi derliaus nu\u0117mimo ar \u017eem\u0117s ruo\u0161imo sezonais, kai savalaikis med\u017eiag\u0173 jud\u0117jimas yra labai svarbus produktyvumui.<\/p>\n<h3>Ekskavatoriai<\/h3>\n<p>Kau\u0161o cilindrai palengvina kasimo veiksm\u0105, leisdami kau\u0161ui efektyviai \u012fsiskverbti \u012f dirv\u0105. \u0160i savyb\u0117 yra labai svarbi kasant tran\u0161\u0117jas, pamatus ar kitus didelio masto \u017eem\u0117s darbus. \u0160i\u0173 cilindr\u0173 konstrukcija u\u017etikrina, kad operatoriai kasimo metu gal\u0117t\u0173 pasiekti reikiam\u0105 gyl\u012f ir tikslum\u0105, taip pagerindami bendr\u0105 projekto efektyvum\u0105.<\/p>\n<h3>Krautuvai<\/h3>\n<p>Priekiniuose krautuvuose str\u0117l\u0117s cilindrai padeda efektyviai kelti ir i\u0161versti krovinius. Tvirta j\u0173 konstrukcija ir hidraulinis efektyvumas leid\u017eia operatoriams tvarkyti didelius med\u017eiag\u0173 kiekius, nesvarbu, ar tai b\u016bt\u0173 dirvo\u017eemis, \u017evyras, ar kiti bir\u016bs daiktai. \u0160ie cilindrai yra b\u016btini siekiant u\u017etikrinti, kad pakrovimo ir i\u0161krovimo operacijos b\u016bt\u0173 saugios ir efektyvios.<\/p>\n<h2>Projektavimo aspektai ir atrankos kriterijai<\/h2>\n<h3>Keliamoji galia<\/h3>\n<p>Str\u0117l\u0117s cilindro keliamoji galia yra labai svarbi jo veikimui. Ji turi b\u016bti \u012fvertinta atsi\u017evelgiant \u012f konkre\u010dias taikymo sritis, kurioms jis bus naudojamas. Cilindras, kurio keliamoji galia nepakankama, gali sugesti veikiant apkrovai, d\u0117l to gali kilti prastov\u0173 ir gali kilti pavojus saugai. Tod\u0117l renkantis labai svarbu suprasti tvarkom\u0173 med\u017eiag\u0173 svor\u012f ir tip\u0105.<\/p>\n<h3>Sandarinimo efektyvumas<\/h3>\n<p>Efektyvus sandarinimas yra gyvybi\u0161kai svarbus siekiant i\u0161vengti hidraulinio skys\u010dio nuot\u0117kio, kuris gali pakenkti sistemos efektyvumui. Sandarinimo med\u017eiag\u0173, toki\u0173 kaip poliuretanas ir nitrilo kau\u010diukas, pasirinkimas daro didel\u0119 \u012ftak\u0105 cilindro ilgaam\u017ei\u0161kumui ir veikimui. Tinkamas sandarinimas u\u017etikrina optimal\u0173 hidraulinio sl\u0117gio i\u0161laikym\u0105, pagerindamas bendr\u0105 ma\u0161inos funkcionalum\u0105.<\/p>\n<h3>Patvarumas ir saugumas<\/h3>\n<p>Patvarumas yra labai svarbus aspektas, nes str\u0117l\u0117s cilindrai da\u017enai veikia at\u0161iauriomis s\u0105lygomis. Auk\u0161tos kokyb\u0117s med\u017eiagos ir apgalvotas dizainas gali prailginti cilindr\u0173 tarnavimo laik\u0105, suma\u017einant da\u017eno keitimo poreik\u012f. Be to, siekiant i\u0161vengti nelaiming\u0173 atsitikim\u0173 eksploatacijos metu, turi b\u016bti integruotos saugos funkcijos, tokios kaip sl\u0117gio ma\u017einimo vo\u017etuvai.<\/p>\n<p><img decoding=\"async\" src=\"https:\/\/www.hydraulic-cylinders.net\/wp-content\/uploads\/2025\/04\/songte-oil-pipes-and-spare-parts.webp\" alt=\"Hidrauliniai vamzd\u017eiai ir atsargin\u0117s dalys\" \/><\/p>\n<h2>Hidraulinio cilindro sandarinimas ir tepimas<\/h2>\n<p>\u012evairi\u0173 sandarikli\u0173, toki\u0173 kaip st\u016bmokli\u0173 ir kot\u0173 sandarikliai, naudojimas yra labai svarbus siekiant u\u017etikrinti hidraulin\u0117s sistemos efektyvum\u0105. Sandarikliai, pagaminti i\u0161 atspari\u0173 dilimui med\u017eiag\u0173, toki\u0173 kaip poliuretanas ir nitrilo kau\u010diukas, padeda palaikyti sl\u0117g\u012f ir i\u0161vengti nuot\u0117ki\u0173. Cilindro korpusas ir srieginiai galiniai pavir\u0161iai yra kruop\u0161\u010diai apdirbti, kad padid\u0117t\u0173 j\u0173 ilgaam\u017ei\u0161kumas, o norint u\u017etikrinti skland\u0173 sistemos veikim\u0105, b\u016btina reguliariai \u012fpilti hidraulin\u0117s alyvos tepimui. Tinkamas tepimas ne tik u\u017etikrina efektyv\u0173 veikim\u0105, bet ir pailgina cilindro tarnavimo laik\u0105, suma\u017eindamas vidini\u0173 komponent\u0173 susid\u0117v\u0117jim\u0105.<\/p>\n<h2>Reguliarios prie\u017ei\u016bros priemon\u0117s<\/h2>\n<ul>\n<li><strong>\u012eprastiniai patikrinimai:<\/strong> Reguliar\u016bs patikrinimai yra labai svarb\u016bs norint nustatyti galimas problemas ir palaikyti hidraulin\u0117s sistemos vientisum\u0105. Operatoriai tur\u0117t\u0173 reguliariai tikrinti, ar n\u0117ra nuot\u0117ki\u0173, ne\u012fprast\u0173 gars\u0173 ar na\u0161umo poky\u010di\u0173, kurie gali rodyti pagrindines problemas.<\/li>\n<li><strong>Tinkamas tepimas:<\/strong> Tinkamas tepimo lygis yra gyvybi\u0161kai svarbus norint suma\u017einti judan\u010di\u0173 dali\u0173 trint\u012f ir nusid\u0117v\u0117jim\u0105. Operatoriai tur\u0117t\u0173 u\u017etikrinti, kad b\u016bt\u0173 naudojama tinkamo tipo hidraulin\u0117 alyva ir tinkamas jos kiekis, laikantis gamintojo nurodym\u0173.<\/li>\n<li><strong>Sandariklio keitimo ir kalibravimo patikrinimai:<\/strong> Tarpikliai tur\u0117t\u0173 b\u016bti reguliariai kei\u010diami, atsi\u017evelgiant \u012f ap\u017ei\u016br\u0173 metu pasteb\u0117tus nusid\u0117v\u0117jimo modelius. Kalibravimo patikrinimai u\u017etikrina, kad cilindras veikt\u0173 pagal numatytas specifikacijas, ir taip b\u016bt\u0173 i\u0161vengta gedim\u0173 eksploatacijos metu.<\/li>\n<\/ul>\n<h2>\u012erengimo gair\u0117s<\/h2>\n<p>Tinkamas str\u0117l\u0117s cilindro montavimas yra b\u016btinas optimaliam veikimui. Prie\u0161 montuodami pirmiausia \u012fsitikinkite, kad visi komponentai yra \u0161var\u016bs ir be ter\u0161al\u0173. Montavimo metu labai svarbu tinkamai sulygiuoti cilindr\u0105, kad b\u016bt\u0173 i\u0161vengta nesuderinamumo, kuris gali sukelti prie\u0161laikin\u012f susid\u0117v\u0117jim\u0105 ar gedim\u0105. Naudokite tinkamus tvirtinimo laikiklius, kad pritvirtintum\u0117te cilindr\u0105 vietoje ir i\u0161vengtum\u0117te jud\u0117jimo eksploatacijos metu. \u012erengus cilindr\u0105, prie\u0161 pradedant j\u012f eksploatuoti, j\u012f reikia patikrinti, ar n\u0117ra nuot\u0117ki\u0173 ir ar jis tinkamai veikia. Reguliariai tikrinkite montavim\u0105, kad \u012fsitikintum\u0117te, jog jis nepasislinko ar neatsilaisvino naudojimo metu.<\/p>\n<p><img decoding=\"async\" src=\"https:\/\/www.hydraulic-cylinders.net\/wp-content\/uploads\/2025\/04\/songte-chushion-collar.webp\" alt=\"Pagalv\u0117l\u0117s apykakl\u0117\" \/><\/p>\n<h2>Saugos aspektai ir aplinkos veiksniai<\/h2>\n<p>Naudojant str\u0117l\u0117s cilindrus, saugos priemon\u0117s yra nepaprastai svarbios. Operatoriai turi b\u016bti apmokyti saugaus darbo praktikos, \u012fskaitant su hidraulin\u0117mis sistemomis susijusi\u0173 pavoj\u0173 atpa\u017einim\u0105. Tinkamas elgesys su \u012franga ir reguliari prie\u017ei\u016bra gali suma\u017einti su hidraulinio skys\u010dio nuot\u0117kiais susijusi\u0105 rizik\u0105, kuri gali kelti pavoj\u0173 aplinkai. Operatoriai visada turi d\u0117v\u0117ti tinkamas asmenines apsaugos priemones (AAP) ir u\u017etikrinti, kad darbo zonoje neb\u016bt\u0173 kli\u016b\u010di\u0173, kad b\u016bt\u0173 i\u0161vengta nelaiming\u0173 atsitikim\u0173 darbo metu.<\/p>\n<h2>Gedim\u0173 diagnostika ir da\u017eniausios problemos<\/h2>\n<ul>\n<li><strong>Nuot\u0117kis:<\/strong> Viena i\u0161 da\u017eniausi\u0173 hidraulini\u0173 cilindr\u0173 problem\u0173 yra nuot\u0117kis, da\u017enai d\u0117l susid\u0117v\u0117jusi\u0173 sandarikli\u0173 ar pa\u017eeist\u0173 komponent\u0173. Reguliar\u016bs patikrinimai gali pad\u0117ti anksti nustatyti nuot\u0117kius, o tai leid\u017eia laiku atlikti remont\u0105.<\/li>\n<li><strong>L\u0117tas arba nereaguojantis judesys:<\/strong> Jei cilindras l\u0117tai reaguoja arba nejuda taip, kaip tik\u0117tasi, tai gali reik\u0161ti \u017eem\u0105 hidraulinio skys\u010dio lyg\u012f arba sistemoje \u012fstrigusio oro. Greitas \u0161i\u0173 problem\u0173 sprendimas yra labai svarbus norint i\u0161laikyti veiklos efektyvum\u0105.<\/li>\n<li><strong>Perkaitimas:<\/strong> Perkaitimas gali \u012fvykti, jei hidraulinis skystis n\u0117ra tinkamai au\u0161inamas arba jei sistemoje yra per didel\u0117 trintis. Reguliarus technin\u0117s prie\u017ei\u016bros ir au\u0161inimo patikrinim\u0173 atlikimas gali pad\u0117ti i\u0161vengti \u0161ios problemos.<\/li>\n<\/ul>\n<h2>Trik\u010di\u0173 \u0161alinimo patarimai ir sprendimai<\/h2>\n<p>Nor\u0117dami efektyviai diagnozuoti ir i\u0161spr\u0119sti su str\u0117l\u0117s cilindrais susijusias problemas, operatoriai tur\u0117t\u0173 laikytis sisteming\u0173 trik\u010di\u0173 \u0161alinimo veiksm\u0173. Prad\u0117kite nuo skys\u010di\u0173 lygio patikrinimo ir ap\u017ei\u016bros, ar n\u0117ra akivaizd\u017ei\u0173 nuot\u0117ki\u0173. Jei pastebimas l\u0117tas jud\u0117jimas, i\u0161leiskite i\u0161 sistemos or\u0105. Jei kyla perkaitimo problem\u0173, \u012fsitikinkite, kad visos au\u0161inimo sistemos veikia tinkamai. Prevencin\u0117s priemon\u0117s, pvz., reguliari technin\u0117 prie\u017ei\u016bra ir greitas remontas, gali \u017eymiai suma\u017einti problem\u0173 tikimyb\u0119 ateityje.<\/p>\n<p><img decoding=\"async\" src=\"https:\/\/www.hydraulic-cylinders.net\/wp-content\/uploads\/2025\/04\/songte-bushings-with-all-kinds-of-excavator-models.webp\" alt=\"Ekskavatori\u0173 modeli\u0173 \u012fvor\u0117s\" \/><\/p>\n<h2>Apie m\u016bs\u0173 \u012fmon\u0119<\/h2>\n<p>Esame pirmaujantis pakaitini\u0173 hidraulini\u0173 cilindr\u0173 gamintojas, si\u016blantis plat\u0173 produkt\u0173 asortiment\u0105 tiek vidaus, tiek tarptautin\u0117se rinkose. M\u016bs\u0173 \u012fsipareigojimas siekti meistri\u0161kumo atsispindi m\u016bs\u0173 tobulose gamybos strategijose, kurios remiasi pa\u017eangia auk\u0161\u010diausios klas\u0117s skaitmenine \u012franga ir kokyb\u0117s kontrol\u0117s sistemomis. M\u016bs\u0173 kvalifikuota darbo j\u0117ga ir dideli gamybos paj\u0117gumai leid\u017eia mums patenkinti \u012fvairius klient\u0173 poreikius, u\u017etikrinant auk\u0161t\u0105 efektyvum\u0105, tikslum\u0105 ir kokyb\u0119. Mes teikiame pirmenyb\u0119 profesionaliam aptarnavimui, tarptautiniams sertifikatams ir individualiai pritaikytiems sprendimams, u\u017etikrindami, kad m\u016bs\u0173 klientai gaut\u0173 geriausius produktus, pritaikytus j\u0173 konkretiems poreikiams.<\/p>\n<p><img decoding=\"async\" src=\"https:\/\/www.hydraulic-cylinders.net\/wp-content\/uploads\/2025\/04\/songte-company-4.webp\" alt=\"\u012emon\u0117s paveiksl\u0117lis 1\" \/><br \/>\n<img decoding=\"async\" src=\"https:\/\/www.hydraulic-cylinders.net\/wp-content\/uploads\/2025\/04\/songte-company-3.webp\" alt=\"\u012emon\u0117s paveiksl\u0117lis 2\" \/><\/p>\n<p>Autorius: lyl<\/p>","protected":false},"excerpt":{"rendered":"<p>Boom Cylinder For Komatsu Small Excavator PC20-8 Definition and Overview of Bucket Cylinders A bucket cylinder is a specific type of hydraulic cylinder designed to control the movement of the bucket in various heavy machinery, such as excavators, backhoe loaders, and front loaders. It allows the bucket to lift, lower, and tilt, facilitating material handling [&hellip;]<\/p>","protected":false},"featured_media":17879,"comment_status":"open","ping_status":"closed","template":"","meta":{"_et_pb_use_builder":"","_et_pb_old_content":"","_et_gb_content_width":""},"product_brand":[],"product_cat":[1546],"product_tag":[1547,1496],"class_list":{"0":"post-18847","1":"product","2":"type-product","3":"status-publish","4":"has-post-thumbnail","6":"product_cat-boom-cylinders","7":"product_tag-boom-cylinders","8":"product_tag-hydraulic-cylinders","10":"first","11":"instock","12":"shipping-taxable","13":"product-type-simple"},"amp_enabled":true,"_links":{"self":[{"href":"https:\/\/www.hydraulic-cylinders.net\/lt\/wp-json\/wp\/v2\/product\/18847","targetHints":{"allow":["GET"]}}],"collection":[{"href":"https:\/\/www.hydraulic-cylinders.net\/lt\/wp-json\/wp\/v2\/product"}],"about":[{"href":"https:\/\/www.hydraulic-cylinders.net\/lt\/wp-json\/wp\/v2\/types\/product"}],"replies":[{"embeddable":true,"href":"https:\/\/www.hydraulic-cylinders.net\/lt\/wp-json\/wp\/v2\/comments?post=18847"}],"wp:featuredmedia":[{"embeddable":true,"href":"https:\/\/www.hydraulic-cylinders.net\/lt\/wp-json\/wp\/v2\/media\/17879"}],"wp:attachment":[{"href":"https:\/\/www.hydraulic-cylinders.net\/lt\/wp-json\/wp\/v2\/media?parent=18847"}],"wp:term":[{"taxonomy":"product_brand","embeddable":true,"href":"https:\/\/www.hydraulic-cylinders.net\/lt\/wp-json\/wp\/v2\/product_brand?post=18847"},{"taxonomy":"product_cat","embeddable":true,"href":"https:\/\/www.hydraulic-cylinders.net\/lt\/wp-json\/wp\/v2\/product_cat?post=18847"},{"taxonomy":"product_tag","embeddable":true,"href":"https:\/\/www.hydraulic-cylinders.net\/lt\/wp-json\/wp\/v2\/product_tag?post=18847"}],"curies":[{"name":"wp","href":"https:\/\/api.w.org\/{rel}","templated":true}]}}