{"id":18860,"date":"2025-04-07T05:59:07","date_gmt":"2025-04-07T05:59:07","guid":{"rendered":"https:\/\/www.hydraulic-cylinders.net\/product\/boom-cylinder-for-komatsu-large-excavator-pc270-c\/"},"modified":"2025-04-07T05:59:09","modified_gmt":"2025-04-07T05:59:09","slug":"boom-cylinder-for-komatsu-large-excavator-pc270-c","status":"publish","type":"product","link":"https:\/\/www.hydraulic-cylinders.net\/lt\/produktas\/boom-cylinder-for-komatsu-large-excavator-pc270-c\/","title":{"rendered":"Komatsu didelio ekskavatoriaus PC270-C str\u0117l\u0117s cilindras"},"content":{"rendered":"<h1>Komatsu didelio ekskavatoriaus PC270-C str\u0117l\u0117s cilindras<\/h1>\n<h2>\u012evadas \u012f str\u0117l\u0117s cilindr\u0105<\/h2>\n<p>Str\u0117l\u0117s cilindras yra gyvybi\u0161kai svarbus hidraulini\u0173 sistem\u0173 komponentas, daugiausia naudojamas sunkiosiose ma\u0161inose, tokiose kaip ekskavatoriai, ekskavatoriniai krautuvai ir frontaliniai krautuvai. \u0160is hidraulinis cilindras valdo str\u0117l\u0117s jud\u0117jim\u0105, leisdamas jai pakelti, nuleisti ir pakreipti kau\u0161\u0105, taip palengvindamas efektyv\u0173 med\u017eiag\u0173 tvarkym\u0105. Str\u0117l\u0117s cilindro veikimas yra labai svarbus bendram ekskavatoriaus funkcionalumui, nes leid\u017eia tiksliai atlikti kasimo ir k\u0117limo operacijas.<\/p>\n<p><img decoding=\"async\" src=\"https:\/\/www.hydraulic-cylinders.net\/wp-content\/uploads\/2025\/04\/songte-company-1.webp\" alt=\"Str\u0117l\u0117s cilindras\" \/><\/p>\n<h3>Apibr\u0117\u017eimas ir ap\u017evalga<\/h3>\n<p>Str\u0117l\u0117s cilindras yra hidraulinio cilindro tipas, specialiai sukurtas str\u0117l\u0117s jud\u0117jimui \u012fvairiose sunkiosiose ma\u0161inose. Jis paver\u010dia hidraulin\u0119 energij\u0105 mechanine energija, leisdamas operatoriams lengvai atlikti tokias u\u017eduotis kaip kasimas, k\u0117limas ir med\u017eiag\u0173 transportavimas. Hidraulin\u0117 sistema naudoja alyvos sl\u0117g\u012f cilindrui i\u0161skleisti ir \u012ftraukti, u\u017etikrindama skland\u0173 jud\u0117jim\u0105 ir patikim\u0105 veikim\u0105 net ir esant didel\u0117ms apkrovoms.<\/p>\n<h2>Str\u0117l\u0117s cilindro savyb\u0117s<\/h2>\n<ul>\n<li><strong>Didelis stiprumas ir ilgaam\u017ei\u0161kumas:<\/strong> \u0160ie cilindrai, pagaminti i\u0161 didelio stiprumo plieno arba aliuminio, gali atlaikyti auk\u0161t\u0105 sl\u0117g\u012f ir dideles apkrovas, tod\u0117l tinkami naudoti at\u0161iauriomis darbo s\u0105lygomis. J\u0173 konstrukcija atsi\u017evelg\u0117 \u012f atsparum\u0105 dilimui ir apsaug\u0105 nuo korozijos, taip pailginant j\u0173 tarnavimo laik\u0105.<\/li>\n<li><strong>Efektyvus hidraulinis valdymas:<\/strong> Str\u0117l\u0117s cilindras naudoja hidraulin\u0117s alyvos sl\u0117g\u012f, kad str\u0117l\u0117 skland\u017eiai i\u0161skleist\u0173 ir atitraukt\u0173 str\u0117l\u0119, tod\u0117l greitai reaguoja \u012f valdymo komandas ir u\u017etikrina tvirt\u0105 st\u016bmimo bei traukimo j\u0117g\u0105, b\u016btin\u0105 atliekant sunkias ir sud\u0117tingas u\u017eduotis.<\/li>\n<li><strong>\u012evair\u016bs tipai:<\/strong> \u0160ie cilindrai, tiekiami vienpusio veikimo (veikiantys viena kryptimi) arba dvipusio veikimo (veikiantys abiem kryptimis), atitinka \u012fvairius eksploatacinius poreikius. Kai kurie modeliai pasi\u017eymi teleskopin\u0117mis konstrukcijomis, kurios leid\u017eia didesn\u012f i\u0161pl\u0117tim\u0105 nedidinant i\u0161orini\u0173 matmen\u0173, tod\u0117l idealiai tinka naudoti ribotoje erdv\u0117je.<\/li>\n<li><strong>Individuali gamyba:<\/strong> Specializuojam\u0117s auk\u0161tos kokyb\u0117s str\u0117l\u0117s cilindr\u0173, kurie puikiai pakei\u010dia esamus hidraulinius cilindrus, gamyboje, u\u017etikrindami suderinamum\u0105 ir na\u0161um\u0105.<\/li>\n<\/ul>\n<p><img decoding=\"async\" src=\"https:\/\/www.hydraulic-cylinders.net\/wp-content\/uploads\/2025\/04\/songte-cylinder-head-with-all-kinds-excavator-models.webp\" alt=\"Hidraulini\u0173 cilindr\u0173 modeliai\" \/><\/p>\n<h2>Taikymo scenarijai<\/h2>\n<h3>Statybin\u0117 \u012franga<\/h3>\n<p>Ekskavatoriuose str\u0117l\u0117s cilindrai yra labai svarb\u016bs kasant, kraunant ir perkeliant grunt\u0105 ar \u0161iuk\u0161les. J\u0173 geb\u0117jimas i\u0161skleisti ir susitraukti leid\u017eia juos naudoti \u012fvairiai, tod\u0117l jie yra b\u016btini statybviet\u0117se, kur reikia atlikti \u017eem\u0117s kasimo darbus ir tvarkyti med\u017eiagas.<\/p>\n<h3>\u017dem\u0117s \u016bkio technika<\/h3>\n<p>Priekiniuose krautuvuose \u0161ie cilindrai naudojami dirvo\u017eemiui, \u0161ienui ir kitoms med\u017eiagoms semti, kelti ir transportuoti. Str\u0117l\u0117s cilindro hidraulinis veikimas suteikia reikiam\u0105 j\u0117g\u0105, kad u\u017eduotys b\u016bt\u0173 atliekamos efektyviai ir veiksmingai, taip prisidedant prie na\u0161umo \u017eem\u0117s \u016bkio aplinkoje.<\/p>\n<h3>Ekskavatoriai<\/h3>\n<p>Str\u0117l\u0117s cilindras leid\u017eia kasti kau\u0161\u0105, leisdamas jam \u012fsiskverbti \u012f dirv\u0105. \u0160i funkcija yra labai svarbi atliekant \u017eem\u0117s kasimo darbus, u\u017etikrinant, kad operatoriai gal\u0117t\u0173 pasiekti norim\u0105 gyl\u012f ir tikslum\u0105 \u0161alindami dirv\u0105.<\/p>\n<h3>Krautuvai<\/h3>\n<p>Priekiniuose krautuvuose str\u0117l\u0117s cilindrai padeda kelti ir i\u0161versti med\u017eiagas, taip padidindami darbo efektyvum\u0105. Tvirta j\u0173 konstrukcija u\u017etikrina, kad jie gali susidoroti su sunkiais kroviniais nepakenkdami na\u0161umui.<\/p>\n<h2>Projektavimo aspektai ir atrankos kriterijai<\/h2>\n<h3>Keliamoji galia<\/h3>\n<p>Str\u0117l\u0117s cilindro keliamoji galia yra vienas i\u0161 svarbiausi\u0173 veiksni\u0173, \u012f kuriuos reikia atsi\u017evelgti projektuojant. Jis turi b\u016bti suprojektuotas taip, kad atlaikyt\u0173 maksimal\u0173 svor\u012f, su kuriuo susidurs eksploatacijos metu. Tam reikia atlikti i\u0161sami\u0105 analiz\u0119 ir bandymus, siekiant u\u017etikrinti saug\u0105 ir patikimum\u0105 visomis darbo s\u0105lygomis.<\/p>\n<h3>Sandarinimas<\/h3>\n<p>Efektyvus sandarinimas yra gyvybi\u0161kai svarbus siekiant i\u0161vengti hidraulinio skys\u010dio nuot\u0117kio, kuris gali suma\u017einti efektyvum\u0105 ir sukelti gedimus. Naudojant auk\u0161tos kokyb\u0117s sandariklius, tokius kaip poliuretanas arba nitrilo kau\u010diukas, u\u017etikrinamas optimalus cilindro sl\u0117gis ir veikimas. Sandarikliai turi b\u016bti parenkami atsi\u017evelgiant \u012f suderinamum\u0105 su hidrauliniu skys\u010diu ir aplinkos s\u0105lygomis.<\/p>\n<h3>Patvarumas<\/h3>\n<p>Projektuojant str\u0117l\u0117s cilindrus, j\u0173 ilgaam\u017ei\u0161kumas yra labai svarbus, nes jie veikia sud\u0117tingomis s\u0105lygomis. Tokie veiksniai kaip atsparumas dilimui, apsauga nuo korozijos ir med\u017eiagos stiprumas vaidina svarb\u0173 vaidmen\u012f u\u017etikrinant, kad cilindras atlaikyt\u0173 at\u0161iaurias s\u0105lygas ir patikimai veikt\u0173 laikui b\u0117gant.<\/p>\n<h3>Saugumas<\/h3>\n<p>Projektuojant hidraulines sistemas, saugumas yra svarbiausias dalykas. Str\u0117l\u0117s cilindruose tur\u0117t\u0173 b\u016bti saugos \u012ftaisai, tokie kaip sl\u0117gio ma\u017einimo vo\u017etuvai, ir tvirta konstrukcija, kad b\u016bt\u0173 i\u0161vengta katastrofi\u0161k\u0173 gedim\u0173. Reguliarus techninis aptarnavimas ir patikrinimai taip pat yra labai svarb\u016bs siekiant u\u017etikrinti, kad saugos standartai b\u016bt\u0173 laikomasi vis\u0105 cilindro eksploatavimo laik\u0105.<\/p>\n<h3>Prie\u017ei\u016bra<\/h3>\n<p>Projektavimo etape reikia atsi\u017evelgti \u012f technin\u0117s prie\u017ei\u016bros aspektus. Tai apima funkcijas, kurios leid\u017eia lengvai pasiekti komponentus techninei prie\u017ei\u016brai, taip pat \u012f susid\u0117vin\u010dias dalis, kurias gali reik\u0117ti reguliariai keisti. Gerai suprojektuotas str\u0117l\u0117s cilindras supaprastins technin\u0117s prie\u017ei\u016bros u\u017eduotis ir padidins bendr\u0105 veiklos efektyvum\u0105.<\/p>\n<p><img decoding=\"async\" src=\"https:\/\/www.hydraulic-cylinders.net\/wp-content\/uploads\/2025\/04\/songte-oil-pipes-and-spare-parts.webp\" alt=\"Naftos vamzd\u017eiai ir atsargin\u0117s dalys\" \/><\/p>\n<h2>Str\u0117l\u0117s cilindro sandarinimas ir tepimas<\/h2>\n<p>Tinkamas sandarinimas ir tepimas yra labai svarb\u016bs efektyviam str\u0117l\u0117s cilindr\u0173 veikimui. \u012evair\u016bs sandarinimo komponentai, tokie kaip st\u016bmokli\u0173 ir stryp\u0173 sandarikliai, yra b\u016btini siekiant i\u0161vengti hidraulinio skys\u010dio nuot\u0117kio. Pasirinkus patvarias med\u017eiagas, tokias kaip poliuretanas ir nitrilo kau\u010diukas, pailg\u0117ja sandarikli\u0173 tarnavimo laikas ir na\u0161umas.<\/p>\n<p>Cilindro korpusas ir srieginiai galai yra kruop\u0161\u010diai apdorojami, siekiant pagerinti atsparum\u0105 dilimui ir pailginti sandarikli\u0173 tarnavimo laik\u0105. Norint u\u017etikrinti skland\u0173 veikim\u0105 ir i\u0161vengti sandarikli\u0173 susid\u0117v\u0117jimo, b\u016btina reguliariai pri\u017ei\u016br\u0117ti, \u012fskaitant tepim\u0105 tinkama hidrauline alyva.<\/p>\n<h2>Prevencin\u0117s prie\u017ei\u016bros priemon\u0117s<\/h2>\n<ul>\n<li><strong>Reguliar\u016bs patikrinimai:<\/strong> Reguliariai tikrinti str\u0117l\u0117s cilindr\u0105, ar n\u0117ra susid\u0117v\u0117jimo, pa\u017eeidim\u0173 ar nuot\u0117ki\u0173 po\u017eymi\u0173, yra labai svarbu norint anksti nustatyti galimas problemas. Planiniai technin\u0117s prie\u017ei\u016bros patikrinimai gali pad\u0117ti nustatyti problemas, kol jos nesuk\u0117l\u0117 dideli\u0173 gedim\u0173.<\/li>\n<li><strong>Tepimas:<\/strong> Tinkamas hidraulinio cilindro sutepimas yra labai svarbus skland\u017eiam darbui. Reguliariai tikrinant ir papildant hidraulin\u0117s alyvos lyg\u012f, palaikomas cilindro veikimas ir i\u0161vengiama perkaitimo ar susid\u0117v\u0117jimo.<\/li>\n<li><strong>Sandariklio keitimas:<\/strong> Laikui b\u0117gant, sandarikliai gali susid\u0117v\u0117ti ir juos gali tekti keisti. Reguliariai tikrinant sandariklius, ar jie nepa\u017eeisti ar nesuir\u0119, ir kei\u010diant juos pagal poreik\u012f, u\u017etikrinamas hidraulin\u0117s sistemos sandarumas ir efektyvumas.<\/li>\n<\/ul>\n<h2>\u012erengimo gair\u0117s<\/h2>\n<p>Str\u0117l\u0117s cilindro montavimas reikalauja tikslumo ir kruop\u0161tumo, kad b\u016bt\u0173 u\u017etikrintas optimalus veikimas. Prad\u0117kite nuo montavimo vietos paruo\u0161imo, u\u017etikrindami, kad ji b\u016bt\u0173 \u0161vari ir be \u0161iuk\u0161li\u0173. Tinkamai sulygiuokite cilindr\u0105 su tvirtinimo ta\u0161kais, naudodami atitinkamus tvirtinimo laikiklius, kad j\u012f pritvirtintum\u0117te.<\/p>\n<p>\u012esitikinkite, kad hidraulin\u0117s linijos yra tinkamai prijungtos, vengiant bet koki\u0173 susisukim\u0173 ar rauk\u0161li\u0173, kurie gal\u0117t\u0173 trukdyti skys\u010dio tek\u0117jimui. Po \u012frengimo atlikite i\u0161sam\u0173 patikrinim\u0105, kad \u012fsitikintum\u0117te, jog visi komponentai yra tvirti ir veikia taip, kaip numatyta. Galiausiai patikrinkite hidraulin\u0119 sistem\u0105, kad \u012fsitikintum\u0117te, jog cilindras veikia skland\u017eiai ir efektyviai.<\/p>\n<h2>\u012eprastos prie\u017ei\u016bros u\u017eduotys<\/h2>\n<ul>\n<li><strong>Reguliar\u016bs patikrinimai:<\/strong> Reguliariai tikrinkite str\u0117l\u0117s cilindr\u0105, ar n\u0117ra matom\u0173 susid\u0117v\u0117jimo ar pa\u017eeidimo po\u017eymi\u0173. Tai apima nuot\u0117ki\u0173, \u012ftr\u016bkim\u0173 ir kit\u0173 problem\u0173, galin\u010di\u0173 tur\u0117ti \u012ftakos na\u0161umui, paie\u0161k\u0105. Ankstyvas problem\u0173 nustatymas gali pad\u0117ti i\u0161vengti didesni\u0173 remonto darb\u0173 ateityje.<\/li>\n<li><strong>Tinkamas tepimas:<\/strong> \u012esitikinkite, kad cilindras yra tinkamai suteptas pagal gamintojo specifikacijas. Tai apima alyvos lygio patikrinim\u0105 ir tinkamo tipo hidraulin\u0117s alyvos naudojim\u0105. Tinkamas tepimas suma\u017eina trint\u012f ir nusid\u0117v\u0117jim\u0105, pailgindamas cilindro tarnavimo laik\u0105.<\/li>\n<li><strong>Sandariklio keitimas:<\/strong> Reguliariai tikrinkite sandariklius, ar jie nesusid\u0117v\u0117j\u0119. Pakeiskite juos pagal poreik\u012f, kad i\u0161laikytum\u0117te hidraulin\u0117s sistemos vientisum\u0105. Naudojant auk\u0161tos kokyb\u0117s pakaitinius sandariklius galima i\u0161vengti nuot\u0117ki\u0173 ir u\u017etikrinti efektyv\u0173 veikim\u0105.<\/li>\n<\/ul>\n<p>Montuodami \u012fsitikinkite, kad cilindras yra tinkamai sulygiuotas, kad i\u0161vengtum\u0117te per didelio komponent\u0173 \u012ftempimo. Tinkam\u0173 montavimo laikikli\u0173 naudojimas yra b\u016btinas norint saugiai pritvirtinti. Be to, nustatykite dali\u0173 tikrinimo, remonto ir keitimo tvark\u0105, kuri padidins bendr\u0105 str\u0117l\u0117s cilindro efektyvum\u0105 ir tarnavimo laik\u0105.<\/p>\n<p><img decoding=\"async\" src=\"https:\/\/www.hydraulic-cylinders.net\/wp-content\/uploads\/2025\/04\/songte-chushion-collar.webp\" alt=\"Pagalv\u0117l\u0117s apykakl\u0117\" \/><\/p>\n<h2>Saugos aspektai ir aplinkos veiksniai<\/h2>\n<p>Dirbant su hidraulin\u0117mis sistemomis, saugumas yra svarbiausias dalykas. Operatoriai tur\u0117t\u0173 b\u016bti apmokyti tinkamo elgesio su hidraulin\u0117mis sistemomis ir j\u0173 eksploatavimo proced\u016br\u0173, kad b\u016bt\u0173 kuo labiau suma\u017einta rizika. Atliekant technin\u0117s prie\u017ei\u016bros ir montavimo darbus, b\u016btina d\u0117v\u0117ti tinkamas asmenines apsaugos priemones (AAP). Be to, siekiant i\u0161vengti u\u017eter\u0161imo ir laikytis normini\u0173 standart\u0173, reikia valdyti aplinkos veiksnius, tokius kaip hidraulini\u0173 skys\u010di\u0173 i\u0161siliejimas.<\/p>\n<h2>Gedim\u0173 diagnostika ir da\u017eniausios problemos<\/h2>\n<ul>\n<li><strong>Nuot\u0117kis:<\/strong> Hidraulinio skys\u010dio nuot\u0117kis gali atsirasti d\u0117l susid\u0117v\u0117jusi\u0173 sandarikli\u0173 arba pa\u017eeist\u0173 \u017earn\u0173. D\u0117l to gali suma\u017e\u0117ti sl\u0117gis ir efektyvumas.<\/li>\n<li><strong>L\u0117tas veikimas:<\/strong> L\u0117tai reaguojantis cilindras gali rodyti \u017eem\u0105 hidraulinio skys\u010dio lyg\u012f arba hidraulinio siurblio problemas. Labai svarbu nedelsiant spr\u0119sti \u0161ias problemas, kad b\u016bt\u0173 u\u017etikrintas optimalus veikimas.<\/li>\n<li><strong>Ne\u012fprasti garsai:<\/strong> Tokie garsai kaip girg\u017ed\u0117jimas ar \u0161nyp\u0161timas gali rodyti vidini\u0173 komponent\u0173 susid\u0117v\u0117jim\u0105 arba or\u0105 hidraulin\u0117je sistemoje, \u012f kuriuos reikia nedelsiant atkreipti d\u0117mes\u012f.<\/li>\n<\/ul>\n<p>Ankstyvas \u0161i\u0173 problem\u0173 nustatymas gali pad\u0117ti suma\u017einti didel\u0119 \u017eal\u0105 ir brang\u0173 remont\u0105. Reguliarus techninis aptarnavimas ir patikrinimai yra labai svarb\u016bs siekiant u\u017ekirsti keli\u0105 \u0161ioms da\u017enoms problemoms.<\/p>\n<h2>Trik\u010di\u0173 \u0161alinimo patarimai<\/h2>\n<p>Norint efektyviai pa\u0161alinti da\u017eniausiai pasitaikan\u010dias str\u0117l\u0117s cilindr\u0173 problemas, b\u016btina laikytis sistemingo po\u017ei\u016brio. Jei aptinkamas nuot\u0117kis, patikrinkite visus sandariklius ir \u017earnas, ar jie nepa\u017eeisti ar nesusid\u0117v\u0117j\u0119; sugedusi\u0173 komponent\u0173 pakeitimas gali i\u0161spr\u0119sti problem\u0105. Jei siurblys veikia l\u0117tai, patikrinkite hidraulinio skys\u010dio lyg\u012f ir \u012fsitikinkite, kad siurblys veikia tinkamai.<\/p>\n<p>Ne\u012fprast\u0173 gars\u0173 nereik\u0117t\u0173 ignoruoti. I\u0161tirkite triuk\u0161mo \u0161altin\u012f, patikrinkite, ar n\u0117ra vidini\u0173 komponent\u0173 susid\u0117v\u0117jimo po\u017eymi\u0173. \u012egyvendinkite prevencines priemones, pvz., \u012fprastin\u0119 technin\u0119 prie\u017ei\u016br\u0105, kad suma\u017eintum\u0117te galimas problemas ir pailgintum\u0117te hidraulin\u0117s sistemos tarnavimo laik\u0105.<\/p>\n<p><img decoding=\"async\" src=\"https:\/\/www.hydraulic-cylinders.net\/wp-content\/uploads\/2025\/04\/songte-bushings-with-all-kinds-of-excavator-models.webp\" alt=\"\u012evor\u0117s su ekskavatori\u0173 modeliais\" \/><\/p>\n<h2>Apie m\u016bs\u0173 \u012fmon\u0119<\/h2>\n<p>Esame pirmaujantis atsargini\u0173 hidraulini\u0173 cilindr\u0173 gamintojas ir didmeninis platintojas, pripa\u017eintas d\u0117l plataus gamini\u0173 asortimento. M\u016bs\u0173 \u012fsipareigojim\u0105 siekti nepriekai\u0161tingos kokyb\u0117s palaiko patobulinta gamybos valdymo strategija. Investuojame \u012f techninius specialistus ir auk\u0161\u010diausios klas\u0117s skaitmenin\u0119 gamybos \u012frang\u0105, kad nuolat tobulintume savo gamybos platformas.<\/p>\n<p>M\u016bs\u0173 grie\u017etos bandym\u0173 sistemos u\u017etikrina, kad kiekvienas produktas atitikt\u0173 grie\u017etus kokyb\u0117s standartus. Tur\u0117dami didel\u012f inovacij\u0173 potencial\u0105 ir daugiausia d\u0117mesio skirdami dideliam efektyvumui, tikslumui ir kokybei, siekiame patenkinti \u012fvairius savo klient\u0173 poreikius. M\u016bs\u0173 tarptautiniai sertifikatai sustiprina m\u016bs\u0173 \u012fsipareigojim\u0105 kokybei ir patikimumui.<\/p>\n<p>Taip pat si\u016blome individualius sprendimus, pritaikytus konkretiems pramon\u0117s poreikiams, u\u017etikrindami, kad m\u016bs\u0173 klientai gaut\u0173 produktus, atitinkan\u010dius j\u0173 tikslius poreikius. M\u016bs\u0173 pa\u017eangios gamybos \u012fmon\u0117s yra \u012frengtos taip, kad gal\u0117t\u0173 apdoroti \u012fvairaus masto gamyb\u0105, o specializuotas garantinio aptarnavimo paslaugas teikiame klient\u0173 pasitenkinim\u0105 ir palaikym\u0105.<\/p>\n<p><img decoding=\"async\" src=\"https:\/\/www.hydraulic-cylinders.net\/wp-content\/uploads\/2025\/04\/songte-company-4.webp\" alt=\"\u012emon\u0117s ap\u017evalga\" \/><br \/>\n<img decoding=\"async\" src=\"https:\/\/www.hydraulic-cylinders.net\/wp-content\/uploads\/2025\/04\/songte-company-3.webp\" alt=\"\u012emon\u0117s patalpos\" \/><\/p>\n<p>Autorius: lyl<\/p>","protected":false},"excerpt":{"rendered":"<p>Boom Cylinder For Komatsu Large Excavator PC270-C Introduction to Boom Cylinder The boom cylinder is a vital component of hydraulic systems, primarily used in heavy machinery such as excavators, backhoe loaders, and front loaders. This hydraulic cylinder controls the boom&#8217;s movement, allowing it to lift, lower, and tilt the bucket, facilitating efficient material handling tasks. [&hellip;]<\/p>","protected":false},"featured_media":17877,"comment_status":"open","ping_status":"closed","template":"","meta":{"_et_pb_use_builder":"","_et_pb_old_content":"","_et_gb_content_width":""},"product_brand":[],"product_cat":[1546],"product_tag":[1547,1496],"class_list":{"0":"post-18860","1":"product","2":"type-product","3":"status-publish","4":"has-post-thumbnail","6":"product_cat-boom-cylinders","7":"product_tag-boom-cylinders","8":"product_tag-hydraulic-cylinders","10":"first","11":"instock","12":"shipping-taxable","13":"product-type-simple"},"amp_enabled":true,"_links":{"self":[{"href":"https:\/\/www.hydraulic-cylinders.net\/lt\/wp-json\/wp\/v2\/product\/18860","targetHints":{"allow":["GET"]}}],"collection":[{"href":"https:\/\/www.hydraulic-cylinders.net\/lt\/wp-json\/wp\/v2\/product"}],"about":[{"href":"https:\/\/www.hydraulic-cylinders.net\/lt\/wp-json\/wp\/v2\/types\/product"}],"replies":[{"embeddable":true,"href":"https:\/\/www.hydraulic-cylinders.net\/lt\/wp-json\/wp\/v2\/comments?post=18860"}],"wp:featuredmedia":[{"embeddable":true,"href":"https:\/\/www.hydraulic-cylinders.net\/lt\/wp-json\/wp\/v2\/media\/17877"}],"wp:attachment":[{"href":"https:\/\/www.hydraulic-cylinders.net\/lt\/wp-json\/wp\/v2\/media?parent=18860"}],"wp:term":[{"taxonomy":"product_brand","embeddable":true,"href":"https:\/\/www.hydraulic-cylinders.net\/lt\/wp-json\/wp\/v2\/product_brand?post=18860"},{"taxonomy":"product_cat","embeddable":true,"href":"https:\/\/www.hydraulic-cylinders.net\/lt\/wp-json\/wp\/v2\/product_cat?post=18860"},{"taxonomy":"product_tag","embeddable":true,"href":"https:\/\/www.hydraulic-cylinders.net\/lt\/wp-json\/wp\/v2\/product_tag?post=18860"}],"curies":[{"name":"wp","href":"https:\/\/api.w.org\/{rel}","templated":true}]}}