{"id":18867,"date":"2025-04-07T05:59:24","date_gmt":"2025-04-07T05:59:24","guid":{"rendered":"https:\/\/www.hydraulic-cylinders.net\/product\/boom-cylinder-for-komatsu-large-excavator-pc850se-8\/"},"modified":"2025-04-07T05:59:26","modified_gmt":"2025-04-07T05:59:26","slug":"boom-cylinder-for-komatsu-large-excavator-pc850se-8","status":"publish","type":"product","link":"https:\/\/www.hydraulic-cylinders.net\/lt\/produktas\/boom-cylinder-for-komatsu-large-excavator-pc850se-8\/","title":{"rendered":"Komatsu didelio ekskavatoriaus PC850SE-8 str\u0117l\u0117s cilindras"},"content":{"rendered":"<h1>Komatsu didelio ekskavatoriaus PC850SE-8 str\u0117l\u0117s cilindras<\/h1>\n<h2>Str\u0117l\u0117s cilindro supratimas<\/h2>\n<p>Str\u0117l\u0117s cilindras yra gyvybi\u0161kai svarbus hidraulini\u0173 sistem\u0173 komponentas, ypa\u010d dideliuose ekskavatoriuose, tokiuose kaip \u201eKomatsu PC850SE-8\u201c. \u0160is hidraulinis cilindras specializuojasi str\u0117l\u0117s svirties jud\u0117jimo valdyme, leisdamas operatoriui efektyviai pakelti, nuleisti ir pakreipti str\u0117l\u0119. Jis atlieka labai svarb\u0173 vaidmen\u012f med\u017eiag\u0173 tvarkymo u\u017eduotyse, tod\u0117l yra nepakei\u010diamas \u012fvairiems statybos ir kasimo darbams.<\/p>\n<p>Str\u0117l\u0117s cilindras suprojektuotas taip, kad atlaikyt\u0173 auk\u0161t\u0105 sl\u0117g\u012f ir dideles apkrovas, u\u017etikrindamas patikim\u0105 veikim\u0105 net ir sud\u0117tingiausiomis darbo s\u0105lygomis. Pagamintas i\u0161 didelio stiprumo med\u017eiag\u0173, jis padidina sunkiosios technikos patvarum\u0105, u\u017etikrindamas, kad darbai, kuriems reikalingi tiksl\u016bs ir galingi judesiai, b\u016bt\u0173 atliekami nepriekai\u0161tingai.<\/p>\n<p><img decoding=\"async\" src=\"https:\/\/www.hydraulic-cylinders.net\/wp-content\/uploads\/2025\/04\/songte-company-1.webp\" alt=\"Str\u0117l\u0117s cilindro vaizdas\"><\/p>\n<h2>Str\u0117l\u0117s cilindro savyb\u0117s<\/h2>\n<ul>\n<li>\n<h3>Didelis stiprumas ir ilgaam\u017ei\u0161kumas<\/h3>\n<p>Pagamintas i\u0161 didelio stiprumo plieno arba aliuminio, str\u0117l\u0117s cilindras yra suprojektuotas taip, kad atlaikyt\u0173 didel\u012f sl\u0117g\u012f ir dideles apkrovas. Jo konstrukcija u\u017etikrina atsparum\u0105 dilimui ir apsaug\u0105 nuo korozijos, o tai \u017eymiai pailgina jo eksploatavimo laik\u0105.<\/p>\n<\/li>\n<li>\n<h3>Efektyvus hidraulinis valdymas<\/h3>\n<p>\u0160is cilindras naudoja hidraulin\u0117s alyvos sl\u0117g\u012f, kad i\u0161pl\u0117timas ir \u012ftraukimas b\u016bt\u0173 skland\u016bs ir greitai reaguojantys. Jis sukuria dideles st\u016bmimo ir traukimo j\u0117gas, tod\u0117l idealiai tinka sunkiems k\u0117limo darbams ir sud\u0117tingiems eksploatavimo i\u0161\u0161\u016bkiams.<\/p>\n<\/li>\n<li>\n<h3>\u012evair\u016bs tipai<\/h3>\n<p>Klientai gali rinktis i\u0161 vienpusio veikimo (veikian\u010di\u0173 viena kryptimi) ir dvipusio veikimo (veikian\u010di\u0173 abiem kryptimis) cilindr\u0173, atsi\u017evelgdami \u012f savo konkre\u010dius poreikius. Kai kurie modeliai leid\u017eia naudoti teleskopinius prailginimus, kurie leid\u017eia pasiekti didesn\u012f atstum\u0105 nedidinant i\u0161orini\u0173 matmen\u0173, tod\u0117l puikiai tinka ank\u0161toms erdv\u0117ms.<\/p>\n<\/li>\n<\/ul>\n<p>Did\u017eiuojam\u0117s savo gamybos paj\u0117gumais gaminti \u0161\u012f produkt\u0105, puikiai pakei\u010diant\u012f esamus hidraulinius cilindrus.<\/p>\n<p><img decoding=\"async\" src=\"https:\/\/www.hydraulic-cylinders.net\/wp-content\/uploads\/2025\/04\/songte-cylinder-head-with-all-kinds-excavator-models.webp\" alt=\"Ekskavatori\u0173 modeliai\"><\/p>\n<h2>Str\u0117l\u0117s cilindro pritaikymas<\/h2>\n<ul>\n<li>\n<h3>Statybin\u0117 \u012franga<\/h3>\n<p>Ekskavatoriuose str\u0117l\u0117s cilindrai yra b\u016btini kasant, kraunant ir transportuojant grunt\u0105 ar \u0161iuk\u0161les. Jie leid\u017eia str\u0117lei atlikti \u012fvairius judesius, reikalingus kasimo darbams, tod\u0117l jie yra labai svarb\u016bs statybviet\u0117se.<\/p>\n<\/li>\n<li>\n<h3>\u017dem\u0117s \u016bkio technika<\/h3>\n<p>Priekiniuose krautuvuose str\u0117l\u0117s cilindrai palengvina dirvo\u017eemio, \u0161ieno ir kit\u0173 med\u017eiag\u0173 s\u0117mim\u0105, k\u0117lim\u0105 ir transportavim\u0105. J\u0173 funkcija padidina na\u0161um\u0105 \u017eem\u0117s \u016bkio aplinkoje, leisdama efektyviai tvarkyti med\u017eiagas.<\/p>\n<\/li>\n<li>\n<h3>Ekskavatoriai<\/h3>\n<p>Str\u0117l\u0117s cilindrai leid\u017eia ekskavatoriaus kau\u0161ui \u012fsiskverbti \u012f dirv\u0105, kad b\u016bt\u0173 galima efektyviai atlikti kasimo darbus. J\u0173 konstrukcija u\u017etikrina, kad grie\u017etos kasimo u\u017eduotys b\u016bt\u0173 atliekamos tiksliai ir galingai, taip padidinant bendr\u0105 na\u0161um\u0105.<\/p>\n<\/li>\n<li>\n<h3>Krautuvai<\/h3>\n<p>Priekiniuose krautuvuose str\u0117l\u0117s cilindrai padeda efektyviai pakelti ir i\u0161versti krovinius. J\u0173 na\u0161umas yra labai svarbus atliekant operacijas, kurioms reikia perkelti med\u017eiagas, tod\u0117l jie yra nepakei\u010diami \u012fvairiose pramon\u0117s \u0161akose.<\/p>\n<\/li>\n<\/ul>\n<h2>Projektavimo aspektai ir atrankos kriterijai<\/h2>\n<ul>\n<li>\n<h3>Keliamoji galia<\/h3>\n<p>Str\u0117l\u0117s cilindro keliamoji galia yra pagrindinis aspektas, nes ji lemia, kiek svorio cilindras gali atlaikyti eksploatacijos metu. Gamintojai turi u\u017etikrinti, kad cilindras atitikt\u0173 arba vir\u0161yt\u0173 sunkiosios technikos reikalavimus, kad b\u016bt\u0173 i\u0161vengta gedim\u0173 atliekant didelio \u012ftempio u\u017eduotis. In\u017einieriai da\u017enai atlieka grie\u017etus bandymus, kad u\u017etikrint\u0173 cilindro vientisum\u0105 esant \u012fvairioms apkrovoms.<\/p>\n<\/li>\n<li>\n<h3>Sandarinimo kokyb\u0117<\/h3>\n<p>Efektyvus sandarinimas yra gyvybi\u0161kai svarbus hidrauliniams cilindrams, siekiant i\u0161laikyti sl\u0117g\u012f ir i\u0161vengti nuot\u0117ki\u0173. Auk\u0161tos kokyb\u0117s sandarikliai, tokie kaip st\u016bmokli\u0173 ir kot\u0173 sandarikliai, pagaminti i\u0161 patvari\u0173 med\u017eiag\u0173, toki\u0173 kaip poliuretanas arba nitrilo kau\u010diukas, u\u017etikrina, kad hidraulinis skystis likt\u0173 sandarus. Tinkamas sandarinimas padidina cilindro efektyvum\u0105 ir tarnavimo laik\u0105, suma\u017eindamas prie\u017ei\u016bros poreik\u012f.<\/p>\n<\/li>\n<li>\n<h3>Patvarumas<\/h3>\n<p>Str\u0117l\u0117s cilindrams ilgaam\u017ei\u0161kumas yra labai svarbus, nes jie veikia at\u0161iauriomis s\u0105lygomis. Gamyboje naudojamos med\u017eiagos turi b\u016bti atsparios dilimui ir korozijai. Reguliar\u016bs gamybos proceso metu atliekami vertinimai padeda u\u017etikrinti, kad cilindrai atlaikyt\u0173 statybos ir \u017eem\u0117s \u016bkio darb\u0173 sunkumus.<\/p>\n<\/li>\n<li>\n<h3>Saugos funkcijos<\/h3>\n<p>Saugos mechanizmai yra b\u016btini siekiant i\u0161vengti nelaiming\u0173 atsitikim\u0173 ir u\u017etikrinti saug\u0173 eksploatavim\u0105. Tokios funkcijos kaip apsauga nuo perkrovos ir sl\u0117gio ma\u017einimo vo\u017etuvai gali pad\u0117ti i\u0161vengti katastrofi\u0161k\u0173 gedim\u0173. Projektuojant atsi\u017evelgiant \u012f saugum\u0105, suma\u017einama su hidraulin\u0117mis ma\u0161inomis susijusi rizika.<\/p>\n<\/li>\n<li>\n<h3>Prieinamumas prie prie\u017ei\u016bros<\/h3>\n<p>Labai svarbu projektuoti atsi\u017evelgiant \u012f technin\u0119 prie\u017ei\u016br\u0105. Galimyb\u0117 lengvai pasiekti sandariklius ir hidraulines linijas u\u017etikrina, kad \u012fprastinius patikrinimus b\u016bt\u0173 galima atlikti be didelio i\u0161montavimo. Toks prieinamumas skatina savalaikius technin\u0117s prie\u017ei\u016bros darbus, o tai galiausiai pailgina cilindro eksploatavimo laik\u0105.<\/p>\n<\/li>\n<\/ul>\n<p><img decoding=\"async\" src=\"https:\/\/www.hydraulic-cylinders.net\/wp-content\/uploads\/2025\/04\/songte-oil-pipes-and-spare-parts.webp\" alt=\"Naftos vamzd\u017eiai ir atsargin\u0117s dalys\"><\/p>\n<h2>Sandarinimas ir tepimas<\/h2>\n<p>Efektyvus sandarinimas ir tepimas yra nepaprastai svarb\u016bs str\u0117l\u0117s cilindro ilgaam\u017ei\u0161kumui ir na\u0161umui u\u017etikrinti. Hidraulini\u0173 sistem\u0173 vientisumui u\u017etikrinti naudojami \u012fvairi\u0173 tip\u0173 sandarikliai, pavyzd\u017eiui, st\u016bmokli\u0173 ir stryp\u0173 sandarikliai. Sandarikliai, pagaminti i\u0161 atspari\u0173 dilimui med\u017eiag\u0173, toki\u0173 kaip poliuretanas ir nitrilo kau\u010diukas, yra b\u016btini norint i\u0161laikyti auk\u0161t\u0105 na\u0161um\u0105 ir i\u0161vengti nuot\u0117ki\u0173.<\/p>\n<p>Cilindro korpusas ir srieginiai galiniai pavir\u0161iai yra kruop\u0161\u010diai apdorojami, siekiant padidinti atsparum\u0105 dilimui, u\u017etikrinant, kad hidraulinis skystis likt\u0173 sandarus ir nei\u0161b\u0117gt\u0173 eksploatacijos metu. Be to, b\u016btina reguliariai tepti hidrauline alyva, kad suma\u017e\u0117t\u0173 judan\u010di\u0173 dali\u0173 trintis ir nusid\u0117v\u0117jimas. \u0160is tepimas paprastai atliekamas atliekant technin\u0117s prie\u017ei\u016bros patikrinimus ir yra gyvybi\u0161kai svarbus bendrai cilindro b\u016bklei ir veikimui.<\/p>\n<h2>Prevencin\u0117s prie\u017ei\u016bros priemon\u0117s<\/h2>\n<ul>\n<li>\n<h3>Reguliar\u016bs patikrinimai<\/h3>\n<p>Reguliariai tikrinti str\u0117l\u0117s cilindr\u0105 yra b\u016btina norint anksti nustatyti bet kokius susid\u0117v\u0117jimo ar pa\u017eeidimo po\u017eymius. \u012eprastiniai patikrinimai tur\u0117t\u0173 b\u016bti sutelkti \u012f sandariklius, hidraulines jungtis ir bendr\u0105 cilindro vientisum\u0105. Ankstyvas problem\u0173 nustatymas leid\u017eia laiku atlikti remont\u0105, o tai gali pad\u0117ti i\u0161vengti didesni\u0173 pa\u017eeidim\u0173 ir brangaus remonto.<\/p>\n<\/li>\n<li>\n<h3>Tinkamas tepimas<\/h3>\n<p>Labai svarbu palaikyti tinkam\u0105 tepimo lyg\u012f hidraulin\u0117je sistemoje. Operatoriai tur\u0117t\u0173 u\u017etikrinti, kad hidraulin\u0117s alyvos kiekis b\u016bt\u0173 papildytas pagal poreik\u012f ir kad naudojama alyva atitikt\u0173 gamintojo specifikacijas. Tinkamas tepimas suma\u017eina trint\u012f, pagerina na\u0161um\u0105 ir pailgina cilindro tarnavimo laik\u0105.<\/p>\n<\/li>\n<li>\n<h3>Sandariklio keitimas<\/h3>\n<p>Laikui b\u0117gant, sandarikliai gali susid\u0117v\u0117ti ir juos gali tekti keisti. Svarbu reguliariai tikrinti sandariklius, ar n\u0117ra susid\u0117v\u0117jimo po\u017eymi\u0173, o laiku juos pakeisti galima i\u0161vengti nuot\u0117ki\u0173 ir palaikyti hidraulin\u012f sl\u0117g\u012f. Sandarikli\u0173 keitimo grafiko, pagr\u012fsto darbo valandomis, \u012fgyvendinimas gali \u017eymiai padidinti patikimum\u0105.<\/p>\n<\/li>\n<\/ul>\n<p><img decoding=\"async\" src=\"https:\/\/www.hydraulic-cylinders.net\/wp-content\/uploads\/2025\/04\/songte-chushion-collar.webp\" alt=\"Pagalv\u0117l\u0117s apykakl\u0117\"><\/p>\n<h2>Saugos aspektai ir aplinkos veiksniai<\/h2>\n<p>Saugumo u\u017etikrinimo naudojant hidraulinius cilindrus negalima pervertinti. Operatoriai tur\u0117t\u0173 b\u016bti apmokyti atpa\u017einti galimus pavojus, susijusius su hidrauline \u012franga, \u012fskaitant nevaldom\u0173 judesi\u0173 ir hidraulinio skys\u010dio nuot\u0117kio rizik\u0105. Grie\u017et\u0173 saugos protokol\u0173 \u012fgyvendinimas eksploatavimo ir prie\u017ei\u016bros metu suma\u017eina \u0161i\u0105 rizik\u0105 ir skatina saugi\u0105 darbo aplink\u0105.<\/p>\n<h2>Da\u017eniausiai pasitaikan\u010di\u0173 problem\u0173 \u0161alinimas<\/h2>\n<ul>\n<li>\n<h3>Nuot\u0117kis<\/h3>\n<p>Hidraulinio skys\u010dio nuot\u0117kis yra da\u017ena problema, galinti reik\u0161ti sandariklio pa\u017eeidim\u0105 arba netinkam\u0105 montavim\u0105. \u0160i\u0105 problem\u0105 galima i\u0161spr\u0119sti patikrinus sandariklius ir jungtis, ar jie nesusid\u0117v\u0117j\u0119, ir \u012fsitikinus, kad visi komponentai tinkamai sumontuoti. Operatoriai tur\u0117t\u0173 reguliariai papildyti hidraulinio skys\u010dio lyg\u012f, kad i\u0161vengt\u0173 eksploatacini\u0173 gedim\u0173.<\/p>\n<\/li>\n<li>\n<h3>Nenuoseklus na\u0161umas<\/h3>\n<p>Jei str\u0117l\u0117s cilindras skland\u017eiai nei\u0161siple\u010dia arba nesusitraukia, tai gali rodyti or\u0105 hidraulin\u0117je sistemoje arba \u017eem\u0105 hidraulinio skys\u010dio lyg\u012f. Da\u017enai \u0161i\u0105 problem\u0105 galima i\u0161spr\u0119sti i\u0161leidus sistem\u0105, kad b\u016bt\u0173 pa\u0161alinti oro burbuliukai, ir u\u017etikrinant tinkam\u0105 skys\u010dio lyg\u012f.<\/p>\n<\/li>\n<li>\n<h3>Per didelis sl\u0117gis<\/h3>\n<p>Per didelis sl\u0117gis cilindre gali sukelti katastrofi\u0161k\u0173 gedim\u0173. Operatoriai tur\u0117t\u0173 steb\u0117ti sl\u0117gio lyg\u012f ir u\u017etikrinti, kad apsauginiai vo\u017etuvai veikt\u0173 tinkamai, kad b\u016bt\u0173 i\u0161vengta toki\u0173 atvej\u0173. Reguliariai tikrinti sl\u0117g\u012f ir vertinti sistem\u0105 yra labai svarbu.<\/p>\n<\/li>\n<\/ul>\n<p><img decoding=\"async\" src=\"https:\/\/www.hydraulic-cylinders.net\/wp-content\/uploads\/2025\/04\/songte-bushings-with-all-kinds-of-excavator-models.webp\" alt=\"Ekskavatori\u0173 modeli\u0173 \u012fvor\u0117s\"><\/p>\n<h2>Efektyvios diegimo gair\u0117s<\/h2>\n<p>Tinkamas str\u0117l\u0117s cilindro montavimas yra labai svarbus optimaliam veikimui. Pirmiausia \u012fsitikinkite, kad cilindras yra teisingai sulygiuotas su tvirtinimo laikikliais. Naudokite tinkamas tvirtinimo atramas, kad pritvirtintum\u0117te cilindr\u0105 ir i\u0161vengtum\u0117te nesuderinamumo darbo metu. \u012esitikinkite, kad visos hidraulin\u0117s linijos yra tvirtai prijungtos ir kad sandarikliai yra tinkamai sumontuoti, kad b\u016bt\u0173 i\u0161vengta nuot\u0117ki\u0173.<\/p>\n<p>\u012erengus sistem\u0105, b\u016btina i\u0161leisti i\u0161 jos or\u0105, kad b\u016bt\u0173 pa\u0161alintas visas \u012fstrig\u0119s oras. \u0160is procesas gali \u017eymiai pagerinti reagavim\u0105 ir efektyvum\u0105. Patikrinkite, ar hidraulinis skystis pripildytas iki rekomenduojamo lygio, ir patikrinkite, ar n\u0117ra nuot\u0117kio aplink sandariklius ir jungtis. Reguliarus \u012frengimo vientisumo steb\u0117jimas yra labai svarbus norint i\u0161laikyti na\u0161um\u0105.<\/p>\n<h2>\u012eprastos prie\u017ei\u016bros u\u017eduotys<\/h2>\n<ul>\n<li>\n<h3>Reguliar\u016bs patikrinimai<\/h3>\n<p>Reguliariai tikrinti str\u0117l\u0117s cilindr\u0105 yra labai svarbu norint anksti nustatyti susid\u0117v\u0117jim\u0105. Patikrinkite sandariklius, hidraulines linijas ir vis\u0105 cilindr\u0105, ar n\u0117ra koki\u0173 nors pa\u017eeidimo po\u017eymi\u0173. Reguliarus tikrinimo grafikas gali pad\u0117ti i\u0161laikyti eksploatacin\u012f patikimum\u0105.<\/p>\n<\/li>\n<li>\n<h3>Tinkamas tepimas<\/h3>\n<p>Tepimas turi b\u016bti atliekamas pagal gamintojo nurodymus. Norint i\u0161vengti per didelio susid\u0117v\u0117jimo ir u\u017etikrinti skland\u0173 veikim\u0105, b\u016btina naudoti tinkamo tipo hidraulin\u0119 alyv\u0105 ir palaikyti pakankam\u0105 jos lyg\u012f. Reguliariai tikrinkite alyvos lyg\u012f ir prireikus papildykite.<\/p>\n<\/li>\n<li>\n<h3>Sandariklio keitimas<\/h3>\n<p>Reguliariai tikrinti tarpiklius yra labai svarbu. Jei pastebimi koki\u0173 nors susid\u0117v\u0117jimo ar pa\u017eeidimo po\u017eymi\u0173, b\u016btina juos nedelsiant pakeisti, kad b\u016bt\u0173 i\u0161vengta nuot\u0117ki\u0173 ir palaikomas hidraulinis sl\u0117gis. Tarpikli\u0173 tikrinimo \u012ftraukimas \u012f technin\u0117s prie\u017ei\u016bros rutin\u0105 gali pailginti cilindro tarnavimo laik\u0105.<\/p>\n<\/li>\n<\/ul>\n<h2>\u012emon\u0117s ap\u017evalga<\/h2>\n<p>Esame pirmaujantis pakaitini\u0173 hidraulini\u0173 cilindr\u0173 gamintojas, si\u016blantis plat\u0173 gamini\u0173 asortiment\u0105, skirt\u0105 tiek vidaus, tiek tarptautinei rinkai. M\u016bs\u0173 \u012fsipareigojimas siekti meistri\u0161kumo skatina mus \u012fgyvendinti tikslias gamybos strategijas, kurias palaiko pa\u017eangi skaitmenin\u0117 \u012franga ir specializuotos bandym\u0173 sistemos. \u0160is po\u017ei\u016bris didina m\u016bs\u0173 gamybos paj\u0117gumus, u\u017etikrindamas, kad efektyviai tiekiame auk\u0161tos kokyb\u0117s gaminius.<\/p>\n<p>M\u016bs\u0173 atsidavimas kokybei akivaizdus m\u016bs\u0173 profesionaliuose darbuotojuose, kurie nuolat siekia tobulinti gamybos procesus ir gamini\u0173 standartus. Si\u016blome individualiai pritaikytas paslaugas, kad patenkintume \u012fvairius klient\u0173 poreikius, kartu i\u0161laikydami tarptautinius sertifikatus, u\u017etikrinan\u010dius patikimum\u0105.<\/p>\n<p><img decoding=\"async\" src=\"https:\/\/www.hydraulic-cylinders.net\/wp-content\/uploads\/2025\/04\/songte-company-4.webp\" alt=\"\u012emon\u0117s ap\u017evalga\"><br \/>\n<img decoding=\"async\" src=\"https:\/\/www.hydraulic-cylinders.net\/wp-content\/uploads\/2025\/04\/songte-company-3.webp\" alt=\"Gamybos \u012frenginiai\"><\/p>\n<p>Autorius: lyl<\/p>","protected":false},"excerpt":{"rendered":"<p>Boom Cylinder For Komatsu Large Excavator PC850SE-8 Understanding the Boom Cylinder The boom cylinder is a vital component in hydraulic systems, particularly in large excavators such as the Komatsu PC850SE-8. This hydraulic cylinder specializes in controlling the movement of the boom arm, allowing the operator to efficiently lift, lower, and tilt the boom. It plays [&hellip;]<\/p>","protected":false},"featured_media":17869,"comment_status":"open","ping_status":"closed","template":"","meta":{"_et_pb_use_builder":"","_et_pb_old_content":"","_et_gb_content_width":""},"product_brand":[],"product_cat":[1546],"product_tag":[1547,1496],"class_list":{"0":"post-18867","1":"product","2":"type-product","3":"status-publish","4":"has-post-thumbnail","6":"product_cat-boom-cylinders","7":"product_tag-boom-cylinders","8":"product_tag-hydraulic-cylinders","10":"first","11":"instock","12":"shipping-taxable","13":"product-type-simple"},"amp_enabled":true,"_links":{"self":[{"href":"https:\/\/www.hydraulic-cylinders.net\/lt\/wp-json\/wp\/v2\/product\/18867","targetHints":{"allow":["GET"]}}],"collection":[{"href":"https:\/\/www.hydraulic-cylinders.net\/lt\/wp-json\/wp\/v2\/product"}],"about":[{"href":"https:\/\/www.hydraulic-cylinders.net\/lt\/wp-json\/wp\/v2\/types\/product"}],"replies":[{"embeddable":true,"href":"https:\/\/www.hydraulic-cylinders.net\/lt\/wp-json\/wp\/v2\/comments?post=18867"}],"wp:featuredmedia":[{"embeddable":true,"href":"https:\/\/www.hydraulic-cylinders.net\/lt\/wp-json\/wp\/v2\/media\/17869"}],"wp:attachment":[{"href":"https:\/\/www.hydraulic-cylinders.net\/lt\/wp-json\/wp\/v2\/media?parent=18867"}],"wp:term":[{"taxonomy":"product_brand","embeddable":true,"href":"https:\/\/www.hydraulic-cylinders.net\/lt\/wp-json\/wp\/v2\/product_brand?post=18867"},{"taxonomy":"product_cat","embeddable":true,"href":"https:\/\/www.hydraulic-cylinders.net\/lt\/wp-json\/wp\/v2\/product_cat?post=18867"},{"taxonomy":"product_tag","embeddable":true,"href":"https:\/\/www.hydraulic-cylinders.net\/lt\/wp-json\/wp\/v2\/product_tag?post=18867"}],"curies":[{"name":"wp","href":"https:\/\/api.w.org\/{rel}","templated":true}]}}