{"id":1890,"date":"2023-10-19T03:22:23","date_gmt":"2023-10-19T03:22:23","guid":{"rendered":"https:\/\/hydraulic-cylinders.net\/?post_type=product&#038;p=1890"},"modified":"2025-04-11T02:52:03","modified_gmt":"2025-04-11T02:52:03","slug":"shield-machine-crusher-cylinder","status":"publish","type":"product","link":"https:\/\/www.hydraulic-cylinders.net\/lt\/produktas\/shield-machine-crusher-cylinder\/","title":{"rendered":"Skydo ma\u0161inos trupintuvo cilindras"},"content":{"rendered":"<h1 style=\"text-align: center;\"><strong>Skydo ma\u0161inos trupintuvo cilindras<\/strong><\/h1>\n<p><img loading=\"lazy\" decoding=\"async\" class=\"aligncenter wp-image-1891\" src=\"https:\/\/hydraulic-cylinders.net\/wp-content\/uploads\/2023\/10\/crusher-cylinder-1-300x300.webp\" alt=\"\" width=\"400\" height=\"400\" \/><\/p>\n<p>Skydin\u0117s ma\u0161inos trupintuvo cilindras yra pa\u017eangus hidraulinis komponentas, skirtas padidinti skydini\u0173 ma\u0161in\u0173 trupinimo efektyvum\u0105 ir na\u0161um\u0105 tuneli\u0173 kasimo operacijose. \u0160is specializuotas cilindras atlieka gyvybi\u0161kai svarb\u0173 vaidmen\u012f uolien\u0173 ir dirvo\u017eemio skaldymo ir trupinimo procese, u\u017etikrindamas skland\u0173 kasim\u0105 ir spart\u0173 progres\u0105. \u0160iame i\u0161samiame straipsnyje bus aptartos pagrindin\u0117s skydin\u0117s ma\u0161inos trupintuvo cilindro charakteristikos, naudojimo metodai ir prie\u017ei\u016bros gair\u0117s.<\/p>\n<p>Skydin\u0117s ma\u0161inos trupintuvo cilindras yra pa\u017eangus hidraulinis komponentas, kuris padidina skydini\u0173 ma\u0161in\u0173 trupinimo efektyvum\u0105 ir na\u0161um\u0105 tuneli\u0173 kasimo operacijose. D\u0117l galing\u0173 trupinimo galimybi\u0173, optimizuoto na\u0161umo, greito montavimo ir patvarios konstrukcijos \u0161is cilindras u\u017etikrina efektyv\u0173 susmulkinim\u0105 ir greit\u0105 tuneli\u0173 kasimo projekt\u0173 eig\u0105. Laikantis rekomenduojam\u0173 naudojimo metod\u0173 ir reguliarios prie\u017ei\u016bros praktikos, skydin\u0117s ma\u0161inos trupintuvo cilindras ir toliau u\u017etikrins puik\u0173 na\u0161um\u0105, didindamas tuneli\u0173 kasimo operacij\u0173 efektyvum\u0105 ir na\u0161um\u0105. Pakelkite savo tuneli\u0173 kasimo projektus \u012f auk\u0161tesn\u012f lyg\u012f naudodami skydin\u0117s ma\u0161inos trupintuvo cilindro trupinimo gali\u0105 ir patikimum\u0105.<\/p>\n<p>Skydo ma\u0161inos trupintuvo cilindro pagrindin\u0117s charakteristikos:<\/p>\n<ul>\n<li>Smulkinimo galia: Skydinio \u012frenginio trupintuvo cilindras u\u017etikrina didel\u0119 smulkinimo gali\u0105 uolienoms ir gruntui suskaidyti tunelio kasimo metu. Tvirta konstrukcija ir auk\u0161to sl\u0117gio galimyb\u0117s u\u017etikrina efektyv\u0173 susmulkinim\u0105, suma\u017eina i\u0161kastos med\u017eiagos dyd\u012f ir palengvina jos pa\u0161alinim\u0105.<\/li>\n<li>Optimizuotas na\u0161umas: \u0160is cilindras, apr\u016bpintas pa\u017eangiomis hidraulin\u0117mis sistemomis, u\u017etikrina tiksl\u0173 smulkinimo proceso valdym\u0105. Operatoriai gali reguliuoti smulkintuvo cilindro j\u0117g\u0105 ir greit\u012f, optimizuodami na\u0161um\u0105 pagal \u012fvairias geologines s\u0105lygas ir pasiekdami norimus smulkinimo rezultatus.<\/li>\n<li>Greitas montavimas: Skydini\u0173 ma\u0161in\u0173 trupintuvo cilindras yra sukurtas taip, kad b\u016bt\u0173 lengva montuoti ir integruoti \u012f esamas skydines ma\u0161inas. D\u0117l kompakti\u0161ko dyd\u017eio j\u012f galima skland\u017eiai integruoti, i\u0161laikant bendr\u0105 \u012frangos pusiausvyr\u0105 ir manevringum\u0105, taip suma\u017einant prastovas s\u0105rankos metu.<\/li>\n<li>Patvarumas ir patikimumas: Pagamintas i\u0161 didelio stiprumo med\u017eiag\u0173, skydo ma\u0161inos trupintuvo cilindras yra sukurtas taip, kad atlaikyt\u0173 sud\u0117tingas tuneli\u0173 kasimo s\u0105lygas. Tvirta konstrukcija u\u017etikrina patvarum\u0105, ilgaam\u017ei\u0161kum\u0105 ir pastov\u0173 veikim\u0105 net ir at\u0161iauriomis s\u0105lygomis.<\/li>\n<\/ul>\n<h2><strong>Skydo ma\u0161inos trupintuvo cilindro parametras:<\/strong><\/h2>\n<table border=\"1\" cellspacing=\"0\" cellpadding=\"0\">\n<tbody>\n<tr>\n<td>Produkto pavadinimas<\/td>\n<td>Skydo ma\u0161inos trupintuvo cilindras<\/td>\n<\/tr>\n<tr>\n<td>Savyb\u0117s:<\/td>\n<td>U\u017espauskite smulkinimo \u017enyples, kad dideli \u017evyro gabalai b\u016bt\u0173 susmulkinti prie\u0161 jiems patenkant \u012f i\u0161leidimo ang\u0105<\/td>\n<\/tr>\n<tr>\n<td>\n<div class=\"txtboxL\">Specifikacija:<\/div>\n<\/td>\n<td>\u012evairios trupintuv\u0173 cilindr\u0173 specifikacijos gali b\u016bti suprojektuotos ir pagamintos pagal kliento reikalavimus<\/td>\n<\/tr>\n<tr>\n<td>Parai\u0161kos:<\/td>\n<td>Skydo ma\u0161ina, tuneli\u0173 gr\u0119\u017eimo ma\u0161inos<\/td>\n<\/tr>\n<\/tbody>\n<\/table>\n<h2><strong>Skydo ma\u0161inos trupintuvo cilindro pritaikymas:<\/strong><\/h2>\n<p><img loading=\"lazy\" decoding=\"async\" class=\"alignnone wp-image-1875 size-full\" src=\"https:\/\/hydraulic-cylinders.net\/wp-content\/uploads\/2023\/10\/harsh-corrosive-cylinder-1.webp\" alt=\"\" width=\"1418\" height=\"946\" srcset=\"https:\/\/hydraulic-cylinders.net\/wp-content\/uploads\/2023\/10\/harsh-corrosive-cylinder-1.webp 1418w, https:\/\/hydraulic-cylinders.net\/wp-content\/uploads\/2023\/10\/harsh-corrosive-cylinder-1-1280x854.webp 1280w, https:\/\/hydraulic-cylinders.net\/wp-content\/uploads\/2023\/10\/harsh-corrosive-cylinder-1-980x654.webp 980w, https:\/\/hydraulic-cylinders.net\/wp-content\/uploads\/2023\/10\/harsh-corrosive-cylinder-1-480x320.webp 480w\" sizes=\"(min-width: 0px) and (max-width: 480px) 480px, (min-width: 481px) and (max-width: 980px) 980px, (min-width: 981px) and (max-width: 1280px) 1280px, (min-width: 1281px) 1418px, 100vw\" \/><\/p>\n<h2><strong>Skydo ma\u0161inos trupintuvo cilindro naudojimo metodas<\/strong><strong>:<\/strong><\/h2>\n<ol>\n<li><strong>Cilindro montavimas:<\/strong>\u00a0 Sumontuokite skydo ma\u0161inos trupintuvo cilindr\u0105 pagal gamintojo instrukcijas. U\u017etikrinkite tinkam\u0105 i\u0161lyginim\u0105 ir tvirt\u0105 pritvirtinim\u0105 prie skydo ma\u0161inos konstrukcijos, naudodami tinkamus tvirtinimo laikiklius arba priedus.<\/li>\n<li><strong>Hidraulin\u0117s sistemos integravimas:<\/strong> Prijunkite cilindr\u0105 prie skydo ma\u0161inos hidraulin\u0117s sistemos naudodami suderinamas \u017earnas ir jungiam\u0105sias detales. Patikrinkite, ar visos jungtys yra tvirtos, nepralaid\u017eios ir tinkamai priver\u017etos, kad b\u016bt\u0173 i\u0161laikytas optimalus hidraulinis na\u0161umas.<\/li>\n<li><strong>Veiklos kontrol\u0117:<\/strong> Susipa\u017einkite su skydo ma\u0161inos trupintuvo cilindro valdymo \u012ftaisais. Supraskite, kaip reguliuoti cilindro taikom\u0105 j\u0117g\u0105 ir greit\u012f, ir praktikuokite taikydami taisykles, kad pasiektum\u0117te tiksli\u0173 ir greitai reaguojan\u010di\u0173 trupinimo rezultat\u0173.<\/li>\n<li><strong>Smulkinimo procesas:<\/strong> Tuneli\u0173 kasimo darb\u0173 metu steb\u0117ti geologines s\u0105lygas ir atitinkamai reguliuoti trupintuvo cilindro j\u0117gos ir grei\u010dio nustatymus. Optimizuoti trupinimo proces\u0105, kad b\u016bt\u0173 u\u017etikrintas efektyvus susmulkinimas ir b\u016bt\u0173 lengviau pa\u0161alinti i\u0161kast\u0105 med\u017eiag\u0105.<\/li>\n<\/ol>\n<h2><strong>Kaip i\u0161leisti or\u0105 i\u0161 dvipusio hidraulinio cilindro?<\/strong><\/h2>\n<p>Dvipusio hidraulinio cilindro nuorinimas yra procesas, kurio metu i\u0161 sistemos pa\u0161alinamas oras, siekiant u\u017etikrinti tinkam\u0105 veikim\u0105 ir i\u0161vengti toki\u0173 problem\u0173 kaip kempin\u0117 ar suma\u017e\u0117j\u0119s na\u0161umas. Dvipusio veikimo hidraulinis cilindras yra dvigubo veikimo cilindras, kuris naudoja hidraulin\u012f sl\u0117g\u012f st\u016bmokliui i\u0161stumti ir \u012ftraukti. \u0160tai nuoseklus vadovas, kaip nuorinti dvipus\u012f hidraulin\u012f cilindr\u0105:<\/p>\n<ol>\n<li><strong>Paruo\u0161imas:<\/strong>\n<ul>\n<li>\u012esitikinkite, kad hidraulin\u0117 sistema yra i\u0161jungta ir sl\u0117gis i\u0161leistas.<\/li>\n<li>Kad apsisaugotum\u0117te nuo hidraulinio skys\u010dio, d\u0117v\u0117kite asmenines apsaugos priemones, \u012fskaitant pir\u0161tines ir apsauginius akinius.<\/li>\n<\/ul>\n<\/li>\n<li><strong>Nustatykite i\u0161leidimo vo\u017etuv\u0105:<\/strong>\n<ul>\n<li>Suraskite hidraulinio cilindro i\u0161leidimo vo\u017etuv\u0105. Paprastai tai ma\u017ea jungtis su dulki\u0173 dangteliu. I\u0161leidimo vo\u017etuvas leid\u017eia i\u0161eiti cilindre esan\u010diam orui.<\/li>\n<\/ul>\n<\/li>\n<li><strong>I\u0161pl\u0117skite cilindr\u0105:<\/strong>\n<ul>\n<li>\u012ejunkite hidraulin\u012f siurbl\u012f arba vo\u017etuv\u0105, valdydami cilindr\u0105, kad st\u016bmoklis visi\u0161kai i\u0161stumt\u0173. \u0160is judesys padeda oro burbuliukams pakilti \u012f cilindro vir\u0161\u0173.<\/li>\n<\/ul>\n<\/li>\n<li><strong>Nuimkite dulki\u0173 dangtel\u012f:<\/strong>\n<ul>\n<li>Nuimkite dulki\u0173 dangtel\u012f nuo i\u0161leidimo vo\u017etuvo. Pad\u0117kite j\u012f saugioje vietoje.<\/li>\n<\/ul>\n<\/li>\n<li><strong>Atidarykite i\u0161leidimo vo\u017etuv\u0105:<\/strong>\n<ul>\n<li>Tinkamu ver\u017eliarak\u010diu arba \u012frankiu pasukite i\u0161leidimo vo\u017etuv\u0105 prie\u0161 laikrod\u017eio rodykl\u0119, kad j\u012f atidarytum\u0117te. Tai leis orui ir bet kokiam \u012fstrigusiam skys\u010diui i\u0161eiti i\u0161 cilindro.<\/li>\n<\/ul>\n<\/li>\n<li><strong>\u012etraukite cilindr\u0105:<\/strong>\n<ul>\n<li>Atleiskite hidraulin\u012f sl\u0117g\u012f ir leiskite cilindrui visi\u0161kai susitraukti. Tai gali apimti valdymo vo\u017etuvo \u012fjungim\u0105 arba bet kokios i\u0161orin\u0117s j\u0117gos, laikusios cilindr\u0105 i\u0161tiest\u0105, atleidim\u0105.<\/li>\n<\/ul>\n<\/li>\n<li><strong>Steb\u0117kite skys\u010dio sraut\u0105:<\/strong>\n<ul>\n<li>Steb\u0117kite skys\u010dio tek\u0117jim\u0105 i\u0161 i\u0161leidimo vo\u017etuvo. I\u0161 prad\u017ei\u0173 kartu su skys\u010diu galite pasteb\u0117ti oro burbuliuk\u0173. Leiskite skys\u010diui tek\u0117ti, kol nebeliks burbuliuk\u0173 \u2013 tai rodo, kad oras i\u0161 cilindro pa\u0161alintas.<\/li>\n<\/ul>\n<\/li>\n<li><strong>U\u017edarykite i\u0161leidimo vo\u017etuv\u0105:<\/strong>\n<ul>\n<li>Pa\u0161alin\u0119 visus oro burbuliukus, u\u017edarykite i\u0161leidimo vo\u017etuv\u0105 pasukdami j\u012f pagal laikrod\u017eio rodykl\u0119. \u012esitikinkite, kad jis sandariai u\u017edarytas, kad i\u0161vengtum\u0117te skys\u010dio nuot\u0117kio.<\/li>\n<\/ul>\n<\/li>\n<li><strong>Cilindro i\u0161pl\u0117timas ir \u012ftraukimas:<\/strong>\n<ul>\n<li>Pakartokite 3\u20138 veiksmus, v\u0117l i\u0161stumdami ir \u012ftraukdami cilindr\u0105, kad i\u0161 sistemos pa\u0161alintum\u0117te likus\u012f or\u0105. \u0160is veiksmas padeda u\u017etikrinti visi\u0161k\u0105 hidraulinio cilindro nuorinim\u0105.<\/li>\n<\/ul>\n<\/li>\n<li><strong>Patikrinkite skys\u010dio lyg\u012f:<\/strong>\n<ul>\n<li>I\u0161leid\u0119 cilindr\u0105, patikrinkite hidraulinio skys\u010dio lyg\u012f sistemos rezervuare. Jei reikia, \u012fpilkite skys\u010dio, kad palaikytum\u0117te rekomenduojam\u0105 lyg\u012f.<\/li>\n<\/ul>\n<\/li>\n<\/ol>\n<h2><strong>Gamyklos paj\u0117gumai ir talpa:<\/strong><\/h2>\n<h3>(1) Surinkimas<\/h3>\n<p>Turime pirmos klas\u0117s nepriklausom\u0105 tyrim\u0173 ir pl\u0117tros surinkimo platform\u0105. Hidraulini\u0173 cilindr\u0173 gamybos ceche yra keturios pusiau automatin\u0117s k\u0117limo cilindr\u0173 surinkimo linijos ir viena automatin\u0117 pakreipimo cilindr\u0173 surinkimo linija, kuri\u0173 projektinis metinis gamybos paj\u0117gumas yra 1 milijonas vienet\u0173. Speciali\u0173j\u0173 cilindr\u0173 ceche \u012frengta \u012fvairi\u0173 specifikacij\u0173 pusiau automatin\u0117 valymo surinkimo sistema, kurios projektinis metinis gamybos paj\u0117gumas yra 200 000 vienet\u0173, ir garsi CNC apdirbimo \u012franga, apdirbimo centras, didelio tikslumo cilindr\u0173 apdirbimo speciali \u012franga, robotinis suvirinimo aparatas, automatinis valymo aparatas, automatinis cilindr\u0173 surinkimo aparatas ir automatin\u0117 da\u017eymo gamybos linija. Esama daugiau nei 300 rinkini\u0173 (komplekt\u0173) kritin\u0117 \u012franga. Optimalus \u012frangos i\u0161tekli\u0173 paskirstymas ir efektyvus naudojimas u\u017etikrina gamini\u0173 tikslumo reikalavimus ir auk\u0161tus gamini\u0173 kokyb\u0117s poreikius.<\/p>\n<p><img loading=\"lazy\" decoding=\"async\" class=\"alignnone wp-image-626\" src=\"https:\/\/hydraulic-cylinders.net\/wp-content\/uploads\/2023\/08\/hydraulic-cylinder-product-1-300x158.webp\" alt=\"\" width=\"495\" height=\"260\" srcset=\"https:\/\/hydraulic-cylinders.net\/wp-content\/uploads\/2023\/08\/hydraulic-cylinder-product-1-300x158.webp 495w, https:\/\/hydraulic-cylinders.net\/wp-content\/uploads\/2023\/08\/hydraulic-cylinder-product-1-480x252.webp 480w\" sizes=\"(min-width: 0px) and (max-width: 480px) 480px, (min-width: 481px) 495px, 100vw\" \/> <img loading=\"lazy\" decoding=\"async\" class=\"alignnone wp-image-627\" src=\"https:\/\/hydraulic-cylinders.net\/wp-content\/uploads\/2023\/08\/hydraulic-cylinder-product-2-300x189.webp\" alt=\"\" width=\"413\" height=\"260\" \/><\/p>\n<h3>(2) Apdirbimas<\/h3>\n<p>Mechaninio apdirbimo ceche \u012frengtas pritaikytas nuo\u017eulnaus b\u0117gio tekinimo centras, apdirbimo centras, greitaeigis galandimo stakl\u0117s, suvirinimo robotas ir kita susijusi \u012franga, galinti apdirbti cilindrinius vamzd\u017eius, kuri\u0173 maksimalus vidinis skersmuo yra 400 mm, o maksimalus ilgis \u2013 6 metrai.<\/p>\n<p><img loading=\"lazy\" decoding=\"async\" class=\"alignnone wp-image-628 size-large\" src=\"https:\/\/hydraulic-cylinders.net\/wp-content\/uploads\/2023\/08\/hydraulic-cylinder-product-3-1024x391.webp\" alt=\"\" width=\"1024\" height=\"391\" srcset=\"https:\/\/hydraulic-cylinders.net\/wp-content\/uploads\/2023\/08\/hydraulic-cylinder-product-3-980x374.webp 980w, https:\/\/hydraulic-cylinders.net\/wp-content\/uploads\/2023\/08\/hydraulic-cylinder-product-3-480x183.webp 480w\" sizes=\"(min-width: 0px) and (max-width: 480px) 480px, (min-width: 481px) and (max-width: 980px) 980px, (min-width: 981px) 1024px, 100vw\" \/><\/p>\n<h3>(3) Suvirinimas<\/h3>\n<p><img loading=\"lazy\" decoding=\"async\" class=\"alignnone wp-image-629 size-large\" src=\"https:\/\/hydraulic-cylinders.net\/wp-content\/uploads\/2023\/08\/hydraulic-cylinder-product-4-1024x510.webp\" alt=\"\" width=\"1024\" height=\"510\" srcset=\"https:\/\/hydraulic-cylinders.net\/wp-content\/uploads\/2023\/08\/hydraulic-cylinder-product-4-980x488.webp 980w, https:\/\/hydraulic-cylinders.net\/wp-content\/uploads\/2023\/08\/hydraulic-cylinder-product-4-480x239.webp 480w\" sizes=\"(min-width: 0px) and (max-width: 480px) 480px, (min-width: 481px) and (max-width: 980px) 980px, (min-width: 981px) 1024px, 100vw\" \/><\/p>\n<h3>(4) Da\u017eymas ir dengimas<\/h3>\n<p>Su ma\u017eomis ir vidutinio dyd\u017eio cilindrin\u0117mis automatin\u0117mis vandens pagrindo da\u017e\u0173 dengimo linijomis, siekiant automatinio robot\u0173 pakrovimo ir i\u0161krovimo bei automatinio pur\u0161kimo, projektinis paj\u0117gumas yra 4000 vienet\u0173 per pamain\u0105;<br \/>\nTaip pat turime pusiau automatin\u0119 dideli\u0173 cilindr\u0173 da\u017e\u0173 gamybos linij\u0105, varom\u0105 grandin\u0117s, kurios projektinis na\u0161umas yra 60 d\u0117\u017ei\u0173 per pamain\u0105.<\/p>\n<p><img loading=\"lazy\" decoding=\"async\" class=\"alignnone wp-image-630\" src=\"https:\/\/hydraulic-cylinders.net\/wp-content\/uploads\/2023\/08\/hydraulic-cylinder-product-5-300x213.webp\" alt=\"\" width=\"366\" height=\"260\" \/> <img loading=\"lazy\" decoding=\"async\" class=\"alignnone wp-image-631\" src=\"https:\/\/hydraulic-cylinders.net\/wp-content\/uploads\/2023\/08\/hydraulic-cylinder-product-6-300x225.webp\" alt=\"\" width=\"347\" height=\"260\" \/><\/p>\n<h3>(5) Testavimas<\/h3>\n<p>Turime auk\u0161\u010diausios klas\u0117s patikros patalpas ir bandym\u0173 stendus, kad u\u017etikrintume, jog baliono veikimas atitinka reikalavimus.<\/p>\n<p><img loading=\"lazy\" decoding=\"async\" class=\"alignnone wp-image-632\" src=\"https:\/\/hydraulic-cylinders.net\/wp-content\/uploads\/2023\/08\/hydraulic-cylinder-product-8-300x200.webp\" alt=\"\" width=\"389\" height=\"260\" \/><\/p>\n<p>&nbsp;<\/p>\n<p>&nbsp;<\/p>\n<p>Esame vienas geriausi\u0173 hidraulini\u0173 cilindr\u0173 gamintoj\u0173. Galime pasi\u016blyti i\u0161samius hidraulinius cilindrus. Taip pat teikiame atitinkamus <a href=\"https:\/\/hzpt.com\/agricultural-pto-gearbox\/\" target=\"_blank\" rel=\"noopener\">\u017eem\u0117s \u016bkio pavar\u0173 d\u0117\u017e\u0117s<\/a>Mes eksportuojame savo gaminius klientams visame pasaulyje ir peln\u0117me ger\u0105 reputacij\u0105 d\u0117l auk\u0161\u010diausios gamini\u0173 kokyb\u0117s ir aptarnavimo po pardavimo. Mes laukiame klient\u0173 \u0161alyje ir u\u017esienyje, norin\u010di\u0173 susisiekti su mumis der\u0117tis d\u0117l verslo, keistis informacija ir... <a href=\"https:\/\/www.hydraulic-cylinders.net\/lt\/contact-us\/\">bendradarbiauti su mumis<\/a>!<\/p>\n<p>&nbsp;<\/p>","protected":false},"excerpt":{"rendered":"<p>Shield Machine Crusher Cylinder The shield machine crusher cylinder is a cutting-edge hydraulic component designed to enhance shield machines&#8217; crushing efficiency and productivity in tunneling operations. This specialized cylinder plays a vital role in the fragmentation and crushing of rock and soil, enabling smooth excavation and rapid progress. This comprehensive article will delve into the [&hellip;]<\/p>","protected":false},"featured_media":1892,"comment_status":"open","ping_status":"closed","template":"","meta":{"_et_pb_use_builder":"","_et_pb_old_content":"","_et_gb_content_width":""},"product_brand":[],"product_cat":[1519,1549],"product_tag":[1380],"class_list":{"0":"post-1890","1":"product","2":"type-product","3":"status-publish","4":"has-post-thumbnail","6":"product_cat-shield-machine-hydraulic-cylinders","7":"product_cat-single-acting-hydraulic-cylinder","8":"product_tag-hydraulic-cylinder","10":"first","11":"instock","12":"shipping-taxable","13":"product-type-simple"},"amp_enabled":true,"_links":{"self":[{"href":"https:\/\/www.hydraulic-cylinders.net\/lt\/wp-json\/wp\/v2\/product\/1890","targetHints":{"allow":["GET"]}}],"collection":[{"href":"https:\/\/www.hydraulic-cylinders.net\/lt\/wp-json\/wp\/v2\/product"}],"about":[{"href":"https:\/\/www.hydraulic-cylinders.net\/lt\/wp-json\/wp\/v2\/types\/product"}],"replies":[{"embeddable":true,"href":"https:\/\/www.hydraulic-cylinders.net\/lt\/wp-json\/wp\/v2\/comments?post=1890"}],"wp:featuredmedia":[{"embeddable":true,"href":"https:\/\/www.hydraulic-cylinders.net\/lt\/wp-json\/wp\/v2\/media\/1892"}],"wp:attachment":[{"href":"https:\/\/www.hydraulic-cylinders.net\/lt\/wp-json\/wp\/v2\/media?parent=1890"}],"wp:term":[{"taxonomy":"product_brand","embeddable":true,"href":"https:\/\/www.hydraulic-cylinders.net\/lt\/wp-json\/wp\/v2\/product_brand?post=1890"},{"taxonomy":"product_cat","embeddable":true,"href":"https:\/\/www.hydraulic-cylinders.net\/lt\/wp-json\/wp\/v2\/product_cat?post=1890"},{"taxonomy":"product_tag","embeddable":true,"href":"https:\/\/www.hydraulic-cylinders.net\/lt\/wp-json\/wp\/v2\/product_tag?post=1890"}],"curies":[{"name":"wp","href":"https:\/\/api.w.org\/{rel}","templated":true}]}}