{"id":18918,"date":"2025-04-07T06:02:13","date_gmt":"2025-04-07T06:02:13","guid":{"rendered":"https:\/\/www.hydraulic-cylinders.net\/product\/boom-cylinder-for-caterpillar-small-excavator-e70-70b\/"},"modified":"2025-04-07T06:02:16","modified_gmt":"2025-04-07T06:02:16","slug":"boom-cylinder-for-caterpillar-small-excavator-e70-70b","status":"publish","type":"product","link":"https:\/\/www.hydraulic-cylinders.net\/lt\/produktas\/boom-cylinder-for-caterpillar-small-excavator-e70-70b\/","title":{"rendered":"Str\u0117l\u0117s cilindras Caterpillar ma\u017eam ekskavatoriui E70\/70B"},"content":{"rendered":"<h1>Str\u0117l\u0117s cilindras Caterpillar ma\u017eam ekskavatoriui E70\/70B<\/h1>\n<h2>\u012evadas \u012f str\u0117l\u0117s cilindrus<\/h2>\n<p>Str\u0117l\u0117s cilindras yra specializuotas hidraulinis cilindras, naudojamas \u012fvairiose sunkiosiose ma\u0161inose, \u012fskaitant ekskavatorius, ekskavatorinius krautuvus ir frontalinius krautuvus, kau\u0161o jud\u0117jimui valdyti. \u0160is hidraulinis komponentas leid\u017eia kau\u0161ui kelti, leisti ir pakreipti, taip palengvinant tikslias ir efektyvias med\u017eiag\u0173 tvarkymo u\u017eduotis. Hidraulin\u0117se sistemose str\u0117l\u0117s cilindrai yra esminiai komponentai, kurie hidraulin\u0119 energij\u0105 paver\u010dia mechaniniu judesiu, u\u017etikrindami reikiam\u0105 j\u0117g\u0105 ir valdym\u0105 \u012fvairioms kasimo ir k\u0117limo operacijoms.<\/p>\n<p><img decoding=\"async\" src=\"https:\/\/www.hydraulic-cylinders.net\/wp-content\/uploads\/2025\/04\/songte-company-1.webp\" alt=\"Str\u0117l\u0117s cilindro vaizdas\" \/><\/p>\n<h3>Pagrindin\u0117s str\u0117l\u0117s cilindro savyb\u0117s<\/h3>\n<ul>\n<li><strong>Didelis stiprumas ir ilgaam\u017ei\u0161kumas:<\/strong> \u0160ie cilindrai, pagaminti i\u0161 didelio stiprumo plieno arba aliuminio, yra skirti atlaikyti auk\u0161t\u0105 sl\u0117g\u012f ir dideles apkrovas, tod\u0117l tinkami naudoti at\u0161iauriomis darbo s\u0105lygomis.<\/li>\n<li><strong>Efektyvus hidraulinis valdymas:<\/strong> Str\u0117l\u0117s cilindras naudoja hidraulin\u0117s alyvos sl\u0117g\u012f, kad str\u0117l\u0117 skland\u017eiai i\u0161skleist\u0173 ir atitraukt\u0173 str\u0117l\u0119, tod\u0117l greitai reaguoja \u012f operatoriaus komandas ir u\u017etikrina galing\u0105 st\u016bmimo bei traukimo j\u0117g\u0105.<\/li>\n<li><strong>\u012evair\u016bs tipai:<\/strong> Galima \u012fsigyti vieno veikimo (veikia viena kryptimi) arba dvigubo veikimo (veikia abiem kryptimis) konstrukcij\u0173, kai kurie modeliai yra teleskopiniai, leid\u017eiantys didesn\u012f i\u0161pl\u0117tim\u0105 nedidinant i\u0161orini\u0173 matmen\u0173, idealiai tinka ank\u0161toms patalpoms.<\/li>\n<\/ul>\n<h2>Str\u0117l\u0117s cilindro pritaikymas<\/h2>\n<h3>Statybin\u0117 \u012franga<\/h3>\n<p>Ekskavatoriuose str\u0117l\u0117s cilindrai yra labai svarb\u016bs kasant, kraunant ir perkeliant grunt\u0105 ar \u0161iuk\u0161les. Efektyvus str\u0117l\u0117s veikimas leid\u017eia operatoriams atlikti tikslius judesius, tod\u0117l kasimo darbai atliekami grei\u010diau ir efektyviau. Ekskavatoriuose-krautuvuose str\u0117l\u0117s cilindras padeda atlikti tiek kasimo, tiek k\u0117limo operacijas, padidindamas bendr\u0105 na\u0161um\u0105.<\/p>\n<h3>\u017dem\u0117s \u016bkio technika<\/h3>\n<p>Priekiniai krautuvai naudoja str\u0117l\u0117s cilindrus dirvo\u017eemiui, \u0161ienui ir kitoms med\u017eiagoms semti, kelti ir transportuoti. Patikimas str\u0117l\u0117s cilindro veikimas u\u017etikrina skland\u0173 darb\u0105, u\u017etikrinant greit\u0105 ir efektyv\u0173 \u017eem\u0117s \u016bkio darb\u0173 atlikim\u0105, o tai yra labai svarbu s\u0117jos ir derliaus nu\u0117mimo sezonais.<\/p>\n<h3>Ekskavatoriai<\/h3>\n<p>Ekskavatoriuose str\u0117l\u0117s cilindras leid\u017eia kau\u0161ui efektyviai \u012fsiskverbti \u012f dirv\u0105, tod\u0117l kasimo procesas tampa efektyvesnis ir suma\u017e\u0117ja technikos nuovargis. \u0160i galimyb\u0117 yra b\u016btina \u012fvairiems darbams, \u012fskaitant kra\u0161tovaizd\u017eio tvarkym\u0105, lyginim\u0105 ir aik\u0161tel\u0117s paruo\u0161im\u0105.<\/p>\n<h3>Krautuvai<\/h3>\n<p>Priekiniuose krautuvuose str\u0117l\u0117s cilindrai padeda efektyviai kelti ir i\u0161versti krovinius. Galingas hidraulinis veikimas leid\u017eia operatoriams lengvai tvarkyti sunkias med\u017eiagas, tod\u0117l krautuvai yra nepakei\u010diami statybose ir med\u017eiag\u0173 tvarkymo darbuose.<\/p>\n<h2>Projektavimo aspektai ir atrankos kriterijai<\/h2>\n<h3>Keliamoji galia<\/h3>\n<p>Renkantis str\u0117l\u0117s cilindr\u0105, labai svarbu suprasti keliam\u0105j\u0105 gali\u0105. Cilindras turi atlaikyti maksimali\u0105 apkrov\u0105 nepakenkiant na\u0161umui ar saugumui. Gamintojai paprastai pateikia specifikacijas, kuriose nurodomos saugios darbin\u0117s apkrovos ribos.<\/p>\n<h3>Sandarumas ir ilgaam\u017ei\u0161kumas<\/h3>\n<p>Efektyvus sandarinimas yra labai svarbus siekiant i\u0161vengti hidraulinio skys\u010dio nuot\u0117kio ir i\u0161laikyti sistemos efektyvum\u0105. Auk\u0161tos kokyb\u0117s sandarikliai, pagaminti i\u0161 patvari\u0173 med\u017eiag\u0173, u\u017etikrina ilgalaik\u012f veikim\u0105 ir suma\u017eina prie\u017ei\u016bros poreik\u012f. Konstrukcijoje tur\u0117t\u0173 b\u016bti numatytos savyb\u0117s, kurios padidina patvarum\u0105 ir atsparum\u0105 dilimui.<\/p>\n<h3>Sauga ir prie\u017ei\u016bra<\/h3>\n<p>Saugumas yra labai svarbus aspektas projektuojant str\u0117l\u0117s cilindr\u0105. Tokios savyb\u0117s kaip tvirta konstrukcija, apsaugos nuo gedim\u0173 \u012ftaisai ir lengva prieiga atliekant technin\u0117s prie\u017ei\u016bros patikrinimus yra b\u016btinos. Siekiant u\u017etikrinti, kad cilindras veikt\u0173 saugiai ir efektyviai per vis\u0105 jo eksploatavimo laik\u0105, tur\u0117t\u0173 b\u016bti nustatyti reguliarios technin\u0117s prie\u017ei\u016bros protokolai.<\/p>\n<p><img decoding=\"async\" src=\"https:\/\/www.hydraulic-cylinders.net\/wp-content\/uploads\/2025\/04\/songte-oil-pipes-and-spare-parts.webp\" alt=\"Naftos vamzd\u017eiai ir atsargin\u0117s dalys\" \/><\/p>\n<h2>Sandarinimas ir tepimas<\/h2>\n<p>Tinkamas sandarinimas ir tepimas yra esminiai str\u0117l\u0117s cilindr\u0173 funkcionalumo veiksniai. \u012evair\u016bs sandarinimo komponentai, tokie kaip st\u016bmokli\u0173 ir stryp\u0173 sandarikliai, tur\u0117t\u0173 b\u016bti pagaminti i\u0161 atspari\u0173 dilimui med\u017eiag\u0173, toki\u0173 kaip poliuretanas ir nitrilo kau\u010diukas. Cilindro korpusas ir srieginiai galai turi b\u016bti kruop\u0161\u010diai apdirbti, kad padid\u0117t\u0173 atsparumas dilimui. Reguliarus tepimas hidrauline alyva yra b\u016btinas siekiant suma\u017einti trint\u012f ir dilim\u0105, u\u017etikrinti skland\u0173 veikim\u0105 ir pailginti cilindro tarnavimo laik\u0105.<\/p>\n<h2>Prevencin\u0117s prie\u017ei\u016bros priemon\u0117s<\/h2>\n<ul>\n<li><strong>Reguliar\u016bs patikrinimai:<\/strong> Suplanuokite \u012fprastinius patikrinimus, kad anksti nustatytum\u0117te susid\u0117v\u0117jim\u0105. Patikrinkite sandariklius, \u017earnas ir jungtis, ar n\u0117ra koki\u0173 nors pa\u017eeidim\u0173.<\/li>\n<li><strong>Tepimo grafikai:<\/strong> Nustatykite savalaik\u012f tepimo re\u017eim\u0105, kad visos judan\u010dios dalys gaut\u0173 pakankamai alyvos ir suma\u017eintum\u0117te gedimo rizik\u0105.<\/li>\n<li><strong>Sandariklio keitimas:<\/strong> Prireikus keiskite sandariklius, kad i\u0161vengtum\u0117te nuot\u0117ki\u0173 ir i\u0161laikytum\u0117te sl\u0117gio vientisum\u0105 hidraulin\u0117je sistemoje.<\/li>\n<\/ul>\n<h2>\u012erengimo gair\u0117s<\/h2>\n<p>Tinkamas str\u0117l\u0117s cilindro montavimas yra b\u016btinas optimaliam veikimui. Pirmiausia \u012fsitikinkite, kad visi komponentai yra \u0161var\u016bs ir be \u0161iuk\u0161li\u0173. Tiksliai sulygiuokite cilindr\u0105, kad i\u0161vengtum\u0117te per didelio hidraulin\u0117s sistemos \u012ftempimo. Naudokite tinkamus tvirtinimo laikiklius, kad pritvirtintum\u0117te cilindr\u0105 vietoje. \u012esitikinkite, kad hidraulin\u0117s linijos yra tinkamai prijungtos, ir po montavimo patikrinkite, ar n\u0117ra nuot\u0117ki\u0173. Laikykit\u0117s gamintojo nurodym\u0173 d\u0117l sukimo momento specifikacij\u0173 ir surinkimo proced\u016br\u0173, kad u\u017etikrintum\u0117te patikimum\u0105 ir saug\u0105.<\/p>\n<h2>Prie\u017ei\u016bros u\u017eduotys<\/h2>\n<ul>\n<li><strong>Reguliar\u016bs patikrinimai:<\/strong> Da\u017enos ap\u017ei\u016bros padeda nustatyti galimas problemas, kol jos nepa\u016bm\u0117jo. Patikrinkite, ar n\u0117ra susid\u0117v\u0117jusi\u0173 sandarikli\u0173, \u017earn\u0173 ir pried\u0173, ir nedelsdami juos pa\u0161alinkite.<\/li>\n<li><strong>Tinkamas tepimas:<\/strong> Tinkamo tepimo lygio palaikymas yra labai svarbus cilindro ilgaam\u017ei\u0161kumui. Naudokite tinkamo tipo hidraulin\u0119 alyv\u0105 ir \u012fsitikinkite, kad joje n\u0117ra ter\u0161al\u0173.<\/li>\n<li><strong>Sandariklio keitimo ir kalibravimo patikrinimai:<\/strong> Reguliariai keiskite susid\u0117v\u0117jusius sandariklius, kad i\u0161laikytum\u0117te optimal\u0173 na\u0161um\u0105. Kalibravimo patikrinimai u\u017etikrina, kad cilindras veikt\u0173 nevir\u0161ydamas nustatyt\u0173 rib\u0173, taip padidindami saug\u0105 ir efektyvum\u0105.<\/li>\n<\/ul>\n<p><img decoding=\"async\" src=\"https:\/\/www.hydraulic-cylinders.net\/wp-content\/uploads\/2025\/04\/songte-chushion-collar.webp\" alt=\"Pagalv\u0117l\u0117s apykakl\u0117\" \/><\/p>\n<h2>Saugos ir aplinkosaugos aspektai<\/h2>\n<p>Saugos priemoni\u0173 \u012fgyvendinimas str\u0117l\u0117s cilindr\u0173 eksploatavimo metu yra nepaprastai svarbus. Operatoriai tur\u0117t\u0173 b\u016bti apmokyti atpa\u017einti galimus pavojus ir laikytis saugos protokol\u0173, kad b\u016bt\u0173 i\u0161vengta nelaiming\u0173 atsitikim\u0173. Aplinkosaugos aspektai apima ir tinkam\u0105 hidraulini\u0173 skys\u010di\u0173 tvarkym\u0105 bei \u0161alinim\u0105, siekiant i\u0161vengti u\u017eter\u0161imo.<\/p>\n<h2>Trik\u010di\u0173 \u0161alinimas ir da\u017eniausiai pasitaikan\u010dios problemos<\/h2>\n<ul>\n<li><strong>Nuot\u0117kis:<\/strong> Da\u017ena problema yra hidraulinio skys\u010dio nuot\u0117kis, kuris gali rodyti susid\u0117v\u0117jusius sandariklius arba pa\u017eeistas \u017earnas. Reguliarios patikros gali pad\u0117ti anksti pasteb\u0117ti \u0161ias problemas.<\/li>\n<li><strong>L\u0117tas reagavimo laikas:<\/strong> Jei cilindras reaguoja l\u0117tai, patikrinkite, ar sistemoje n\u0117ra \u017eemo hidraulinio skys\u010dio lygio arba oro, nes gali tekti i\u0161leisti or\u0105.<\/li>\n<li><strong>Ne\u012fprasti garsai:<\/strong> Tokie garsai kaip bildesys ar girg\u017ed\u0117jimas gali rodyti mechanines problemas arba nepakankam\u0105 tepim\u0105; b\u016btina nedelsiant patikrinti.<\/li>\n<\/ul>\n<p>Nor\u0117dami veiksmingai diagnozuoti ir i\u0161spr\u0119sti \u0161ias problemas, operatoriai tur\u0117t\u0173 per\u017ei\u016br\u0117ti gamintojo trik\u010di\u0173 \u0161alinimo vadov\u0105 ir laikytis rekomenduojam\u0173 prevencini\u0173 priemoni\u0173, kad suma\u017eint\u0173 galimas problemas.<\/p>\n<p><img decoding=\"async\" src=\"https:\/\/www.hydraulic-cylinders.net\/wp-content\/uploads\/2025\/04\/songte-bushings-with-all-kinds-of-excavator-models.webp\" alt=\"Ekskavatori\u0173 modeli\u0173 \u012fvor\u0117s\" \/><\/p>\n<h2>Apie m\u016bs\u0173 \u012fmon\u0119<\/h2>\n<p>Esame pirmaujantis hidraulini\u0173 cilindr\u0173 gamintojas, specializuojantis auk\u0161tos kokyb\u0117s alternatyv\u0173 originalios \u012frangos (OEM) gaminiams gamyboje. Tur\u0117dami plat\u0173 gamini\u0173 asortiment\u0105, \u012fsitvirtinome kaip vieni i\u0161 pirmaujan\u010di\u0173 gamintoj\u0173 ir didmenini\u0173 platintoj\u0173 tiek vidaus, tiek tarptautin\u0117se rinkose. Laikom\u0117s grie\u017et\u0173 kokyb\u0117s standart\u0173 ir naudojame pa\u017eangias gamybos strategijas, siekdami nepriekai\u0161tingos gamybos. M\u016bs\u0173 kvalifikuoti technikai, auk\u0161\u010diausios klas\u0117s skaitmenin\u0117 gamybos \u012franga ir profesionalios testavimo sistemos kartu nuolat tobulina m\u016bs\u0173 gamybos platform\u0105. Siekdami patenkinti \u012fvairius klient\u0173 poreikius, teikiame pirmenyb\u0119 efektyvumui, tikslumui ir kokybei.<\/p>\n<p><img decoding=\"async\" src=\"https:\/\/www.hydraulic-cylinders.net\/wp-content\/uploads\/2025\/04\/songte-company-4.webp\" alt=\"\u012emon\u0117s ap\u017evalga\" \/><br \/>\n<img decoding=\"async\" src=\"https:\/\/www.hydraulic-cylinders.net\/wp-content\/uploads\/2025\/04\/songte-company-3.webp\" alt=\"Gamybos \u012frenginiai\" \/><\/p>\n<p>M\u016bs\u0173 patirtis apima ir individuali\u0173 paslaug\u0173, pritaikyt\u0173 konkretiems klient\u0173 reikalavimams, teikim\u0105. Esame sertifikuoti tarptautiniu mastu, tod\u0117l u\u017etikriname, kad m\u016bs\u0173 produktai atitinka pasaulinius standartus. M\u016bs\u0173 moderni gamybos \u012franga ir specializuotas aptarnavimas po pardavimo garantuoja, kad m\u016bs\u0173 klientai gauna auk\u0161\u010diausio lygio aptarnavim\u0105 ir yra patenkinti produktais.<\/p>\n<p>Autorius: lyl<\/p>","protected":false},"excerpt":{"rendered":"<p>Boom Cylinder For Caterpillar Small Excavator E70\/70B Introduction to Boom Cylinders The boom cylinder is a specialized hydraulic cylinder used in various heavy machinery to control the movement of the bucket, including excavators, backhoe loaders, and front-end loaders. This hydraulic component allows the bucket to lift, lower, and tilt, facilitating material handling tasks with precision [&hellip;]<\/p>","protected":false},"featured_media":17875,"comment_status":"open","ping_status":"closed","template":"","meta":{"_et_pb_use_builder":"","_et_pb_old_content":"","_et_gb_content_width":""},"product_brand":[],"product_cat":[1546],"product_tag":[1547,1496],"class_list":{"0":"post-18918","1":"product","2":"type-product","3":"status-publish","4":"has-post-thumbnail","6":"product_cat-boom-cylinders","7":"product_tag-boom-cylinders","8":"product_tag-hydraulic-cylinders","10":"first","11":"instock","12":"shipping-taxable","13":"product-type-simple"},"amp_enabled":true,"_links":{"self":[{"href":"https:\/\/www.hydraulic-cylinders.net\/lt\/wp-json\/wp\/v2\/product\/18918","targetHints":{"allow":["GET"]}}],"collection":[{"href":"https:\/\/www.hydraulic-cylinders.net\/lt\/wp-json\/wp\/v2\/product"}],"about":[{"href":"https:\/\/www.hydraulic-cylinders.net\/lt\/wp-json\/wp\/v2\/types\/product"}],"replies":[{"embeddable":true,"href":"https:\/\/www.hydraulic-cylinders.net\/lt\/wp-json\/wp\/v2\/comments?post=18918"}],"wp:featuredmedia":[{"embeddable":true,"href":"https:\/\/www.hydraulic-cylinders.net\/lt\/wp-json\/wp\/v2\/media\/17875"}],"wp:attachment":[{"href":"https:\/\/www.hydraulic-cylinders.net\/lt\/wp-json\/wp\/v2\/media?parent=18918"}],"wp:term":[{"taxonomy":"product_brand","embeddable":true,"href":"https:\/\/www.hydraulic-cylinders.net\/lt\/wp-json\/wp\/v2\/product_brand?post=18918"},{"taxonomy":"product_cat","embeddable":true,"href":"https:\/\/www.hydraulic-cylinders.net\/lt\/wp-json\/wp\/v2\/product_cat?post=18918"},{"taxonomy":"product_tag","embeddable":true,"href":"https:\/\/www.hydraulic-cylinders.net\/lt\/wp-json\/wp\/v2\/product_tag?post=18918"}],"curies":[{"name":"wp","href":"https:\/\/api.w.org\/{rel}","templated":true}]}}