{"id":18920,"date":"2025-04-07T06:02:18","date_gmt":"2025-04-07T06:02:18","guid":{"rendered":"https:\/\/www.hydraulic-cylinders.net\/product\/boom-cylinder-for-caterpillar-small-excavator-e305ecr\/"},"modified":"2025-04-07T06:02:21","modified_gmt":"2025-04-07T06:02:21","slug":"boom-cylinder-for-caterpillar-small-excavator-e305ecr","status":"publish","type":"product","link":"https:\/\/www.hydraulic-cylinders.net\/lt\/produktas\/boom-cylinder-for-caterpillar-small-excavator-e305ecr\/","title":{"rendered":"Str\u0117l\u0117s cilindras Caterpillar ma\u017eam ekskavatoriui E305ECR"},"content":{"rendered":"<h1>Str\u0117l\u0117s cilindras Caterpillar ma\u017eam ekskavatoriui E305ECR<\/h1>\n<h2>Produkto ap\u017evalga<\/h2>\n<p>\u201eCaterpillar\u201c ma\u017eojo ekskavatoriaus E305ECR str\u0117l\u0117s cilindras yra esminis hidraulinis komponentas, atliekantis lemiam\u0105 vaidmen\u012f sunkiosios technikos veikime. \u0160io tipo hidraulinis cilindras yra specialiai sukurtas ekskavatoriaus kau\u0161\u0173 judesiams valdyti, leid\u017eiant operatoriams efektyviai pakelti, nuleisti ir pakreipti kau\u0161\u0105. \u0160i galimyb\u0117 yra labai svarbi atliekant \u012fvairias med\u017eiag\u0173 tvarkymo u\u017eduotis, \u012fskaitant kasim\u0105, pakrovim\u0105 ir med\u017eiag\u0173 transportavim\u0105.<\/p>\n<p><img decoding=\"async\" src=\"https:\/\/www.hydraulic-cylinders.net\/wp-content\/uploads\/2025\/04\/songte-company-1.webp\" alt=\"Ekskavatoriaus str\u0117l\u0117s cilindras\" \/><\/p>\n<h3>Kau\u0161o cilindr\u0173 apibr\u0117\u017eimas ir taikymas<\/h3>\n<p>Kau\u0161o cilindrai, dar vadinami hidrauliniais cilindrais, yra specializuoti \u012ftaisai, naudojami sunkiosiose ma\u0161inose, tokiose kaip ekskavatoriai, ekskavatoriniai krautuvai ir frontaliniai krautuvai. \u0160ie cilindrai palengvina kau\u0161o jud\u0117jim\u0105, leisdami jam atlikti esmines funkcijas statybos ir kasimo darbuose. Jie naudoja hidraulinio skys\u010dio sl\u0117g\u012f, kad sukurt\u0173 j\u0117g\u0105, kuri i\u0161ple\u010dia arba atitraukia cilindr\u0105, leisdama kau\u0161ui efektyviai atlikti \u012fvairias operacijas.<\/p>\n<h2>Produkto savyb\u0117s<\/h2>\n<ul>\n<li><strong>Didelis stiprumas ir ilgaam\u017ei\u0161kumas:<\/strong> Pagaminti i\u0161 didelio stiprumo plieno arba aliuminio, \u0161ie cilindrai gali atlaikyti auk\u0161t\u0105 sl\u0117g\u012f ir dideles apkrovas, tod\u0117l jie tinka at\u0161iaurioms darbo aplinkoms ir u\u017etikrina ilgaam\u017ei\u0161kum\u0105.<\/li>\n<li><strong>Efektyvus hidraulinis valdymas:<\/strong> Hidraulin\u0117s alyvos sl\u0117gis u\u017etikrina skland\u0173 ir greit\u0105 i\u0161pl\u0117tim\u0105 bei \u012ftraukim\u0105, u\u017etikrinant galing\u0105 traukimo ir st\u016bmimo j\u0117g\u0105, idealiai tinkan\u010di\u0105 sunki\u0173 med\u017eiag\u0173 tvarkymui.<\/li>\n<li><strong>\u012evair\u016bs tipai:<\/strong> \u0160ie cilindrai, kurie yra vienpusio veikimo (veikiantys viena kryptimi) ir dvigubo veikimo (veikiantys abiem kryptimis) variantai, gali b\u016bti pritaikyti konkretiems eksploatavimo reikalavimams.<\/li>\n<li><strong>Vietos taupymo dizainas:<\/strong> Kai kurie modeliai pasi\u017eymi teleskopin\u0117mis konstrukcijomis, kurios leid\u017eia didesn\u012f i\u0161pl\u0117tim\u0105 nepadidinant i\u0161orini\u0173 matmen\u0173, tod\u0117l idealiai tinka naudoti vietose, kur erdv\u0117 ribota.<\/li>\n<\/ul>\n<h3>M\u016bs\u0173 gamybos paj\u0117gumai<\/h3>\n<p>Did\u017eiuojam\u0117s gamindami \u0161\u012f produkt\u0105, si\u016blydami hidraulinius cilindrus, kurie puikiai pakei\u010dia originalius \u012frenginius. M\u016bs\u0173 \u012fsipareigojimas kokybei u\u017etikrina, kad m\u016bs\u0173 gaminiai atitinka ir vir\u0161ija pramon\u0117s standartus.<\/p>\n<p><img decoding=\"async\" src=\"https:\/\/www.hydraulic-cylinders.net\/wp-content\/uploads\/2025\/04\/songte-cylinder-head-with-all-kinds-excavator-models.webp\" alt=\"Hidraulini\u0173 cilindr\u0173 gamyba\" \/><\/p>\n<h2>Taikymo scenarijai<\/h2>\n<h3>Statybin\u0117 \u012franga<\/h3>\n<p>Ekskavatoriuose str\u0117l\u0117s cilindrai yra labai svarb\u016bs kasant, kraunant ir perkeliant \u017eem\u0119 ar \u0161iuk\u0161les. Jie leid\u017eia kau\u0161ui efektyviai \u012fsiskverbti \u012f \u017eem\u0119, tod\u0117l galima greitai atlikti kasimo darbus. Ekskavatoriuose-krautuvuose str\u0117l\u0117s cilindras padeda tiek kasimo, tiek k\u0117limo operacijose, padidindamas na\u0161um\u0105 darbo vietose.<\/p>\n<h3>\u017dem\u0117s \u016bkio technika<\/h3>\n<p>Priekiniai krautuvai naudoja str\u0117l\u0117s cilindrus dirvo\u017eemiui, \u0161ienui ir kitoms med\u017eiagoms semti, kelti ir transportuoti. Efektyvus \u0161i\u0173 cilindr\u0173 veikimas yra gyvybi\u0161kai svarbus atliekant \u017eem\u0117s \u016bkio u\u017eduotis, u\u017etikrinant, kad \u016bkininkai gal\u0117t\u0173 efektyviai ir minimaliomis pastangomis tvarkyti med\u017eiagas.<\/p>\n<h3>Kasimo u\u017eduotys<\/h3>\n<p>\u012eprastuose ekskavatoriuose str\u0117l\u0117s cilindras leid\u017eia kau\u0161ui \u012fsiskverbti \u012f dirv\u0105, taip \u012fgalinant efektyvius kasimo veiksmus. \u0160i funkcija yra labai svarbi norint greitai ir efektyviai atlikti kasimo darbus, o tai labai veikia projekto terminus.<\/p>\n<h3>Krautuvo operacijos<\/h3>\n<p>Priekiniuose krautuvuose str\u0117l\u0117s cilindrai padeda efektyviai kelti ir i\u0161versti med\u017eiagas. J\u0173 patikimas veikimas u\u017etikrina, kad krautuvas gali valdyti sunkius krovinius, o tai prisideda prie pakrovimo ir i\u0161krovimo proces\u0173 efektyvumo.<\/p>\n<h2>Projektavimo aspektai ir atrankos kriterijai<\/h2>\n<h3>Keliamoji galia<\/h3>\n<p>Renkantis str\u0117l\u0117s cilindr\u0105, labai svarbu suprasti keliam\u0105j\u0105 gali\u0105. Cilindras turi b\u016bti pritaikytas atlaikyti maksimal\u0173 svor\u012f, su kuriuo jis susidurs eksploatacijos metu. Pasirinkus cilindr\u0105 su nepakankama keliam\u0105ja galia, gali \u012fvykti gedimas ir kilti pavojus saugai, pakenkiant tiek \u012frangos, tiek operatoriaus saugumui. B\u016btina \u012fvertinti maksimalius k\u0117limo reikalavimus, atsi\u017evelgiant \u012f atliekamas u\u017eduotis.<\/p>\n<h3>Sandarumas ir ilgaam\u017ei\u0161kumas<\/h3>\n<p>Sandarinimas yra dar vienas svarbus projektavimo aspektas. Sandarikli\u0173 vientisumas apsaugo nuo hidraulinio skys\u010dio nutek\u0117jimo, o tai yra labai svarbu norint palaikyti sl\u0117g\u012f ir u\u017etikrinti efektyv\u0173 veikim\u0105. Auk\u0161tos kokyb\u0117s sandarikliai, pagaminti i\u0161 toki\u0173 med\u017eiag\u0173 kaip poliuretanas arba nitrilo kau\u010diukas, padidina ilgaam\u017ei\u0161kum\u0105 ir atsparum\u0105 dilimui, pailgindami hidraulinio cilindro tarnavimo laik\u0105. Norint i\u0161vengti veikimo problem\u0173, b\u016btina reguliariai tikrinti ir pri\u017ei\u016br\u0117ti sandariklius.<\/p>\n<h3>Saugos funkcijos<\/h3>\n<p>Projektuojant hidraulinius cilindrus, saugos priemon\u0117s yra nepaprastai svarbios. Juose turi b\u016bti mechanizmai, apsaugantys nuo per didelio i\u0161sitempimo ir u\u017etikrinantys, kad cilindras gal\u0117t\u0173 atlaikyti netik\u0117tas apkrovas. Saugos priemoni\u0173, toki\u0173 kaip ribotuvai ir sl\u0117gio ma\u017einimo vo\u017etuvai, \u012fdiegimas yra labai svarbus siekiant apsaugoti tiek ma\u0161inas, tiek operatorius nuo galim\u0173 nelaiming\u0173 atsitikim\u0173.<\/p>\n<h3>Prieinamumas prie prie\u017ei\u016bros<\/h3>\n<p>Projektuojant taip pat reik\u0117t\u0173 atsi\u017evelgti \u012f technin\u0117s prie\u017ei\u016bros prieinamum\u0105. Lengvai aptarnaujami hidrauliniai cilindrai gali \u017eymiai suma\u017einti prastovas ir technin\u0117s prie\u017ei\u016bros i\u0161laidas. Savyb\u0117s, leid\u017eian\u010dios greitai pakeisti sandariklius, tepimo ta\u0161kus ir patikrinimo angas, pagerina bendr\u0105 cilindro naudojimo patogum\u0105 ir ilgaam\u017ei\u0161kum\u0105.<\/p>\n<p><img decoding=\"async\" src=\"https:\/\/www.hydraulic-cylinders.net\/wp-content\/uploads\/2025\/04\/songte-oil-pipes-and-spare-parts.webp\" alt=\"Hidrauliniai komponentai\" \/><\/p>\n<h2>Sandarinimas ir tepimas<\/h2>\n<p>Hidraulini\u0173 cilindr\u0173 efektyvumas labai priklauso nuo tinkamo sandarinimo ir tepimo. Hidrauliniam sl\u0117giui palaikyti naudojami \u012fvair\u016bs sandarikliai, pavyzd\u017eiui, st\u016bmokli\u0173 ir stryp\u0173 sandarikliai. Sandarikliai paprastai gaminami i\u0161 patvari\u0173 med\u017eiag\u0173, \u012fskaitant poliuretan\u0105 ir nitrilo gum\u0105, kad atlaikyt\u0173 dilim\u0105 ir i\u0161vengt\u0173 nuot\u0117kio. Cilindro korpusas ir srieginiai galai yra tiksliai apdirbami, siekiant padidinti atsparum\u0105 dilimui.<\/p>\n<p>Reguliarus tepimas taip pat yra labai svarbus skland\u017eiam veikimui u\u017etikrinti. Norint palaikyti vidini\u0173 komponent\u0173 sutepim\u0105, i\u0161vengti trinties ir dilimo, periodi\u0161kai reikia \u012fpurk\u0161ti pakankam\u0105 kiek\u012f hidraulin\u0117s alyvos. Norint i\u0161laikyti cilindro veikim\u0105 ir ilgaam\u017ei\u0161kum\u0105, b\u016btina laikytis nustatyto tepimo grafiko.<\/p>\n<h2>Prevencin\u0117s prie\u017ei\u016bros priemon\u0117s<\/h2>\n<ul>\n<li><strong>Reguliar\u016bs patikrinimai:<\/strong> Reguliar\u016bs patikrinimai padeda nustatyti galimas problemas, kol jos nepa\u016bm\u0117jo. Patikrinkite, ar n\u0117ra susid\u0117v\u0117jimo, nuot\u0117ki\u0173 ir komponent\u0173 susid\u0117v\u0117jimo po\u017eymi\u0173, kad u\u017etikrintum\u0117te optimal\u0173 cilindro veikim\u0105.<\/li>\n<li><strong>Tinkamas tepimas:<\/strong> Visada u\u017etikrinkite, kad cilindras b\u016bt\u0173 tinkamai suteptas. Naudokite rekomenduojam\u0105 hidraulin\u0119 alyv\u0105 ir laikykit\u0117s tepimo grafiko, kad i\u0161laikytum\u0117te na\u0161um\u0105.<\/li>\n<li><strong>Sandariklio keitimas:<\/strong> Tarpikliai tur\u0117t\u0173 b\u016bti periodi\u0161kai kei\u010diami, atsi\u017evelgiant \u012f patikrinimo rezultatus. Susid\u0117v\u0117j\u0119 tarpikliai gali sukelti skys\u010dio nuot\u0117k\u012f, kuris turi \u012ftakos hidraulin\u0117s sistemos efektyvumui ir gali j\u0105 sugadinti.<\/li>\n<\/ul>\n<h2>\u012erengimo gair\u0117s<\/h2>\n<p>Tinkamas str\u0117l\u0117s cilindro montavimas yra b\u016btinas optimaliam veikimui. Pirmiausia \u012fsitikinkite, kad tvirtinimo laikikliai yra \u0161var\u016bs ir be joki\u0173 \u0161iuk\u0161li\u0173. Tiksliai sulygiuokite cilindr\u0105 su tvirtinimo ta\u0161kais, kad i\u0161vengtum\u0117te nesuderinamumo, kuris gali sukelti prie\u0161laikin\u012f susid\u0117v\u0117jim\u0105.<\/p>\n<p>Cilindrui pritvirtinti naudokite tinkamus tvirtinimo elementus, b\u016btinai priver\u017edami var\u017etus pagal gamintojo specifikacijas. \u012edieg\u0119, prie\u0161 naudodami dar kart\u0105 patikrinkite cilindro lygiavim\u0105 ir veikim\u0105. Tinkamas lygiavimas u\u017etikrina skland\u0173 ir efektyv\u0173 cilindro veikim\u0105, suma\u017eina susid\u0117v\u0117jim\u0105 ir pailgina jo tarnavimo laik\u0105.<\/p>\n<h2>\u012eprastos prie\u017ei\u016bros u\u017eduotys<\/h2>\n<h3>Reguliar\u016bs patikrinimai<\/h3>\n<p>Reguliar\u016bs patikrinimai yra labai svarb\u016bs norint i\u0161laikyti str\u0117l\u0117s cilindro veikim\u0105 ir saug\u0105. Darbo metu ie\u0161kokite skys\u010di\u0173 nuot\u0117kio, susid\u0117v\u0117jimo ir ne\u012fprast\u0173 gars\u0173 po\u017eymi\u0173. Reguliar\u016bs patikrinimai leid\u017eia operatoriams anksti pasteb\u0117ti problemas ir i\u0161vengti brangaus remonto.<\/p>\n<h3>Tinkamas tepimas<\/h3>\n<p>Tinkamas hidraulinio cilindro sutepimas yra b\u016btinas norint i\u0161vengti nusid\u0117v\u0117jimo. Reguliarus tepimo lygio tikrinimas ir hidraulin\u0117s alyvos naudojimas pagal poreik\u012f yra labai svarb\u016bs skland\u017eiam veikimui palaikyti. Tinkamas tepimas suma\u017eina trint\u012f tarp judan\u010di\u0173 dali\u0173, o tai gali pailginti cilindro tarnavimo laik\u0105.<\/p>\n<h3>Sandariklio keitimas<\/h3>\n<p>Sandarikliai yra svarbiausi komponentai, kuriuos reikia periodi\u0161kai keisti. Reguliariai tikrinkite sandarikli\u0173 b\u016bkl\u0119 ir pakeiskite juos, jei pastebite koki\u0173 nors susid\u0117v\u0117jimo ar pa\u017eeidimo po\u017eymi\u0173. U\u017etikrindami, kad sandarikliai b\u016bt\u0173 geros b\u016bkl\u0117s, i\u0161vengsite hidraulinio skys\u010dio nuot\u0117kio ir palaikysite sl\u0117g\u012f sistemoje, taip skatindami efektyv\u0173 veikim\u0105.<\/p>\n<p><img decoding=\"async\" src=\"https:\/\/www.hydraulic-cylinders.net\/wp-content\/uploads\/2025\/04\/songte-chushion-collar.webp\" alt=\"Hidraulini\u0173 cilindr\u0173 dalys\" \/><\/p>\n<h2>Saugos aspektai ir aplinkos veiksniai<\/h2>\n<p>Dirbant su hidrauliniais cilindrais, saugos priemon\u0117s yra nepaprastai svarbios. Operatoriai turi \u017einoti apie galimus pavojus, susijusius su auk\u0161to sl\u0117gio sistemomis. Tinkami mokymai apie saug\u0173 darb\u0105, avarines proced\u016bras ir saugos protokol\u0173 laikym\u0105si yra b\u016btini siekiant suma\u017einti rizik\u0105.<\/p>\n<p>Be to, reik\u0117t\u0173 atsi\u017evelgti \u012f aplinkos veiksnius. Tinkamas hidraulini\u0173 skys\u010di\u0173 tvarkymas ir \u0161alinimas apsaugo aplink\u0105 ir darbuotoj\u0173 saug\u0105. I\u0161siliejimo prevencijos strategij\u0173 \u012fgyvendinimas ir aplinkai nekenksmingos praktikos laikymasis didina bendr\u0105 saug\u0105 ir tvarum\u0105.<\/p>\n<h2>Gedim\u0173 diagnostika ir da\u017eniausios problemos<\/h2>\n<ul>\n<li><strong>Skys\u010di\u0173 nuot\u0117kiai:<\/strong> Skys\u010di\u0173 nuot\u0117kiai da\u017enai yra susid\u0117v\u0117jusi\u0173 sandarikli\u0173 arba pa\u017eeist\u0173 komponent\u0173 po\u017eymis. Reguliarus sandarikli\u0173 patikrinimas ir savalaikis keitimas yra labai svarb\u016bs siekiant i\u0161vengti eksploatacini\u0173 problem\u0173.<\/li>\n<li><strong>Suma\u017eintas na\u0161umas:<\/strong> Jei cilindras skland\u017eiai nei\u0161sitraukia arba nesusitraukia, tai gali rodyti \u017eem\u0105 hidraulinio skys\u010dio lyg\u012f arba vidinius pa\u017eeidimus. Norint nustatyti ir i\u0161spr\u0119sti problem\u0105, b\u016btina patikrinti skys\u010dio lyg\u012f ir atlikti i\u0161samius patikrinimus.<\/li>\n<li><strong>Ne\u012fprasti garsai:<\/strong> Bet kokie ne\u012fprasti garsai veikimo metu gali rodyti mechanines problemas. Greitas triuk\u0161mo \u0161altinio i\u0161tyrimas gali pad\u0117ti i\u0161vengti tolesn\u0117s \u017ealos ir u\u017etikrinti saugum\u0105.<\/li>\n<\/ul>\n<h2>Trik\u010di\u0173 \u0161alinimo patarimai<\/h2>\n<p>Nor\u0117dami veiksmingai diagnozuoti ir i\u0161spr\u0119sti problemas, operatoriai tur\u0117t\u0173 laikytis sistemingo po\u017ei\u016brio. Prad\u0117kite nuo vizualin\u0117s ap\u017ei\u016bros, kad nustatytum\u0117te visas akivaizd\u017eias problemas, pvz., nuot\u0117kius ar nesuderinamum\u0105. Tada patikrinkite hidraulinio skys\u010dio lyg\u012f ir, jei reikia, papildykite, kad palaikytum\u0117te sl\u0117g\u012f. Jei girdite ne\u012fprast\u0173 gars\u0173, ap\u017ei\u016br\u0117kite cilindr\u0105, ar n\u0117ra vidinio susid\u0117v\u0117jimo ar pa\u017eeidimo po\u017eymi\u0173.<\/p>\n<p>\u012egyvendinant prevencines priemones, tokias kaip reguliari prie\u017ei\u016bra ir patikrinimai, galima gerokai suma\u017einti galim\u0173 problem\u0173 tikimyb\u0119. Nusta\u010dius \u012fprast\u0105 prie\u017ei\u016bros grafik\u0105, hidraulinis cilindras bus optimalios b\u016bkl\u0117s, suma\u017e\u0117s prastova ir remonto i\u0161laidos.<\/p>\n<p><img decoding=\"async\" src=\"https:\/\/www.hydraulic-cylinders.net\/wp-content\/uploads\/2025\/04\/songte-bushings-with-all-kinds-of-excavator-models.webp\" alt=\"Ekskavatoriaus \u012fvor\u0117s\" \/><\/p>\n<h2>Apie m\u016bs\u0173 \u012fmon\u0119<\/h2>\n<p>Esame pirmaujantis pakaitini\u0173 hidraulini\u0173 cilindr\u0173 gamintojas, si\u016blantis plat\u0173 gamini\u0173 asortiment\u0105, skirt\u0105 tiek vidaus, tiek tarptautinei rinkai. M\u016bs\u0173 \u012fsipareigojimas siekti nepriekai\u0161tingos kokyb\u0117s ir tikslios gamybos \u012ftvirtino mus kaip pagrindin\u012f tiek\u0117j\u0105 hidraulini\u0173 cilindr\u0173 pramon\u0117je.<\/p>\n<p>M\u016bs\u0173 moderniausios gamybos \u012fmon\u0117s naudoja pa\u017eangias technologijas ir dirba kvalifikuoti specialistai, siekdamos padidinti m\u016bs\u0173 gamybos paj\u0117gumus. Laikom\u0117s grie\u017et\u0173 kokyb\u0117s kontrol\u0117s proces\u0173 ir tarptautini\u0173 sertifikat\u0173, kad u\u017etikrintume, jog kiekvienas produktas atitikt\u0173 auk\u0161\u010diausius pramon\u0117s standartus. Be to, si\u016blome individualius sprendimus, kad patenkintume konkre\u010dius m\u016bs\u0173 klient\u0173 poreikius.<\/p>\n<p>M\u016bs\u0173 garantinio aptarnavimo skyrius yra skirtas teikti nuolatin\u0119 param\u0105 klientams, u\u017etikrinant, kad j\u0173 poreikiai b\u016bt\u0173 patenkinti net ir po pirkimo. M\u016bs\u0173 profesionali komanda visada pasiruo\u0161usi pad\u0117ti su visais klausimais, remontuoti ar pakeisti prekes.<\/p>\n<p><img decoding=\"async\" src=\"https:\/\/www.hydraulic-cylinders.net\/wp-content\/uploads\/2025\/04\/songte-company-4.webp\" alt=\"\u012emon\u0117s ap\u017evalga\" \/><br \/>\n<img decoding=\"async\" src=\"https:\/\/www.hydraulic-cylinders.net\/wp-content\/uploads\/2025\/04\/songte-company-3.webp\" alt=\"Gamybos \u012fmon\u0117\" \/><\/p>\n<p>Autorius: lyl<\/p>","protected":false},"excerpt":{"rendered":"<p>Boom Cylinder For Caterpillar Small Excavator E305ECR Product Overview The Boom Cylinder for Caterpillar Small Excavator E305ECR is an essential hydraulic component that plays a pivotal role in the functionality of heavy machinery. This type of hydraulic cylinder is specifically designed to control the movements of excavator buckets, allowing operators to lift, lower, and tilt [&hellip;]<\/p>","protected":false},"featured_media":17877,"comment_status":"open","ping_status":"closed","template":"","meta":{"_et_pb_use_builder":"","_et_pb_old_content":"","_et_gb_content_width":""},"product_brand":[],"product_cat":[1546],"product_tag":[1547,1496],"class_list":{"0":"post-18920","1":"product","2":"type-product","3":"status-publish","4":"has-post-thumbnail","6":"product_cat-boom-cylinders","7":"product_tag-boom-cylinders","8":"product_tag-hydraulic-cylinders","10":"first","11":"instock","12":"shipping-taxable","13":"product-type-simple"},"amp_enabled":true,"_links":{"self":[{"href":"https:\/\/www.hydraulic-cylinders.net\/lt\/wp-json\/wp\/v2\/product\/18920","targetHints":{"allow":["GET"]}}],"collection":[{"href":"https:\/\/www.hydraulic-cylinders.net\/lt\/wp-json\/wp\/v2\/product"}],"about":[{"href":"https:\/\/www.hydraulic-cylinders.net\/lt\/wp-json\/wp\/v2\/types\/product"}],"replies":[{"embeddable":true,"href":"https:\/\/www.hydraulic-cylinders.net\/lt\/wp-json\/wp\/v2\/comments?post=18920"}],"wp:featuredmedia":[{"embeddable":true,"href":"https:\/\/www.hydraulic-cylinders.net\/lt\/wp-json\/wp\/v2\/media\/17877"}],"wp:attachment":[{"href":"https:\/\/www.hydraulic-cylinders.net\/lt\/wp-json\/wp\/v2\/media?parent=18920"}],"wp:term":[{"taxonomy":"product_brand","embeddable":true,"href":"https:\/\/www.hydraulic-cylinders.net\/lt\/wp-json\/wp\/v2\/product_brand?post=18920"},{"taxonomy":"product_cat","embeddable":true,"href":"https:\/\/www.hydraulic-cylinders.net\/lt\/wp-json\/wp\/v2\/product_cat?post=18920"},{"taxonomy":"product_tag","embeddable":true,"href":"https:\/\/www.hydraulic-cylinders.net\/lt\/wp-json\/wp\/v2\/product_tag?post=18920"}],"curies":[{"name":"wp","href":"https:\/\/api.w.org\/{rel}","templated":true}]}}