{"id":18923,"date":"2025-04-07T06:02:26","date_gmt":"2025-04-07T06:02:26","guid":{"rendered":"https:\/\/www.hydraulic-cylinders.net\/product\/boom-cylinder-for-caterpillar-small-excavator-e314dcr\/"},"modified":"2025-04-07T06:02:28","modified_gmt":"2025-04-07T06:02:28","slug":"boom-cylinder-for-caterpillar-small-excavator-e314dcr","status":"publish","type":"product","link":"https:\/\/www.hydraulic-cylinders.net\/lt\/produktas\/boom-cylinder-for-caterpillar-small-excavator-e314dcr\/","title":{"rendered":"Str\u0117l\u0117s cilindras Caterpillar ma\u017eam ekskavatoriui E314DCR"},"content":{"rendered":"<h1>Str\u0117l\u0117s cilindras Caterpillar ma\u017eam ekskavatoriui E314DCR<\/h1>\n<h2>Produkto ap\u017evalga<\/h2>\n<p>Str\u0117l\u0117s cilindras yra gyvybi\u0161kai svarbus hidraulini\u0173 sistem\u0173 komponentas, specialiai sukurtas valdyti kau\u0161\u0173 jud\u0117jim\u0105 sunkiosiose ma\u0161inose, tokiose kaip ekskavatoriai, ekskavatoriniai krautuvai ir frontaliniai krautuvai. Jis leid\u017eia kau\u0161ui pakilti, nuleisti ir pakreipti, taip palengvindamas efektyv\u0173 med\u017eiag\u0173 tvarkym\u0105. Kau\u0161o cilindras yra hidraulinio cilindro tipas, kuris naudoja hidraulin\u012f skyst\u012f tiesiniam jud\u0117jimui generuoti, leid\u017eiant\u012f tiksliai valdyti kau\u0161o pad\u0117t\u012f.<\/p>\n<p><img decoding=\"async\" src=\"https:\/\/www.hydraulic-cylinders.net\/wp-content\/uploads\/2025\/04\/songte-company-1.webp\" alt=\"Ekskavatori\u0173 str\u0117l\u0117s cilindras\"><\/p>\n<h3>Apibr\u0117\u017eimas ir funkcionalumas<\/h3>\n<p>I\u0161 esm\u0117s str\u0117l\u0117s cilindras veikia paversdamas hidraulin\u012f sl\u0117g\u012f mechanine j\u0117ga, kuri yra b\u016btina norint kelti ir perkelti sunkius krovinius. Hidraulin\u0117 sistema veikia sl\u0117giu hidraulin\u012f skyst\u012f, kuris veikia cilindr\u0105, priversdamas j\u012f i\u0161sitiesti arba susitraukti. \u0160is veiksmas yra labai svarbus atliekant \u012fvairias kasimo u\u017eduotis, tod\u0117l jis yra kertinis akmuo statybin\u0117s ir \u017eem\u0117s \u016bkio \u012frangos eksploatavimo procese.<\/p>\n<h2>Str\u0117l\u0117s cilindro savyb\u0117s<\/h2>\n<ul>\n<li><strong>Didelis stiprumas ir ilgaam\u017ei\u0161kumas:<\/strong> \u0160ie cilindrai, pagaminti i\u0161 didelio stiprumo plieno arba aliuminio, gali atlaikyti auk\u0161t\u0105 sl\u0117g\u012f ir dideles apkrovas, tod\u0117l tinkami naudoti at\u0161iauriomis darbo s\u0105lygomis. Konstrukcijoje pabr\u0117\u017eiamas atsparumas dilimui ir apsauga nuo korozijos, taip pailginant j\u0173 tarnavimo laik\u0105.<\/li>\n<li><strong>Efektyvus hidraulinis valdymas:<\/strong> Str\u0117l\u0117s cilindras naudoja hidraulinio skys\u010dio sl\u0117g\u012f, kad str\u0117l\u0117 skland\u017eiai i\u0161skleist\u0173 ir atitraukt\u0173, greitai reaguodamas \u012f operacines komandas ir u\u017etikrindamas dideles st\u016bmimo bei traukimo j\u0117gas, idealiai tinkan\u010dias sunkioms ir sud\u0117tingoms u\u017eduotims atlikti.<\/li>\n<li><strong>\u012evair\u016bs tipai:<\/strong> Klientai gali rinktis i\u0161 vienpusio veikimo (hidraulinio sl\u0117gio naudojimas viena kryptimi) arba dvipusio veikimo (hidraulinio sl\u0117gio naudojimas abiem kryptimis) cilindr\u0173, kad patenkint\u0173 skirtingus eksploatacinius poreikius. Kai kurie modeliai yra teleskopiniai, tod\u0117l juos galima labiau prailginti nedidinant i\u0161orini\u0173 matmen\u0173, tod\u0117l jie puikiai tinka naudoti ribotoje erdv\u0117je.<\/li>\n<\/ul>\n<h3>Gamybos paj\u0117gumai<\/h3>\n<p>Mes specializuojam\u0117s \u0161io produkto gamyboje, u\u017etikrindami, kad m\u016bs\u0173 cilindrai puikiai pakeis esamus hidraulinius cilindrus \u012fvairiose srityse.<\/p>\n<p><img decoding=\"async\" src=\"https:\/\/www.hydraulic-cylinders.net\/wp-content\/uploads\/2025\/04\/songte-cylinder-head-with-all-kinds-excavator-models.webp\" alt=\"Ekskavatoriaus cilindr\u0173 modeliai\"><\/p>\n<h2>Taikymo scenarijai<\/h2>\n<h3>Statybin\u0117 \u012franga<\/h3>\n<p>Str\u0117l\u0117s cilindras da\u017enai randamas ekskavatoriuose, kur jis atlieka labai svarb\u0173 vaidmen\u012f kasant, kraunant ir perkeliant grunt\u0105 ar \u0161iuk\u0161les. Ekskavatoriuose-krautuvuose kau\u0161o cilindras padeda ne tik kasti, bet ir kelti med\u017eiagas \u012f didesn\u012f auk\u0161t\u012f. \u0160is universalumas yra b\u016btinas statybviet\u0117se, nes leid\u017eia efektyviai valdyti med\u017eiagas ir u\u017etikrinti veiklos lankstum\u0105.<\/p>\n<h3>\u017dem\u0117s \u016bkio technika<\/h3>\n<p>Priekiniuose krautuvuose str\u0117l\u0117s cilindras naudojamas dirvo\u017eemiui, \u0161ienui ir kitoms med\u017eiagoms semti, kelti ir transportuoti. Jis padidina \u017eem\u0117s \u016bkio darb\u0173 efektyvum\u0105, nes leid\u017eia greitai ir efektyviai pakrauti ir i\u0161krauti med\u017eiagas, u\u017etikrinant, kad tokios u\u017eduotys kaip sodinimas ar derliaus nu\u0117mimas b\u016bt\u0173 atliekamos skland\u017eiai ir be nereikaling\u0173 prastov\u0173.<\/p>\n<h3>Ekskavatoriai<\/h3>\n<p>Kau\u0161o cilindras leid\u017eia ekskavatoriui \u012fsiskverbti \u012f \u017eem\u0119, palengvindamas efektyvius kasimo darbus. \u0160i galimyb\u0117 yra labai svarbi esant \u012fvairioms geologin\u0117ms s\u0105lygoms, u\u017etikrinant, kad operatoriai gal\u0117t\u0173 tiksliai ir lengvai atlikti \u012fvairias u\u017eduotis \u2013 nuo \u200b\u200btran\u0161\u0117j\u0173 kasimo iki pamat\u0173 kasimo.<\/p>\n<h3>Krautuvai<\/h3>\n<p>Priekiniuose krautuvuose str\u0117l\u0117s cilindrai padeda efektyviai pakelti ir i\u0161versti krovinius. Cilindro geb\u0117jimas veikti \u012fvairiais kampais maksimaliai padidina krautuvo efektyvum\u0105, leisdamas operatoriams greitai ir efektyviai atlikti \u012fvairias krovimo u\u017eduotis.<\/p>\n<h2>Projektavimo aspektai ir atrankos kriterijai<\/h2>\n<h3>Keliamoji galia<\/h3>\n<p>Renkantis str\u0117l\u0117s cilindr\u0105, labai svarbu atsi\u017evelgti \u012f jo keliam\u0105j\u0105 gali\u0105. \u0160is aspektas lemia maksimal\u0173 svor\u012f, kur\u012f cilindras gali efektyviai atlaikyti nepakenkdamas na\u0161umui ar saugumui. Cilindro keliamoji galia turi atitikti \u012fprastas operacijas, kurioms jis bus naudojamas, u\u017etikrinant, kad jis gal\u0117t\u0173 saugiai pakelti ir perkelti numatytus krovinius be gedimo rizikos.<\/p>\n<h3>Sandarumo vientisumas<\/h3>\n<p>Sandarinimas yra dar vienas svarbus aspektas. Sandarikli\u0173 kokyb\u0117 lemia hidraulin\u0117s sistemos efektyvum\u0105, apsaugo nuo nuot\u0117ki\u0173 ir palaiko sl\u0117g\u012f. Auk\u0161tos kokyb\u0117s sandarikliai, pavyzd\u017eiui, pagaminti i\u0161 poliuretano ir nitrilo kau\u010diuko, yra b\u016btini norint u\u017etikrinti ilgaam\u017ei\u0161kum\u0105 ir patikimum\u0105 eksploatacijos metu. Tinkamas sandarinimas suma\u017eina prie\u017ei\u016bros poreik\u012f ir pagerina bendr\u0105 na\u0161um\u0105.<\/p>\n<h3>Patvarumas<\/h3>\n<p>Str\u0117l\u0117s cilindro patvarumas yra nepaprastai svarbus, atsi\u017evelgiant \u012f tai, kad \u0161ie komponentai da\u017enai veikia at\u0161iauriomis s\u0105lygomis. Tokie veiksniai kaip atsparumas dilimui ir korozijai daro didel\u0119 \u012ftak\u0105 cilindro tarnavimo laikui. Pasirinkus med\u017eiagas ir dangas, kurios atsparios temperat\u016bros svyravimams, dr\u0117gmei ir abrazyvin\u0117ms med\u017eiagoms, galima pailginti tarnavimo laik\u0105 ir suma\u017einti bendras eksploatavimo i\u0161laidas.<\/p>\n<h3>Saugos funkcijos<\/h3>\n<p>Saugumas yra labai svarbus aspektas projektuojant hidraulinius cilindrus. \u012erengus tokias saugos funkcijas kaip sl\u0117gio ma\u017einimo vo\u017etuvai ir tvirtas konstrukcijos vientisumas, suma\u017einama nelaiming\u0173 atsitikim\u0173 rizika. Laikantis saugos standart\u0173, u\u017etikrinama, kad cilindras veikt\u0173 saugiai, apsaugodamas tiek operatori\u0173, tiek mechanizm\u0105.<\/p>\n<h3>Prieinamumas prie prie\u017ei\u016bros<\/h3>\n<p>Labai svarbu projektuoti taip, kad b\u016bt\u0173 u\u017etikrintas prieinamumas techninei prie\u017ei\u016brai. Cilindras, u\u017etikrinantis lengv\u0105 prieig\u0105 ap\u017ei\u016brai, remontui ir tepimui, gali \u017eymiai suma\u017einti prastovas. \u0160is aspektas padeda u\u017etikrinti, kad technin\u0117s prie\u017ei\u016bros u\u017eduotys b\u016bt\u0173 atliekamos greitai ir efektyviai, i\u0161laikant ma\u0161in\u0173 darbin\u0119 ir produktyvi\u0105 b\u016bkl\u0119.<\/p>\n<p><img decoding=\"async\" src=\"https:\/\/www.hydraulic-cylinders.net\/wp-content\/uploads\/2025\/04\/songte-oil-pipes-and-spare-parts.webp\" alt=\"Hidrauliniai komponentai\"><\/p>\n<h2>Sandarinimas ir tepimas<\/h2>\n<p>Efektyvus sandarinimas ir tepimas yra labai svarb\u016bs optimaliam hidraulini\u0173 cilindr\u0173 veikimui. Siekiant i\u0161vengti skys\u010dio nuot\u0117kio, i\u0161laikant sl\u0117g\u012f, naudojami \u012fvair\u016bs sandarinimo sprendimai, \u012fskaitant st\u016bmokli\u0173 ir kot\u0173 sandariklius. Patvari\u0173 med\u017eiag\u0173, toki\u0173 kaip poliuretanas ir nitrilo kau\u010diukas, pasirinkimas padidina atsparum\u0105 dilimui ir pailgina sandarikli\u0173 tarnavimo laik\u0105.<\/p>\n<p>Cilindro korpusas ir srieginiai galiniai pavir\u0161iai yra kruop\u0161\u010diai apdirbti, siekiant pagerinti atsparum\u0105 dilimui ir u\u017etikrinti ilgalaik\u012f veikim\u0105. Reguliarus tepimas hidrauline alyva yra b\u016btinas norint u\u017etikrinti skland\u0173 veikim\u0105 ir i\u0161vengti judan\u010di\u0173 dali\u0173 susid\u0117v\u0117jimo. Tinkamas tepimas suma\u017eina trint\u012f ir \u0161ilumos susidarym\u0105, skatina efektyv\u0173 veikim\u0105 ir pailgina cilindro tarnavimo laik\u0105.<\/p>\n<h2>Prevencin\u0117s prie\u017ei\u016bros priemon\u0117s<\/h2>\n<ul>\n<li><strong>Reguliar\u016bs patikrinimai:<\/strong> Reguliariai tikrinkite, kad nustatytum\u0117te susid\u0117v\u0117jimo, nuot\u0117kio ar pa\u017eeidimo po\u017eymius. Ankstyvas problem\u0173 nustatymas gali pad\u0117ti i\u0161vengti brangaus remonto ir pailginti \u012frenginio tarnavimo laik\u0105.<\/li>\n<li><strong>Tinkamas tepimas:<\/strong> \u012esitikinkite, kad hidraulin\u0117 alyva yra tinkamai pripildyta ir reguliariai kei\u010diama, kad cilindro komponentai b\u016bt\u0173 tinkamai sutepti.<\/li>\n<li><strong>Sandariklio keitimas:<\/strong> Steb\u0117kite sandarikli\u0173 b\u016bkl\u0119 ir prireikus juos pakeiskite, kad i\u0161laikytum\u0117te sistemos vientisum\u0105 ir efektyvum\u0105.<\/li>\n<\/ul>\n<h2>\u012erengimo gair\u0117s<\/h2>\n<p>Tinkamas str\u0117l\u0117s cilindro montavimas yra b\u016btinas optimaliam veikimui. Pirmiausia \u012fsitikinkite, kad hidraulinis cilindras teisingai sulygiuotas su tvirtinimo ta\u0161kais. Tinkam\u0173 tvirtinimo laikikli\u0173 naudojimas gali labai pad\u0117ti pasiekti teising\u0105 sulygiavim\u0105, i\u0161vengiant per didelio cilindro \u012ftempimo. Prie\u0161 i\u0161bandydami sistem\u0105, \u012fsitikinkite, kad visos hidraulin\u0117s linijos yra tinkamai prijungtos ir kad n\u0117ra nuot\u0117ki\u0173.<\/p>\n<p>Montuojant labai svarbu laikytis gamintojo nurodym\u0173 ir specifikacij\u0173. Patikrinkite, ar cilindras yra tvirtai pritvirtintas ir ar visi sukimosi ta\u0161kai gali laisvai jud\u0117ti be kli\u016b\u010di\u0173. Po montavimo atlikite i\u0161sam\u0173 veikimo patikrinim\u0105, kad \u012fsitikintum\u0117te, jog cilindras veikia taip, kaip numatyta, esant \u012fvairioms apkrovoms.<\/p>\n<h2>\u012eprastos prie\u017ei\u016bros u\u017eduotys<\/h2>\n<h3>Reguliar\u016bs patikrinimai<\/h3>\n<p>Reguliar\u016bs patikrinimai yra labai svarb\u016bs str\u0117l\u0117s cilindro ilgaam\u017ei\u0161kumui. Ie\u0161kokite susid\u0117v\u0117jimo po\u017eymi\u0173, toki\u0173 kaip \u012fbr\u0117\u017eimai, \u012flenkimai ar korozija, kurie gali rodyti galimus gedimus. Reguliar\u016bs patikrinimai leid\u017eia anksti \u012fsiki\u0161ti ir u\u017ekirsti keli\u0105 nedideli\u0173 problem\u0173 peraugimui \u012f rimtus remonto darbus.<\/p>\n<h3>Tinkamas tepimas<\/h3>\n<p>Tinkamas tepimas yra b\u016btinas skland\u017eiam hidraulin\u0117s sistemos veikimui. Reguliariai tikrinkite hidraulin\u0117s alyvos lyg\u012f ir \u012fsitikinkite, kad alyva yra \u0161vari ir be ter\u0161al\u0173. Laikui b\u0117gant, hidraulin\u0117 alyva gali suirti, tod\u0117l padid\u0117ja trintis ir cilindro komponent\u0173 susid\u0117v\u0117jimas. Tinkamas tepimas suma\u017eina \u0161i\u0105 rizik\u0105 ir u\u017etikrina efektyv\u0173 cilindro veikim\u0105.<\/p>\n<h3>Sandariklio keitimas<\/h3>\n<p>Tarpikliai yra labai svarb\u016bs hidraulin\u0117s sistemos vientisumui palaikyti. Reguliariai tikrinkite, ar tarpikliai n\u0117ra susid\u0117v\u0117j\u0119 ar pa\u017eeisti, ir prireikus juos pakeiskite. D\u0117l sandarikli\u0173 prie\u017ei\u016bros neatlikimo gali atsirasti skys\u010di\u0173 nuot\u0117ki\u0173, suma\u017e\u0117ti na\u0161umas ir gali b\u016bti pa\u017eeistas hidraulinis cilindras.<\/p>\n<p><img decoding=\"async\" src=\"https:\/\/www.hydraulic-cylinders.net\/wp-content\/uploads\/2025\/04\/songte-chushion-collar.webp\" alt=\"Cilindr\u0173 pagalv\u0117l\u0117s apykakl\u0117\"><\/p>\n<h2>Saugos aspektai ir aplinkos veiksniai<\/h2>\n<p>Naudojant hidraulines sistemas, saugos priemon\u0117s yra nepaprastai svarbios. Operatoriai tur\u0117t\u0173 b\u016bti apmokyti saugiai naudoti hidraulinius cilindrus, suprasti su auk\u0161to sl\u0117gio sistemomis susijusi\u0105 rizik\u0105. Darb\u0173 metu reikia d\u0117v\u0117ti tinkamas asmenines apsaugos priemones (AAP), kad b\u016bt\u0173 suma\u017einta traum\u0173 rizika. Be to, siekiant i\u0161vengti u\u017eter\u0161imo ir apsaugoti gamtos i\u0161teklius, labai svarbu u\u017etikrinti, kad hidraulinis skystis b\u016bt\u0173 tvarkomas saugiai ir utilizuojamas pagal aplinkosaugos reikalavimus.<\/p>\n<h2>Gedim\u0173 diagnostika ir da\u017eniausios problemos<\/h2>\n<ul>\n<li><strong>Nuot\u0117kis:<\/strong> Viena i\u0161 da\u017eniausiai pasitaikan\u010di\u0173 problem\u0173 yra hidraulinio skys\u010dio nuot\u0117kis, kuris gali atsirasti d\u0117l susid\u0117v\u0117jusi\u0173 sandarikli\u0173 arba pa\u017eeist\u0173 jung\u010di\u0173. Jei aptinkamas nuot\u0117kis, labai svarbu nustatyti jo \u0161altin\u012f ir nedelsiant pakeisti sugedusius komponentus.<\/li>\n<li><strong>Suma\u017eintas na\u0161umas:<\/strong> Efektyvumo suma\u017e\u0117jimas da\u017enai rodo vidin\u012f hidraulinio skys\u010dio susid\u0117v\u0117jim\u0105 arba u\u017eter\u0161tum\u0105. Reguliar\u016bs patikrinimai gali pad\u0117ti anksti nustatyti \u0161ias problemas ir laiku atlikti technin\u0119 prie\u017ei\u016br\u0105.<\/li>\n<li><strong>Triuk\u0161mas ir vibracija:<\/strong> Ne\u012fprasti garsai ar vibracija eksploatacijos metu gali signalizuoti apie netinkam\u0105 suderinim\u0105 arba vidinius pa\u017eeidimus. Operatoriai tur\u0117t\u0173 nedelsdami i\u0161tirti \u0161iuos simptomus, kad i\u0161vengt\u0173 tolesni\u0173 komplikacij\u0173.<\/li>\n<\/ul>\n<h3>Trik\u010di\u0173 \u0161alinimo patarimai<\/h3>\n<p>Susid\u016br\u0119 su problemomis, operatoriai tur\u0117t\u0173 taikyti sisteming\u0105 po\u017ei\u016br\u012f problemoms diagnozuoti. Prad\u0117kite nuo hidraulinio skys\u010dio lygio patikrinimo ir ap\u017ei\u016bros, ar n\u0117ra nuot\u0117ki\u0173. Jei na\u0161umas prastas, atsi\u017evelkite \u012f vidinio susid\u0117v\u0117jimo galimyb\u0119 ir suplanuokite i\u0161sam\u0173 patikrinim\u0105. Reguliari prie\u017ei\u016bros praktika, pvz., skys\u010di\u0173 keitimas ir sandarikli\u0173 patikrinimas, gali pad\u0117ti i\u0161vengti problem\u0173 atsiradimo.<\/p>\n<h2>\u012emon\u0117s profilis<\/h2>\n<p>Esame pirmaujantis hidraulini\u0173 cilindr\u0173 gamintojas, specializuojantis \u012fvairi\u0173 pritaikym\u0173 pakaital\u0173 gamyboje. Platus gamini\u0173 asortimentas leido mums tapti pirmaujan\u010diu tiek\u0117ju tiek vidaus, tiek tarptautin\u0117se rinkose. Laikom\u0117s auk\u0161\u010diausios kokyb\u0117s princip\u0173, akcentuodami rafinuotas gamybos strategijas, pagr\u012fstas kvalifikuotais darbuotojais, pa\u017eangia skaitmenine gamybos \u012franga ir i\u0161samiomis bandym\u0173 sistemomis. M\u016bs\u0173 \u012fsipareigojimas nuolat tobul\u0117ti ir laikytis auk\u0161to efektyvumo, tikslumo bei kokyb\u0117s princip\u0173 leid\u017eia mums patenkinti \u012fvairius klient\u0173 poreikius.<\/p>\n<p><img decoding=\"async\" src=\"https:\/\/www.hydraulic-cylinders.net\/wp-content\/uploads\/2025\/04\/songte-company-4.webp\" alt=\"\u012emon\u0117s gamybos \u012frenginiai\"><br \/>\n<img decoding=\"async\" src=\"https:\/\/www.hydraulic-cylinders.net\/wp-content\/uploads\/2025\/04\/songte-company-3.webp\" alt=\"Pa\u017eangi gamybos \u012franga\"><\/p>\n<h2>I\u0161vada<\/h2>\n<p>Mes orientuojam\u0117s \u012f auk\u0161\u010diausios klas\u0117s hidraulini\u0173 sprendim\u0173, atitinkan\u010di\u0173 besikei\u010dian\u010dius m\u016bs\u0173 klient\u0173 poreikius, teikim\u0105. Si\u016blome profesionalias paslaugas, tarptautinius sertifikatus ir individualius sprendimus, pritaikytus konkretiems pramon\u0117s poreikiams. Teikdami patikim\u0105 garantinio aptarnavimo paslaug\u0105, u\u017etikriname, kad m\u016bs\u0173 klientai gaut\u0173 reikiam\u0105 pagalb\u0105 optimaliam j\u0173 hidraulini\u0173 sistem\u0173 veikimui.<\/p>\n<p>Autorius: lyl<\/p>","protected":false},"excerpt":{"rendered":"<p>Boom Cylinder For Caterpillar Small Excavator E314DCR Product Overview The boom cylinder is a vital component in hydraulic systems, specifically designed to control the movement of buckets in heavy machinery such as excavators, backhoe loaders, and front-end loaders. It enables the bucket to lift, lower, and tilt, facilitating efficient material handling operations. The bucket cylinder [&hellip;]<\/p>","protected":false},"featured_media":17880,"comment_status":"open","ping_status":"closed","template":"","meta":{"_et_pb_use_builder":"","_et_pb_old_content":"","_et_gb_content_width":""},"product_brand":[],"product_cat":[1546],"product_tag":[1547,1496],"class_list":{"0":"post-18923","1":"product","2":"type-product","3":"status-publish","4":"has-post-thumbnail","6":"product_cat-boom-cylinders","7":"product_tag-boom-cylinders","8":"product_tag-hydraulic-cylinders","10":"first","11":"instock","12":"shipping-taxable","13":"product-type-simple"},"amp_enabled":true,"_links":{"self":[{"href":"https:\/\/www.hydraulic-cylinders.net\/lt\/wp-json\/wp\/v2\/product\/18923","targetHints":{"allow":["GET"]}}],"collection":[{"href":"https:\/\/www.hydraulic-cylinders.net\/lt\/wp-json\/wp\/v2\/product"}],"about":[{"href":"https:\/\/www.hydraulic-cylinders.net\/lt\/wp-json\/wp\/v2\/types\/product"}],"replies":[{"embeddable":true,"href":"https:\/\/www.hydraulic-cylinders.net\/lt\/wp-json\/wp\/v2\/comments?post=18923"}],"wp:featuredmedia":[{"embeddable":true,"href":"https:\/\/www.hydraulic-cylinders.net\/lt\/wp-json\/wp\/v2\/media\/17880"}],"wp:attachment":[{"href":"https:\/\/www.hydraulic-cylinders.net\/lt\/wp-json\/wp\/v2\/media?parent=18923"}],"wp:term":[{"taxonomy":"product_brand","embeddable":true,"href":"https:\/\/www.hydraulic-cylinders.net\/lt\/wp-json\/wp\/v2\/product_brand?post=18923"},{"taxonomy":"product_cat","embeddable":true,"href":"https:\/\/www.hydraulic-cylinders.net\/lt\/wp-json\/wp\/v2\/product_cat?post=18923"},{"taxonomy":"product_tag","embeddable":true,"href":"https:\/\/www.hydraulic-cylinders.net\/lt\/wp-json\/wp\/v2\/product_tag?post=18923"}],"curies":[{"name":"wp","href":"https:\/\/api.w.org\/{rel}","templated":true}]}}