{"id":18924,"date":"2025-04-07T06:02:28","date_gmt":"2025-04-07T06:02:28","guid":{"rendered":"https:\/\/www.hydraulic-cylinders.net\/product\/boom-cylinder-for-caterpillar-small-excavator-e110-110b\/"},"modified":"2025-04-07T06:02:31","modified_gmt":"2025-04-07T06:02:31","slug":"boom-cylinder-for-caterpillar-small-excavator-e110-110b","status":"publish","type":"product","link":"https:\/\/www.hydraulic-cylinders.net\/lt\/produktas\/boom-cylinder-for-caterpillar-small-excavator-e110-110b\/","title":{"rendered":"Str\u0117l\u0117s cilindras Caterpillar ma\u017eam ekskavatoriui E110\/110B"},"content":{"rendered":"<h1>Str\u0117l\u0117s cilindras Caterpillar ma\u017eam ekskavatoriui E110\/110B<\/h1>\n<h2>Produkto ap\u017evalga<\/h2>\n<p>Str\u0117l\u0117s cilindras yra labai svarbus hidraulinis komponentas, specialiai sukurtas \u201eCaterpillar\u201c ma\u017e\u0173j\u0173 ekskavatori\u0173 modeliams E110 ir E110B. Jis atlieka gyvybi\u0161kai svarb\u0173 vaidmen\u012f valdant str\u0117l\u0117s jud\u0117jim\u0105, leisdamas operatoriui efektyviai pakelti, nuleisti ir pakreipti str\u0117l\u0119. \u0160is hidraulinis cilindras yra b\u016btinas \u012fvairioms sunkiosios technikos u\u017eduotims, tod\u0117l jis yra neatsiejama ekskavatori\u0173, ekskavatori\u0173 ir frontalini\u0173 krautuv\u0173 valdymo dalis. Jis leid\u017eia tiksliai tvarkyti med\u017eiagas, didinant na\u0161um\u0105 statybviet\u0117se ir kitose srityse.<\/p>\n<p><img decoding=\"async\" src=\"https:\/\/www.hydraulic-cylinders.net\/wp-content\/uploads\/2025\/04\/songte-company-1.webp\" alt=\"Str\u0117l\u0117s cilindro vaizdas\"><\/p>\n<h3>Kau\u0161o cilindr\u0173 apibr\u0117\u017eimas ir funkcija<\/h3>\n<p>Kau\u0161o cilindras, hidraulinio cilindro tipas, specialiai naudojamas kau\u0161o judesiams valdyti sunkiosiose ma\u0161inose, tokiose kaip ekskavatoriai, ekskavatoriai ir frontaliniai krautuvai. \u0160is hidraulinis komponentas leid\u017eia operatoriams atlikti gyvybi\u0161kai svarbias u\u017eduotis, tokias kaip kau\u0161o k\u0117limas, nuleidimas ir pakreipimas, o tai yra labai svarbu atliekant med\u017eiag\u0173 tvarkymo operacijas. Kau\u0161o cilindro funkcionalumas yra nepaprastai svarbus norint pasiekti norim\u0105 na\u0161um\u0105 \u012fvairiose srityse, \u012fskaitant kasimo ir med\u017eiag\u0173 transportavimo darbus, tod\u0117l jis yra nepakei\u010diama statybin\u0117s \u012frangos hidraulini\u0173 sistem\u0173 dalis.<\/p>\n<h2>Pagrindin\u0117s str\u0117l\u0117s cilindro savyb\u0117s<\/h2>\n<ul>\n<li><strong>Didelis stiprumas ir ilgaam\u017ei\u0161kumas:<\/strong> Pagamintas i\u0161 didelio stiprumo plieno arba aliuminio, \u0161is cilindras yra skirtas atlaikyti auk\u0161t\u0105 sl\u0117g\u012f ir dideles apkrovas, pritaikytas at\u0161iaurioms darbo aplinkoms, kartu u\u017etikrinant atsparum\u0105 dilimui ir apsaug\u0105 nuo korozijos, kad tarnaut\u0173 ilgiau.<\/li>\n<li><strong>Efektyvus hidraulinis valdymas:<\/strong> Str\u0117l\u0117s cilindras naudoja hidraulin\u0117s alyvos sl\u0117g\u012f, kad b\u016bt\u0173 u\u017etikrintas sklandus i\u0161pl\u0117timas ir \u012ftraukimas, leid\u017eiantis greitai reaguoti \u012f operatoriaus komandas ir u\u017etikrinti dideles st\u016bmimo bei traukimo galimybes, tinkamas sunkioms ir sud\u0117tingoms u\u017eduotims atlikti.<\/li>\n<li><strong>\u012evair\u016bs tipai:<\/strong> Cilindras, tiekiamas kaip vienpusio veikimo (hidraulin\u0117 j\u0117ga naudojama viena kryptimi), tiek dvipusio veikimo (hidraulin\u0117 j\u0117ga naudojama abiem kryptimis), gali b\u016bti pasirinktas atsi\u017evelgiant \u012f konkre\u010dius eksploatacinius reikalavimus. Kai kurie modeliai taip pat yra teleskopin\u0117s konstrukcijos, leid\u017eian\u010dios didesn\u012f i\u0161pl\u0117tim\u0105 nedidinant i\u0161orini\u0173 matmen\u0173, tod\u0117l idealiai tinka naudoti ribotoje erdv\u0117je.<\/li>\n<li><strong>Individuali gamyba:<\/strong> Si\u016blome individualiai pritaikytus sprendimus pakaitini\u0173 hidraulini\u0173 cilindr\u0173 gamybai, kurie puikiai atitinka \u012fvairi\u0173 ma\u0161in\u0173 modeli\u0173 specifikacijas, u\u017etikrindami skland\u0173 integravim\u0105 ir geresn\u012f na\u0161um\u0105.<\/li>\n<\/ul>\n<p><img decoding=\"async\" src=\"https:\/\/www.hydraulic-cylinders.net\/wp-content\/uploads\/2025\/04\/songte-cylinder-head-with-all-kinds-excavator-models.webp\" alt=\"Ekskavatori\u0173 modeliai\"><\/p>\n<h2>Str\u0117l\u0117s cilindro pritaikymas<\/h2>\n<h3>Statybin\u0117 \u012franga<\/h3>\n<p>Ekskavatoriuose str\u0117l\u0117s cilindrai yra gyvybi\u0161kai svarb\u016bs kasant, kraunant ir perkeliant grunt\u0105 ar \u0161iuk\u0161les. Jie leid\u017eia ma\u0161inai efektyviai atlikti \u012fvairias u\u017eduotis \u2013 nuo \u200b\u200btran\u0161\u0117j\u0173 kasimo iki sunki\u0173 med\u017eiag\u0173 k\u0117limo. Tikslus str\u0117l\u0117s cilindro valdymas pagerina operatoriaus geb\u0117jim\u0105 atlikti sud\u0117tingus manevrus, tod\u0117l jis yra b\u016btinas ruo\u0161iant statybviet\u0119 ir atliekant statybos darbus.<\/p>\n<h3>\u017dem\u0117s \u016bkio technika<\/h3>\n<p>Priekiniuose krautuvuose str\u0117l\u0117s cilindrai palengvina dirvo\u017eemio, \u0161ieno ir kit\u0173 med\u017eiag\u0173 grandym\u0105, k\u0117lim\u0105 ir transportavim\u0105. J\u0173 tvirta konstrukcija u\u017etikrina patikim\u0105 na\u0161um\u0105 atliekant sud\u0117tingas \u017eem\u0117s \u016bkio u\u017eduotis, padedant pakrauti ir i\u0161krauti, kartu didinant bendr\u0105 na\u0161um\u0105 \u017eem\u0117s \u016bkio veikloje.<\/p>\n<h3>Kasimo technika<\/h3>\n<p>Ekskavatoriuose str\u0117l\u0117s cilindras leid\u017eia kau\u0161ui efektyviai \u012fsiskverbti \u012f dirv\u0105, palengvindamas kasimo darbus. Tikslus jo valdymas leid\u017eia atlikti \u012fvairius kasimo gylius ir kampus, tod\u0117l jis tinka \u012fvairiems kasimo darbams skirtingose \u200b\u200bvietov\u0117se.<\/p>\n<h3>Krautuvai<\/h3>\n<p>Priekiniuose krautuvuose str\u0117l\u0117s cilindras padeda efektyviai kelti ir i\u0161versti med\u017eiagas. \u0160i galimyb\u0117 yra labai svarbi norint greitai perkelti didelius dirvo\u017eemio ar \u0161iuk\u0161li\u0173 kiekius, o tai \u017eymiai pagerina krautuvo veikimo efektyvum\u0105 ir veiksmingum\u0105 pakrovimo ir i\u0161krovimo metu.<\/p>\n<h2>Projektavimo aspektai ir atrankos standartai<\/h2>\n<h3>Keliamoji galia<\/h3>\n<p>Str\u0117l\u0117s cilindro keliamoji galia yra vienas i\u0161 svarbiausi\u0173 projektavimo aspekt\u0173. Jis turi b\u016bti tinkamai \u012fvertintas, kad atlaikyt\u0173 did\u017eiausias tik\u0117tinas apkrovas eksploatacijos metu. Tai u\u017etikrina, kad cilindras veikt\u0173 saugiai ir efektyviai \u012fvairiomis s\u0105lygomis. Renkantis hidraulin\u012f cilindr\u0105, b\u016btina \u012fvertinti tvarkom\u0173 med\u017eiag\u0173 svor\u012f ir \u012frangai taikomas j\u0117gas, kad cilindras gal\u0117t\u0173 be gedim\u0173 atlaikyti \u0161iuos reikalavimus.<\/p>\n<h3>Sandarinimo efektyvumas<\/h3>\n<p>Sandarinimo savyb\u0117s yra labai svarbios norint i\u0161laikyti hidraulin\u012f efektyvum\u0105 ir i\u0161vengti nuot\u0117ki\u0173. Auk\u0161tos kokyb\u0117s sandarikliai yra sukurti taip, kad atlaikyt\u0173 hidraulin\u0117se sistemose patiriam\u0105 sl\u0117g\u012f, apsaugot\u0173 nuo skys\u010dio praradimo ir kartu u\u017etikrint\u0173 efektyv\u0173 veikim\u0105. Tinkam\u0173 sandarinimo med\u017eiag\u0173, toki\u0173 kaip poliuretanas arba nitrilo kau\u010diukas, pasirinkimas yra labai svarbus siekiant u\u017etikrinti ilgalaik\u012f patikimum\u0105 ir na\u0161um\u0105, suma\u017einant prie\u017ei\u016bros poreik\u012f.<\/p>\n<h3>Patvarumas<\/h3>\n<p>Patvarumas yra svarbus veiksnys, vertinant str\u0117l\u0117s cilindro ilgaam\u017ei\u0161kum\u0105. Jis turi b\u016bti pagamintas i\u0161 med\u017eiag\u0173, kurios gali atlaikyti nusid\u0117v\u0117jim\u0105 ir korozij\u0105 sud\u0117tingomis s\u0105lygomis. Projektavimo ypatyb\u0117se pirmenyb\u0117 tur\u0117t\u0173 b\u016bti teikiama atsparumui erozijai ir nuovargiui, u\u017etikrinant, kad cilindras i\u0161laikyt\u0173 savo eksploatacin\u012f vientisum\u0105 laikui b\u0117gant, o tai ypa\u010d svarbu pramon\u0117s \u0161akose, kuriose \u012franga veikiama at\u0161iauriomis s\u0105lygomis.<\/p>\n<h3>Saugumas<\/h3>\n<p>Projektuojant ir renkantis str\u0117l\u0117s cilindr\u0105, saugumas yra svarbiausias dalykas. Tokios savyb\u0117s kaip sl\u0117gio ma\u017einimo vo\u017etuvai ir tvirta konstrukcija padeda suma\u017einti su hidrauliniais gedimais susijusi\u0105 rizik\u0105. U\u017etikrinus, kad cilindras b\u016bt\u0173 suprojektuotas atsi\u017evelgiant \u012f saugum\u0105, apsaugomi ir operatoriai, ir ma\u0161inos, suma\u017einant nelaiming\u0173 atsitikim\u0173 tikimyb\u0119 eksploatacijos metu.<\/p>\n<h3>Prie\u017ei\u016bra<\/h3>\n<p>Lengva prie\u017ei\u016bra yra labai svarbus projektavimo aspektas, turintis \u012ftakos str\u0117l\u0117s cilindro veikimo efektyvumui. Cilindras tur\u0117t\u0173 b\u016bti suprojektuotas taip, kad b\u016bt\u0173 galima j\u012f pasiekti, reguliariai ap\u017ei\u016br\u0117ti ir atlikti technin\u0119 prie\u017ei\u016br\u0105 be per didelio i\u0161montavimo. Tinkama konstrukcija palengvina \u012fprastinius technin\u0117s prie\u017ei\u016bros darbus, tokius kaip sandarikli\u0173 keitimas ir tepimas, u\u017etikrinant, kad cilindras i\u0161likt\u0173 optimalios darbin\u0117s b\u016bkl\u0117s ir pailgint\u0173 jo tarnavimo laik\u0105.<\/p>\n<p><img decoding=\"async\" src=\"https:\/\/www.hydraulic-cylinders.net\/wp-content\/uploads\/2025\/04\/songte-oil-pipes-and-spare-parts.webp\" alt=\"Hidraulin\u0117s dalys\"><\/p>\n<h2>Sandarinimas ir tepimas<\/h2>\n<p>Efektyvus sandarinimas ir tepimas yra b\u016btini skland\u017eiam str\u0117l\u0117s cilindr\u0173 veikimui. Hidraulinio skys\u010dio vientisumui palaikyti naudojami \u012fvair\u016bs sandarinimo komponentai, tokie kaip st\u016bmokli\u0173 ir stryp\u0173 sandarikliai. I\u0161 dilimui atspari\u0173 med\u017eiag\u0173, toki\u0173 kaip poliuretanas ir nitrilo kau\u010diukas, pagaminti sandarikliai parenkami d\u0117l j\u0173 ilgaam\u017ei\u0161kumo ir veiksmingumo apsaugant nuo nuot\u0117ki\u0173. Cilindro korpusas ir srieginiai galai turi b\u016bti kruop\u0161\u010diai apdorojami, siekiant padidinti atsparum\u0105 dilimui ir u\u017etikrinti sandarum\u0105. Be to, norint u\u017etikrinti skland\u0173 veikim\u0105 ir i\u0161vengti vidini\u0173 komponent\u0173 susid\u0117v\u0117jimo, b\u016btina reguliariai tepti hidrauline alyva.<\/p>\n<h2>\u012eprastin\u0117 ap\u017ei\u016bra ir prevencin\u0117 prie\u017ei\u016bra<\/h2>\n<ul>\n<li><strong>Reguliar\u016bs vizualiniai patikrinimai:<\/strong> Reguliariai atlikite vizualinius patikrinimus, ar n\u0117ra susid\u0117v\u0117jimo, nuot\u0117ki\u0173 ar pa\u017eeidim\u0173 po\u017eymi\u0173. Ankstyvas problem\u0173 nustatymas gali pad\u0117ti i\u0161vengti rimtesni\u0173 problem\u0173 ateityje, u\u017etikrinant efektyv\u0173 ir saug\u0173 cilindro veikim\u0105.<\/li>\n<li><strong>Tepimo prie\u017ei\u016bra:<\/strong> Reguliariai sutepkite cilindr\u0105 nurodyta hidrauline alyva, kad u\u017etikrintum\u0117te skland\u0173 veikim\u0105. Tinkamas tepimas suma\u017eina trint\u012f ir nusid\u0117v\u0117jim\u0105, taip padidindamas cilindro tarnavimo laik\u0105 ir na\u0161um\u0105.<\/li>\n<li><strong>Sandariklio keitimas:<\/strong> Reguliariai tikrindami patikrinkite, ar tarpin\u0117s n\u0117ra susid\u0117v\u0117jimo ar nuot\u0117kio po\u017eymi\u0173. Norint i\u0161laikyti hidraulin\u012f efektyvum\u0105 ir i\u0161vengti skys\u010di\u0173 nuostoli\u0173, labai svarbu laiku pakeisti tarpines.<\/li>\n<\/ul>\n<h2>\u012erengimo gair\u0117s<\/h2>\n<p>Tinkamas str\u0117l\u0117s cilindro montavimas yra labai svarbus jo veikimui ir ilgaam\u017ei\u0161kumui. Prie\u0161 montuodami pirmiausia \u012fsitikinkite, kad visi komponentai yra \u0161var\u016bs ir be \u0161iuk\u0161li\u0173. Tiksliai sulygiuokite cilindr\u0105 su tvirtinimo ta\u0161kais, naudodami tinkamus tvirtinimo laikiklius, kad j\u012f pritvirtintum\u0117te. \u012esitikinkite, kad visos hidraulin\u0117s jungtys yra sandarios ir be nuot\u0117ki\u0173. Po montavimo svarbu i\u0161bandyti cilindr\u0105 apkrovos s\u0105lygomis, kad \u012fsitikintum\u0117te, jog jis veikia skland\u017eiai ir efektyviai. Laikykit\u0117s gamintojo nurodym\u0173 d\u0117l sukimo momento nustatym\u0173 ir prijungimo proced\u016br\u0173 ir visada \u017er. montavimo vadov\u0105, kuriame pateikiamos i\u0161samios instrukcijos.<\/p>\n<h2>\u012eprastos prie\u017ei\u016bros u\u017eduotys<\/h2>\n<ul>\n<li><strong>Reguliar\u016bs patikrinimai:<\/strong> Svarbu reguliariai tikrinti str\u0117l\u0117s cilindr\u0105, kad b\u016bt\u0173 galima nustatyti jo susid\u0117v\u0117jim\u0105. B\u016btinai ie\u0161kokite nuot\u0117kio ir korozijos po\u017eymi\u0173, nes tai gali rodyti problemas, \u012f kurias reikia nedelsiant atkreipti d\u0117mes\u012f.<\/li>\n<li><strong>Tinkamas tepimas:<\/strong> Reguliariai sutepkite cilindr\u0105, kad vidiniai komponentai veikt\u0173 skland\u017eiai. Tinkamas tepimas apsaugo nuo per didelio susid\u0117v\u0117jimo ir u\u017etikrina efektyv\u0173 hidraulin\u012f veikim\u0105, pailgindamas \u012frangos tarnavimo laik\u0105.<\/li>\n<li><strong>Sandariklio keitimas:<\/strong> Reguliariai tikrinkite sandarikli\u0173 vientisum\u0105. Jei pasteb\u0117jote koki\u0173 nors susid\u0117v\u0117jimo ar pa\u017eeidimo po\u017eymi\u0173, nedelsdami juos pakeiskite, kad i\u0161laikytum\u0117te hidraulin\u012f efektyvum\u0105 ir i\u0161vengtum\u0117te nuot\u0117ki\u0173. Tinkama sandarikli\u0173 prie\u017ei\u016bra gali \u017eymiai pailginti str\u0117l\u0117s cilindro tarnavimo laik\u0105.<\/li>\n<\/ul>\n<p>Tinkamas montavimas, tepimas ir reguliavimas yra nepaprastai svarb\u016bs eksploatavimo efektyvumui. Montuodami \u012fsitikinkite, kad cilindras yra tiksliai sulygiuotas, kad i\u0161vengtum\u0117te komponent\u0173 \u012ftempimo, ir naudokite tinkamus tvirtinimo elementus, kad j\u012f pritvirtintum\u0117te. Siekiant i\u0161laikyti optimal\u0173 na\u0161um\u0105 ir patikimum\u0105, reikia reguliariai tikrinti, remontuoti ir keisti susid\u0117v\u0117jusias dalis.<\/p>\n<p><img decoding=\"async\" src=\"https:\/\/www.hydraulic-cylinders.net\/wp-content\/uploads\/2025\/04\/songte-chushion-collar.webp\" alt=\"Pagalv\u0117l\u0117s apykakl\u0117\"><\/p>\n<h2>Saugos aspektai ir aplinkos veiksniai<\/h2>\n<p>Naudojant hidraulinius cilindrus, saugos priemon\u0117s yra nepaprastai svarbios. U\u017etikrinkite, kad operatoriai b\u016bt\u0173 apmokyti atpa\u017einti galimus pavojus, susijusius su hidraulin\u0117mis sistemomis. Reguliar\u016bs saugos auditai ir saugos protokol\u0173 laikymasis yra b\u016btini siekiant suma\u017einti rizik\u0105. Be to, atsi\u017evelkite \u012f aplinkos veiksnius, tokius kaip skys\u010di\u0173 \u0161alinimas ir galimi nuot\u0117kiai, ir \u012fgyvendinkite strategijas, skirtas suma\u017einti j\u0173 poveik\u012f aplinkai.<\/p>\n<h2>Gedim\u0173 diagnostika ir da\u017eniausios problemos<\/h2>\n<ul>\n<li><strong>Nuot\u0117kis:<\/strong> Nuot\u0117kis yra viena i\u0161 da\u017eniausiai pasitaikan\u010di\u0173 str\u0117l\u0117s cilindr\u0173 problem\u0173. J\u012f gali sukelti susid\u0117v\u0117j\u0119 sandarikliai arba pa\u017eeisti komponentai. Reguliar\u016bs patikrinimai gali pad\u0117ti anksti nustatyti nuot\u0117kius, o tai leid\u017eia laiku atlikti remont\u0105.<\/li>\n<li><strong>Suma\u017eintas na\u0161umas:<\/strong> Jei cilindras nepasiekia numatyto na\u0161umo, tai gali b\u016bti d\u0117l nepakankamo tepimo arba hidraulin\u0117je sistemoje \u012fstrigusio oro. Tinkama prie\u017ei\u016bra gali i\u0161spr\u0119sti \u0161ias problemas.<\/li>\n<li><strong>Perkaitimas:<\/strong> Perkaitimas gali \u012fvykti, jei hidraulinis skystis netinkamai cirkuliuoja arba jei sistemoje yra per didel\u0117 trintis. Reguliar\u016bs patikrinimai ir skys\u010dio papildymas gali pad\u0117ti i\u0161vengti \u0161ios problemos.<\/li>\n<\/ul>\n<p>Norint efektyviai diagnozuoti gedimus, b\u016btina sistemingai tikrinti hidraulin\u0119 sistem\u0105. Reguliarus techninis aptarnavimas gali pad\u0117ti i\u0161vengti daugelio da\u017eniausiai pasitaikan\u010di\u0173 problem\u0173 ir u\u017etikrinti efektyv\u0173 str\u0117l\u0117s cilindro veikim\u0105. Operatoriai tur\u0117t\u0173 b\u016bti apmokyti atpa\u017einti ankstyvus gedimo po\u017eymius, kad gal\u0117t\u0173 greitai imtis veiksm\u0173.<\/p>\n<p><img decoding=\"async\" src=\"https:\/\/www.hydraulic-cylinders.net\/wp-content\/uploads\/2025\/04\/songte-bushings-with-all-kinds-of-excavator-models.webp\" alt=\"Ekskavatoriaus \u012fvor\u0117s\"><\/p>\n<h2>\u012emon\u0117s pristatymas<\/h2>\n<p>Esame gamintojas, kuris specializuojasi pakaitini\u0173 hidraulini\u0173 cilindr\u0173 gamyboje ir si\u016blo plat\u0173 gamini\u0173 asortiment\u0105, kad patenkint\u0173 \u012fvairius vietin\u0117s ir tarptautin\u0117s rinkos poreikius. B\u016bdami vieni i\u0161 pirmaujan\u010di\u0173 hidraulini\u0173 cilindr\u0173 gamintoj\u0173 ir didmeninink\u0173, laikom\u0117s auk\u0161\u010diausios kokyb\u0117s principo. M\u016bs\u0173 gamybos strategija orientuota \u012f patobulintus gamybos procesus, pasitelkiant auk\u0161\u010diausios klas\u0117s skaitmenin\u0119 gamybos \u012frang\u0105 ir pa\u017eangias bandym\u0173 sistemas, siekiant nuolat tobulinti m\u016bs\u0173 gamybos platform\u0105. D\u0117l didelio inovacij\u0173 paj\u0117gumo galime patenkinti \u012fvairius klient\u0173 poreikius, u\u017etikrindami auk\u0161t\u0105 efektyvum\u0105, tikslum\u0105 ir kokyb\u0119.<\/p>\n<p><img decoding=\"async\" src=\"https:\/\/www.hydraulic-cylinders.net\/wp-content\/uploads\/2025\/04\/songte-company-4.webp\" alt=\"\u012emon\u0117s ap\u017evalga\"><br \/>\n<img decoding=\"async\" src=\"https:\/\/www.hydraulic-cylinders.net\/wp-content\/uploads\/2025\/04\/songte-company-3.webp\" alt=\"Gamybos procesas\"><\/p>\n<p>M\u016bs\u0173 \u012fsipareigojimas teikti profesionalias paslaugas, tarptautinius sertifikatus, individualiai pritaikomus sprendimus, moderniausi\u0105 gamybos \u012frang\u0105 ir greitai reaguojant\u012f aptarnavim\u0105 po pardavimo i\u0161skiria mus i\u0161 kit\u0173 pramon\u0117s \u0161ak\u0173. Siekiame savo klientams suteikti ne tik auk\u0161tos kokyb\u0117s produktus, bet ir patikim\u0105 pagalb\u0105 visos j\u0173 patirties su mumis metu.<\/p>\n<p>Autorius: lyl<\/p>","protected":false},"excerpt":{"rendered":"<p>Boom Cylinder For Caterpillar Small Excavator E110\/110B Product Overview The Boom Cylinder is a crucial hydraulic component specifically designed for the Caterpillar Small Excavator models E110 and E110B. It plays a vital role in controlling the boom&#8217;s movement, allowing the operator to lift, lower, and tilt the boom efficiently. This hydraulic cylinder is essential for [&hellip;]<\/p>","protected":false},"featured_media":17881,"comment_status":"open","ping_status":"closed","template":"","meta":{"_et_pb_use_builder":"","_et_pb_old_content":"","_et_gb_content_width":""},"product_brand":[],"product_cat":[1546],"product_tag":[1547,1496],"class_list":{"0":"post-18924","1":"product","2":"type-product","3":"status-publish","4":"has-post-thumbnail","6":"product_cat-boom-cylinders","7":"product_tag-boom-cylinders","8":"product_tag-hydraulic-cylinders","10":"first","11":"instock","12":"shipping-taxable","13":"product-type-simple"},"amp_enabled":true,"_links":{"self":[{"href":"https:\/\/www.hydraulic-cylinders.net\/lt\/wp-json\/wp\/v2\/product\/18924","targetHints":{"allow":["GET"]}}],"collection":[{"href":"https:\/\/www.hydraulic-cylinders.net\/lt\/wp-json\/wp\/v2\/product"}],"about":[{"href":"https:\/\/www.hydraulic-cylinders.net\/lt\/wp-json\/wp\/v2\/types\/product"}],"replies":[{"embeddable":true,"href":"https:\/\/www.hydraulic-cylinders.net\/lt\/wp-json\/wp\/v2\/comments?post=18924"}],"wp:featuredmedia":[{"embeddable":true,"href":"https:\/\/www.hydraulic-cylinders.net\/lt\/wp-json\/wp\/v2\/media\/17881"}],"wp:attachment":[{"href":"https:\/\/www.hydraulic-cylinders.net\/lt\/wp-json\/wp\/v2\/media?parent=18924"}],"wp:term":[{"taxonomy":"product_brand","embeddable":true,"href":"https:\/\/www.hydraulic-cylinders.net\/lt\/wp-json\/wp\/v2\/product_brand?post=18924"},{"taxonomy":"product_cat","embeddable":true,"href":"https:\/\/www.hydraulic-cylinders.net\/lt\/wp-json\/wp\/v2\/product_cat?post=18924"},{"taxonomy":"product_tag","embeddable":true,"href":"https:\/\/www.hydraulic-cylinders.net\/lt\/wp-json\/wp\/v2\/product_tag?post=18924"}],"curies":[{"name":"wp","href":"https:\/\/api.w.org\/{rel}","templated":true}]}}