{"id":18925,"date":"2025-04-07T06:02:31","date_gmt":"2025-04-07T06:02:31","guid":{"rendered":"https:\/\/www.hydraulic-cylinders.net\/product\/boom-cylinder-for-caterpillar-small-excavator-e302-7dcr\/"},"modified":"2025-04-07T06:02:33","modified_gmt":"2025-04-07T06:02:33","slug":"boom-cylinder-for-caterpillar-small-excavator-e302-7dcr","status":"publish","type":"product","link":"https:\/\/www.hydraulic-cylinders.net\/lt\/produktas\/boom-cylinder-for-caterpillar-small-excavator-e302-7dcr\/","title":{"rendered":"Str\u0117l\u0117s cilindras Caterpillar ma\u017eam ekskavatoriui E302.7DCR"},"content":{"rendered":"<h1>Str\u0117l\u0117s cilindras Caterpillar ma\u017eam ekskavatoriui E302.7DCR<\/h1>\n<h2>\u012evadas \u012f str\u0117l\u0117s cilindr\u0105<\/h2>\n<p>\u201eCaterpillar\u201c ma\u017eojo ekskavatoriaus E302.7DCR str\u0117l\u0117s cilindras yra esminis hidraulinis komponentas, specialiai sukurtas valdyti \u012fvairi\u0173 sunki\u0173j\u0173 ma\u0161in\u0173, \u012fskaitant ekskavatorius, jud\u0117jim\u0105. \u0160is hidraulinis cilindras atlieka lemiam\u0105 vaidmen\u012f leid\u017eiant str\u0117lei kelti, leisti ir pakreipti, tod\u0117l jis yra nepakei\u010diamas med\u017eiag\u0173 tvarkymo u\u017eduotims statybose ir \u017eem\u0117s \u016bkio \u012frenginiuose. Geb\u0117damas valdyti auk\u0161to sl\u0117gio hidraulin\u012f skyst\u012f, str\u0117l\u0117s cilindras u\u017etikrina efektyv\u0173 \u012frangos veikim\u0105, didindamas na\u0161um\u0105 ir na\u0161um\u0105.<\/p>\n<p><img decoding=\"async\" src=\"https:\/\/www.hydraulic-cylinders.net\/wp-content\/uploads\/2025\/04\/songte-company-1.webp\" alt=\"Str\u0117l\u0117s cilindras\" \/><\/p>\n<h3>Kau\u0161o cilindro funkcija ir pritaikymas<\/h3>\n<p>Kau\u0161o cilindras yra hidraulinio cilindro tipas, specialiai sukurtas valdyti kau\u0161\u0173 veikim\u0105 sunkiosiose ma\u0161inose, tokiose kaip ekskavatoriai, ekskavatoriai ir frontaliniai krautuvai. Jis leid\u017eia kau\u0161ui atlikti \u012fvairius judesius, b\u016btinus kasant, keliant ir transportuojant med\u017eiagas. Cilindro veikimo efektyvumas yra labai svarbus statybose, nes leid\u017eia tiksliai valdyti kasimo procesus, taip pagerinant bendr\u0105 ma\u0161inos efektyvum\u0105.<\/p>\n<h2>Str\u0117l\u0117s cilindro savyb\u0117s<\/h2>\n<ul>\n<li><strong>Didelis stiprumas ir ilgaam\u017ei\u0161kumas:<\/strong> Paprastai i\u0161 didelio stiprumo plieno arba aliuminio pagamintas str\u0117l\u0117s cilindras gali atlaikyti auk\u0161t\u0105 sl\u0117g\u012f ir dideles apkrovas, tod\u0117l tinka at\u0161iaurioms darbo s\u0105lygoms.<\/li>\n<li><strong>Efektyvus hidraulinis valdymas:<\/strong> Naudoja hidraulin\u0117s alyvos sl\u0117g\u012f skland\u017eiam i\u0161st\u016bmimui ir \u012ftraukimui, greitai reaguodamas \u012f valdymo komandas ir u\u017etikrindamas dideles st\u016bmimo bei traukimo j\u0117gas.<\/li>\n<li><strong>\u012evair\u016bs tipai:<\/strong> Kad atitikt\u0173 \u012fvairius eksploatavimo poreikius, si\u016blomi vienpusio ir dvipusio veikimo konfig\u016bracijos, kai kurie modeliai pasi\u017eymi teleskopin\u0117mis konstrukcijomis, kad b\u016bt\u0173 galima padidinti prailginim\u0105 nepadidinant i\u0161orini\u0173 matmen\u0173.<\/li>\n<li><strong>Atsparumas dilimui:<\/strong> Sukurtas atsi\u017evelgiant \u012f ilgaam\u017ei\u0161kum\u0105, pasi\u017eymi antikorozin\u0117mis savyb\u0117mis, kurios prailgina komponento tarnavimo laik\u0105.<\/li>\n<li><strong>Lengva prie\u017ei\u016bra:<\/strong> Sukurta paprastam aptarnavimui ir remontui, u\u017etikrinant minimal\u0173 \u012frangos prastovos laik\u0105.<\/li>\n<\/ul>\n<p>M\u016bs\u0173 \u012fmon\u0117 specializuojasi \u0161io produkto gamyboje, tiekdama auk\u0161tos kokyb\u0117s hidraulinius cilindrus, kurie puikiai pakei\u010dia esamus agregatus.<\/p>\n<p><img decoding=\"async\" src=\"https:\/\/www.hydraulic-cylinders.net\/wp-content\/uploads\/2025\/04\/songte-cylinder-head-with-all-kinds-excavator-models.webp\" alt=\"Ekskavatori\u0173 modeliai\" \/><\/p>\n<h2>Str\u0117l\u0117s cilindro pritaikymas<\/h2>\n<h3>Statybin\u0117 \u012franga<\/h3>\n<p>Statybin\u0117je \u012frangoje, ypa\u010d ekskavatoriuose, str\u0117l\u0117s cilindrai yra labai svarb\u016bs efektyviam \u017eem\u0117s ar \u0161iuk\u0161li\u0173 kasimui, krovimui ir perk\u0117limui. Jie leid\u017eia operatoriams tiksliai manevruoti kau\u0161\u0105, padidindami ma\u0161inos geb\u0117jim\u0105 efektyviai atlikti sud\u0117tingas u\u017eduotis.<\/p>\n<h3>\u017dem\u0117s \u016bkio technika<\/h3>\n<p>\u017dem\u0117s \u016bkio technikoje str\u0117l\u0117s cilindrai randami frontaliniuose krautuvuose, kur jie palengvina dirvo\u017eemio, \u0161ieno ir kit\u0173 med\u017eiag\u0173 pakrovim\u0105, k\u0117lim\u0105 ir transportavim\u0105. J\u0173 efektyvi konstrukcija leid\u017eia \u016bkininkams lengvai valdyti sunki\u0105j\u0105 technik\u0105, pagerinant veiklos na\u0161um\u0105.<\/p>\n<h3>Ekskavatoriai<\/h3>\n<p>Ekskavatori\u0173 str\u0117l\u0117s cilindras leid\u017eia kau\u0161ui \u012fsiskverbti \u012f dirv\u0105 ir efektyviai atlikti kasimo veiksmus. Jo hidraulin\u0117 galia leid\u017eia atlikti gilesnius kasimo darbus, tod\u0117l jis yra labai svarbus \u012fvairiuose statybos projektuose.<\/p>\n<h3>Krautuvai<\/h3>\n<p>Priekiniuose krautuvuose str\u0117l\u0117s cilindrai padeda efektyviai kelti ir i\u0161versti krovinius. Jie u\u017etikrina, kad sunkios med\u017eiagos b\u016bt\u0173 perkeliamos greitai, o tai prisideda prie bendro krovimo operacij\u0173 na\u0161umo.<\/p>\n<h2>Projektavimo aspektai ir atrankos standartai<\/h2>\n<h3>Keliamoji galia<\/h3>\n<p>Str\u0117l\u0117s cilindro keliamoji galia yra labai svarbus veiksnys, lemiantis jo tinkamum\u0105 \u012fvairioms reikm\u0117ms. B\u016btina pasirinkti cilindr\u0105, kuris gal\u0117t\u0173 atlaikyti maksimali\u0105 numatom\u0105 apkrov\u0105 eksploatacijos metu be gedimo rizikos. Supratimas apie konkre\u010dius ma\u0161inos apkrovos reikalavimus pad\u0117s pasirinkti tinkam\u0105 cilindro dyd\u012f ir konfig\u016bracij\u0105.<\/p>\n<h3>Sandarinimo savyb\u0117s<\/h3>\n<p>Sandarinimo sistemos yra gyvybi\u0161kai svarbios tinkamam hidraulini\u0173 cilindr\u0173 veikimui. Jos apsaugo nuo skys\u010di\u0173 nuot\u0117kio, i\u0161laikydamos hidraulin\u0117s sistemos vientisum\u0105. Auk\u0161tos kokyb\u0117s sandarinimo med\u017eiag\u0173, toki\u0173 kaip poliuretanas arba nitrilo kau\u010diukas, pasirinkimas u\u017etikrina ilgaam\u017ei\u0161kum\u0105 ir efektyvum\u0105 prie\u0161 nusid\u0117v\u0117jim\u0105.<\/p>\n<h3>Patvarumas<\/h3>\n<p>Projektuojant hidraulinius cilindrus, svarbiausias aspektas yra patvarumas. Jie turi atlaikyti at\u0161iaurias statyb\u0173 ir \u017eem\u0117s \u016bkio aplinkos s\u0105lygas. Med\u017eiagos parenkamos atsi\u017evelgiant \u012f j\u0173 atsparum\u0105 dilimui, korozijai ir nuovargiui, siekiant pailginti gaminio tarnavimo laik\u0105.<\/p>\n<h3>Saugumas<\/h3>\n<p>Projektuojant hidraulinius cilindrus, negalima pamir\u0161ti saugos funkcij\u0173. Tinkama in\u017einerija u\u017etikrina, kad cilindrai veikt\u0173 nevir\u0161ijant saugi\u0173 sl\u0117gio rib\u0173, ir juose yra toki\u0173 funkcij\u0173 kaip apsauga nuo perkrovos, kad b\u016bt\u0173 i\u0161vengta nelaiming\u0173 atsitikim\u0173 eksploatacijos metu.<\/p>\n<h3>Prieinamumas prie prie\u017ei\u016bros<\/h3>\n<p>Projektuojant taip, kad b\u016bt\u0173 lengva pri\u017ei\u016br\u0117ti, labai svarbu suma\u017einti prastovas. Hidrauliniai cilindrai tur\u0117t\u0173 b\u016bti sukonstruoti taip, kad \u012fprastiniai patikrinimai, tepimas ir dali\u0173 keitimas b\u016bt\u0173 atliekami greitai ir efektyviai, u\u017etikrinant kuo ma\u017eesn\u012f veiklos sutrikdym\u0105.<\/p>\n<p><img decoding=\"async\" src=\"https:\/\/www.hydraulic-cylinders.net\/wp-content\/uploads\/2025\/04\/songte-oil-pipes-and-spare-parts.webp\" alt=\"Naftos vamzd\u017eiai ir atsargin\u0117s dalys\" \/><\/p>\n<h2>Sandarinimas ir tepimas<\/h2>\n<p>Hidraulini\u0173 cilindr\u0173 efektyvumas labai priklauso nuo j\u0173 sandarinimo ir tepimo sistem\u0173. \u012evair\u016bs sandarikliai, pavyzd\u017eiui, st\u016bmokli\u0173 ir stryp\u0173 sandarikliai, atlieka svarb\u0173 vaidmen\u012f palaikant hidraulin\u012f sl\u0117g\u012f ir u\u017ekertant keli\u0105 nuot\u0117kiams. \u0160ie sandarikliai paprastai gaminami i\u0161 atspari\u0173 dilimui med\u017eiag\u0173, toki\u0173 kaip poliuretanas ir nitrilo kau\u010diukas, kurios u\u017etikrina puik\u0173 patvarum\u0105.<\/p>\n<p>Siekiant u\u017etikrinti hidraulinio cilindro ilgaam\u017ei\u0161kum\u0105, cilindro korpusas ir srieginiai galiniai pavir\u0161iai yra tiksliai apdorojami, siekiant padidinti atsparum\u0105 dilimui. Be to, norint optimalaus veikimo, b\u016btina reguliariai tepti tinkamu hidrauliniu skys\u010diu. Tinkamas tepimas padeda suma\u017einti trint\u012f, i\u0161vengti nusid\u0117v\u0117jimo ir i\u0161laikyti hidraulin\u0117s sistemos efektyvum\u0105.<\/p>\n<h2>Prevencin\u0117s prie\u017ei\u016bros priemon\u0117s<\/h2>\n<ul>\n<li><strong>Reguliar\u016bs patikrinimai:<\/strong> Reguliariai tikrinkite, kad nustatytum\u0117te bet kokius susid\u0117v\u0117jimo, nuot\u0117ki\u0173 ar pa\u017eeidim\u0173 po\u017eymius. Ankstyvas aptikimas gali pad\u0117ti i\u0161vengti dideli\u0173 gedim\u0173 ir pailginti cilindro tarnavimo laik\u0105.<\/li>\n<li><strong>Tinkamas tepimas:<\/strong> Reguliariai tepkite cilindr\u0105 tinkama hidrauline alyva, kad jis veikt\u0173 skland\u017eiai ir neu\u017estrigt\u0173.<\/li>\n<li><strong>Sandariklio keitimas:<\/strong> Kad i\u0161vengtum\u0117te nuot\u0117ki\u0173 ir palaikytum\u0117te hidraulin\u012f sl\u0117g\u012f, keiskite sandariklius pagal poreik\u012f. Reguliariai tikrinant sandarikli\u0173 vientisum\u0105, galima laiku juos pakeisti.<\/li>\n<\/ul>\n<h2>\u012erengimo gair\u0117s<\/h2>\n<p>Tinkamas str\u0117l\u0117s cilindro montavimas yra labai svarbus jo veikimui ir ilgaam\u017ei\u0161kumui. \u0160tai gair\u0117s, kuri\u0173 reikia laikytis:<\/p>\n<p>1. **Suderinimas:** \u012esitikinkite, kad hidraulinis cilindras tinkamai suderintas su tvirtinimo ta\u0161kais. Neteisingas suderinimas gali sukelti prie\u0161laikin\u012f susid\u0117v\u0117jim\u0105 arba gedim\u0105.<\/p>\n<p>2. **Tvirtinimo laikikli\u0173 naudojimas:** Cilindrui pritvirtinti naudokite tinkamus tvirtinimo laikiklius. Tai pad\u0117s i\u0161laikyti stabilum\u0105 eksploatacijos metu.<\/p>\n<p>3. **Var\u017et\u0173 priver\u017eimas:** Tvirtai priver\u017ekite visus tvirtinimo var\u017etus, u\u017etikrindami, kad cilindras naudojimo metu nejud\u0117t\u0173.<\/p>\n<p>4. **Hidraulin\u0117s jungtys:** \u012esitikinkite, kad hidraulin\u0117s jungtys yra tvirtos ir nepralaid\u017eios. Patikrinkite visas jungtis, kad jos b\u016bt\u0173 tinkamai priver\u017etos.<\/p>\n<p>5. **Galutin\u0117 ap\u017ei\u016bra:** Po \u012frengimo atlikite galutin\u0119 ap\u017ei\u016br\u0105, kad \u012fsitikintum\u0117te, jog viskas tvarkoje, prie\u0161 prad\u0117dami darbus.<\/p>\n<p><img decoding=\"async\" src=\"https:\/\/www.hydraulic-cylinders.net\/wp-content\/uploads\/2025\/04\/songte-chushion-collar.webp\" alt=\"Pagalv\u0117l\u0117s apykakl\u0117\" \/><\/p>\n<h2>\u012eprastos prie\u017ei\u016bros u\u017eduotys<\/h2>\n<ul>\n<li><strong>Reguliar\u016bs patikrinimai:<\/strong> Reguliar\u016bs patikrinimai padeda nustatyti susid\u0117v\u0117jim\u0105 ir galimas problemas, kol jos netapo rimtomis. Eksploatacijos metu labai svarbu patikrinti, ar n\u0117ra nuot\u0117ki\u0173, \u012ftr\u016bkim\u0173 ar ne\u012fprast\u0173 gars\u0173.<\/li>\n<li><strong>Tinkamas tepimas:<\/strong> Tinkamas hidraulinio cilindro sutepimas yra labai svarbus jo veikimui. Reguliariai naudokite rekomenduojam\u0105 hidraulin\u012f skyst\u012f, kad suma\u017eintum\u0117te trint\u012f ir susid\u0117v\u0117jim\u0105.<\/li>\n<li><strong>Sandariklio keitimas:<\/strong> Reguliariai tikrinkite tarpikli\u0173 b\u016bkl\u0119 ir prireikus juos pakeiskite. Tai padeda palaikyti hidraulin\u012f sl\u0117g\u012f ir i\u0161vengti nuot\u0117ki\u0173, u\u017etikrinant efektyv\u0173 cilindro veikim\u0105.<\/li>\n<\/ul>\n<p>Montavimo metu \u012fsitikinkite, kad cilindras yra tinkamai sulygiuotas ir pritvirtintas. Tinkam\u0173 montavimo metod\u0173 ir \u012franki\u0173 naudojimas yra b\u016btinas norint i\u0161vengti problem\u0173 ateityje. Laikantis rekomenduojam\u0173 technin\u0117s prie\u017ei\u016bros grafik\u0173 ir proced\u016br\u0173, \u017eymiai pailg\u0117s hidraulinio cilindro tarnavimo laikas ir na\u0161umas.<\/p>\n<h2>Saugos aspektai ir aplinkos veiksniai<\/h2>\n<p>Dirbant su hidrauliniais cilindrais, b\u016btina teikti pirmenyb\u0119 saugumui. Siekiant i\u0161vengti nelaiming\u0173 atsitikim\u0173 eksploatacijos metu, reikia imtis tinkam\u0173 saugos priemoni\u0173. Dirbdami su hidrauline sistema, naudokite tinkamas asmenines apsaugos priemones (AAP), \u012fskaitant pir\u0161tines ir akinius. \u012esitikinkite, kad visi operatoriai yra apmokyti saugiai elgtis su hidraulin\u0117mis ma\u0161inomis ir supranta galimus pavojus, susijusius su hidraulin\u0117mis operacijomis.<\/p>\n<h2>Trik\u010di\u0173 \u0161alinimas ir da\u017eniausiai pasitaikan\u010dios problemos<\/h2>\n<ul>\n<li><strong>Nuot\u0117kis:<\/strong> Viena i\u0161 da\u017eniausiai pasitaikan\u010di\u0173 problem\u0173 yra hidraulinio skys\u010dio nuot\u0117kis, da\u017enai d\u0117l susid\u0117v\u0117jusi\u0173 tarpikli\u0173. Reguliariai tikrinkite tarpiklius ir prireikus juos pakeiskite.<\/li>\n<li><strong>Suma\u017eintas na\u0161umas:<\/strong> Jei hidraulinis cilindras skland\u017eiai nei\u0161sitraukia arba nesusitraukia, tai gali rodyti \u017eem\u0105 hidraulinio skys\u010dio lyg\u012f arba u\u017esikim\u0161im\u0105 hidraulin\u0117se linijose. Patikrinkite skys\u010dio lyg\u012f ir pa\u0161alinkite visas kli\u016btis.<\/li>\n<li><strong>Ne\u012fprasti garsai:<\/strong> Ne\u012fprasti garsai veikimo metu gali rodyti vidinius pa\u017eeidimus. I\u0161tirkite triuk\u0161mo \u0161altin\u012f ir atlikite reikiamus remonto darbus.<\/li>\n<\/ul>\n<p>I\u0161kilus problem\u0173, greita diagnostika ir efektyvus remontas yra labai svarb\u016bs siekiant suma\u017einti prastovas. Reguliarus hidraulin\u0117s sistemos aptarnavimas taip pat padeda i\u0161vengti galim\u0173 problem\u0173 dar prie\u0161 joms atsirandant.<\/p>\n<p><img decoding=\"async\" src=\"https:\/\/www.hydraulic-cylinders.net\/wp-content\/uploads\/2025\/04\/songte-bushings-with-all-kinds-of-excavator-models.webp\" alt=\"Ekskavatori\u0173 modeli\u0173 \u012fvor\u0117s\" \/><\/p>\n<h2>Apie m\u016bs\u0173 \u012fmon\u0119<\/h2>\n<p>Esame pirmaujantis alternatyvi\u0173 hidraulini\u0173 cilindr\u0173 gamintojas, si\u016blantis plat\u0173 gamini\u0173 asortiment\u0105 tiek vidaus, tiek tarptautin\u0117se rinkose. M\u016bs\u0173 \u012fsipareigojim\u0105 u\u017etikrinti i\u0161skirtin\u0119 kokyb\u0119 palaiko patobulintos gamybos valdymo strategijos ir moderniausi gamybos \u012frenginiai. Pasitelkdami techninius talentus, pa\u017eangi\u0105 gamybos \u012frang\u0105 ir profesionalias kokyb\u0117s tikrinimo sistemas, nuolat tobuliname savo gamybos paj\u0117gumus ir kokyb\u0117s u\u017etikrinimo procesus.<\/p>\n<p>M\u016bs\u0173 \u012fmon\u0117 did\u017eiuojasi savo efektyvumu, tikslumu ir auk\u0161tos kokyb\u0117s principais, kad patenkint\u0173 \u012fvairius klient\u0173 poreikius. Taip pat si\u016blome individualias paslaugas, u\u017etikrindami, kad m\u016bs\u0173 produktai puikiai atitikt\u0173 konkre\u010dius reikalavimus. M\u016bs\u0173 tarptautiniai sertifikatai patvirtina m\u016bs\u0173 \u012fsipareigojim\u0105 kokybei ir patikimumui, o atsidavusi aptarnavimo po pardavimo komanda teikia nuolatin\u0119 param\u0105 m\u016bs\u0173 klientams.<\/p>\n<p><img decoding=\"async\" src=\"https:\/\/www.hydraulic-cylinders.net\/wp-content\/uploads\/2025\/04\/songte-company-4.webp\" alt=\"\u012emon\u0117s ap\u017evalga\" \/><br \/>\n<img decoding=\"async\" src=\"https:\/\/www.hydraulic-cylinders.net\/wp-content\/uploads\/2025\/04\/songte-company-3.webp\" alt=\"\u012emon\u0117s patalpos\" \/><\/p>\n<p>Autorius: lyl<\/p>","protected":false},"excerpt":{"rendered":"<p>Boom Cylinder For Caterpillar Small Excavator E302.7DCR Introduction to Boom Cylinder The Boom Cylinder for Caterpillar Small Excavator E302.7DCR is an essential hydraulic component designed specifically for controlling the movement of various heavy machinery equipment, including excavators. This hydraulic cylinder plays a pivotal role in enabling the boom to lift, lower, and tilt, making it [&hellip;]<\/p>","protected":false},"featured_media":17867,"comment_status":"open","ping_status":"closed","template":"","meta":{"_et_pb_use_builder":"","_et_pb_old_content":"","_et_gb_content_width":""},"product_brand":[],"product_cat":[1546],"product_tag":[1547,1496],"class_list":{"0":"post-18925","1":"product","2":"type-product","3":"status-publish","4":"has-post-thumbnail","6":"product_cat-boom-cylinders","7":"product_tag-boom-cylinders","8":"product_tag-hydraulic-cylinders","10":"first","11":"instock","12":"shipping-taxable","13":"product-type-simple"},"amp_enabled":true,"_links":{"self":[{"href":"https:\/\/www.hydraulic-cylinders.net\/lt\/wp-json\/wp\/v2\/product\/18925","targetHints":{"allow":["GET"]}}],"collection":[{"href":"https:\/\/www.hydraulic-cylinders.net\/lt\/wp-json\/wp\/v2\/product"}],"about":[{"href":"https:\/\/www.hydraulic-cylinders.net\/lt\/wp-json\/wp\/v2\/types\/product"}],"replies":[{"embeddable":true,"href":"https:\/\/www.hydraulic-cylinders.net\/lt\/wp-json\/wp\/v2\/comments?post=18925"}],"wp:featuredmedia":[{"embeddable":true,"href":"https:\/\/www.hydraulic-cylinders.net\/lt\/wp-json\/wp\/v2\/media\/17867"}],"wp:attachment":[{"href":"https:\/\/www.hydraulic-cylinders.net\/lt\/wp-json\/wp\/v2\/media?parent=18925"}],"wp:term":[{"taxonomy":"product_brand","embeddable":true,"href":"https:\/\/www.hydraulic-cylinders.net\/lt\/wp-json\/wp\/v2\/product_brand?post=18925"},{"taxonomy":"product_cat","embeddable":true,"href":"https:\/\/www.hydraulic-cylinders.net\/lt\/wp-json\/wp\/v2\/product_cat?post=18925"},{"taxonomy":"product_tag","embeddable":true,"href":"https:\/\/www.hydraulic-cylinders.net\/lt\/wp-json\/wp\/v2\/product_tag?post=18925"}],"curies":[{"name":"wp","href":"https:\/\/api.w.org\/{rel}","templated":true}]}}