{"id":18926,"date":"2025-04-07T06:02:34","date_gmt":"2025-04-07T06:02:34","guid":{"rendered":"https:\/\/www.hydraulic-cylinders.net\/product\/boom-cylinder-for-caterpillar-small-excavator-e306ez\/"},"modified":"2025-04-07T06:02:37","modified_gmt":"2025-04-07T06:02:37","slug":"boom-cylinder-for-caterpillar-small-excavator-e306ez","status":"publish","type":"product","link":"https:\/\/www.hydraulic-cylinders.net\/lt\/produktas\/boom-cylinder-for-caterpillar-small-excavator-e306ez\/","title":{"rendered":"Str\u0117l\u0117s cilindras Caterpillar ma\u017eam ekskavatoriui E306EZ"},"content":{"rendered":"<h1>Str\u0117l\u0117s cilindras Caterpillar ma\u017eam ekskavatoriui E306EZ<\/h1>\n<h2>Produkto ap\u017evalga<\/h2>\n<p>The Boom Cylinder for Caterpillar Small Excavator E306EZ is a critical component in hydraulic systems, specifically designed to control the movement of the boom in various heavy machinery. These cylinders enable the boom of an excavator to raise, lower, and tilt, facilitating efficient material handling tasks. The bucket cylinder is a type of hydraulic cylinder that plays a vital role in the operation of excavators, backhoe loaders, and front-end loaders, allowing for precise control over the machine&#8217;s operations.<\/p>\n<p><img decoding=\"async\" src=\"https:\/\/www.hydraulic-cylinders.net\/wp-content\/uploads\/2025\/04\/songte-company-1.webp\" alt=\"Str\u0117l\u0117s cilindras\"><\/p>\n<h2>Pagrindin\u0117s savyb\u0117s<\/h2>\n<ul>\n<li><strong>Didelis stiprumas ir ilgaam\u017ei\u0161kumas:<\/strong> Paprastai pagaminti i\u0161 didelio stiprumo plieno arba aliuminio, \u0161ie cilindrai gali atlaikyti auk\u0161t\u0105 sl\u0117g\u012f ir dideles apkrovas. Jie sukurti taip, kad atlaikyt\u0173 at\u0161iaurias darbo s\u0105lygas, u\u017etikrindami ilgaam\u017ei\u0161kum\u0105 d\u0117l atsparumo dilimui ir apsaugos nuo korozijos.<\/li>\n<li><strong>Efektyvus hidraulinis valdymas:<\/strong> Naudojant hidraulin\u0117s alyvos sl\u0117g\u012f, str\u0117l\u0117s cilindrai u\u017etikrina skland\u0173 i\u0161skleidim\u0105 ir \u012ftraukim\u0105. Jie greitai reaguoja \u012f valdymo komandas, u\u017etikrindami galing\u0105 st\u016bmimo ir traukimo j\u0117g\u0105, idealiai tinkan\u010di\u0105 sunki\u0173 med\u017eiag\u0173 tvarkymui ir sud\u0117tingoms u\u017eduotims atlikti.<\/li>\n<li><strong>\u012evair\u016bs tipai:<\/strong> Str\u0117l\u0117s cilindrai b\u016bna \u012fvairi\u0173 tip\u0173, \u012fskaitant vienpusio veikimo (veikian\u010dius viena kryptimi) ir dvipusio veikimo (veikian\u010dius abiem kryptimis) variantus. Kai kurie modeliai pasi\u017eymi teleskopin\u0117mis konstrukcijomis, kurios leid\u017eia labiau prailginti str\u0117l\u0119 nedidinant i\u0161orini\u0173 matmen\u0173, tod\u0117l tinka naudoti ribotoje erdv\u0117je.<\/li>\n<li><strong>Individuali gamyba:<\/strong> M\u016bs\u0173 gaminiai yra pagaminti tiksliai ir gali puikiai pakeisti esamus hidraulinius cilindrus, u\u017etikrindami skland\u0173 integravim\u0105 ir na\u0161um\u0105.<\/li>\n<li><strong>Kokyb\u0117s u\u017etikrinimas:<\/strong> Kiekvienas cilindras yra grie\u017etai tikrinamas kokyb\u0117s at\u017evilgiu ir atitinka pramon\u0117s standartus, u\u017etikrinant patikimum\u0105 ir optimal\u0173 na\u0161um\u0105 \u012fvairiose srityse.<\/li>\n<\/ul>\n<p><img decoding=\"async\" src=\"https:\/\/www.hydraulic-cylinders.net\/wp-content\/uploads\/2025\/04\/songte-cylinder-head-with-all-kinds-excavator-models.webp\" alt=\"\u201eCaterpillar\u201c ekskavatori\u0173 modeliai\"><\/p>\n<h2>Taikymo scenarijai<\/h2>\n<h3>Statybin\u0117 \u012franga<\/h3>\n<p>In construction equipment, such as excavators, boom cylinders are essential for digging, loading, and moving soil or debris. Their ability to allow the boom to pivot and reach various angles enhances the excavator&#8217;s operational versatility. In backhoe loaders, the boom cylinder not only aids in excavation but also assists in lifting heavy loads, making it an indispensable part of the machine.<\/p>\n<h3>\u017dem\u0117s \u016bkio technika<\/h3>\n<p>\u017dem\u0117s \u016bkyje frontaliniai krautuvai naudoja str\u0117l\u0117s cilindrus dirvo\u017eemiui, \u0161ienui ir kitoms med\u017eiagoms semti, kelti ir transportuoti. Tikslus \u0161i\u0173 cilindr\u0173 valdymas leid\u017eia \u016bkininkams efektyviai valdyti savo u\u017eduotis \u2013 nuo \u200b\u200bgr\u016bd\u0173 pakrovimo iki lauk\u0173 valymo.<\/p>\n<h3>Ekskavatoriai<\/h3>\n<p>Ekskavatoriuose str\u0117l\u0117s cilindras palengvina kasimo veiksm\u0105, leisdamas kau\u0161ui \u012fsiskverbti \u012f dirv\u0105. \u0160i savyb\u0117 yra labai svarbi norint i\u0161laikyti produktyvum\u0105 darbo vietose, u\u017etikrinti greitesn\u012f kasimo darb\u0173 atlikim\u0105 ir padidinti bendr\u0105 veiklos efektyvum\u0105.<\/p>\n<h3>Krautuvai<\/h3>\n<p>Priekiniuose krautuvuose str\u0117l\u0117s cilindrai yra atsakingi u\u017e efektyv\u0173 krovini\u0173 k\u0117lim\u0105 ir i\u0161vertim\u0105. \u0160i funkcija yra gyvybi\u0161kai svarbi perkeliant tokias med\u017eiagas kaip \u017evyras, sm\u0117lis ar statybin\u0117s atliekos, tod\u0117l krautuvas yra universalus \u012frankis statybos ir kra\u0161tovaizd\u017eio tvarkymo projektuose.<\/p>\n<h2>Projektavimo aspektai ir atrankos kriterijai<\/h2>\n<h3>Keliamoji galia<\/h3>\n<p>Str\u0117l\u0117s cilindro keliamoji galia yra labai svarbus projektavimo aspektas, nes ji lemia maksimal\u0173 svor\u012f, kur\u012f cilindras gali saugiai atlaikyti. Gamintojai turi u\u017etikrinti, kad cilindras b\u016bt\u0173 \u012fvertintas pagal numatyt\u0105 paskirt\u012f, atsi\u017evelgiant tiek \u012f statines, tiek \u012f dinamines apkrovas. Perkrova gali sukelti prie\u0161laikin\u012f gedim\u0105, tod\u0117l pabr\u0117\u017eiama tikslaus apkrovos \u012fvertinimo svarba atrankos procese.<\/p>\n<h3>Sandarinimas<\/h3>\n<p>Efektyvus sandarinimas yra b\u016btinas hidrauliniams cilindrams, siekiant i\u0161vengti skys\u010dio nuot\u0117kio ir i\u0161laikyti na\u0161um\u0105. Auk\u0161tos kokyb\u0117s sandarikliai, tokie kaip st\u016bmokli\u0173 ir kot\u0173 sandarikliai, pagaminti i\u0161 patvari\u0173 med\u017eiag\u0173, toki\u0173 kaip poliuretanas arba nitrilo kau\u010diukas, yra labai svarb\u016bs norint u\u017etikrinti ilgalaik\u012f veikim\u0105. Tinkama sandarinimo konstrukcija suma\u017eina susid\u0117v\u0117jim\u0105 ir padidina bendr\u0105 hidraulin\u0117s sistemos patikimum\u0105.<\/p>\n<h3>Patvarumas<\/h3>\n<p>Durability is a paramount concern for boom cylinders, especially given the harsh environments they operate in. Factors such as material selection, surface treatment, and design geometry all contribute to a cylinder&#8217;s ability to withstand wear, fatigue, and environmental stressors. Manufacturers often employ advanced coatings and materials to enhance resistance against abrasion and corrosion, ensuring long service life.<\/p>\n<h3>Saugumas<\/h3>\n<p>Siekiant apsaugoti operatorius ir ma\u0161inas, \u012f str\u0117l\u0117s cilindr\u0173 konstrukcij\u0105 turi b\u016bti integruotos saugos funkcijos. Tai apima konstrukcinius elementus, kurie apsaugo cilindrus nuo gedim\u0173 esant apkrovai, taip pat mechanizmus, u\u017etikrinan\u010dius tinkam\u0105 montavim\u0105 ir veikim\u0105. Reguliarus techninis aptarnavimas ir patikrinimai taip pat yra labai svarb\u016bs norint nustatyti galimas saugos problemas, kol jos nepablog\u0117jo.<\/p>\n<h3>Prie\u017ei\u016bra<\/h3>\n<p>Projektuojant atsi\u017evelgiant \u012f prie\u017ei\u016bros paprastum\u0105, reikia sukurti str\u0117l\u0117s cilindrus, kuriuos b\u016bt\u0173 lengva pri\u017ei\u016br\u0117ti ir remontuoti. Tai apima ir lengv\u0105 prieig\u0105 prie sandarikli\u0173, guoli\u0173 ir kit\u0173 komponent\u0173, kuriems gali reik\u0117ti reguliarios prie\u017ei\u016bros. Ai\u0161kios prie\u017ei\u016bros proced\u016br\u0173 gair\u0117s gali \u017eymiai pailginti hidraulinio cilindro tarnavimo laik\u0105 ir u\u017etikrinti pastov\u0173 veikim\u0105.<\/p>\n<p><img decoding=\"async\" src=\"https:\/\/www.hydraulic-cylinders.net\/wp-content\/uploads\/2025\/04\/songte-oil-pipes-and-spare-parts.webp\" alt=\"Hidraulin\u0117s dalys\"><\/p>\n<h2>Sandarinimas ir tepimas<\/h2>\n<p>Tinkamas sandarinimas ir tepimas yra gyvybi\u0161kai svarb\u016bs str\u0117l\u0117s cilindr\u0173 ilgaam\u017ei\u0161kumui ir efektyviam veikimui. \u012evair\u016bs sandarinimo elementai, \u012fskaitant st\u016bmokli\u0173 ir stryp\u0173 sandariklius, naudojami siekiant i\u0161vengti hidraulinio skys\u010dio nutek\u0117jimo ir apsaugoti cilindr\u0105 nuo ter\u0161al\u0173. D\u0117l savo ilgaam\u017ei\u0161kumo da\u017eniausiai pasirenkami sandarikliai, pagaminti i\u0161 atspari\u0173 dilimui med\u017eiag\u0173, toki\u0173 kaip poliuretanas ir nitrilo kau\u010diukas. Be to, cilindro korpusas ir srieginiai galiniai pavir\u0161iai yra kruop\u0161\u010diai apdorojami, siekiant padidinti atsparum\u0105 dilimui.<\/p>\n<p>Reguliarus tepimas hidrauline alyva yra b\u016btinas norint i\u0161laikyti optimal\u0173 na\u0161um\u0105. Tinkamas tepimas suma\u017eina trint\u012f tarp judan\u010di\u0173 dali\u0173, apsaugo nuo prie\u0161laikinio susid\u0117v\u0117jimo ir u\u017etikrina skland\u0173 veikim\u0105. Reguliarus hidraulinio skys\u010dio lygio tikrinimas ir papildymas gali smarkiai paveikti bendr\u0105 cilindro efektyvum\u0105 ir ilgaam\u017ei\u0161kum\u0105.<\/p>\n<h2>Prevencin\u0117s prie\u017ei\u016bros priemon\u0117s<\/h2>\n<ul>\n<li><strong>Reguliar\u016bs patikrinimai:<\/strong> Atlikite reguliarius patikrinimus, kad nustatytum\u0117te susid\u0117v\u0117jimo, nuot\u0117ki\u0173 ar pa\u017eeidim\u0173 po\u017eymius. Eksploatacijos metu ie\u0161kokite ne\u012fprast\u0173 gars\u0173, kurie gali rodyti vidines problemas.<\/li>\n<li><strong>Tepimo patikrinimai:<\/strong> U\u017etikrinkite tinkam\u0105 tepim\u0105 reguliariai tikrindami hidraulinio skys\u010dio lyg\u012f ir prireikus papildydami, kad i\u0161vengtum\u0117te sauso veikimo.<\/li>\n<li><strong>Sandarinimo element\u0173 keitimas:<\/strong> Steb\u0117kite sandariklius, ar n\u0117ra susid\u0117v\u0117jimo po\u017eymi\u0173, ir nedelsdami juos pakeiskite, kad i\u0161laikytum\u0117te efektyvum\u0105 ir i\u0161vengtum\u0117te nuot\u0117ki\u0173.<\/li>\n<\/ul>\n<h2>\u012erengimo gair\u0117s<\/h2>\n<p>Tinkamas str\u0117l\u0117s cilindro montavimas yra labai svarbus optimaliam veikimui. Prad\u0117kite nuo cilindro sulygiavimo su tvirtinimo laikikliais, u\u017etikrindami, kad visi komponentai b\u016bt\u0173 tinkamai sulygiuoti, kad b\u016bt\u0173 i\u0161vengta per didelio \u012ftempimo. Naudokite tinkamus tvirtinimo laikiklius, kad pritvirtintum\u0117te cilindr\u0105 vietoje, nes tai pad\u0117s i\u0161laikyti jo pad\u0117t\u012f darbo metu.<\/p>\n<p>Follow the manufacturer&#8217;s specifications for torque settings and fasteners to ensure a secure attachment. It is also essential to check that hydraulic lines are connected correctly and free of kinks or obstructions. After installation, test the system for proper function, checking for any leaks or abnormalities before full operation.<\/p>\n<h2>\u012eprastos prie\u017ei\u016bros u\u017eduotys<\/h2>\n<ul>\n<li><strong>Reguliar\u016bs patikrinimai:<\/strong> Atlikite patikrinimus, kad nustatytum\u0117te susid\u0117v\u0117jim\u0105 ir pa\u017eeidimus. \u0160i prevencin\u0117 priemon\u0117 gali pad\u0117ti i\u0161vengti katastrofi\u0161k\u0173 gedim\u0173.<\/li>\n<li><strong>Tinkamas tepimas:<\/strong> U\u017etikrinkite, kad hidraulin\u0117s alyvos lygis b\u016bt\u0173 palaikomas, ir reguliariai tepkite, kad suma\u017eintum\u0117te trint\u012f ir nusid\u0117v\u0117jim\u0105.<\/li>\n<li><strong>Sandariklio keitimas:<\/strong> Reguliariai tikrinkite sandariklius, ar n\u0117ra susid\u0117v\u0117jimo, ir pakeiskite juos, kad i\u0161vengtum\u0117te nuot\u0117ki\u0173 ir i\u0161laikytum\u0117te sistemos vientisum\u0105.<\/li>\n<\/ul>\n<h2>Saugos aspektai ir aplinkos veiksniai<\/h2>\n<p>Naudojant hidraulinius cilindrus, saugos priemon\u0117s yra nepaprastai svarbios. Operatoriai tur\u0117t\u0173 b\u016bti apmokyti atpa\u017einti galimus pavojus ir laikytis saugos protokol\u0173 eksploatavimo ir prie\u017ei\u016bros metu. Tai apima ir tai, kad str\u0117l\u0117s cilindras neb\u016bt\u0173 perkrautas ir kad visi saugos \u012ftaisai veikt\u0173. Be to, renkantis med\u017eiagas ir projektuojant cilindrus, reik\u0117t\u0173 atsi\u017evelgti \u012f aplinkos veiksnius, tokius kaip temperat\u016bros svyravimai ir korozini\u0173 element\u0173 poveikis.<\/p>\n<h2>Da\u017eniausiai pasitaikan\u010di\u0173 problem\u0173 \u0161alinimas<\/h2>\n<ul>\n<li><strong>Nuot\u0117kis:<\/strong> Jei hidraulinis cilindras nesandarus, patikrinkite, ar tarpin\u0117s n\u0117ra susid\u0117v\u0117jusios ar nepa\u017eeistos. Prireikus pakeiskite tarpines ir \u012fsitikinkite, kad visos jungtys yra sandarios.<\/li>\n<li><strong>Prastas na\u0161umas:<\/strong> Tai gali b\u016bti d\u0117l nepakankamo tepimo arba hidraulinio skys\u010dio u\u017eter\u0161tumo. Reguliariai tikrinkite skys\u010dio lyg\u012f ir pakeiskite u\u017eter\u0161t\u0105 skyst\u012f.<\/li>\n<li><strong>Triuk\u0161mingas veikimas:<\/strong> Ne\u012fprasti garsai gali rodyti vidin\u012f susid\u0117v\u0117jim\u0105 arba nepakankam\u0105 tepim\u0105. Atlikite i\u0161sam\u0173 patikrinim\u0105, kad nustatytum\u0117te problem\u0105 ir imtum\u0117t\u0117s taisom\u0173j\u0173 veiksm\u0173.<\/li>\n<\/ul>\n<h2>Trik\u010di\u0173 \u0161alinimo patarimai<\/h2>\n<p>To effectively diagnose and troubleshoot issues with hydraulic cylinders, it&#8217;s essential to follow a systematic approach. Begin by identifying symptoms and isolating the problem area. Check fluid levels and the condition of seals regularly to prevent leaks and maintain performance. Implement preventive measures, such as routine maintenance and inspections, to minimize the risk of potential problems.<\/p>\n<p><img decoding=\"async\" src=\"https:\/\/www.hydraulic-cylinders.net\/wp-content\/uploads\/2025\/04\/songte-bushings-with-all-kinds-of-excavator-models.webp\" alt=\"Ekskavatoriaus \u012fvor\u0117s\"><\/p>\n<h2>\u012emon\u0117s ap\u017evalga<\/h2>\n<p>Esame pirmaujanti pakaitini\u0173 hidraulini\u0173 cilindr\u0173 gamintoja ir didmenin\u0117 platintoja, si\u016blanti plat\u0173 gamini\u0173 asortiment\u0105, kad patenkint\u0173 vietin\u0117s ir tarptautin\u0117s rinkos poreikius. M\u016bs\u0173 \u012fsipareigojimas siekti meistri\u0161kumo atsispindi m\u016bs\u0173 patobulintose gamybos strategijose ir auk\u0161tos kokyb\u0117s gamybos valdyme. Pasitelkdami kvalifikuotus technikus ir skaitmenin\u0119 gamybos \u012frang\u0105, nuolat tobuliname savo gamybos paj\u0117gumus, kad patenkintume \u012fvairius klient\u0173 poreikius, u\u017etikrindami auk\u0161t\u0105 efektyvum\u0105, tikslum\u0105 ir kokyb\u0119.<\/p>\n<p>M\u016bs\u0173 profesionalus po\u017ei\u016bris apima tarptautinius sertifikatus, individualias paslaugas, pa\u017eangi\u0105 gamybos \u012frang\u0105 ir visapusi\u0161k\u0105 garantin\u012f aptarnavim\u0105, u\u017etikrinant, kad m\u016bs\u0173 klientai gaut\u0173 geriausius produktus ir paslaugas pramon\u0117je.<\/p>\n<p><img decoding=\"async\" src=\"https:\/\/www.hydraulic-cylinders.net\/wp-content\/uploads\/2025\/04\/songte-company-4.webp\" alt=\"\u012emon\u0117s ap\u017evalga\"><br \/>\n<img decoding=\"async\" src=\"https:\/\/www.hydraulic-cylinders.net\/wp-content\/uploads\/2025\/04\/songte-company-3.webp\" alt=\"Gamybos \u012franga\"><\/p>\n<p>Autorius: lyl<\/p>","protected":false},"excerpt":{"rendered":"<p>Boom Cylinder For Caterpillar Small Excavator E306EZ Product Overview The Boom Cylinder for Caterpillar Small Excavator E306EZ is a critical component in hydraulic systems, specifically designed to control the movement of the boom in various heavy machinery. These cylinders enable the boom of an excavator to raise, lower, and tilt, facilitating efficient material handling tasks. [&hellip;]<\/p>","protected":false},"featured_media":17868,"comment_status":"open","ping_status":"closed","template":"","meta":{"_et_pb_use_builder":"","_et_pb_old_content":"","_et_gb_content_width":""},"product_brand":[],"product_cat":[1546],"product_tag":[1547,1496],"class_list":{"0":"post-18926","1":"product","2":"type-product","3":"status-publish","4":"has-post-thumbnail","6":"product_cat-boom-cylinders","7":"product_tag-boom-cylinders","8":"product_tag-hydraulic-cylinders","10":"first","11":"instock","12":"shipping-taxable","13":"product-type-simple"},"amp_enabled":true,"_links":{"self":[{"href":"https:\/\/www.hydraulic-cylinders.net\/lt\/wp-json\/wp\/v2\/product\/18926","targetHints":{"allow":["GET"]}}],"collection":[{"href":"https:\/\/www.hydraulic-cylinders.net\/lt\/wp-json\/wp\/v2\/product"}],"about":[{"href":"https:\/\/www.hydraulic-cylinders.net\/lt\/wp-json\/wp\/v2\/types\/product"}],"replies":[{"embeddable":true,"href":"https:\/\/www.hydraulic-cylinders.net\/lt\/wp-json\/wp\/v2\/comments?post=18926"}],"wp:featuredmedia":[{"embeddable":true,"href":"https:\/\/www.hydraulic-cylinders.net\/lt\/wp-json\/wp\/v2\/media\/17868"}],"wp:attachment":[{"href":"https:\/\/www.hydraulic-cylinders.net\/lt\/wp-json\/wp\/v2\/media?parent=18926"}],"wp:term":[{"taxonomy":"product_brand","embeddable":true,"href":"https:\/\/www.hydraulic-cylinders.net\/lt\/wp-json\/wp\/v2\/product_brand?post=18926"},{"taxonomy":"product_cat","embeddable":true,"href":"https:\/\/www.hydraulic-cylinders.net\/lt\/wp-json\/wp\/v2\/product_cat?post=18926"},{"taxonomy":"product_tag","embeddable":true,"href":"https:\/\/www.hydraulic-cylinders.net\/lt\/wp-json\/wp\/v2\/product_tag?post=18926"}],"curies":[{"name":"wp","href":"https:\/\/api.w.org\/{rel}","templated":true}]}}