{"id":18928,"date":"2025-04-07T06:02:40","date_gmt":"2025-04-07T06:02:40","guid":{"rendered":"https:\/\/www.hydraulic-cylinders.net\/product\/boom-cylinder-for-caterpillar-small-excavator-e312d2gc\/"},"modified":"2025-04-07T06:02:42","modified_gmt":"2025-04-07T06:02:42","slug":"boom-cylinder-for-caterpillar-small-excavator-e312d2gc","status":"publish","type":"product","link":"https:\/\/www.hydraulic-cylinders.net\/lt\/produktas\/boom-cylinder-for-caterpillar-small-excavator-e312d2gc\/","title":{"rendered":"Str\u0117l\u0117s cilindras Caterpillar ma\u017eam ekskavatoriui E312D2GC"},"content":{"rendered":"<h1>Str\u0117l\u0117s cilindras Caterpillar ma\u017eam ekskavatoriui E312D2GC<\/h1>\n<h2>Produkto ap\u017evalga<\/h2>\n<p>Str\u0117l\u0117s cilindras yra esminis hidraulinis komponentas, specialiai sukurtas kau\u0161o jud\u0117jimui valdyti \u012fvairiose sunkiosiose ma\u0161inose, \u012fskaitant ekskavatorius, ekskavatorinius krautuvus ir frontalinius krautuvus. \u0160is hidraulinis cilindras leid\u017eia kau\u0161\u0105 efektyviai kelti, nuleisti ir pakreipti, palengvindamas med\u017eiag\u0173 tvarkymo u\u017eduotis statybose ir kitose pramon\u0117s \u0161akose. Kau\u0161o cilindras veikia hidraulin\u0117je sistemoje, naudodamas susl\u0117gt\u0105 skyst\u012f savo judesiams atlikti, tod\u0117l jis yra labai svarbus efektyvaus veikimo elementas.<\/p>\n<p><img decoding=\"async\" src=\"https:\/\/www.hydraulic-cylinders.net\/wp-content\/uploads\/2025\/04\/songte-company-1.webp\" alt=\"Ekskavatori\u0173 str\u0117l\u0117s cilindras\" \/><\/p>\n<h2>Str\u0117l\u0117s cilindro savyb\u0117s<\/h2>\n<ul>\n<li><strong>Didelis stiprumas ir ilgaam\u017ei\u0161kumas:<\/strong> Pagaminta i\u0161 didelio stiprumo plieno arba aliuminio, galinti atlaikyti auk\u0161t\u0105 sl\u0117g\u012f ir dideles apkrovas, atspari dilimui ir apsaugai nuo korozijos, kad pailgint\u0173 tarnavimo laik\u0105.<\/li>\n<li><strong>Efektyvus hidraulinis valdymas:<\/strong> Naudoja hidraulinio skys\u010dio sl\u0117g\u012f sklandiems teleskopiniams judesiams, greitai reaguoja \u012f valdymo komandas ir suteikia galingas st\u016bmimo bei traukimo galimybes, tinkamas sunki\u0173 med\u017eiag\u0173 tvarkymui ir sud\u0117tingoms u\u017eduotims atlikti.<\/li>\n<li><strong>\u012evair\u016bs tipai:<\/strong> Galima \u012fsigyti vienpusio veikimo (naudojant hidraulin\u012f sl\u0117g\u012f viena kryptimi) arba dvipusio veikimo (naudojant hidraulin\u012f sl\u0117g\u012f abiem kryptimis) konfig\u016bracij\u0173, kad b\u016bt\u0173 patenkinti skirtingi eksploataciniai poreikiai, o kai kurie modeliai si\u016blo teleskopines funkcijas, leid\u017eian\u010dias padidinti prailginim\u0105 nedidinant i\u0161orini\u0173 matmen\u0173, tod\u0117l idealiai tinka naudoti ribotoje erdv\u0117je.<\/li>\n<li><strong>Didelis na\u0161umas:<\/strong> Sukurtas optimaliam veikimui \u012fvairiomis darbo s\u0105lygomis, u\u017etikrinant patikim\u0105 veikim\u0105 sud\u0117tingoje aplinkoje.<\/li>\n<li><strong>Individuali gamyba:<\/strong> Mes galime pagaminti \u0161\u012f produkt\u0105, o m\u016bs\u0173 cilindrai puikiai pakei\u010dia \u0161iuos hidraulinius cilindrus.<\/li>\n<\/ul>\n<p><img decoding=\"async\" src=\"https:\/\/www.hydraulic-cylinders.net\/wp-content\/uploads\/2025\/04\/songte-cylinder-head-with-all-kinds-excavator-models.webp\" alt=\"Hidraulini\u0173 cilindr\u0173 modeliai\" \/><\/p>\n<h2>Str\u0117l\u0117s cilindro pritaikymas<\/h2>\n<h3>Statybin\u0117 \u012franga<\/h3>\n<p>Ekskavatoriuose str\u0117l\u0117s cilindras yra gyvybi\u0161kai svarbus kasant, kraunant ir perkeliant grunt\u0105 ar \u0161iuk\u0161les. Jis leid\u017eia operatoriui valdyti kau\u0161o gyl\u012f ir kamp\u0105, taip padidinant na\u0161um\u0105 statybviet\u0117se. Ekskavatoriuose-krautuvuose kau\u0161o cilindras padeda atlikti tiek kasimo, tiek k\u0117limo darbus, tod\u0117l yra nepakei\u010diamas \u012frankis \u012fvairiems statybos ir \u017eem\u0117s darb\u0173 darbams.<\/p>\n<h3>\u017dem\u0117s \u016bkio technika<\/h3>\n<p>Priekiniuose krautuvuose naudojamas str\u0117l\u0117s cilindras palengvina efektyv\u0173 dirvo\u017eemio, \u0161ieno ir kit\u0173 med\u017eiag\u0173 k\u0117lim\u0105, k\u0117lim\u0105 ir transportavim\u0105. D\u0117l tvirtos konstrukcijos ir funkcionalumo jis tinka \u017eem\u0117s \u016bkio darbams, kuriuose da\u017enai reikia kelti sunkius krovinius.<\/p>\n<h3>Ekskavatoriai<\/h3>\n<p>Str\u0117l\u0117s cilindras leid\u017eia kau\u0161ui \u012fsiskverbti \u012f dirv\u0105, kad b\u016bt\u0173 galima efektyviai kasti. Hidraulin\u0117s galimyb\u0117s leid\u017eia atlikti galing\u0105 kasimo darb\u0105 i\u0161laikant tikslum\u0105, tod\u0117l tai b\u016btina projektams, kuriems reikalingas gilus \u017eem\u0117s judinimas.<\/p>\n<h3>Krautuvai<\/h3>\n<p>Priekiniuose krautuvuose str\u0117l\u0117s cilindras padeda efektyviai pakelti ir i\u0161versti krovinius. Jo patikimas veikimas yra labai svarbus atliekant operacijas, susijusias su med\u017eiag\u0173 perk\u0117limu, u\u017etikrinant, kad kroviniai b\u016bt\u0173 transportuojami saugiai ir efektyviai.<\/p>\n<h2>Projektavimo aspektai ir atrankos kriterijai<\/h2>\n<h3>Keliamoji galia<\/h3>\n<p>Vienas i\u0161 pagrindini\u0173 str\u0117l\u0117s cilindro projektavimo aspekt\u0173 yra jo keliamoji galia. Labai svarbu, kad cilindras gal\u0117t\u0173 atlaikyti maksimali\u0105 apkrov\u0105, su kuria susidurs eksploatacijos metu. Tai apima k\u0117limo u\u017eduo\u010di\u0173 metu veikian\u010di\u0173 j\u0117g\u0173 apskai\u010diavim\u0105 ir med\u017eiag\u0173 bei konstrukcij\u0173, kurios gali atlaikyti \u0161ias j\u0117gas be gedim\u0173, parinkim\u0105.<\/p>\n<h3>Sandarinimo efektyvumas<\/h3>\n<p>Efektyvus sandarinimas yra labai svarbus siekiant i\u0161vengti hidraulinio skys\u010dio nuot\u0117kio, kuris gali suma\u017einti efektyvum\u0105 ir sukelti pavoj\u0173 aplinkai. Auk\u0161tos kokyb\u0117s sandarikliai, pagaminti i\u0161 patvari\u0173 med\u017eiag\u0173, yra b\u016btini norint u\u017etikrinti ilgalaik\u012f veikim\u0105 ir i\u0161laikyti hidraulin\u0117s sistemos vientisum\u0105.<\/p>\n<h3>Patvarumas<\/h3>\n<p>Hidraulini\u0173 cilindr\u0173 darbo aplinka gali b\u016bti at\u0161iauri, nes juose gali b\u016bti dulki\u0173, \u0161iuk\u0161li\u0173 ir \u012fvairi\u0173 oro s\u0105lyg\u0173. Projektuojant siekiant ilgaam\u017ei\u0161kumo, reikia pasirinkti tvirtas med\u017eiagas ir dangas, kurios atsparios dilimui ir korozijai, taip pailginant cilindro tarnavimo laik\u0105.<\/p>\n<h3>Saugos funkcijos<\/h3>\n<p>Projektuojant hidraulinius cilindrus, saugumas yra svarbiausias dalykas. Saugos funkcij\u0173, toki\u0173 kaip sl\u0117gio ma\u017einimo vo\u017etuvai ir apsauga nuo sprogimo, \u012fdiegimas gali pad\u0117ti i\u0161vengti katastrofi\u0161k\u0173 gedim\u0173. Be to, norint u\u017etikrinti saug\u0173 cilindr\u0173 veikim\u0105 bet kokiomis s\u0105lygomis, b\u016btina atlikti kruop\u0161t\u0173 bandym\u0105 ir laikytis pramon\u0117s standart\u0173.<\/p>\n<h3>Prie\u017ei\u016bra<\/h3>\n<p>Projektuojant atsi\u017evelgiant \u012f technin\u0117s prie\u017ei\u016bros patogum\u0105, labai svarbu suma\u017einti prastovas ir remonto i\u0161laidas. Tai apima prieinamumo u\u017etikrinim\u0105 ap\u017ei\u016broms ir technin\u0117s prie\u017ei\u016bros darbams atlikti, taip pat ai\u0161ki\u0173 sandarikli\u0173 ir komponent\u0173 keitimo gairi\u0173 pateikim\u0105, kad b\u016bt\u0173 galima greitai ir efektyviai atlikti technin\u0119 prie\u017ei\u016br\u0105.<\/p>\n<p><img decoding=\"async\" src=\"https:\/\/www.hydraulic-cylinders.net\/wp-content\/uploads\/2025\/04\/songte-oil-pipes-and-spare-parts.webp\" alt=\"Hidraulin\u0117s dalys\" \/><\/p>\n<h2>Sandarinimas ir tepimas<\/h2>\n<p>Str\u0117l\u0117s cilindro sandarinimo sistem\u0105 sudaro \u012fvairi\u0173 tip\u0173 sandarikliai, tokie kaip st\u016bmokli\u0173 ir stryp\u0173 sandarikliai, kurie yra b\u016btini hidrauliniam sl\u0117giui palaikyti. Siekiant padidinti patvarum\u0105, da\u017eniausiai naudojami sandarikliai, pagaminti i\u0161 atspari\u0173 dilimui med\u017eiag\u0173, toki\u0173 kaip poliuretanas ir nitrilo kau\u010diukas. Be to, cilindro korpusas ir srieginiai galiniai pavir\u0161iai yra tiksliai apdirbami, siekiant pagerinti atsparum\u0105 dilimui. Reguliarus tepimas hidrauline alyva yra labai svarbus siekiant u\u017etikrinti skland\u0173 veikim\u0105 ir i\u0161vengti komponent\u0173 susid\u0117v\u0117jimo.<\/p>\n<h2>Reguliarus patikrinimas ir prevencin\u0117 prie\u017ei\u016bra<\/h2>\n<ul>\n<li><strong>Reguliar\u016bs patikrinimai:<\/strong> \u012ediekite \u012fprastini\u0173 patikrinim\u0173 grafik\u0105, kad nustatytum\u0117te bet kok\u012f susid\u0117v\u0117jim\u0105 ar galimas problemas, kol jos nepa\u016bm\u0117jo. Reguliar\u016bs patikrinimai gali pad\u0117ti anksti pasteb\u0117ti nuot\u0117kius ar pa\u017eeidimus, taip i\u0161vengiant brangaus remonto.<\/li>\n<li><strong>Tinkamas tepimas:<\/strong> U\u017etikrinkite, kad hidraulin\u0117s alyvos lygis b\u016bt\u0173 tinkamas, ir keiskite j\u0105 pagal poreik\u012f. Tinkamas tepimas suma\u017eina judan\u010di\u0173 dali\u0173 trint\u012f ir susid\u0117v\u0117jim\u0105, pailgindamas cilindro tarnavimo laik\u0105.<\/li>\n<li><strong>Sandariklio keitimas:<\/strong> Reguliariai tikrinkite tarpiklius, ar n\u0117ra susid\u0117v\u0117jimo ar pa\u017eeidim\u0173, ir prireikus juos pakeiskite. \u0160i praktika padeda palaikyti hidraulin\u012f sl\u0117g\u012f ir apsaugo nuo skys\u010di\u0173 nuot\u0117kio.<\/li>\n<\/ul>\n<h2>\u012erengimo gair\u0117s<\/h2>\n<p>Tinkamas str\u0117l\u0117s cilindro montavimas yra b\u016btinas optimaliam veikimui. Pirmiausia \u012fsitikinkite, kad montavimo vieta yra \u0161vari ir be \u0161iuk\u0161li\u0173. Tinkamai sulygiuokite cilindr\u0105 su tvirtinimo ta\u0161kais, naudodami tinkamus tvirtinimo elementus. \u012esitikinkite, kad visos hidraulin\u0117s jungtys yra sandarios ir be nuot\u0117ki\u0173. Po montavimo atlikite i\u0161sam\u0173 hidraulin\u0117s sistemos patikrinim\u0105, kad \u012fsitikintum\u0117te, jog ji veikia tinkamai, prie\u0161 prad\u0117dami visapusi\u0161k\u0105 darb\u0105. Taip pat patartina laikytis gamintojo nurodym\u0173 d\u0117l sukimo momento nustatym\u0173 ir jung\u010di\u0173 tip\u0173.<\/p>\n<h2>Prie\u017ei\u016bros u\u017eduotys<\/h2>\n<ul>\n<li><strong>Reguliar\u016bs patikrinimai:<\/strong> Da\u017enos patikros padeda anksti aptikti tokias problemas kaip hidraulin\u0117s sistemos nuot\u0117kiai ar susid\u0117v\u0117jimo po\u017eymiai. Greitas \u0161i\u0173 problem\u0173 sprendimas gali pad\u0117ti i\u0161vengti rimtesni\u0173 gedim\u0173.<\/li>\n<li><strong>Tinkamas tepimas:<\/strong> Reguliariai tikrinkite ir palaikykite tinkam\u0105 hidraulin\u0117s alyvos lyg\u012f. Tepimas yra labai svarbus skland\u017eiam veikimui ir gali \u017eymiai pailginti cilindro tarnavimo laik\u0105.<\/li>\n<li><strong>Sandariklio keitimas:<\/strong> Reguliariai tikrinkite sandarikli\u0173 vientisum\u0105 ir prireikus juos pakeiskite, kad i\u0161vengtum\u0117te hidraulinio skys\u010dio nuot\u0117kio ir i\u0161laikytum\u0117te sistemos efektyvum\u0105.<\/li>\n<\/ul>\n<h2>Saugos aspektai ir aplinkos veiksniai<\/h2>\n<p>Dirbant su hidrauliniais cilindrais, saugos priemon\u0117s yra nepaprastai svarbios. Visada u\u017etikrinkite, kad operatoriai b\u016bt\u0173 apmokyti tinkamai naudoti \u012frang\u0105 ir \u017einot\u0173 apie galimus pavojus. Saugos protokol\u0173, toki\u0173 kaip asmenini\u0173 apsaugos priemoni\u0173 (AAP) naudojimas ir avarinio i\u0161jungimo proced\u016br\u0173 taikymas, \u012fgyvendinimas gali \u017eymiai suma\u017einti nelaiming\u0173 atsitikim\u0173 rizik\u0105. Be to, atsi\u017evelkite \u012f hidraulinio skys\u010dio nuot\u0117kio poveik\u012f aplinkai ir u\u017etikrinkite, kad b\u016bt\u0173 \u012fdiegti tinkami izoliavimo ir \u0161alinimo metodai, siekiant suma\u017einti pavoj\u0173 aplinkai.<\/p>\n<h2>Trik\u010di\u0173 \u0161alinimas ir da\u017eniausiai pasitaikan\u010dios problemos<\/h2>\n<ul>\n<li><strong>Nuot\u0117kis:<\/strong> Jei pasteb\u0117jote hidraulinio skys\u010dio nuot\u0117k\u012f i\u0161 cilindro, patikrinkite, ar sandarikliai ir jungtys nepa\u017eeistos. \u012esitikinkite, kad jungtys yra sandarios, o sandarikliai \u2013 geros b\u016bkl\u0117s.<\/li>\n<li><strong>L\u0117tas veikimas:<\/strong> Tai gali rodyti \u017eem\u0105 hidraulinio skys\u010dio lyg\u012f arba u\u017eter\u0161tum\u0105. Patikrinkite skys\u010dio lyg\u012f ir pakeiskite skyst\u012f, jei jis atrodo ne\u0161varus arba susid\u0117v\u0117j\u0119s.<\/li>\n<li><strong>N\u0117ra jud\u0117jimo:<\/strong> Jei cilindras nejuda, patikrinkite, ar hidraulin\u0117se linijose n\u0117ra u\u017esikim\u0161im\u0173, arba \u012fsitikinkite, kad siurblys veikia tinkamai.<\/li>\n<\/ul>\n<h2>Trik\u010di\u0173 \u0161alinimo patarimai<\/h2>\n<p>Nor\u0117dami efektyviai pa\u0161alinti triktis, visada prad\u0117kite nuo vizualin\u0117s hidraulin\u0117s sistemos ap\u017ei\u016bros. Ie\u0161kokite bet koki\u0173 susid\u0117v\u0117jimo, nuot\u0117ki\u0173 ar atsilaisvinusi\u0173 jung\u010di\u0173 po\u017eymi\u0173. \u012esitikinkite, kad hidraulinio skys\u010dio lygis yra tinkamas ir neu\u017eter\u0161tas. Jei problemos i\u0161lieka, per\u017ei\u016br\u0117kite gamintojo rekomendacijas d\u0117l konkre\u010di\u0173 diagnostikos proced\u016br\u0173. Prevencin\u0117s priemon\u0117s, tokios kaip reguliari prie\u017ei\u016bra ir patikrinimai, gali suma\u017einti problem\u0173 tikimyb\u0119 ateityje.<\/p>\n<p><img decoding=\"async\" src=\"https:\/\/www.hydraulic-cylinders.net\/wp-content\/uploads\/2025\/04\/songte-bushings-with-all-kinds-of-excavator-models.webp\" alt=\"Ekskavatoriaus \u012fvor\u0117s\" \/><\/p>\n<h2>Apie m\u016bs\u0173 \u012fmon\u0119<\/h2>\n<p>Esame pirmaujantis pakaitini\u0173 hidraulini\u0173 cilindr\u0173 gamintojas, si\u016blantis plat\u0173 gamini\u0173 asortiment\u0105, skirt\u0105 tiek vidaus, tiek tarptautinei rinkai. M\u016bs\u0173 \u012fsipareigojimas siekti meistri\u0161kumo skatina mus i\u0161laikyti auk\u0161tus kokyb\u0117s standartus, taikant industrializuotas gamybos valdymo strategijas. Sutelkdami d\u0117mes\u012f \u012f technologinius talentus, pa\u017eangi\u0105 gamybos \u012frang\u0105 ir profesionalias bandym\u0173 sistemas, nuolat tobuliname savo gamybos platform\u0105, kad gal\u0117tume tiekti geriausius produktus. M\u016bs\u0173 komandos patirtis leid\u017eia mums efektyviai, tiksliai ir kokybi\u0161kai patenkinti \u012fvairius klient\u0173 poreikius.<\/p>\n<p><img decoding=\"async\" src=\"https:\/\/www.hydraulic-cylinders.net\/wp-content\/uploads\/2025\/04\/songte-company-4.webp\" alt=\"\u012emon\u0117s ap\u017evalga\" \/><br \/>\n<img decoding=\"async\" src=\"https:\/\/www.hydraulic-cylinders.net\/wp-content\/uploads\/2025\/04\/songte-company-3.webp\" alt=\"Gamybos procesas\" \/><\/p>\n<p>Autorius: lyl<\/p>","protected":false},"excerpt":{"rendered":"<p>Boom Cylinder For Caterpillar Small Excavator E312D2GC Product Overview The Boom Cylinder is an essential hydraulic component specifically designed for controlling the movement of the bucket in various heavy machinery, including excavators, backhoe loaders, and front loaders. This hydraulic cylinder allows the bucket to lift, lower, and tilt efficiently, facilitating material handling tasks in construction [&hellip;]<\/p>","protected":false},"featured_media":17870,"comment_status":"open","ping_status":"closed","template":"","meta":{"_et_pb_use_builder":"","_et_pb_old_content":"","_et_gb_content_width":""},"product_brand":[],"product_cat":[1546],"product_tag":[1547,1496],"class_list":{"0":"post-18928","1":"product","2":"type-product","3":"status-publish","4":"has-post-thumbnail","6":"product_cat-boom-cylinders","7":"product_tag-boom-cylinders","8":"product_tag-hydraulic-cylinders","10":"first","11":"instock","12":"shipping-taxable","13":"product-type-simple"},"amp_enabled":true,"_links":{"self":[{"href":"https:\/\/www.hydraulic-cylinders.net\/lt\/wp-json\/wp\/v2\/product\/18928","targetHints":{"allow":["GET"]}}],"collection":[{"href":"https:\/\/www.hydraulic-cylinders.net\/lt\/wp-json\/wp\/v2\/product"}],"about":[{"href":"https:\/\/www.hydraulic-cylinders.net\/lt\/wp-json\/wp\/v2\/types\/product"}],"replies":[{"embeddable":true,"href":"https:\/\/www.hydraulic-cylinders.net\/lt\/wp-json\/wp\/v2\/comments?post=18928"}],"wp:featuredmedia":[{"embeddable":true,"href":"https:\/\/www.hydraulic-cylinders.net\/lt\/wp-json\/wp\/v2\/media\/17870"}],"wp:attachment":[{"href":"https:\/\/www.hydraulic-cylinders.net\/lt\/wp-json\/wp\/v2\/media?parent=18928"}],"wp:term":[{"taxonomy":"product_brand","embeddable":true,"href":"https:\/\/www.hydraulic-cylinders.net\/lt\/wp-json\/wp\/v2\/product_brand?post=18928"},{"taxonomy":"product_cat","embeddable":true,"href":"https:\/\/www.hydraulic-cylinders.net\/lt\/wp-json\/wp\/v2\/product_cat?post=18928"},{"taxonomy":"product_tag","embeddable":true,"href":"https:\/\/www.hydraulic-cylinders.net\/lt\/wp-json\/wp\/v2\/product_tag?post=18928"}],"curies":[{"name":"wp","href":"https:\/\/api.w.org\/{rel}","templated":true}]}}