{"id":1893,"date":"2023-10-19T06:07:27","date_gmt":"2023-10-19T06:07:27","guid":{"rendered":"https:\/\/hydraulic-cylinders.net\/?post_type=product&#038;p=1893"},"modified":"2025-04-11T02:51:59","modified_gmt":"2025-04-11T02:51:59","slug":"open-tbm-support-shoe-cylinder","status":"publish","type":"product","link":"https:\/\/www.hydraulic-cylinders.net\/lt\/produktas\/open-tbm-support-shoe-cylinder\/","title":{"rendered":"Atviras TBM atraminio pado cilindras"},"content":{"rendered":"<h1 style=\"text-align: center;\"><strong>Atviras TBM atraminio pado cilindras<\/strong><\/h1>\n<p><img loading=\"lazy\" decoding=\"async\" class=\"aligncenter wp-image-1894\" src=\"https:\/\/hydraulic-cylinders.net\/wp-content\/uploads\/2023\/10\/support-shoe-cylinder-1-300x300.webp\" alt=\"\" width=\"400\" height=\"400\" \/><\/p>\n<p>Atviro tipo TBM atraminio pad\u0173 cilindras yra modernus hidraulinis komponentas, skirtas tuneli\u0173 gr\u0119\u017eimo ma\u0161in\u0173 (TBMS) stabilumui ir na\u0161umui pagerinti. \u0160is specializuotas cilindras palaiko TBM pjovimo galvut\u0119 kasimo metu, u\u017etikrindamas tiksl\u0173 valdym\u0105, didesn\u012f efektyvum\u0105 ir geresn\u012f saug\u0105. \u0160iame i\u0161samiame straipsnyje bus nagrin\u0117jamos pagrindin\u0117s atviro tipo TBM atraminio pad\u0173 cilindro charakteristikos, naudojimo b\u016bdai ir prie\u017ei\u016bros gair\u0117s.<\/p>\n<p>Atviras TBM atraminis padas yra pa\u017eangus hidraulinis komponentas, kuris padidina stabilum\u0105 ir na\u0161um\u0105 tuneli\u0173 gr\u0119\u017eimo operacijose. D\u0117l padidinto stabilumo, tikslaus valdymo, patobulint\u0173 saugos funkcij\u0173 ir patvarios konstrukcijos \u0161is cilindras u\u017etikrina efektyv\u0173 ir saug\u0173 tuneli\u0173 kasim\u0105. Laikantis rekomenduojam\u0173 naudojimo metod\u0173 ir reguliarios prie\u017ei\u016bros praktikos, atviras TBM atraminis padas ir toliau u\u017etikrins puik\u0173 na\u0161um\u0105, prisid\u0117damas prie tuneli\u0173 kasimo projekt\u0173 s\u0117km\u0117s. Pakelkite savo tuneli\u0173 gr\u0119\u017eimo operacij\u0173 lyg\u012f su atviro TBM atraminio pado cilindro si\u016blomu stabilumu ir patikimumu.<\/p>\n<p>Atviro TBM atraminio pado cilindro pagrindin\u0117s charakteristikos:<\/p>\n<ul>\n<li>Padidintas stabilumas: Atviras TBM atraminio padavimo cilindras suteikia i\u0161skirtin\u012f komandos pjovimo galvut\u0117s stabilum\u0105. Tvirta konstrukcija ir didel\u0117 keliamoji galia u\u017etikrina, kad pjovimo galvut\u0117 i\u0161likt\u0173 stabili net sud\u0117tingomis geologin\u0117mis s\u0105lygomis, suma\u017eindama vibracij\u0105 ir pagerindama bendr\u0105 kasimo tikslum\u0105.<\/li>\n<li>Tikslus valdymas: \u0160is cilindras, apr\u016bpintas pa\u017eangiomis hidraulin\u0117mis sistemomis, leid\u017eia tiksliai valdyti atramin\u0117s pado jud\u0117jim\u0105. Operatoriai gali reguliuoti cilindro i\u0161pl\u0117tim\u0105 ir \u012ftraukim\u0105, taip tiksliai sureguliuodami TBM pad\u0117t\u012f ir optimizuodami jo veikim\u0105 \u012fvairiuose grunto dariniuose.<\/li>\n<li>Patobulintas saugumas: Atviras TBM atraminio pado cilindras turi tokias saugos funkcijas kaip apsauga nuo perkrovos ir avarinio stabdymo mechanizmai. \u0160ios funkcijos padeda i\u0161vengti per dideli\u0173 j\u0117g\u0173, veikian\u010di\u0173 atramin\u012f padus, u\u017etikrinant TBM operatori\u0173 saugum\u0105 ir suma\u017einant \u012frangos sugadinimo rizik\u0105.<\/li>\n<li>Patvarumas ir patikimumas: Pagamintas i\u0161 auk\u0161tos kokyb\u0117s med\u017eiag\u0173, atviras TBM atraminis cilindras yra sukurtas taip, kad atlaikyt\u0173 sud\u0117tingas s\u0105lygas, su kuriomis susiduriama tuneli\u0173 gr\u0119\u017eimo operacijose. Tvirta konstrukcija u\u017etikrina ilgalaik\u012f patvarum\u0105, patikimum\u0105 ir pastov\u0173 veikim\u0105, suma\u017eindama prastovas ir prie\u017ei\u016bros i\u0161laidas.<\/li>\n<\/ul>\n<h2><strong>Atviro TBM atraminio padelio cilindro parametras:<\/strong><\/h2>\n<table border=\"1\" cellspacing=\"0\" cellpadding=\"0\">\n<tbody>\n<tr>\n<td>Produkto pavadinimas<\/td>\n<td>Atviro tunelio gr\u0119\u017eimo ma\u0161inos atraminis bat\u0173 cilindras<\/td>\n<\/tr>\n<tr>\n<td>Savyb\u0117s:<\/td>\n<td>Suteikia tunelinio gr\u0119\u017eimo j\u0117g\u0105<\/td>\n<\/tr>\n<tr>\n<td>Skyl\u0117s skersmuo:<\/td>\n<td>\u00a0480 mm\uff5e1000 mm<\/td>\n<\/tr>\n<tr>\n<td>Strypo skersmuo:<\/td>\n<td>400 mm\uff5e730 mm<br \/>\nSt\u016bmoklio eiga 400 mm ~ 825 mm<\/td>\n<\/tr>\n<tr>\n<td>Sl\u0117gis:<\/td>\n<td>iki 35 MPa<\/td>\n<\/tr>\n<tr>\n<td>Parai\u0161kos:<\/td>\n<td>Atviro tunelio gr\u0119\u017eimo ma\u0161ina<\/td>\n<\/tr>\n<\/tbody>\n<\/table>\n<h2><strong>Atviro TBM cilindro taikymas:<\/strong><\/h2>\n<p><img loading=\"lazy\" decoding=\"async\" class=\"alignnone wp-image-1899 size-full\" src=\"https:\/\/hydraulic-cylinders.net\/wp-content\/uploads\/2023\/10\/open-tbm-cylinder-1.webp\" alt=\"\" width=\"709\" height=\"473\" srcset=\"https:\/\/hydraulic-cylinders.net\/wp-content\/uploads\/2023\/10\/open-tbm-cylinder-1.webp 709w, https:\/\/hydraulic-cylinders.net\/wp-content\/uploads\/2023\/10\/open-tbm-cylinder-1-480x320.webp 480w\" sizes=\"(min-width: 0px) and (max-width: 480px) 480px, (min-width: 481px) 709px, 100vw\" \/><\/p>\n<h2><strong>Atviro TBM atraminio bato cilindro naudojimo b\u016bdas<\/strong><strong>:<\/strong><\/h2>\n<ul>\n<li><strong>Cilindro montavimas:<\/strong>\u00a0 Sumontuokite atvir\u0105 TBM atraminio pad\u0173 cilindr\u0105 pagal gamintojo instrukcijas. U\u017etikrinkite tinkam\u0105 i\u0161lyginim\u0105 ir tvirt\u0105 pritvirtinim\u0105 prie TBM konstrukcijos naudodami tinkamus tvirtinimo laikiklius arba priedus.<\/li>\n<li><strong>Hidraulin\u0117s sistemos integravimas:<\/strong> Prijunkite cilindr\u0105 prie TBM hidraulin\u0117s sistemos naudodami suderinamas \u017earnas ir jungiam\u0105sias detales. Patikrinkite, ar visos jungtys yra tvirtos, nepralaid\u017eios ir tinkamai priver\u017etos, kad b\u016bt\u0173 i\u0161laikytas optimalus hidraulinis na\u0161umas.<\/li>\n<li><strong>Pad\u0117ties reguliavimas:<\/strong>\u00a0 Susipa\u017einkite su atviro TBM atraminio pado cilindro valdikliais. Naudokite \u0161iuos valdiklius cilindro i\u0161pl\u0117timui ir \u012ftraukimui reguliuoti, kad b\u016bt\u0173 galima tiksliai nustatyti atraminio pado pad\u0117t\u012f, atsi\u017evelgiant \u012f \u012fvairias grunto s\u0105lygas ir i\u0161laikant stabilum\u0105 kasimo metu.<\/li>\n<li><strong>Saugos priemon\u0117s:<\/strong>\u00a0 Laikykit\u0117s vis\u0173 TBM gamintojo pateikt\u0173 saugos protokol\u0173 ir gairi\u0173. U\u017etikrinkite, kad operatoriai b\u016bt\u0173 apmokyti saugiai valdyti TBM ir atvir\u0105 TBM atramin\u012f pad\u0105. Reguliariai tikrinkite saugos mechanizmus ir atlikite technin\u0119 prie\u017ei\u016br\u0105, kaip rekomenduojama, kad u\u017etikrintum\u0117te tinkam\u0105 veikim\u0105.<\/li>\n<\/ul>\n<h2><strong>Kaip i\u0161leisti or\u0105 i\u0161 hidraulinio cilindro?<\/strong><\/h2>\n<p>Hidraulinio cilindro nuorinimas yra esmin\u0117 technin\u0117s prie\u017ei\u016bros proced\u016bra, u\u017etikrinanti optimal\u0173 na\u0161um\u0105 ir i\u0161vengiant toki\u0173 problem\u0173 kaip netolygus ar nevienodas veikimas. \u0160tai nuoseklus vadovas, kaip i\u0161leisti or\u0105 i\u0161 hidraulinio cilindro:<\/p>\n<ol>\n<li><strong>Saugumas pirmiausia:<\/strong> Prie\u0161 atlikdami bet kokius technin\u0117s prie\u017ei\u016bros darbus, \u012fsitikinkite, kad hidraulin\u0117je sistemoje n\u0117ra sl\u0117gio, o \u012franga yra saugiai pritvirtinta, kad b\u016bt\u0173 i\u0161vengta atsitiktinio jud\u0117jimo.<\/li>\n<li><strong>Nustatykite i\u0161leidimo vo\u017etuv\u0105:<\/strong> Suraskite hidraulinio cilindro i\u0161leidimo vo\u017etuv\u0105. I\u0161leidimo vo\u017etuvas paprastai yra ma\u017eas var\u017etas arba vo\u017etuvas, esantis ant cilindro korpuso arba \u0161alia hidraulini\u0173 jung\u010di\u0173.<\/li>\n<li><strong>Pad\u0117ties nustatymas:<\/strong> Perkelkite cilindr\u0105 \u012f toki\u0105 pad\u0117t\u012f, kad b\u016bt\u0173 galima pasiekti i\u0161leidimo vo\u017etuv\u0105 ir kad jis b\u016bt\u0173 auk\u0161\u010diausiame cilindro ta\u0161ke. Tokia pad\u0117tis leid\u017eia \u012fstrigusiam orui lengviau pakilti ir i\u0161eiti.<\/li>\n<li><strong>Atidarykite i\u0161leidimo vo\u017etuv\u0105:<\/strong> Atsargiai atidarykite i\u0161leidimo vo\u017etuv\u0105 tinkamu ver\u017eliarak\u010diu arba \u012frankiu, sukdami j\u012f prie\u0161 laikrod\u017eio rodykl\u0119. \u012esitikinkite, kad turite talpykl\u0105 arba tinkam\u0105 priemon\u0119 bet kokiam hidrauliniam skys\u010diui, i\u0161siskyrusiam i\u0161leidimo metu, surinkti.<\/li>\n<li><strong>Leiskite orui i\u0161eiti:<\/strong> L\u0117tai i\u0161skleiskite arba sutraukite cilindr\u0105 naudodami hidraulin\u0117s sistemos valdiklius. \u0160is veiksmas padeda sukurti skys\u010dio sraut\u0105 cilindre ir skatina \u012fstrigusio oro i\u0161\u0117jim\u0105 per atidaryt\u0105 i\u0161leidimo vo\u017etuv\u0105. Toliau naudokite cilindr\u0105, kol pamatysite pastov\u0173 hidraulinio skys\u010dio sraut\u0105 be oro burbuliuk\u0173.<\/li>\n<li><strong>U\u017edarykite i\u0161leidimo vo\u017etuv\u0105:<\/strong> Kai hidraulinis skystis teka skland\u017eiai ir nematyti oro burbuliuk\u0173, u\u017edarykite i\u0161leidimo vo\u017etuv\u0105 pasukdami j\u012f pagal laikrod\u017eio rodykl\u0119. B\u016bkite atsarg\u016bs ir neperver\u017ekite vo\u017etuvo, kad nepa\u017eeistum\u0117te sriegi\u0173.<\/li>\n<li><strong>Patikrinkite ir papildykite skyst\u012f:<\/strong> Patikrinkite hidraulinio skys\u010dio lyg\u012f rezervuare ir \u012fsitikinkite, kad jis atitinka rekomenduojam\u0105 lyg\u012f. Jei reikia, \u012fpilkite hidraulinio skys\u010dio, kad palaikytum\u0117te tinkam\u0105 lyg\u012f. Tinkam\u0105 hidraulinio skys\u010dio tip\u0105 ir specifikacijas rasite \u012frangos vadove.<\/li>\n<li><strong>Bandomasis veikimas:<\/strong> I\u0161leid\u0119 or\u0105 i\u0161 hidraulinio cilindro ir u\u017etikrin\u0119 tinkam\u0105 skys\u010dio lyg\u012f, patikrinkite \u012frangos veikim\u0105. \u012esitikinkite, kad cilindras veikia skland\u017eiai, be joki\u0173 kempin\u0117s pover\u017eli\u0173 ar kit\u0173 nelygum\u0173.<\/li>\n<li><strong>Jei reikia, pakartokite:<\/strong> Kai kuriais atvejais, norint pa\u0161alinti sunkiai pa\u0161alinamas oro ki\u0161enes, gali prireikti keli\u0173 nuorinimo cikl\u0173. Jei vis tiek pastebite \u012fstrigusio oro arba sistema veikia netolygiai, pakartokite nuorinimo proces\u0105.<\/li>\n<\/ol>\n<h2><strong>Gamyklos paj\u0117gumai ir talpa:<\/strong><\/h2>\n<h3>(1) Surinkimas<\/h3>\n<p>Turime pirmos klas\u0117s nepriklausom\u0105 tyrim\u0173 ir pl\u0117tros surinkimo platform\u0105. Hidraulini\u0173 cilindr\u0173 gamybos ceche yra keturios pusiau automatin\u0117s k\u0117limo cilindr\u0173 surinkimo linijos ir viena automatin\u0117 pakreipimo cilindr\u0173 surinkimo linija, kuri\u0173 projektinis metinis gamybos paj\u0117gumas yra 1 milijonas vienet\u0173. Speciali\u0173j\u0173 cilindr\u0173 ceche \u012frengta \u012fvairi\u0173 specifikacij\u0173 pusiau automatin\u0117 valymo surinkimo sistema, kurios projektinis metinis gamybos paj\u0117gumas yra 200 000 vienet\u0173, ir garsi CNC apdirbimo \u012franga, apdirbimo centras, didelio tikslumo cilindr\u0173 apdirbimo speciali \u012franga, robotinis suvirinimo aparatas, automatinis valymo aparatas, automatinis cilindr\u0173 surinkimo aparatas ir automatin\u0117 da\u017eymo gamybos linija. Esama daugiau nei 300 rinkini\u0173 (komplekt\u0173) kritin\u0117 \u012franga. Optimalus \u012frangos i\u0161tekli\u0173 paskirstymas ir efektyvus naudojimas u\u017etikrina gamini\u0173 tikslumo reikalavimus ir auk\u0161tus gamini\u0173 kokyb\u0117s poreikius.<\/p>\n<p><img loading=\"lazy\" decoding=\"async\" class=\"alignnone wp-image-626\" src=\"https:\/\/hydraulic-cylinders.net\/wp-content\/uploads\/2023\/08\/hydraulic-cylinder-product-1-300x158.webp\" alt=\"\" width=\"495\" height=\"260\" srcset=\"https:\/\/hydraulic-cylinders.net\/wp-content\/uploads\/2023\/08\/hydraulic-cylinder-product-1-300x158.webp 495w, https:\/\/hydraulic-cylinders.net\/wp-content\/uploads\/2023\/08\/hydraulic-cylinder-product-1-480x252.webp 480w\" sizes=\"(min-width: 0px) and (max-width: 480px) 480px, (min-width: 481px) 495px, 100vw\" \/> <img loading=\"lazy\" decoding=\"async\" class=\"alignnone wp-image-627\" src=\"https:\/\/hydraulic-cylinders.net\/wp-content\/uploads\/2023\/08\/hydraulic-cylinder-product-2-300x189.webp\" alt=\"\" width=\"413\" height=\"260\" \/><\/p>\n<h3>(2) Apdirbimas<\/h3>\n<p>Mechaninio apdirbimo ceche \u012frengtas pritaikytas nuo\u017eulnaus b\u0117gio tekinimo centras, apdirbimo centras, greitaeigis galandimo stakl\u0117s, suvirinimo robotas ir kita susijusi \u012franga, galinti apdirbti cilindrinius vamzd\u017eius, kuri\u0173 maksimalus vidinis skersmuo yra 400 mm, o maksimalus ilgis \u2013 6 metrai.<\/p>\n<p><img loading=\"lazy\" decoding=\"async\" class=\"alignnone wp-image-628 size-large\" src=\"https:\/\/hydraulic-cylinders.net\/wp-content\/uploads\/2023\/08\/hydraulic-cylinder-product-3-1024x391.webp\" alt=\"\" width=\"1024\" height=\"391\" srcset=\"https:\/\/hydraulic-cylinders.net\/wp-content\/uploads\/2023\/08\/hydraulic-cylinder-product-3-980x374.webp 980w, https:\/\/hydraulic-cylinders.net\/wp-content\/uploads\/2023\/08\/hydraulic-cylinder-product-3-480x183.webp 480w\" sizes=\"(min-width: 0px) and (max-width: 480px) 480px, (min-width: 481px) and (max-width: 980px) 980px, (min-width: 981px) 1024px, 100vw\" \/><\/p>\n<h3>(3) Suvirinimas<\/h3>\n<p><img loading=\"lazy\" decoding=\"async\" class=\"alignnone wp-image-629 size-large\" src=\"https:\/\/hydraulic-cylinders.net\/wp-content\/uploads\/2023\/08\/hydraulic-cylinder-product-4-1024x510.webp\" alt=\"\" width=\"1024\" height=\"510\" srcset=\"https:\/\/hydraulic-cylinders.net\/wp-content\/uploads\/2023\/08\/hydraulic-cylinder-product-4-980x488.webp 980w, https:\/\/hydraulic-cylinders.net\/wp-content\/uploads\/2023\/08\/hydraulic-cylinder-product-4-480x239.webp 480w\" sizes=\"(min-width: 0px) and (max-width: 480px) 480px, (min-width: 481px) and (max-width: 980px) 980px, (min-width: 981px) 1024px, 100vw\" \/><\/p>\n<h3>(4) Da\u017eymas ir dengimas<\/h3>\n<p>Su ma\u017eomis ir vidutinio dyd\u017eio cilindrin\u0117mis automatin\u0117mis vandens pagrindo da\u017e\u0173 dengimo linijomis, siekiant automatinio robot\u0173 pakrovimo ir i\u0161krovimo bei automatinio pur\u0161kimo, projektinis paj\u0117gumas yra 4000 vienet\u0173 per pamain\u0105;<br \/>\nTaip pat turime pusiau automatin\u0119 dideli\u0173 cilindr\u0173 da\u017e\u0173 gamybos linij\u0105, varom\u0105 grandin\u0117s, kurios projektinis na\u0161umas yra 60 d\u0117\u017ei\u0173 per pamain\u0105.<\/p>\n<p><img loading=\"lazy\" decoding=\"async\" class=\"alignnone wp-image-630\" src=\"https:\/\/hydraulic-cylinders.net\/wp-content\/uploads\/2023\/08\/hydraulic-cylinder-product-5-300x213.webp\" alt=\"\" width=\"366\" height=\"260\" \/> <img loading=\"lazy\" decoding=\"async\" class=\"alignnone wp-image-631\" src=\"https:\/\/hydraulic-cylinders.net\/wp-content\/uploads\/2023\/08\/hydraulic-cylinder-product-6-300x225.webp\" alt=\"\" width=\"347\" height=\"260\" \/><\/p>\n<h3>(5) Testavimas<\/h3>\n<p>Turime auk\u0161\u010diausios klas\u0117s patikros patalpas ir bandym\u0173 stendus, kad u\u017etikrintume, jog baliono veikimas atitinka reikalavimus.<\/p>\n<p><img loading=\"lazy\" decoding=\"async\" class=\"alignnone wp-image-632\" src=\"https:\/\/hydraulic-cylinders.net\/wp-content\/uploads\/2023\/08\/hydraulic-cylinder-product-8-300x200.webp\" alt=\"\" width=\"389\" height=\"260\" \/><\/p>\n<p>&nbsp;<\/p>\n<p>&nbsp;<\/p>\n<p>Esame vienas geriausi\u0173 hidraulini\u0173 cilindr\u0173 gamintoj\u0173. Galime pasi\u016blyti i\u0161samius hidraulinius cilindrus. Taip pat teikiame atitinkamus <a href=\"https:\/\/hzpt.com\/agricultural-pto-gearbox\/\" target=\"_blank\" rel=\"noopener\">\u017eem\u0117s \u016bkio pavar\u0173 d\u0117\u017e\u0117s<\/a>Mes eksportuojame savo gaminius klientams visame pasaulyje ir peln\u0117me ger\u0105 reputacij\u0105 d\u0117l auk\u0161\u010diausios gamini\u0173 kokyb\u0117s ir aptarnavimo po pardavimo. Mes laukiame klient\u0173 \u0161alyje ir u\u017esienyje, norin\u010di\u0173 susisiekti su mumis der\u0117tis d\u0117l verslo, keistis informacija ir... <a href=\"https:\/\/www.hydraulic-cylinders.net\/lt\/contact-us\/\">bendradarbiauti su mumis<\/a>!<\/p>\n<p>&nbsp;<\/p>","protected":false},"excerpt":{"rendered":"<p>Open TBM Support Shoe Cylinder The open tbm support shoe cylinder is a state-of-the-art hydraulic component designed to enhance the stability and performance of tunnel boring machines (tbms). This specialized cylinder supports the tbm&#8217;s cutting head during excavation, ensuring precise control, increased efficiency, and improved safety. This comprehensive article will explore the key characteristics, usage [&hellip;]<\/p>","protected":false},"featured_media":1895,"comment_status":"open","ping_status":"closed","template":"","meta":{"_et_pb_use_builder":"","_et_pb_old_content":"","_et_gb_content_width":""},"product_brand":[],"product_cat":[1519,1549],"product_tag":[1380],"class_list":{"0":"post-1893","1":"product","2":"type-product","3":"status-publish","4":"has-post-thumbnail","6":"product_cat-shield-machine-hydraulic-cylinders","7":"product_cat-single-acting-hydraulic-cylinder","8":"product_tag-hydraulic-cylinder","10":"first","11":"instock","12":"shipping-taxable","13":"product-type-simple"},"amp_enabled":true,"_links":{"self":[{"href":"https:\/\/www.hydraulic-cylinders.net\/lt\/wp-json\/wp\/v2\/product\/1893","targetHints":{"allow":["GET"]}}],"collection":[{"href":"https:\/\/www.hydraulic-cylinders.net\/lt\/wp-json\/wp\/v2\/product"}],"about":[{"href":"https:\/\/www.hydraulic-cylinders.net\/lt\/wp-json\/wp\/v2\/types\/product"}],"replies":[{"embeddable":true,"href":"https:\/\/www.hydraulic-cylinders.net\/lt\/wp-json\/wp\/v2\/comments?post=1893"}],"wp:featuredmedia":[{"embeddable":true,"href":"https:\/\/www.hydraulic-cylinders.net\/lt\/wp-json\/wp\/v2\/media\/1895"}],"wp:attachment":[{"href":"https:\/\/www.hydraulic-cylinders.net\/lt\/wp-json\/wp\/v2\/media?parent=1893"}],"wp:term":[{"taxonomy":"product_brand","embeddable":true,"href":"https:\/\/www.hydraulic-cylinders.net\/lt\/wp-json\/wp\/v2\/product_brand?post=1893"},{"taxonomy":"product_cat","embeddable":true,"href":"https:\/\/www.hydraulic-cylinders.net\/lt\/wp-json\/wp\/v2\/product_cat?post=1893"},{"taxonomy":"product_tag","embeddable":true,"href":"https:\/\/www.hydraulic-cylinders.net\/lt\/wp-json\/wp\/v2\/product_tag?post=1893"}],"curies":[{"name":"wp","href":"https:\/\/api.w.org\/{rel}","templated":true}]}}