{"id":18932,"date":"2025-04-07T06:02:50","date_gmt":"2025-04-07T06:02:50","guid":{"rendered":"https:\/\/www.hydraulic-cylinders.net\/product\/boom-cylinder-for-caterpillar-small-excavator-e304ecr\/"},"modified":"2025-04-07T06:02:53","modified_gmt":"2025-04-07T06:02:53","slug":"boom-cylinder-for-caterpillar-small-excavator-e304ecr","status":"publish","type":"product","link":"https:\/\/www.hydraulic-cylinders.net\/lt\/produktas\/boom-cylinder-for-caterpillar-small-excavator-e304ecr\/","title":{"rendered":"Str\u0117l\u0117s cilindras Caterpillar ma\u017eam ekskavatoriui E304ECR"},"content":{"rendered":"<h1>Str\u0117l\u0117s cilindras Caterpillar ma\u017eam ekskavatoriui E304ECR<\/h1>\n<h2>Str\u0117l\u0117s cilindro ap\u017evalga<\/h2>\n<p>Str\u0117l\u0117s cilindras yra labai svarbus daugelio sunki\u0173j\u0173 ma\u0161in\u0173 komponentas, ypa\u010d tokiuose ekskavatoriuose kaip \u201eCaterpillar Small Excavator E304ECR\u201c. Hidraulin\u0117se sistemose kau\u0161o cilindras skirtas valdyti kau\u0161o jud\u0117jim\u0105, leid\u017eiant jam kelti, nuleisti ir pakreipti. \u0160i funkcija yra b\u016btina efektyviam med\u017eiag\u0173 tvarkymui, leid\u017eianti operatoriams efektyviai i\u0161kasti, pakrauti ir transportuoti grunt\u0105 bei \u0161iuk\u0161les. Kau\u0161o cilindrai yra specialiai \u0161iam tikslui sukurti hidrauliniai cilindrai, u\u017etikrinantys reikiam\u0105 j\u0117g\u0105 \u012fvairioms operacijoms atlikti. Jie atlieka gyvybi\u0161kai svarb\u0173 vaidmen\u012f didinant produktyvum\u0105 ir na\u0161um\u0105 statybose ir kitose sunkiosiose u\u017eduotyse.<\/p>\n<p><img decoding=\"async\" src=\"https:\/\/www.hydraulic-cylinders.net\/wp-content\/uploads\/2025\/04\/songte-company-1.webp\" alt=\"Ekskavatori\u0173 str\u0117l\u0117s cilindras\" \/><\/p>\n<h2>Pagrindin\u0117s produkto savyb\u0117s<\/h2>\n<ul>\n<li><strong>Didelis stiprumas ir ilgaam\u017ei\u0161kumas:<\/strong> Pagamintas i\u0161 didelio stiprumo plieno arba aliuminio, str\u0117l\u0117s cilindras yra skirtas atlaikyti auk\u0161t\u0105 sl\u0117g\u012f ir dideles apkrovas, tod\u0117l tinka at\u0161iaurioms darbo s\u0105lygoms. Jo konstrukcijoje yra atsparios dilimui ir korozijai savyb\u0117s, kurios prailgina jo tarnavimo laik\u0105.<\/li>\n<li><strong>Efektyvus hidraulinis valdymas:<\/strong> Cilindras naudoja hidraulin\u0117s alyvos sl\u0117g\u012f, kad skland\u017eiai i\u0161siskleist\u0173 ir susitraukt\u0173, tod\u0117l greitai reaguoja \u012f operatoriaus komandas ir u\u017etikrina galingas st\u016bmimo bei traukimo galimybes, idealiai tinkan\u010dias sunkioms med\u017eiagoms tvarkyti ir sud\u0117tingoms u\u017eduotims atlikti.<\/li>\n<li><strong>Tip\u0173 \u012fvairov\u0117:<\/strong> Str\u0117l\u0117s cilindras, kur\u012f galima \u012fsigyti vienpusio veikimo (veikian\u010dio viena kryptimi) ir dvipusio veikimo (veikian\u010dio abiem kryptimis) konstrukcij\u0173, gali b\u016bti pasirinktas atsi\u017evelgiant \u012f konkre\u010dius eksploatacinius poreikius. Kai kurie modeliai yra teleskopin\u0117s konstrukcijos, leid\u017eian\u010dios didesn\u012f i\u0161pl\u0117tim\u0105 nedidinant i\u0161orini\u0173 matmen\u0173, tod\u0117l jie puikiai tinka naudoti ribotoje erdv\u0117je.<\/li>\n<li><strong>Tikslioji in\u017einerija:<\/strong> Kiekvienas str\u0117l\u0117s cilindras yra suprojektuotas taip, kad atitikt\u0173 grie\u017etus kokyb\u0117s standartus, u\u017etikrinant patikimum\u0105 ir pastov\u0173 veikim\u0105 \u012fvairiomis s\u0105lygomis.<\/li>\n<li><strong>Individuali gamyba:<\/strong> M\u016bs\u0173 \u012fmon\u0117 specializuojasi auk\u0161tos kokyb\u0117s str\u0117l\u0117s cilindr\u0173, kurie puikiai pakei\u010dia esamus hidraulinius cilindrus, gamyboje, pritaikyt\u0173 pagal klient\u0173 specifikacijas.<\/li>\n<\/ul>\n<p><img decoding=\"async\" src=\"https:\/\/www.hydraulic-cylinders.net\/wp-content\/uploads\/2025\/04\/songte-cylinder-head-with-all-kinds-excavator-models.webp\" alt=\"Ekskavatori\u0173 modeliai\" \/><\/p>\n<h2>Taikymo scenarijai<\/h2>\n<h3>Statybin\u0117 \u012franga<\/h3>\n<p>Ekskavatoriuose str\u0117l\u0117s cilindrai yra gyvybi\u0161kai svarb\u016bs kasant, kraunant ir perkeliant grunt\u0105 ar \u0161iuk\u0161les. Jie leid\u017eia kau\u0161ui efektyviai \u012fsiskverbti \u012f \u017eem\u0119, tod\u0117l kasimo darbai tampa efektyvesni. Ekskavatoriuose-krautuvuose str\u0117l\u0117s cilindras padeda tiek kasant, tiek keliant, u\u017etikrindamas universalum\u0105 statybos darbuose.<\/p>\n<h3>\u017dem\u0117s \u016bkio technika<\/h3>\n<p>Priekiniuose krautuvuose str\u0117l\u0117s cilindrai naudojami dirvo\u017eemiui, \u0161ienui ir kitoms med\u017eiagoms semti, kelti ir transportuoti. D\u0117l savo efektyvumo keliant sunkius krovinius jie yra nepakei\u010diami \u017eem\u0117s \u016bkio darbuose, nes pagerina na\u0161um\u0105 ir suma\u017eina rankin\u012f darb\u0105.<\/p>\n<h3>Kasimo darbai<\/h3>\n<p>Ekskavatoriuose kau\u0161o cilindras palengvina kasimo veiksm\u0105, leisdamas kau\u0161ui prasiskverbti ir suardyti dirvo\u017eem\u012f, taip \u017eymiai pagerindamas kasimo proces\u0105. Tai labai svarbu \u012fvairiems projektams, \u012fskaitant kra\u0161tovaizd\u017eio tvarkym\u0105, pamat\u0173 kasim\u0105 ir tran\u0161\u0117j\u0173 kasim\u0105.<\/p>\n<h3>Krautuvo programos<\/h3>\n<p>Priekiniuose krautuvuose str\u0117l\u0117s cilindrai padeda efektyviai pakelti ir i\u0161versti krovinius. J\u0173 tvirta konstrukcija u\u017etikrina patikim\u0105 veikim\u0105 transportuojant med\u017eiagas, tod\u0117l jie yra b\u016btini atliekant \u012fvairias krovimo operacijas.<\/p>\n<h2>Projektavimo aspektai ir atrankos kriterijai<\/h2>\n<h3>Keliamoji galia<\/h3>\n<p>Renkantis str\u0117l\u0117s cilindr\u0105, svarbiausia yra keliamoji galia. Konstrukcija turi atlaikyti maksimal\u0173 svor\u012f, kuris bus keliamas ar perkeliamas. Gamintojai da\u017enai pateikia i\u0161samias specifikacijas, kad u\u017etikrint\u0173, jog pasirinktas cilindras atitikt\u0173 eksploatacinius reikalavimus.<\/p>\n<h3>Sandarumas ir ilgaam\u017ei\u0161kumas<\/h3>\n<p>Efektyvus sandarinimas yra labai svarbus norint palaikyti hidraulin\u012f sl\u0117g\u012f ir i\u0161vengti nuot\u0117ki\u0173. Auk\u0161tos kokyb\u0117s sandarikliai, tokie kaip st\u016bmokli\u0173 ir kot\u0173 sandarikliai, pagaminti i\u0161 patvari\u0173 med\u017eiag\u0173 (pvz., poliuretano, nitrilo kau\u010diuko), padidina cilindro ilgaam\u017ei\u0161kum\u0105 ir efektyvum\u0105. Norint u\u017etikrinti, kad sandarikliai i\u0161likt\u0173 nepa\u017eeisti, b\u016btina reguliariai atlikti technin\u0119 prie\u017ei\u016br\u0105.<\/p>\n<h3>Saugos funkcijos<\/h3>\n<p>Projektuojant svarbiausias prioritetas tur\u0117t\u0173 b\u016bti sauga. Str\u0117l\u0117s cilindruose tur\u0117t\u0173 b\u016bti \u012frengti gedim\u0173 ma\u017einimo vo\u017etuvai ir sl\u0117gio ma\u017einimo vo\u017etuvai, kad b\u016bt\u0173 i\u0161vengta nelaiming\u0173 atsitikim\u0173. Tinkamos saugos priemon\u0117s apsaugo tiek \u012frang\u0105, tiek operatorius darbo metu.<\/p>\n<h3>Prieinamumas prie prie\u017ei\u016bros<\/h3>\n<p>Gerai suprojektuotas str\u0117l\u0117s cilindras tur\u0117t\u0173 u\u017etikrinti lengv\u0105 technin\u0119 prie\u017ei\u016br\u0105 ir remont\u0105. Tai apima funkcijas, kurios palengvina prieig\u0105 prie pagrindini\u0173 komponent\u0173 ap\u017ei\u016brai ir techninei prie\u017ei\u016brai, u\u017etikrinant, kad prastovos b\u016bt\u0173 kuo ma\u017eesn\u0117s, o patikimumas \u2013 kuo didesnis.<\/p>\n<p><img decoding=\"async\" src=\"https:\/\/www.hydraulic-cylinders.net\/wp-content\/uploads\/2025\/04\/songte-oil-pipes-and-spare-parts.webp\" alt=\"Hidrauliniai komponentai\" \/><\/p>\n<h2>Sandarinimas ir tepimas<\/h2>\n<p>Efektyvus sandarinimas ir tepimas yra labai svarb\u016bs str\u0117l\u0117s cilindr\u0173 veikimui ir ilgaam\u017ei\u0161kumui. Siekiant i\u0161vengti hidraulinio skys\u010dio nuot\u0117kio, naudojami \u012fvair\u016bs sandarinimo komponentai, tokie kaip st\u016bmokli\u0173 ir stryp\u0173 sandarikliai. \u0160ie sandarikliai paprastai gaminami i\u0161 atspari\u0173 dilimui med\u017eiag\u0173, toki\u0173 kaip poliuretanas ir nitrilo kau\u010diukas, u\u017etikrinant, kad jie atlaikyt\u0173 at\u0161iaurias eksploatavimo s\u0105lygas. Be to, cilindro korpusas ir srieginiai galai yra tiksliai apdirbami, siekiant pagerinti atsparum\u0105 dilimui.<\/p>\n<p>Reguliarus tepimas hidrauline alyva yra b\u016btinas norint u\u017etikrinti skland\u0173 veikim\u0105. Operatoriai tur\u0117t\u0173 u\u017etikrinti, kad periodi\u0161kai b\u016bt\u0173 \u012fpur\u0161kiamas pakankamas kiekis hidraulin\u0117s alyvos, kad b\u016bt\u0173 u\u017etikrintas optimalus cilindr\u0173 sandarikli\u0173 veikimas ir i\u0161vengta susid\u0117v\u0117jimo laikui b\u0117gant.<\/p>\n<h2>Reguliarus patikrinimas ir prevencin\u0117 prie\u017ei\u016bra<\/h2>\n<ul>\n<li><strong>\u012eprastiniai patikrinimai:<\/strong> Planuokite reguliarias patikras, kad patikrintum\u0117te, ar n\u0117ra nuot\u0117ki\u0173, susid\u0117v\u0117jimo ir bet koki\u0173 pa\u017eeidim\u0173 po\u017eymi\u0173. Ankstyvas problem\u0173 sprendimas gali pad\u0117ti i\u0161vengti brangaus remonto ir prastov\u0173.<\/li>\n<li><strong>Tinkamas tepimas:<\/strong> Siekiant i\u0161laikyti cilindro veikim\u0105 ir i\u0161vengti perkaitimo, u\u017etikrinkite, kad tepimas b\u016bt\u0173 atliekamas rekomenduojamais intervalais.<\/li>\n<li><strong>Sandariklio keitimas:<\/strong> Steb\u0117kite sandarikli\u0173 vientisum\u0105 ir prireikus pakeiskite juos, kad u\u017etikrintum\u0117te optimal\u0173 veikim\u0105 ir i\u0161vengtum\u0117te hidraulinio skys\u010dio praradimo.<\/li>\n<\/ul>\n<h2>Tinkamo \u012frengimo gair\u0117s<\/h2>\n<p>Nor\u0117dami s\u0117kmingai sumontuoti str\u0117l\u0117s cilindr\u0105, laikykit\u0117s \u0161i\u0173 nurodym\u0173:<\/p>\n<p>1. \u012esitikinkite, kad cilindras yra tinkamai sulygiuotas su tvirtinimo laikikliais, kad eksploatacijos metu neb\u016bt\u0173 netolygaus \u012ftempimo.<\/p>\n<p>2. Tvirtai pritvirtinkite cilindr\u0105 naudodami tinkamas tvirtinimo atramas, kurios pad\u0117s i\u0161laikyti stabilum\u0105 eksploatacijos metu.<\/p>\n<p>3. Laikykit\u0117s gamintojo nurodym\u0173 d\u0117l sukimo momento specifikacij\u0173, kad i\u0161vengtum\u0117te per didelio arba per ma\u017eo tvirtinimo detali\u0173 priver\u017eimo.<\/p>\n<p>4. \u012edieg\u0119 \u012frengin\u012f, prie\u0161 prad\u0117dami naudoti, atlikite i\u0161sam\u0173 patikrinim\u0105, kad \u012fsitikintum\u0117te, jog visi komponentai yra tvirtai pritvirtinti.<\/p>\n<p>5. Reguliariai tikrinkite lygiavim\u0105 eksploatacijos metu, ypa\u010d pradiniuose etapuose, kad u\u017etikrintum\u0117te skland\u0173 veikim\u0105.<\/p>\n<h2>\u012eprastos prie\u017ei\u016bros u\u017eduotys<\/h2>\n<ul>\n<li><strong>Reguliar\u016bs patikrinimai:<\/strong> Labai svarbu patikrinti cilindr\u0105, ar n\u0117ra nuot\u0117ki\u0173, susid\u0117v\u0117jimo ir tinkamo sulygiavimo. Reguliar\u016bs patikrinimai padeda nustatyti galimas problemas, kol jos nepablog\u0117jo, u\u017etikrinant, kad \u012franga i\u0161likt\u0173 optimalios b\u016bkl\u0117s.<\/li>\n<li><strong>Tinkamas tepimas:<\/strong> Da\u017enas tepimas yra b\u016btinas norint suma\u017einti trint\u012f tarp judan\u010di\u0173 dali\u0173. \u012esitikinkite, kad hidraulin\u0117s alyvos lygis yra pakankamas ir kad naudojamas tinkamo tipo tepalas, kaip nurodyta gamintojo.<\/li>\n<li><strong>Sandariklio keitimo ir kalibravimo patikrinimai:<\/strong> Reguliariai tikrinkite sandariklius, ar jie nesusid\u0117v\u0117j\u0119, ir prireikus juos pakeiskite. Kalibravimo patikrinimai u\u017etikrina, kad hidraulin\u0117 sistema veikt\u0173 pagal nurodytus parametrus, ir taip i\u0161vengiama sistemos gedim\u0173.<\/li>\n<\/ul>\n<p><img decoding=\"async\" src=\"https:\/\/www.hydraulic-cylinders.net\/wp-content\/uploads\/2025\/04\/songte-chushion-collar.webp\" alt=\"Pagalv\u0117l\u0117s apykakl\u0117\" \/><\/p>\n<h2>Saugos aspektai ir aplinkos veiksniai<\/h2>\n<p>Valdant str\u0117l\u0117s cilindrus, labai svarbu \u012fdiegti saugos priemones. \u012esitikinkite, kad visi operatoriai yra apmokyti tinkam\u0173 valdymo metod\u0173 ir supranta su hidraulin\u0117mis sistemomis susijusi\u0105 rizik\u0105. \u012eranga tur\u0117t\u0173 b\u016bti reguliariai tikrinama, ar n\u0117ra susid\u0117v\u0117jimo ar pa\u017eeidim\u0173 po\u017eymi\u0173, o operatoriai tur\u0117t\u0173 d\u0117v\u0117ti asmenines apsaugos priemones (AAP), kad b\u016bt\u0173 padidintas saugumas. Be to, atsi\u017evelkite \u012f hidraulini\u0173 skys\u010di\u0173 poveik\u012f aplinkai, kai \u012fmanoma, rinkdamiesi biologi\u0161kai skaid\u017eias alternatyvas, kad suma\u017eintum\u0117te ekologin\u012f p\u0117dsak\u0105.<\/p>\n<h2>Trik\u010di\u0173 \u0161alinimas ir da\u017eniausiai pasitaikan\u010dios problemos<\/h2>\n<ul>\n<li><strong>Nuot\u0117kis:<\/strong> Jei yra hidraulinio skys\u010dio nuot\u0117kio po\u017eymi\u0173, patikrinkite sandariklius ir jungtis. Pakeiskite susid\u0117v\u0117jusius sandariklius ir prireikus priver\u017ekite jungtis.<\/li>\n<li><strong>Prastas na\u0161umas:<\/strong> Jei cilindras nereaguoja efektyviai, patikrinkite hidraulinio skys\u010dio lyg\u012f ir u\u017etikrinkite tinkam\u0105 sutepim\u0105. Oras hidraulin\u0117je sistemoje taip pat gali b\u016bti prie\u017eastis, tod\u0117l prireikus j\u012f reikia i\u0161leisti.<\/li>\n<li><strong>Ne\u012fprasti garsai:<\/strong> Triuk\u0161mai eksploatacijos metu gali rodyti susid\u0117v\u0117jusius komponentus. Patikrinkite cilindr\u0105, ar n\u0117ra susid\u0117v\u0117jimo ar pa\u017eeidimo po\u017eymi\u0173, ir apsvarstykite galimyb\u0119 aptarnauti arba pakeisti pa\u017eeistas dalis.<\/li>\n<\/ul>\n<p>Ankstyvos intervencijos strategij\u0173 \u012fgyvendinimas gali pad\u0117ti su\u0161velninti \u0161ias problemas, u\u017etikrinant skland\u0173 ir efektyv\u0173 veikim\u0105.<\/p>\n<p><img decoding=\"async\" src=\"https:\/\/www.hydraulic-cylinders.net\/wp-content\/uploads\/2025\/04\/songte-bushings-with-all-kinds-of-excavator-models.webp\" alt=\"Ekskavatoriaus \u012fvor\u0117s\" \/><\/p>\n<h2>\u012emon\u0117s profilis<\/h2>\n<p>Esame pakaitini\u0173 hidraulini\u0173 cilindr\u0173 gamintojas, si\u016blantis plat\u0173 gamini\u0173 asortiment\u0105, kuris leido mums tapti vienais i\u0161 pirmaujan\u010di\u0173 hidraulini\u0173 cilindr\u0173 gamintoj\u0173 ir didmeninink\u0173 tiek vidaus, tiek tarptautin\u0117se rinkose. M\u016bs\u0173 \u012fsipareigojim\u0105 siekti meistri\u0161kumo palaiko rafinuota gamybos valdymo strategija, naudojant pa\u017eangi\u0105 auk\u0161\u010diausios klas\u0117s gamybos \u012frang\u0105 ir profesionalias bandym\u0173 sistemas. M\u016bs\u0173 kvalifikuoti techniniai darbuotojai nuolat tobulina gamybos paj\u0117gumus, u\u017etikrindami, kad patenkintume \u012fvairius klient\u0173 poreikius dideliu efektyvumu, tikslumu ir kokybe.<\/p>\n<p>M\u016bs\u0173 paslaugos apima profesional\u0173 pritaikym\u0105, tarptautinius sertifikatus ir patikim\u0105 garantin\u012f aptarnavim\u0105, u\u017etikrinant, kad m\u016bs\u0173 klientai gaut\u0173 geriausius produktus, pritaikytus j\u0173 konkretiems poreikiams.<\/p>\n<p><img decoding=\"async\" src=\"https:\/\/www.hydraulic-cylinders.net\/wp-content\/uploads\/2025\/04\/songte-company-4.webp\" alt=\"\u012emon\u0117s ap\u017evalga\" \/><br \/>\n<img decoding=\"async\" src=\"https:\/\/www.hydraulic-cylinders.net\/wp-content\/uploads\/2025\/04\/songte-company-3.webp\" alt=\"Gamybos \u012franga\" \/><\/p>\n<p>Autorius: lyl<\/p>","protected":false},"excerpt":{"rendered":"<p>Boom Cylinder For Caterpillar Small Excavator E304ECR Overview of Boom Cylinder The Boom Cylinder is a critical component in many heavy machinery applications, particularly in excavators like the Caterpillar Small Excavator E304ECR. In hydraulic systems, a bucket cylinder is designed to control the movement of the bucket, allowing it to lift, lower, and tilt. This [&hellip;]<\/p>","protected":false},"featured_media":17874,"comment_status":"open","ping_status":"closed","template":"","meta":{"_et_pb_use_builder":"","_et_pb_old_content":"","_et_gb_content_width":""},"product_brand":[],"product_cat":[1546],"product_tag":[1547,1496],"class_list":{"0":"post-18932","1":"product","2":"type-product","3":"status-publish","4":"has-post-thumbnail","6":"product_cat-boom-cylinders","7":"product_tag-boom-cylinders","8":"product_tag-hydraulic-cylinders","10":"first","11":"instock","12":"shipping-taxable","13":"product-type-simple"},"amp_enabled":true,"_links":{"self":[{"href":"https:\/\/www.hydraulic-cylinders.net\/lt\/wp-json\/wp\/v2\/product\/18932","targetHints":{"allow":["GET"]}}],"collection":[{"href":"https:\/\/www.hydraulic-cylinders.net\/lt\/wp-json\/wp\/v2\/product"}],"about":[{"href":"https:\/\/www.hydraulic-cylinders.net\/lt\/wp-json\/wp\/v2\/types\/product"}],"replies":[{"embeddable":true,"href":"https:\/\/www.hydraulic-cylinders.net\/lt\/wp-json\/wp\/v2\/comments?post=18932"}],"wp:featuredmedia":[{"embeddable":true,"href":"https:\/\/www.hydraulic-cylinders.net\/lt\/wp-json\/wp\/v2\/media\/17874"}],"wp:attachment":[{"href":"https:\/\/www.hydraulic-cylinders.net\/lt\/wp-json\/wp\/v2\/media?parent=18932"}],"wp:term":[{"taxonomy":"product_brand","embeddable":true,"href":"https:\/\/www.hydraulic-cylinders.net\/lt\/wp-json\/wp\/v2\/product_brand?post=18932"},{"taxonomy":"product_cat","embeddable":true,"href":"https:\/\/www.hydraulic-cylinders.net\/lt\/wp-json\/wp\/v2\/product_cat?post=18932"},{"taxonomy":"product_tag","embeddable":true,"href":"https:\/\/www.hydraulic-cylinders.net\/lt\/wp-json\/wp\/v2\/product_tag?post=18932"}],"curies":[{"name":"wp","href":"https:\/\/api.w.org\/{rel}","templated":true}]}}