{"id":18933,"date":"2025-04-07T06:02:53","date_gmt":"2025-04-07T06:02:53","guid":{"rendered":"https:\/\/www.hydraulic-cylinders.net\/product\/boom-cylinder-for-caterpillar-small-excavator-e307e\/"},"modified":"2025-04-07T06:02:56","modified_gmt":"2025-04-07T06:02:56","slug":"boom-cylinder-for-caterpillar-small-excavator-e307e","status":"publish","type":"product","link":"https:\/\/www.hydraulic-cylinders.net\/lt\/produktas\/boom-cylinder-for-caterpillar-small-excavator-e307e\/","title":{"rendered":"Str\u0117l\u0117s cilindras Caterpillar ma\u017eam ekskavatoriui E307E"},"content":{"rendered":"<h1>Str\u0117l\u0117s cilindras Caterpillar ma\u017eam ekskavatoriui E307E<\/h1>\n<h2>Produkto ap\u017evalga<\/h2>\n<p>\u201eCaterpillar\u201c ma\u017eojo ekskavatoriaus E307E str\u0117l\u0117s cilindras yra labai svarbus hidraulinis komponentas, atliekantis svarb\u0173 vaidmen\u012f sunkiosios technikos valdyme. \u0160is hidraulinis cilindras yra specialiai sukurtas ekskavatoriaus str\u0117l\u0117s jud\u0117jimui valdyti, leid\u017eiant atlikti k\u0117limo, nuleidimo ir pakreipimo veiksmus, kurie yra b\u016btini \u012fvairioms med\u017eiag\u0173 tvarkymo u\u017eduotims. Str\u0117l\u0117s cilindras veikia hidrauliniu sl\u0117giu, suteikdamas reikiam\u0105 j\u0117g\u0105 sud\u0117tingoms u\u017eduotims atlikti statybose, \u017eem\u0117s \u016bkyje ir kitose pramon\u0117s \u0161akose.<\/p>\n<p><img decoding=\"async\" src=\"https:\/\/www.hydraulic-cylinders.net\/wp-content\/uploads\/2025\/04\/songte-company-1.webp\" alt=\"Str\u0117l\u0117s cilindro ap\u017evalga\"><\/p>\n<h2>Str\u0117l\u0117s cilindro savyb\u0117s<\/h2>\n<ul>\n<li>\n<h3>Didelis stiprumas ir ilgaam\u017ei\u0161kumas<\/h3>\n<p>Pagamintas i\u0161 didelio stiprumo plieno arba aliuminio, \u0161is cilindras yra sukurtas atlaikyti auk\u0161t\u0105 sl\u0117g\u012f ir dideles apkrovas, prisitaikant prie at\u0161iauri\u0173 darbo s\u0105lyg\u0173. Jo konstrukcija atsi\u017evelgia \u012f atsparum\u0105 dilimui ir apsaug\u0105 nuo korozijos, u\u017etikrinant ilgesn\u012f tarnavimo laik\u0105.<\/p>\n<\/li>\n<li>\n<h3>Efektyvus hidraulinis valdymas<\/h3>\n<p>Naudodamas hidraulin\u0117s alyvos sl\u0117g\u012f, str\u0117l\u0117s cilindras u\u017etikrina skland\u0173 i\u0161pl\u0117tim\u0105 ir \u012ftraukim\u0105. Jis greitai reaguoja \u012f operacines komandas, u\u017etikrindamas galingas st\u016bmimo ir traukimo j\u0117gas, tod\u0117l tinka sunkioms ir sud\u0117tingoms u\u017eduotims atlikti.<\/p>\n<\/li>\n<li>\n<h3>\u012evair\u016bs tipai<\/h3>\n<p>\u0160is cilindras, tiekiamas tiek vienpusio veikimo (hidraulinis veikimas viena kryptimi), tiek dvipusio veikimo (hidraulinis veikimas dviem kryptimis) modeliuose, gali patenkinti \u012fvairius eksploatacinius poreikius. Kai kurie modeliai yra teleskopiniai, tod\u0117l juos galima labiau i\u0161tiesti nedidinant i\u0161orini\u0173 matmen\u0173, tod\u0117l jie idealiai tinka naudoti ribotoje erdv\u0117je.<\/p>\n<\/li>\n<\/ul>\n<p>Mes gaminame \u0161\u012f gamin\u012f, o m\u016bs\u0173 cilindrai gali puikiai pakeisti \u0161iuos hidraulinius cilindrus.<\/p>\n<p><img decoding=\"async\" src=\"https:\/\/www.hydraulic-cylinders.net\/wp-content\/uploads\/2025\/04\/songte-cylinder-head-with-all-kinds-excavator-models.webp\" alt=\"Pakei\u010diamieji hidrauliniai cilindrai\"><\/p>\n<h2>Taikymo scenarijai<\/h2>\n<ul>\n<li>\n<h3>Statybin\u0117 \u012franga<\/h3>\n<p>Ekskavatoriuose str\u0117l\u0117s cilindrai yra labai svarb\u016bs kasant, kraunant ir perkeliant grunt\u0105 ar \u0161iuk\u0161les. Jie padeda ne tik atliekant \u017eem\u0117s kasimo, bet ir k\u0117limo operacijas, u\u017etikrindami efektyvum\u0105 statybos darbuose. \u0160i\u0173 cilindr\u0173 u\u017etikrinama galia ir tikslumas palengvina \u012fvairius darbus \u2013 nuo \u200b\u200bpamat\u0173 kasimo iki kra\u0161tovaizd\u017eio tvarkymo.<\/p>\n<\/li>\n<li>\n<h3>\u017dem\u0117s \u016bkio technika<\/h3>\n<p>Priekiniuose krautuvuose str\u0117l\u0117s cilindrai naudojami dirvo\u017eemiui, \u0161ienui ir kitoms med\u017eiagoms semti, kelti ir transportuoti. J\u0173 patikimas veikimas u\u017etikrina, kad \u017eem\u0117s \u016bkio u\u017eduotys, tokios kaip preki\u0173 pakrovimas ir transportavimas, b\u016bt\u0173 atliekamos efektyviai, didinant produktyvum\u0105 \u016bkiuose ir \u017eem\u0117s \u016bkio paskirties vietose.<\/p>\n<\/li>\n<li>\n<h3>Ekskavatoriai<\/h3>\n<p>Str\u0117l\u0117s cilindrai leid\u017eia kau\u0161ui prasiskverbti \u012f dirv\u0105, atliekant efektyvius kasimo veiksmus. J\u0173 konstrukcija u\u017etikrina, kad ekskavatorius gal\u0117t\u0173 pasiekti giliau ir atlikti sunkesnius darbus, tod\u0117l jie yra nepakei\u010diami \u017eem\u0117s kasimo darbams.<\/p>\n<\/li>\n<li>\n<h3>Krautuvai<\/h3>\n<p>Priekiniuose krautuvuose str\u0117l\u0117s cilindrai palengvina krovini\u0173 k\u0117lim\u0105 ir i\u0161vertim\u0105. Jie suteikia reikiam\u0105 j\u0117g\u0105, kad b\u016bt\u0173 galima saugiai ir efektyviai tvarkyti sunkias med\u017eiagas, taip prisidedant prie efektyvaus med\u017eiag\u0173 valdymo darbo vietose.<\/p>\n<\/li>\n<\/ul>\n<h2>Projektavimo aspektai ir atrankos kriterijai<\/h2>\n<ul>\n<li>\n<h3>Keliamoji galia<\/h3>\n<p>Renkantis str\u0117l\u0117s cilindr\u0105, labai svarbu suprasti keliam\u0105j\u0105 gali\u0105. Cilindras turi b\u016bti suprojektuotas taip, kad atlaikyt\u0173 maksimali\u0105 eksploatacijos metu susidaran\u010di\u0105 apkrov\u0105 nepakenkiant na\u0161umui ar saugumui. Reikalingos keliamosios galios \u012fvertinimas padeda pasirinkti tinkamas specifikacijas sud\u0117tingoms u\u017eduotims.<\/p>\n<\/li>\n<li>\n<h3>Plomb\u0117s vientisumas<\/h3>\n<p>Efektyvus sandarinimas apsaugo nuo hidraulinio skys\u010dio nuot\u0117ki\u0173, kurie gali pakenkti hidraulin\u0117s sistemos efektyvumui. Reikia pasirinkti auk\u0161tos kokyb\u0117s sandariklius, kad b\u016bt\u0173 u\u017etikrintas ilgaam\u017ei\u0161kumas ir patikimumas esant \u012fvairioms temperat\u016bros ir sl\u0117gio s\u0105lygoms. Tinkamas sandarinimas apsaugo hidraulin\u012f skyst\u012f ir cilindro vidinius komponentus.<\/p>\n<\/li>\n<li>\n<h3>Patvarumas<\/h3>\n<p>Hidrauliniams cilindrams, veikiantiems at\u0161iaurioje aplinkoje, ilgaam\u017ei\u0161kumas yra labai svarbus. Med\u017eiagos turi atlaikyti nusid\u0117v\u0117jim\u0105 laikui b\u0117gant, o konstrukcijose tur\u0117t\u0173 b\u016bti numatytos savyb\u0117s, kurios padidina atsparum\u0105 dilimui, korozijai ir nuovargiui, u\u017etikrinant ilgesn\u012f tarnavimo laik\u0105.<\/p>\n<\/li>\n<li>\n<h3>Saugos funkcijos<\/h3>\n<p>Sauga yra pagrindinis hidraulini\u0173 cilindr\u0173 projektavimo aspektas. Tur\u0117t\u0173 b\u016bti numatytos tokios funkcijos kaip sl\u0117gio ma\u017einimo vo\u017etuvai ir integruoti saugos mechanizmai, kad b\u016bt\u0173 i\u0161vengta sistemos gedim\u0173, kurie eksploatacijos metu gali sukelti pavojingas situacijas.<\/p>\n<\/li>\n<li>\n<h3>Prie\u017ei\u016bra<\/h3>\n<p>Projektuojant atsi\u017evelgiant \u012f technin\u0117s prie\u017ei\u016bros paprastum\u0105, u\u017etikrinama, kad \u012fprastin\u0117 technin\u0117 prie\u017ei\u016bra b\u016bt\u0173 atliekama lengvai. Funkcijos, kurios palengvina patikr\u0105 ir komponent\u0173 keitim\u0105, prisideda prie bendro hidraulin\u0117s sistemos efektyvumo ir ilgaam\u017ei\u0161kumo, suma\u017eindamos prastovas ir remonto i\u0161laidas.<\/p>\n<\/li>\n<\/ul>\n<p><img decoding=\"async\" src=\"https:\/\/www.hydraulic-cylinders.net\/wp-content\/uploads\/2025\/04\/songte-oil-pipes-and-spare-parts.webp\" alt=\"Hidraulin\u0117s dalys ir prie\u017ei\u016bra\"><\/p>\n<h2>Sandarinimas ir tepimas<\/h2>\n<p>Tinkamas sandarinimas ir tepimas yra gyvybi\u0161kai svarb\u016bs efektyviam hidraulini\u0173 cilindr\u0173 veikimui. Siekiant i\u0161vengti nuot\u0117ki\u0173 ir palaikyti sl\u0117g\u012f, naudojami \u012fvair\u016bs sandarikliai, pavyzd\u017eiui, st\u016bmokli\u0173 ir kot\u0173 sandarikliai. I\u0161 patvari\u0173 med\u017eiag\u0173, toki\u0173 kaip poliuretanas ir nitrilo kau\u010diukas, pagaminti sandarikliai u\u017etikrina ilgaam\u017ei\u0161kum\u0105 ir patikimum\u0105. Cilindro korpusas ir srieginiai galai turi b\u016bti tiksliai apdirbti, kad padid\u0117t\u0173 atsparumas dilimui. Norint suma\u017einti trint\u012f ir i\u0161vengti judan\u010di\u0173 dali\u0173 dilimo, b\u016btina reguliariai tepti tinkamu hidraulin\u0117s alyvos kiekiu, kad suma\u017e\u0117t\u0173 trintis ir b\u016bt\u0173 i\u0161vengta judan\u010di\u0173 dali\u0173 dilimo, u\u017etikrinant skland\u0173 hidraulin\u0117s sistemos veikim\u0105 ir ilgaam\u017ei\u0161kum\u0105.<\/p>\n<h2>Reguliarus patikrinimas ir prevencin\u0117 prie\u017ei\u016bra<\/h2>\n<ul>\n<li>\n<h3>Reguliar\u016bs patikrinimai<\/h3>\n<p>Reguliariai atlikti patikrinimus yra labai svarbu norint nustatyti galimas problemas, kol jos nepa\u016bm\u0117jo. Reguliarus hidraulini\u0173 sandarikli\u0173, jung\u010di\u0173 ir skys\u010di\u0173 lygio patikrinimas gali pad\u0117ti i\u0161laikyti sistemos efektyvum\u0105 ir i\u0161vengti netik\u0117t\u0173 gedim\u0173.<\/p>\n<\/li>\n<li>\n<h3>Tinkamas tepimas<\/h3>\n<p>Norint suma\u017einti nusid\u0117v\u0117jim\u0105, labai svarbu tinkamai sutepti hidraulin\u012f cilindr\u0105. Reguliariai pildami hidraulin\u0119 alyv\u0105 ir tikrindami, ar n\u0117ra nuot\u0117ki\u0173, i\u0161laikysite optimal\u0173 na\u0161um\u0105.<\/p>\n<\/li>\n<li>\n<h3>Sandariklio keitimas ir kalibravimas<\/h3>\n<p>Laikui b\u0117gant, sandarikliai gali susid\u0117v\u0117ti ir juos reikia pakeisti. Reguliariai tikrinant ir kei\u010diant sandariklius, kartu su hidraulin\u0117s sistemos kalibravimu, u\u017etikrinamas sklandus ir efektyvus str\u0117l\u0117s cilindro veikimas.<\/p>\n<\/li>\n<\/ul>\n<h2>\u012erengimo gair\u0117s<\/h2>\n<p>Tinkamas str\u0117l\u0117s cilindro montavimas yra labai svarbus jo veikimui ir ilgaam\u017ei\u0161kumui. Montavimo metu \u012fsitikinkite, kad cilindras yra tinkamai sulygiuotas su mechanizmu, kad i\u0161vengtum\u0117te nesuderinamumo problem\u0173, kurios gali sukelti prie\u0161laikin\u012f susid\u0117v\u0117jim\u0105 ar gedim\u0105. Rekomenduojama naudoti tinkamus tvirtinimo laikiklius, kad pritvirtintum\u0117te cilindr\u0105 ir i\u0161vengtum\u0117te jud\u0117jimo eksploatavimo metu. Laikykit\u0117s gamintojo specifikacij\u0173 d\u0117l hidraulini\u0173 jung\u010di\u0173 ir \u012fsitikinkite, kad visos jungtys yra sandarios, kad i\u0161vengtum\u0117te nuot\u0117ki\u0173. Po montavimo atlikite i\u0161sam\u0173 patikrinim\u0105, kad \u012fsitikintum\u0117te, jog visi komponentai veikia taip, kaip numatyta, prie\u0161 prad\u0117dami darb\u0105.<\/p>\n<h2>Prie\u017ei\u016bros u\u017eduotys<\/h2>\n<ul>\n<li>\n<h3>Reguliar\u016bs patikrinimai<\/h3>\n<p>Reguliar\u016bs patikrinimai yra labai svarb\u016bs norint anksti nustatyti susid\u0117v\u0117jim\u0105 ar galimas problemas. Patikrinkite sandariklius, \u0161vaistiklius ir bendr\u0105 cilindro b\u016bkl\u0119, ar n\u0117ra koki\u0173 nors pa\u017eeidim\u0173 ar nuot\u0117ki\u0173 po\u017eymi\u0173. Ankstyva intervencija gali pad\u0117ti i\u0161vengti rimtesni\u0173 problem\u0173 ateityje.<\/p>\n<\/li>\n<li>\n<h3>Tinkamas tepimas<\/h3>\n<p>Skland\u017eiam darbui b\u016btina palaikyti tinkam\u0105 tepimo lyg\u012f. Naudokite nurodyt\u0105 hidraulin\u0119 alyv\u0105 ir reguliariai j\u0105 papildykite, kad suma\u017eintum\u0117te cilindro komponent\u0173 trint\u012f ir susid\u0117v\u0117jim\u0105.<\/p>\n<\/li>\n<li>\n<h3>Tarpikli\u0173 keitimas ir kalibravimo patikrinimai<\/h3>\n<p>Reguliariai tikrinkite, ar n\u0117ra susid\u0117v\u0117jimo po\u017eymi\u0173, ir prireikus pakeiskite juos. Taip pat reik\u0117t\u0173 atlikti hidraulin\u0117s sistemos kalibravim\u0105, siekiant u\u017etikrinti, kad cilindras veikt\u0173 pagal numatytus parametrus, maksimaliai padidindamas efektyvum\u0105 ir saug\u0105.<\/p>\n<\/li>\n<\/ul>\n<p><img decoding=\"async\" src=\"https:\/\/www.hydraulic-cylinders.net\/wp-content\/uploads\/2025\/04\/songte-chushion-collar.webp\" alt=\"Montavimas ir prie\u017ei\u016bra\"><\/p>\n<h2>Saugos aspektai ir aplinkos veiksniai<\/h2>\n<p>Naudojant str\u0117l\u0117s cilindr\u0105, saugos priemon\u0117s yra nepaprastai svarbios. \u012esitikinkite, kad operatoriai yra apmokyti tinkamai elgtis su \u012franga ir \u017eino apie galimus pavojus. Reikia d\u0117v\u0117ti asmenines apsaugos priemones (AAP) ir laikytis saugos protokol\u0173, kad b\u016bt\u0173 suma\u017einta su hidrauliniais gedimais susijusi rizika. Be to, atsi\u017evelkite \u012f aplinkos veiksnius, tokius kaip tinkamas skys\u010di\u0173 \u0161alinimas ir nuot\u0117ki\u0173 ma\u017einimas, siekiant apsaugoti supan\u010di\u0105 aplink\u0105.<\/p>\n<h2>Gedim\u0173 diagnostika ir da\u017eniausios problemos<\/h2>\n<ul>\n<li>\n<h3>Sl\u0117gio nuostoliai<\/h3>\n<p>Sl\u0117gio kritimas gali rodyti sistemos nuot\u0117kius. Patikrinkite, ar n\u0117ra matom\u0173 hidraulinio skys\u010dio nuot\u0117kio po\u017eymi\u0173 aplink sandariklius ir jungtis, ir nedelsdami i\u0161spr\u0119skite visas problemas, kad sistema veikt\u0173 tinkamai.<\/p>\n<\/li>\n<li>\n<h3>L\u0117tas atsakas<\/h3>\n<p>L\u0117tas cilindro atsakas gali signalizuoti apie \u017eem\u0105 hidraulinio skys\u010dio lyg\u012f arba galim\u0105 u\u017esikim\u0161im\u0105. \u012esitikinkite, kad skys\u010dio lygis yra pakankamas, ir patikrinkite, ar hidraulin\u0117se linijose n\u0117ra kli\u016b\u010di\u0173.<\/p>\n<\/li>\n<li>\n<h3>Ne\u012fprasti garsai<\/h3>\n<p>Ne\u012fprasti garsai eksploatacijos metu gali rodyti mechanines problemas arba nepakankam\u0105 tepim\u0105. I\u0161tirkite triuk\u0161mo \u0161altin\u012f ir atlikite reikiamus technin\u0117s prie\u017ei\u016bros darbus, kad i\u0161spr\u0119stum\u0117te problem\u0105.<\/p>\n<\/li>\n<\/ul>\n<h2>Trik\u010di\u0173 \u0161alinimo patarimai<\/h2>\n<p>Nor\u0117dami efektyviai pa\u0161alinti str\u0117l\u0117s cilindro problemas, pirmiausia patikrinkite hidraulinio skys\u010dio lyg\u012f ir \u012fsitikinkite, kad sistemoje n\u0117ra nuot\u0117ki\u0173. Reguliariai tikrinkite, ar sandarikliai ir jungtys n\u0117ra susid\u0117v\u0117j\u0119, ir prireikus juos pakeiskite. Veskite technin\u0117s prie\u017ei\u016bros \u017eurnal\u0105, kad gal\u0117tum\u0117te sekti patikrinimus ir remont\u0105, kuris gali pad\u0117ti nustatyti pasikartojan\u010dias problemas. \u012esitikinkite, kad operatoriai yra apmokyti atpa\u017einti \u012fsp\u0117jamuosius \u017eenklus ir nedelsiant prane\u0161ti apie bet kokius pa\u017eeidimus, kad suma\u017eintum\u0117te prastovas ir i\u0161vengtum\u0117te brangaus remonto.<\/p>\n<p><img decoding=\"async\" src=\"https:\/\/www.hydraulic-cylinders.net\/wp-content\/uploads\/2025\/04\/songte-bushings-with-all-kinds-of-excavator-models.webp\" alt=\"Gedim\u0173 diagnostika ir da\u017eniausios problemos\"><\/p>\n<h2>Apie m\u016bs\u0173 \u012fmon\u0119<\/h2>\n<p>Esame pirmaujantis pakaitini\u0173 hidraulini\u0173 cilindr\u0173 gamintojas, si\u016blantis plat\u0173 gamini\u0173 asortiment\u0105 vidaus ir tarptautin\u0117se rinkose. M\u016bs\u0173 \u012fsipareigojimas siekti nepriekai\u0161tingos kokyb\u0117s ir tikslios gamybos pavert\u0117 mus vienais i\u0161 pirmaujan\u010di\u0173 hidraulini\u0173 cilindr\u0173 gamintoj\u0173 ir didmeninink\u0173. \u012edarbindami kvalifikuotus techninius darbuotojus ir naudodami pa\u017eangi\u0105 skaitmenin\u0119 gamybos \u012frang\u0105, nuolat tobuliname savo gamybos paj\u0117gumus. M\u016bs\u0173 grie\u017etos bandym\u0173 sistemos u\u017etikrina auk\u0161\u010diausi\u0105 gamini\u0173 kokyb\u0119, efektyviai ir tiksliai patenkindamos \u012fvairius klient\u0173 poreikius.<\/p>\n<p>M\u016bs\u0173 \u012fmon\u0117 did\u017eiuojasi profesionalumu, turimais tarptautiniais sertifikatais ir si\u016blomomis individualiomis paslaugomis, pritaikytomis prie klient\u0173 specifikacij\u0173. Tur\u0117dami moderniausi\u0105 gamybos \u012frang\u0105 ir atsidavusi\u0105 garantinio aptarnavimo komand\u0105, esame \u012fsipareigoj\u0119 u\u017etikrinti klient\u0173 pasitenkinim\u0105 ir ilgalaik\u0119 partneryst\u0119.<\/p>\n<p><img decoding=\"async\" src=\"https:\/\/www.hydraulic-cylinders.net\/wp-content\/uploads\/2025\/04\/songte-company-4.webp\" alt=\"\u012emon\u0117s ap\u017evalga\"> <img decoding=\"async\" src=\"https:\/\/www.hydraulic-cylinders.net\/wp-content\/uploads\/2025\/04\/songte-company-3.webp\" alt=\"Gamybos kokyb\u0117\"><\/p>\n<p>Autorius: lyl<\/p>","protected":false},"excerpt":{"rendered":"<p>Boom Cylinder For Caterpillar Small Excavator E307E Product Overview The Boom Cylinder for Caterpillar Small Excavator E307E is a crucial hydraulic component that plays a significant role in the operation of heavy machinery. This hydraulic cylinder is specifically designed to control the movement of the excavator&#8217;s boom, allowing for lifting, lowering, and tilting actions essential [&hellip;]<\/p>","protected":false},"featured_media":17875,"comment_status":"open","ping_status":"closed","template":"","meta":{"_et_pb_use_builder":"","_et_pb_old_content":"","_et_gb_content_width":""},"product_brand":[],"product_cat":[1546],"product_tag":[1547,1496],"class_list":{"0":"post-18933","1":"product","2":"type-product","3":"status-publish","4":"has-post-thumbnail","6":"product_cat-boom-cylinders","7":"product_tag-boom-cylinders","8":"product_tag-hydraulic-cylinders","10":"first","11":"instock","12":"shipping-taxable","13":"product-type-simple"},"amp_enabled":true,"_links":{"self":[{"href":"https:\/\/www.hydraulic-cylinders.net\/lt\/wp-json\/wp\/v2\/product\/18933","targetHints":{"allow":["GET"]}}],"collection":[{"href":"https:\/\/www.hydraulic-cylinders.net\/lt\/wp-json\/wp\/v2\/product"}],"about":[{"href":"https:\/\/www.hydraulic-cylinders.net\/lt\/wp-json\/wp\/v2\/types\/product"}],"replies":[{"embeddable":true,"href":"https:\/\/www.hydraulic-cylinders.net\/lt\/wp-json\/wp\/v2\/comments?post=18933"}],"wp:featuredmedia":[{"embeddable":true,"href":"https:\/\/www.hydraulic-cylinders.net\/lt\/wp-json\/wp\/v2\/media\/17875"}],"wp:attachment":[{"href":"https:\/\/www.hydraulic-cylinders.net\/lt\/wp-json\/wp\/v2\/media?parent=18933"}],"wp:term":[{"taxonomy":"product_brand","embeddable":true,"href":"https:\/\/www.hydraulic-cylinders.net\/lt\/wp-json\/wp\/v2\/product_brand?post=18933"},{"taxonomy":"product_cat","embeddable":true,"href":"https:\/\/www.hydraulic-cylinders.net\/lt\/wp-json\/wp\/v2\/product_cat?post=18933"},{"taxonomy":"product_tag","embeddable":true,"href":"https:\/\/www.hydraulic-cylinders.net\/lt\/wp-json\/wp\/v2\/product_tag?post=18933"}],"curies":[{"name":"wp","href":"https:\/\/api.w.org\/{rel}","templated":true}]}}