{"id":18934,"date":"2025-04-07T06:02:58","date_gmt":"2025-04-07T06:02:58","guid":{"rendered":"https:\/\/www.hydraulic-cylinders.net\/product\/boom-cylinder-for-caterpillar-small-excavator-e312d\/"},"modified":"2025-04-07T06:03:07","modified_gmt":"2025-04-07T06:03:07","slug":"boom-cylinder-for-caterpillar-small-excavator-e312d","status":"publish","type":"product","link":"https:\/\/www.hydraulic-cylinders.net\/lt\/produktas\/boom-cylinder-for-caterpillar-small-excavator-e312d\/","title":{"rendered":"Str\u0117l\u0117s cilindras Caterpillar ma\u017eam ekskavatoriui E312D"},"content":{"rendered":"<h1>Str\u0117l\u0117s cilindras Caterpillar ma\u017eam ekskavatoriui E312D<\/h1>\n<h2>Produkto ap\u017evalga<\/h2>\n<p>\u201eCaterpillar\u201c ma\u017eojo ekskavatoriaus E312D str\u0117l\u0117s cilindras yra esminis hidraulinis komponentas, skirtas valdyti ekskavatoriaus str\u0117l\u0117s jud\u0117jim\u0105. \u0160is hidraulinis cilindras atlieka labai svarb\u0173 vaidmen\u012f hidraulin\u0117je sistemoje, nes leid\u017eia str\u0117lei kelti, nuleisti ir pakreipti, taip palengvindamas \u012fvairias med\u017eiag\u0173 tvarkymo u\u017eduotis. Kau\u0161o cilindras arba str\u0117l\u0117s cilindras yra specialiai sukurtas sunkiosioms ma\u0161inoms, leid\u017eiantis operatoriams efektyviai valdyti kasimo ir k\u0117limo operacijas.<\/p>\n<p><img decoding=\"async\" src=\"https:\/\/www.hydraulic-cylinders.net\/wp-content\/uploads\/2025\/04\/songte-company-1.webp\" alt=\"Ekskavatori\u0173 str\u0117l\u0117s cilindras\" \/><\/p>\n<h3>Apibr\u0117\u017eimas ir funkcionalumas<\/h3>\n<p>Kau\u0161o cilindrai, da\u017eniausiai randami ekskavatoriuose, ekskavatoriniuose krautuvais ir frontaliniuose krautuvuose, yra hidrauliniai cilindrai, kurie yra labai svarb\u016bs kau\u0161o jud\u0117jimui valdyti. \u0160ie cilindrai yra sukurti taip, kad atlaikyt\u0173 auk\u0161t\u0105 sl\u0117g\u012f ir dideles apkrovas, u\u017etikrindami, kad jie gal\u0117t\u0173 efektyviai veikti sud\u0117tingomis s\u0105lygomis. Pagrindin\u0117 str\u0117l\u0117s cilindro funkcija yra suteikti reikiam\u0105 j\u0117g\u0105 kau\u0161ui pakelti ir nuleisti, leid\u017eiant tiksliai atlikti kasimo darbus ir transportuoti med\u017eiagas.<\/p>\n<h2>Str\u0117l\u0117s cilindro savyb\u0117s<\/h2>\n<ul>\n<li><strong>Didelis stiprumas ir ilgaam\u017ei\u0161kumas:<\/strong> Paprastai pagaminti i\u0161 didelio stiprumo plieno arba aliuminio, \u0161ie cilindrai gali atlaikyti auk\u0161t\u0105 sl\u0117g\u012f ir dideles apkrovas, tod\u0117l tinkami at\u0161iaurioms darbo s\u0105lygoms.<\/li>\n<li><strong>Efektyvus hidraulinis valdymas:<\/strong> Naudodami hidraulin\u0117s alyvos sl\u0117g\u012f skland\u017eiam i\u0161st\u016bmimui ir \u012ftraukimui, jie greitai reaguoja \u012f valdymo komandas ir u\u017etikrina didel\u0119 st\u016bmimo bei traukimo j\u0117g\u0105, idealiai tinkan\u010di\u0105 sunkioms med\u017eiagoms tvarkyti.<\/li>\n<li><strong>\u012evair\u016bs tipai:<\/strong> Galima \u012fsigyti tiek vienpusio veikimo (veikian\u010dio viena kryptimi), tiek dvigubo veikimo (veikian\u010dio dviem kryptimis) konfig\u016bracij\u0173, kai kurie modeliai turi teleskopines konstrukcijas, kad b\u016bt\u0173 didesnis pasiekiamumas nedidinant i\u0161orinio dyd\u017eio.<\/li>\n<li><strong>Atsparumas korozijai:<\/strong> Sukurtas su atsparumu dilimui ir antikorozin\u0117mis savyb\u0117mis, kad pailgint\u0173 cilindro tarnavimo laik\u0105 ir u\u017etikrint\u0173 patikim\u0105 veikim\u0105 laikui b\u0117gant.<\/li>\n<li><strong>Pritaikomos parinktys:<\/strong> M\u016bs\u0173 cilindrai gali b\u016bti pritaikyti konkretiems eksploatavimo reikalavimams, u\u017etikrinant suderinamum\u0105 su \u012fvairiais ekskavatori\u0173 modeliais.<\/li>\n<\/ul>\n<h2>Str\u0117l\u0117s cilindro pritaikymas<\/h2>\n<h3>Statybin\u0117 \u012franga<\/h3>\n<p>Ekskavatoriuose str\u0117l\u0117s cilindras yra gyvybi\u0161kai svarbus kasant, kraunant ir perkeliant grunt\u0105 ar \u0161iuk\u0161les. Cilindro sukuriama hidraulin\u0117 j\u0117ga leid\u017eia kau\u0161ui efektyviai \u012fsiskverbti \u012f \u017eem\u0119, tod\u0117l lengviau i\u0161kasti net kiet\u0105 med\u017eiag\u0105. Be to, ekskavatoriuose-krautuvuose cilindras padeda tiek kasant, tiek k\u0117limo darbus, padidindamas bendr\u0105 na\u0161um\u0105 statybviet\u0117je.<\/p>\n<h3>\u017dem\u0117s \u016bkio technika<\/h3>\n<p>Priekiniuose krautuvuose str\u0117l\u0117s cilindras naudojamas dirvo\u017eemiui, \u0161ienui ir kitoms med\u017eiagoms semti, kelti ir transportuoti. Hidraulinis cilindras leid\u017eia efektyviai atlikti pakrovimo ir i\u0161krovimo operacijas, kurios yra labai svarbios \u017eem\u0117s \u016bkio aplinkoje, kur savalaikis ir efektyvus med\u017eiag\u0173 tvarkymas yra labai svarbus \u016bkio darbams.<\/p>\n<h3>Ekskavatoriaus pritaikymas<\/h3>\n<p>Ekskavatori\u0173 kau\u0161o cilindras palengvina kasimo veiksm\u0105, nes leid\u017eia kau\u0161ui lengvai \u012fsiskverbti \u012f dirv\u0105. \u0160i savyb\u0117 yra esmin\u0117 atliekant \u012fvairius kasimo darbus, nesvarbu, ar tai b\u016bt\u0173 kra\u0161tovaizd\u017eio tvarkymas, kasyba, ar statybos. Galingas hidraulinis mechanizmas u\u017etikrina, kad operatoriai gal\u0117t\u0173 atlikti gilius kasimus tiksliai ir kontroliuojamai.<\/p>\n<h3>Krautuvo operacijos<\/h3>\n<p>Priekiniuose krautuvuose str\u0117l\u0117s cilindrai padeda efektyviai kelti ir i\u0161versti krovinius. Hidraulin\u0117 sistema u\u017etikrina skland\u0173 darb\u0105, padeda pakelti med\u017eiagas \u012f didel\u012f auk\u0161t\u012f ir tiksliai jas i\u0161krauti, o tai ypa\u010d svarbu statybose ir med\u017eiag\u0173 tvarkymo darbuose.<\/p>\n<h2>Projektavimo aspektai ir atrankos kriterijai<\/h2>\n<h3>Keliamoji galia<\/h3>\n<p>Renkantis str\u0117l\u0117s cilindr\u0105, vienas i\u0161 pagrindini\u0173 aspekt\u0173 yra jo keliamoji galia. Cilindras turi atlaikyti maksimal\u0173 svor\u012f, kuris jam bus taikomas eksploatacijos metu. \u0160is veiksnys yra labai svarbus, nes jis u\u017etikrina \u012frangos saugum\u0105 ir efektyvum\u0105. Gamintojai paprastai nurodo savo cilindr\u0173 apkrovos rodiklius, leisdami operatoriams pasirinkti tinkam\u0105 \u012frang\u0105 pagal savo poreikius.<\/p>\n<h3>Sandarinimo mechanizmai<\/h3>\n<p>Efektyvus sandarinimas yra gyvybi\u0161kai svarbus siekiant i\u0161vengti hidraulinio skys\u010dio nuot\u0117kio ir u\u017etikrinti optimal\u0173 na\u0161um\u0105. Konstrukcijoje tur\u0117t\u0173 b\u016bti numatyti auk\u0161tos kokyb\u0117s sandarikliai, tokie kaip st\u016bmokli\u0173 ir kot\u0173 sandarikliai, pagaminti i\u0161 patvari\u0173 med\u017eiag\u0173, toki\u0173 kaip poliuretanas arba nitrilo kau\u010diukas. \u0160ie sandarikliai turi atlaikyti auk\u0161t\u0105 sl\u0117g\u012f ir b\u016bti atspar\u016bs dilimui bei trin\u010diai, taip padidindami cilindro ilgaam\u017ei\u0161kum\u0105.<\/p>\n<h3>Patvarumas<\/h3>\n<p>Patvarumas yra pagrindinis str\u0117l\u0117s cilindr\u0173 konstrukcijos veiksnys. Jie veikiami ekstremali\u0173 s\u0105lyg\u0173, \u012fskaitant temperat\u016bros svyravimus ir purvo bei \u0161iuk\u0161li\u0173 poveik\u012f. Konstrukcijoje naudojamos med\u017eiagos turi b\u016bti tvirtos ir atsparios korozijai, kuri laikui b\u0117gant gali suma\u017einti na\u0161um\u0105. Gerai suprojektuotas str\u0117l\u0117s cilindras bus grie\u017etai i\u0161bandytas, siekiant u\u017etikrinti, kad jis atlaikyt\u0173 eksploatavimo aplinkos reikalavimus.<\/p>\n<h3>Saugos funkcijos<\/h3>\n<p>Projektuojant hidraulinius cilindrus, saugumas tur\u0117t\u0173 b\u016bti svarbiausias dalykas. Tokios savyb\u0117s kaip sl\u0117gio ma\u017einimo vo\u017etuvai gali pad\u0117ti i\u0161vengti perkrov\u0173, o tinkamos montavimo konfig\u016bracijos gali u\u017etikrinti stabilum\u0105 eksploatacijos metu. Gamybos procese b\u016btina atsi\u017evelgti \u012f saugos standartus ir sertifikatus, siekiant apsaugoti naudotojus ir \u012frang\u0105.<\/p>\n<h3>Prie\u017ei\u016bra ir remonto galimyb\u0117s<\/h3>\n<p>Dar vienas svarbus projektavimo aspektas yra prie\u017ei\u016bros paprastumas. Cilindro sandarikliai ir komponentai tur\u0117t\u0173 b\u016bti lengvai pasiekiami, kad b\u016bt\u0173 galima reguliariai juos patikrinti ir pakeisti. Reik\u0117t\u0173 atsi\u017evelgti \u012f tai, kaip da\u017enai reikia atlikti technin\u0117s prie\u017ei\u016bros darbus ir kaip lengvai galima pakeisti dalis. Projektuojant, kuriame pirmenyb\u0117 teikiama remonto galimyb\u0117ms, galima gerokai suma\u017einti prastovas ir su \u012frangos gedimais susijusias i\u0161laidas.<\/p>\n<p><img decoding=\"async\" src=\"https:\/\/www.hydraulic-cylinders.net\/wp-content\/uploads\/2025\/04\/songte-oil-pipes-and-spare-parts.webp\" alt=\"Hidrauliniai komponentai\" \/><\/p>\n<h2>Sandarinimas ir tepimas<\/h2>\n<p>Tinkamas sandarinimas ir tepimas yra labai svarb\u016bs efektyviam str\u0117l\u0117s cilindr\u0173 veikimui. Siekiant i\u0161vengti hidraulinio skys\u010dio nuot\u0117kio, tur\u0117t\u0173 b\u016bti naudojami \u012fvair\u016bs sandarinimo komponentai, \u012fskaitant st\u016bmokli\u0173 ir stryp\u0173 sandariklius. Rekomenduojama naudoti sandariklius, pagamintus i\u0161 atspari\u0173 dilimui med\u017eiag\u0173, toki\u0173 kaip poliuretanas ir nitrilo kau\u010diukas. Be to, cilindro korpusas ir srieginiai galai tur\u0117t\u0173 b\u016bti tiksliai apdirbti, kad padid\u0117t\u0173 atsparumas dilimui. Reguliarus tepimas hidrauline alyva yra b\u016btinas siekiant suma\u017einti trint\u012f ir dilim\u0105, u\u017etikrinti skland\u0173 veikim\u0105 ir pailginti cilindro tarnavimo laik\u0105.<\/p>\n<h2>Reguliarus patikrinimas ir prevencin\u0117 prie\u017ei\u016bra<\/h2>\n<ul>\n<li><strong>Reguliar\u016bs patikrinimai:<\/strong> Suplanuokite \u012fprastines ap\u017ei\u016bras, kad patikrintum\u0117te, ar n\u0117ra cilindro susid\u0117v\u0117jimo, nuot\u0117ki\u0173 ar pa\u017eeidim\u0173 po\u017eymi\u0173. Ankstyvas problem\u0173 nustatymas gali pad\u0117ti i\u0161vengti rimtesni\u0173 problem\u0173.<\/li>\n<li><strong>Tepimas:<\/strong> \u012esitikinkite, kad hidraulin\u0117s alyvos lygis yra pakankamas, ir kad tepimas atliekamas reguliariai, kad sandarikliai tinkamai veikt\u0173 ir suma\u017e\u0117t\u0173 trintis.<\/li>\n<li><strong>Sandariklio keitimas:<\/strong> Laikui b\u0117gant, sandarikliai gali susid\u0117v\u0117ti ir juos reik\u0117s keisti. Reguliar\u016bs patikrinimai pad\u0117s nustatyti, kada reikia keisti sandariklius, kad b\u016bt\u0173 i\u0161laikytas na\u0161umas.<\/li>\n<\/ul>\n<h2>\u012erengimo gair\u0117s<\/h2>\n<p>Tinkamas str\u0117l\u0117s cilindro montavimas yra b\u016btinas optimaliam na\u0161umui ir saugumui u\u017etikrinti. Pirmiausia \u012fsitikinkite, kad darbo vieta yra \u0161vari ir be \u0161iuk\u0161li\u0173. Tinkamai sulygiuokite cilindr\u0105 su esamais ekskavatoriaus tvirtinimo ta\u0161kais, naudodami tinkamus tvirtinimo laikiklius, kad pritvirtintum\u0117te cilindr\u0105 vietoje. \u012esitikinkite, kad visos hidraulin\u0117s jungtys yra tinkamai sumontuotos, vengiant bet koki\u0173 kry\u017emini\u0173 sriegi\u0173 ar nuot\u0117ki\u0173. Taip pat labai svarbu laikytis gamintojo nurodym\u0173 d\u0117l sukimo momento nustatym\u0173 ir montavimo proced\u016br\u0173, kad b\u016bt\u0173 u\u017etikrintas saugus ir efektyvus veikimas.<\/p>\n<h2>\u012eprastos prie\u017ei\u016bros u\u017eduotys<\/h2>\n<ul>\n<li><strong>Reguliar\u016bs patikrinimai:<\/strong> Reguliariai tikrinkite cilindr\u0105, ar n\u0117ra nuot\u0117ki\u0173, pa\u017eeidim\u0173 ir susid\u0117v\u0117jimo. Tai b\u016btina norint i\u0161laikyti veikimo efektyvum\u0105 ir saug\u0105.<\/li>\n<li><strong>Tinkamas tepimas:<\/strong> Reguliariai sutepkite cilindr\u0105 hidrauline alyva, kad suma\u017eintum\u0117te trint\u012f ir i\u0161vengtum\u0117te sandarikli\u0173 bei judan\u010di\u0173 dali\u0173 susid\u0117v\u0117jimo.<\/li>\n<li><strong>Sandariklio keitimas:<\/strong> Steb\u0117kite sandarikli\u0173 susid\u0117v\u0117jim\u0105 ir prireikus juos pakeiskite. Tai labai svarbu siekiant i\u0161vengti hidraulinio skys\u010dio nuot\u0117kio, kuris gali sukelti \u012frangos gedim\u0105.<\/li>\n<\/ul>\n<h2>Saugos aspektai ir aplinkos veiksniai<\/h2>\n<p>Naudojant hidraulinius cilindrus, saugos priemon\u0117s yra nepaprastai svarbios. Operatoriai tur\u0117t\u0173 b\u016bti apmokyti suprasti saugos protokol\u0173 laikymosi svarb\u0105, pavyzd\u017eiui, d\u0117v\u0117ti tinkamas asmenines apsaugos priemones ir laikytis saugaus ma\u0161inos naudojimo gairi\u0173. Be to, reik\u0117t\u0173 atsi\u017evelgti \u012f aplinkosaugos aspektus, u\u017etikrinant tinkam\u0105 hidraulini\u0173 skys\u010di\u0173 utilizavim\u0105 ir \u012frangos prie\u017ei\u016br\u0105, kad b\u016bt\u0173 kuo ma\u017eiau nuot\u0117ki\u0173 ir i\u0161siliejim\u0173, kurie gal\u0117t\u0173 pakenkti aplinkai.<\/p>\n<h2>Trik\u010di\u0173 \u0161alinimas ir da\u017eniausiai pasitaikan\u010dios problemos<\/h2>\n<ul>\n<li><strong>Nuot\u0117kis:<\/strong> Da\u017ena hidraulini\u0173 cilindr\u0173 problema yra nuot\u0117kis, kuris gali atsirasti d\u0117l susid\u0117v\u0117jusi\u0173 sandarikli\u0173 arba pa\u017eeist\u0173 komponent\u0173. Reguliarios patikros gali pad\u0117ti greitai nustatyti ir pa\u0161alinti nuot\u0117kius.<\/li>\n<li><strong>Na\u0161umo problemos:<\/strong> Jei str\u0117l\u0117s cilindras nereaguoja tinkamai, tai gali rodyti hidraulin\u0117s sistemos problem\u0105, pavyzd\u017eiui, \u017eem\u0105 skys\u010dio lyg\u012f arba or\u0105 linijose. Labai svarbu greitai i\u0161spr\u0119sti \u0161ias problemas.<\/li>\n<li><strong>Perkaitimas:<\/strong> Per didelis kar\u0161tis gali neigiamai paveikti hidraulines sistemas, d\u0117l to gali sugesti sandarikliai ir suma\u017e\u0117ti efektyvumas. Temperat\u016bros steb\u0117jimas ir tinkamo skys\u010dio lygio u\u017etikrinimas gali pad\u0117ti i\u0161vengti perkaitimo.<\/li>\n<\/ul>\n<h2>Gedim\u0173 \u0161alinimo patarimai<\/h2>\n<p>Nor\u0117dami efektyviai diagnozuoti ir i\u0161spr\u0119sti str\u0117l\u0117s cilindro problemas, operatoriai tur\u0117t\u0173 laikytis sistemingo po\u017ei\u016brio. Prad\u0117kite nuo skys\u010di\u0173 lygio patikrinimo ir ap\u017ei\u016bros, ar n\u0117ra nuot\u0117ki\u0173. Jei i\u0161kyla na\u0161umo problem\u0173, b\u016btina \u012fvertinti hidraulin\u0119 sistem\u0105, ar n\u0117ra u\u017esikim\u0161im\u0173 ar oro ki\u0161eni\u0173. \u012egyvendinus prevencines priemones, tokias kaip reguliari prie\u017ei\u016bra ir savalaikis susid\u0117v\u0117jusi\u0173 komponent\u0173 keitimas, galima gerokai suma\u017einti problem\u0173 tikimyb\u0119 ateityje.<\/p>\n<p><img decoding=\"async\" src=\"https:\/\/www.hydraulic-cylinders.net\/wp-content\/uploads\/2025\/04\/songte-bushings-with-all-kinds-of-excavator-models.webp\" alt=\"Ekskavatoriaus \u012fvor\u0117s\" \/><\/p>\n<h2>Apie m\u016bs\u0173 \u012fmon\u0119<\/h2>\n<p>Esame pirmaujantis pakaitini\u0173 hidraulini\u0173 cilindr\u0173 gamintojas, teikiantis plat\u0173 gamini\u0173 asortiment\u0105 tiek vidaus, tiek tarptautin\u0117se rinkose. M\u016bs\u0173 \u012fsipareigojimas siekti meistri\u0161kumo atsispindi kruop\u0161\u010diuose gamybos procesuose ir pa\u017eangi\u0173 technologij\u0173 naudojime. Investuojame \u012f auk\u0161\u010diausios klas\u0117s skaitmenin\u0119 gamybos \u012frang\u0105 ir profesionalias testavimo sistemas, siekdami padidinti savo gamybos paj\u0117gumus. M\u016bs\u0173 tikslas \u2013 patenkinti \u012fvairius klient\u0173 poreikius u\u017etikrinant auk\u0161t\u0105 efektyvum\u0105, tikslum\u0105 ir kokyb\u0119.<\/p>\n<p><img decoding=\"async\" src=\"https:\/\/www.hydraulic-cylinders.net\/wp-content\/uploads\/2025\/04\/songte-company-4.webp\" alt=\"\u012emon\u0117s ap\u017evalga\" \/><br \/>\n<img decoding=\"async\" src=\"https:\/\/www.hydraulic-cylinders.net\/wp-content\/uploads\/2025\/04\/songte-company-3.webp\" alt=\"Gamybos \u012fmon\u0117\" \/><\/p>\n<h2>I\u0161vada<\/h2>\n<p>Apibendrinant galima teigti, kad \u201eCaterpillar\u201c ma\u017eojo ekskavatoriaus E312D str\u0117l\u0117s cilindras yra gyvybi\u0161kai svarbus komponentas, gerinantis ekskavatori\u0173 eksploatacines galimybes. Supratimas apie jo savybes, pritaikym\u0105 ir prie\u017ei\u016bros reikalavimus gali \u017eymiai pagerinti jo na\u0161um\u0105 ir tarnavimo laik\u0105.<\/p>\n<p>Autorius: lyl<\/p>","protected":false},"excerpt":{"rendered":"<p>Boom Cylinder For Caterpillar Small Excavator E312D Product Overview The Boom Cylinder for Caterpillar Small Excavator E312D is an essential hydraulic component designed to control the movement of the excavator&#8217;s boom. This hydraulic cylinder plays a critical role in the hydraulic system, enabling the boom to lift, lower, and tilt, thus facilitating various material handling [&hellip;]<\/p>","protected":false},"featured_media":17876,"comment_status":"open","ping_status":"closed","template":"","meta":{"_et_pb_use_builder":"","_et_pb_old_content":"","_et_gb_content_width":""},"product_brand":[],"product_cat":[1546],"product_tag":[1547,1496],"class_list":{"0":"post-18934","1":"product","2":"type-product","3":"status-publish","4":"has-post-thumbnail","6":"product_cat-boom-cylinders","7":"product_tag-boom-cylinders","8":"product_tag-hydraulic-cylinders","10":"first","11":"instock","12":"shipping-taxable","13":"product-type-simple"},"amp_enabled":true,"_links":{"self":[{"href":"https:\/\/www.hydraulic-cylinders.net\/lt\/wp-json\/wp\/v2\/product\/18934","targetHints":{"allow":["GET"]}}],"collection":[{"href":"https:\/\/www.hydraulic-cylinders.net\/lt\/wp-json\/wp\/v2\/product"}],"about":[{"href":"https:\/\/www.hydraulic-cylinders.net\/lt\/wp-json\/wp\/v2\/types\/product"}],"replies":[{"embeddable":true,"href":"https:\/\/www.hydraulic-cylinders.net\/lt\/wp-json\/wp\/v2\/comments?post=18934"}],"wp:featuredmedia":[{"embeddable":true,"href":"https:\/\/www.hydraulic-cylinders.net\/lt\/wp-json\/wp\/v2\/media\/17876"}],"wp:attachment":[{"href":"https:\/\/www.hydraulic-cylinders.net\/lt\/wp-json\/wp\/v2\/media?parent=18934"}],"wp:term":[{"taxonomy":"product_brand","embeddable":true,"href":"https:\/\/www.hydraulic-cylinders.net\/lt\/wp-json\/wp\/v2\/product_brand?post=18934"},{"taxonomy":"product_cat","embeddable":true,"href":"https:\/\/www.hydraulic-cylinders.net\/lt\/wp-json\/wp\/v2\/product_cat?post=18934"},{"taxonomy":"product_tag","embeddable":true,"href":"https:\/\/www.hydraulic-cylinders.net\/lt\/wp-json\/wp\/v2\/product_tag?post=18934"}],"curies":[{"name":"wp","href":"https:\/\/api.w.org\/{rel}","templated":true}]}}