{"id":18936,"date":"2025-04-07T06:03:10","date_gmt":"2025-04-07T06:03:10","guid":{"rendered":"https:\/\/www.hydraulic-cylinders.net\/product\/boom-cylinder-for-caterpillar-small-excavator-e313d2\/"},"modified":"2025-04-07T06:03:12","modified_gmt":"2025-04-07T06:03:12","slug":"boom-cylinder-for-caterpillar-small-excavator-e313d2","status":"publish","type":"product","link":"https:\/\/www.hydraulic-cylinders.net\/lt\/produktas\/boom-cylinder-for-caterpillar-small-excavator-e313d2\/","title":{"rendered":"Str\u0117l\u0117s cilindras Caterpillar ma\u017eam ekskavatoriui E313D2"},"content":{"rendered":"<h1>Str\u0117l\u0117s cilindras Caterpillar ma\u017eam ekskavatoriui E313D2<\/h1>\n<h2>\u012evadas \u012f str\u0117l\u0117s cilindr\u0105<\/h2>\n<p>Str\u0117l\u0117s cilindras yra gyvybi\u0161kai svarbus hidraulini\u0173 sistem\u0173 komponentas, specialiai sukurtas valdyti kau\u0161\u0173 jud\u0117jim\u0105 sunkiosiose ma\u0161inose, tokiose kaip ekskavatoriai, ekskavatoriniai krautuvai ir frontaliniai krautuvai. \u0160is hidraulinis cilindras leid\u017eia kau\u0161ui pakelti, nuleisti ir pakreipti, taip palengvindamas efektyv\u0173 med\u017eiag\u0173 tvarkym\u0105. Str\u0117l\u0117s cilindro funkcionalumas yra b\u016btinas statybini\u0173 ir \u017eem\u0117s \u016bkio ma\u0161in\u0173 veikimui, nes jis suteikia reikiam\u0105 j\u0117g\u0105 sud\u0117tingoms u\u017eduotims atlikti sud\u0117tingoje aplinkoje.<\/p>\n<p><img decoding=\"async\" src=\"https:\/\/www.hydraulic-cylinders.net\/wp-content\/uploads\/2025\/04\/songte-company-1.webp\" alt=\"Str\u0117l\u0117s cilindras\"><\/p>\n<h3>Apibr\u0117\u017eimas ir ap\u017evalga<\/h3>\n<p>Str\u0117l\u0117s cilindras veikia hidrauliniu sl\u0117giu, kuris leid\u017eia skland\u017eiai i\u0161skleisti ir atitraukti str\u0117l\u0119. Jis greitai reaguoja \u012f operatoriaus komandas, u\u017etikrindamas galingas st\u016bmimo ir traukimo j\u0117gas, tod\u0117l tinka sunkiems kroviniams kelti ir sud\u0117tingoms eksploatavimo u\u017eduotims atlikti. \u0160io tipo hidraulinis cilindras yra suprojektuotas taip, kad atlaikyt\u0173 auk\u0161t\u0105 sl\u0117g\u012f ir dideles apkrovas, kartu u\u017etikrindamas patvarum\u0105 ir ilgaam\u017ei\u0161kum\u0105, tod\u0117l jis yra labai svarbus elementas efektyviam statybin\u0117s \u012frangos veikimui.<\/p>\n<h2>Str\u0117l\u0117s cilindro savyb\u0117s<\/h2>\n<ul>\n<li><strong>Didelis stiprumas ir ilgaam\u017ei\u0161kumas:<\/strong> Pagamintas i\u0161 didelio stiprumo plieno arba aliuminio, str\u0117l\u0117s cilindras yra sukurtas taip, kad atlaikyt\u0173 auk\u0161t\u0105 sl\u0117g\u012f ir dideles apkrovas, at\u0161iaurias darbo s\u0105lygas. Konstrukcijoje pabr\u0117\u017eiamas atsparumas dilimui ir apsauga nuo korozijos, taip pailginant jo eksploatavimo laik\u0105.<\/li>\n<li><strong>Efektyvus hidraulinis valdymas:<\/strong> Naudodamas hidraulin\u0117s alyvos sl\u0117g\u012f, jis u\u017etikrina skland\u0173 ir greit\u0105 i\u0161st\u016bmim\u0105 ir atitraukim\u0105, u\u017etikrindamas tvirtas st\u016bmimo ir traukimo j\u0117gas, kurios idealiai tinka sunkioms ir sud\u0117tingoms u\u017eduotims atlikti.<\/li>\n<li><strong>Tip\u0173 \u012fvairov\u0117:<\/strong> Str\u0117l\u0117s cilindrus galima pritaikyti konkretiems poreikiams, jie gali b\u016bti vienpusio veikimo (veikiantys viena kryptimi) arba dvipusio veikimo (veikiantys dviem kryptimis) konfig\u016bracijos. Kai kurie modeliai yra teleskopiniai, tod\u0117l juos galima labiau i\u0161tiesti nedidinant i\u0161orini\u0173 matmen\u0173, tod\u0117l jie tinka naudoti ribotoje erdv\u0117je.<\/li>\n<li><strong>Individuali gamyba:<\/strong> M\u016bs\u0173 gaminiai sukurti taip, kad puikiai pakeist\u0173 esamus hidraulinius cilindrus, u\u017etikrinant suderinamum\u0105 ir na\u0161um\u0105.<\/li>\n<\/ul>\n<p><img decoding=\"async\" src=\"https:\/\/www.hydraulic-cylinders.net\/wp-content\/uploads\/2025\/04\/songte-cylinder-head-with-all-kinds-excavator-models.webp\" alt=\"Ekskavatori\u0173 modeliai\"><\/p>\n<h2>Str\u0117l\u0117s cilindro pritaikymas<\/h2>\n<h3>Statybin\u0117 \u012franga<\/h3>\n<p>Ekskavatoriuose str\u0117l\u0117s cilindrai atlieka itin svarb\u0173 vaidmen\u012f kasant, kraunant ir transportuojant grunt\u0105 ar \u0161iuk\u0161les. Jie leid\u017eia kau\u0161ui prasiskverbti \u012f \u017eem\u0119 ir pasiekti giliau esan\u010dias med\u017eiagas, tod\u0117l jie yra nepakei\u010diami statybos projektuose. Ekskavatori\u0173-krautuv\u0173 str\u0117l\u0117s cilindr\u0173 pagalba padeda ne tik kasant, bet ir k\u0117limo operacijose, padidindami universalum\u0105 ir efektyvum\u0105 statybviet\u0117se.<\/p>\n<h3>\u017dem\u0117s \u016bkio technika<\/h3>\n<p>Priekiniuose krautuvuose str\u0117l\u0117s cilindrai yra b\u016btini dirvo\u017eemio, \u0161ieno ir kit\u0173 med\u017eiag\u0173 k\u0117limui, k\u0117limui ir transportavimui. J\u0173 geb\u0117jimas suteikti reikiam\u0105 j\u0117g\u0105 \u0161ioms u\u017eduotims atlikti leid\u017eia efektyviai valdyti \u017eem\u0117s \u016bkio operacijas, tod\u0117l jie yra gyvybi\u0161kai svarb\u016bs produktyvumui \u016bkininkavimo aplinkoje.<\/p>\n<h3>Ekskavatoriai<\/h3>\n<p>Ekskavatoriuose str\u0117l\u0117s cilindras palengvina kasimo veiksm\u0105, leisdamas kau\u0161ui efektyviai \u012fsiskverbti \u012f dirv\u0105. \u0160i galimyb\u0117 leid\u017eia operatoriams efektyviai i\u0161kasti \u012fvairias med\u017eiagas, u\u017etikrinant skland\u017ei\u0105 statybos ir \u017eem\u0117s darb\u0173 eig\u0105.<\/p>\n<h3>Krautuvai<\/h3>\n<p>Priekiniuose krautuvuose str\u0117l\u0117s cilindrai padeda efektyviai kelti ir i\u0161versti krovinius. J\u0173 hidraulinis veikimas u\u017etikrina, kad sunkias med\u017eiagas b\u016bt\u0173 galima lengvai valdyti, taip pagerinant bendr\u0105 pakrovimo ir i\u0161krovimo darb\u0173 na\u0161um\u0105 statybose ir kra\u0161tovaizd\u017eio tvarkymo darbuose.<\/p>\n<h2>Projektavimo aspektai ir atrankos kriterijai<\/h2>\n<h3>Keliamoji galia<\/h3>\n<p>Renkantis str\u0117l\u0117s cilindr\u0105, svarbiausia suprasti jo keliam\u0105j\u0105 gali\u0105. Jis turi atlaikyti maksimal\u0173 svor\u012f, su kuriuo susidurs eksploatacijos metu, nepakenkiant na\u0161umui. Tai rei\u0161kia, kad reikia atsi\u017evelgti \u012f konstrukcijoje naudojamas med\u017eiagas, taip pat \u012f cilindro konstrukcij\u0105 ir in\u017einerinius standartus.<\/p>\n<h3>Sandarinimo mechanizmai<\/h3>\n<p>Efektyvus sandarinimas yra labai svarbus hidrauliniams cilindrams, siekiant i\u0161vengti skys\u010dio nuot\u0117kio, kuris gali suma\u017einti efektyvum\u0105 ir sukelti \u012frangos gedim\u0105. Auk\u0161tos kokyb\u0117s sandarikliai, tokie kaip st\u016bmokli\u0173 ir kot\u0173 sandarikliai, pagaminti i\u0161 patvari\u0173 med\u017eiag\u0173, toki\u0173 kaip poliuretanas arba nitrilo kau\u010diukas, padeda palaikyti sl\u0117g\u012f ir u\u017etikrinti skland\u0173 veikim\u0105.<\/p>\n<h3>Patvarumas<\/h3>\n<p>Str\u0117l\u0117s cilindro patvarumui didel\u0119 \u012ftak\u0105 daro jo med\u017eiagos ir konstrukcija. Jis turi b\u016bti atsparus dilimui ir korozijai, ypa\u010d at\u0161iauriomis darbo s\u0105lygomis. Cilindro korpuso ir pavir\u0161i\u0173 apdorojimas vaidina svarb\u0173 vaidmen\u012f didinant jo ilgaam\u017ei\u0161kum\u0105 ir patikimum\u0105.<\/p>\n<h3>Saugumas<\/h3>\n<p>\u012e str\u0117l\u0117s cilindro konstrukcij\u0105 tur\u0117t\u0173 b\u016bti integruotos saugos funkcijos. Tai apima sl\u0117gio ma\u017einimo vo\u017etuvus, apsaugan\u010dius nuo perkrovos, taip pat saugos mechanizmus, apsaugan\u010dius nuo staigi\u0173 gedim\u0173. Cilindro atitiktis saugos standartams yra labai svarbi eksploatavimo saugai ir atitik\u010diai reikalavimams u\u017etikrinti.<\/p>\n<h3>Prie\u017ei\u016bra ir tinkamumas naudoti<\/h3>\n<p>Projektuojant ir renkantis str\u0117l\u0117s cilindr\u0105, labai svarbu atsi\u017evelgti \u012f technin\u0119 prie\u017ei\u016br\u0105. Komponentai tur\u0117t\u0173 b\u016bti lengvai prieinami \u012fprastiems patikrinimams ir remontui, o siekiant prailginti cilindro tarnavimo laik\u0105 ir u\u017etikrinti pastov\u0173 veikim\u0105, tur\u0117t\u0173 b\u016bti pateiktos ai\u0161kios technin\u0117s prie\u017ei\u016bros gair\u0117s.<\/p>\n<p><img decoding=\"async\" src=\"https:\/\/www.hydraulic-cylinders.net\/wp-content\/uploads\/2025\/04\/songte-oil-pipes-and-spare-parts.webp\" alt=\"Hidraulin\u0117s dalys\"><\/p>\n<h2>Sandarinimas ir tepimas<\/h2>\n<p>\u012evairi\u0173 sandarinimo komponent\u0173, toki\u0173 kaip st\u016bmokli\u0173 ir kot\u0173 sandarikliai, naudojimas u\u017etikrina hidraulini\u0173 sistem\u0173 vientisum\u0105. Sandarikliai, pagaminti i\u0161 atspari\u0173 dilimui med\u017eiag\u0173, toki\u0173 kaip poliuretanas ir nitrilo kau\u010diukas, yra b\u016btini norint palaikyti sl\u0117g\u012f ir i\u0161vengti skys\u010di\u0173 nuot\u0117kio. Cilindro korpusas ir srieginiai galai turi b\u016bti kruop\u0161\u010diai apdirbti, kad padid\u0117t\u0173 patvarumas. Norint u\u017etikrinti skland\u0173 sistemos veikim\u0105 ir suma\u017einti judan\u010di\u0173 dali\u0173 susid\u0117v\u0117jim\u0105, b\u016btina reguliariai tepti hidrauline alyva.<\/p>\n<h2>Prie\u017ei\u016bros gair\u0117s<\/h2>\n<ul>\n<li><strong>Reguliar\u016bs patikrinimai:<\/strong> Labai svarbu reguliariai tikrinti, ar n\u0117ra nusid\u0117v\u0117jimo po\u017eymi\u0173, nuot\u0117ki\u0173 ar ne\u012fprast\u0173 gars\u0173. Ankstyvas problem\u0173 nustatymas gali pad\u0117ti i\u0161vengti dideli\u0173 gedim\u0173 ir brangaus remonto.<\/li>\n<li><strong>Tinkamas tepimas:<\/strong> U\u017etikrinus pakankam\u0105 hidraulin\u0117s alyvos lyg\u012f ir tepim\u0105 naudojant rekomenduojamas alyvas, pager\u0117s str\u0117l\u0117s cilindro na\u0161umas ir tarnavimo laikas.<\/li>\n<li><strong>Sandariklio keitimas:<\/strong> Reguliariai tikrinant sandarikli\u0173 b\u016bkl\u0119, ar jie n\u0117ra susid\u0117v\u0117j\u0119 ar pa\u017eeisti, ir prireikus juos kei\u010diant, bus i\u0161vengta nuot\u0117ki\u0173 ir i\u0161laikytas sistemos efektyvumas.<\/li>\n<\/ul>\n<h2>\u012erengimo gair\u0117s<\/h2>\n<p>Norint efektyviai sumontuoti str\u0117l\u0117s cilindr\u0105, labai svarbus tinkamas jo sulygiavimas. Reikia u\u017etikrinti, kad cilindras b\u016bt\u0173 tinkamai pad\u0117tas, kad b\u016bt\u0173 i\u0161vengta prie\u0161laikinio susid\u0117v\u0117jimo ar gedimo. Tinkam\u0173 tvirtinimo laikikli\u0173 naudojimas pad\u0117s tvirtai pritvirtinti cilindr\u0105. B\u016btina laikytis gamintojo nurodym\u0173 d\u0117l sukimo momento nustatym\u0173 ir jungiam\u0173j\u0173 detali\u0173. \u012edieg\u0119 cilindr\u0105, prie\u0161 visi\u0161kai j\u012f paleisdami, patikrinkite, ar jis veikia tinkamai.<\/p>\n<h2>\u012eprastos prie\u017ei\u016bros u\u017eduotys<\/h2>\n<ul>\n<li><strong>Reguliar\u016bs patikrinimai:<\/strong> B\u016btina periodi\u0161kai tikrinti str\u0117l\u0117s cilindr\u0105, ar n\u0117ra nuot\u0117ki\u0173 ar pa\u017eeidim\u0173. Ie\u0161kokite skys\u010di\u0173 nuot\u0117kio ar susid\u0117v\u0117jimo po\u017eymi\u0173, kurie gal\u0117t\u0173 rodyti galimus gedimus.<\/li>\n<li><strong>Tinkamas tepimas:<\/strong> U\u017etikrinus optimal\u0173 hidraulin\u0117s alyvos lyg\u012f, suma\u017e\u0117s trintis ir vidini\u0173 komponent\u0173 susid\u0117v\u0117jimas. Naudokite rekomenduojamus tepalus ir laikykit\u0117s da\u017eumo bei kiekio nurodym\u0173.<\/li>\n<li><strong>Sandariklio keitimo ir kalibravimo patikrinimai:<\/strong> Reguliariai tikrinkite sandariklius, ar jie nesusid\u0117v\u0117j\u0119, ir prireikus juos pakeiskite. Baliono kalibravimas u\u017etikrina, kad jis veikt\u0173 pagal nurodytus parametrus, i\u0161laikant efektyvum\u0105 ir saug\u0105.<\/li>\n<\/ul>\n<h2>Saugos aspektai ir aplinkos veiksniai<\/h2>\n<p>Saugos priemon\u0117s yra nepaprastai svarbios valdant str\u0117l\u0117s cilindrus. Operatoriai tur\u0117t\u0173 b\u016bti apmokyti tinkamai naudoti ir elgtis su hidrauline \u012franga, kad b\u016bt\u0173 i\u0161vengta nelaiming\u0173 atsitikim\u0173. Rizik\u0105 pad\u0117s suma\u017einti tai, kad yra sumontuoti apsauginiai \u012ftaisai ir reguliariai tikrinami visi hidrauliniai komponentai. Be to, siekiant apsaugoti ekosistem\u0105, reikia laikytis aplinkosaugos reikalavim\u0173, pavyzd\u017eiui, tinkamo hidraulini\u0173 skys\u010di\u0173 \u0161alinimo ir nuot\u0117ki\u0173 ma\u017einimo.<\/p>\n<h2>Gedim\u0173 diagnostika ir da\u017eniausios problemos<\/h2>\n<ul>\n<li><strong>Nuot\u0117kio problemos:<\/strong> Skys\u010di\u0173 nuot\u0117kis gali atsirasti d\u0117l susid\u0117v\u0117jusi\u0173 tarpikli\u0173 ar jungiam\u0173j\u0173 detali\u0173. Reguliarus steb\u0117jimas gali pad\u0117ti anksti nustatyti ir i\u0161spr\u0119sti \u0161ias problemas.<\/li>\n<li><strong>Nepakankama galia:<\/strong> Jei str\u0117l\u0117s cilindrui sunku pakelti krovinius, tai gali reik\u0161ti \u017eem\u0105 hidraulinio skys\u010dio lyg\u012f arba problemas su siurbliu. Labai svarbu patikrinti skys\u010dio lyg\u012f ir sistemos sl\u0117g\u012f.<\/li>\n<li><strong>Ne\u012fprasti garsai:<\/strong> Triuk\u0161mai veikimo metu gali rodyti vidinius pa\u017eeidimus arba tepimo poreik\u012f. Greitas \u0161i\u0173 gars\u0173 i\u0161tyrimas gali pad\u0117ti i\u0161vengti tolesn\u0117s \u017ealos.<\/li>\n<\/ul>\n<h2>Trik\u010di\u0173 \u0161alinimo patarimai ir sprendimai<\/h2>\n<p>Norint efektyviai pa\u0161alinti str\u0117l\u0117s cilindro problemas, labai svarbu laikytis sistemingo po\u017ei\u016brio. Prad\u0117kite steb\u0117dami simptomus ir tikrindami, ar n\u0117ra akivaizd\u017ei\u0173 pa\u017eeidimo ar nuot\u0117kio po\u017eymi\u0173. \u012esitikinkite, kad hidraulinio skys\u010dio lygis yra pakankamas ir kad hidraulin\u0117se linijose n\u0117ra u\u017esikim\u0161im\u0173. \u012egyvendinkite reguliari\u0105 technin\u0119 prie\u017ei\u016br\u0105, kad suma\u017eintum\u0117te problem\u0173 rizik\u0105, ir kreipkit\u0117s \u012f specialistus, jei problemos i\u0161lieka. Prevencin\u0117s priemon\u0117s, pvz., tinkamo eksploatavimo gairi\u0173 laikymasis ir reguliari\u0173 patikrinim\u0173 atlikimas, gali \u017eymiai suma\u017einti galim\u0173 problem\u0173 da\u017enum\u0105.<\/p>\n<p><img decoding=\"async\" src=\"https:\/\/www.hydraulic-cylinders.net\/wp-content\/uploads\/2025\/04\/songte-bushings-with-all-kinds-of-excavator-models.webp\" alt=\"Ekskavatoriaus \u012fvor\u0117s\"><\/p>\n<h2>Apie m\u016bs\u0173 \u012fmon\u0119<\/h2>\n<p>Esame pirmaujanti hidraulini\u0173 cilindr\u0173 gamintoja ir didmeninink\u0117, specializuojam\u0117s tiekti auk\u0161tos kokyb\u0117s \u012fvairi\u0173 modeli\u0173 pakaitalus. M\u016bs\u0173 \u012fsipareigojim\u0105 siekti gamybos meistri\u0161kumo sustiprina i\u0161sami gamybos strategija, orientuota \u012f tikslum\u0105 ir kokyb\u0117s kontrol\u0119. Siekdami didinti savo gamybos paj\u0117gumus, naudojame pa\u017eangias technologijas ir kvalifikuot\u0105 darbo j\u0117g\u0105.<\/p>\n<p><img decoding=\"async\" src=\"https:\/\/www.hydraulic-cylinders.net\/wp-content\/uploads\/2025\/04\/songte-company-4.webp\" alt=\"\u012emon\u0117s ap\u017evalga\"><br \/>\n<img decoding=\"async\" src=\"https:\/\/www.hydraulic-cylinders.net\/wp-content\/uploads\/2025\/04\/songte-company-3.webp\" alt=\"Gamybos \u012fmon\u0117\"><\/p>\n<h3>Profesionali kompetencija<\/h3>\n<p>M\u016bs\u0173 komanda yra auk\u0161tos kvalifikacijos ir i\u0161mano hidraulini\u0173 sistem\u0173 srit\u012f, tod\u0117l u\u017etikriname, kad atitinkame tiek vietinius, tiek tarptautinius kokyb\u0117s ir saugos standartus. Si\u016blome individualiai pritaikytas paslaugas, pritaikytas konkretiems klient\u0173 poreikiams.<\/p>\n<h3>Tarptautiniai sertifikatai<\/h3>\n<p>M\u016bs\u0173 gaminius patvirtina tarptautiniai sertifikatai, garantuojantys j\u0173 kokyb\u0119 ir patikimum\u0105. Mes teikiame pirmenyb\u0119 auk\u0161t\u0173 standart\u0173 laikymuisi visuose gamybos procesuose.<\/p>\n<h3>Gamybos \u012franga<\/h3>\n<p>Naudodami pa\u017eangiausi\u0105 gamybos \u012frang\u0105, galime gaminti hidraulinius cilindrus itin tiksliai. M\u016bs\u0173 gamyklos apr\u016bpintos pa\u017eangiomis technologijomis, kurios u\u017etikrina kiekvieno gaminio efektyvum\u0105 ir kokyb\u0119.<\/p>\n<h3>Aptarnavimas po pardavimo<\/h3>\n<p>Did\u017eiuojam\u0117s teikdami puik\u0173 aptarnavim\u0105 po pardavimo, pad\u0117dami klientams atsakyti \u012f visus klausimus ar i\u0161spr\u0119sti problemas, kurios gali kilti po pirkimo. M\u016bs\u0173 atsidavusi pagalbos komanda visada pasiruo\u0161usi pad\u0117ti.<\/p>\n<p>\u4f5c\u8005 lyl<\/p>","protected":false},"excerpt":{"rendered":"<p>Boom Cylinder For Caterpillar Small Excavator E313D2 Introduction to Boom Cylinder The Boom Cylinder is a vital component in hydraulic systems, specifically designed for controlling the movement of buckets in heavy machinery such as excavators, backhoe loaders, and front loaders. This hydraulic cylinder allows the bucket to lift, lower, and tilt, facilitating efficient material handling [&hellip;]<\/p>","protected":false},"featured_media":17878,"comment_status":"open","ping_status":"closed","template":"","meta":{"_et_pb_use_builder":"","_et_pb_old_content":"","_et_gb_content_width":""},"product_brand":[],"product_cat":[1546],"product_tag":[1547,1496],"class_list":{"0":"post-18936","1":"product","2":"type-product","3":"status-publish","4":"has-post-thumbnail","6":"product_cat-boom-cylinders","7":"product_tag-boom-cylinders","8":"product_tag-hydraulic-cylinders","10":"first","11":"instock","12":"shipping-taxable","13":"product-type-simple"},"amp_enabled":true,"_links":{"self":[{"href":"https:\/\/www.hydraulic-cylinders.net\/lt\/wp-json\/wp\/v2\/product\/18936","targetHints":{"allow":["GET"]}}],"collection":[{"href":"https:\/\/www.hydraulic-cylinders.net\/lt\/wp-json\/wp\/v2\/product"}],"about":[{"href":"https:\/\/www.hydraulic-cylinders.net\/lt\/wp-json\/wp\/v2\/types\/product"}],"replies":[{"embeddable":true,"href":"https:\/\/www.hydraulic-cylinders.net\/lt\/wp-json\/wp\/v2\/comments?post=18936"}],"wp:featuredmedia":[{"embeddable":true,"href":"https:\/\/www.hydraulic-cylinders.net\/lt\/wp-json\/wp\/v2\/media\/17878"}],"wp:attachment":[{"href":"https:\/\/www.hydraulic-cylinders.net\/lt\/wp-json\/wp\/v2\/media?parent=18936"}],"wp:term":[{"taxonomy":"product_brand","embeddable":true,"href":"https:\/\/www.hydraulic-cylinders.net\/lt\/wp-json\/wp\/v2\/product_brand?post=18936"},{"taxonomy":"product_cat","embeddable":true,"href":"https:\/\/www.hydraulic-cylinders.net\/lt\/wp-json\/wp\/v2\/product_cat?post=18936"},{"taxonomy":"product_tag","embeddable":true,"href":"https:\/\/www.hydraulic-cylinders.net\/lt\/wp-json\/wp\/v2\/product_tag?post=18936"}],"curies":[{"name":"wp","href":"https:\/\/api.w.org\/{rel}","templated":true}]}}