{"id":18937,"date":"2025-04-07T06:03:12","date_gmt":"2025-04-07T06:03:12","guid":{"rendered":"https:\/\/www.hydraulic-cylinders.net\/product\/boom-cylinder-for-caterpillar-small-excavator-e301-7dcr\/"},"modified":"2025-04-07T06:03:15","modified_gmt":"2025-04-07T06:03:15","slug":"boom-cylinder-for-caterpillar-small-excavator-e301-7dcr","status":"publish","type":"product","link":"https:\/\/www.hydraulic-cylinders.net\/lt\/produktas\/boom-cylinder-for-caterpillar-small-excavator-e301-7dcr\/","title":{"rendered":"Str\u0117l\u0117s cilindras Caterpillar ma\u017eam ekskavatoriui E301.7DCR"},"content":{"rendered":"<h1>Str\u0117l\u0117s cilindras Caterpillar ma\u017eam ekskavatoriui E301.7DCR<\/h1>\n<h2>Produkto ap\u017evalga<\/h2>\n<p>\u201eCaterpillar\u201c ma\u017eojo ekskavatoriaus E301.7DCR str\u0117l\u0117s cilindras yra gyvybi\u0161kai svarbus \u012fvairi\u0173 sunki\u0173j\u0173 ma\u0161in\u0173, ypa\u010d ekskavatori\u0173, hidraulin\u0117s sistemos komponentas. \u0160is hidraulinis cilindras yra specialiai sukurtas kau\u0161o jud\u0117jimui valdyti, leid\u017eiant atlikti tokius veiksmus kaip k\u0117limas, nuleidimas ir pakreipimas. Efektyvus \u0161io cilindro veikimas yra labai svarbus atliekant med\u017eiag\u0173 tvarkymo u\u017eduotis, tod\u0117l jis yra esmin\u0117 statybos ir kasimo \u012frangos dalis.<\/p>\n<p><img decoding=\"async\" src=\"https:\/\/www.hydraulic-cylinders.net\/wp-content\/uploads\/2025\/04\/songte-company-1.webp\" alt=\"Ekskavatoriaus str\u0117l\u0117s cilindras\"><\/p>\n<h3>Apibr\u0117\u017eimas ir funkcionalumas<\/h3>\n<p>Kau\u0161o cilindras yra hidraulinio cilindro tipas, atliekantis esmin\u012f vaidmen\u012f valdant sunki\u0105j\u0105 technik\u0105, toki\u0105 kaip ekskavatoriai, ekskavatoriniai krautuvai ir frontaliniai krautuvai. Naudodamas sl\u0117gin\u0119 hidraulin\u0119 alyv\u0105, cilindras u\u017etikrina skland\u0173 ir kontroliuojam\u0105 kau\u0161o jud\u0117jim\u0105, palengvindamas tokias u\u017eduotis kaip kasimas, k\u0117limas ir med\u017eiag\u0173 transportavimas. \u0160i\u0173 cilindr\u0173 konstrukcija pabr\u0117\u017eia patvarum\u0105 ir efektyvum\u0105, u\u017etikrinant, kad jie atlaikyt\u0173 sud\u0117tingos darbo aplinkos s\u0105lygas.<\/p>\n<h2>Pagrindin\u0117s str\u0117l\u0117s cilindro savyb\u0117s<\/h2>\n<ul>\n<li><strong>Didelis stiprumas ir ilgaam\u017ei\u0161kumas:<\/strong> Pagamintas i\u0161 didelio stiprumo plieno arba aliuminio, str\u0117l\u0117s cilindras yra skirtas atlaikyti auk\u0161t\u0105 sl\u0117g\u012f ir dideles apkrovas, tod\u0117l tinka at\u0161iaurioms darbo s\u0105lygoms.<\/li>\n<li><strong>Efektyvus hidraulinis valdymas:<\/strong> Cilindras veikia skland\u017eiai, greitai reaguoja \u012f valdymo komandas ir u\u017etikrina dideles st\u016bmimo bei traukimo j\u0117gas, kurios yra b\u016btinos atliekant sunkias ir sud\u0117tingas u\u017eduotis.<\/li>\n<li><strong>\u012evair\u016bs tipai:<\/strong> Galimi variantai, \u012fskaitant vienpusio ir dvipusio veikimo cilindrus, kad b\u016bt\u0173 patenkinti \u012fvair\u016bs eksploatavimo poreikiai. Kai kurie modeliai yra teleskopiniai, tod\u0117l galima pasiekti didesn\u012f atstum\u0105 nepadidinant i\u0161orini\u0173 matmen\u0173.<\/li>\n<\/ul>\n<p>Mes gaminame \u0161\u012f produkt\u0105, o m\u016bs\u0173 si\u016blomi produktai puikiai pakei\u010dia \u0161iuos hidraulinius cilindrus.<\/p>\n<p><img decoding=\"async\" src=\"https:\/\/www.hydraulic-cylinders.net\/wp-content\/uploads\/2025\/04\/songte-cylinder-head-with-all-kinds-excavator-models.webp\" alt=\"Ekskavatoriaus cilindro galvut\u0117\"><\/p>\n<h2>Str\u0117l\u0117s cilindro pritaikymas<\/h2>\n<ul>\n<li><strong>Statybin\u0117 \u012franga:<\/strong> Str\u0117l\u0117s cilindras yra ekskavatoriuose ir atlieka labai svarb\u0173 vaidmen\u012f kasant, kraunant ir perkeliant dirvo\u017eem\u012f ar \u0161iuk\u0161les. Ekskavatoriuose-krautuvuose jis padeda tiek kasant, tiek keliant, maksimaliai padidindamas efektyvum\u0105 statybviet\u0117je.<\/li>\n<li><strong>\u017dem\u0117s \u016bkio technika:<\/strong> Priekiniuose krautuvuose naudojamas str\u0117l\u0117s cilindras palengvina dirvo\u017eemio, \u0161ieno ir kit\u0173 med\u017eiag\u0173 grandym\u0105, k\u0117lim\u0105 ir transportavim\u0105, taip \u017eenkliai padidindamas \u017eem\u0117s \u016bkio produktyvum\u0105.<\/li>\n<li><strong>Ekskavatoriai:<\/strong> Str\u0117l\u0117s cilindras leid\u017eia kau\u0161ui efektyviai \u012fsiskverbti \u012f \u017eem\u0119, atliekant kasimo veiksmus, b\u016btinus \u012fvairiems \u017eem\u0117s kasimo darbams.<\/li>\n<li><strong>Krautuvai:<\/strong> Priekiniuose krautuvuose \u0161ie cilindrai padeda efektyviai pakelti ir i\u0161versti krovinius, taip pagerindami med\u017eiag\u0173 tvarkymo galimybes.<\/li>\n<\/ul>\n<h2>Projektavimo aspektai ir atrankos kriterijai<\/h2>\n<ul>\n<li><strong>Keliamoji galia:<\/strong> Labai svarbu pasirinkti str\u0117l\u0117s cilindr\u0105, kuris atitikt\u0173 mechanizmo keliamosios galios reikalavimus. Tai u\u017etikrina efektyv\u0173 veikim\u0105 ir apsaugo nuo galimo \u012frangos gedimo.<\/li>\n<li><strong>Sandarinimo mechanizmas:<\/strong> Tinkamas sandarinimas yra labai svarbus norint palaikyti hidraulin\u012f sl\u0117g\u012f ir i\u0161vengti nuot\u0117ki\u0173. Pa\u017eangios sandarikli\u0173 konstrukcijos padeda pagerinti ilgaam\u017ei\u0161kum\u0105 ir patikimum\u0105.<\/li>\n<li><strong>Patvarumas:<\/strong> Baliono konstrukcijoje naudojamos med\u017eiagos turi b\u016bti atsparios dilimui, taip prailginant jo tarnavimo laik\u0105 ir suma\u017einant prie\u017ei\u016bros poreik\u012f.<\/li>\n<li><strong>Saugos funkcijos:<\/strong> Saugumas hidraulin\u0117se sistemose yra svarbiausias dalykas. Cilindro konstrukcijoje tur\u0117t\u0173 b\u016bti numatytos funkcijos, kurios u\u017ekerta keli\u0105 nelaimingiems atsitikimams ir padidina operatoriaus saug\u0105.<\/li>\n<li><strong>Prie\u017ei\u016bra:<\/strong> Svarbiausias aspektas tur\u0117t\u0173 b\u016bti prie\u017ei\u016bros paprastumas. Konstrukcija tur\u0117t\u0173 leisti greitai atlikti patikrinimus ir remont\u0105, u\u017etikrinant minimal\u0173 ma\u0161in\u0173 prastovos laik\u0105.<\/li>\n<\/ul>\n<p><img decoding=\"async\" src=\"https:\/\/www.hydraulic-cylinders.net\/wp-content\/uploads\/2025\/04\/songte-oil-pipes-and-spare-parts.webp\" alt=\"Hidraulini\u0173 cilindr\u0173 dalys\"><\/p>\n<h2>Sandarinimas ir tepimas<\/h2>\n<p>Efektyvus sandarinimas yra labai svarbus str\u0117l\u0117s cilindro veikimui. Da\u017eniausiai naudojami \u012fvair\u016bs sandarikliai, pavyzd\u017eiui, st\u016bmokli\u0173 ir stryp\u0173 sandarikliai. \u0160ie sandarikliai da\u017enai gaminami i\u0161 patvari\u0173 med\u017eiag\u0173, toki\u0173 kaip poliuretanas ir nitrilo kau\u010diukas, kurios yra atsparios dilimui. Be to, cilindro korpusas ir srieginiai galiniai pavir\u0161iai yra kruop\u0161\u010diai apdorojami, siekiant padidinti patvarum\u0105. Reguliarus tepimas hidrauline alyva yra b\u016btinas norint u\u017etikrinti skland\u0173 veikim\u0105 ir i\u0161vengti dilimo.<\/p>\n<h2>Reguliarus patikrinimas ir prevencin\u0117 prie\u017ei\u016bra<\/h2>\n<ul>\n<li><strong>\u012eprastiniai patikrinimai:<\/strong> Reguliar\u016bs patikrinimai padeda anksti nustatyti galimas problemas ir u\u017etikrina optimal\u0173 str\u0117l\u0117s cilindro veikim\u0105.<\/li>\n<li><strong>Tinkamas tepimas:<\/strong> Tinkamas tepimo lygis yra gyvybi\u0161kai svarbus norint suma\u017einti trint\u012f ir nusid\u0117v\u0117jim\u0105, taip pailginant cilindro tarnavimo laik\u0105.<\/li>\n<li><strong>Sandariklio keitimas:<\/strong> Reguliariai kei\u010diant sandariklius, bus palaikomas hidraulinis sl\u0117gis ir i\u0161vengiama nuot\u0117ki\u0173, taip u\u017etikrinant efektyvum\u0105.<\/li>\n<\/ul>\n<h2>\u012erengimo gair\u0117s<\/h2>\n<p>Nor\u0117dami tinkamai sumontuoti str\u0117l\u0117s cilindr\u0105, atlikite \u0161iuos veiksmus: Pirmiausia \u012fsitikinkite, kad cilindras yra tinkamai sulygiuotas su tvirtinimo ta\u0161kais, kad i\u0161vengtum\u0117te per didelio \u012ftempimo. Naudokite tinkamus tvirtinimo laikiklius, kad cilindras b\u016bt\u0173 tvirtai pritvirtintas. Prie\u0161 naudodami mechanizm\u0105, visada patikrinkite hidraulines jungtis. \u012esitikinkite, kad hidraulin\u0117s linijos n\u0117ra sulenktos ir n\u0117ra nuot\u0117ki\u0173. Sumontavus atlikite i\u0161sam\u0173 bandym\u0105, kad \u012fsitikintum\u0117te, jog cilindras veikia skland\u017eiai ir be joki\u0173 problem\u0173.<\/p>\n<h2>Saugos aspektai ir aplinkos veiksniai<\/h2>\n<p>Dirbant su hidrauliniais cilindrais, b\u016btinos saugos priemon\u0117s. Operatoriai tur\u0117t\u0173 b\u016bti apmokyti saugiai elgtis su ma\u0161inomis ir jas valdyti, kad b\u016bt\u0173 i\u0161vengta nelaiming\u0173 atsitikim\u0173. Be to, hidraulin\u0117s sistemos prie\u017ei\u016bra gali suma\u017einti pavoj\u0173 aplinkai, pavyzd\u017eiui, alyvos i\u0161siliejim\u0105, u\u017etikrinant, kad operacijos i\u0161likt\u0173 saugios tiek personalui, tiek aplinkai.<\/p>\n<h2>Trik\u010di\u0173 \u0161alinimas ir da\u017eniausiai pasitaikan\u010dios problemos<\/h2>\n<ul>\n<li><strong>Nuot\u0117kis:<\/strong> Jei i\u0161 cilindro teka alyva, patikrinkite, ar n\u0117ra susid\u0117v\u0117jusi\u0173 tarpini\u0173, ir prireikus pakeiskite juos.<\/li>\n<li><strong>L\u0117tas veikimas:<\/strong> Tai gali rodyti \u017eem\u0105 hidraulin\u0117s alyvos lyg\u012f arba alyvos u\u017eter\u0161tum\u0105; patikrinkite ir pa\u0161alinkite \u0161ias problemas.<\/li>\n<li><strong>Ne\u012fprasti garsai:<\/strong> Triuk\u0161mai veikimo metu gali rodyti vidinius pa\u017eeidimus; nedelsdami patikrinkite cilindr\u0105.<\/li>\n<\/ul>\n<h2>Gedim\u0173 diagnostika ir prevencija<\/h2>\n<p>Norint veiksmingai diagnozuoti problemas, reguliariai tikrinkite ir dokumentuokite visus pasteb\u0117jimus. Operatori\u0173 mokymas atpa\u017einti ankstyvus gedim\u0173 po\u017eymius gali pad\u0117ti i\u0161vengti dideli\u0173 problem\u0173. Atlikite planin\u0119 technin\u0119 prie\u017ei\u016br\u0105, kad suma\u017eintum\u0117te nusid\u0117v\u0117jim\u0105 ir u\u017etikrintum\u0117te, jog hidraulin\u0117 sistema i\u0161likt\u0173 geriausios b\u016bkl\u0117s, taip sutrumpindami prastovas ir padidindami veiklos efektyvum\u0105.<\/p>\n<p><img decoding=\"async\" src=\"https:\/\/www.hydraulic-cylinders.net\/wp-content\/uploads\/2025\/04\/songte-bushings-with-all-kinds-of-excavator-models.webp\" alt=\"Ekskavatoriaus \u012fvor\u0117s\"><\/p>\n<h2>\u012emon\u0117s ap\u017evalga<\/h2>\n<p>Esame pirmaujantis hidraulini\u0173 cilindr\u0173 gamintojas, si\u016blantis plat\u0173 gamini\u0173 asortiment\u0105, skirt\u0105 tiek vidaus, tiek tarptautinei rinkai. M\u016bs\u0173 \u012fsipareigojimas siekti meistri\u0161kumo atsispindi pa\u017eangiose gamybos \u012fmon\u0117se ir grie\u017etuose kokyb\u0117s kontrol\u0117s procesuose. Siekdami patenkinti \u012fvairius klient\u0173 poreikius, orientuojam\u0117s \u012f auk\u0161t\u0105 efektyvum\u0105, tikslum\u0105 ir kokyb\u0119. M\u016bs\u0173 patirtis apima individualiai pritaikytas paslaugas ir visapusi\u0161k\u0105 garantin\u012f aptarnavim\u0105, u\u017etikrinant klient\u0173 pasitenkinim\u0105.<\/p>\n<p><img decoding=\"async\" src=\"https:\/\/www.hydraulic-cylinders.net\/wp-content\/uploads\/2025\/04\/songte-company-4.webp\" alt=\"\u012emon\u0117s ap\u017evalga 1\"><br \/>\n<img decoding=\"async\" src=\"https:\/\/www.hydraulic-cylinders.net\/wp-content\/uploads\/2025\/04\/songte-company-3.webp\" alt=\"\u012emon\u0117s ap\u017evalga 2\"><\/p>\n<p>Autorius: lyl<\/p>","protected":false},"excerpt":{"rendered":"<p>Boom Cylinder For Caterpillar Small Excavator E301.7DCR Product Overview The Boom Cylinder for Caterpillar Small Excavator E301.7DCR is a vital component in the hydraulic system of various heavy machinery, particularly excavators. This hydraulic cylinder is specifically designed to control the movement of the bucket, allowing for actions such as lifting, lowering, and tilting. The efficient [&hellip;]<\/p>","protected":false},"featured_media":17879,"comment_status":"open","ping_status":"closed","template":"","meta":{"_et_pb_use_builder":"","_et_pb_old_content":"","_et_gb_content_width":""},"product_brand":[],"product_cat":[1546],"product_tag":[1547,1496],"class_list":{"0":"post-18937","1":"product","2":"type-product","3":"status-publish","4":"has-post-thumbnail","6":"product_cat-boom-cylinders","7":"product_tag-boom-cylinders","8":"product_tag-hydraulic-cylinders","10":"first","11":"instock","12":"shipping-taxable","13":"product-type-simple"},"amp_enabled":true,"_links":{"self":[{"href":"https:\/\/www.hydraulic-cylinders.net\/lt\/wp-json\/wp\/v2\/product\/18937","targetHints":{"allow":["GET"]}}],"collection":[{"href":"https:\/\/www.hydraulic-cylinders.net\/lt\/wp-json\/wp\/v2\/product"}],"about":[{"href":"https:\/\/www.hydraulic-cylinders.net\/lt\/wp-json\/wp\/v2\/types\/product"}],"replies":[{"embeddable":true,"href":"https:\/\/www.hydraulic-cylinders.net\/lt\/wp-json\/wp\/v2\/comments?post=18937"}],"wp:featuredmedia":[{"embeddable":true,"href":"https:\/\/www.hydraulic-cylinders.net\/lt\/wp-json\/wp\/v2\/media\/17879"}],"wp:attachment":[{"href":"https:\/\/www.hydraulic-cylinders.net\/lt\/wp-json\/wp\/v2\/media?parent=18937"}],"wp:term":[{"taxonomy":"product_brand","embeddable":true,"href":"https:\/\/www.hydraulic-cylinders.net\/lt\/wp-json\/wp\/v2\/product_brand?post=18937"},{"taxonomy":"product_cat","embeddable":true,"href":"https:\/\/www.hydraulic-cylinders.net\/lt\/wp-json\/wp\/v2\/product_cat?post=18937"},{"taxonomy":"product_tag","embeddable":true,"href":"https:\/\/www.hydraulic-cylinders.net\/lt\/wp-json\/wp\/v2\/product_tag?post=18937"}],"curies":[{"name":"wp","href":"https:\/\/api.w.org\/{rel}","templated":true}]}}