{"id":18939,"date":"2025-04-07T06:03:18","date_gmt":"2025-04-07T06:03:18","guid":{"rendered":"https:\/\/www.hydraulic-cylinders.net\/product\/boom-cylinder-for-caterpillar-small-excavator-e308e\/"},"modified":"2025-04-07T06:03:20","modified_gmt":"2025-04-07T06:03:20","slug":"boom-cylinder-for-caterpillar-small-excavator-e308e","status":"publish","type":"product","link":"https:\/\/www.hydraulic-cylinders.net\/lt\/produktas\/boom-cylinder-for-caterpillar-small-excavator-e308e\/","title":{"rendered":"Str\u0117l\u0117s cilindras Caterpillar ma\u017eam ekskavatoriui E308E"},"content":{"rendered":"<h1>Str\u0117l\u0117s cilindras Caterpillar ma\u017eam ekskavatoriui E308E<\/h1>\n<h2>\u012evadas \u012f str\u0117l\u0117s cilindr\u0105<\/h2>\n<p>Str\u0117l\u0117s cilindras yra labai svarbus komponentas, specialiai sukurtas \u012fvairioms sunkiosioms ma\u0161inoms, ypa\u010d statybos ir \u017eem\u0117s kasimo darbams. \u0160is hidraulinis cilindras atsakingas u\u017e ekskavatoriaus str\u0117l\u0117s jud\u0117jimo valdym\u0105, leid\u017eiant jai kelti, nuleisti ir pakreipti. \u0160i funkcija yra b\u016btina efektyviam med\u017eiag\u0173 tvarkymui, leid\u017eianti operatoriams atlikti \u012fvairius veiksmus, tokius kaip kasimas, k\u0117limas ir med\u017eiag\u0173 transportavimas.<\/p>\n<p><img decoding=\"async\" src=\"https:\/\/www.hydraulic-cylinders.net\/wp-content\/uploads\/2025\/04\/songte-company-1.webp\" alt=\"Str\u0117l\u0117s cilindras\" \/><\/p>\n<h3>Kau\u0161o cilindr\u0173 supratimas<\/h3>\n<p>Kau\u0161o cilindr\u0105 galima apibr\u0117\u017eti kaip hidraulinio cilindro tip\u0105, specialiai naudojam\u0105 kau\u0161\u0173 jud\u0117jimui valdyti \u012fvairiose sunkiosiose ma\u0161inose, \u012fskaitant ekskavatorius, ekskavatorius ir frontalinius krautuvus. Jis u\u017etikrina, kad kau\u0161as gal\u0117t\u0173 atlikti esmines funkcijas, tokias kaip k\u0117limas, nuleidimas ir pakreipimas, kurios yra gyvybi\u0161kai svarbios efektyviam med\u017eiag\u0173 tvarkymui. \u0160i\u0173 cilindr\u0173 veikimas priklauso nuo hidraulinio sl\u0117gio, leid\u017eian\u010dio jiems naudoti didel\u0119 j\u0117g\u0105, tuo pa\u010diu i\u0161laikant tiksl\u0173 kau\u0161o jud\u0117jimo valdym\u0105.<\/p>\n<h2>Str\u0117l\u0117s cilindro savyb\u0117s<\/h2>\n<ul>\n<li><strong>Didelis stiprumas ir ilgaam\u017ei\u0161kumas:<\/strong> Paprastai pagaminti i\u0161 didelio stiprumo plieno arba aliuminio, \u0161ie cilindrai yra sukurti taip, kad atlaikyt\u0173 auk\u0161t\u0105 sl\u0117g\u012f ir dideles apkrovas, tod\u0117l jie tinka at\u0161iaurioms darbo aplinkoms.<\/li>\n<li><strong>Efektyvus hidraulinis valdymas:<\/strong> Naudodamas hidraulinio skys\u010dio sl\u0117g\u012f, str\u0117l\u0117s cilindras u\u017etikrina skland\u0173 ir greit\u0105 i\u0161pl\u0117tim\u0105 bei \u012ftraukim\u0105, u\u017etikrindamas galingas st\u016bmimo ir traukimo galimybes, idealiai tinkan\u010dias sunkiems darbams.<\/li>\n<li><strong>\u012evair\u016bs galimi tipai:<\/strong> Galimi variantai: vienpusio veikimo (hidraulinis valdymas viena kryptimi) ir dvipusio veikimo (hidraulinis valdymas abiem kryptimis) cilindrai, pritaikyti skirtingiems eksploatavimo reikalavimams.<\/li>\n<li><strong>Kompakti\u0161ki dizainai:<\/strong> Kai kurie modeliai pasi\u017eymi teleskopin\u0117mis konstrukcijomis, leid\u017eian\u010diomis labiau i\u0161tiesti nepadidinant i\u0161orini\u0173 matmen\u0173, tod\u0117l jie puikiai tinka naudoti ribotoje erdv\u0117je.<\/li>\n<li><strong>Atsparumas aplinkai:<\/strong> \u0160ie cilindrai, sukurti taip, kad atlaikyt\u0173 nusid\u0117v\u0117jim\u0105 ir korozij\u0105, da\u017enai gaminami i\u0161 med\u017eiag\u0173, kurios padidina j\u0173 ilgaam\u017ei\u0161kum\u0105 ir patikimum\u0105 \u012fvairaus klimato s\u0105lygomis.<\/li>\n<\/ul>\n<h2>M\u016bs\u0173 gamybos paj\u0117gumai<\/h2>\n<p>Mes galime pagaminti \u0161\u012f produkt\u0105, si\u016blydami auk\u0161tos kokyb\u0117s hidraulinius cilindrus, kurie puikiai pakei\u010dia esamus rinkoje esan\u010dius modelius.<\/p>\n<p><img decoding=\"async\" src=\"https:\/\/www.hydraulic-cylinders.net\/wp-content\/uploads\/2025\/04\/songte-cylinder-head-with-all-kinds-excavator-models.webp\" alt=\"Hidraulini\u0173 cilindr\u0173 gamyba\" \/><\/p>\n<h2>Str\u0117l\u0117s cilindr\u0173 pritaikymas<\/h2>\n<h3>Statybin\u0117 \u012franga<\/h3>\n<p>Ekskavatoriuose str\u0117l\u0117s cilindrai yra b\u016btini kasant, kraunant ir perkeliant grunt\u0105 ar \u0161iuk\u0161les. Jie leid\u017eia tiksliai valdyti kau\u0161o gyl\u012f ir kamp\u0105, o tai yra labai svarbu norint efektyviai atlikti kasimo darbus. Ekskavatoriuose \u0161ie cilindrai padeda atlikti tiek kasimo, tiek k\u0117limo funkcijas, leisdami operatoriams skland\u017eiai atlikti sud\u0117tingas operacijas.<\/p>\n<h3>\u017dem\u0117s \u016bkio technika<\/h3>\n<p>Priekiniuose krautuvuose naudojami str\u0117l\u0117s cilindrai yra gyvybi\u0161kai svarb\u016bs dirvo\u017eemio, \u0161ieno ir kit\u0173 med\u017eiag\u0173 k\u0117limui, k\u0117limui ir transportavimui. J\u0173 geb\u0117jimas u\u017etikrinti didel\u0119 keliam\u0105j\u0105 j\u0117g\u0105 pagerina produktyvum\u0105 atliekant \u012fvairius \u017eem\u0117s \u016bkio darbus, tod\u0117l jie yra nepakei\u010diami \u016bkininkams.<\/p>\n<h3>Ekskavatoriai<\/h3>\n<p>Ekskavatoriuose str\u0117l\u0117s cilindras palengvina kasimo veiksm\u0105, leisdamas kau\u0161ui efektyviai \u012fsiskverbti \u012f dirv\u0105. Hidraulin\u0117 galia leid\u017eia ma\u0161inai \u012fveikti sunkias grunto s\u0105lygas, pagerindama bendr\u0105 \u012frangos na\u0161um\u0105.<\/p>\n<h3>Krautuvai<\/h3>\n<p>Priekiniuose krautuvuose str\u0117l\u0117s cilindrai padeda efektyviai pakelti ir i\u0161versti krovinius. Tvirta j\u0173 konstrukcija u\u017etikrina, kad jie gali atlaikyti sunki\u0173 med\u017eiag\u0173 svor\u012f, taip optimizuodami pakrovimo ir i\u0161krovimo procesus statybose ir kra\u0161tovaizd\u017eio tvarkymo darbuose.<\/p>\n<h2>Projektavimo aspektai ir atrankos kriterijai<\/h2>\n<h3>Keliamoji galia<\/h3>\n<p>Renkantis str\u0117l\u0117s cilindr\u0105, labai svarbu suprasti jo keliam\u0105j\u0105 gali\u0105. \u0160i specifikacija nurodo maksimal\u0173 svor\u012f, kur\u012f cilindras gali pakelti, ir ji tur\u0117t\u0173 b\u016bti suderinta su ma\u0161inos eksploatavimo reikalavimais, siekiant u\u017etikrinti saug\u0105 ir efektyvum\u0105. Perkrova gali sukelti prie\u0161laikin\u012f gedim\u0105, kuris turi \u012ftakos tiek na\u0161umui, tiek saugumui.<\/p>\n<h3>Sandarumo vientisumas<\/h3>\n<p>Sandarinimas yra dar vienas svarbus projektavimo aspektas, nes jis apsaugo nuo hidraulinio skys\u010dio nutek\u0117jimo. Da\u017enai naudojami auk\u0161tos kokyb\u0117s sandarikliai, pagaminti i\u0161 toki\u0173 med\u017eiag\u0173 kaip poliuretanas ir nitrilo kau\u010diukas, siekiant padidinti patvarum\u0105. Tinkamas sandarinimas u\u017etikrina efektyv\u0173 hidraulin\u0117s sistemos veikim\u0105 ir suma\u017eina prie\u017ei\u016bros poreik\u012f.<\/p>\n<h3>Patvarumas<\/h3>\n<p>Projektuojant str\u0117l\u0117s cilindrus, ypa\u010d sud\u0117tingomis s\u0105lygomis, svarbus ilgaam\u017ei\u0161kumo veiksnys. Naudojamos med\u017eiagos turi b\u016bti atsparios dilimui ir korozijai, taip pailginant cilindro tarnavimo laik\u0105. Reguliarus nusid\u0117v\u0117jimo vertinimas gali pad\u0117ti i\u0161laikyti veiklos efektyvum\u0105 ir saug\u0105.<\/p>\n<h3>Saugos funkcijos<\/h3>\n<p>Saugos funkcijos hidraulin\u0117se sistemose yra nepaprastai svarbios. Gerai suprojektuotas str\u0117l\u0117s cilindras tur\u0117t\u0173 tur\u0117ti mechanizmus, apsaugan\u010dius nuo staigi\u0173 sl\u0117gio \u0161uoli\u0173, kurie gali sukelti katastrofi\u0161k\u0173 gedim\u0173. Saugiam darbui u\u017etikrinti b\u016btina \u012fdiegti apsauginius vo\u017etuvus ir apsaugos nuo perkrovos sistemas.<\/p>\n<h3>Prie\u017ei\u016bra<\/h3>\n<p>Lengvai pri\u017ei\u016brimas projektavimas u\u017etikrina lengv\u0105 technin\u0119 prie\u017ei\u016br\u0105 ir remont\u0105. Tokios savyb\u0117s kaip lengvai prieinamos tepimo angos, ai\u0161k\u016bs technin\u0117s prie\u017ei\u016bros darb\u0173 \u017eym\u0117jimai ir modulin\u0117 konstrukcija palengvina reguliari\u0105 technin\u0119 prie\u017ei\u016br\u0105, kuri yra labai svarbi ilgalaikiam naudojimui.<\/p>\n<p><img decoding=\"async\" src=\"https:\/\/www.hydraulic-cylinders.net\/wp-content\/uploads\/2025\/04\/songte-oil-pipes-and-spare-parts.webp\" alt=\"Hidraulini\u0173 cilindr\u0173 dalys\" \/><\/p>\n<h2>Sandarinimas ir tepimas<\/h2>\n<p>Efektyvus sandarinimas ir tepimas yra labai svarb\u016bs optimaliam str\u0117l\u0117s cilindr\u0173 veikimui. \u012evair\u016bs sandarinimo komponentai, tokie kaip st\u016bmokli\u0173 ir stryp\u0173 sandarikliai, atlieka svarb\u0173 vaidmen\u012f palaikant sl\u0117g\u012f sistemoje. Sandarikliai, pagaminti i\u0161 patvari\u0173 med\u017eiag\u0173, toki\u0173 kaip poliuretanas ir nitrilo kau\u010diukas, parenkami d\u0117l j\u0173 atsparumo dilimui ir aplinkos veiksniams.<\/p>\n<p>Cilindro korpusas ir srieginiai galiniai pavir\u0161iai turi b\u016bti tiksliai apdirbti, kad b\u016bt\u0173 padidintas atsparumas dilimui ir u\u017etikrintas tvirtas sandarikli\u0173 prigludimas. Be to, reguliarus tepimas hidrauline alyva yra b\u016btinas siekiant suma\u017einti trint\u012f, i\u0161vengti dilimo ir u\u017etikrinti skland\u0173 veikim\u0105. \u0160ios alyvos reikia periodi\u0161kai papildyti, kad cilindras veikt\u0173 tinkamai.<\/p>\n<h2>Prie\u017ei\u016bros priemon\u0117s<\/h2>\n<ul>\n<li><strong>Reguliar\u016bs patikrinimai:<\/strong> Reguliar\u016bs patikrinimai padeda nustatyti galimas problemas, kol jos netapo rimtomis. Ie\u0161kokite susid\u0117v\u0117jimo, nuot\u0117kio ar kit\u0173 nukrypim\u0173 po\u017eymi\u0173.<\/li>\n<li><strong>Tinkamas tepimas:<\/strong> \u012esitikinkite, kad cilindras yra tinkamai suteptas, kad suma\u017eintum\u0117te trint\u012f ir susid\u0117v\u0117jim\u0105. Naudokite rekomenduojamo tipo hidraulin\u0119 alyv\u0105 ir laikykit\u0117s reguliaraus tepimo grafiko.<\/li>\n<li><strong>Sandariklio keitimas:<\/strong> Reguliariai tikrinkite sandarikli\u0173 susid\u0117v\u0117jim\u0105 ir prireikus juos pakeiskite, kad i\u0161vengtum\u0117te nuot\u0117ki\u0173 ir u\u017etikrintum\u0117te efektyv\u0173 veikim\u0105.<\/li>\n<\/ul>\n<h2>Teisingo \u012frengimo gair\u0117s<\/h2>\n<p>Tinkamas str\u0117l\u0117s cilindro montavimas yra labai svarbus optimaliam veikimui. Pirmiausia \u012fsitikinkite, kad visi tvirtinimo pavir\u0161iai yra \u0161var\u016bs ir be \u0161iuk\u0161li\u0173. Tiksliai sulygiuokite cilindr\u0105 su tvirtinimo ta\u0161kais ant ma\u0161inos. Svarbu naudoti tinkamus tvirtinimo laikiklius, kad cilindras b\u016bt\u0173 pritvirtintas vietoje, i\u0161vengiant nesuderinamumo, kuris gali sukelti prie\u0161laikin\u012f susid\u0117v\u0117jim\u0105 ar gedim\u0105. \u012esitikinkite, kad tvirtinimo var\u017etai yra priver\u017eti pagal gamintojo specifikacijas, kad eksploatacijos metu jie neatsilaisvint\u0173.<\/p>\n<p>\u012erengus, patikrinkite hidraulini\u0173 jung\u010di\u0173 sandarum\u0105, kad i\u0161vengtum\u0117te nuot\u0117ki\u0173. \u012esitikinkite, kad \u017earnos tinkamai nukreiptos, kad neb\u016bt\u0173 joki\u0173 lenkim\u0173 ar staigi\u0173 pos\u016bki\u0173, kurie gal\u0117t\u0173 apriboti sraut\u0105. \u012ereng\u0119 atlikite funkcin\u012f bandym\u0105, kad \u012fsitikintum\u0117te, jog cilindras veikia skland\u017eiai ir efektyviai. Reguliariai per\u017ei\u016br\u0117kite \u012frengimo s\u0105rank\u0105, kad u\u017etikrintum\u0117te nuolatin\u012f saug\u0105 ir veikim\u0105.<\/p>\n<p><img decoding=\"async\" src=\"https:\/\/www.hydraulic-cylinders.net\/wp-content\/uploads\/2025\/04\/songte-chushion-collar.webp\" alt=\"Str\u0117l\u0117s cilindro montavimas\" \/><\/p>\n<h2>Saugos aspektai ir aplinkos veiksniai<\/h2>\n<p>Naudojant str\u0117l\u0117s cilindrus, itin svarbu laikytis saugos priemoni\u0173. Operatoriai turi b\u016bti apmokyti teisingai elgtis su \u012frenginiais, kad b\u016bt\u0173 i\u0161vengta nelaiming\u0173 atsitikim\u0173. B\u016btina reguliariai atlikti technin\u0117s prie\u017ei\u016bros patikrinimus, siekiant u\u017etikrinti, kad visi komponentai veikt\u0173 tinkamai ir kad saugos \u012ftaisai b\u016bt\u0173 nepa\u017eeisti. Be to, atsi\u017evelkite \u012f aplinkos veiksnius; dirbant ekstremaliomis s\u0105lygomis gali prireikti speciali\u0173 cilindro pritaikym\u0173, kad padid\u0117t\u0173 jo atsparumas dilimui ir korozijai.<\/p>\n<h2>Trik\u010di\u0173 \u0161alinimas ir da\u017eniausiai pasitaikan\u010dios problemos<\/h2>\n<ul>\n<li><strong>Naftos nuot\u0117kiai:<\/strong> Patikrinkite, ar n\u0117ra hidraulinio skys\u010dio nuot\u0117kio po\u017eymi\u0173, kurie gali rodyti sandariklio gedim\u0105 arba netinkamas jungtis. Patikrinkite sandariklius ir prireikus juos pakeiskite.<\/li>\n<li><strong>L\u0117tas jud\u0117jimas:<\/strong> Jei cilindras juda l\u0117tai, tai gali rodyti \u017eem\u0105 hidraulinio skys\u010dio lyg\u012f arba u\u017esikim\u0161im\u0105 hidraulin\u0117se linijose. Patikrinkite skys\u010dio lyg\u012f ir pa\u0161alinkite visas kli\u016btis.<\/li>\n<li><strong>Per didelis triuk\u0161mas:<\/strong> Ne\u012fprastas triuk\u0161mas eksploatacijos metu gali rodyti vidinius pa\u017eeidimus arba nepakankam\u0105 tepim\u0105. I\u0161tirkite triuk\u0161mo \u0161altin\u012f ir atlikite visus technin\u0117s prie\u017ei\u016bros darbus.<\/li>\n<\/ul>\n<p>Greitai spr\u0119sdami \u0161ias da\u017enas problemas, operatoriai gali suma\u017einti prastovas ir i\u0161laikyti savo hidraulini\u0173 sistem\u0173 efektyvum\u0105.<\/p>\n<p><img decoding=\"async\" src=\"https:\/\/www.hydraulic-cylinders.net\/wp-content\/uploads\/2025\/04\/songte-bushings-with-all-kinds-of-excavator-models.webp\" alt=\"Hidraulinio cilindro trik\u010di\u0173 \u0161alinimas\" \/><\/p>\n<h2>\u012emon\u0117s ap\u017evalga<\/h2>\n<p>Esame pirmaujantis hidraulini\u0173 cilindr\u0173 gamintojas ir tiek\u0117jas, si\u016blantis plat\u0173 gamini\u0173 asortiment\u0105, atitinkant\u012f tiek vietin\u0117s, tiek tarptautin\u0117s rinkos poreikius. M\u016bs\u0173 \u012fsipareigojimas siekti meistri\u0161kumo skatina mus \u012fgyvendinti rafinuotas gamybos strategijas ir auk\u0161tos kokyb\u0117s gamybos valdymo praktikas. Siekdami padidinti savo gamybos paj\u0117gumus, pasitelkiame kvalifikuotus specialistus, pa\u017eangi\u0105 skaitmenin\u0119 gamybos \u012frang\u0105 ir patikimas bandym\u0173 sistemas.<\/p>\n<p>M\u016bs\u0173 didelis efektyvumas, tikslumas ir kokyb\u0117s standartai leid\u017eia mums patenkinti \u012fvairius klient\u0173 poreikius. Taip pat si\u016blome individualiai pritaikytas paslaugas, u\u017etikrindami, kad m\u016bs\u0173 produktai atitikt\u0173 konkre\u010dius reikalavimus \u012fvairiose srityse. M\u016bs\u0173 aptarnavimas po pardavimo u\u017etikrina, kad klientai gaut\u0173 reikiam\u0105 pagalb\u0105 per vis\u0105 m\u016bs\u0173 produkt\u0173 gyvavimo cikl\u0105.<\/p>\n<p><img decoding=\"async\" src=\"https:\/\/www.hydraulic-cylinders.net\/wp-content\/uploads\/2025\/04\/songte-company-4.webp\" alt=\"\u012emon\u0117s ap\u017evalga\" \/><br \/>\n<img decoding=\"async\" src=\"https:\/\/www.hydraulic-cylinders.net\/wp-content\/uploads\/2025\/04\/songte-company-3.webp\" alt=\"\u012emon\u0117s gamyba\" \/><\/p>\n<p>Autorius: lyl<\/p>","protected":false},"excerpt":{"rendered":"<p>Boom Cylinder For Caterpillar Small Excavator E308E Introduction to Boom Cylinder The Boom Cylinder is a critical component designed specifically for various heavy machinery, particularly in construction and excavation applications. This hydraulic cylinder is responsible for controlling the movement of the excavator&#8217;s boom, allowing it to lift, lower, and tilt. This functionality is essential for [&hellip;]<\/p>","protected":false},"featured_media":17881,"comment_status":"open","ping_status":"closed","template":"","meta":{"_et_pb_use_builder":"","_et_pb_old_content":"","_et_gb_content_width":""},"product_brand":[],"product_cat":[1546],"product_tag":[1547,1496],"class_list":{"0":"post-18939","1":"product","2":"type-product","3":"status-publish","4":"has-post-thumbnail","6":"product_cat-boom-cylinders","7":"product_tag-boom-cylinders","8":"product_tag-hydraulic-cylinders","10":"first","11":"instock","12":"shipping-taxable","13":"product-type-simple"},"amp_enabled":true,"_links":{"self":[{"href":"https:\/\/www.hydraulic-cylinders.net\/lt\/wp-json\/wp\/v2\/product\/18939","targetHints":{"allow":["GET"]}}],"collection":[{"href":"https:\/\/www.hydraulic-cylinders.net\/lt\/wp-json\/wp\/v2\/product"}],"about":[{"href":"https:\/\/www.hydraulic-cylinders.net\/lt\/wp-json\/wp\/v2\/types\/product"}],"replies":[{"embeddable":true,"href":"https:\/\/www.hydraulic-cylinders.net\/lt\/wp-json\/wp\/v2\/comments?post=18939"}],"wp:featuredmedia":[{"embeddable":true,"href":"https:\/\/www.hydraulic-cylinders.net\/lt\/wp-json\/wp\/v2\/media\/17881"}],"wp:attachment":[{"href":"https:\/\/www.hydraulic-cylinders.net\/lt\/wp-json\/wp\/v2\/media?parent=18939"}],"wp:term":[{"taxonomy":"product_brand","embeddable":true,"href":"https:\/\/www.hydraulic-cylinders.net\/lt\/wp-json\/wp\/v2\/product_brand?post=18939"},{"taxonomy":"product_cat","embeddable":true,"href":"https:\/\/www.hydraulic-cylinders.net\/lt\/wp-json\/wp\/v2\/product_cat?post=18939"},{"taxonomy":"product_tag","embeddable":true,"href":"https:\/\/www.hydraulic-cylinders.net\/lt\/wp-json\/wp\/v2\/product_tag?post=18939"}],"curies":[{"name":"wp","href":"https:\/\/api.w.org\/{rel}","templated":true}]}}