{"id":18946,"date":"2025-04-07T06:03:36","date_gmt":"2025-04-07T06:03:36","guid":{"rendered":"https:\/\/www.hydraulic-cylinders.net\/product\/boom-cylinder-for-caterpillar-middle-excavator-e320dlrr\/"},"modified":"2025-04-07T06:03:38","modified_gmt":"2025-04-07T06:03:38","slug":"boom-cylinder-for-caterpillar-middle-excavator-e320dlrr","status":"publish","type":"product","link":"https:\/\/www.hydraulic-cylinders.net\/lt\/produktas\/boom-cylinder-for-caterpillar-middle-excavator-e320dlrr\/","title":{"rendered":"Str\u0117l\u0117s cilindras Caterpillar viduriniam ekskavatoriui E320DLRR"},"content":{"rendered":"<h1>Str\u0117l\u0117s cilindras Caterpillar viduriniam ekskavatoriui E320DLRR<\/h1>\n<h2>Str\u0117l\u0117s cilindro ap\u017evalga<\/h2>\n<p>Str\u0117l\u0117s cilindras yra labai svarbus sunkiosios technikos hidraulini\u0173 sistem\u0173 komponentas, specialiai sukurtas ekskavatoriaus kau\u0161\u0173 jud\u0117jimui valdyti. \u0160io tipo hidraulinis cilindras palengvina kau\u0161o k\u0117lim\u0105, nuleidim\u0105 ir pakreipim\u0105, tod\u0117l jis yra b\u016btinas med\u017eiag\u0173 tvarkymo u\u017eduotims statybose ir kitose pramon\u0117s \u0161akose.<\/p>\n<p>I\u0161 esm\u0117s str\u0117l\u0117s cilindras yra hidraulinis cilindras, u\u017etikrinantis tiksl\u0173 valdym\u0105 ir gali\u0105 toki\u0173 ma\u0161in\u0173 kaip ekskavatoriai, ekskavatoriai ir frontaliniai krautuvai kau\u0161ams. Sklandus \u0161i\u0173 cilindr\u0173 veikimas u\u017etikrina efektyv\u0173 kasim\u0105, pakrovim\u0105 ir med\u017eiag\u0173 transportavim\u0105, taip padidindamas na\u0161um\u0105 darbo vietose.<\/p>\n<p><img decoding=\"async\" src=\"https:\/\/www.hydraulic-cylinders.net\/wp-content\/uploads\/2025\/04\/songte-company-1.webp\" alt=\"Hidraulinis cilindras\" \/><\/p>\n<h2>Str\u0117l\u0117s cilindro savyb\u0117s<\/h2>\n<ul>\n<li><strong>Didelis stiprumas ir ilgaam\u017ei\u0161kumas:<\/strong> Pagaminti i\u0161 didelio stiprumo plieno arba aliuminio, \u0161ie cilindrai gali atlaikyti auk\u0161t\u0105 sl\u0117g\u012f ir dideles apkrovas, tod\u0117l tinkami naudoti at\u0161iauriomis darbo s\u0105lygomis.<\/li>\n<li><strong>Efektyvus hidraulinis valdymas:<\/strong> \u0160ie cilindrai, naudodami hidraulin\u0117s alyvos sl\u0117g\u012f skland\u017eiam i\u0161st\u016bmimui ir \u012ftraukimui, greitai reaguoja \u012f valdymo komandas ir u\u017etikrina galingas st\u016bmimo bei traukimo j\u0117gas, idealiai tinkan\u010dias sunki\u0173 med\u017eiag\u0173 tvarkymui.<\/li>\n<li><strong>\u012evair\u016bs tipai:<\/strong> \u0160ie cilindrai, tiekiami vienpusio veikimo (veikiantys viena kryptimi) arba dvipusio veikimo (veikiantys abiem kryptimis), gali atitikti \u012fvairius eksploatacinius reikalavimus. Kai kurie modeliai yra teleskopin\u0117s konstrukcijos, leid\u017eian\u010dios didesn\u012f i\u0161pl\u0117tim\u0105 nedidinant i\u0161orini\u0173 matmen\u0173, tod\u0117l puikiai tinka naudoti ribotoje erdv\u0117je.<\/li>\n<li><strong>Tinkinimo parinktys:<\/strong> M\u016bs\u0173 gaminiai gali puikiai pakeisti \u012fvairius hidraulinius cilindrus, patenkindami konkre\u010dius projekto poreikius ir na\u0161umo reikalavimus.<\/li>\n<\/ul>\n<p><img decoding=\"async\" src=\"https:\/\/www.hydraulic-cylinders.net\/wp-content\/uploads\/2025\/04\/songte-cylinder-head-with-all-kinds-excavator-models.webp\" alt=\"Ekskavatori\u0173 modeliai\" \/><\/p>\n<h2>Str\u0117l\u0117s cilindro pritaikymas<\/h2>\n<h3>Statybin\u0117 \u012franga<\/h3>\n<p>Ekskavatoriuose str\u0117l\u0117s cilindrai yra gyvybi\u0161kai svarb\u016bs kasant, kraunant ir perkeliant grunt\u0105 ar \u0161iuk\u0161les. Jie leid\u017eia kau\u0161ui prasiskverbti \u012f \u017eem\u0119, tod\u0117l kasimo darbai tampa efektyv\u016bs. Be to, ekskavatoriuose-krautuvuose \u0161ie cilindrai padeda ne tik kasti, bet ir kelti, tod\u0117l jie universal\u016bs ir tinka \u012fvairi\u0173 tip\u0173 ma\u0161inoms.<\/p>\n<h3>\u017dem\u0117s \u016bkio technika<\/h3>\n<p>Priekiniuose krautuvuose str\u0117l\u0117s cilindrai naudojami dirvo\u017eemiui, \u0161ienui ir kitoms med\u017eiagoms semti, kelti ir transportuoti. Tvirta j\u0173 konstrukcija leid\u017eia \u016bkininkams lengvai valdyti sunkius krovinius, taip padidinant produktyvum\u0105 atliekant \u012fvairias \u017eem\u0117s \u016bkio u\u017eduotis.<\/p>\n<h3>Ekskavatoriai<\/h3>\n<p>Kau\u0161o cilindras leid\u017eia ekskavatoriams efektyviai atlikti kasimo veiksmus, nes kau\u0161as lengvai \u012fsiskverbia \u012f dirv\u0105. \u0160i funkcija yra labai svarbi statybos ir \u017eem\u0117s darb\u0173 atlikimo darbams, nes padeda grei\u010diau atlikti didelio masto projektus.<\/p>\n<h3>Krautuvai<\/h3>\n<p>Priekiniuose krautuvuose str\u0117l\u0117s cilindrai atlieka svarb\u0173 vaidmen\u012f efektyviai keliant ir i\u0161kraunant med\u017eiagas. J\u0173 veikimas u\u017etikrina, kad sunkius krovinius b\u016bt\u0173 galima lengvai valdyti, taip suma\u017einant krovimo u\u017eduotims atlikti reikaling\u0105 laik\u0105 ir pastangas.<\/p>\n<h2>Projektavimo aspektai ir atrankos kriterijai<\/h2>\n<h3>Keliamoji galia<\/h3>\n<p>Renkantis str\u0117l\u0117s cilindr\u0105, svarbiausias aspektas yra keliamoji galia. Cilindras turi atlaikyti maksimal\u0173 kau\u0161o ir med\u017eiag\u0173, su kuriomis jis bus tvarkomas, svor\u012f. In\u017einieriai turi apskai\u010diuoti j\u0117gas, reikalingas atliekant \u012fvairias operacijas, kad u\u017etikrint\u0173, jog pasirinktas cilindras gali atlaikyti apkrovas be gedim\u0173.<\/p>\n<h3>Sandarinimo mechanizmai<\/h3>\n<p>Efektyvus sandarinimas yra b\u016btinas hidrauliniams cilindrams, siekiant i\u0161vengti skys\u010di\u0173 nuot\u0117kio ir palaikyti sl\u0117g\u012f. Renkantis sandariklius, tokius kaip st\u016bmokli\u0173 ir kot\u0173 sandarikliai, reik\u0117t\u0173 atsi\u017evelgti \u012f tokius veiksnius kaip darbin\u0117 temperat\u016bra, sl\u0117gis ir skys\u010di\u0173 suderinamumas. Tinkamas sandarinimas pagerina cilindro na\u0161um\u0105 ir ilgaam\u017ei\u0161kum\u0105.<\/p>\n<h3>Patvarumas ir prie\u017ei\u016bra<\/h3>\n<p>Hidrauliniams cilindrams, veikiamiems at\u0161iauriomis s\u0105lygomis, labai svarbus ilgaam\u017ei\u0161kumas. Med\u017eiagos turi b\u016bti atsparios dilimui ir korozijai. Reguliari prie\u017ei\u016bra, pvz., ap\u017ei\u016bra ir tepimas, yra b\u016btina siekiant u\u017etikrinti, kad cilindras i\u0161likt\u0173 optimalios b\u016bkl\u0117s ir patikimai veikt\u0173 ilg\u0105 laik\u0105.<\/p>\n<h3>Saugos funkcijos<\/h3>\n<p>Saugos aspektai apima gedim\u0173 prevencijos \u012ftais\u0173 ir sl\u0117gio ma\u017einimo vo\u017etuv\u0173 \u012fdiegim\u0105, siekiant apsaugoti nuo perkrovos. Gamintojai turi suprojektuoti balionus su staigi\u0173 gedim\u0173 atvejomis, kad b\u016bt\u0173 i\u0161vengta nelaiming\u0173 atsitikim\u0173 eksploatacijos metu, u\u017etikrinant tiek operatori\u0173, tiek \u012frangos saugum\u0105.<\/p>\n<p><img decoding=\"async\" src=\"https:\/\/www.hydraulic-cylinders.net\/wp-content\/uploads\/2025\/04\/songte-oil-pipes-and-spare-parts.webp\" alt=\"Naftos vamzd\u017eiai ir atsargin\u0117s dalys\" \/><\/p>\n<h2>Sandarinimas ir tepimas<\/h2>\n<p>Tinkamas sandarinimas ir tepimas yra labai svarb\u016bs hidraulini\u0173 cilindr\u0173 veikimui. \u012evair\u016bs sandarikliai, pavyzd\u017eiui, st\u016bmokli\u0173 ir kot\u0173 sandarikliai, paprastai gaminami i\u0161 atspari\u0173 dilimui med\u017eiag\u0173, toki\u0173 kaip poliuretanas ir nitrilo kau\u010diukas, u\u017etikrinant ilgaam\u017ei\u0161kum\u0105 ir patikimum\u0105. Cilindro korpuso ir sriegini\u0173 gal\u0173 pavir\u0161iai yra tiksliai apdirbami, siekiant padidinti atsparum\u0105 dilimui. Norint u\u017etikrinti skland\u0173 sistemos veikim\u0105 ir i\u0161vengti dilimo, b\u016btina reguliariai tepti hidrauline alyva.<\/p>\n<h2>Reguliar\u016bs patikrinimai ir prevencin\u0117 prie\u017ei\u016bra<\/h2>\n<ul>\n<li><strong>\u012eprastiniai patikrinimai:<\/strong> Reguliar\u016bs nuot\u0117ki\u0173, susid\u0117v\u0117jimo ir pa\u017eeidim\u0173 patikrinimai padeda nustatyti galimas problemas, kol jos dar nepa\u016bm\u0117jo, ir u\u017etikrina efektyv\u0173 cilindro veikim\u0105.<\/li>\n<li><strong>Tepimo prie\u017ei\u016bra:<\/strong> Tinkamas tepimas yra b\u016btinas; operatoriai tur\u0117t\u0173 laikytis gamintojo nurodym\u0173 d\u0117l alyvos tip\u0173 ir keitimo interval\u0173, kad i\u0161laikyt\u0173 optimal\u0173 na\u0161um\u0105.<\/li>\n<li><strong>Sandariklio keitimas:<\/strong> Tarpikliai tur\u0117t\u0173 b\u016bti patikrinti ir prireikus pakeisti, kad b\u016bt\u0173 i\u0161vengta hidraulinio skys\u010dio nuot\u0117kio, i\u0161laikant sistemos vientisum\u0105 ir veikim\u0105.<\/li>\n<\/ul>\n<h2>\u012erengimo gair\u0117s<\/h2>\n<p>Tinkamas montavimas yra labai svarbus efektyviam str\u0117l\u0117s cilindro veikimui. Pirmiausia \u012fsitikinkite, kad tvirtinimo pavir\u0161iai yra \u0161var\u016bs ir be \u0161iuk\u0161li\u0173. Tiksliai sulygiuokite cilindr\u0105 su tvirtinimo ta\u0161kais, kad i\u0161vengtum\u0117te nesuderinamumo problem\u0173, kurios gali sukelti prie\u0161laikin\u012f susid\u0117v\u0117jim\u0105. Patartina naudoti tinkamus tvirtinimo laikiklius, kad cilindras b\u016bt\u0173 tvirtai pritvirtintas. Laikykit\u0117s gamintojo montavimo gairi\u0173 ir sukimo momento specifikacij\u0173, kad \u012fsitikintum\u0117te, jog visos jungtys yra tvirtai pritvirtintos. \u012edieg\u0119 atlikite i\u0161sam\u0173 patikrinim\u0105, kad \u012fsitikintum\u0117te, jog visi komponentai veikia taip, kaip numatyta, ir prad\u0117kite bandom\u0105j\u012f paleidim\u0105, kad patvirtintum\u0117te veikimo vientisum\u0105.<\/p>\n<h2>\u012eprastos prie\u017ei\u016bros u\u017eduotys<\/h2>\n<ul>\n<li><strong>Reguliar\u016bs patikrinimai:<\/strong> Reguliariai tikrinkite, ar n\u0117ra nusid\u0117v\u0117jimo, kad u\u017etikrintum\u0117te saugum\u0105 ir funkcionalum\u0105.<\/li>\n<li><strong>Tinkamas tepimas:<\/strong> \u012esitikinkite, kad hidraulin\u0117s alyvos lygis papildomas pagal poreik\u012f, naudojant gamintojo rekomenduojam\u0105 tinkamo tipo alyv\u0105.<\/li>\n<li><strong>Sandariklio keitimas:<\/strong> Steb\u0117kite sandarikli\u0173 b\u016bkl\u0119 ir pakeiskite juos, kad i\u0161vengtum\u0117te nuot\u0117kio ir i\u0161laikytum\u0117te na\u0161um\u0105.<\/li>\n<\/ul>\n<h2>Saugos aspektai ir aplinkos veiksniai<\/h2>\n<p>Naudojant hidraulinius cilindrus, svarbiausia u\u017etikrinti saug\u0105. Operatoriai tur\u0117t\u0173 b\u016bti apmokyti suprasti su hidraulin\u0117mis sistemomis susijusi\u0105 rizik\u0105. Tinkamos saugos priemon\u0117s, pavyzd\u017eiui, apsaugini\u0173 priemoni\u0173 d\u0117v\u0117jimas ir eksploatavimo protokol\u0173 laikymasis, yra b\u016btinos siekiant i\u0161vengti nelaiming\u0173 atsitikim\u0173. Be to, reikia laikytis aplinkosaugos reikalavim\u0173, pavyzd\u017eiui, tinkamo hidraulini\u0173 skys\u010di\u0173 ir med\u017eiag\u0173 utilizavimo, siekiant apsaugoti tiek darbuotojus, tiek aplink\u0105.<\/p>\n<h2>Trik\u010di\u0173 \u0161alinimas ir da\u017eniausiai pasitaikan\u010dios problemos<\/h2>\n<ul>\n<li><strong>Skys\u010di\u0173 nuot\u0117kiai:<\/strong> Patikrinkite, ar sandarikliai ir jungiamosios detal\u0117s n\u0117ra susid\u0117v\u0117j\u0119 ir nepa\u017eeisti. Susid\u0117v\u0117j\u0119 sandarikliai da\u017enai sukelia nuot\u0117k\u012f, tod\u0117l juos reikia pakeisti.<\/li>\n<li><strong>Prastas na\u0161umas:<\/strong> Patikrinkite skys\u010dio lyg\u012f ir kokyb\u0119; ma\u017eas arba u\u017eter\u0161tas alyvos kiekis gali trukdyti cilindro veikimui. U\u017etikrinkite tinkam\u0105 hidraulinio skys\u010dio prie\u017ei\u016br\u0105.<\/li>\n<li><strong>Perkaitimas:<\/strong> Steb\u0117kite darbin\u0119 temperat\u016br\u0105; perkaitimas gali rodyti per didel\u0119 apkrov\u0105 arba nepakankam\u0105 tepim\u0105, tod\u0117l reikia nedelsiant atkreipti d\u0117mes\u012f.<\/li>\n<\/ul>\n<h2>Diagnoz\u0117 ir prevencin\u0117s priemon\u0117s<\/h2>\n<p>Siekiant suma\u017einti galimas problemas, labai svarbu i\u0161 anksto \u012fgyvendinti prevencines priemones. Reguliariai atliekama planin\u0117 prie\u017ei\u016bra, \u012fskaitant patikrinimus ir tepim\u0105, pad\u0117s anksti nustatyti problemas. Operatori\u0173 mokymas atpa\u017einti gedim\u0173 simptomus gali \u017eymiai suma\u017einti prastovas ir prie\u017ei\u016bros i\u0161laidas, u\u017etikrinant efektyv\u0173 hidraulin\u0117s sistemos veikim\u0105.<\/p>\n<p><img decoding=\"async\" src=\"https:\/\/www.hydraulic-cylinders.net\/wp-content\/uploads\/2025\/04\/songte-bushings-with-all-kinds-of-excavator-models.webp\" alt=\"Ekskavatoriaus \u012fvor\u0117s\" \/><\/p>\n<h2>\u012emon\u0117s pristatymas<\/h2>\n<p>Esame pirmaujantis pakaitini\u0173 hidraulini\u0173 cilindr\u0173 gamintojas, siekiantis tiekti plat\u0173 gamini\u0173 asortiment\u0105. M\u016bs\u0173 \u012fsipareigojimas siekti meistri\u0161kumo leido mums tapti \u017eymiu \u017eaid\u0117ju tiek vidaus, tiek tarptautin\u0117se rinkose. Orientuojam\u0117s \u012f auk\u0161\u010diausi\u0105 kokyb\u0119 ir taikome pa\u017eangias gamybos valdymo strategijas. Pasitelkdami kvalifikuotus techninius darbuotojus, auk\u0161\u010diausios klas\u0117s skaitmenin\u0119 gamybos \u012frang\u0105 ir profesionalias testavimo sistemas, nuolat tobuliname savo gamybos paj\u0117gumus. D\u0117mesys efektyvumui, tikslumui ir kokybei u\u017etikrina, kad patenkiname \u012fvairius klient\u0173 poreikius, si\u016blydami i\u0161skirtinius produktus.<\/p>\n<p>M\u016bs\u0173 \u012fmon\u0117 i\u0161siskiria profesionalumu, tarptautiniais sertifikatais ir individualiu aptarnavimu. Naudojame pa\u017eangi\u0105 gamybos \u012frang\u0105 ir teikiame i\u0161skirtin\u012f aptarnavim\u0105 po pardavimo, u\u017etikrindami klient\u0173 pasitenkinim\u0105 kiekviename etape.<\/p>\n<p><img decoding=\"async\" src=\"https:\/\/www.hydraulic-cylinders.net\/wp-content\/uploads\/2025\/04\/songte-company-4.webp\" alt=\"\u012emon\u0117s paveiksl\u0117lis 1\" \/><br \/>\n<img decoding=\"async\" src=\"https:\/\/www.hydraulic-cylinders.net\/wp-content\/uploads\/2025\/04\/songte-company-3.webp\" alt=\"\u012emon\u0117s paveiksl\u0117lis 2\" \/><\/p>\n<p>Autorius: lyl<\/p>","protected":false},"excerpt":{"rendered":"<p>Boom Cylinder For Caterpillar Middle Excavator E320DLRR Overview of Boom Cylinder The Boom Cylinder is a crucial component in the hydraulic systems of heavy machinery, specifically designed for controlling the movement of excavator buckets. This type of hydraulic cylinder facilitates the lifting, lowering, and tilting of the bucket, making it essential for material handling tasks [&hellip;]<\/p>","protected":false},"featured_media":17873,"comment_status":"open","ping_status":"closed","template":"","meta":{"_et_pb_use_builder":"","_et_pb_old_content":"","_et_gb_content_width":""},"product_brand":[],"product_cat":[1546],"product_tag":[1547,1496],"class_list":{"0":"post-18946","1":"product","2":"type-product","3":"status-publish","4":"has-post-thumbnail","6":"product_cat-boom-cylinders","7":"product_tag-boom-cylinders","8":"product_tag-hydraulic-cylinders","10":"first","11":"instock","12":"shipping-taxable","13":"product-type-simple"},"amp_enabled":true,"_links":{"self":[{"href":"https:\/\/www.hydraulic-cylinders.net\/lt\/wp-json\/wp\/v2\/product\/18946","targetHints":{"allow":["GET"]}}],"collection":[{"href":"https:\/\/www.hydraulic-cylinders.net\/lt\/wp-json\/wp\/v2\/product"}],"about":[{"href":"https:\/\/www.hydraulic-cylinders.net\/lt\/wp-json\/wp\/v2\/types\/product"}],"replies":[{"embeddable":true,"href":"https:\/\/www.hydraulic-cylinders.net\/lt\/wp-json\/wp\/v2\/comments?post=18946"}],"wp:featuredmedia":[{"embeddable":true,"href":"https:\/\/www.hydraulic-cylinders.net\/lt\/wp-json\/wp\/v2\/media\/17873"}],"wp:attachment":[{"href":"https:\/\/www.hydraulic-cylinders.net\/lt\/wp-json\/wp\/v2\/media?parent=18946"}],"wp:term":[{"taxonomy":"product_brand","embeddable":true,"href":"https:\/\/www.hydraulic-cylinders.net\/lt\/wp-json\/wp\/v2\/product_brand?post=18946"},{"taxonomy":"product_cat","embeddable":true,"href":"https:\/\/www.hydraulic-cylinders.net\/lt\/wp-json\/wp\/v2\/product_cat?post=18946"},{"taxonomy":"product_tag","embeddable":true,"href":"https:\/\/www.hydraulic-cylinders.net\/lt\/wp-json\/wp\/v2\/product_tag?post=18946"}],"curies":[{"name":"wp","href":"https:\/\/api.w.org\/{rel}","templated":true}]}}