{"id":18952,"date":"2025-04-07T06:03:52","date_gmt":"2025-04-07T06:03:52","guid":{"rendered":"https:\/\/www.hydraulic-cylinders.net\/product\/boom-cylinder-for-caterpillar-middle-excavator-e325bl325c\/"},"modified":"2025-04-07T06:03:54","modified_gmt":"2025-04-07T06:03:54","slug":"boom-cylinder-for-caterpillar-middle-excavator-e325bl325c","status":"publish","type":"product","link":"https:\/\/www.hydraulic-cylinders.net\/lt\/produktas\/boom-cylinder-for-caterpillar-middle-excavator-e325bl325c\/","title":{"rendered":"Str\u0117l\u0117s cilindras Caterpillar viduriniam ekskavatoriui E325BL325C"},"content":{"rendered":"<h1>Str\u0117l\u0117s cilindras Caterpillar viduriniam ekskavatoriui E325BL325C<\/h1>\n<h2>\u012evadas \u012f str\u0117l\u0117s cilindr\u0105<\/h2>\n<p>Str\u0117l\u0117s cilindras yra gyvybi\u0161kai svarbus hidraulini\u0173 sistem\u0173 komponentas, specialiai sukurtas sunkiosioms ma\u0161inoms. Jis valdo kau\u0161o jud\u0117jim\u0105 ekskavatoriuose, ekskavatoriniuose krautuvuose ir frontaliniuose krautuvuose. Pagrindin\u0117 cilindro funkcija yra palengvinti kau\u0161o k\u0117lim\u0105, nuleidim\u0105 ir pakreipim\u0105, tod\u0117l med\u017eiag\u0173 tvarkymo u\u017eduotys tampa efektyvios ir veiksmingos. \u0160is hidraulinis cilindras veikia paversdamas hidraulin\u012f sl\u0117g\u012f mechaniniu judesiu, leisdamas operatoriams tiksliai valdyti sunkius krovinius.<\/p>\n<p><img decoding=\"async\" src=\"https:\/\/www.hydraulic-cylinders.net\/wp-content\/uploads\/2025\/04\/songte-company-1.webp\" alt=\"Str\u0117l\u0117s cilindras\" \/><\/p>\n<h3>Pagrindin\u0117s str\u0117l\u0117s cilindro savyb\u0117s<\/h3>\n<ul>\n<li><strong>Didelis stiprumas ir ilgaam\u017ei\u0161kumas:<\/strong> Pagaminti i\u0161 didelio stiprumo plieno arba aliuminio, \u0161ie cilindrai gali atlaikyti auk\u0161t\u0105 sl\u0117g\u012f ir dideles apkrovas, tod\u0117l tinkami naudoti at\u0161iauriomis darbo s\u0105lygomis.<\/li>\n<li><strong>Efektyvus hidraulinis valdymas:<\/strong> Jie naudoja hidraulin\u0117s alyvos sl\u0117g\u012f, kad u\u017etikrint\u0173 skland\u0173 i\u0161st\u016bmim\u0105 ir \u012ftraukim\u0105, greitai reaguodami \u012f operatoriaus komandas ir tuo pa\u010diu u\u017etikrindami didel\u0119 st\u016bmimo bei traukimo j\u0117g\u0105.<\/li>\n<li><strong>Tip\u0173 \u012fvairov\u0117:<\/strong> Galima rinktis vienpusio arba dvipusio veikimo variantus, tod\u0117l vartotojai gali rinktis pagal eksploatacinius poreikius. Kai kurie modeliai yra teleskopiniai, tod\u0117l yra ilgesni, nepadidinant i\u0161orini\u0173 matmen\u0173.<\/li>\n<li><strong>Individuali gamyba:<\/strong> M\u016bs\u0173 gamybos paj\u0117gumai u\u017etikrina, kad galime sukurti cilindrus, kurie puikiai pakei\u010dia esamus hidraulinius komponentus, padidindami suderinamum\u0105 su \u012fvairia technika.<\/li>\n<li><strong>Atsparumas korozijai:<\/strong> Sukurtas i\u0161 med\u017eiag\u0173, kurios atsparios dilimui ir korozijai, prailgindamos cilindro tarnavimo laik\u0105 ir i\u0161laikant na\u0161um\u0105 sud\u0117tingomis s\u0105lygomis.<\/li>\n<\/ul>\n<p><img decoding=\"async\" src=\"https:\/\/www.hydraulic-cylinders.net\/wp-content\/uploads\/2025\/04\/songte-cylinder-head-with-all-kinds-excavator-models.webp\" alt=\"Ekskavatoriaus modelis\" \/><\/p>\n<h2>Str\u0117l\u0117s cilindro pritaikymas<\/h2>\n<h3>Statybin\u0117 \u012franga<\/h3>\n<p>Statybose str\u0117l\u0117s cilindrai yra neatsiejama ekskavatori\u0173 dalis, palengvinanti kasim\u0105, pakrovim\u0105 ir dirvo\u017eemio ar \u0161iuk\u0161li\u0173 transportavim\u0105. Efektyvus kau\u0161o cilindro veikimas leid\u017eia atlikti greitus ir tikslius judesius, o tai labai svarbu statyb\u0173 aplinkoje, kur laikas ir tikslumas yra labai svarb\u016bs. Be to, ekskavatoriuose-krautuvuose str\u0117l\u0117s cilindras padeda tiek kasti, tiek kelti, tod\u0117l tai universalus komponentas \u012fvairioms u\u017eduotims atlikti.<\/p>\n<h3>\u017dem\u0117s \u016bkio technika<\/h3>\n<p>Priekiniai krautuvai su str\u0117l\u0117s cilindrais yra labai svarb\u016bs atliekant \u017eem\u0117s \u016bkio darbus, tokius kaip dirvo\u017eemio, \u0161ieno ir kit\u0173 med\u017eiag\u0173 kasimas, k\u0117limas ir transportavimas. Galimyb\u0117 manevruoti kau\u0161\u0105 efektyviai padidina na\u0161um\u0105 \u016bkiuose, nes operatoriai gali greitai pakrauti ir i\u0161krauti med\u017eiagas, u\u017etikrindami efektyv\u0173 darbo eig\u0105 s\u0117jos ir derliaus nu\u0117mimo sezonais.<\/p>\n<h3>Ekskavatoriai<\/h3>\n<p>Ekskavatoriai naudoja str\u0117l\u0117s cilindrus, kad efektyviai \u012fsiskverbt\u0173 \u012f dirv\u0105 atliekant kasimo darbus. Hidraulinis veikimas leid\u017eia kau\u0161ui giliai \u012fsikasti \u012f \u017eem\u0119, tod\u0117l lengviau perkelti \u017eem\u0119 ir paruo\u0161ti viet\u0105. \u0160i galimyb\u0117 yra gyvybi\u0161kai svarbi statybos, kra\u0161tovaizd\u017eio tvarkymo ir kasybos projektuose, kur reikalingas tikslus kasimas.<\/p>\n<h3>Krautuvai<\/h3>\n<p>Priekiniuose krautuvuose str\u0117l\u0117s cilindrai yra b\u016btini efektyviam krovini\u0173 k\u0117limui ir i\u0161vertimui. Jie leid\u017eia operatoriams pakelti sunkias med\u017eiagas ir tiksliai jas pad\u0117ti ten, kur reikia, taip padidinant bendr\u0105 veiklos efektyvum\u0105 ir suma\u017einant rankin\u012f med\u017eiag\u0173 tvarkym\u0105.<\/p>\n<h2>Projektavimo aspektai ir atrankos kriterijai<\/h2>\n<h3>Keliamoji galia<\/h3>\n<p>Renkantis str\u0117l\u0117s cilindr\u0105, labai svarbu suprasti keliam\u0105j\u0105 gali\u0105. Cilindras turi atlaikyti maksimal\u0173 svor\u012f, kuris jam bus taikomas eksploatacijos metu. Gamintojai da\u017enai pateikia i\u0161samias specifikacijas d\u0117l apkrovos rib\u0173, u\u017etikrindami, kad naudotojai gal\u0117t\u0173 pasirinkti tinkam\u0105 cilindr\u0105 savo technikai.<\/p>\n<h3>Sandarinimo efektyvumas<\/h3>\n<p>Efektyvus sandarinimas yra b\u016btinas hidraulini\u0173 cilindr\u0173 ilgaam\u017ei\u0161kumui. Jis apsaugo nuo hidraulinio skys\u010dio nuot\u0117kio, kuris gali sukelti na\u0161umo problem\u0173 ir pavoj\u0173 aplinkai. Auk\u0161tos kokyb\u0117s sandarikliai, pagaminti i\u0161 patvari\u0173 med\u017eiag\u0173, yra labai svarb\u016bs norint palaikyti sl\u0117g\u012f cilindre. Patartina reguliariai tikrinti sandariklio vientisum\u0105, kad b\u016bt\u0173 i\u0161vengta brangaus remonto.<\/p>\n<h3>Patvarumas<\/h3>\n<p>Str\u0117l\u0117s cilindro patvarum\u0105 lemia jo konstrukcijoje naudojamos med\u017eiagos ir konstrukcin\u0117s savyb\u0117s. Auk\u0161tos kokyb\u0117s plienas arba aliuminis kartu su apsaugin\u0117mis dangomis padidina atsparum\u0105 dilimui ir pailgina cilindro tarnavimo laik\u0105. Operatoriai tur\u0117t\u0173 \u012fvertinti darbo aplink\u0105, kad \u012fsitikint\u0173, jog pasirinktas cilindras atlaikys atitinkamas s\u0105lygas.<\/p>\n<h3>Saugos funkcijos<\/h3>\n<p>Projektuojant str\u0117l\u0117s cilindrus, saugos aspektai yra nepaprastai svarb\u016bs. Tokios savyb\u0117s kaip sl\u0117gio ma\u017einimo vo\u017etuvai padeda i\u0161vengti perkrov\u0173, kurios gali sukelti katastrofi\u0161kus gedimus. \u0160i\u0173 saugos mechanizm\u0173 supratimas leid\u017eia operatoriams u\u017etikrintai naudoti ma\u0161inas, \u017einant, kad gedimo rizika yra suma\u017einta iki minimumo.<\/p>\n<h3>Prieinamumas prie prie\u017ei\u016bros<\/h3>\n<p>Labai svarbu suprojektuoti cilindr\u0105 taip, kad j\u012f b\u016bt\u0173 lengva pri\u017ei\u016br\u0117ti. Prieinamos dalys leid\u017eia atlikti \u012fprastinius patikrinimus ir remont\u0105 su minimaliu prastovos laiku. Operatoriai tur\u0117t\u0173 ie\u0161koti cilindr\u0173, prie kuri\u0173 b\u016bt\u0173 lengva prieiti prie sandarikli\u0173, tepimo ta\u0161k\u0173 ir kit\u0173 svarbi\u0173 komponent\u0173.<\/p>\n<p><img decoding=\"async\" src=\"https:\/\/www.hydraulic-cylinders.net\/wp-content\/uploads\/2025\/04\/songte-oil-pipes-and-spare-parts.webp\" alt=\"Hidraulin\u0117s dalys\" \/><\/p>\n<h2>Cilindro sandarinimas ir tepimas<\/h2>\n<p>Efektyvus sandarinimas ir tepimas yra labai svarb\u016bs str\u0117l\u0117s cilindro veikimui. Hidraulinio skys\u010dio nuot\u0117kiui i\u0161vengti naudojami \u012fvair\u016bs sandarikliai, \u012fskaitant st\u016bmokli\u0173 ir stryp\u0173 sandariklius. Sandarikliai, pagaminti i\u0161 toki\u0173 med\u017eiag\u0173 kaip poliuretanas ir nitrilo kau\u010diukas, parenkami d\u0117l j\u0173 atsparumo dilimui ir ilgaam\u017ei\u0161kumo.<\/p>\n<p>Tikslus cilindro korpuso ir sriegini\u0173 gal\u0173 apdirbimas pagerina atsparum\u0105 dilimui ir sandarinimo efektyvum\u0105. Norint u\u017etikrinti skland\u0173 veikim\u0105 ir i\u0161vengti trinties sukelt\u0173 pa\u017eeidim\u0173, kurie gali lemti prie\u0161laikin\u012f cilindro gedim\u0105, b\u016btina reguliariai tepti tinkama hidrauline alyva.<\/p>\n<h2>Prevencin\u0117s prie\u017ei\u016bros priemon\u0117s<\/h2>\n<ul>\n<li><strong>Reguliar\u016bs patikrinimai:<\/strong> Reguliariai patikrinkite, ar n\u0117ra sandarikli\u0173, stryp\u0173 ir cilindro korpuso susid\u0117v\u0117jimo ar pa\u017eeidim\u0173 po\u017eymi\u0173. Ankstyvas problem\u0173 nustatymas gali pad\u0117ti i\u0161vengti brangaus remonto.<\/li>\n<li><strong>Greitas tepimas:<\/strong> U\u017etikrinkite, kad hidraulin\u0117s alyvos lygis b\u016bt\u0173 palaikomas, ir sutepkite cilindr\u0105 pagal gamintojo nurodymus, kad jis veikt\u0173 skland\u017eiai.<\/li>\n<li><strong>Sandariklio keitimas:<\/strong> Reguliariai keiskite tarpiklius pagal susid\u0117v\u0117jim\u0105 ir naudojimo lyg\u012f, kad i\u0161laikytum\u0117te cilindro vientisum\u0105 ir i\u0161vengtum\u0117te nuot\u0117ki\u0173.<\/li>\n<\/ul>\n<h2>\u012erengimo gair\u0117s<\/h2>\n<p>Tinkamas str\u0117l\u0117s cilindro montavimas yra labai svarbus jo veikimui ir ilgaam\u017ei\u0161kumui. Pirmiausia \u012fsitikinkite, kad tvirtinimo ta\u0161kai yra \u0161var\u016bs ir be \u0161iuk\u0161li\u0173. Tinkamai sulygiuokite cilindr\u0105 su ma\u0161ina ir kau\u0161u, kad i\u0161vengtum\u0117te per didelio komponent\u0173 \u012ftempimo. Naudojant tinkamus tvirtinimo laikiklius cilindrui pritvirtinti, galima i\u0161vengti jud\u0117jimo eksploatacijos metu.<\/p>\n<p>\u012erengus patikrinkite, ar hidraulin\u0117s jungtys yra tvirtos ir nepralaid\u017eios. \u012erengus sistem\u0105, prie\u0161 pradedant j\u0105 pilnai eksploatuoti, patartina j\u0105 paleisti \u017eemu sl\u0117giu, kad b\u016bt\u0173 patikrintas jos veikimas. Susipa\u017einkite su cilindro reguliavimo mechanizmais, kad u\u017etikrintum\u0117te optimal\u0173 veikim\u0105 naudojimo metu.<\/p>\n<h2>\u012eprastos prie\u017ei\u016bros u\u017eduotys<\/h2>\n<ul>\n<li><strong>Reguliar\u016bs patikrinimai:<\/strong> Reguliariai tikrinkite, ar n\u0117ra susid\u0117v\u0117jimo ar pa\u017eeidim\u0173. Tai apima sandarikli\u0173, stryp\u0173 ir bendro cilindro vientisumo patikrinim\u0105.<\/li>\n<li><strong>Tinkamas tepimas:<\/strong> Palaikykite tinkam\u0105 hidraulin\u0117s alyvos lyg\u012f ir sutepkite komponentus pagal gamintojo rekomendacijas, kad u\u017etikrintum\u0117te efektyv\u0173 veikim\u0105.<\/li>\n<li><strong>Sandariklio keitimas:<\/strong> Nustatykite sandarikli\u0173 tikrinimo ir keitimo tvark\u0105, kad i\u0161vengtum\u0117te nuot\u0117ki\u0173 ir palaikytum\u0117te sistemos sl\u0117g\u012f, u\u017etikrindami efektyv\u0173 baliono veikim\u0105.<\/li>\n<\/ul>\n<h2>Saugos aspektai ir aplinkos veiksniai<\/h2>\n<p>Dirbant su hidrauliniais cilindrais, labai svarbu \u012fgyvendinti saugos priemones. Operatoriai tur\u0117t\u0173 d\u0117v\u0117ti tinkamas asmenines apsaugos priemones (AAP) ir u\u017etikrinti, kad ma\u0161inos b\u016bt\u0173 eksploatuojamos nevir\u0161ijant nustatyt\u0173 rib\u0173. Reikia atsi\u017evelgti \u012f aplinkosaugos aspektus, tokius kaip galimi hidraulini\u0173 skys\u010di\u0173 i\u0161siliejimai, pabr\u0117\u017eiant nuot\u0117ki\u0173 prevencijos ir tinkam\u0173 hidraulini\u0173 skys\u010di\u0173 \u0161alinimo b\u016bd\u0173 svarb\u0105.<\/p>\n<h2>Trik\u010di\u0173 \u0161alinimas ir da\u017eniausiai pasitaikan\u010dios problemos<\/h2>\n<ul>\n<li><strong>Nuot\u0117kis:<\/strong> Jei pasteb\u0117jote hidraulinio skys\u010dio nuot\u0117kio po\u017eymi\u0173, patikrinkite, ar sandarikliai ir jungtys n\u0117ra pa\u017eeisti ar susid\u0117v\u0117j\u0119. Sandarikli\u0173 pakeitimas arba jung\u010di\u0173 priver\u017eimas da\u017enai gali i\u0161spr\u0119sti problem\u0105.<\/li>\n<li><strong>Prastas na\u0161umas:<\/strong> Jei cilindras nereaguoja taip, kaip tik\u0117tasi, patikrinkite hidraulinio skys\u010dio lyg\u012f ir \u012fsitikinkite, kad hidraulin\u0117se linijose n\u0117ra u\u017esikim\u0161im\u0173.<\/li>\n<li><strong>Per didelis triuk\u0161mas:<\/strong> Ne\u012fprasti garsai eksploatacijos metu gali rodyti vidin\u012f susid\u0117v\u0117jim\u0105 arba sugedus\u012f komponent\u0105. Reguliarus techninis aptarnavimas ir patikros gali pad\u0117ti nustatyti galimas problemas, kol jos dar nepa\u016bm\u0117jo.<\/li>\n<\/ul>\n<p>\u012ediegus prevencines priemones ir greitai sprend\u017eiant problemas, galima suma\u017einti prastovas ir pailginti str\u0117l\u0117s cilindro tarnavimo laik\u0105.<\/p>\n<p><img decoding=\"async\" src=\"https:\/\/www.hydraulic-cylinders.net\/wp-content\/uploads\/2025\/04\/songte-bushings-with-all-kinds-of-excavator-models.webp\" alt=\"Ekskavatoriaus \u012fvor\u0117s\" \/><\/p>\n<h2>\u012emon\u0117s ap\u017evalga<\/h2>\n<p>Esame pirmaujanti alternatyvi\u0173 hidraulini\u0173 cilindr\u0173 gamintoja ir didmeninink\u0117, si\u016blanti plat\u0173 gamini\u0173 asortiment\u0105, kuris leid\u017eia mums u\u017eimti lyder\u0117s pozicijas tiek vidaus, tiek tarptautin\u0117se rinkose. M\u016bs\u0173 \u012fsipareigojim\u0105 siekti meistri\u0161kumo palaiko rafinuota gamybos valdymo strategija, u\u017etikrinanti auk\u0161t\u0105 gamybos kokyb\u0119. Siekdami padidinti savo gamybos paj\u0117gumus, naudojame pa\u017eangias technologijas, kvalifikuotus darbuotojus ir i\u0161sami\u0105 kokyb\u0117s kontrol\u0117s sistem\u0105.<\/p>\n<p>M\u016bs\u0173 specializacija nestandartini\u0173 hidraulini\u0173 sprendim\u0173 srityje leid\u017eia mums efektyviai patenkinti \u012fvairius klient\u0173 poreikius. Tarptautiniai sertifikatai patvirtina m\u016bs\u0173 atitikt\u012f pasauliniams standartams, o atsidavimas garantiniam aptarnavimui u\u017etikrina klient\u0173 pasitenkinim\u0105. Nuolat investuojame \u012f auk\u0161\u010diausios klas\u0117s gamybos \u012frang\u0105 ir novatori\u0161kus procesus, kad savo klientams gal\u0117tume pasi\u016blyti efektyvius, tikslius ir auk\u0161tos kokyb\u0117s hidraulinius gaminius, pritaikytus j\u0173 poreikiams.<\/p>\n<p><img decoding=\"async\" src=\"https:\/\/www.hydraulic-cylinders.net\/wp-content\/uploads\/2025\/04\/songte-company-4.webp\" alt=\"\u012emon\u0117s gamyba\" \/><br \/>\n<img decoding=\"async\" src=\"https:\/\/www.hydraulic-cylinders.net\/wp-content\/uploads\/2025\/04\/songte-company-3.webp\" alt=\"\u012emon\u0117s patalpos\" \/><\/p>\n<p>Autorius: lyl<\/p>","protected":false},"excerpt":{"rendered":"<p>Boom Cylinder For Caterpillar Middle Excavator E325BL325C Introduction to Boom Cylinder The boom cylinder is a vital component in hydraulic systems, specifically designed for heavy machinery. It controls the movement of the bucket in excavators, backhoe loaders, and front-end loaders. The cylinder&#8217;s primary function is to facilitate the lifting, lowering, and tilting of the bucket, [&hellip;]<\/p>","protected":false},"featured_media":17879,"comment_status":"open","ping_status":"closed","template":"","meta":{"_et_pb_use_builder":"","_et_pb_old_content":"","_et_gb_content_width":""},"product_brand":[],"product_cat":[1546],"product_tag":[1547,1496],"class_list":{"0":"post-18952","1":"product","2":"type-product","3":"status-publish","4":"has-post-thumbnail","6":"product_cat-boom-cylinders","7":"product_tag-boom-cylinders","8":"product_tag-hydraulic-cylinders","10":"first","11":"instock","12":"shipping-taxable","13":"product-type-simple"},"amp_enabled":true,"_links":{"self":[{"href":"https:\/\/www.hydraulic-cylinders.net\/lt\/wp-json\/wp\/v2\/product\/18952","targetHints":{"allow":["GET"]}}],"collection":[{"href":"https:\/\/www.hydraulic-cylinders.net\/lt\/wp-json\/wp\/v2\/product"}],"about":[{"href":"https:\/\/www.hydraulic-cylinders.net\/lt\/wp-json\/wp\/v2\/types\/product"}],"replies":[{"embeddable":true,"href":"https:\/\/www.hydraulic-cylinders.net\/lt\/wp-json\/wp\/v2\/comments?post=18952"}],"wp:featuredmedia":[{"embeddable":true,"href":"https:\/\/www.hydraulic-cylinders.net\/lt\/wp-json\/wp\/v2\/media\/17879"}],"wp:attachment":[{"href":"https:\/\/www.hydraulic-cylinders.net\/lt\/wp-json\/wp\/v2\/media?parent=18952"}],"wp:term":[{"taxonomy":"product_brand","embeddable":true,"href":"https:\/\/www.hydraulic-cylinders.net\/lt\/wp-json\/wp\/v2\/product_brand?post=18952"},{"taxonomy":"product_cat","embeddable":true,"href":"https:\/\/www.hydraulic-cylinders.net\/lt\/wp-json\/wp\/v2\/product_cat?post=18952"},{"taxonomy":"product_tag","embeddable":true,"href":"https:\/\/www.hydraulic-cylinders.net\/lt\/wp-json\/wp\/v2\/product_tag?post=18952"}],"curies":[{"name":"wp","href":"https:\/\/api.w.org\/{rel}","templated":true}]}}