{"id":18953,"date":"2025-04-07T06:03:54","date_gmt":"2025-04-07T06:03:54","guid":{"rendered":"https:\/\/www.hydraulic-cylinders.net\/product\/boom-cylinder-for-caterpillar-middle-excavator-e300-300b\/"},"modified":"2025-04-07T06:03:56","modified_gmt":"2025-04-07T06:03:56","slug":"boom-cylinder-for-caterpillar-middle-excavator-e300-300b","status":"publish","type":"product","link":"https:\/\/www.hydraulic-cylinders.net\/lt\/produktas\/boom-cylinder-for-caterpillar-middle-excavator-e300-300b\/","title":{"rendered":"Str\u0117l\u0117s cilindras Caterpillar vidutinio dyd\u017eio ekskavatoriui E300\/300B"},"content":{"rendered":"<h1>Str\u0117l\u0117s cilindras Caterpillar vidutinio dyd\u017eio ekskavatoriui E300\/300B<\/h1>\n<h2>Produkto ap\u017evalga<\/h2>\n<p>Str\u0117l\u0117s cilindras yra gyvybi\u0161kai svarbus \u201eCaterpillar\u201c vidutinio profilio ekskavatori\u0173, ypa\u010d E300 ir E300B modeli\u0173, komponentas. \u0160is hidraulinis cilindras atlieka labai svarb\u0173 vaidmen\u012f valdant \u012fvairi\u0173 sunkiosios technikos pried\u0173, toki\u0173 kaip kau\u0161ai, jud\u0117jim\u0105. Jis leid\u017eia pakelti, nuleisti ir pakreipti kau\u0161\u0105, tod\u0117l med\u017eiag\u0173 tvarkymo u\u017eduotys tampa daug efektyvesn\u0117s ir veiksmingesn\u0117s.<\/p>\n<p>Kau\u0161o cilindras yra hidraulinio cilindro tipas, specialiai sukurtas sunkiosioms ma\u0161inoms. \u0160ie cilindrai palengvina svarbius veiksmus, tokius kaip kasimas, k\u0117limas ir med\u017eiag\u0173 transportavimas. Hidraulin\u0117s sistemos veikimas labai priklauso nuo kau\u0161o cilindro funkcionalumo, nes jis hidraulin\u012f sl\u0117g\u012f paver\u010dia mechaniniu judesiu. Jo konstrukcija u\u017etikrina, kad jis gali veikti esant auk\u0161tam sl\u0117giui ir sud\u0117tingoms darbo s\u0105lygoms, tod\u0117l tai yra patikimas pasirinkimas \u012fvairioms reikm\u0117ms.<\/p>\n<p><img decoding=\"async\" src=\"https:\/\/www.hydraulic-cylinders.net\/wp-content\/uploads\/2025\/04\/songte-company-1.webp\" alt=\"Ekskavatori\u0173 str\u0117l\u0117s cilindras\" \/><\/p>\n<h2>Pagrindin\u0117s savyb\u0117s<\/h2>\n<ul>\n<li><strong>Didelis stiprumas ir ilgaam\u017ei\u0161kumas:<\/strong> \u0160ie cilindrai, pagaminti i\u0161 didelio stiprumo plieno arba aliuminio, yra sukurti taip, kad atlaikyt\u0173 auk\u0161t\u0105 sl\u0117g\u012f ir dideles apkrovas, tod\u0117l tinkami naudoti at\u0161iauriomis darbo s\u0105lygomis. Konstrukcijoje taip pat pabr\u0117\u017eiamas atsparumas dilimui ir korozijai, o tai \u017eymiai pailgina gaminio tarnavimo laik\u0105.<\/li>\n<li><strong>Efektyvus hidraulinis valdymas:<\/strong> Cilindras naudoja hidraulin\u0117s alyvos sl\u0117g\u012f, kad skland\u017eiai i\u0161siskleist\u0173 ir susitraukt\u0173, greitai reaguodamas \u012f valdymo komandas. \u0160i funkcija suteikia galingas st\u016bmimo ir traukimo galimybes, idealiai tinkan\u010dias sunkiems objektams tvarkyti ir sud\u0117tingoms operacijoms atlikti.<\/li>\n<li><strong>\u012evair\u016bs tipai:<\/strong> Klientai gali rinktis tarp vienpusio arba dvipusio veikimo cilindr\u0173, atsi\u017evelgdami \u012f savo eksploatacinius poreikius. Kai kurie modeliai yra teleskopiniai, tod\u0117l juos galima labiau prailginti nepadidinant i\u0161orini\u0173 matmen\u0173, o tai ypa\u010d naudinga tais atvejais, kai erdv\u0117 ribota.<\/li>\n<\/ul>\n<h2>Gamybos meistri\u0161kumas<\/h2>\n<p>Turime galimyb\u0119 gaminti \u0161\u012f produkt\u0105, o m\u016bs\u0173 si\u016blomi produktai puikiai pakei\u010dia esamus hidraulinius cilindrus. M\u016bs\u0173 cilindrai yra suprojektuoti taip, kad atitikt\u0173 pramon\u0117s standartus, u\u017etikrinant suderinamum\u0105 ir na\u0161um\u0105 bei patikimum\u0105.<\/p>\n<p><img decoding=\"async\" src=\"https:\/\/www.hydraulic-cylinders.net\/wp-content\/uploads\/2025\/04\/songte-cylinder-head-with-all-kinds-excavator-models.webp\" alt=\"Hidraulini\u0173 cilindr\u0173 gamyba\" \/><\/p>\n<h2>Parai\u0161kos<\/h2>\n<ul>\n<li><strong>Statybin\u0117 \u012franga:<\/strong> Hidrauliniai cilindrai da\u017eniausiai randami ekskavatoriuose, kur jie yra b\u016btini kasant, kraunant ir perkeliant grunt\u0105 ar \u0161iuk\u0161les. Ekskavatoriuose krautuvuose kau\u0161o cilindras padeda tiek atliekant kasimo, tiek k\u0117limo darbus, u\u017etikrindamas efektyvum\u0105 statybviet\u0117se.<\/li>\n<li><strong>\u017dem\u0117s \u016bkio technika:<\/strong> Priekiniuose krautuvuose \u0161ie cilindrai yra gyvybi\u0161kai svarb\u016bs norint i\u0161kasti, pakelti ir transportuoti tokias med\u017eiagas kaip dirvo\u017eemis, \u0161ienas ir kiti \u017eem\u0117s \u016bkio produktai, taip pagerinant \u016bkininkavimo darb\u0173 na\u0161um\u0105.<\/li>\n<li><strong>Ekskavatoriai:<\/strong> Kau\u0161o cilindras leid\u017eia ekskavatoriaus kau\u0161ui efektyviai \u012fsiskverbti \u012f \u017eem\u0119, tod\u0117l jis yra pagrindinis \u017eem\u0117s darb\u0173 komponentas.<\/li>\n<li><strong>Krautuvai:<\/strong> Priekiniuose krautuvuose jie padeda kelti ir i\u0161versti krovinius, atlikdami itin svarb\u0173 vaidmen\u012f efektyviai tvarkant med\u017eiagas.<\/li>\n<\/ul>\n<h2>Projektavimo aspektai ir atrankos kriterijai<\/h2>\n<h3>Keliamoji galia<\/h3>\n<p>Renkantis str\u0117l\u0117s cilindr\u0105, labai svarbu atsi\u017evelgti \u012f jo keliam\u0105j\u0105 gali\u0105. Cilindras turi b\u016bti suprojektuotas taip, kad atlaikyt\u0173 maksimal\u0173 svor\u012f, su kuriuo jis susidurs eksploatacijos metu. Tai rei\u0161kia, kad reikia \u012fvertinti hidraulinio sl\u0117gio specifikacijas ir jo konstrukcijoje naudojam\u0173 med\u017eiag\u0173 mechanin\u012f stiprum\u0105.<\/p>\n<h3>Sandarumo vientisumas<\/h3>\n<p>Sandarinimas hidraulin\u0117se sistemose yra nepaprastai svarbus, siekiant i\u0161vengti nuot\u0117ki\u0173 ir palaikyti sl\u0117g\u012f. Gerai suprojektuotas cilindras tur\u0117s auk\u0161tos kokyb\u0117s sandariklius, kurie gali atlaikyti hidraulini\u0173 skys\u010di\u0173 korozin\u012f poveik\u012f ir mechanin\u012f eksploatavimo \u012ftemp\u012f. Reguliarus sandarikli\u0173 tikrinimas ir prie\u017ei\u016bra yra b\u016btini siekiant u\u017etikrinti cilindro ilgaam\u017ei\u0161kum\u0105 ir efektyvum\u0105.<\/p>\n<h3>Patvarumas<\/h3>\n<p>Patvarumas apima tiek fizin\u012f, tiek eksploatacin\u012f cilindro tarnavimo laik\u0105. Patvarus cilindras bus atsparus nusid\u0117v\u0117jimui, ypa\u010d esant didel\u0117ms apkrovoms. Naudojamos med\u017eiagos turi b\u016bti atsparios dilimui ir korozijai, o tai laikui b\u0117gant gali labai paveikti cilindro veikim\u0105.<\/p>\n<h3>Saugos funkcijos<\/h3>\n<p>Dirbant su hidraulin\u0117mis sistemomis, saugumas yra labai svarbus. Str\u0117l\u0117s cilindro konstrukcija tur\u0117t\u0173 apimti saugos funkcijas, skirtas i\u0161vengti gedim\u0173 esant apkrovai. Tai apima apsaugos nuo perkrovos mechanizmus ir tvirt\u0105 konstrukcij\u0105, kuri gali atlaikyti nenumatytas aplinkybes.<\/p>\n<h3>Prie\u017ei\u016bros aspektai<\/h3>\n<p>Prie\u017ei\u016bra yra gyvybi\u0161kai svarbus bet kurios hidraulin\u0117s sistemos aspektas. Cilindro konstrukcija tur\u0117t\u0173 b\u016bti tokia, kad j\u012f b\u016bt\u0173 lengva pri\u017ei\u016br\u0117ti, \u012fskaitant prieig\u0105 prie sandarikli\u0173 ir tepimo ta\u0161k\u0173. Lengvai pri\u017ei\u016brimas cilindras u\u017etikrins ilgesn\u012f eksploatavimo laik\u0105 ir geresn\u012f na\u0161um\u0105, suma\u017eindamas brangi\u0173 prastov\u0173 rizik\u0105.<\/p>\n<p><img decoding=\"async\" src=\"https:\/\/www.hydraulic-cylinders.net\/wp-content\/uploads\/2025\/04\/songte-oil-pipes-and-spare-parts.webp\" alt=\"Hidraulini\u0173 cilindr\u0173 dalys\" \/><\/p>\n<h2>Sandarinimas ir tepimas<\/h2>\n<p>Efektyvus sandarinimas yra labai svarbus hidraulini\u0173 cilindr\u0173 veikimui. Sl\u0117giui palaikyti ir skys\u010di\u0173 nuot\u0117kiui i\u0161vengti naudojami \u012fvair\u016bs sandarinimo komponentai, tokie kaip st\u016bmokli\u0173 ir kot\u0173 sandarikliai. I\u0161 patvari\u0173 med\u017eiag\u0173, toki\u0173 kaip poliuretanas ir nitrilo kau\u010diukas, pagaminti sandarikliai u\u017etikrina puik\u0173 atsparum\u0105 dilimui. Be to, cilindro korpusas ir srieginiai galai yra kruop\u0161\u010diai apdorojami, kad padid\u0117t\u0173 j\u0173 atsparumas dilimui.<\/p>\n<p>Reguliarus tepimas hidraulin\u0117mis alyvomis yra b\u016btinas optimaliam veikimui. Alyva suma\u017eina trint\u012f tarp judan\u010di\u0173 dali\u0173 ir u\u017etikrina skland\u0173 veikim\u0105. Norint i\u0161laikyti hidraulin\u0117s sistemos efektyvum\u0105, b\u016btina periodi\u0161kai tikrinti ir papildyti hidraulin\u012f skyst\u012f.<\/p>\n<h2>Prevencin\u0117s prie\u017ei\u016bros priemon\u0117s<\/h2>\n<ul>\n<li><strong>Reguliar\u016bs patikrinimai:<\/strong> Reguliariai tikrinkite, ar n\u0117ra susid\u0117v\u0117jimo, nuot\u0117ki\u0173 ar pa\u017eeidim\u0173 po\u017eymi\u0173. Ankstyvas problem\u0173 nustatymas gali pad\u0117ti i\u0161vengti rimtesni\u0173 problem\u0173 ateityje.<\/li>\n<li><strong>Savalaikis tepimas:<\/strong> U\u017etikrinkite, kad cilindras visada b\u016bt\u0173 tinkamai suteptas. Naudokite rekomenduojam\u0105 hidraulin\u012f skyst\u012f ir laikykit\u0117s gamintojo nurodym\u0173 d\u0117l tepimo interval\u0173.<\/li>\n<li><strong>Sandariklio keitimas:<\/strong> Reguliariai keiskite sandariklius, atsi\u017evelgdami \u012f naudojimo da\u017enum\u0105 ir eksploatavimo s\u0105lygas. Susid\u0117v\u0117j\u0119 sandarikliai gali sukelti nuot\u0117kius ir suma\u017einti efektyvum\u0105, tod\u0117l laiku juos pakeisti yra labai svarbu.<\/li>\n<\/ul>\n<h2>\u012erengimo gair\u0117s<\/h2>\n<p>Tinkamas str\u0117l\u0117s cilindro montavimas yra b\u016btinas jo veikimui ir ilgaam\u017ei\u0161kumui. Pirmiausia \u012fsitikinkite, kad tvirtinimo pavir\u0161iai yra \u0161var\u016bs ir be \u0161iuk\u0161li\u0173. Tinkamai sulygiuokite cilindr\u0105 su tvirtinimo ta\u0161kais, naudodami tinkamus \u012frankius, kad i\u0161vengtum\u0117te nesuderinamumo, kuris gali sukelti prie\u0161laikin\u012f susid\u0117v\u0117jim\u0105 ar gedim\u0105.<\/p>\n<p>Sulygiavus, tvirtai pritvirtinkite cilindr\u0105 naudodami rekomenduojam\u0105 tvirtinimo detal\u0119. Montavimo metu labai svarbu laikytis gamintojo nurodyt\u0173 sukimo moment\u0173 specifikacij\u0173, kad b\u016bt\u0173 u\u017etikrintas vis\u0173 jung\u010di\u0173 tvirtumas ir saugumas. Po montavimo patikrinkite cilindr\u0105 j\u012f eksploatuodami kontroliuojamomis s\u0105lygomis, kad \u012fsitikintum\u0117te, jog jis veikia tinkamai ir atitinka l\u016bkes\u010dius.<\/p>\n<h2>\u012eprastos prie\u017ei\u016bros u\u017eduotys<\/h2>\n<ul>\n<li><strong>Reguliar\u016bs patikrinimai:<\/strong> Periodi\u0161kai tikrinkite cilindr\u0105, ar n\u0117ra susid\u0117v\u0117jimo ar pa\u017eeidim\u0173 po\u017eymi\u0173. Ap\u017ei\u016bros metu reik\u0117t\u0173 patikrinti sandariklius ir \u012fsitikinti, kad n\u0117ra skys\u010di\u0173 nuot\u0117kio.<\/li>\n<li><strong>Tinkamas tepimas:<\/strong> \u012esitikinkite, kad visos judan\u010dios dalys yra tinkamai suteptos tinkama hidrauline alyva. Tai padeda suma\u017einti trint\u012f ir pailginti cilindro tarnavimo laik\u0105.<\/li>\n<li><strong>Sandariklio keitimo ir kalibravimo patikrinimai:<\/strong> Reguliariai tikrinkite, ar sandarikliai n\u0117ra susid\u0117v\u0117j\u0119, ir prireikus juos pakeiskite. Taip pat reik\u0117t\u0173 atlikti hidraulin\u0117s sistemos kalibravim\u0105, siekiant u\u017etikrinti, kad cilindras veikt\u0173 pagal nurodytus parametrus.<\/li>\n<\/ul>\n<h2>Saugos ir aplinkosaugos aspektai<\/h2>\n<p>Dirbant su hidrauliniais cilindrais, svarbu teikti pirmenyb\u0119 saugos priemon\u0117ms. Visada laikykit\u0117s gamintojo naudojimo ir prie\u017ei\u016bros gairi\u0173, kad i\u0161vengtum\u0117te nelaiming\u0173 atsitikim\u0173. Tinkamas operatori\u0173 mokymas yra b\u016btinas siekiant suma\u017einti su hidraulin\u0117mis sistemomis susijusi\u0105 rizik\u0105, \u012fskaitant galimus su\u017ealojimus d\u0117l nuot\u0117ki\u0173 ar cilindr\u0173 gedim\u0173. Taip pat reik\u0117t\u0173 atsi\u017evelgti \u012f aplinkosaugos aspektus, u\u017etikrinant, kad bet kokie i\u0161siliejimai ar nuot\u0117kiai b\u016bt\u0173 nedelsiant sulaikyti ir pa\u0161alinti, siekiant i\u0161vengti u\u017eter\u0161imo.<\/p>\n<h2>Da\u017eniausiai pasitaikan\u010di\u0173 problem\u0173 \u0161alinimas<\/h2>\n<ul>\n<li><strong>Hidraulini\u0173 skys\u010di\u0173 nuot\u0117kiai:<\/strong> Da\u017eniausios prie\u017eastys yra susid\u0117v\u0117j\u0119 sandarikliai arba pa\u017eeisti cilindr\u0173 korpusai. Patikrinkite, ar n\u0117ra matom\u0173 nuot\u0117ki\u0173, ir prireikus pakeiskite sandariklius.<\/li>\n<li><strong>Nepakankamas cilindro jud\u0117jimas:<\/strong> Tai gali b\u016bti d\u0117l \u017eemo hidraulinio skys\u010dio lygio arba u\u017esikim\u0161im\u0173 hidraulin\u0117je sistemoje. Patikrinkite skys\u010dio lyg\u012f ir pa\u0161alinkite visas kli\u016btis.<\/li>\n<li><strong>Perkaitimas:<\/strong> Per didelis kar\u0161tis gali rodyti per didel\u0119 trint\u012f arba nepakankam\u0105 tepim\u0105. \u012esitikinkite, kad dalys tinkamai suteptos, ir patikrinkite, ar n\u0117ra susid\u0117v\u0117jimo po\u017eymi\u0173.<\/li>\n<\/ul>\n<h2>Problem\u0173 sprendimo patarimai<\/h2>\n<p>Efektyvus trik\u010di\u0173 \u0161alinimas prasideda nuo sistemingo po\u017ei\u016brio \u012f problem\u0173 nustatym\u0105. Reguliarus techninis aptarnavimas ir patikrinimai gali pad\u0117ti su\u0161velninti galimas problemas, kol jos dar nepa\u016bm\u0117jo. Jei i\u0161kyla problema, konkre\u010dius trik\u010di\u0173 \u0161alinimo veiksmus rasite gamintojo gair\u0117se.<\/p>\n<p>\u012egyvendinkite prevencines priemones, tokias kaip \u012fprasti patikrinimai ir savalaikis keitimas, kad suma\u017eintum\u0117te problem\u0173 ateityje. Operatori\u0173 mokymas tinkamai naudoti ir pri\u017ei\u016br\u0117ti hidraulinius cilindrus taip pat gali gerokai suma\u017einti galimas problemas.<\/p>\n<p><img decoding=\"async\" src=\"https:\/\/www.hydraulic-cylinders.net\/wp-content\/uploads\/2025\/04\/songte-bushings-with-all-kinds-of-excavator-models.webp\" alt=\"\u012evor\u0117 ekskavatoriams\" \/><\/p>\n<h2>Apie m\u016bs\u0173 \u012fmon\u0119<\/h2>\n<p>Esame pirmaujantis pakaitini\u0173 hidraulini\u0173 cilindr\u0173 gamintojas ir didmeninis platintojas, si\u016blantis plat\u0173 gamini\u0173 asortiment\u0105, atitinkant\u012f \u012fvairius rinkos poreikius. M\u016bs\u0173 \u012fsipareigojimas siekti meistri\u0161kumo atsispindi m\u016bs\u0173 patobulintose gamybos strategijose, kuriose pasitelkiamos pa\u017eangios technologijos ir kvalifikuoti specialistai, siekiant pagerinti gamybos kokyb\u0119.<\/p>\n<p>M\u016bs\u0173 \u012fmon\u0117 did\u017eiuojasi laikydamasi tarptautini\u0173 kokyb\u0117s standart\u0173 ir sertifikat\u0173, u\u017etikrindama, kad m\u016bs\u0173 produktai atitikt\u0173 auk\u0161\u010diausius pramon\u0117s standartus. Si\u016blome individualius sprendimus, pritaikytus konkretiems klient\u0173 poreikiams, ir teikiame patikim\u0105 garantin\u012f aptarnavim\u0105, kad u\u017etikrintume klient\u0173 pasitenkinim\u0105 ir produkto ilgaam\u017ei\u0161kum\u0105.<\/p>\n<p><img decoding=\"async\" src=\"https:\/\/www.hydraulic-cylinders.net\/wp-content\/uploads\/2025\/04\/songte-company-4.webp\" alt=\"\u012emon\u0117s gamyba\" \/><br \/>\n<img decoding=\"async\" src=\"https:\/\/www.hydraulic-cylinders.net\/wp-content\/uploads\/2025\/04\/songte-company-3.webp\" alt=\"\u012emon\u0117s ap\u017evalga\" \/><\/p>\n<p>Autorius: lyl<\/p>","protected":false},"excerpt":{"rendered":"<p>Boom Cylinder For Caterpillar Middle Excavator E300\/300B Product Overview The Boom Cylinder is a vital component for Caterpillar Middle Excavators, specifically the E300 and E300B models. This hydraulic cylinder plays a crucial role in controlling the movement of various heavy machinery attachments, such as buckets. It enables the lifting, lowering, and tilting of the bucket, [&hellip;]<\/p>","protected":false},"featured_media":17880,"comment_status":"open","ping_status":"closed","template":"","meta":{"_et_pb_use_builder":"","_et_pb_old_content":"","_et_gb_content_width":""},"product_brand":[],"product_cat":[1546],"product_tag":[1547,1496],"class_list":{"0":"post-18953","1":"product","2":"type-product","3":"status-publish","4":"has-post-thumbnail","6":"product_cat-boom-cylinders","7":"product_tag-boom-cylinders","8":"product_tag-hydraulic-cylinders","10":"first","11":"instock","12":"shipping-taxable","13":"product-type-simple"},"amp_enabled":true,"_links":{"self":[{"href":"https:\/\/www.hydraulic-cylinders.net\/lt\/wp-json\/wp\/v2\/product\/18953","targetHints":{"allow":["GET"]}}],"collection":[{"href":"https:\/\/www.hydraulic-cylinders.net\/lt\/wp-json\/wp\/v2\/product"}],"about":[{"href":"https:\/\/www.hydraulic-cylinders.net\/lt\/wp-json\/wp\/v2\/types\/product"}],"replies":[{"embeddable":true,"href":"https:\/\/www.hydraulic-cylinders.net\/lt\/wp-json\/wp\/v2\/comments?post=18953"}],"wp:featuredmedia":[{"embeddable":true,"href":"https:\/\/www.hydraulic-cylinders.net\/lt\/wp-json\/wp\/v2\/media\/17880"}],"wp:attachment":[{"href":"https:\/\/www.hydraulic-cylinders.net\/lt\/wp-json\/wp\/v2\/media?parent=18953"}],"wp:term":[{"taxonomy":"product_brand","embeddable":true,"href":"https:\/\/www.hydraulic-cylinders.net\/lt\/wp-json\/wp\/v2\/product_brand?post=18953"},{"taxonomy":"product_cat","embeddable":true,"href":"https:\/\/www.hydraulic-cylinders.net\/lt\/wp-json\/wp\/v2\/product_cat?post=18953"},{"taxonomy":"product_tag","embeddable":true,"href":"https:\/\/www.hydraulic-cylinders.net\/lt\/wp-json\/wp\/v2\/product_tag?post=18953"}],"curies":[{"name":"wp","href":"https:\/\/api.w.org\/{rel}","templated":true}]}}