{"id":18954,"date":"2025-04-07T06:03:57","date_gmt":"2025-04-07T06:03:57","guid":{"rendered":"https:\/\/www.hydraulic-cylinders.net\/product\/boom-cylinder-for-caterpillar-middle-excavator-e320dz-bl\/"},"modified":"2025-04-07T06:03:59","modified_gmt":"2025-04-07T06:03:59","slug":"boom-cylinder-for-caterpillar-middle-excavator-e320dz-bl","status":"publish","type":"product","link":"https:\/\/www.hydraulic-cylinders.net\/lt\/produktas\/boom-cylinder-for-caterpillar-middle-excavator-e320dz-bl\/","title":{"rendered":"Str\u0117l\u0117s cilindras Caterpillar vidutinio dyd\u017eio ekskavatoriui E320DZ\/BL"},"content":{"rendered":"<h1>Str\u0117l\u0117s cilindras Caterpillar vidutinio dyd\u017eio ekskavatoriui E320DZ\/BL<\/h1>\n<h2>\u012evadas \u012f str\u0117l\u0117s cilindrus<\/h2>\n<p>Str\u0117l\u0117s cilindras yra labai svarbus hidraulini\u0173 sistem\u0173 komponentas, specialiai sukurtas valdyti ekskavatoriaus kau\u0161\u0173 jud\u0117jim\u0105 sunkiosiose ma\u0161inose, tokiose kaip ekskavatoriai, ekskavatoriniai krautuvai ir frontaliniai krautuvai. \u0160ie hidrauliniai cilindrai leid\u017eia kau\u0161\u0105 pakelti, nuleisti ir pakreipti, taip palengvindami efektyv\u0173 med\u017eiag\u0173 tvarkym\u0105. Kau\u0161o cilindras yra b\u016btinas norint tiksliai jud\u0117ti ir valdyti statyb\u0173 projektus.<\/p>\n<p><img decoding=\"async\" src=\"https:\/\/www.hydraulic-cylinders.net\/wp-content\/uploads\/2025\/04\/songte-company-1.webp\" alt=\"Ekskavatori\u0173 str\u0117l\u0117s cilindras\" \/><\/p>\n<h3>Apibr\u0117\u017eimas ir ap\u017evalga<\/h3>\n<p>Str\u0117l\u0117s cilindras yra hidraulinio cilindro tipas, veikiantis naudojant hidraulin\u0117s alyvos sl\u0117g\u012f. Pagrindin\u0117 jo funkcija yra valdyti kasimo proces\u0105, kuris apima kasim\u0105, k\u0117lim\u0105 ir med\u017eiag\u0173 transportavim\u0105. Efektyvi str\u0117l\u0117s cilindr\u0173 konstrukcija ir tvirta konstrukcija u\u017etikrina optimal\u0173 veikim\u0105 \u012fvairiomis s\u0105lygomis, tod\u0117l jie yra nepakei\u010diami statyb\u0173 pramon\u0117je.<\/p>\n<h2>Str\u0117l\u0117s cilindro savyb\u0117s<\/h2>\n<ul>\n<li><strong>Didelis stiprumas ir ilgaam\u017ei\u0161kumas:<\/strong> Pagaminti i\u0161 didelio stiprumo plieno arba aliuminio, \u0161ie cilindrai gali atlaikyti auk\u0161t\u0105 sl\u0117g\u012f ir dideles apkrovas, tod\u0117l tinkami naudoti at\u0161iauriomis darbo s\u0105lygomis.<\/li>\n<li><strong>Efektyvus hidraulinis valdymas:<\/strong> Jie naudoja hidraulin\u0117s alyvos sl\u0117g\u012f, kad skland\u017eiai i\u0161sipl\u0117st\u0173 ir susitraukt\u0173, greitai reaguot\u0173 \u012f operacines komandas ir u\u017etikrint\u0173 galingas st\u016bmimo bei traukimo j\u0117gas.<\/li>\n<li><strong>\u012evair\u016bs tipai:<\/strong> Str\u0117l\u0117s cilindrus galima pasirinkti kaip vienpusio veikimo (hidraulik\u0105 naudojant viena kryptimi) arba dvipusio veikimo (hidraulik\u0105 naudojant abiem kryptimis), kad b\u016bt\u0173 patenkinti skirtingi eksploataciniai poreikiai. Kai kurie modeliai yra teleskopiniai, tod\u0117l juos galima labiau i\u0161tiesti nedidinant i\u0161orini\u0173 matmen\u0173.<\/li>\n<li><strong>Pa\u017eangi sandarinimo technologija:<\/strong> \u012erengti auk\u0161tos kokyb\u0117s sandarikliai, siekiant i\u0161vengti nuot\u0117ki\u0173 ir u\u017etikrinti optimal\u0173 veikim\u0105 \u012fvairiomis s\u0105lygomis.<\/li>\n<li><strong>Individual\u016bs sprendimai:<\/strong> M\u016bs\u0173 gaminiai gali puikiai pakeisti \u0161iuos hidraulinius cilindrus, teikdami individualius sprendimus, atitinkan\u010dius konkre\u010dius ma\u0161in\u0173 reikalavimus.<\/li>\n<\/ul>\n<p><img decoding=\"async\" src=\"https:\/\/www.hydraulic-cylinders.net\/wp-content\/uploads\/2025\/04\/songte-cylinder-head-with-all-kinds-excavator-models.webp\" alt=\"Hidraulinio cilindro keitimas\" \/><\/p>\n<h2>Taikymo scenarijai<\/h2>\n<h3>Statybin\u0117 \u012franga<\/h3>\n<p>Ekskavatoriuose str\u0117l\u0117s cilindrai yra labai svarb\u016bs kasant, kraunant ir perkeliant grunt\u0105 ar \u0161iuk\u0161les. Jie leid\u017eia tiksliai valdyti kau\u0161o jud\u0117jim\u0105, taip padidindami kasimo proceso efektyvum\u0105. Ekskavatoriuose-krautuvuose kau\u0161o cilindras padeda tiek kasti, tiek kelti, taip i\u0161pl\u0117sdamas \u0161i\u0173 universali\u0173 ma\u0161in\u0173 pritaikymo spektr\u0105.<\/p>\n<h3>\u017dem\u0117s \u016bkio technika<\/h3>\n<p>Priekiniuose krautuvuose str\u0117l\u0117s cilindrai naudojami dirvo\u017eemiui, \u0161ienui ir kitoms med\u017eiagoms semti, kelti ir transportuoti. D\u0117l savo geb\u0117jimo susidoroti su sunkiais kroviniais jie idealiai tinka \u017eem\u0117s \u016bkio u\u017eduotims ir prisideda prie efektyvaus \u016bkio darbo.<\/p>\n<h3>Ekskavatoriai<\/h3>\n<p>Kau\u0161o cilindras leid\u017eia ekskavatoriams efektyviai \u012fsiskverbti \u012f dirv\u0105, tod\u0117l galima giliai kasti ir tiksliai i\u0161kasti. Tai ypa\u010d svarbu projektams, kuriems reikalingi pamat\u0173 darbai arba po\u017eeminiai \u012frenginiai.<\/p>\n<h3>Krautuvai<\/h3>\n<p>Priekiniuose krautuvuose str\u0117l\u0117s cilindrai padeda kelti ir i\u0161versti prekes. D\u0117l greito reagavimo ir galing\u0173 k\u0117limo galimybi\u0173 jie yra b\u016btini med\u017eiag\u0173 tvarkymui statybose ir kra\u0161tovaizd\u017eio tvarkyme.<\/p>\n<h2>Projektavimo aspektai ir atrankos kriterijai<\/h2>\n<h3>Keliamoji galia<\/h3>\n<p>Vienas i\u0161 pagrindini\u0173 str\u0117l\u0117s cilindro projektavimo aspekt\u0173 yra jo keliamoji galia. Tai lemia maksimal\u0173 svor\u012f, kur\u012f jis gali saugiai atlaikyti eksploatacijos metu. In\u017einieriai turi u\u017etikrinti, kad cilindro med\u017eiagos ir konstrukcija gal\u0117t\u0173 atlaikyti numatyt\u0105 apkrov\u0105, kad b\u016bt\u0173 i\u0161vengta gedimo.<\/p>\n<h3>Sandarinimo efektyvumas<\/h3>\n<p>Efektyvus sandarinimas yra labai svarbus siekiant i\u0161vengti hidraulinio skys\u010dio nuot\u0117ki\u0173, kurie gali suma\u017einti na\u0161um\u0105 ir padidinti prie\u017ei\u016bros i\u0161laidas. Auk\u0161tos kokyb\u0117s sandarikli\u0173 pasirinkimas yra b\u016btinas norint i\u0161laikyti hidraulin\u0117s sistemos vientisum\u0105.<\/p>\n<h3>Patvarumas<\/h3>\n<p>Patvarumas yra pagrindinis str\u0117l\u0117s cilindr\u0173 konstrukcijos veiksnys. Jie tur\u0117t\u0173 atlaikyti at\u0161iaurias darbo s\u0105lygas, \u012fskaitant ekstremali\u0173 temperat\u016br\u0173, purvo ir kit\u0173 aplinkos veiksni\u0173 poveik\u012f. Tai paprastai pasiekiama naudojant pa\u017eangias med\u017eiagas ir apsaugines dangas.<\/p>\n<h3>Saugos funkcijos<\/h3>\n<p>Labai svarbu \u012f str\u0117l\u0117s cilindr\u0173 konstrukcij\u0105 \u012ftraukti saugos funkcijas. Tai apima apsaugos nuo perkrov\u0173 sistemas, skirtas i\u0161vengti nelaiming\u0173 atsitikim\u0173 ir gedim\u0173. Naudotojo saugumui taip pat labai svarbu u\u017etikrinti, kad cilindras atitikt\u0173 tarptautinius saugos standartus.<\/p>\n<h3>Prie\u017ei\u016bra<\/h3>\n<p>Projektuojant atsi\u017evelgiant \u012f technin\u0119 prie\u017ei\u016br\u0105, reikia u\u017etikrinti, kad balion\u0105 b\u016bt\u0173 lengva pri\u017ei\u016br\u0117ti ir remontuoti. Tai apima komponent\u0173 prieinamumo ir standartini\u0173 dali\u0173 naudojimo, siekiant palengvinti remont\u0105, aspektus.<\/p>\n<p><img decoding=\"async\" src=\"https:\/\/www.hydraulic-cylinders.net\/wp-content\/uploads\/2025\/04\/songte-oil-pipes-and-spare-parts.webp\" alt=\"Hidraulini\u0173 cilindr\u0173 dalys\" \/><\/p>\n<h2>Sandarinimas ir tepimas<\/h2>\n<p>Tinkamas sandarinimas ir tepimas yra labai svarb\u016bs str\u0117l\u0117s cilindr\u0173 veikimui. Siekiant i\u0161vengti skys\u010di\u0173 nuot\u0117kio ir u\u017eter\u0161imo, naudojami \u012fvair\u016bs sandarinimo komponentai, tokie kaip st\u016bmokli\u0173 ir stryp\u0173 sandarikliai. Patvarios med\u017eiagos, tokios kaip poliuretanas ir nitrilo kau\u010diukas, padidina j\u0173 atsparum\u0105 dilimui.<\/p>\n<p>Cilindro korpusas ir srieginiai galiniai pavir\u0161iai turi b\u016bti kruop\u0161\u010diai apdirbti, kad b\u016bt\u0173 padidintas atsparumas dilimui. Reguliarus tepimas hidrauline alyva u\u017etikrina skland\u0173 veikim\u0105 ir pailgina cilindro tarnavimo laik\u0105. Norint i\u0161laikyti optimal\u0173 na\u0161um\u0105, b\u016btina steb\u0117ti alyvos lyg\u012f ir prireikus j\u0105 papildyti.<\/p>\n<h2>Prevencin\u0117s prie\u017ei\u016bros priemon\u0117s<\/h2>\n<ul>\n<li><strong>Reguliar\u016bs patikrinimai:<\/strong> Reguliariai tikrinkite hidraulin\u0119 sistem\u0105, kad nustatytum\u0117te bet kokius susid\u0117v\u0117jimo ar pa\u017eeidimo po\u017eymius. Tai padeda anksti aptikti galimas problemas.<\/li>\n<li><strong>Tinkamas tepimas:<\/strong> \u012esitikinkite, kad hidraulin\u0117 alyva yra tinkamai pripildyta ir kad tepimas atliekamas rekomenduojamais intervalais, siekiant i\u0161laikyti cilindro veikim\u0105.<\/li>\n<li><strong>Sandariklio keitimas:<\/strong> Steb\u0117kite sandarikli\u0173 b\u016bkl\u0119 ir prireikus juos pakeiskite, kad i\u0161vengtum\u0117te nuot\u0117ki\u0173 ir palaikytum\u0117te sistemos sl\u0117g\u012f.<\/li>\n<\/ul>\n<h2>\u012erengimo gair\u0117s<\/h2>\n<p>Tinkamas str\u0117l\u0117s cilindro montavimas yra labai svarbus jo funkcionalumui ir ilgaam\u017ei\u0161kumui. Nor\u0117dami teisingai sumontuoti, atlikite \u0161iuos veiksmus:<\/p>\n<ol>\n<li><strong>Lygiavimas:<\/strong> \u012esitikinkite, kad cilindras yra tinkamai sulygiuotas su tvirtinimo laikikliais, kad eksploatacijos metu b\u016bt\u0173 i\u0161vengta nevienodo \u012ftempimo.<\/li>\n<li><strong>Naudokite tinkamus tvirtinimo laikiklius:<\/strong> Pritvirtinkite cilindr\u0105 tinkamais laikikliais, kurie gali atlaikyti eksploatacijos metu veikian\u010dias j\u0117gas.<\/li>\n<li><strong>Priver\u017ekite tvirtinimo detales:<\/strong> \u012esitikinkite, kad visi var\u017etai ir tvirtinimo detal\u0117s yra priver\u017eti pagal gamintojo specifikacijas, kad eksploatacijos metu neatsilaisvint\u0173.<\/li>\n<li><strong>Patikrinkite hidraulines jungtis:<\/strong> Prie\u0161 prijungdami hidraulines linijas prie hidraulin\u0117s sistemos, patikrinkite, ar n\u0117ra nuot\u0117ki\u0173 ar pa\u017eeidim\u0173.<\/li>\n<li><strong>Patikrinkite funkcionalum\u0105:<\/strong> Po \u012frengimo patikrinkite str\u0117l\u0117s cilindro veikim\u0105, kad \u012fsitikintum\u0117te, jog jis veikia skland\u017eiai ir be joki\u0173 problem\u0173.<\/li>\n<\/ol>\n<p><img decoding=\"async\" src=\"https:\/\/www.hydraulic-cylinders.net\/wp-content\/uploads\/2025\/04\/songte-chushion-collar.webp\" alt=\"Str\u0117l\u0117s cilindro amortizatoriaus \u017eiedas\" \/><\/p>\n<h2>Saugos aspektai ir aplinkos veiksniai<\/h2>\n<p>Dirbant su str\u0117l\u0117s cilindrais, b\u016btinos saugos priemon\u0117s, siekiant i\u0161vengti nelaiming\u0173 atsitikim\u0173 ir u\u017etikrinti operatoriaus saug\u0105. Tinkamas operatori\u0173 mokymas naudotis hidrauline technika yra labai svarbus, taip pat saugos protokol\u0173 laikymasis eksploatacijos metu. Be to, eksploatuojant ir pri\u017ei\u016brint hidraulines sistemas, reik\u0117t\u0173 atsi\u017evelgti \u012f aplinkos veiksnius, tokius kaip skys\u010di\u0173 \u0161alinimas ir triuk\u0161mo tar\u0161a.<\/p>\n<h2>Da\u017eniausiai pasitaikan\u010di\u0173 problem\u0173 \u0161alinimas<\/h2>\n<ul>\n<li><strong>Hidraulinio skys\u010dio nuot\u0117kis:<\/strong> Tai gali rodyti susid\u0117v\u0117jusius sandariklius arba pa\u017eeistas \u017earnas. Patikrinkite ir prireikus pakeiskite sugedusius komponentus.<\/li>\n<li><strong>L\u0117tas cilindro jud\u0117jimas:<\/strong> Tai gali b\u016bti d\u0117l \u017eemo hidraulinio skys\u010dio lygio arba u\u017eter\u0161tumo. Patikrinkite skyst\u012f ir prireikus pakeiskite.<\/li>\n<li><strong>Ne\u012fprasti garsai veikimo metu:<\/strong> \u0160nyp\u0161timas ar \u0161nyp\u0161timas gali rodyti hidraulinio siurblio ar vidini\u0173 komponent\u0173 problemas. B\u016btina atlikti i\u0161sam\u0173 patikrinim\u0105.<\/li>\n<\/ul>\n<h2>Gedim\u0173 diagnostika ir prevencin\u0117s priemon\u0117s<\/h2>\n<p>Nor\u0117dami efektyviai diagnozuoti gedimus, atlikite \u0161iuos veiksmus:<\/p>\n<ul>\n<li><strong>Nustatyti simptomus:<\/strong> Steb\u0117kite \u012frangos rodomus simptomus, kurie gali pad\u0117ti diagnozuoti.<\/li>\n<li><strong>Atlikite vizualinius patikrinimus:<\/strong> Reguliariai tikrinkite hidraulines linijas, sandariklius ir jungtis, ar n\u0117ra susid\u0117v\u0117jimo ir pa\u017eeidim\u0173.<\/li>\n<li><strong>\u012egyvendinti prevencines priemones:<\/strong> Sudarykite \u012fprastin\u0117s prie\u017ei\u016bros grafik\u0105, kad suma\u017eintum\u0117te galimas problemas ir pailgintum\u0117te cilindro tarnavimo laik\u0105.<\/li>\n<\/ul>\n<p><img decoding=\"async\" src=\"https:\/\/www.hydraulic-cylinders.net\/wp-content\/uploads\/2025\/04\/songte-bushings-with-all-kinds-of-excavator-models.webp\" alt=\"Str\u0117l\u0117s cilindro \u012fvor\u0117s\" \/><\/p>\n<h2>\u012emon\u0117s ap\u017evalga<\/h2>\n<p>Esame pirmaujantis alternatyvi\u0173 hidraulini\u0173 cilindr\u0173 gamintojas, teikiantis plat\u0173 gamini\u0173 asortiment\u0105 tiek vidaus, tiek tarptautin\u0117ms rinkoms. M\u016bs\u0173 \u012fsipareigojimas siekti meistri\u0161kumo atsispindi m\u016bs\u0173 pramonin\u0117s gamybos valdymo strategijose, kuriose dirba kvalifikuoti technikai, naudojama pa\u017eangi skaitmenin\u0117 gamybos \u012franga ir profesionalios testavimo sistemos. Nuolat tobuliname savo gamybos platform\u0105 ir gamini\u0173 kokyb\u0119, u\u017etikrindami, kad patenkintume \u012fvairius klient\u0173 poreikius dideliu efektyvumu, tikslumu ir kokybe.<\/p>\n<h3>M\u016bs\u0173 specialyb\u0117s<\/h3>\n<ul>\n<li><strong>Ekspertiz\u0117:<\/strong> M\u016bs\u0173 komanda turi didel\u0119 patirt\u012f hidraulini\u0173 cilindr\u0173 projektavimo ir gamybos srityje, tod\u0117l u\u017etikrina auk\u0161t\u0105 gamini\u0173 kokyb\u0119.<\/li>\n<li><strong>Tarptautinis sertifikatas:<\/strong> M\u016bs\u0173 gaminiai atitinka tarptautinius kokyb\u0117s standartus, u\u017etikrinant klientams patikim\u0105 veikim\u0105.<\/li>\n<li><strong>Individual\u016bs sprendimai:<\/strong> Si\u016blome individualiai pritaikytas paslaugas, pritaikytas konkretiems klient\u0173 poreikiams, u\u017etikrinant j\u0173 pasitenkinim\u0105.<\/li>\n<li><strong>Moderni \u012franga:<\/strong> Naudojant pa\u017eangiausias gamybos ma\u0161inas, u\u017etikrinamas kiekvieno m\u016bs\u0173 pagaminto cilindro tikslumas ir kokyb\u0117.<\/li>\n<li><strong>Aptarnavimas po pardavimo:<\/strong> M\u016bs\u0173 atsidavusi palaikymo komanda pasiruo\u0161usi pad\u0117ti klientams diegimo, prie\u017ei\u016bros ir kitais klausimais.<\/li>\n<\/ul>\n<p><img decoding=\"async\" src=\"https:\/\/www.hydraulic-cylinders.net\/wp-content\/uploads\/2025\/04\/songte-company-4.webp\" alt=\"Hidraulini\u0173 cilindr\u0173 gamyba\" \/><br \/>\n<img decoding=\"async\" src=\"https:\/\/www.hydraulic-cylinders.net\/wp-content\/uploads\/2025\/04\/songte-company-3.webp\" alt=\"\u012emon\u0117s patalpos\" \/><\/p>\n<p>Autorius: lyl<\/p>","protected":false},"excerpt":{"rendered":"<p>Boom Cylinder For Caterpillar Middle Excavator E320DZ\/BL Introduction to Boom Cylinders The Boom Cylinder is a critical component in hydraulic systems, specifically designed for controlling the movement of excavator buckets in heavy machinery such as excavators, backhoe loaders, and front-end loaders. These hydraulic cylinders enable the bucket to lift, lower, and tilt, facilitating efficient material [&hellip;]<\/p>","protected":false},"featured_media":17881,"comment_status":"open","ping_status":"closed","template":"","meta":{"_et_pb_use_builder":"","_et_pb_old_content":"","_et_gb_content_width":""},"product_brand":[],"product_cat":[1546],"product_tag":[1547,1496],"class_list":{"0":"post-18954","1":"product","2":"type-product","3":"status-publish","4":"has-post-thumbnail","6":"product_cat-boom-cylinders","7":"product_tag-boom-cylinders","8":"product_tag-hydraulic-cylinders","10":"first","11":"instock","12":"shipping-taxable","13":"product-type-simple"},"amp_enabled":true,"_links":{"self":[{"href":"https:\/\/www.hydraulic-cylinders.net\/lt\/wp-json\/wp\/v2\/product\/18954","targetHints":{"allow":["GET"]}}],"collection":[{"href":"https:\/\/www.hydraulic-cylinders.net\/lt\/wp-json\/wp\/v2\/product"}],"about":[{"href":"https:\/\/www.hydraulic-cylinders.net\/lt\/wp-json\/wp\/v2\/types\/product"}],"replies":[{"embeddable":true,"href":"https:\/\/www.hydraulic-cylinders.net\/lt\/wp-json\/wp\/v2\/comments?post=18954"}],"wp:featuredmedia":[{"embeddable":true,"href":"https:\/\/www.hydraulic-cylinders.net\/lt\/wp-json\/wp\/v2\/media\/17881"}],"wp:attachment":[{"href":"https:\/\/www.hydraulic-cylinders.net\/lt\/wp-json\/wp\/v2\/media?parent=18954"}],"wp:term":[{"taxonomy":"product_brand","embeddable":true,"href":"https:\/\/www.hydraulic-cylinders.net\/lt\/wp-json\/wp\/v2\/product_brand?post=18954"},{"taxonomy":"product_cat","embeddable":true,"href":"https:\/\/www.hydraulic-cylinders.net\/lt\/wp-json\/wp\/v2\/product_cat?post=18954"},{"taxonomy":"product_tag","embeddable":true,"href":"https:\/\/www.hydraulic-cylinders.net\/lt\/wp-json\/wp\/v2\/product_tag?post=18954"}],"curies":[{"name":"wp","href":"https:\/\/api.w.org\/{rel}","templated":true}]}}