{"id":18956,"date":"2025-04-07T06:04:09","date_gmt":"2025-04-07T06:04:09","guid":{"rendered":"https:\/\/www.hydraulic-cylinders.net\/product\/boom-cylinder-for-caterpillar-middle-excavator-e323dl-323d2l\/"},"modified":"2025-04-07T06:04:14","modified_gmt":"2025-04-07T06:04:14","slug":"boom-cylinder-for-caterpillar-middle-excavator-e323dl-323d2l","status":"publish","type":"product","link":"https:\/\/www.hydraulic-cylinders.net\/lt\/produktas\/boom-cylinder-for-caterpillar-middle-excavator-e323dl-323d2l\/","title":{"rendered":"Str\u0117l\u0117s cilindras Caterpillar viduriniajam ekskavatoriui E323DL\/323D2L"},"content":{"rendered":"<h1>Str\u0117l\u0117s cilindras Caterpillar viduriniajam ekskavatoriui E323DL\/323D2L<\/h1>\n<h2>Produkto ap\u017evalga<\/h2>\n<p>Str\u0117l\u0117s cilindras yra labai svarbus sunkiosios technikos hidraulin\u0117s sistemos komponentas, specialiai sukurtas \u201eCaterpillar\u201c ekskavatoriams, tokiems kaip E323DL ir E323D2L. \u0160is hidraulinis cilindras valdo str\u0117l\u0117s jud\u0117jim\u0105, leisdamas atlikti \u012fvairias u\u017eduotis, tokias kaip k\u0117limas, nuleidimas ir pakreipimas. \u0160io cilindro veikimas yra gyvybi\u0161kai svarbus efektyviam med\u017eiag\u0173 tvarkymui ir kasimo darbams, tod\u0117l jis yra pagrindinis elementas statybose ir sunkiosiose srityse.<\/p>\n<p><img decoding=\"async\" src=\"https:\/\/www.hydraulic-cylinders.net\/wp-content\/uploads\/2025\/04\/songte-company-1.webp\" alt=\"Str\u0117l\u0117s cilindras\"><\/p>\n<h3>Kau\u0161o cilindr\u0173 apibr\u0117\u017eimas ir ap\u017evalga<\/h3>\n<p>Kau\u0161o cilindras yra hidraulinio cilindro tipas, specialiai naudojamas valdyti kau\u0161\u0173 jud\u0117jim\u0105 sunkiosiose ma\u0161inose, tokiose kaip ekskavatoriai, ekskavatoriai ir frontaliniai krautuvai. Jis leid\u017eia kau\u0161ui jud\u0117ti tiksliai, o tai labai svarbu efektyviam kasimui ir med\u017eiag\u0173 tvarkymui. Hidraulin\u0117 sistema naudoja susl\u0117gt\u0105 skyst\u012f judesiui sukurti, tod\u0117l ma\u0161inos operatorius gali atlikti u\u017eduotis tiksliai ir greitai.<\/p>\n<h2>Pagrindin\u0117s str\u0117l\u0117s cilindro savyb\u0117s<\/h2>\n<ul>\n<li><strong>Didelis stiprumas ir ilgaam\u017ei\u0161kumas:<\/strong> Pagaminta i\u0161 didelio stiprumo plieno arba aliuminio, skirta atlaikyti auk\u0161t\u0105 sl\u0117g\u012f ir dideles apkrovas dirbant at\u0161iauriomis s\u0105lygomis.<\/li>\n<li><strong>Efektyvus hidraulinis valdymas:<\/strong> Naudoja hidraulin\u012f skyst\u012f, kad b\u016bt\u0173 u\u017etikrintas sklandus i\u0161pl\u0117timas ir \u012ftraukimas, u\u017etikrinant galingas st\u016bmimo ir traukimo galimybes sud\u0117tingoms u\u017eduotims atlikti.<\/li>\n<li><strong>\u012evair\u016bs tipai:<\/strong> Galima \u012fsigyti vienpusio arba dvipusio veikimo konfig\u016bracij\u0173, kad atitikt\u0173 \u012fvairius eksploatacinius reikalavimus; kai kurie modeliai yra teleskopiniai, kad b\u016bt\u0173 galima pasiekti didesn\u012f atstum\u0105 nedidinant i\u0161orini\u0173 matmen\u0173.<\/li>\n<li><strong>Atsparumas korozijai:<\/strong> Sukurta taip, kad b\u016bt\u0173 atspari dilimui ir korozijai, u\u017etikrinant ilgaam\u017ei\u0161kum\u0105 ir pastov\u0173 veikim\u0105 sud\u0117tingomis s\u0105lygomis.<\/li>\n<li><strong>Lengva prie\u017ei\u016bra:<\/strong> Sukurta paprastoms prie\u017ei\u016bros proced\u016broms, leid\u017eian\u010dioms greitai atlikti patikrinimus ir remont\u0105, kad b\u016bt\u0173 kuo ma\u017eiau prastov\u0173.<\/li>\n<\/ul>\n<p>M\u016bs\u0173 gaminiai sukurti taip, kad puikiai pakeist\u0173 \u0161iuos hidraulinius cilindrus, u\u017etikrindami skland\u0173 integravim\u0105 ir na\u0161umo gerinim\u0105.<\/p>\n<p><img decoding=\"async\" src=\"https:\/\/www.hydraulic-cylinders.net\/wp-content\/uploads\/2025\/04\/songte-cylinder-head-with-all-kinds-excavator-models.webp\" alt=\"Ekskavatori\u0173 modeliai\"><\/p>\n<h2>Str\u0117l\u0117s cilindro pritaikymas<\/h2>\n<ul>\n<li><strong>Statybin\u0117 \u012franga:<\/strong> \u0160ie cilindrai, randami ekskavatoriuose, yra b\u016btini kasant, kraunant ir perkeliant grunt\u0105 ar \u0161iuk\u0161les. Jie suteikia reikiam\u0105 j\u0117g\u0105, kad prasiskverbt\u0173 \u012f sunkias grunto s\u0105lygas, tod\u0117l kasimo darbai tampa efektyv\u016bs.<\/li>\n<li><strong>\u017dem\u0117s \u016bkio technika:<\/strong> \u0160ie cilindrai, naudojami priekiniuose krautuvuose dirvo\u017eemiui, \u0161ienui ir kitoms med\u017eiagoms semti, kelti ir transportuoti, padidina \u017eem\u0117s \u016bkio na\u0161um\u0105 ir efektyvum\u0105.<\/li>\n<li><strong>Ekskavatoriai:<\/strong> Kau\u0161o cilindrai leid\u017eia ekskavatoriams atlikti kasimo veiksmus, leisdami kau\u0161ui efektyviai \u012fsiskverbti \u012f dirv\u0105 ir taip palengvinant kasimo proces\u0105.<\/li>\n<li><strong>Krautuvai:<\/strong> Priekiniuose krautuvuose str\u0117l\u0117s cilindrai padeda efektyviai pakelti ir i\u0161versti med\u017eiagas, optimizuodami darbo ciklus \u012fvairiose srityse.<\/li>\n<\/ul>\n<h2>Projektavimo aspektai ir atrankos kriterijai<\/h2>\n<ul>\n<li><strong>Keliamoji galia:<\/strong> Renkantis str\u0117l\u0117s cilindr\u0105, labai svarbu u\u017etikrinti, kad jis atitikt\u0173 konkre\u010dioms reikm\u0117ms keliam\u0105j\u0105 gali\u0105. Cilindras turi atlaikyti maksimali\u0105 numatom\u0105 apkrov\u0105, kad b\u016bt\u0173 i\u0161vengta gedim\u0173 eksploatacijos metu.<\/li>\n<li><strong>Sandarumo vientisumas:<\/strong> Konstrukcijoje turi b\u016bti numatyti tvirti sandarinimo sprendimai, siekiant i\u0161vengti hidraulinio skys\u010dio nuot\u0117kio, u\u017etikrinant efektyv\u0173 veikim\u0105 ir suma\u017einant poveik\u012f aplinkai. Auk\u0161tos kokyb\u0117s sandarikliai palaiko sistemos sl\u0117g\u012f ir suma\u017eina prie\u017ei\u016bros poreik\u012f.<\/li>\n<li><strong>Patvarumas:<\/strong> Pasirinkus cilindr\u0105, pagamint\u0105 i\u0161 patvari\u0173 med\u017eiag\u0173, bus u\u017etikrinta, kad jis atlaikys intensyv\u0173 naudojim\u0105. Tokie veiksniai kaip atsparumas dilimui ir nuovargio trukm\u0117 yra labai svarb\u016bs norint i\u0161laikyti na\u0161um\u0105 laikui b\u0117gant.<\/li>\n<li><strong>Saugos funkcijos:<\/strong> Projekte tur\u0117t\u0173 b\u016bti numatyti saugos mechanizmai, tokie kaip apsauga nuo perkrov\u0173, siekiant i\u0161vengti \u017ealos netik\u0117t\u0173 j\u0117gos \u0161uoli\u0173 metu, u\u017etikrinant tiek operatori\u0173, tiek \u012frangos saugum\u0105.<\/li>\n<li><strong>Prieinamumas prie prie\u017ei\u016bros:<\/strong> Lengva prieiga techninei prie\u017ei\u016brai ir patikrai atlikti yra b\u016btina siekiant u\u017etikrinti ilgaam\u017ei\u0161kum\u0105 ir patikimum\u0105. Funkcijos, leid\u017eian\u010dios paprastai keisti alyv\u0105 ir sandariklius, gali \u017eymiai suma\u017einti prastovas.<\/li>\n<\/ul>\n<p><img decoding=\"async\" src=\"https:\/\/www.hydraulic-cylinders.net\/wp-content\/uploads\/2025\/04\/songte-oil-pipes-and-spare-parts.webp\" alt=\"Naftos vamzd\u017eiai ir atsargin\u0117s dalys\"><\/p>\n<h2>Hidraulinio cilindro sandarinimas ir tepimas<\/h2>\n<p>Str\u0117l\u0117s cilindro efektyvumas labai priklauso nuo jo sandarinimo ir tepimo sistem\u0173. \u012evair\u016bs sandarikliai, pavyzd\u017eiui, st\u016bmokli\u0173 ir stryp\u0173 sandarikliai, yra b\u016btini norint i\u0161laikyti hidraulinio skys\u010dio vientisum\u0105 ir i\u0161vengti nuot\u0117ki\u0173. I\u0161 poliuretano ir nitrilo kau\u010diuko pagaminti sandarikliai yra pageidaujami d\u0117l j\u0173 atsparumo dilimui ir ilgaam\u017ei\u0161kumo. Be to, cilindro korpusas ir srieginiai galiniai pavir\u0161iai yra kruop\u0161\u010diai apdorojami, kad padid\u0117t\u0173 atsparumas dilimui. Reguliarus tepimas hidrauline alyva taip pat yra labai svarbus, nes tai suma\u017eina judan\u010di\u0173 dali\u0173 trint\u012f ir dilim\u0105, u\u017etikrina skland\u0173 veikim\u0105 ir pailgina cilindro tarnavimo laik\u0105.<\/p>\n<h2>Prevencin\u0117s prie\u017ei\u016bros priemon\u0117s<\/h2>\n<ul>\n<li><strong>Reguliar\u016bs patikrinimai:<\/strong> Reguliariai tikrinkite hidraulin\u012f cilindr\u0105, ar n\u0117ra susid\u0117v\u0117jimo, nuot\u0117kio ir na\u0161umo problem\u0173, kad anksti pasteb\u0117tum\u0117te galimas problemas.<\/li>\n<li><strong>Tinkamas tepimas:<\/strong> \u012esitikinkite, kad hidraulin\u0117s alyvos lygis yra pakankamas, ir kad alyva kei\u010diama rekomenduojamais intervalais, siekiant u\u017etikrinti efektyv\u0173 veikim\u0105.<\/li>\n<li><strong>Sandariklio keitimas:<\/strong> Reguliariai tikrinkite ir prireikus keiskite sandariklius, kad i\u0161vengtum\u0117te skys\u010di\u0173 nuot\u0117kio ir u\u017etikrintum\u0117te hidraulin\u0117s sistemos vientisum\u0105.<\/li>\n<\/ul>\n<h2>\u012erengimo gair\u0117s<\/h2>\n<p>Tinkamas str\u0117l\u0117s cilindro montavimas yra labai svarbus jo veikimui ir ilgaam\u017ei\u0161kumui. Atlikite \u0161iuos veiksmus:<\/p>\n<ol>\n<li>Prie\u0161 montuodami \u012fsitikinkite, kad visi komponentai yra \u0161var\u016bs ir be dulki\u0173.<\/li>\n<li>Tinkamai sulygiuokite cilindr\u0105 su ekskavatoriaus tvirtinimo ta\u0161kais, kad i\u0161vengtum\u0117te per didelio \u012ftempimo.<\/li>\n<li>Naudokite tinkamus tvirtinimo laikiklius, kad pritvirtintum\u0117te cilindr\u0105 vietoje ir u\u017etikrintum\u0117te stabilum\u0105 eksploatacijos metu.<\/li>\n<li>Prie\u0161 naudodami mechanizm\u0105, dar kart\u0105 patikrinkite visas hidraulines jungtis, ar n\u0117ra sandarumo ir ar n\u0117ra nuot\u0117ki\u0173.<\/li>\n<li>\u012edieg\u0119, paleiskite mechanizm\u0105 ma\u017eu grei\u010diu, kad \u012fsitikintum\u0117te, jog jis tinkamai veikia ir yra suderintas.<\/li>\n<\/ol>\n<h2>\u012eprastos prie\u017ei\u016bros u\u017eduotys<\/h2>\n<ul>\n<li><strong>Reguliar\u016bs patikrinimai:<\/strong> Reguliar\u016bs patikrinimai leid\u017eia anksti aptikti tokias problemas kaip nuot\u0117kiai ar susid\u0117v\u0117jimas, o tai gali pad\u0117ti i\u0161vengti didesni\u0173 problem\u0173 ateityje.<\/li>\n<li><strong>Tinkamas tepimas:<\/strong> Tinkamas tepimas yra b\u016btinas norint suma\u017einti judan\u010di\u0173 dali\u0173 trint\u012f ir nusid\u0117v\u0117jim\u0105, pagerinti cilindro na\u0161um\u0105 ir tarnavimo laik\u0105.<\/li>\n<li><strong>Sandariklio keitimas:<\/strong> Reguliariai kei\u010diami sandarikliai padeda palaikyti sl\u0117g\u012f ir suma\u017einti hidraulinio skys\u010dio nuot\u0117kio rizik\u0105, kuri gali tur\u0117ti \u012ftakos bendram sistemos veikimui.<\/li>\n<\/ul>\n<h2>Saugos aspektai ir aplinkos veiksniai<\/h2>\n<p>Naudojant hidraulinius cilindrus, itin svarbu \u012fdiegti saugos priemones. Operatoriai tur\u0117t\u0173 b\u016bti apmokyti atpa\u017einti galim\u0173 gedim\u0173 po\u017eymius, tokius kaip ne\u012fprasti garsai ar veikimo neatitikimai. Tinkamas hidraulini\u0173 ma\u0161in\u0173 valdymas ir eksploatavimas gali pad\u0117ti i\u0161vengti nelaiming\u0173 atsitikim\u0173. Be to, norint suma\u017einti poveik\u012f aplinkai, labai svarbu palaikyti \u0161vari\u0105 darbo viet\u0105 ir atsakingai naudoti hidraulinius skys\u010dius.<\/p>\n<h2>Trik\u010di\u0173 \u0161alinimas ir da\u017eniausiai pasitaikan\u010dios problemos<\/h2>\n<ul>\n<li><strong>Nuot\u0117kis:<\/strong> Patikrinkite sandariklius ir jungtis, ar n\u0117ra susid\u0117v\u0117jimo ar pa\u017eeidim\u0173, ir prireikus pakeiskite.<\/li>\n<li><strong>L\u0117tas veikimas:<\/strong> Patikrinkite hidraulinio skys\u010dio lyg\u012f ir filtrus, \u012fsitikindami, kad sistemoje n\u0117ra u\u017esikim\u0161im\u0173 ar nuot\u0117ki\u0173.<\/li>\n<li><strong>Netik\u0117ti judesiai:<\/strong> Patikrinkite valdymo sistem\u0173 ir jutikli\u0173 tikslum\u0105; jei reikia, pakartotinai kalibruokite.<\/li>\n<\/ul>\n<p>Nor\u0117dami i\u0161vengti problem\u0173, reguliariai pri\u017ei\u016br\u0117kite savo \u012frang\u0105 ir laikykit\u0117s gamintojo nurodym\u0173, kad suma\u017eintum\u0117te su hidraulini\u0173 cilindr\u0173 gedimais susijusi\u0105 rizik\u0105.<\/p>\n<p><img decoding=\"async\" src=\"https:\/\/www.hydraulic-cylinders.net\/wp-content\/uploads\/2025\/04\/songte-bushings-with-all-kinds-of-excavator-models.webp\" alt=\"\u012evori\u0173 modeliai\"><\/p>\n<h2>\u012emon\u0117s ap\u017evalga<\/h2>\n<p>Esame pirmaujantis pakaitini\u0173 hidraulini\u0173 cilindr\u0173 gamintojas, si\u016blantis plat\u0173 gamini\u0173 asortiment\u0105 vidaus ir tarptautin\u0117ms rinkoms. M\u016bs\u0173 \u012fsipareigojim\u0105 siekti nepriekai\u0161tingos kokyb\u0117s palaiko patobulinta gamybos strategija, naudojant pa\u017eangi\u0105 skaitmenin\u0119 gamybos \u012frang\u0105 ir specializuotas tikrinimo sistemas. Nuolat tobuliname savo gamybos paj\u0117gumus, u\u017etikrindami auk\u0161t\u0105 efektyvum\u0105, tikslum\u0105 ir kokyb\u0119, kad patenkintume \u012fvairius klient\u0173 poreikius. M\u016bs\u0173 patirtis apima individualias paslaugas, profesional\u0173 palaikym\u0105 ir tarptautinius sertifikatus, tod\u0117l esame patikimas partneris hidraulini\u0173 cilindr\u0173 pramon\u0117je.<\/p>\n<p><img decoding=\"async\" src=\"https:\/\/www.hydraulic-cylinders.net\/wp-content\/uploads\/2025\/04\/songte-company-4.webp\" alt=\"\u012emon\u0117s ap\u017evalga 4\"><br \/>\n<img decoding=\"async\" src=\"https:\/\/www.hydraulic-cylinders.net\/wp-content\/uploads\/2025\/04\/songte-company-3.webp\" alt=\"\u012emon\u0117s ap\u017evalga 3\"><\/p>\n<p>Autorius: lyl<\/p>","protected":false},"excerpt":{"rendered":"<p>Boom Cylinder For Caterpillar Middle Excavator E323DL\/323D2L Product Overview The Boom Cylinder is a crucial component in the hydraulic system of heavy machinery, specifically designed for Caterpillar excavators such as the E323DL and E323D2L. This hydraulic cylinder controls the movement of the boom, enabling various tasks such as lifting, lowering, and tilting. The operation of [&hellip;]<\/p>","protected":false},"featured_media":17868,"comment_status":"open","ping_status":"closed","template":"","meta":{"_et_pb_use_builder":"","_et_pb_old_content":"","_et_gb_content_width":""},"product_brand":[],"product_cat":[1546],"product_tag":[1547,1496],"class_list":{"0":"post-18956","1":"product","2":"type-product","3":"status-publish","4":"has-post-thumbnail","6":"product_cat-boom-cylinders","7":"product_tag-boom-cylinders","8":"product_tag-hydraulic-cylinders","10":"first","11":"instock","12":"shipping-taxable","13":"product-type-simple"},"amp_enabled":true,"_links":{"self":[{"href":"https:\/\/www.hydraulic-cylinders.net\/lt\/wp-json\/wp\/v2\/product\/18956","targetHints":{"allow":["GET"]}}],"collection":[{"href":"https:\/\/www.hydraulic-cylinders.net\/lt\/wp-json\/wp\/v2\/product"}],"about":[{"href":"https:\/\/www.hydraulic-cylinders.net\/lt\/wp-json\/wp\/v2\/types\/product"}],"replies":[{"embeddable":true,"href":"https:\/\/www.hydraulic-cylinders.net\/lt\/wp-json\/wp\/v2\/comments?post=18956"}],"wp:featuredmedia":[{"embeddable":true,"href":"https:\/\/www.hydraulic-cylinders.net\/lt\/wp-json\/wp\/v2\/media\/17868"}],"wp:attachment":[{"href":"https:\/\/www.hydraulic-cylinders.net\/lt\/wp-json\/wp\/v2\/media?parent=18956"}],"wp:term":[{"taxonomy":"product_brand","embeddable":true,"href":"https:\/\/www.hydraulic-cylinders.net\/lt\/wp-json\/wp\/v2\/product_brand?post=18956"},{"taxonomy":"product_cat","embeddable":true,"href":"https:\/\/www.hydraulic-cylinders.net\/lt\/wp-json\/wp\/v2\/product_cat?post=18956"},{"taxonomy":"product_tag","embeddable":true,"href":"https:\/\/www.hydraulic-cylinders.net\/lt\/wp-json\/wp\/v2\/product_tag?post=18956"}],"curies":[{"name":"wp","href":"https:\/\/api.w.org\/{rel}","templated":true}]}}