{"id":18959,"date":"2025-04-07T06:04:19","date_gmt":"2025-04-07T06:04:19","guid":{"rendered":"https:\/\/www.hydraulic-cylinders.net\/product\/boom-cylinder-for-caterpillar-large-excavator-e329dzl\/"},"modified":"2025-04-07T06:04:21","modified_gmt":"2025-04-07T06:04:21","slug":"boom-cylinder-for-caterpillar-large-excavator-e329dzl","status":"publish","type":"product","link":"https:\/\/www.hydraulic-cylinders.net\/lt\/produktas\/boom-cylinder-for-caterpillar-large-excavator-e329dzl\/","title":{"rendered":"Str\u0117l\u0117s cilindras Caterpillar dideliam ekskavatoriui E329DZL"},"content":{"rendered":"<h1>Str\u0117l\u0117s cilindras Caterpillar dideliam ekskavatoriui E329DZL<\/h1>\n<h2>\u012evadas \u012f str\u0117l\u0117s cilindr\u0105<\/h2>\n<p>Str\u0117l\u0117s cilindras yra labai svarbus sunkiosios technikos komponentas, specialiai sukurtas valdyti kau\u0161o jud\u0117jim\u0105 ekskavatoriuose, ekskavatoriuose ir frontaliniuose krautuvuose. \u0160is hidraulinis cilindras leid\u017eia kau\u0161\u0105 pakelti, nuleisti ir pakreipti, palengvindamas \u012fvairius med\u017eiag\u0173 tvarkymo darbus. Str\u0117l\u0117s cilindras veikia hidraulin\u0117je sistemoje, kuri jud\u0117jimui generuoti naudoja skys\u010dio sl\u0117g\u012f. Tvirta konstrukcija u\u017etikrina patikimum\u0105 ir efektyvum\u0105 sud\u0117tingomis s\u0105lygomis, tod\u0117l jis yra b\u016btinas statybose ir \u017eem\u0117s \u016bkio reikm\u0117ms.<\/p>\n<p><img decoding=\"async\" src=\"https:\/\/www.hydraulic-cylinders.net\/wp-content\/uploads\/2025\/04\/songte-company-1.webp\" alt=\"Str\u0117l\u0117s cilindras\" \/><\/p>\n<h2>Pagrindin\u0117s str\u0117l\u0117s cilindro savyb\u0117s<\/h2>\n<ul>\n<li><strong>Didelis stiprumas ir ilgaam\u017ei\u0161kumas:<\/strong> Pagamintas i\u0161 didelio stiprumo plieno arba aliuminio, str\u0117l\u0117s cilindras gali atlaikyti auk\u0161t\u0105 sl\u0117g\u012f ir dideles apkrovas, tod\u0117l tinka at\u0161iaurioms darbo s\u0105lygoms.<\/li>\n<li><strong>Efektyvus hidraulinis valdymas:<\/strong> Jis naudoja hidraulin\u0117s alyvos sl\u0117g\u012f skland\u017eiam i\u0161st\u016bmimui ir \u012ftraukimui, tod\u0117l greitai reaguoti \u012f valdymo komandas ir u\u017etikrinti didel\u0119 st\u016bmimo bei traukimo j\u0117g\u0105.<\/li>\n<li><strong>Tip\u0173 \u012fvairov\u0117:<\/strong> Kad atitikt\u0173 skirtingus eksploatavimo poreikius, kai kurie modeliai yra teleskopiniai, tod\u0117l juos galima labiau i\u0161tiesti nedidinant i\u0161orini\u0173 matmen\u0173. Galimi vienpusio veikimo (hidraulinis veikimas viena kryptimi) ir dvigubo veikimo (hidraulinis veikimas abiem kryptimis) konfig\u016bracijos.<\/li>\n<\/ul>\n<h2>M\u016bs\u0173 gamybos paj\u0117gumai<\/h2>\n<p>Mes specializuojam\u0117s \u0161i\u0173 hidraulini\u0173 cilindr\u0173 gamyboje, si\u016blydami puikius \u012fvairi\u0173 modeli\u0173 pakaitalus.<\/p>\n<p><img decoding=\"async\" src=\"https:\/\/www.hydraulic-cylinders.net\/wp-content\/uploads\/2025\/04\/songte-cylinder-head-with-all-kinds-excavator-models.webp\" alt=\"Hidraulini\u0173 cilindr\u0173 modeliai\" \/><\/p>\n<h2>Str\u0117l\u0117s cilindro pritaikymas<\/h2>\n<h3>Statybin\u0117 \u012franga<\/h3>\n<p>Ekskavatoriuose str\u0117l\u0117s cilindras atlieka esmin\u012f vaidmen\u012f kasant, kraunant ir perkeliant grunt\u0105 ar \u0161iuk\u0161les. Jis suteikia reikiam\u0105 j\u0117g\u0105, kad kau\u0161as efektyviai \u012fsiskverbt\u0173 \u012f \u017eem\u0119, u\u017etikrindamas efektyvius kasimo procesus. Ekskavatoriuose kau\u0161o cilindras padeda tiek kasimo, tiek k\u0117limo operacijose, padidindamas bendr\u0105 na\u0161um\u0105 statybviet\u0117se.<\/p>\n<h3>\u017dem\u0117s \u016bkio technika<\/h3>\n<p>Priekiniuose krautuvuose str\u0117l\u0117s cilindras yra labai svarbus semiant, keliant ir transportuojant dirvo\u017eem\u012f, \u0161ien\u0105 ir kitas med\u017eiagas. \u0160i funkcija leid\u017eia \u016bkininkams efektyviai valdyti i\u0161teklius ir supaprastinti \u012fvairias \u017eem\u0117s \u016bkio u\u017eduotis \u2013 nuo \u200b\u200bsunkve\u017eimi\u0173 pakrovimo iki med\u017eiag\u0173 paskleidimo laukuose.<\/p>\n<h3>Ekskavatoriai<\/h3>\n<p>Str\u0117l\u0117s cilindras leid\u017eia ekskavatoriams atlikti kasimo veiksmus, leisdamas kau\u0161ui \u012fsiskverbti \u012f \u017eem\u0119. Jo hidraulin\u0117 galia yra gyvybi\u0161kai svarbi norint atlikti tikslius judesius ir u\u017etikrinti optimal\u0173 na\u0161um\u0105 kasant tran\u0161\u0117jas ar pamatus.<\/p>\n<h3>Krautuvai<\/h3>\n<p>Priekiniuose krautuvuose str\u0117l\u0117s cilindrai padeda efektyviai pakelti ir i\u0161versti krovinius. Jie suteikia reikiam\u0105 hidraulin\u0119 gali\u0105 sunkiems kroviniams valdyti, tod\u0117l operacijos tampa greitesn\u0117s ir suma\u017e\u0117ja rankinis darbas.<\/p>\n<h2>Projektavimo aspektai ir atrankos kriterijai<\/h2>\n<h3>Keliamoji galia<\/h3>\n<p>Renkantis str\u0117l\u0117s cilindr\u0105, svarbiausia yra keliamoji galia. Jis turi atlaikyti maksimal\u0173 svor\u012f, kur\u012f reik\u0117s pakelti, u\u017etikrinant saugum\u0105 ir patikimum\u0105 eksploatacijos metu. Skai\u010diuojant reikiam\u0105 keliam\u0105j\u0105 gali\u0105, reikia atsi\u017evelgti \u012f perkeliamos med\u017eiagos tip\u0105, bendr\u0105 ma\u0161inos svor\u012f ir aplinkos s\u0105lygas. Gerai suprojektuotas cilindras tur\u0117s didesn\u0119 keliam\u0105j\u0105 gali\u0105 nepakenkdamas savo konstrukciniam vientisumui.<\/p>\n<h3>Sandarumas ir ilgaam\u017ei\u0161kumas<\/h3>\n<p>Efektyvus sandarinimas yra labai svarbus hidraulini\u0173 cilindr\u0173 ilgaam\u017ei\u0161kumui. Auk\u0161tos kokyb\u0117s sandarikliai apsaugo nuo skys\u010dio nutek\u0117jimo ir u\u017eter\u0161imo, u\u017etikrindami optimal\u0173 veikim\u0105. Sandarinimo med\u017eiag\u0173, toki\u0173 kaip poliuretanas arba nitrilo kau\u010diukas, pasirinkimas yra svarbus, nes jos turi b\u016bti atsparios dilimui ir i\u0161laikyti vientisum\u0105 esant sl\u0117giui. Be to, cilindro konstrukcija tur\u0117t\u0173 leisti lengvai pakeisti sandarikl\u012f, kad b\u016bt\u0173 lengviau pri\u017ei\u016br\u0117ti.<\/p>\n<h3>Sauga ir prie\u017ei\u016bra<\/h3>\n<p>\u012e str\u0117l\u0117s cilindr\u0173 konstrukcij\u0105 tur\u0117t\u0173 b\u016bti integruotos saugos funkcijos. Tai gali b\u016bti sl\u0117gio ma\u017einimo vo\u017etuvai, skirti i\u0161vengti perkrovos, ir mechanizmai, u\u017etikrinantys cilindro veikim\u0105 net ekstremaliomis s\u0105lygomis. Reguliar\u016bs technin\u0117s prie\u017ei\u016bros patikrinimai yra b\u016btini norint anksti nustatyti susid\u0117v\u0117jim\u0105 ir u\u017etikrinti saug\u0173 cilindro veikim\u0105 vis\u0105 jo eksploatavimo laik\u0105.<\/p>\n<p><img decoding=\"async\" src=\"https:\/\/www.hydraulic-cylinders.net\/wp-content\/uploads\/2025\/04\/songte-oil-pipes-and-spare-parts.webp\" alt=\"Naftos vamzd\u017eiai ir atsargin\u0117s dalys\" \/><\/p>\n<h2>Sandarinimas ir tepimas<\/h2>\n<p>Tinkamas sandarinimas ir tepimas yra gyvybi\u0161kai svarb\u016bs efektyviam hidraulini\u0173 cilindr\u0173 veikimui. \u012evair\u016bs sandarikliai, pavyzd\u017eiui, st\u016bmokli\u0173 ir stryp\u0173 sandarikliai, naudojami siekiant u\u017etikrinti, kad hidraulinis skystis likt\u0173 cilindre. Pasirinkus sandariklius, pagamintus i\u0161 patvari\u0173 med\u017eiag\u0173, toki\u0173 kaip poliuretanas arba nitrilo kau\u010diukas, galima pailginti j\u0173 tarnavimo laik\u0105. Cilindro korpusas ir srieginiai galai yra tiksliai apdirbami, siekiant pagerinti atsparum\u0105 dilimui. Taip pat svarbu reguliariai pildyti sistem\u0105 tinkama hidrauline alyva, kad b\u016bt\u0173 palaikomas tepimas ir i\u0161vengta pa\u017eeidim\u0173 d\u0117l trinties.<\/p>\n<h2>Reguliarus patikrinimas ir prevencin\u0117 prie\u017ei\u016bra<\/h2>\n<ul>\n<li><strong>Planiniai patikrinimai:<\/strong> Reguliariai tikrinkite, ar cilindras ir sandarikliai n\u0117ra susid\u0117v\u0117j\u0119 ar pa\u017eeisti. Eksploatacijos metu ie\u0161kokite nuot\u0117ki\u0173 ar ne\u012fprast\u0173 gars\u0173, kurie gali rodyti pagrindin\u0119 problem\u0105.<\/li>\n<li><strong>Tinkamas tepimas:<\/strong> \u012esitikinkite, kad hidraulin\u0117s alyvos lygis yra pakankamas ir kad naudojama tinkamo tipo alyva optimaliam veikimui. Tai padeda suma\u017einti trint\u012f ir komponent\u0173 susid\u0117v\u0117jim\u0105.<\/li>\n<li><strong>Sandariklio keitimas:<\/strong> Steb\u0117kite sandarikli\u0173 b\u016bkl\u0119 ir prireikus juos pakeiskite, kad i\u0161vengtum\u0117te nuot\u0117ki\u0173 ir i\u0161laikytum\u0117te hidraulin\u012f efektyvum\u0105.<\/li>\n<\/ul>\n<h2>\u012erengimo gair\u0117s<\/h2>\n<p>Teisingas str\u0117l\u0117s cilindro montavimas yra labai svarbus efektyviam jo veikimui. Prad\u0117kite nuo tinkamo cilindro sulygiavimo, kad i\u0161vengtum\u0117te nesuderinamumo, kuris gali sukelti prie\u0161laikin\u012f susid\u0117v\u0117jim\u0105. Cilindrui pritvirtinti naudokite tinkamus tvirtinimo laikiklius, u\u017etikrindami, kad jis b\u016bt\u0173 stabilus ir veikimo metu nevibruot\u0173. Montuodami b\u016btinai laikykit\u0117s gamintojo nurodym\u0173 d\u0117l sukimo momento nustatym\u0173 ir hidraulini\u0173 jung\u010di\u0173. Po montavimo atlikite sl\u0117gio bandym\u0105, kad \u012fsitikintum\u0117te, jog n\u0117ra nuot\u0117ki\u0173 ir kad sistema veikia taip, kaip numatyta. Tinkamas reguliavimas ir kalibravimas \u0161iame etape gali \u017eymiai pailginti cilindro tarnavimo laik\u0105 ir na\u0161um\u0105.<\/p>\n<p><img decoding=\"async\" src=\"https:\/\/www.hydraulic-cylinders.net\/wp-content\/uploads\/2025\/04\/songte-chushion-collar.webp\" alt=\"Pagalv\u0117l\u0117s apykakl\u0117\" \/><\/p>\n<h2>Saugos aspektai ir aplinkos veiksniai<\/h2>\n<p>Dirbant su hidrauliniais cilindrais, itin svarbu \u012fgyvendinti saugos priemones. Operatoriai tur\u0117t\u0173 b\u016bti apmokyti saugaus darbo su jais praktikos ir suprasti tinkam\u0173 asmenini\u0173 apsaugos priemoni\u0173 (AAP) naudojimo svarb\u0105. Be to, reik\u0117t\u0173 atsi\u017evelgti \u012f aplinkos veiksnius; reguliari hidraulini\u0173 skys\u010di\u0173 prie\u017ei\u016bra ir tinkamas \u0161alinimas yra b\u016btini siekiant suma\u017einti poveik\u012f aplinkai ir u\u017etikrinti atitikt\u012f reglamentams.<\/p>\n<h2>Da\u017eniausiai pasitaikan\u010di\u0173 problem\u0173 \u0161alinimas<\/h2>\n<ul>\n<li><strong>Nuot\u0117kis:<\/strong> Jei i\u0161 cilindro teka hidraulinis skystis, patikrinkite, ar sandarikliai n\u0117ra susid\u0117v\u0117j\u0119 ar pa\u017eeisti, ir prireikus juos pakeiskite.<\/li>\n<li><strong>Suma\u017eintas na\u0161umas:<\/strong> Suma\u017e\u0117jusi keliamoji galia gali rodyti \u017eem\u0105 hidraulinio skys\u010dio lyg\u012f arba sistemos u\u017eter\u0161tum\u0105. Rekomenduojama reguliariai tikrinti ir keisti skys\u010dius.<\/li>\n<li><strong>Ne\u012fprasti garsai:<\/strong> \u010ciurks\u0117jimas ar bildesys eksploatacijos metu gali rodyti vidinius pa\u017eeidimus arba neteising\u0105 sulygiavim\u0105. B\u016btina nedelsiant ap\u017ei\u016br\u0117ti, kad b\u016bt\u0173 i\u0161vengta tolesni\u0173 komplikacij\u0173.<\/li>\n<\/ul>\n<h2>Trik\u010di\u0173 \u0161alinimo patarimai<\/h2>\n<p>Nor\u0117dami veiksmingai diagnozuoti ir i\u0161spr\u0119sti problemas, operatoriai tur\u0117t\u0173 tvarkyti i\u0161sam\u0173 technin\u0117s prie\u017ei\u016bros \u017eurnal\u0105, kuriame b\u016bt\u0173 dokumentuojami visi neatitikimai. Reguliariai planuojama technin\u0117 prie\u017ei\u016bra gali pad\u0117ti pasteb\u0117ti galimas problemas, kol jos nepablog\u0117jo. Atsargini\u0173 dali\u0173 prieinamumas remontui gali suma\u017einti prastovas. Be to, darbuotoj\u0173 mokymas apie da\u017eniausiai kylan\u010dias problemas ir j\u0173 sprendimus gali pad\u0117ti grei\u010diau reaguoti \u012f problemas.<\/p>\n<p><img decoding=\"async\" src=\"https:\/\/www.hydraulic-cylinders.net\/wp-content\/uploads\/2025\/04\/songte-bushings-with-all-kinds-of-excavator-models.webp\" alt=\"Ekskavatori\u0173 modeli\u0173 \u012fvor\u0117s\" \/><\/p>\n<h2>Apie m\u016bs\u0173 \u012fmon\u0119<\/h2>\n<p>Esame pirmaujanti hidraulini\u0173 cilindr\u0173 gamintoja ir didmeninink\u0117, si\u016blanti plat\u0173 gamini\u0173 asortiment\u0105, skirt\u0105 tiek vidaus, tiek tarptautinei rinkai. M\u016bs\u0173 \u012fsipareigojimas siekti meistri\u0161kumo skatina mus \u012fgyvendinti patobulintas gamybos valdymo strategijas. Siekdami padidinti savo gamybos paj\u0117gumus, naudojame pa\u017eangiausias technologijas, kvalifikuot\u0105 personal\u0105 ir pa\u017eangias bandym\u0173 sistemas. D\u0117mesys dideliam efektyvumui, tikslumui ir kokybei leid\u017eia mums efektyviai patenkinti \u012fvairius klient\u0173 reikalavimus.<\/p>\n<p><img decoding=\"async\" src=\"https:\/\/www.hydraulic-cylinders.net\/wp-content\/uploads\/2025\/04\/songte-company-4.webp\" alt=\"\u012emon\u0117s paveiksl\u0117lis 1\" \/><br \/>\n<img decoding=\"async\" src=\"https:\/\/www.hydraulic-cylinders.net\/wp-content\/uploads\/2025\/04\/songte-company-3.webp\" alt=\"\u012emon\u0117s paveiksl\u0117lis 2\" \/><\/p>\n<p>M\u016bs\u0173 profesionalum\u0105 patvirtina tarptautiniai sertifikatai, u\u017etikrinantys, kad m\u016bs\u0173 produktai atitinka grie\u017etus kokyb\u0117s standartus. Si\u016blome individualiai pritaikytas paslaugas, pritaikytas konkretiems klient\u0173 poreikiams, pasitelkdami moderniausi\u0105 gamybos \u012frang\u0105. M\u016bs\u0173 garantinio aptarnavimo tarnyba garantuoja klient\u0173 pasitenkinim\u0105 ir teikia pagalb\u0105 ilgai po pirmojo pirkimo.<\/p>\n<p>Autorius: lyl<\/p>","protected":false},"excerpt":{"rendered":"<p>Boom Cylinder For Caterpillar Large Excavator E329DZL Introduction to Boom Cylinder The boom cylinder is a crucial component in heavy machinery, specifically designed to control the movement of the bucket in excavators, backhoes, and front loaders. This hydraulic cylinder enables the bucket to lift, lower, and tilt, facilitating various material handling tasks. The boom cylinder [&hellip;]<\/p>","protected":false},"featured_media":17871,"comment_status":"open","ping_status":"closed","template":"","meta":{"_et_pb_use_builder":"","_et_pb_old_content":"","_et_gb_content_width":""},"product_brand":[],"product_cat":[1546],"product_tag":[1547,1496],"class_list":{"0":"post-18959","1":"product","2":"type-product","3":"status-publish","4":"has-post-thumbnail","6":"product_cat-boom-cylinders","7":"product_tag-boom-cylinders","8":"product_tag-hydraulic-cylinders","10":"first","11":"instock","12":"shipping-taxable","13":"product-type-simple"},"amp_enabled":true,"_links":{"self":[{"href":"https:\/\/www.hydraulic-cylinders.net\/lt\/wp-json\/wp\/v2\/product\/18959","targetHints":{"allow":["GET"]}}],"collection":[{"href":"https:\/\/www.hydraulic-cylinders.net\/lt\/wp-json\/wp\/v2\/product"}],"about":[{"href":"https:\/\/www.hydraulic-cylinders.net\/lt\/wp-json\/wp\/v2\/types\/product"}],"replies":[{"embeddable":true,"href":"https:\/\/www.hydraulic-cylinders.net\/lt\/wp-json\/wp\/v2\/comments?post=18959"}],"wp:featuredmedia":[{"embeddable":true,"href":"https:\/\/www.hydraulic-cylinders.net\/lt\/wp-json\/wp\/v2\/media\/17871"}],"wp:attachment":[{"href":"https:\/\/www.hydraulic-cylinders.net\/lt\/wp-json\/wp\/v2\/media?parent=18959"}],"wp:term":[{"taxonomy":"product_brand","embeddable":true,"href":"https:\/\/www.hydraulic-cylinders.net\/lt\/wp-json\/wp\/v2\/product_brand?post=18959"},{"taxonomy":"product_cat","embeddable":true,"href":"https:\/\/www.hydraulic-cylinders.net\/lt\/wp-json\/wp\/v2\/product_cat?post=18959"},{"taxonomy":"product_tag","embeddable":true,"href":"https:\/\/www.hydraulic-cylinders.net\/lt\/wp-json\/wp\/v2\/product_tag?post=18959"}],"curies":[{"name":"wp","href":"https:\/\/api.w.org\/{rel}","templated":true}]}}