{"id":1896,"date":"2023-10-19T06:24:49","date_gmt":"2023-10-19T06:24:49","guid":{"rendered":"https:\/\/hydraulic-cylinders.net\/?post_type=product&#038;p=1896"},"modified":"2025-04-11T02:51:56","modified_gmt":"2025-04-11T02:51:56","slug":"open-tbm-thrust-cylinder","status":"publish","type":"product","link":"https:\/\/www.hydraulic-cylinders.net\/lt\/produktas\/open-tbm-thrust-cylinder\/","title":{"rendered":"Atviras TBM traukos cilindras"},"content":{"rendered":"<h1 style=\"text-align: center;\"><strong>Atviras TBM traukos cilindras<\/strong><\/h1>\n<p><img loading=\"lazy\" decoding=\"async\" class=\"aligncenter wp-image-1897\" src=\"https:\/\/hydraulic-cylinders.net\/wp-content\/uploads\/2023\/10\/thrust-cylinder-1-2-300x300.webp\" alt=\"\" width=\"400\" height=\"400\" \/><\/p>\n<p>Atviro tipo TBM traukos cilindras yra pa\u017eangus hidraulinis komponentas, skirtas tuneli\u0173 gr\u0119\u017eimo ma\u0161in\u0173 (TBMS) galiai ir efektyvumui optimizuoti. \u0160is specializuotas cilindras atlieka gyvybi\u0161kai svarb\u0173 vaidmen\u012f u\u017etikrinant reikiam\u0105 traukos j\u0117g\u0105 TBM jud\u0117jimui \u012f priek\u012f kasimo metu. \u0160iame informatyviame straipsnyje aptarsime pagrindines atviro tipo TBM traukos cilindro charakteristikas, naudojimo b\u016bdus ir prie\u017ei\u016bros gaires.<\/p>\n<p>Atviro tipo TBM traukos cilindras yra galingas hidraulinis komponentas, kuris padidina tuneli\u0173 gr\u0119\u017eimo operacij\u0173 efektyvum\u0105 ir na\u0161um\u0105. D\u0117l didel\u0117s traukos j\u0117gos, tikslaus valdymo, patvarumo ir saugos funkcij\u0173 \u0161is cilindras u\u017etikrina skland\u0173 ir patikim\u0105 TBM jud\u0117jim\u0105 \u012f priek\u012f. Laikantis rekomenduojam\u0173 naudojimo metod\u0173 ir reguliarios prie\u017ei\u016bros praktikos, atviro tipo TBM traukos cilindras ir toliau u\u017etikrins puik\u0173 na\u0161um\u0105, prisid\u0117damas prie tuneli\u0173 kasimo projekt\u0173 s\u0117km\u0117s. Pakelkite savo tuneli\u0173 gr\u0119\u017eimo operacij\u0173 lyg\u012f su atviro tipo TBM traukos cilindro teikiama galia ir efektyvumu.<\/p>\n<p>Atviro tipo TBM traukos cilindro pagrindin\u0117s charakteristikos:<\/p>\n<ol>\n<li>Tvirta traukos j\u0117ga: Atviro tipo TBM traukos cilindras u\u017etikrina tvirt\u0105 traukos j\u0117g\u0105, leid\u017eian\u010di\u0105 TBM \u012fveikti sud\u0117tingas geologines formacijas. D\u0117l didel\u0117s keliamosios galios ir tikslios konstrukcijos \u0161is cilindras u\u017etikrina efektyv\u0173 ir patikim\u0105 jud\u0117jim\u0105 \u012f priek\u012f, sutrumpindamas projekto terminus ir padidindamas na\u0161um\u0105.<\/li>\n<li>Tikslus valdymas: \u0160is cilindras, apr\u016bpintas pa\u017eangiomis hidraulin\u0117mis sistemomis, leid\u017eia tiksliai valdyti TBM sukuriam\u0105 st\u016bmos j\u0117g\u0105. Operatoriai gali reguliuoti cilindro i\u0161pl\u0117tim\u0105 ir \u012ftraukim\u0105, kad tiksliai suderint\u0173 TBM progres\u0105, u\u017etikrindami optimal\u0173 kasimo greit\u012f ir tikslum\u0105.<\/li>\n<li>Padidintas patvarumas: Pagamintas i\u0161 auk\u0161tos kokyb\u0117s med\u017eiag\u0173, atviras TBM traukos cilindras yra sukurtas taip, kad atlaikyt\u0173 sud\u0117tingas s\u0105lygas, su kuriomis susiduriama gr\u0119\u017eiant tunelius. Jis gali atlaikyti auk\u0161t\u0105 sl\u0117g\u012f, sm\u016bgius ir vibracij\u0105, u\u017etikrindamas ilgalaik\u012f patvarum\u0105, suma\u017eindamas prastovas ir prie\u017ei\u016bros i\u0161laidas.<\/li>\n<li>Saugos funkcijos: Atviro tipo TBM traukos cilindre yra saugos funkcijos, tokios kaip apsauga nuo perkrovos ir avarinio stabdymo mechanizmai. \u0160ios funkcijos padeda i\u0161vengti per dideli\u0173 j\u0117g\u0173 poveikio cilindrui, u\u017etikrinant TBM operatori\u0173 saugum\u0105 ir suma\u017einant \u012frangos sugadinimo rizik\u0105.<\/li>\n<\/ol>\n<h2><strong>Atviro TBM traukos cilindro parametras:<\/strong><\/h2>\n<table border=\"1\" cellspacing=\"0\" cellpadding=\"0\">\n<tbody>\n<tr>\n<td>Produkto pavadinimas<\/td>\n<td>Atviro tunelio gr\u0119\u017eimo ma\u0161inos traukos cilindras<\/td>\n<\/tr>\n<tr>\n<td>Savyb\u0117s:<\/td>\n<td>U\u017etikrinkite tuneli\u0173 gr\u0119\u017eimo ma\u0161inos trauk\u0105 \u012f priek\u012f, kasant tunelius<\/td>\n<\/tr>\n<tr>\n<td>Skyl\u0117s skersmuo:<\/td>\n<td>300 mm\uff5e600 mm<\/td>\n<\/tr>\n<tr>\n<td>Strypo skersmuo:<\/td>\n<td>200 mm\uff5e400 mm<br \/>\nSt\u016bmoklio eiga 1100 mm\uff5e2050 mm<\/td>\n<\/tr>\n<tr>\n<td>Sl\u0117gis:<\/td>\n<td>iki 35 MPa<\/td>\n<\/tr>\n<tr>\n<td>Parai\u0161kos:<\/td>\n<td>Atviro tunelio gr\u0119\u017eimo ma\u0161ina<\/td>\n<\/tr>\n<\/tbody>\n<\/table>\n<h2><strong>Atviro TBM cilindro taikymas:<\/strong><\/h2>\n<p><img loading=\"lazy\" decoding=\"async\" class=\"alignnone wp-image-1899 size-full\" src=\"https:\/\/hydraulic-cylinders.net\/wp-content\/uploads\/2023\/10\/open-tbm-cylinder-1.webp\" alt=\"\" width=\"709\" height=\"473\" srcset=\"https:\/\/hydraulic-cylinders.net\/wp-content\/uploads\/2023\/10\/open-tbm-cylinder-1.webp 709w, https:\/\/hydraulic-cylinders.net\/wp-content\/uploads\/2023\/10\/open-tbm-cylinder-1-480x320.webp 480w\" sizes=\"(min-width: 0px) and (max-width: 480px) 480px, (min-width: 481px) 709px, 100vw\" \/><\/p>\n<h2><strong>Atviro TBM traukos cilindro naudojimo b\u016bdas<\/strong><strong>:<\/strong><\/h2>\n<ol>\n<li><strong>Cilindro montavimas:<\/strong>\u00a0 Sumontuokite atvir\u0105 TBM traukos cilindr\u0105 pagal gamintojo instrukcijas. Naudokite tinkamus tvirtinimo laikiklius arba priedus, kad u\u017etikrintum\u0117te tinkam\u0105 sulygiavim\u0105 ir tvirt\u0105 pritvirtinim\u0105 prie TBM konstrukcijos.<\/li>\n<li><strong>Hidraulin\u0117s sistemos integravimas:<\/strong>\u00a0 Prijunkite cilindr\u0105 prie TBM hidraulin\u0117s sistemos naudodami suderinamas \u017earnas ir jungiam\u0105sias detales. Patikrinkite, ar visos jungtys yra tvirtos, nepralaid\u017eios ir tinkamai priver\u017etos, kad b\u016bt\u0173 i\u0161laikytas optimalus hidraulinis na\u0161umas.<\/li>\n<li><strong>St\u016bmos j\u0117gos reguliavimas:<\/strong>\u00a0 Susipa\u017einkite su atviro TBM traukos cilindro valdikliais. Naudokite \u0161iuos valdiklius cilindro i\u0161pl\u0117timui ir \u012ftraukimui reguliuoti, kad b\u016bt\u0173 galima tiksliai valdyti TBM sukuriam\u0105 traukos j\u0117g\u0105. Pritaikykite traukos j\u0117g\u0105 pagal geologines s\u0105lygas ir norim\u0105 kasimo greit\u012f.<\/li>\n<li><strong>Saugos priemon\u0117s:<\/strong>\u00a0 Laikykit\u0117s vis\u0173 TBM gamintojo pateikt\u0173 saugos protokol\u0173 ir gairi\u0173. U\u017etikrinkite, kad operatoriai b\u016bt\u0173 apmokyti saugiai valdyti TBM ir atvir\u0105 TBM traukos cilindr\u0105. Reguliariai tikrinkite saugos mechanizmus ir atlikite technin\u0119 prie\u017ei\u016br\u0105, kaip rekomenduojama, kad u\u017etikrintum\u0117te tinkam\u0105 j\u0173 veikim\u0105.<\/li>\n<\/ol>\n<h2><strong>Kaip i\u0161leisti or\u0105 i\u0161 hidraulinio cilindro r\u0105st\u0173 skaldymui?<\/strong><\/h2>\n<p>Malk\u0173 skaldytuvo hidraulinio cilindro nuorinimas yra labai svarbus norint i\u0161laikyti optimal\u0173 na\u0161um\u0105 ir i\u0161spr\u0119sti tokias problemas kaip l\u0117tas ar silpnas veikimas. Nor\u0117dami i\u0161leisti or\u0105 i\u0161 malk\u0173 skaldytuvo hidraulinio cilindro, atlikite \u0161iuos veiksmus:<\/p>\n<ol>\n<li><strong>Saugumas pirmiausia:<\/strong> Prie\u0161 prad\u0117dami bet kokius technin\u0117s prie\u017ei\u016bros darbus, \u012fsitikinkite, kad malk\u0173 skaldytuvas yra i\u0161jungtas, variklis atv\u0117s\u0119s, o hidraulin\u0117je sistemoje n\u0117ra sl\u0117gio. Taip pat d\u0117v\u0117kite tinkamas asmenines apsaugos priemones (AAP), pvz., pir\u0161tines ir apsauginius akinius.<\/li>\n<li><strong>I\u0161leidimo vo\u017etuvo radimas:<\/strong> Nustatykite hidraulinio cilindro i\u0161leidimo vo\u017etuv\u0105. Paprastai tai ma\u017eas var\u017etas arba vo\u017etuvas, esantis ant cilindro korpuso arba \u0161alia hidraulini\u0173 jung\u010di\u0173.<\/li>\n<li><strong>Pad\u0117ties nustatymas:<\/strong> Malk\u0173 skaldikl\u012f pastatykite stabilioje ir horizontalioje pad\u0117tyje, kad hidraulinis cilindras b\u016bt\u0173 saugiai ir efektyviai nuorintas. \u012esitikinkite, kad oro i\u0161leidimo vo\u017etuvas yra prieinamas.<\/li>\n<li><strong>Paruo\u0161kite surinkimo konteiner\u012f:<\/strong> Po i\u0161leidimo vo\u017etuvu pad\u0117kite tinkam\u0105 ind\u0105, \u012f kur\u012f b\u016bt\u0173 galima surinkti hidraulin\u012f skyst\u012f, kuris gali i\u0161siskirti i\u0161leidimo proceso metu.<\/li>\n<li><strong>Atidarykite i\u0161leidimo vo\u017etuv\u0105:<\/strong> Tinkamu ver\u017eliarak\u010diu arba \u012frankiu atsargiai atidarykite i\u0161leidimo vo\u017etuv\u0105, pasukdami j\u012f prie\u0161 laikrod\u017eio rodykl\u0119. Tai leis i\u0161b\u0117gti orui ir susikaupusiam skys\u010diui.<\/li>\n<li><strong>U\u017eveskite varikl\u012f:<\/strong> U\u017eveskite malk\u0173 skaldytuvo varikl\u012f ir leiskite jam veikti tu\u0161\u010di\u0105ja eiga. \u0160is veiksmas suaktyvins hidraulin\u012f siurbl\u012f, leisdamas skys\u010diui tek\u0117ti per sistem\u0105.<\/li>\n<li><strong>Valdykite valdymo svirt\u012f:<\/strong> \u012ejunkite valdymo svirt\u012f arba ranken\u0117l\u0119, kuri aktyvuoja hidraulin\u012f cilindr\u0105. Perkelkite valdymo svirt\u012f \u012f i\u0161skleidimo arba \u012ftraukimo pad\u0117t\u012f, priklausomai nuo norimo veiksmo. Tai pad\u0117s sukurti hidraulin\u012f sl\u0117g\u012f ir i\u0161stumti i\u0161 cilindro bet kok\u012f \u012fstrigus\u012f or\u0105.<\/li>\n<li><strong>Steb\u0117kite skys\u010dio sraut\u0105:<\/strong> Steb\u0117kite skys\u010dio tekam\u0105 i\u0161 i\u0161leidimo vo\u017etuvo. I\u0161 prad\u017ei\u0173 gali b\u016bti oro burbuliuk\u0173, ta\u010diau t\u0119siantis nuorinimo procesui skystis tur\u0117t\u0173 tapti vientisas ir be oro. Leiskite skys\u010diui tek\u0117ti kur\u012f laik\u0105, kad \u012fsitikintum\u0117te, jog visas oras i\u0161stumtas.<\/li>\n<li><strong>U\u017edaryti i\u0161leidimo vo\u017etuv\u0105:<\/strong> Kai skystis tek\u0117s skland\u017eiai, be oro burbuliuk\u0173, u\u017edarykite i\u0161leidimo vo\u017etuv\u0105 pasukdami j\u012f pagal laikrod\u017eio rodykl\u0119. B\u016bkite atsarg\u016bs ir neperver\u017ekite.<\/li>\n<li><strong>Patikrinkite skys\u010dio lyg\u012f:<\/strong> Patikrinkite hidraulinio skys\u010dio lyg\u012f rezervuare. Jei reikia, \u012fpilkite rekomenduojamo hidraulinio skys\u010dio, kad palaikytum\u0117te tinkam\u0105 lyg\u012f. Informacijos apie tinkam\u0105 hidraulinio skys\u010dio tip\u0105 ir specifikacijas ie\u0161kokite malk\u0173 skaldytuvo vadove.<\/li>\n<li><strong>Bandomasis veikimas:<\/strong> I\u0161leid\u0119 or\u0105 i\u0161 hidraulinio cilindro ir patikrin\u0119 skys\u010dio lyg\u012f, patikrinkite malk\u0173 skaldytuvo veikim\u0105. \u012ejunkite valdymo svirt\u012f ir steb\u0117kite cilindro veikim\u0105. Jis tur\u0117t\u0173 veikti skland\u017eiai ir u\u017etikrinti pakankam\u0105 j\u0117g\u0105 malkoms skaldyti.<\/li>\n<li><strong>Jei reikia, pakartokite:<\/strong> Kai kuriais atvejais, norint pa\u0161alinti sunkiai pa\u0161alinamas oro ki\u0161enes, gali prireikti keli\u0173 nuorinimo cikl\u0173. Pakartokite nuorinimo proces\u0105, jei sistemoje vis dar pastebite oro arba sistema veikia prastai.<\/li>\n<\/ol>\n<h2><strong>Gamyklos paj\u0117gumai ir talpa:<\/strong><\/h2>\n<h3>(1) Surinkimas<\/h3>\n<p>Turime pirmos klas\u0117s nepriklausom\u0105 tyrim\u0173 ir pl\u0117tros surinkimo platform\u0105. Hidraulini\u0173 cilindr\u0173 gamybos ceche yra keturios pusiau automatin\u0117s k\u0117limo cilindr\u0173 surinkimo linijos ir viena automatin\u0117 pakreipimo cilindr\u0173 surinkimo linija, kuri\u0173 projektinis metinis gamybos paj\u0117gumas yra 1 milijonas vienet\u0173. Speciali\u0173j\u0173 cilindr\u0173 ceche \u012frengta \u012fvairi\u0173 specifikacij\u0173 pusiau automatin\u0117 valymo surinkimo sistema, kurios projektinis metinis gamybos paj\u0117gumas yra 200 000 vienet\u0173, ir garsi CNC apdirbimo \u012franga, apdirbimo centras, didelio tikslumo cilindr\u0173 apdirbimo speciali \u012franga, robotinis suvirinimo aparatas, automatinis valymo aparatas, automatinis cilindr\u0173 surinkimo aparatas ir automatin\u0117 da\u017eymo gamybos linija. Esama daugiau nei 300 rinkini\u0173 (komplekt\u0173) kritin\u0117 \u012franga. Optimalus \u012frangos i\u0161tekli\u0173 paskirstymas ir efektyvus naudojimas u\u017etikrina gamini\u0173 tikslumo reikalavimus ir auk\u0161tus gamini\u0173 kokyb\u0117s poreikius.<\/p>\n<p><img loading=\"lazy\" decoding=\"async\" class=\"alignnone wp-image-626\" src=\"https:\/\/hydraulic-cylinders.net\/wp-content\/uploads\/2023\/08\/hydraulic-cylinder-product-1-300x158.webp\" alt=\"\" width=\"495\" height=\"260\" srcset=\"https:\/\/hydraulic-cylinders.net\/wp-content\/uploads\/2023\/08\/hydraulic-cylinder-product-1-300x158.webp 495w, https:\/\/hydraulic-cylinders.net\/wp-content\/uploads\/2023\/08\/hydraulic-cylinder-product-1-480x252.webp 480w\" sizes=\"(min-width: 0px) and (max-width: 480px) 480px, (min-width: 481px) 495px, 100vw\" \/> <img loading=\"lazy\" decoding=\"async\" class=\"alignnone wp-image-627\" src=\"https:\/\/hydraulic-cylinders.net\/wp-content\/uploads\/2023\/08\/hydraulic-cylinder-product-2-300x189.webp\" alt=\"\" width=\"413\" height=\"260\" \/><\/p>\n<h3>(2) Apdirbimas<\/h3>\n<p>Mechaninio apdirbimo ceche \u012frengtas pritaikytas nuo\u017eulnaus b\u0117gio tekinimo centras, apdirbimo centras, greitaeigis galandimo stakl\u0117s, suvirinimo robotas ir kita susijusi \u012franga, galinti apdirbti cilindrinius vamzd\u017eius, kuri\u0173 maksimalus vidinis skersmuo yra 400 mm, o maksimalus ilgis \u2013 6 metrai.<\/p>\n<p><img loading=\"lazy\" decoding=\"async\" class=\"alignnone wp-image-628 size-large\" src=\"https:\/\/hydraulic-cylinders.net\/wp-content\/uploads\/2023\/08\/hydraulic-cylinder-product-3-1024x391.webp\" alt=\"\" width=\"1024\" height=\"391\" srcset=\"https:\/\/hydraulic-cylinders.net\/wp-content\/uploads\/2023\/08\/hydraulic-cylinder-product-3-980x374.webp 980w, https:\/\/hydraulic-cylinders.net\/wp-content\/uploads\/2023\/08\/hydraulic-cylinder-product-3-480x183.webp 480w\" sizes=\"(min-width: 0px) and (max-width: 480px) 480px, (min-width: 481px) and (max-width: 980px) 980px, (min-width: 981px) 1024px, 100vw\" \/><\/p>\n<h3>(3) Suvirinimas<\/h3>\n<p><img loading=\"lazy\" decoding=\"async\" class=\"alignnone wp-image-629 size-large\" src=\"https:\/\/hydraulic-cylinders.net\/wp-content\/uploads\/2023\/08\/hydraulic-cylinder-product-4-1024x510.webp\" alt=\"\" width=\"1024\" height=\"510\" srcset=\"https:\/\/hydraulic-cylinders.net\/wp-content\/uploads\/2023\/08\/hydraulic-cylinder-product-4-980x488.webp 980w, https:\/\/hydraulic-cylinders.net\/wp-content\/uploads\/2023\/08\/hydraulic-cylinder-product-4-480x239.webp 480w\" sizes=\"(min-width: 0px) and (max-width: 480px) 480px, (min-width: 481px) and (max-width: 980px) 980px, (min-width: 981px) 1024px, 100vw\" \/><\/p>\n<h3>(4) Da\u017eymas ir dengimas<\/h3>\n<p>Su ma\u017eomis ir vidutinio dyd\u017eio cilindrin\u0117mis automatin\u0117mis vandens pagrindo da\u017e\u0173 dengimo linijomis, siekiant automatinio robot\u0173 pakrovimo ir i\u0161krovimo bei automatinio pur\u0161kimo, projektinis paj\u0117gumas yra 4000 vienet\u0173 per pamain\u0105;<br \/>\nTaip pat turime pusiau automatin\u0119 dideli\u0173 cilindr\u0173 da\u017e\u0173 gamybos linij\u0105, varom\u0105 grandin\u0117s, kurios projektinis na\u0161umas yra 60 d\u0117\u017ei\u0173 per pamain\u0105.<\/p>\n<p><img loading=\"lazy\" decoding=\"async\" class=\"alignnone wp-image-630\" src=\"https:\/\/hydraulic-cylinders.net\/wp-content\/uploads\/2023\/08\/hydraulic-cylinder-product-5-300x213.webp\" alt=\"\" width=\"366\" height=\"260\" \/> <img loading=\"lazy\" decoding=\"async\" class=\"alignnone wp-image-631\" src=\"https:\/\/hydraulic-cylinders.net\/wp-content\/uploads\/2023\/08\/hydraulic-cylinder-product-6-300x225.webp\" alt=\"\" width=\"347\" height=\"260\" \/><\/p>\n<h3>(5) Testavimas<\/h3>\n<p>Turime auk\u0161\u010diausios klas\u0117s patikros patalpas ir bandym\u0173 stendus, kad u\u017etikrintume, jog baliono veikimas atitinka reikalavimus.<\/p>\n<p><img loading=\"lazy\" decoding=\"async\" class=\"alignnone wp-image-632\" src=\"https:\/\/hydraulic-cylinders.net\/wp-content\/uploads\/2023\/08\/hydraulic-cylinder-product-8-300x200.webp\" alt=\"\" width=\"389\" height=\"260\" \/><\/p>\n<p>&nbsp;<\/p>\n<p>&nbsp;<\/p>\n<p>Esame vienas geriausi\u0173 hidraulini\u0173 cilindr\u0173 gamintoj\u0173. Galime pasi\u016blyti i\u0161samius hidraulinius cilindrus. Taip pat teikiame atitinkamus <a href=\"https:\/\/hzpt.com\/agricultural-pto-gearbox\/\" target=\"_blank\" rel=\"noopener\">\u017eem\u0117s \u016bkio pavar\u0173 d\u0117\u017e\u0117s<\/a>Mes eksportuojame savo gaminius klientams visame pasaulyje ir peln\u0117me ger\u0105 reputacij\u0105 d\u0117l auk\u0161\u010diausios gamini\u0173 kokyb\u0117s ir aptarnavimo po pardavimo. Mes laukiame klient\u0173 \u0161alyje ir u\u017esienyje, norin\u010di\u0173 susisiekti su mumis der\u0117tis d\u0117l verslo, keistis informacija ir... <a href=\"https:\/\/www.hydraulic-cylinders.net\/lt\/contact-us\/\">bendradarbiauti su mumis<\/a>!<\/p>\n<p>&nbsp;<\/p>","protected":false},"excerpt":{"rendered":"<p>Open TBM Thrust Cylinder The open tbm thrust cylinder is a cutting-edge hydraulic component designed to optimize the power and efficiency of tunnel boring machines (tbms). This specialized cylinder plays a vital role in providing the necessary thrust force for the tbm&#8217;s forward movement during excavation. In this informative article, we will delve into the [&hellip;]<\/p>","protected":false},"featured_media":1898,"comment_status":"open","ping_status":"closed","template":"","meta":{"_et_pb_use_builder":"","_et_pb_old_content":"","_et_gb_content_width":""},"product_brand":[],"product_cat":[1519,1549],"product_tag":[1380],"class_list":{"0":"post-1896","1":"product","2":"type-product","3":"status-publish","4":"has-post-thumbnail","6":"product_cat-shield-machine-hydraulic-cylinders","7":"product_cat-single-acting-hydraulic-cylinder","8":"product_tag-hydraulic-cylinder","10":"first","11":"instock","12":"shipping-taxable","13":"product-type-simple"},"amp_enabled":true,"_links":{"self":[{"href":"https:\/\/www.hydraulic-cylinders.net\/lt\/wp-json\/wp\/v2\/product\/1896","targetHints":{"allow":["GET"]}}],"collection":[{"href":"https:\/\/www.hydraulic-cylinders.net\/lt\/wp-json\/wp\/v2\/product"}],"about":[{"href":"https:\/\/www.hydraulic-cylinders.net\/lt\/wp-json\/wp\/v2\/types\/product"}],"replies":[{"embeddable":true,"href":"https:\/\/www.hydraulic-cylinders.net\/lt\/wp-json\/wp\/v2\/comments?post=1896"}],"wp:featuredmedia":[{"embeddable":true,"href":"https:\/\/www.hydraulic-cylinders.net\/lt\/wp-json\/wp\/v2\/media\/1898"}],"wp:attachment":[{"href":"https:\/\/www.hydraulic-cylinders.net\/lt\/wp-json\/wp\/v2\/media?parent=1896"}],"wp:term":[{"taxonomy":"product_brand","embeddable":true,"href":"https:\/\/www.hydraulic-cylinders.net\/lt\/wp-json\/wp\/v2\/product_brand?post=1896"},{"taxonomy":"product_cat","embeddable":true,"href":"https:\/\/www.hydraulic-cylinders.net\/lt\/wp-json\/wp\/v2\/product_cat?post=1896"},{"taxonomy":"product_tag","embeddable":true,"href":"https:\/\/www.hydraulic-cylinders.net\/lt\/wp-json\/wp\/v2\/product_tag?post=1896"}],"curies":[{"name":"wp","href":"https:\/\/api.w.org\/{rel}","templated":true}]}}