{"id":18961,"date":"2025-04-07T06:04:25","date_gmt":"2025-04-07T06:04:25","guid":{"rendered":"https:\/\/www.hydraulic-cylinders.net\/product\/boom-cylinder-for-caterpillar-large-excavator-e349dl\/"},"modified":"2025-04-07T06:04:27","modified_gmt":"2025-04-07T06:04:27","slug":"boom-cylinder-for-caterpillar-large-excavator-e349dl","status":"publish","type":"product","link":"https:\/\/www.hydraulic-cylinders.net\/lt\/produktas\/boom-cylinder-for-caterpillar-large-excavator-e349dl\/","title":{"rendered":"Str\u0117l\u0117s cilindras Caterpillar dideliam ekskavatoriui E349DL"},"content":{"rendered":"<h1>Str\u0117l\u0117s cilindras Caterpillar dideliam ekskavatoriui E349DL<\/h1>\n<h2>Produkto ap\u017evalga<\/h2>\n<p>\u201eCaterpillar\u201c didelio ekskavatoriaus E349DL str\u0117l\u0117s cilindras yra gyvybi\u0161kai svarbus komponentas, skirtas padidinti sunkiosios technikos eksploatavimo efektyvum\u0105. \u0160is hidraulinis cilindras specialiai valdo ekskavatoriaus str\u0117l\u0117s jud\u0117jim\u0105, leisdamas jai skland\u017eiai kelti, leisti ir pakreipti str\u0117l\u0119. Tinkamas \u0161io cilindro veikimas yra labai svarbus atliekant \u012fvairias med\u017eiag\u0173 tvarkymo u\u017eduotis, nes jis tiesiogiai veikia ekskavatoriaus na\u0161um\u0105 sud\u0117tingoje darbo aplinkoje.<\/p>\n<p><img decoding=\"async\" src=\"https:\/\/www.hydraulic-cylinders.net\/wp-content\/uploads\/2025\/04\/songte-company-1.webp\" alt=\"Ekskavatori\u0173 str\u0117l\u0117s cilindras\"><\/p>\n<h2>Produkto savyb\u0117s<\/h2>\n<ul>\n<li><strong>Didelis stiprumas ir ilgaam\u017ei\u0161kumas:<\/strong> \u0160is str\u0117l\u0117s cilindras, pagamintas i\u0161 didelio stiprumo plieno arba aliuminio, yra suprojektuotas taip, kad atlaikyt\u0173 didel\u012f sl\u0117g\u012f ir dideles apkrovas, tuo pa\u010diu pritaikytas at\u0161iaurioms darbo s\u0105lygoms. Jis suprojektuotas atsi\u017evelgiant \u012f atsparum\u0105 dilimui ir korozijai, taip pailginant jo tarnavimo laik\u0105.<\/li>\n<li><strong>Efektyvus hidraulinis valdymas:<\/strong> Naudodamas hidraulin\u0117s alyvos sl\u0117g\u012f, jis pasiekia skland\u0173 teleskopin\u012f veikim\u0105, greitai reaguodamas \u012f valdymo komandas ir u\u017etikrindamas stiprias st\u016bmimo bei traukimo j\u0117gas, tinkamas sunkiems objektams tvarkyti ir sud\u0117tingoms u\u017eduotims atlikti.<\/li>\n<li><strong>\u012evair\u016bs galimi tipai:<\/strong> Galimi variantai: vienpusio veikimo (hidraulinis mechanizmas naudojamas tik viena kryptimi) arba dvipusio veikimo (hidraulinis mechanizmas naudojamas abiem kryptimis) cilindrai, kad b\u016bt\u0173 galima patenkinti \u012fvairius eksploatacinius reikalavimus. Kai kurie modeliai yra teleskopiniai, tod\u0117l juos galima labiau prailginti nedidinant i\u0161orini\u0173 matmen\u0173, tod\u0117l jie idealiai tinka naudoti ribotoje erdv\u0117je.<\/li>\n<\/ul>\n<h2>Gamybos paj\u0117gumai<\/h2>\n<p>M\u016bs\u0173 \u012fmon\u0117 specializuojasi \u0161i\u0173 hidraulini\u0173 cilindr\u0173 gamyboje, u\u017etikrindama, kad m\u016bs\u0173 gaminiai puikiai pakeist\u0173 esamus modelius.<\/p>\n<p><img decoding=\"async\" src=\"https:\/\/www.hydraulic-cylinders.net\/wp-content\/uploads\/2025\/04\/songte-cylinder-head-with-all-kinds-excavator-models.webp\" alt=\"Ekskavatoriaus cilindro galvut\u0117\"><\/p>\n<h2>Str\u0117l\u0117s cilindro pritaikymas<\/h2>\n<h3>Statybin\u0117 \u012franga<\/h3>\n<p>Ekskavatoriuose str\u0117l\u0117s cilindras yra b\u016btinas kasant, kraunant ir perkeliant grunt\u0105 ar \u0161iuk\u0161les. Jis atlieka labai svarb\u0173 vaidmen\u012f tiek kasant, tiek keliant ekskavatoriuose, u\u017etikrinant veiklos efektyvum\u0105 ir tikslum\u0105 statybos darbuose.<\/p>\n<h3>\u017dem\u0117s \u016bkio technika<\/h3>\n<p>Priekiniuose krautuvuose naudojami str\u0117l\u0117s cilindrai yra atsakingi u\u017e dirvo\u017eemio, \u0161ieno ir kit\u0173 med\u017eiag\u0173 k\u0117lim\u0105, k\u0117lim\u0105 ir transportavim\u0105. D\u0117l tvirtos konstrukcijos jie gali efektyviai atlikti \u017eem\u0117s \u016bkio darbus.<\/p>\n<h3>Ekskavatoriai<\/h3>\n<p>Str\u0117l\u0117s cilindras leid\u017eia ekskavatoriaus kau\u0161ui \u012fsiskverbti \u012f \u017eem\u0119, palengvindamas kasimo proces\u0105. D\u0117l tikslumo ir galios operatoriai gali atlikti sud\u0117tingas u\u017eduotis \u012fvairi\u0173 tip\u0173 dirvo\u017eemyje.<\/p>\n<h3>Krautuvai<\/h3>\n<p>Priekiniuose krautuvuose str\u0117l\u0117s cilindrai padeda efektyviai kelti ir i\u0161versti krovinius, tod\u0117l jie yra b\u016btini med\u017eiag\u0173 tvarkymui statybose ir \u017eem\u0117s \u016bkio aplinkoje.<\/p>\n<h2>Projektavimo aspektai ir atrankos kriterijai<\/h2>\n<h3>Keliamoji galia<\/h3>\n<p>Str\u0117l\u0117s cilindras turi b\u016bti suprojektuotas taip, kad atlaikyt\u0173 dideles apkrovas nepakenkiant saugumui ar na\u0161umui. Tinkamos keliamosios galios cilindro pasirinkimas u\u017etikrina patikimum\u0105 ir ilgaam\u017ei\u0161kum\u0105 sud\u0117tingomis darbo s\u0105lygomis.<\/p>\n<h3>Sandarinimas<\/h3>\n<p>Efektyvus sandarinimas yra labai svarbus norint palaikyti hidraulin\u012f sl\u0117g\u012f ir i\u0161vengti nuot\u0117kio. Auk\u0161tos kokyb\u0117s sandarikliai, pagaminti i\u0161 patvari\u0173 med\u017eiag\u0173, u\u017etikrina efektyv\u0173 cilindro veikim\u0105 ilg\u0105 laik\u0105.<\/p>\n<h3>Patvarumas<\/h3>\n<p>Gamyboje naudojamos med\u017eiagos turi b\u016bti atsparios dilimui ir korozijai. \u0160is patvarumas yra b\u016btinas ilgam tarnavimo laikui, ypa\u010d statybviet\u0117ms b\u016bdingomis at\u0161iauriomis s\u0105lygomis.<\/p>\n<h3>Saugumas<\/h3>\n<p>Siekiant suma\u017einti rizik\u0105 eksploatacijos metu, \u012f konstrukcij\u0105 tur\u0117t\u0173 b\u016bti integruotos saugos priemon\u0117s. Tai apima sl\u0117gio ma\u017einimo vo\u017etuvus ir tvirt\u0105 konstrukcij\u0105, kad b\u016bt\u0173 galima atlaikyti nenumatytus \u012ftempius.<\/p>\n<h3>Prieinamumas prie prie\u017ei\u016bros<\/h3>\n<p>Konstrukcija tur\u0117t\u0173 b\u016bti tokia, kad b\u016bt\u0173 lengva pri\u017ei\u016br\u0117ti, greitai atlikti patikrinimus ir remont\u0105. Prieinami komponentai suma\u017eina prastovas ir padidina veiklos efektyvum\u0105.<\/p>\n<p><img decoding=\"async\" src=\"https:\/\/www.hydraulic-cylinders.net\/wp-content\/uploads\/2025\/04\/songte-oil-pipes-and-spare-parts.webp\" alt=\"Hidraulini\u0173 cilindr\u0173 dalys\"><\/p>\n<h2>Sandarinimas ir tepimas<\/h2>\n<p>Hidrauliniam sl\u0117giui palaikyti ir nuot\u0117kiui i\u0161vengti naudojami \u012fvair\u016bs sandarikliai, pavyzd\u017eiui, st\u016bmokli\u0173 ir kot\u0173 sandarikliai. Sandarikliai, pagaminti i\u0161 atspari\u0173 dilimui med\u017eiag\u0173, toki\u0173 kaip poliuretanas ir nitrilo kau\u010diukas, padidina patvarum\u0105. Cilindro korpusas ir srieginiai galiniai pavir\u0161iai yra kruop\u0161\u010diai apdirbti, siekiant pagerinti atsparum\u0105 dilimui. Reguliarus tepimas hidrauline alyva yra b\u016btinas norint u\u017etikrinti skland\u0173 veikim\u0105 ir i\u0161vengti pa\u017eeidim\u0173.<\/p>\n<h2>Reguliarus patikrinimas ir prevencin\u0117 prie\u017ei\u016bra<\/h2>\n<ul>\n<li><strong>\u012eprastiniai patikrinimai:<\/strong> Reguliar\u016bs patikrinimai gali anksti aptikti galimas problemas, tokias kaip nuot\u0117kiai ar ne\u012fprastas susid\u0117v\u0117jimas, ir laiku atlikti technin\u0119 prie\u017ei\u016br\u0105.<\/li>\n<li><strong>Tinkamas tepimas:<\/strong> Tinkamas cilindro sutepimas suma\u017eina trint\u012f ir nusid\u0117v\u0117jim\u0105, pailgindamas jo tarnavimo laik\u0105.<\/li>\n<li><strong>Sandariklio keitimas:<\/strong> Reguliariai kei\u010diant susid\u0117v\u0117jusius sandariklius i\u0161vengiama hidraulinio skys\u010dio nuot\u0117kio ir palaikomas sistemos efektyvumas.<\/li>\n<\/ul>\n<h2>\u012erengimo gair\u0117s<\/h2>\n<p>Tinkamas str\u0117l\u0117s cilindro montavimas yra labai svarbus optimaliam veikimui. Pirmiausia \u012fsitikinkite, kad visi komponentai yra \u0161var\u016bs ir be \u0161iuk\u0161li\u0173. Tiksliai sulygiuokite cilindr\u0105 su tvirtinimo laikikliais ir naudokite atitinkamas tvirtinimo atramas, kad j\u012f pritvirtintum\u0117te. Priver\u017ekite visus var\u017etus gamintojo nurodytu sukimo momentu, kad jie neatsilaisvint\u0173 eksploatacijos metu. Po montavimo atlikite i\u0161sam\u0173 bandym\u0105, kad \u012fsitikintum\u0117te, jog cilindras veikia taip, kaip numatyta, ir patikrinkite, ar n\u0117ra joki\u0173 nuot\u0117ki\u0173 ar ne\u012fprasto veikimo po\u017eymi\u0173.<\/p>\n<h2>\u012eprastos prie\u017ei\u016bros u\u017eduotys<\/h2>\n<ul>\n<li><strong>Reguliar\u016bs patikrinimai:<\/strong> Da\u017enai tikrinama, ar n\u0117ra nuot\u0117ki\u0173, susid\u0117v\u0117jimo ar pa\u017eeidim\u0173. Tinkamas cilindro sulygiavimas montavimo metu yra labai svarbus siekiant i\u0161vengti eksploatacini\u0173 problem\u0173.<\/li>\n<li><strong>Tinkamas tepimas:<\/strong> Naudokite rekomenduojam\u0105 hidraulin\u0119 alyv\u0105 ir tepkite j\u0105 tinkamai, kad u\u017etikrintum\u0117te skland\u0173 veikim\u0105. Tai suma\u017eins susid\u0117v\u0117jim\u0105 ir pailgins cilindro tarnavimo laik\u0105.<\/li>\n<li><strong>Sandariklio keitimas:<\/strong> Reguliariai steb\u0117kite sandarikli\u0173 vientisum\u0105 ir prireikus juos keiskite. Tai apsaugo nuo hidraulinio skys\u010dio praradimo ir palaiko sistemos efektyvum\u0105.<\/li>\n<\/ul>\n<p><img decoding=\"async\" src=\"https:\/\/www.hydraulic-cylinders.net\/wp-content\/uploads\/2025\/04\/songte-chushion-collar.webp\" alt=\"Pagalv\u0117l\u0117s apykakl\u0117\"><\/p>\n<h2>Saugos aspektai ir aplinkos veiksniai<\/h2>\n<p>Naudojant str\u0117l\u0117s cilindrus, labai svarbu laikytis saugos priemoni\u0173. Operatoriai turi b\u016bti apmokyti atpa\u017einti su hidraulin\u0117mis sistemomis susijusius pavojus, tokius kaip auk\u0161to sl\u0117gio situacijos ar galimi mechaniniai gedimai. Siekiant suma\u017einti rizik\u0105, reikia d\u0117v\u0117ti apsaugines priemones ir grie\u017etai laikytis saugos protokol\u0173. Be to, siekiant apsaugoti ekosistemas, b\u016btini aplinkosauginiai aspektai, \u012fskaitant tinkam\u0105 hidraulini\u0173 skys\u010di\u0173 \u0161alinim\u0105 ir i\u0161siliejimo ma\u017einim\u0105.<\/p>\n<h2>Gedim\u0173 diagnostika ir da\u017eniausios problemos<\/h2>\n<ul>\n<li><strong>Nuot\u0117kis:<\/strong> Da\u017eniausiai tai kyla d\u0117l susid\u0117v\u0117jusi\u0173 sandarikli\u0173 arba pa\u017eeist\u0173 jungiam\u0173j\u0173 detali\u0173. Reguliarus patikrinimas gali pad\u0117ti anksti nustatyti nuot\u0117kius.<\/li>\n<li><strong>Prastas na\u0161umas:<\/strong> Tai gali rodyti nepakankam\u0105 tepim\u0105 arba \u017eem\u0105 hidraulinio skys\u010dio lyg\u012f. Reguliar\u016bs patikrinimai u\u017etikrina optimal\u0173 sistemos veikim\u0105.<\/li>\n<li><strong>Ne\u012fprasti garsai:<\/strong> \u0160nyp\u0161timas ar \u0161nyp\u0161timas gali signalizuoti apie mechanines problemas arba or\u0105 hidraulin\u0117se linijose, tod\u0117l reikia nedelsiant jas i\u0161tirti.<\/li>\n<\/ul>\n<h2>Problem\u0173 sprendimo patarimai<\/h2>\n<p>Norint efektyviai diagnozuoti problemas, registruokite visus eksploatacijos metu pasteb\u0117tus sutrikimus. Naudokite \u0161\u012f \u017eurnal\u0105, kad nustatytum\u0117te modelius, kurie gali rodyti konkre\u010dias problemas, ir tai leis atlikti tikslin\u012f trik\u010di\u0173 \u0161alinim\u0105. Pavyzd\u017eiui, jei pastebimas nuot\u0117kis, patikrinkite, ar sandarikliai ir jungiamosios detal\u0117s n\u0117ra pa\u017eeisti, ir prireikus juos pakeiskite. \u012egyvendinkite \u012fprastas prevencines prie\u017ei\u016bros priemones, kad suma\u017eintum\u0117te rizik\u0105, pvz., reguliar\u0173 tepim\u0105 ir ap\u017ei\u016bras, kad suma\u017eintum\u0117te problem\u0173 tikimyb\u0119 ateityje.<\/p>\n<p><img decoding=\"async\" src=\"https:\/\/www.hydraulic-cylinders.net\/wp-content\/uploads\/2025\/04\/songte-bushings-with-all-kinds-of-excavator-models.webp\" alt=\"Ekskavatori\u0173 \u012fvor\u0117s\"><\/p>\n<h2>\u012emon\u0117s ap\u017evalga<\/h2>\n<p>Esame pirmaujantis pakaitini\u0173 hidraulini\u0173 cilindr\u0173 gamintojas, teikiantis plat\u0173 gamini\u0173 asortiment\u0105 tiek vidaus, tiek tarptautin\u0117ms rinkoms. M\u016bs\u0173 \u012fsipareigojimas siekti meistri\u0161kumo atsispindi grie\u017etose gamybos valdymo strategijose, pasitelkiant pa\u017eangias gamybos technologijas ir kvalifikuotus darbuotojus. Didel\u012f d\u0117mes\u012f skirdami kokyb\u0117s kontrolei, u\u017etikriname, kad kiekvienas hidraulinis cilindras atitikt\u0173 auk\u0161\u010diausius na\u0161umo ir patikimumo standartus.<\/p>\n<p>M\u016bs\u0173 produkt\u0173 asortiment\u0105 papildo profesionalios pritaikymo paslaugos, leid\u017eian\u010dios patenkinti unikalius klient\u0173 poreikius. Naudojame moderniausi\u0105 gamybos \u012frang\u0105 ir teikiame patikim\u0105 garantinio aptarnavimo paslaug\u0105, kad gal\u0117tume efektyviai aptarnauti savo klientus.<\/p>\n<p><img decoding=\"async\" src=\"https:\/\/www.hydraulic-cylinders.net\/wp-content\/uploads\/2025\/04\/songte-company-4.webp\" alt=\"\u012emon\u0117s gamybos procesas\"><\/p>\n<p><img decoding=\"async\" src=\"https:\/\/www.hydraulic-cylinders.net\/wp-content\/uploads\/2025\/04\/songte-company-3.webp\" alt=\"\u012emon\u0117s ap\u017evalga\"><\/p>\n<p>Autorius: lyl<\/p>","protected":false},"excerpt":{"rendered":"<p>Boom Cylinder For Caterpillar Large Excavator E349DL Product Overview The Boom Cylinder for Caterpillar Large Excavator E349DL is a vital component designed to enhance the operational efficiency of heavy machinery. This hydraulic cylinder specifically controls the movement of the excavator&#8217;s boom, allowing it to lift, lower, and tilt seamlessly. The proper functioning of this cylinder [&hellip;]<\/p>","protected":false},"featured_media":17873,"comment_status":"open","ping_status":"closed","template":"","meta":{"_et_pb_use_builder":"","_et_pb_old_content":"","_et_gb_content_width":""},"product_brand":[],"product_cat":[1546],"product_tag":[1547,1496],"class_list":{"0":"post-18961","1":"product","2":"type-product","3":"status-publish","4":"has-post-thumbnail","6":"product_cat-boom-cylinders","7":"product_tag-boom-cylinders","8":"product_tag-hydraulic-cylinders","10":"first","11":"instock","12":"shipping-taxable","13":"product-type-simple"},"amp_enabled":true,"_links":{"self":[{"href":"https:\/\/www.hydraulic-cylinders.net\/lt\/wp-json\/wp\/v2\/product\/18961","targetHints":{"allow":["GET"]}}],"collection":[{"href":"https:\/\/www.hydraulic-cylinders.net\/lt\/wp-json\/wp\/v2\/product"}],"about":[{"href":"https:\/\/www.hydraulic-cylinders.net\/lt\/wp-json\/wp\/v2\/types\/product"}],"replies":[{"embeddable":true,"href":"https:\/\/www.hydraulic-cylinders.net\/lt\/wp-json\/wp\/v2\/comments?post=18961"}],"wp:featuredmedia":[{"embeddable":true,"href":"https:\/\/www.hydraulic-cylinders.net\/lt\/wp-json\/wp\/v2\/media\/17873"}],"wp:attachment":[{"href":"https:\/\/www.hydraulic-cylinders.net\/lt\/wp-json\/wp\/v2\/media?parent=18961"}],"wp:term":[{"taxonomy":"product_brand","embeddable":true,"href":"https:\/\/www.hydraulic-cylinders.net\/lt\/wp-json\/wp\/v2\/product_brand?post=18961"},{"taxonomy":"product_cat","embeddable":true,"href":"https:\/\/www.hydraulic-cylinders.net\/lt\/wp-json\/wp\/v2\/product_cat?post=18961"},{"taxonomy":"product_tag","embeddable":true,"href":"https:\/\/www.hydraulic-cylinders.net\/lt\/wp-json\/wp\/v2\/product_tag?post=18961"}],"curies":[{"name":"wp","href":"https:\/\/api.w.org\/{rel}","templated":true}]}}