{"id":18962,"date":"2025-04-07T06:04:27","date_gmt":"2025-04-07T06:04:27","guid":{"rendered":"https:\/\/www.hydraulic-cylinders.net\/product\/boom-cylinder-for-caterpillar-large-excavator-e349dz\/"},"modified":"2025-04-07T06:04:29","modified_gmt":"2025-04-07T06:04:29","slug":"boom-cylinder-for-caterpillar-large-excavator-e349dz","status":"publish","type":"product","link":"https:\/\/www.hydraulic-cylinders.net\/lt\/produktas\/boom-cylinder-for-caterpillar-large-excavator-e349dz\/","title":{"rendered":"Str\u0117l\u0117s cilindras Caterpillar dideliam ekskavatoriui E349DZ"},"content":{"rendered":"<h1>Str\u0117l\u0117s cilindras Caterpillar dideliam ekskavatoriui E349DZ<\/h1>\n<h2>Produkto ap\u017evalga<\/h2>\n<p>\u201eCaterpillar\u201c didelio ekskavatoriaus E349DZ str\u0117l\u0117s cilindras yra specializuotas hidraulinis cilindras, skirtas valdyti sunkiosios technikos str\u0117l\u0117s jud\u0117jim\u0105. \u0160is \u012ftaisas yra labai svarbus efektyviam med\u017eiag\u0173 tvarkymui \u012fvairiose srityse, tod\u0117l jis b\u016btinas statyb\u0173, \u017eem\u0117s \u016bkio ir kit\u0173 sektori\u0173, kuriuose naudojama sunkioji technika, operatoriams.<\/p>\n<p><img decoding=\"async\" src=\"https:\/\/www.hydraulic-cylinders.net\/wp-content\/uploads\/2025\/04\/songte-company-1.webp\" alt=\"Str\u0117l\u0117s cilindras\" \/><\/p>\n<h3>Kau\u0161o cilindro apibr\u0117\u017eimas<\/h3>\n<p>Kau\u0161o cilindras yra gyvybi\u0161kai svarbus hidraulini\u0173 sistem\u0173 komponentas, specialiai sukurtas valdyti kasimo \u012frangos, tokios kaip ekskavatoriai, ekskavatoriniai krautuvai ir frontaliniai krautuvai, judesius. Jis leid\u017eia kau\u0161ui pakelti, nuleisti ir pakreipti, palengvindamas \u012fvairias med\u017eiag\u0173 tvarkymo u\u017eduotis. \u0160ie hidrauliniai cilindrai atlieka esmin\u012f vaidmen\u012f gerinant sunkiosios technikos na\u0161um\u0105, u\u017etikrindami tiksl\u0173 valdym\u0105 ir gali\u0105 eksploatacijos metu.<\/p>\n<h2>Pagrindin\u0117s savyb\u0117s<\/h2>\n<ul>\n<li><strong>Didelis stiprumas ir ilgaam\u017ei\u0161kumas:<\/strong> Paprastai gaminami i\u0161 didelio stiprumo plieno arba aliuminio, galin\u010dio atlaikyti auk\u0161t\u0105 sl\u0117g\u012f ir dideles apkrovas, tod\u0117l tinkami naudoti at\u0161iauriomis darbo s\u0105lygomis. Sukurti atsi\u017evelgiant \u012f atsparum\u0105 dilimui ir korozijai, jie prailgina gaminio tarnavimo laik\u0105.<\/li>\n<li><strong>Efektyvus hidraulinis valdymas:<\/strong> Naudoja hidraulin\u0117s alyvos sl\u0117g\u012f skland\u017eiam i\u0161st\u016bmimui ir \u012ftraukimui, greitai reaguoja \u012f operatoriaus komandas ir tuo pa\u010diu u\u017etikrina didel\u0119 st\u016bmimo bei traukimo j\u0117g\u0105, idealiai tinka sunkiems kroviniams ir sud\u0117tingoms u\u017eduotims atlikti.<\/li>\n<li><strong>\u012evair\u016bs tipai:<\/strong> Galima rinktis vienpusio veikimo (hidraulin\u0117 sistema veikia viena kryptimi) arba dvipusio veikimo (hidraulin\u0117 sistema veikia abiem kryptimis) konfig\u016bracijas, kad atitikt\u0173 skirtingus eksploatacinius reikalavimus. Kai kurie modeliai yra teleskopiniai, tod\u0117l juos galima labiau i\u0161tiesti nedidinant i\u0161orini\u0173 matmen\u0173, tod\u0117l jie tinka naudoti ribotoje erdv\u0117je.<\/li>\n<\/ul>\n<p>Mes gaminame \u0161\u012f gamin\u012f, o m\u016bs\u0173 cilindrai gali puikiai pakeisti \u0161ias hidraulines sistemas.<\/p>\n<p><img decoding=\"async\" src=\"https:\/\/www.hydraulic-cylinders.net\/wp-content\/uploads\/2025\/04\/songte-cylinder-head-with-all-kinds-excavator-models.webp\" alt=\"Hidraulinio cilindro keitimas\" \/><\/p>\n<h2>Taikymo scenarijai<\/h2>\n<h3>Statybin\u0117 \u012franga<\/h3>\n<p>Ekskavatoriuose str\u0117l\u0117s cilindrai yra labai svarb\u016bs kasant, kraunant ir perkeliant grunt\u0105 ar \u0161iuk\u0161les. Jie suteikia mechanin\u012f prana\u0161um\u0105, reikaling\u0105 prasiskverbti \u012f kiet\u0105 grunt\u0105 ir pakelti didelius krovinius, tod\u0117l yra nepakei\u010diami statybviet\u0117se. Ekskavatoriuose-krautuvuose kau\u0161o cilindras padeda atlikti tiek kasimo, tiek k\u0117limo funkcijas, padidindamas universalum\u0105 atliekant \u012fvairias u\u017eduotis.<\/p>\n<h3>\u017dem\u0117s \u016bkio technika<\/h3>\n<p>Priekiniuose krautuvuose naudojami str\u0117l\u0117s cilindrai palengvina dirvo\u017eemio, \u0161ieno ir kit\u0173 med\u017eiag\u0173 kasim\u0105, k\u0117lim\u0105 ir transportavim\u0105. J\u0173 efektyvus veikimas leid\u017eia \u016bkininkams optimizuoti med\u017eiag\u0173 tvarkymo u\u017eduotis, gerinant na\u0161um\u0105 ir ma\u017einant darbo s\u0105naudas.<\/p>\n<h3>Ekskavatoriai<\/h3>\n<p>Kau\u0161\u0173 cilindrai leid\u017eia ekskavatoriams efektyviai \u012fsiskverbti \u012f dirv\u0105, tod\u0117l galima efektyviai atlikti kasimo darbus. J\u0173 konstrukcija u\u017etikrina, kad jie gal\u0117t\u0173 atlaikyti nuolatinio darbo sunkumus nepakenkdami na\u0161umui.<\/p>\n<h3>Krautuvai<\/h3>\n<p>Priekiniuose krautuvuose \u0161ie cilindrai padeda efektyviai pakelti ir i\u0161versti krovinius. J\u0173 hidraulin\u0117s galimyb\u0117s u\u017etikrina, kad didelius kiekius b\u016bt\u0173 galima skland\u017eiai tvarkyti, tod\u0117l jie vertingi tiek statybose, tiek \u017eem\u0117s \u016bkio darbuose.<\/p>\n<h2>Dizaino aspektai<\/h2>\n<h3>Keliamoji galia<\/h3>\n<p>Projektuojant str\u0117l\u0117s cilindrus, svarbiausias aspektas yra keliamoji galia. Cilindras turi atlaikyti maksimali\u0105 apkrov\u0105 be gedim\u0173, u\u017etikrindamas saug\u0173 ir efektyv\u0173 darb\u0105. Gamintojai da\u017enai naudoja pa\u017eangius skai\u010diavimo metodus ir med\u017eiag\u0173 bandymus, kad u\u017etikrint\u0173, jog cilindrai atlaikys lauke susidaran\u010dias apkrovas.<\/p>\n<h3>Sandarinimas<\/h3>\n<p>Tinkamas sandarinimas yra labai svarbus hidrauliniuose cilindruose, siekiant i\u0161vengti nuot\u0117ki\u0173 ir palaikyti sl\u0117g\u012f. Auk\u0161tos kokyb\u0117s sandarikli\u0173, toki\u0173 kaip st\u016bmokliniai ir kot\u0173 sandarikliai, pagaminti i\u0161 patvari\u0173 med\u017eiag\u0173, toki\u0173 kaip poliuretanas arba nitrilo kau\u010diukas, naudojimas padidina cilindro patikimum\u0105. Gerai sandarus cilindras suma\u017eina technin\u0117s prie\u017ei\u016bros prastovas ir eksploatavimo i\u0161laidas.<\/p>\n<h3>Patvarumas<\/h3>\n<p>D\u0117l at\u0161iauri\u0173 aplinkos s\u0105lyg\u0173, kuriose hidrauliniai cilindrai veikia, j\u0173 ilgaam\u017ei\u0161kumas yra nepaprastai svarbus. Gamintojai naudoja tvirtas med\u017eiagas ir pa\u017eangias dang\u0173 technologijas, kad apsaugot\u0173 nuo nusid\u0117v\u0117jimo, u\u017etikrindami ilgaam\u017ei\u0161kum\u0105 ir pastov\u0173 veikim\u0105 laikui b\u0117gant.<\/p>\n<h3>Saugumas<\/h3>\n<p>Saugos priemon\u0117s, \u012fskaitant sl\u0117gio ma\u017einimo vo\u017etuvus ir apsaug\u0105 nuo perkrovos, yra b\u016btinos projektuojant hidraulinius cilindrus. \u0160ios priemon\u0117s padeda i\u0161vengti katastrofi\u0161k\u0173 gedim\u0173, kurie gali sukelti nelaimingus atsitikimus darbo vietoje. Projektavimo etape labai svarbu atlikti i\u0161samius saugos bandymus ir laikytis pramon\u0117s standart\u0173, siekiant u\u017etikrinti naudotojo saug\u0105.<\/p>\n<h3>Prie\u017ei\u016bra<\/h3>\n<p>Hidraulini\u0173 cilindr\u0173 projektavimas taip, kad juos b\u016bt\u0173 lengva pri\u017ei\u016br\u0117ti, yra labai svarbus. Tokios savyb\u0117s kaip lengva prieiga prie sandarikli\u0173 ir tepimo ta\u0161k\u0173 leid\u017eia greitai ir efektyviai atlikti technin\u0119 prie\u017ei\u016br\u0105, suma\u017einant prastovas. Gerai parengtas technin\u0117s prie\u017ei\u016bros protokolas prisideda prie bendro \u012frangos tarnavimo laiko ir na\u0161umo.<\/p>\n<p><img decoding=\"async\" src=\"https:\/\/www.hydraulic-cylinders.net\/wp-content\/uploads\/2025\/04\/songte-oil-pipes-and-spare-parts.webp\" alt=\"Hidraulinio cilindro prie\u017ei\u016bra\" \/><\/p>\n<h2>Sandarinimas ir tepimas<\/h2>\n<p>Hidraulini\u0173 cilindr\u0173 sandarinimas ir tepimas yra labai svarb\u016bs j\u0173 efektyviam veikimui. Sl\u0117giui palaikyti ir nuot\u0117kiams i\u0161vengti naudojami \u012fvair\u016bs sandarikliai, \u012fskaitant st\u016bmokli\u0173 ir kot\u0173 sandariklius. Pasirinkus atsparias dilimui med\u017eiagas, tokias kaip poliuretanas ir nitrilo kau\u010diukas, padid\u0117ja \u0161i\u0173 sandarikli\u0173 patvarumas. Be to, cilindro korpusas ir srieginiai galai yra tiksliai apdirbami, siekiant pagerinti atsparum\u0105 dilimui.<\/p>\n<p>Reguliarus tepimas yra gyvybi\u0161kai svarbus optimaliam veikimui. Operatoriai tur\u0117t\u0173 periodi\u0161kai tikrinti ir papildyti hidraulin\u0119 alyv\u0105, kad u\u017etikrint\u0173 skland\u0173 komponent\u0173 jud\u0117jim\u0105, i\u0161vengt\u0173 nereikalingo susid\u0117v\u0117jimo ir pailgint\u0173 cilindro tarnavimo laik\u0105. Gerai pri\u017ei\u016brima tepimo sistema padidina hidraulini\u0173 operacij\u0173 efektyvum\u0105 ir veiksmingum\u0105.<\/p>\n<h2>Reguliari prie\u017ei\u016bra ir prevencin\u0117s priemon\u0117s<\/h2>\n<ul>\n<li><strong>Reguliar\u016bs patikrinimai:<\/strong> Atlikite i\u0161sami\u0105 hidraulini\u0173 cilindr\u0173 ap\u017ei\u016br\u0105, ar n\u0117ra susid\u0117v\u0117jimo, nuot\u0117ki\u0173 ar pa\u017eeidim\u0173 po\u017eymi\u0173. Ankstyvas problem\u0173 nustatymas gali pad\u0117ti i\u0161vengti rimtesni\u0173 problem\u0173 ateityje.<\/li>\n<li><strong>Tinkamas tepimas:<\/strong> \u012esitikinkite, kad visos judan\u010dios dalys yra tinkamai suteptos auk\u0161tos kokyb\u0117s hidrauline alyva. Tai padeda suma\u017einti trint\u012f ir nusid\u0117v\u0117jim\u0105, u\u017etikrinant skland\u0173 veikim\u0105.<\/li>\n<li><strong>Sandariklio keitimas:<\/strong> Reguliariai tikrinkite sandariklius, ar jie nesusid\u0117v\u0117j\u0119, ir prireikus juos pakeiskite. Tai labai svarbu norint i\u0161vengti nuot\u0117ki\u0173 ir palaikyti hidraulin\u012f sl\u0117g\u012f.<\/li>\n<\/ul>\n<h2>\u012erengimo gair\u0117s<\/h2>\n<p>Montuodami hidraulinius cilindrus, laikykit\u0117s \u0161i\u0173 nurodym\u0173, kad u\u017etikrintum\u0117te tinkam\u0105 veikim\u0105:<\/p>\n<ol>\n<li><strong>Lygiavimas:<\/strong> U\u017etikrinkite tinkam\u0105 cilindro sulygiavim\u0105 su tvirtinimo ta\u0161kais. Neteisingas sulygiavimas gali sukelti prie\u0161laikin\u012f susid\u0117v\u0117jim\u0105 ir pa\u017eeidimus.<\/li>\n<li><strong>Tvirtinimo atrama:<\/strong> Cilindrui tvirtai pritvirtinti naudokite tinkamus tvirtinimo laikiklius. Tai u\u017etikrina stabilum\u0105 ir apsaugo nuo jud\u0117jimo eksploatacijos metu.<\/li>\n<li><strong>Hidraulin\u0117s jungtys:<\/strong> \u012esitikinkite, kad visos hidraulin\u0117s linijos yra tvirtai prijungtos ir n\u0117ra nuot\u0117ki\u0173. Prie\u0161 naudodami patikrinkite sistem\u0105, ar viskas veikia tinkamai.<\/li>\n<li><strong>Galutiniai patikrinimai:<\/strong> Kruop\u0161\u010diai patikrinkite montavim\u0105, u\u017etikrindami, kad visi var\u017etai ir jungtys b\u016bt\u0173 priver\u017eti pagal gamintojo specifikacijas.<\/li>\n<\/ol>\n<h2>\u012eprastos prie\u017ei\u016bros u\u017eduotys<\/h2>\n<ul>\n<li><strong>Reguliar\u016bs patikrinimai:<\/strong> B\u016btina da\u017enai tikrinti hidraulin\u0119 sistem\u0105, ar n\u0117ra nuot\u0117ki\u0173, susid\u0117v\u0117jimo ar kit\u0173 problem\u0173. Reguliarios patikros padeda nustatyti galimas problemas, kol jos nepa\u016bm\u0117jo.<\/li>\n<li><strong>Tinkamas tepimas:<\/strong> U\u017etikrinkite, kad tepimo ta\u0161kai b\u016bt\u0173 tinkamai pri\u017ei\u016brimi naudojant tinkamo tipo hidraulin\u0119 alyv\u0105. Tinkamas tepimas yra labai svarbus norint i\u0161laikyti hidraulinio cilindro efektyvum\u0105 ir ilgaam\u017ei\u0161kum\u0105.<\/li>\n<li><strong>Sandariklio keitimo ir kalibravimo patikrinimai:<\/strong> Reguliariai keiskite sandariklius ir kalibruokite sistem\u0105, kad u\u017etikrintum\u0117te tiksl\u0173 veikim\u0105. Tai apsaugo nuo sl\u0117gio kritimo ir pagerina na\u0161um\u0105.<\/li>\n<\/ul>\n<h2>Saugos aspektai<\/h2>\n<p>Naudojant hidraulinius cilindrus, labai svarbios saugos priemon\u0117s. Operatoriai tur\u0117t\u0173 b\u016bti apmokyti tinkamai naudoti ir elgtis su hidraulin\u0117mis sistemomis, kad b\u016bt\u0173 i\u0161vengta nelaiming\u0173 atsitikim\u0173. Be to, siekiant u\u017etikrinti saug\u0173 sistem\u0173 veikim\u0105, reik\u0117t\u0173 reguliariai atlikti technin\u0119 prie\u017ei\u016br\u0105 ir patikras. Taip pat rekomenduojama naudoti asmenines apsaugos priemones (AAP), kad b\u016bt\u0173 suma\u017einta su hidrauliniais gedimais susijusi rizika.<\/p>\n<h2>Gedim\u0173 diagnostika ir da\u017eniausios problemos<\/h2>\n<ul>\n<li><strong>Nuot\u0117kis:<\/strong> Viena i\u0161 da\u017eniausiai pasitaikan\u010di\u0173 problem\u0173, da\u017enai sukeliama susid\u0117v\u0117jusi\u0173 sandarikli\u0173. Siekiant i\u0161vengti hidraulinio sl\u0117gio praradimo, b\u016btina nedelsiant patikrinti ir pakeisti sandariklius.<\/li>\n<li><strong>L\u0117tas veikimas:<\/strong> Tai gali rodyti nepakankam\u0105 hidraulinio skys\u010dio kiek\u012f arba sistemoje esant\u012f or\u0105. Patikrinkite skys\u010dio lyg\u012f ir, jei reikia, i\u0161leiskite i\u0161 sistemos or\u0105.<\/li>\n<li><strong>Perkaitimas:<\/strong> Per didelis kar\u0161tis gali b\u016bti perkrovos arba nepakankamo tepimo po\u017eymis. Reguliariai steb\u0117kite temperat\u016br\u0105 ir u\u017etikrinkite tinkam\u0105 tepim\u0105.<\/li>\n<\/ul>\n<h2>Trik\u010di\u0173 \u0161alinimo patarimai<\/h2>\n<p>Nor\u0117dami efektyviai diagnozuoti ir i\u0161spr\u0119sti hidraulini\u0173 cilindr\u0173 problemas, atsi\u017evelkite \u012f \u0161iuos patarimus:<\/p>\n<ul>\n<li>Reguliariai tikrinkite skys\u010di\u0173 lyg\u012f ir prireikus papildykite. \u017demas skys\u010di\u0173 lygis gali lemti nepakankam\u0105 sl\u0117g\u012f ir neefektyv\u0173 veikim\u0105.<\/li>\n<li>Steb\u0117kite hidraulin\u0117s sistemos veikim\u0105. Bet kokius ne\u012fprastus garsus ar veikimo poky\u010dius reikia nedelsiant i\u0161tirti.<\/li>\n<li>\u012egyvendinkite prevencines prie\u017ei\u016bros priemones, \u012fskaitant reguliarius patikrinimus, tepim\u0105 ir savalaik\u012f sandarikli\u0173 keitim\u0105, kad suma\u017eintum\u0117te galimas problemas.<\/li>\n<\/ul>\n<p><img decoding=\"async\" src=\"https:\/\/www.hydraulic-cylinders.net\/wp-content\/uploads\/2025\/04\/songte-bushings-with-all-kinds-of-excavator-models.webp\" alt=\"Hidraulini\u0173 cilindr\u0173 trik\u010di\u0173 \u0161alinimas\" \/><\/p>\n<h2>\u012emon\u0117s ap\u017evalga<\/h2>\n<p>Esame pirmaujantis pakaitini\u0173 hidraulini\u0173 cilindr\u0173 gamintojas, si\u016blantis plat\u0173 gamini\u0173 asortiment\u0105 vidaus ir tarptautin\u0117se rinkose. M\u016bs\u0173 \u012fsipareigojimas siekti meistri\u0161kumo ir tikslios gamybos u\u017etikrina, kad patenkintume \u012fvairius klient\u0173 poreikius. Sutelkdami d\u0117mes\u012f \u012f auk\u0161tos kokyb\u0117s produkcij\u0105, taikome pa\u017eangias gamybos technologijas ir samdome kvalifikuot\u0105 darbo j\u0117g\u0105, kad padidintume savo galimybes.<\/p>\n<p>M\u016bs\u0173 produktai yra sertifikuoti profesionaliai, o mes si\u016blome individualiai pritaikytas paslaugas, kad patenkintume konkre\u010dius klient\u0173 reikalavimus. M\u016bs\u0173 gamybos \u012frenginiai apr\u016bpinti moderniausia \u012franga ir i\u0161samia kokyb\u0117s kontrol\u0117s sistema, u\u017etikrinan\u010dia, kad kiekvienas produktas atitikt\u0173 grie\u017etus standartus. Be to, teikiame i\u0161skirtin\u0119 garantinio aptarnavimo paslaug\u0105, u\u017etikrindami klient\u0173 pasitenkinim\u0105 ir ilgalaik\u0119 partneryst\u0119.<\/p>\n<p><img decoding=\"async\" src=\"https:\/\/www.hydraulic-cylinders.net\/wp-content\/uploads\/2025\/04\/songte-company-4.webp\" alt=\"\u012emon\u0117s ap\u017evalga\" \/><br \/>\n<img decoding=\"async\" src=\"https:\/\/www.hydraulic-cylinders.net\/wp-content\/uploads\/2025\/04\/songte-company-3.webp\" alt=\"M\u016bs\u0173 gamybos \u012frenginiai\" \/><\/p>\n<p>Autorius: lyl<\/p>","protected":false},"excerpt":{"rendered":"<p>Boom Cylinder For Caterpillar Large Excavator E349DZ Product Overview The Boom Cylinder for Caterpillar Large Excavator E349DZ is a specialized hydraulic cylinder designed to control the movement of the boom on heavy machinery. This apparatus is crucial in the efficient handling of materials in various applications, making it essential for operators in construction, agriculture, and [&hellip;]<\/p>","protected":false},"featured_media":17874,"comment_status":"open","ping_status":"closed","template":"","meta":{"_et_pb_use_builder":"","_et_pb_old_content":"","_et_gb_content_width":""},"product_brand":[],"product_cat":[1546],"product_tag":[1547,1496],"class_list":{"0":"post-18962","1":"product","2":"type-product","3":"status-publish","4":"has-post-thumbnail","6":"product_cat-boom-cylinders","7":"product_tag-boom-cylinders","8":"product_tag-hydraulic-cylinders","10":"first","11":"instock","12":"shipping-taxable","13":"product-type-simple"},"amp_enabled":true,"_links":{"self":[{"href":"https:\/\/www.hydraulic-cylinders.net\/lt\/wp-json\/wp\/v2\/product\/18962","targetHints":{"allow":["GET"]}}],"collection":[{"href":"https:\/\/www.hydraulic-cylinders.net\/lt\/wp-json\/wp\/v2\/product"}],"about":[{"href":"https:\/\/www.hydraulic-cylinders.net\/lt\/wp-json\/wp\/v2\/types\/product"}],"replies":[{"embeddable":true,"href":"https:\/\/www.hydraulic-cylinders.net\/lt\/wp-json\/wp\/v2\/comments?post=18962"}],"wp:featuredmedia":[{"embeddable":true,"href":"https:\/\/www.hydraulic-cylinders.net\/lt\/wp-json\/wp\/v2\/media\/17874"}],"wp:attachment":[{"href":"https:\/\/www.hydraulic-cylinders.net\/lt\/wp-json\/wp\/v2\/media?parent=18962"}],"wp:term":[{"taxonomy":"product_brand","embeddable":true,"href":"https:\/\/www.hydraulic-cylinders.net\/lt\/wp-json\/wp\/v2\/product_brand?post=18962"},{"taxonomy":"product_cat","embeddable":true,"href":"https:\/\/www.hydraulic-cylinders.net\/lt\/wp-json\/wp\/v2\/product_cat?post=18962"},{"taxonomy":"product_tag","embeddable":true,"href":"https:\/\/www.hydraulic-cylinders.net\/lt\/wp-json\/wp\/v2\/product_tag?post=18962"}],"curies":[{"name":"wp","href":"https:\/\/api.w.org\/{rel}","templated":true}]}}