{"id":18964,"date":"2025-04-07T06:04:31","date_gmt":"2025-04-07T06:04:31","guid":{"rendered":"https:\/\/www.hydraulic-cylinders.net\/product\/boom-cylinder-for-caterpillar-large-excavator-e390dl\/"},"modified":"2025-04-07T06:04:34","modified_gmt":"2025-04-07T06:04:34","slug":"boom-cylinder-for-caterpillar-large-excavator-e390dl","status":"publish","type":"product","link":"https:\/\/www.hydraulic-cylinders.net\/lt\/produktas\/boom-cylinder-for-caterpillar-large-excavator-e390dl\/","title":{"rendered":"Str\u0117l\u0117s cilindras Caterpillar dideliam ekskavatoriui E390DL"},"content":{"rendered":"<h1>Str\u0117l\u0117s cilindras Caterpillar dideliam ekskavatoriui E390DL<\/h1>\n<h2>Str\u0117l\u0117s cilindro supratimas<\/h2>\n<p>Str\u0117l\u0117s cilindras yra gyvybi\u0161kai svarbus sunkiosios technikos komponentas, specialiai sukurtas valdyti str\u0117l\u0117s jud\u0117jim\u0105 dideliuose ekskavatoriuose, tokiuose kaip \u201eCaterpillar E390DL\u201c. \u0160is hidraulinis cilindras leid\u017eia str\u0117lei kelti, nuleisti ir pakreipti, taip palengvindamas efektyv\u0173 med\u017eiag\u0173 tvarkym\u0105. Kaip hidraulin\u0117s sistemos dalis, str\u0117l\u0117s cilindras atlieka labai svarb\u0173 vaidmen\u012f judinant kau\u0161\u0105 ar kitus prie ekskavatoriaus priekio pritvirtintus priedus. Naudodamas hidraulin\u012f sl\u0117g\u012f, \u0161is cilindras u\u017etikrina reikiam\u0105 j\u0117g\u0105, kad b\u016bt\u0173 galima valdyti didelius krovinius ir atlikti sud\u0117tingas operacijas, u\u017etikrinant didesn\u012f na\u0161um\u0105 darbo vietose.<\/p>\n<p><img decoding=\"async\" src=\"https:\/\/www.hydraulic-cylinders.net\/wp-content\/uploads\/2025\/04\/songte-company-1.webp\" alt=\"Ekskavatoriaus str\u0117l\u0117s cilindras\" \/><\/p>\n<h3>Str\u0117l\u0117s cilindro savyb\u0117s<\/h3>\n<ul>\n<li><strong>Didelis stiprumas ir ilgaam\u017ei\u0161kumas:<\/strong> \u0160ie cilindrai, pagaminti i\u0161 didelio stiprumo plieno arba aliuminio, gali atlaikyti auk\u0161t\u0105 sl\u0117g\u012f ir dideles apkrovas, prisitaikydami prie at\u0161iauri\u0173 darbo s\u0105lyg\u0173. Jie sukurti atsi\u017evelgiant \u012f atsparum\u0105 dilimui ir korozijai, taip pailginant j\u0173 tarnavimo laik\u0105.<\/li>\n<li><strong>Efektyvus hidraulinis valdymas:<\/strong> Naudodamas hidraulin\u0117s alyvos sl\u0117g\u012f, str\u0117l\u0117s cilindras skland\u017eiai i\u0161ple\u010dia ir atitraukia str\u0117l\u0119, tod\u0117l greitai reaguoja \u012f valdymo komandas ir u\u017etikrina stipri\u0105 st\u016bmimo ir traukimo j\u0117g\u0105, tinkam\u0105 sunkioms ir sud\u0117tingoms u\u017eduotims.<\/li>\n<li><strong>\u012evair\u016bs tipai:<\/strong> Priklausomai nuo eksploatacini\u0173 poreiki\u0173, galite rinktis i\u0161 vienpusio veikimo (hidraulinis sl\u0117gis naudojamas tik viena kryptimi) arba dvipusio veikimo (hidraulinis sl\u0117gis naudojamas abiem kryptimis) cilindr\u0173. Kai kurie modeliai yra teleskopiniai, tod\u0117l juos galima labiau i\u0161tiesti nedidinant i\u0161orini\u0173 matmen\u0173, tod\u0117l jie tinka naudoti ribotoje erdv\u0117je.<\/li>\n<li><strong>Suderinamumas:<\/strong> M\u016bs\u0173 gaminiai sukurti taip, kad puikiai pakeist\u0173 esamus hidraulinius cilindrus \u012fvairiuose modeliuose, u\u017etikrinant skland\u0173 integravim\u0105 ir veikim\u0105.<\/li>\n<\/ul>\n<p><img decoding=\"async\" src=\"https:\/\/www.hydraulic-cylinders.net\/wp-content\/uploads\/2025\/04\/songte-cylinder-head-with-all-kinds-excavator-models.webp\" alt=\"Ekskavatori\u0173 modeliai\" \/><\/p>\n<h2>Str\u0117l\u0117s cilindro pritaikymas<\/h2>\n<h3>Statybin\u0117 \u012franga<\/h3>\n<p>Ekskavatoriuose str\u0117l\u0117s cilindrai yra b\u016btini kasant, kraunant ir perkeliant \u017eem\u0119 ar \u0161iuk\u0161les. Galimyb\u0117 reguliuoti str\u0117l\u0117s auk\u0161t\u012f ir kamp\u0105 leid\u017eia operatoriams efektyviai atlikti \u012fvairias u\u017eduotis. Str\u0117l\u0117s cilindro hidraulinis veikimas suteikia k\u0117limo j\u0117g\u0105, reikaling\u0105 med\u017eiagoms i\u0161kasti ir transportuoti, tod\u0117l tai yra labai svarbus statybos projekt\u0173 komponentas.<\/p>\n<h3>\u017dem\u0117s \u016bkio technika<\/h3>\n<p>Priekiniuose krautuvuose str\u0117l\u0117s cilindras yra atsakingas u\u017e dirvo\u017eemio, \u0161ieno ir kit\u0173 med\u017eiag\u0173 k\u0117lim\u0105, k\u0117lim\u0105 ir transportavim\u0105. Jo konstrukcija leid\u017eia tiksliai valdyti kau\u0161o kamp\u0105 ir auk\u0161t\u012f, tod\u0117l \u016bkininkai gali lengvai atlikti \u012fvairias u\u017eduotis \u2013 nuo \u200b\u200bgr\u016bd\u0173 pakrovimo iki \u0161iuk\u0161li\u0173 valymo.<\/p>\n<h3>Ekskavatoriai<\/h3>\n<p>Str\u0117l\u0117s cilindras palengvina kasimo proces\u0105, leisdamas kau\u0161ui efektyviai \u012fsiskverbti \u012f \u017eem\u0119. Jo hidraulinis mechanizmas u\u017etikrina, kad net ir sud\u0117tingos dirvo\u017eemio s\u0105lygos b\u016bt\u0173 valdomos efektyviai, padidinant na\u0161um\u0105 ir suma\u017einant operatoriaus nuovarg\u012f.<\/p>\n<h3>Krautuvai<\/h3>\n<p>Priekiniuose krautuvuose str\u0117l\u0117s cilindrai padeda kelti ir i\u0161versti krovinius. J\u0173 patikimas veikimas u\u017etikrina, kad med\u017eiagos b\u016bt\u0173 perkeliamos saugiai ir efektyviai, o tai yra gyvybi\u0161kai svarbu norint i\u0161laikyti darbo eig\u0105 judriose darbo vietose.<\/p>\n<h2>Projektavimo aspektai ir atrankos kriterijai<\/h2>\n<h3>Keliamoji galia<\/h3>\n<p>Renkantis str\u0117l\u0117s cilindr\u0105, keliamoji galia yra labai svarbus veiksnys. B\u016btina pasirinkti cilindr\u0105, kuris gali atlaikyti maksimalius atliekam\u0173 kasimo darb\u0173 apkrovos reikalavimus. Keliamosios galios nepakankamas \u012fvertinimas gali lemti cilindro gedim\u0105, d\u0117l kurio gali kilti brangi\u0173 prastov\u0173 ir remonto darb\u0173. Gamintojai da\u017enai pateikia specifikacijas, kuriose nurodomos saugios darbin\u0117s apkrovos ribos, kuri\u0173 visada reikia laikytis.<\/p>\n<h3>Sandarumas ir ilgaam\u017ei\u0161kumas<\/h3>\n<p>Efektyvus sandarinimas yra nepaprastai svarbus hidrauliniams cilindrams, siekiant i\u0161laikyti sl\u0117g\u012f ir i\u0161vengti nuot\u0117ki\u0173. Gerai suprojektuota sandarinimo sistema u\u017etikrins, kad cilindras veikt\u0173 efektyviai esant auk\u0161tam sl\u0117giui ir suma\u017eint\u0173 prie\u017ei\u016bros i\u0161laidas. Patvarumas taip pat yra labai svarbus; cilindrai turi b\u016bti atspar\u016bs nusid\u0117v\u0117jimui, atsirandan\u010diam d\u0117l darbo sunkiomis s\u0105lygomis. Auk\u0161tos kokyb\u0117s med\u017eiagos ir tiksli in\u017einerija labai prisideda prie str\u0117l\u0117s cilindro ilgaam\u017ei\u0161kumo.<\/p>\n<h3>Saugos funkcijos<\/h3>\n<p>Renkantis hidraulinius cilindrus, saugumas visada tur\u0117t\u0173 b\u016bti svarbus aspektas. Tokios savyb\u0117s kaip sl\u0117gio ma\u017einimo vo\u017etuvai ir apsaugos nuo sprogimo sistemos gali pad\u0117ti i\u0161vengti nelaiming\u0173 atsitikim\u0173 ir \u012frangos pa\u017eeidim\u0173. Svarbu u\u017etikrinti, kad cilindras atitikt\u0173 pramon\u0117s saugos standartus ir reglamentus, siekiant skatinti saugi\u0105 darbo aplink\u0105.<\/p>\n<p><img decoding=\"async\" src=\"https:\/\/www.hydraulic-cylinders.net\/wp-content\/uploads\/2025\/04\/songte-oil-pipes-and-spare-parts.webp\" alt=\"Hidrauliniai komponentai\" \/><\/p>\n<h2>Sandarinimas ir tepimas<\/h2>\n<p>Str\u0117l\u0117s cilindro efektyvumas labai priklauso nuo jo sandarinimo ir tepimo sistem\u0173. \u012evair\u016bs sandarinimo komponentai, tokie kaip st\u016bmokli\u0173 ir stryp\u0173 sandarikliai, yra b\u016btini siekiant u\u017etikrinti, kad hidraulinis skystis likt\u0173 cilindre. Sandarikliai paprastai gaminami i\u0161 atspari\u0173 dilimui med\u017eiag\u0173, toki\u0173 kaip poliuretanas ir nitrilo kau\u010diukas, kurios gali atlaikyti at\u0161iaurias hidraulini\u0173 \u012frengini\u0173 s\u0105lygas.<\/p>\n<p>Be to, cilindro korpusas ir srieginiai galiniai pavir\u0161iai yra tiksliai apdirbami, siekiant padidinti atsparum\u0105 dilimui. Norint u\u017etikrinti skland\u0173 cilindro veikim\u0105, b\u016btina reguliariai tepti hidrauline alyva. Tinkamas tepimas suma\u017eina trint\u012f tarp judan\u010di\u0173 dali\u0173, kuri, jei nebus tepama, gali sukelti prie\u0161laikin\u012f susid\u0117v\u0117jim\u0105 ir gedim\u0105. Labai svarbu sudaryti \u012fprastin\u0117s prie\u017ei\u016bros grafik\u0105, kad b\u016bt\u0173 reguliariai tikrinamas ir papildomas hidraulinio skys\u010dio lygis.<\/p>\n<h2>Prie\u017ei\u016bros priemon\u0117s<\/h2>\n<ul>\n<li><strong>Reguliar\u016bs patikrinimai:<\/strong> Atlikite kruop\u0161\u010dius str\u0117l\u0117s cilindro ir susijusi\u0173 komponent\u0173 patikrinimus, kad nustatytum\u0117te susid\u0117v\u0117jimo ar pa\u017eeidimo po\u017eymius. Ie\u0161kokite nuot\u0117ki\u0173, \u012ftr\u016bkim\u0173 ir kit\u0173 pa\u017eeidim\u0173, kurie gali rodyti galimas problemas.<\/li>\n<li><strong>Tinkamas tepimas:<\/strong> \u012esitikinkite, kad cilindras yra tinkamai suteptas pagal gamintojo rekomendacijas. Tai apima alyvos lygio patikrinim\u0105 ir tepal\u0173 naudojim\u0105 pagal poreik\u012f, kad b\u016bt\u0173 i\u0161laikytas optimalus veikimas.<\/li>\n<li><strong>Sandariklio keitimas:<\/strong> Steb\u0117kite tarpikli\u0173 b\u016bkl\u0119 ir prireikus juos pakeiskite. Susid\u0117v\u0117j\u0119 arba pa\u017eeisti tarpikliai gali sukelti hidraulinio skys\u010dio nuot\u0117k\u012f, suma\u017eindami cilindro efektyvum\u0105 ir efektyvum\u0105.<\/li>\n<\/ul>\n<h2>\u012erengimo gair\u0117s<\/h2>\n<p>Norint u\u017etikrinti tinkam\u0105 str\u0117l\u0117s cilindro veikim\u0105, laikykit\u0117s \u0161i\u0173 montavimo gairi\u0173:<\/p>\n<ul>\n<li>Prie\u0161 montuodami \u012fsitikinkite, kad visos dalys yra \u0161varios ir be \u0161iuk\u0161li\u0173, kad i\u0161vengtum\u0117te u\u017eter\u0161imo.<\/li>\n<li>Teisingai sulygiuokite cilindr\u0105, naudodami tinkamus tvirtinimo laikiklius, kad j\u012f pritvirtintum\u0117te. Neteisingas sulygiavimas gali sukelti prie\u0161laikin\u012f susid\u0117v\u0117jim\u0105 ir eksploatacines problemas.<\/li>\n<li>Prijunkite hidraulines linijas, u\u017etikrindami, kad \u017earnos neb\u016bt\u0173 susisukusios ar sulenktos, nes tai gali trukdyti skys\u010dio tek\u0117jimui.<\/li>\n<li>Dar kart\u0105 patikrinkite visas jungtis, \u012fsitikinkite, kad jos yra sandarios ir saugios, kad i\u0161vengtum\u0117te nuot\u0117ki\u0173.<\/li>\n<li>Po \u012frengimo atlikite bandom\u0105j\u012f paleidim\u0105, kad \u012fsitikintum\u0117te, jog sistema veikia tinkamai, ir patikrinkite, ar n\u0117ra nuot\u0117ki\u0173 ar pa\u017eeidim\u0173.<\/li>\n<\/ul>\n<p><img decoding=\"async\" src=\"https:\/\/www.hydraulic-cylinders.net\/wp-content\/uploads\/2025\/04\/songte-chushion-collar.webp\" alt=\"Hidraulinio cilindro montavimas\" \/><\/p>\n<h2>Saugos aspektai ir aplinkos veiksniai<\/h2>\n<p>Eksploatuojant hidraulinius cilindrus, saugos priemon\u0117s yra nepaprastai svarbios. Visada laikykit\u0117s saugos protokol\u0173, kad i\u0161vengtum\u0117te nelaiming\u0173 atsitikim\u0173, pvz., d\u0117v\u0117kite apsaugines priemones ir u\u017etikrinkite, kad visi darbuotojai \u017einot\u0173 ma\u0161inos eksploatavimo ribas. Be to, atsi\u017evelkite \u012f aplinkos veiksnius, pvz., tinkam\u0105 hidraulini\u0173 skys\u010di\u0173 utilizavim\u0105 ir ekologi\u0161k\u0173 med\u017eiag\u0173 naudojim\u0105, kai tik \u012fmanoma. Tvarios praktikos \u012fgyvendinimas padeda suma\u017einti poveik\u012f aplinkai ir kartu u\u017etikrinti \u012frangos ilgaam\u017ei\u0161kum\u0105.<\/p>\n<h2>Trik\u010di\u0173 \u0161alinimas ir da\u017eniausiai pasitaikan\u010dios problemos<\/h2>\n<p>Hidraulini\u0173 cilindr\u0173 problem\u0173 diagnostika apima da\u017eniausiai pasitaikan\u010di\u0173 problem\u0173, toki\u0173 kaip:<\/p>\n<ul>\n<li><strong>Hidraulinio skys\u010dio nuot\u0117kis:<\/strong> Tai gali rodyti susid\u0117v\u0117jusius sandariklius arba pa\u017eeistus komponentus. Patikrinkite sandariklius ir prireikus juos pakeiskite.<\/li>\n<li><strong>L\u0117tas reagavimo laikas:<\/strong> Cilindro veikimo u\u017edelsimas gali b\u016bti d\u0117l \u017eemo hidraulinio skys\u010dio lygio arba sistemoje \u012fstrigusio oro. Patikrinkite skys\u010dio lyg\u012f ir, jei reikia, i\u0161leiskite i\u0161 sistemos or\u0105.<\/li>\n<li><strong>Perkaitimas:<\/strong> Pernelyg didelis kar\u0161tis gali b\u016bti d\u0117l \u017eemo skys\u010di\u0173 lygio, kuris suma\u017eina tepim\u0105. Reguliariai tikrinkite skys\u010di\u0173 lyg\u012f, kad i\u0161vengtum\u0117te perkaitimo.<\/li>\n<\/ul>\n<h2>Prevencin\u0117s priemon\u0117s<\/h2>\n<p>Siekiant suma\u017einti galimas str\u0117l\u0117s cilindro problemas, \u012fgyvendinkite prevencines priemones, pvz., reguliarius technin\u0117s prie\u017ei\u016bros patikrinimus, u\u017etikrinkite tinkam\u0105 tepim\u0105 ir laikykit\u0117s eksploatavimo gairi\u0173. Nustatydami reguliarius patikrinimus ir spr\u0119sdami nedidelius klausimus, kol jie dar nepasikeit\u0117, galite gerokai suma\u017einti prastovas ir remonto i\u0161laidas.<\/p>\n<p><img decoding=\"async\" src=\"https:\/\/www.hydraulic-cylinders.net\/wp-content\/uploads\/2025\/04\/songte-bushings-with-all-kinds-of-excavator-models.webp\" alt=\"Ekskavatori\u0173 \u012fvor\u0117s\" \/><\/p>\n<h2>\u012emon\u0117s ap\u017evalga<\/h2>\n<p>Esame pirmaujantis pakaitini\u0173 hidraulini\u0173 cilindr\u0173 gamintojas, pripa\u017eintas d\u0117l plataus gamini\u0173 asortimento. M\u016bs\u0173 \u012fmon\u0117 \u012fsitvirtino kaip viena geriausi\u0173 gamintoj\u0173 ir didmenini\u0173 platintoj\u0173 tiek vidaus, tiek tarptautin\u0117se rinkose. Laikydamiesi auk\u0161t\u0173 kokyb\u0117s standart\u0173 ir \u012fgyvendindami patobulint\u0105 gamybos valdymo strategij\u0105, nuolat tobuliname savo gamybos platform\u0105.<\/p>\n<p>M\u016bs\u0173 \u012fsipareigojim\u0105 siekti meistri\u0161kumo palaiko kvalifikuoti technikai, pa\u017eangi gamybos \u012franga ir profesionali testavimo sistema. Tai leid\u017eia mums tobulinti gamybos procesus, u\u017etikrinant auk\u0161t\u0105 efektyvum\u0105, tikslum\u0105 ir kokyb\u0119. Mes tenkiname \u012fvairius klient\u0173 poreikius teikdami individualiai pritaikomas paslaugas ir patikim\u0105 garantinio aptarnavimo paslaug\u0105.<\/p>\n<p><img decoding=\"async\" src=\"https:\/\/www.hydraulic-cylinders.net\/wp-content\/uploads\/2025\/04\/songte-company-4.webp\" alt=\"\u012emon\u0117s gamyba\" \/><br \/>\n<img decoding=\"async\" src=\"https:\/\/www.hydraulic-cylinders.net\/wp-content\/uploads\/2025\/04\/songte-company-3.webp\" alt=\"\u012emon\u0117s ap\u017evalga\" \/><\/p>\n<p>Autorius: lyl<\/p>","protected":false},"excerpt":{"rendered":"<p>Boom Cylinder For Caterpillar Large Excavator E390DL Understanding the Boom Cylinder The Boom Cylinder is a vital component in heavy machinery, specifically designed for controlling the movement of the boom in large excavators like the Caterpillar E390DL. This hydraulic cylinder enables the boom to lift, lower, and tilt, facilitating efficient material handling tasks. As part [&hellip;]<\/p>","protected":false},"featured_media":17876,"comment_status":"open","ping_status":"closed","template":"","meta":{"_et_pb_use_builder":"","_et_pb_old_content":"","_et_gb_content_width":""},"product_brand":[],"product_cat":[1546],"product_tag":[1547,1496],"class_list":{"0":"post-18964","1":"product","2":"type-product","3":"status-publish","4":"has-post-thumbnail","6":"product_cat-boom-cylinders","7":"product_tag-boom-cylinders","8":"product_tag-hydraulic-cylinders","10":"first","11":"instock","12":"shipping-taxable","13":"product-type-simple"},"amp_enabled":true,"_links":{"self":[{"href":"https:\/\/www.hydraulic-cylinders.net\/lt\/wp-json\/wp\/v2\/product\/18964","targetHints":{"allow":["GET"]}}],"collection":[{"href":"https:\/\/www.hydraulic-cylinders.net\/lt\/wp-json\/wp\/v2\/product"}],"about":[{"href":"https:\/\/www.hydraulic-cylinders.net\/lt\/wp-json\/wp\/v2\/types\/product"}],"replies":[{"embeddable":true,"href":"https:\/\/www.hydraulic-cylinders.net\/lt\/wp-json\/wp\/v2\/comments?post=18964"}],"wp:featuredmedia":[{"embeddable":true,"href":"https:\/\/www.hydraulic-cylinders.net\/lt\/wp-json\/wp\/v2\/media\/17876"}],"wp:attachment":[{"href":"https:\/\/www.hydraulic-cylinders.net\/lt\/wp-json\/wp\/v2\/media?parent=18964"}],"wp:term":[{"taxonomy":"product_brand","embeddable":true,"href":"https:\/\/www.hydraulic-cylinders.net\/lt\/wp-json\/wp\/v2\/product_brand?post=18964"},{"taxonomy":"product_cat","embeddable":true,"href":"https:\/\/www.hydraulic-cylinders.net\/lt\/wp-json\/wp\/v2\/product_cat?post=18964"},{"taxonomy":"product_tag","embeddable":true,"href":"https:\/\/www.hydraulic-cylinders.net\/lt\/wp-json\/wp\/v2\/product_tag?post=18964"}],"curies":[{"name":"wp","href":"https:\/\/api.w.org\/{rel}","templated":true}]}}