{"id":18965,"date":"2025-04-07T06:04:34","date_gmt":"2025-04-07T06:04:34","guid":{"rendered":"https:\/\/www.hydraulic-cylinders.net\/product\/boom-cylinder-for-caterpillar-large-excavator-e328dlc\/"},"modified":"2025-04-07T06:04:37","modified_gmt":"2025-04-07T06:04:37","slug":"boom-cylinder-for-caterpillar-large-excavator-e328dlc","status":"publish","type":"product","link":"https:\/\/www.hydraulic-cylinders.net\/lt\/produktas\/boom-cylinder-for-caterpillar-large-excavator-e328dlc\/","title":{"rendered":"Str\u0117l\u0117s cilindras Caterpillar dideliam ekskavatoriui E328DLC"},"content":{"rendered":"<h1>Str\u0117l\u0117s cilindras Caterpillar dideliam ekskavatoriui E328DLC<\/h1>\n<h2>\u012evadas \u012f str\u0117l\u0117s cilindr\u0105<\/h2>\n<p>Str\u0117l\u0117s cilindras yra esmin\u0117 hidraulini\u0173 sistem\u0173 dalis, ypa\u010d dideliuose ekskavatoriuose, tokiuose kaip \u201eCaterpillar E328DLC\u201c. \u0160is hidraulinis cilindras yra specialiai sukurtas str\u0117l\u0117s jud\u0117jimui valdyti, leid\u017eiant pakelti, nuleisti ir pakreipti ekskavatoriaus svirt\u012f. Efektyvus str\u0117l\u0117s cilindro veikimas yra labai svarbus atliekant \u012fvairias med\u017eiag\u0173 tvarkymo u\u017eduotis, tod\u0117l jis yra nepakei\u010diama sunkiosios technikos dalis.<\/p>\n<p><img decoding=\"async\" src=\"https:\/\/www.hydraulic-cylinders.net\/wp-content\/uploads\/2025\/04\/songte-company-1.webp\" alt=\"Str\u0117l\u0117s cilindro vaizdas\" \/><\/p>\n<h3>Hidraulini\u0173 sistem\u0173 str\u0117l\u0117s cilindro ap\u017evalga<\/h3>\n<p>Hidraulin\u0117se sistemose str\u0117l\u0117s cilindras veikia kaip j\u0117gos daugiklis, panaudojant hidraulinio skys\u010dio sl\u0117g\u012f tiesiniam jud\u0117jimui sukurti. Tai leid\u017eia ekskavatoriui atlikti tokias u\u017eduotis kaip kasimas, sunki\u0173 krovini\u0173 k\u0117limas ir tikslus manevravimas. Hidraulinio skys\u010dio sl\u0117gis u\u017etikrina skland\u0173 ir efektyv\u0173 veikim\u0105, o tai labai svarbu atliekant sunkiasvorius darbus. Sukurtas ilgaam\u017ei\u0161kumui ir patikimumui, str\u0117l\u0117s cilindras leid\u017eia operatoriams lengvai atlikti sud\u0117tingas u\u017eduotis, tod\u0117l jis yra labai svarbus statyb\u0173 ir kasybos pramon\u0117s komponentas.<\/p>\n<h2>Str\u0117l\u0117s cilindro savyb\u0117s<\/h2>\n<ul>\n<li><strong>Didelis stiprumas ir ilgaam\u017ei\u0161kumas:<\/strong> Pagamintas i\u0161 didelio stiprumo plieno arba aliuminio, str\u0117l\u0117s cilindras gali atlaikyti auk\u0161t\u0105 sl\u0117g\u012f ir dideles apkrovas. Jo konstrukcija u\u017etikrino atsparum\u0105 dilimui ir apsaug\u0105 nuo korozijos, u\u017etikrinant ilg\u0105 tarnavimo laik\u0105 at\u0161iauriomis darbo s\u0105lygomis.<\/li>\n<li><strong>Efektyvus hidraulinis valdymas:<\/strong> \u0160is cilindras, naudodamas hidraulinio skys\u010dio sl\u0117g\u012f, u\u017etikrina skland\u0173 i\u0161pl\u0117tim\u0105 ir atitraukim\u0105, sukurdamas galingas st\u016bmimo ir traukimo j\u0117gas. Jis ypa\u010d efektyvus tvarkant sunkius objektus ir atliekant sud\u0117tingas eksploatacines u\u017eduotis.<\/li>\n<li><strong>\u012evair\u016bs tipai:<\/strong> Str\u0117l\u0117s cilindras, tiekiamas su vienpusio veikimo (veikian\u010diu viena kryptimi) arba dvipusio veikimo (veikian\u010diu abiem kryptimis) konfig\u016bracijomis, gali b\u016bti pritaikytas \u012fvairiems eksploatavimo reikalavimams. Kai kurie modeliai pasi\u017eymi teleskopin\u0117mis konstrukcijomis, leid\u017eian\u010diomis didesn\u012f i\u0161pl\u0117tim\u0105 nedidinant i\u0161orini\u0173 matmen\u0173, tod\u0117l idealiai tinka naudoti ribotoje erdv\u0117je.<\/li>\n<\/ul>\n<h3>M\u016bs\u0173 gamybos paj\u0117gumai<\/h3>\n<p>Specializuojam\u0117s auk\u0161tos kokyb\u0117s str\u0117l\u0117s cilindr\u0173, kurie puikiai pakei\u010dia esamus hidraulinius cilindrus \u012fvairiose srityse, gamyboje.<\/p>\n<p><img decoding=\"async\" src=\"https:\/\/www.hydraulic-cylinders.net\/wp-content\/uploads\/2025\/04\/songte-cylinder-head-with-all-kinds-excavator-models.webp\" alt=\"Cilindro galvut\u0117 ekskavatoriams\" \/><\/p>\n<h2>Str\u0117l\u0117s cilindro pritaikymas<\/h2>\n<h3>Statybin\u0117 \u012franga<\/h3>\n<p>Ekskavatoriuose str\u0117l\u0117s cilindrai yra gyvybi\u0161kai svarb\u016bs kasant, kraunant ir perkeliant grunt\u0105 ar \u0161iuk\u0161les. D\u0117l savo geb\u0117jimo palengvinti tiek kasimo, tiek k\u0117limo operacijas jie yra nepakei\u010diami statybos projektuose, kuriuose svarbiausia yra efektyvumas ir tikslumas.<\/p>\n<h3>\u017dem\u0117s \u016bkio technika<\/h3>\n<p>Priekiniuose krautuvuose naudojami str\u0117l\u0117s cilindrai yra b\u016btini \u017eemei, \u0161ienui ir kitoms med\u017eiagoms semti, kelti ir transportuoti. \u0160i\u0173 cilindr\u0173 universalumas leid\u017eia \u016bkininkams efektyviai atlikti \u012fvairias u\u017eduotis, didinant \u017eem\u0117s \u016bkio darb\u0173 na\u0161um\u0105.<\/p>\n<h3>Ekskavatoriai<\/h3>\n<p>Str\u0117l\u0117s cilindrai leid\u017eia ekskavatoriams efektyviai \u012fsiskverbti \u012f \u017eem\u0119, tod\u0117l galima efektyviai atlikti kasimo darbus. J\u0173 konstrukcija u\u017etikrina maksimal\u0173 j\u0117gos panaudojim\u0105, tod\u0117l jie tinka \u012fvairiems dirvo\u017eemio tipams ir s\u0105lygoms.<\/p>\n<h3>Krautuvai<\/h3>\n<p>Priekiniuose krautuvuose str\u0117l\u0117s cilindrai padeda efektyviai kelti ir i\u0161versti krovinius. J\u0173 patikimas veikimas u\u017etikrina greit\u0105 pakrovimo ir i\u0161krovimo darb\u0173 atlikimo laik\u0105, o tai labai svarbu dirbant \u012ftemptoje aplinkoje.<\/p>\n<h2>Projektavimo aspektai ir atrankos kriterijai<\/h2>\n<h3>Keliamoji galia<\/h3>\n<p>Renkantis str\u0117l\u0117s cilindr\u0105, labai svarbus yra keliamoji galia. Ji lemia, kiek svorio cilindras gali efektyviai atlaikyti eksploatacijos metu. Konstrukcija turi atlaikyti did\u017eiausias galimas apkrovas, su kuriomis susiduriama konkre\u010diose srityse, u\u017etikrinant saugum\u0105 ir efektyvum\u0105.<\/p>\n<h3>Sandarinimo efektyvumas<\/h3>\n<p>Efektyvus sandarinimas yra gyvybi\u0161kai svarbus siekiant i\u0161vengti hidraulinio skys\u010dio nuot\u0117ki\u0173, kurie gali pakenkti sistemos efektyvumui ir saugumui. Norint i\u0161laikyti sl\u0117g\u012f ir funkcionalum\u0105 ilg\u0105 laik\u0105, net ir sud\u0117tingomis s\u0105lygomis, reikia naudoti auk\u0161tos kokyb\u0117s sandariklius.<\/p>\n<h3>Patvarumas<\/h3>\n<p>Projektuojant str\u0117l\u0117s cilindrus, svarbus j\u0173 ilgaam\u017ei\u0161kumas. Jie turi b\u016bti atspar\u016bs nusid\u0117v\u0117jimui d\u0117l nuolatinio naudojimo at\u0161iauriomis s\u0105lygomis. Konstrukcijoje naudojamos med\u017eiagos ir dangos atlieka labai svarb\u0173 vaidmen\u012f u\u017etikrinant ilgaam\u017ei\u0161kum\u0105 ir patikimum\u0105.<\/p>\n<h2>Str\u0117l\u0117s cilindro sandarinimas ir tepimas<\/h2>\n<p>Tinkamas sandarinimas ir tepimas yra gyvybi\u0161kai svarb\u016bs str\u0117l\u0117s cilindr\u0173 veikimui palaikyti. Siekiant u\u017etikrinti sandar\u0173 u\u017edarym\u0105 ir i\u0161vengti nuot\u0117ki\u0173, naudojami \u012fvairi\u0173 tip\u0173 sandarikliai, pavyzd\u017eiui, st\u016bmokli\u0173 ir stryp\u0173 sandarikliai. I\u0161 patvari\u0173 med\u017eiag\u0173, toki\u0173 kaip poliuretanas ir nitrilo kau\u010diukas, pagaminti sandarikliai yra atspar\u016bs dilimui ir aplinkos veiksniams.<\/p>\n<p>Cilindro korpusas ir srieginiai pavir\u0161iai yra kruop\u0161\u010diai apdorojami, siekiant padidinti atsparum\u0105 dilimui, o reguliarus tepimas hidrauline alyva yra b\u016btinas skland\u017eiam veikimui. Reikia reguliariai tikrinti, ar sandarikliai nepa\u017eeisti ir tinkamai veikia.<\/p>\n<h2>Prevencin\u0117s prie\u017ei\u016bros priemon\u0117s<\/h2>\n<ul>\n<li><strong>Reguliar\u016bs patikrinimai:<\/strong> Atlikite reguliarius patikrinimus, kad nustatytum\u0117te susid\u0117v\u0117jim\u0105 ar pa\u017eeidimus, kol jie netapo rimtomis problemomis.<\/li>\n<li><strong>Tinkamas tepimas:<\/strong> \u012esitikinkite, kad cilindras yra tinkamai suteptas hidrauline alyva, kad b\u016bt\u0173 u\u017etikrintas sklandus veikimas ir i\u0161vengta susid\u0117v\u0117jimo.<\/li>\n<li><strong>Sandariklio keitimas:<\/strong> Reguliariai tikrinkite ir keiskite sandariklius, kad palaikytum\u0117te sl\u0117g\u012f ir veikim\u0105.<\/li>\n<\/ul>\n<h2>Str\u0117l\u0117s cilindro montavimo gair\u0117s<\/h2>\n<p>Tinkamas montavimas yra labai svarbus str\u0117l\u0117s cilindro veikimui. Pirmiausia \u012fsitikinkite, kad tvirtinimo pavir\u0161iai yra \u0161var\u016bs ir be \u0161iuk\u0161li\u0173. Tiksliai sulygiuokite cilindr\u0105 su tvirtinimo laikikliais, naudodami tinkamus tvirtinimo elementus, kad jis b\u016bt\u0173 pritvirtintas. B\u016btina var\u017etus priver\u017eti pagal gamintojo specifikacijas, kad b\u016bt\u0173 i\u0161vengta bet kokio nesuderinimo ar per didelio cilindro \u012ftempimo. Galiausiai prijunkite hidraulines linijas, prie\u0161 naudodami \u012fsitikindami, kad n\u0117ra nuot\u0117ki\u0173.<\/p>\n<h2>\u012eprastos prie\u017ei\u016bros u\u017eduotys<\/h2>\n<ul>\n<li><strong>Reguliar\u016bs patikrinimai:<\/strong> Reguliariai tikrinkite cilindro b\u016bkl\u0119, ie\u0161kodami susid\u0117v\u0117jimo ar skys\u010di\u0173 nuot\u0117kio po\u017eymi\u0173.<\/li>\n<li><strong>Tinkamas tepimas:<\/strong> Reguliariai sutepkite cilindr\u0105, kad i\u0161laikytum\u0117te jo veikimo efektyvum\u0105, i\u0161vengtum\u0117te trinties ir dilimo.<\/li>\n<li><strong>Sandariklio keitimas ir kalibravimas:<\/strong> Steb\u0117kite sandarikli\u0173 susid\u0117v\u0117jim\u0105 ir prireikus juos pakeiskite, u\u017etikrindami, kad sistema i\u0161likt\u0173 sl\u0117gin\u0117 ir veikt\u0173.<\/li>\n<\/ul>\n<h2>Saugos aspektai ir aplinkos veiksniai<\/h2>\n<p>Naudojant str\u0117l\u0117s cilindrus, itin svarbu laikytis saugos protokol\u0173. Operatoriai tur\u0117t\u0173 b\u016bti apmokyti saugaus naudojimo praktikos ir suprasti galimus hidraulini\u0173 sistem\u0173 pavojus. Tinkama prie\u017ei\u016bra ir patikros taip pat prisideda prie aplinkosaugos, nes suma\u017eina nuot\u0117kius ir i\u0161siliejimus, kurie gal\u0117t\u0173 pakenkti ekosistemai.<\/p>\n<h2>Trik\u010di\u0173 \u0161alinimas ir da\u017eniausiai pasitaikan\u010dios problemos<\/h2>\n<ul>\n<li><strong>Hidraulini\u0173 skys\u010di\u0173 nuot\u0117kiai:<\/strong> Patikrinkite sandariklius ir jungtis, jei yra skys\u010dio nuot\u0117kio po\u017eymi\u0173, nes tai gali rodyti susid\u0117v\u0117jusius sandariklius arba netinkamas jungtis.<\/li>\n<li><strong>Nenuoseklus cilindro jud\u0117jimas:<\/strong> Patikrinkite, ar n\u0117ra u\u017esikim\u0161im\u0173 hidraulin\u0117se linijose arba ar n\u0117ra \u017eemo skys\u010dio lygio, kurie gali tur\u0117ti \u012ftakos cilindro veikimui.<\/li>\n<li><strong>Ne\u012fprasti garsai:<\/strong> Jei cilindras veikimo metu skleid\u017eia ne\u012fprastus garsus, tai gali rodyti vidinius pa\u017eeidimus arba nepakankam\u0105 tepim\u0105.<\/li>\n<\/ul>\n<h2>Patarimai, kaip efektyviai diagnozuoti gedimus<\/h2>\n<p>Nor\u0117dami efektyviai diagnozuoti ir i\u0161spr\u0119sti str\u0117l\u0117s cilindro problemas, operatoriai tur\u0117t\u0173 laikytis sistemingo po\u017ei\u016brio. Reguliarus sistemos veikimo steb\u0117jimas gali pad\u0117ti anksti nustatyti galimas problemas. \u012egyvendinus prevencines priemones, tokias kaip \u012fprastin\u0117 prie\u017ei\u016bra ir tinkamas tepimas, suma\u017e\u0117ja rimt\u0173 problem\u0173 atsiradimo tikimyb\u0117. Technin\u0117s prie\u017ei\u016bros veiksm\u0173 ir simptom\u0173 \u017eurnalas gali pad\u0117ti \u0161alinti triktis, u\u017etikrinti efektyv\u0173 \u012frangos veikim\u0105 ir ilgaam\u017ei\u0161kum\u0105.<\/p>\n<p><img decoding=\"async\" src=\"https:\/\/www.hydraulic-cylinders.net\/wp-content\/uploads\/2025\/04\/songte-bushings-with-all-kinds-of-excavator-models.webp\" alt=\"Ekskavatori\u0173 modeli\u0173 \u012fvor\u0117s\" \/><\/p>\n<h2>Apie m\u016bs\u0173 \u012fmon\u0119<\/h2>\n<p>Esame pirmaujantis pakaitini\u0173 hidraulini\u0173 cilindr\u0173 gamintojas, si\u016blantis plat\u0173 gamini\u0173 asortiment\u0105, skirt\u0105 tiek vidaus, tiek tarptautinei rinkai. M\u016bs\u0173 \u012fsipareigojim\u0105 siekti meistri\u0161kumo \u012frodo patobulinti gamybos procesai, kvalifikuota darbo j\u0117ga ir pa\u017eangios gamybos valdymo strategijos. Siekdami padidinti savo gamybos paj\u0117gumus, naudojame pa\u017eangiausias technologijas ir grie\u017etas kokyb\u0117s kontrol\u0117s sistemas, u\u017etikrindami, kad tiksliai ir efektyviai patenkintume \u012fvairius klient\u0173 poreikius.<\/p>\n<h3>Specializacija ir sertifikavimas<\/h3>\n<p>M\u016bs\u0173 \u012fmon\u0117 did\u017eiuojasi si\u016blydama individualiai pritaikytas paslaugas, pritaikytas unikaliems klient\u0173 poreikiams. Turime \u012fvairi\u0173 tarptautini\u0173 sertifikat\u0173, patvirtinan\u010di\u0173 m\u016bs\u0173 \u012fsipareigojim\u0105 u\u017etikrinti gamini\u0173 kokyb\u0119 ir patikimum\u0105.<\/p>\n<h3>Gamybos \u012franga ir garantinis aptarnavimas<\/h3>\n<p>Naudodami pa\u017eangiausias gamybos technologijas, galime gaminti auk\u0161tos kokyb\u0117s hidraulinius cilindrus konkurencingomis kainomis. M\u016bs\u0173 specializuotas garantinio aptarnavimo centras u\u017etikrina, kad klientai gaut\u0173 nuolatin\u0119 param\u0105 ir konsultacijas per vis\u0105 j\u0173 gamini\u0173 gyvavimo cikl\u0105.<\/p>\n<p><img decoding=\"async\" src=\"https:\/\/www.hydraulic-cylinders.net\/wp-content\/uploads\/2025\/04\/songte-company-4.webp\" alt=\"\u012emon\u0117s gamybos \u012frenginiai\" \/><br \/>\n<img decoding=\"async\" src=\"https:\/\/www.hydraulic-cylinders.net\/wp-content\/uploads\/2025\/04\/songte-company-3.webp\" alt=\"\u012emon\u0117s sertifikavimas ir kokyb\u0117\" \/><\/p>\n<p>Autorius: lyl<\/p>","protected":false},"excerpt":{"rendered":"<p>Boom Cylinder For Caterpillar Large Excavator E328DLC Introduction to Boom Cylinder The boom cylinder is an essential component of hydraulic systems, particularly in large excavators like the Caterpillar E328DLC. This hydraulic cylinder is specifically designed to control the movement of the boom, allowing for the lifting, lowering, and tilting of the excavator&#8217;s arm. The efficient [&hellip;]<\/p>","protected":false},"featured_media":17877,"comment_status":"open","ping_status":"closed","template":"","meta":{"_et_pb_use_builder":"","_et_pb_old_content":"","_et_gb_content_width":""},"product_brand":[],"product_cat":[1546],"product_tag":[1547,1496],"class_list":{"0":"post-18965","1":"product","2":"type-product","3":"status-publish","4":"has-post-thumbnail","6":"product_cat-boom-cylinders","7":"product_tag-boom-cylinders","8":"product_tag-hydraulic-cylinders","10":"first","11":"instock","12":"shipping-taxable","13":"product-type-simple"},"amp_enabled":true,"_links":{"self":[{"href":"https:\/\/www.hydraulic-cylinders.net\/lt\/wp-json\/wp\/v2\/product\/18965","targetHints":{"allow":["GET"]}}],"collection":[{"href":"https:\/\/www.hydraulic-cylinders.net\/lt\/wp-json\/wp\/v2\/product"}],"about":[{"href":"https:\/\/www.hydraulic-cylinders.net\/lt\/wp-json\/wp\/v2\/types\/product"}],"replies":[{"embeddable":true,"href":"https:\/\/www.hydraulic-cylinders.net\/lt\/wp-json\/wp\/v2\/comments?post=18965"}],"wp:featuredmedia":[{"embeddable":true,"href":"https:\/\/www.hydraulic-cylinders.net\/lt\/wp-json\/wp\/v2\/media\/17877"}],"wp:attachment":[{"href":"https:\/\/www.hydraulic-cylinders.net\/lt\/wp-json\/wp\/v2\/media?parent=18965"}],"wp:term":[{"taxonomy":"product_brand","embeddable":true,"href":"https:\/\/www.hydraulic-cylinders.net\/lt\/wp-json\/wp\/v2\/product_brand?post=18965"},{"taxonomy":"product_cat","embeddable":true,"href":"https:\/\/www.hydraulic-cylinders.net\/lt\/wp-json\/wp\/v2\/product_cat?post=18965"},{"taxonomy":"product_tag","embeddable":true,"href":"https:\/\/www.hydraulic-cylinders.net\/lt\/wp-json\/wp\/v2\/product_tag?post=18965"}],"curies":[{"name":"wp","href":"https:\/\/api.w.org\/{rel}","templated":true}]}}