{"id":18968,"date":"2025-04-07T06:04:41","date_gmt":"2025-04-07T06:04:41","guid":{"rendered":"https:\/\/www.hydraulic-cylinders.net\/product\/boom-cylinder-for-caterpillar-large-excavator-e345d\/"},"modified":"2025-04-07T06:04:44","modified_gmt":"2025-04-07T06:04:44","slug":"boom-cylinder-for-caterpillar-large-excavator-e345d","status":"publish","type":"product","link":"https:\/\/www.hydraulic-cylinders.net\/lt\/produktas\/boom-cylinder-for-caterpillar-large-excavator-e345d\/","title":{"rendered":"Str\u0117l\u0117s cilindras Caterpillar dideliam ekskavatoriui E345D"},"content":{"rendered":"<h1>Str\u0117l\u0117s cilindras Caterpillar dideliam ekskavatoriui E345D<\/h1>\n<h2>Produkto ap\u017evalga<\/h2>\n<p>\u201eCaterpillar\u201c didelio ekskavatoriaus E345D str\u0117l\u0117s cilindras yra esminis hidraulinis komponentas, skirtas valdyti sunkiosios technikos str\u0117l\u0117s jud\u0117jim\u0105. \u0160is hidraulinis cilindras atlieka labai svarb\u0173 vaidmen\u012f atliekant \u012fvairias u\u017eduotis, tokias kaip ekskavatori\u0173, ekskavatori\u0173-krautuv\u0173 ir frontalini\u0173 krautuv\u0173 str\u0117l\u0117s k\u0117limas, nuleidimas ir pakreipimas. Jis leid\u017eia efektyviai tvarkyti med\u017eiagas, didindamas bendr\u0105 statybos ir kasimo proces\u0173 na\u0161um\u0105.<\/p>\n<p><img decoding=\"async\" src=\"https:\/\/www.hydraulic-cylinders.net\/wp-content\/uploads\/2025\/04\/songte-company-1.webp\" alt=\"Str\u0117l\u0117s cilindras Caterpillar ekskavatoriui E345D\" \/><\/p>\n<h3>Apibr\u0117\u017eimas ir funkcionalumas<\/h3>\n<p>Kau\u0161o cilindras yra hidraulinio cilindro tipas, specialiai sukurtas valdyti kau\u0161\u0173 jud\u0117jim\u0105 sunkiosiose ma\u0161inose. \u0160ie cilindrai leid\u017eia tiksliai valdyti med\u017eiagas, u\u017etikrinant, kad sunkius krovinius b\u016bt\u0173 galima lengvai valdyti. Hidraulin\u0117se sistemose kau\u0161o cilindras gauna auk\u0161tu sl\u0117giu veikiant\u012f hidraulin\u012f skyst\u012f, kuris aktyvuoja jo mechanizm\u0105, u\u017etikrindamas skland\u0173 veikim\u0105 net ir sud\u0117tingomis s\u0105lygomis. Paversdami hidraulin\u0119 energij\u0105 mechanine energija, \u0161ie cilindrai pagerina ekskavatori\u0173 ir kitos technikos eksploatacines galimybes, tod\u0117l jie yra nepakei\u010diami statyb\u0173 ir \u017eem\u0117s \u016bkio sektoriuose.<\/p>\n<h2>Pagrindin\u0117s savyb\u0117s<\/h2>\n<ul>\n<li><strong>Didelis stiprumas ir ilgaam\u017ei\u0161kumas:<\/strong> \u0160ie cilindrai, pagaminti i\u0161 didelio stiprumo plieno arba aliuminio, yra sukurti taip, kad atlaikyt\u0173 auk\u0161t\u0105 sl\u0117g\u012f ir dideles apkrovas, u\u017etikrindami ilgalaik\u012f veikim\u0105 at\u0161iauriomis darbo s\u0105lygomis.<\/li>\n<li><strong>Efektyvus hidraulinis valdymas:<\/strong> Cilindras naudoja hidraulin\u0117s alyvos sl\u0117g\u012f, kad u\u017etikrint\u0173 skland\u0173 ir jautr\u0173 i\u0161pl\u0117tim\u0105 bei atitraukim\u0105, suteikdamas galingas st\u016bmimo ir traukimo galimybes, tinkamas sunki\u0173 med\u017eiag\u0173 tvarkymui.<\/li>\n<li><strong>\u012evair\u016bs variantai:<\/strong> Priklausomai nuo eksploatacini\u0173 poreiki\u0173, galima rinktis vienpusio ir dvipusio veikimo konfig\u016bracijas, o kai kurie modeliai pasi\u017eymi teleskopin\u0117mis konstrukcijomis, kad b\u016bt\u0173 didesnis pasiekiamumas nedidinant i\u0161orini\u0173 matmen\u0173.<\/li>\n<li><strong>Atsparumas korozijai:<\/strong> Sukurta i\u0161 korozijai atspari\u0173 med\u017eiag\u0173, u\u017etikrinan\u010di\u0173 ilgaam\u017ei\u0161kum\u0105 ir patikimum\u0105 net dr\u0117gnoje ar korozin\u0117je aplinkoje.<\/li>\n<li><strong>Lengvas montavimas:<\/strong> Sukurtas paprastam montavimui, leid\u017eiantis operatoriams skland\u017eiai integruoti cilindr\u0105 \u012f esamas ma\u0161in\u0173 sistemas.<\/li>\n<\/ul>\n<h3>Gamybos meistri\u0161kumas<\/h3>\n<p>Specializuojam\u0117s auk\u0161tos kokyb\u0117s str\u0117l\u0117s cilindr\u0173, kurie puikiai pakei\u010dia esamus hidraulinius cilindrus, gamyboje, u\u017etikrindami suderinamum\u0105 ir na\u0161um\u0105. M\u016bs\u0173 gamybos procesai atitinka grie\u017etus kokyb\u0117s standartus, tod\u0117l m\u016bs\u0173 gaminiai yra patikimas pasirinkimas \u012fvairioms sunkiosios technikos reikm\u0117ms.<\/p>\n<p><img decoding=\"async\" src=\"https:\/\/www.hydraulic-cylinders.net\/wp-content\/uploads\/2025\/04\/songte-cylinder-head-with-all-kinds-excavator-models.webp\" alt=\"Hidraulini\u0173 cilindr\u0173 gamyba\" \/><\/p>\n<h2>Str\u0117l\u0117s cilindr\u0173 pritaikymas<\/h2>\n<h3>Statybin\u0117 \u012franga<\/h3>\n<p>Ekskavatoriuose str\u0117l\u0117s cilindrai yra gyvybi\u0161kai svarb\u016bs kasant, kraunant ir perkeliant \u017eem\u0119 ar \u0161iuk\u0161les. Jie leid\u017eia str\u0117lei atlikti konkre\u010dius judesius, palengvindami efektyv\u0173 kasim\u0105 ir med\u017eiag\u0173 tvarkym\u0105. \u0160i\u0173 cilindr\u0173 patikimumas padidina bendr\u0105 na\u0161um\u0105 statybviet\u0117se.<\/p>\n<h3>\u017dem\u0117s \u016bkio technika<\/h3>\n<p>Priekiniuose krautuvuose naudojami str\u0117l\u0117s cilindrai valdo dirvo\u017eemio, \u0161ieno ir \u012fvairi\u0173 med\u017eiag\u0173 k\u0117lim\u0105 ir transportavim\u0105. J\u0173 tvirtumas leid\u017eia efektyviai atlikti \u017eem\u0117s \u016bkio darbus, pagerinti na\u0161um\u0105 ir suma\u017einti rankin\u012f darb\u0105.<\/p>\n<h3>Ekskavatoriai<\/h3>\n<p>Ekskavatoriuose str\u0117l\u0117s cilindras leid\u017eia kau\u0161ui efektyviai \u012fsiskverbti \u012f dirv\u0105, tod\u0117l galima giliai kasti. \u0160i galimyb\u0117 yra labai svarbi projektams, kuriems reikalingas tikslus kasimas, u\u017etikrinant, kad u\u017eduotys b\u016bt\u0173 atliktos efektyviai ir tiksliai.<\/p>\n<h3>Krautuvai<\/h3>\n<p>Priekiniuose krautuvuose str\u0117l\u0117s cilindrai padeda efektyviai kelti ir i\u0161versti krovinius. Jie suteikia reikiam\u0105 j\u0117g\u0105 sunkioms med\u017eiagoms tvarkyti, tod\u0117l projektai u\u017ebaigiami grei\u010diau ir padid\u0117ja veiklos efektyvumas.<\/p>\n<h2>Projektavimo aspektai ir atrankos kriterijai<\/h2>\n<h3>Keliamoji galia<\/h3>\n<p>Renkantis str\u0117l\u0117s cilindr\u0105, keliamoji galia yra labai svarbus veiksnys. Cilindras turi atlaikyti tvarkom\u0173 krovini\u0173 svor\u012f be gedimo rizikos. In\u017einieriai turi apskai\u010diuoti maksimali\u0105 apkrov\u0105, kad u\u017etikrint\u0173, jog cilindro stiprumas atitikt\u0173 eksploatacinius reikalavimus. Nepakankamos keliamosios galios cilindras gali sukelti katastrofi\u0161k\u0173 gedim\u0173, kelian\u010di\u0173 pavoj\u0173 saugai ir brangiai kainuojan\u010dias prastovas.<\/p>\n<h3>Sandarinimo efektyvumas<\/h3>\n<p>Sandarinimas yra b\u016btinas hidrauliniams cilindrams, siekiant i\u0161laikyti sl\u0117g\u012f ir i\u0161vengti nuot\u0117ki\u0173. Auk\u0161tos kokyb\u0117s sandarikliai, tokie kaip st\u016bmokli\u0173 ir kot\u0173 sandarikliai, pagaminti i\u0161 patvari\u0173 med\u017eiag\u0173, toki\u0173 kaip poliuretanas arba nitrilo kau\u010diukas, yra labai svarb\u016bs siekiant u\u017etikrinti ilgalaik\u012f veikim\u0105. Tinkamas sandarinimas suma\u017eina skys\u010di\u0173 nuostolius ir padidina efektyvum\u0105, pailgindamas hidraulin\u0117s sistemos tarnavimo laik\u0105.<\/p>\n<h3>Patvarumas ir prie\u017ei\u016bra<\/h3>\n<p>Hidraulini\u0173 cilindr\u0173 konstrukcijoje svarbiausia yra ilgaam\u017ei\u0161kumas. Jie turi atlaikyti at\u0161iaurias darbo s\u0105lygas, \u012fskaitant purvo, dr\u0117gm\u0117s ir ekstremali\u0173 temperat\u016br\u0173 poveik\u012f. Pasirinkus med\u017eiagas, kurios atsparios dilimui ir korozijai, \u017eymiai pailg\u0117s cilindro tarnavimo laikas. Reguliarus techninis aptarnavimas taip pat atlieka svarb\u0173 vaidmen\u012f u\u017etikrinant ilgaam\u017ei\u0161kum\u0105, tod\u0117l operatoriai privalo laikytis rekomenduojam\u0173 technin\u0117s prie\u017ei\u016bros grafik\u0173.<\/p>\n<h3>Saugos funkcijos<\/h3>\n<p>Saugumas yra labai svarbus naudojant hidraulinius cilindrus. \u012erengus saugos funkcijas, tokias kaip perkrovos vo\u017etuvai, galima i\u0161vengti, kad sistema vir\u0161yt\u0173 saugias sl\u0117gio ribas. Be to, norint suma\u017einti nelaiming\u0173 atsitikim\u0173 ir su\u017ealojim\u0173 skai\u010di\u0173, b\u016btina tinkamai apmokyti operatorius saugaus elgesio su hidrauliniais cilindrais praktikos.<\/p>\n<h3>Lengva prie\u017ei\u016bra<\/h3>\n<p>Lengvai pri\u017ei\u016brimas cilindras gali gerokai suma\u017einti prastovas. Tokios savyb\u0117s kaip prieigos angos tepimui ir paprastas i\u0161montavimo procesas palengvins reguliarias patikras ir remont\u0105. Gerai pri\u017ei\u016brimas cilindras veiks patikimai, suma\u017eindamas netik\u0117t\u0173 gedim\u0173 ir susijusi\u0173 i\u0161laid\u0173 rizik\u0105.<\/p>\n<p><img decoding=\"async\" src=\"https:\/\/www.hydraulic-cylinders.net\/wp-content\/uploads\/2025\/04\/songte-oil-pipes-and-spare-parts.webp\" alt=\"Hidraulini\u0173 cilindr\u0173 dalys\" \/><\/p>\n<h2>Sandarinimas ir tepimas<\/h2>\n<p>Tinkamas sandarinimas ir tepimas yra labai svarb\u016bs efektyviam hidraulini\u0173 cilindr\u0173 veikimui. Sl\u0117giui palaikyti ir skys\u010di\u0173 nuot\u0117kiui i\u0161vengti naudojami \u012fvair\u016bs sandarikliai, pavyzd\u017eiui, st\u016bmokli\u0173 ir stryp\u0173 sandarikliai. \u0160ie sandarikliai tur\u0117t\u0173 b\u016bti pagaminti i\u0161 dilimui atspari\u0173 med\u017eiag\u0173, toki\u0173 kaip poliuretanas arba nitrilo kau\u010diukas, kad atlaikyt\u0173 hidraulini\u0173 operacij\u0173 grie\u017etum\u0105.<\/p>\n<p>Cilindro korpusas ir srieginiai galai turi b\u016bti tiksliai apdirbti, kad padid\u0117t\u0173 atsparumas dilimui, b\u016bt\u0173 u\u017etikrintas tvirtas prigludimas ir suma\u017einta nuot\u0117ki\u0173 tikimyb\u0117. Norint palaikyti optimal\u0173 veikim\u0105, b\u016btina reguliariai tepti tinkama hidrauline alyva, nes tai suma\u017eina trint\u012f ir dilim\u0105, taip pailgindama cilindro tarnavimo laik\u0105.<\/p>\n<h2>Reguliarus patikrinimas ir prevencin\u0117 prie\u017ei\u016bra<\/h2>\n<ul>\n<li><strong>\u012eprastiniai patikrinimai:<\/strong> Reguliariai tikrinkite hidraulinius cilindrus, ar n\u0117ra susid\u0117v\u0117jimo ar pa\u017eeidim\u0173 po\u017eymi\u0173. Tai apima nuot\u0117ki\u0173, \u012ftr\u016bkim\u0173 ar bet kokios deformacijos cilindro korpuse patikrinim\u0105. Ankstyvas problem\u0173 nustatymas gali pad\u0117ti i\u0161vengti katastrofi\u0161k\u0173 gedim\u0173.<\/li>\n<li><strong>Tinkamas tepimas:<\/strong> \u012esitikinkite, kad hidraulin\u0117s alyvos lygis yra tinkamas ir joje n\u0117ra ter\u0161al\u0173. Reguliariai tikrinkite ir keiskite alyv\u0105 pagal poreik\u012f, kad i\u0161laikytum\u0117te optimal\u0173 na\u0161um\u0105.<\/li>\n<li><strong>Sandariklio keitimas:<\/strong> Laikui b\u0117gant, sandarikliai gali susid\u0117v\u0117ti ir juos reikia pakeisti. Reguliariai tikrinkite sandariklius, ar n\u0117ra nusid\u0117v\u0117jimo po\u017eymi\u0173, ir pakeiskite juos, kad i\u0161vengtum\u0117te nuot\u0117ki\u0173 ir palaikytum\u0117te sl\u0117g\u012f.<\/li>\n<\/ul>\n<h2>\u012erengimo gair\u0117s<\/h2>\n<p>Tinkamas str\u0117l\u0117s cilindro montavimas yra labai svarbus jo veikimui ir ilgaam\u017ei\u0161kumui. Prad\u0117kite kruop\u0161\u010diai sulygiuodami cilindr\u0105 su mechanizmo tvirtinimo ta\u0161kais. Labai svarbu naudoti tinkamus tvirtinimo laikiklius, kad cilindras b\u016bt\u0173 pritvirtintas vietoje, u\u017etikrinant, kad jis b\u016bt\u0173 tinkamai sulygiuotas, kad veikimo metu cilindras neb\u016bt\u0173 per daug \u012ftemptas.<\/p>\n<p>Prie\u0161 pritvirtindami cilindr\u0105, \u012fsitikinkite, kad visos hidraulin\u0117s jungtys yra tinkamai priver\u017etos, kad neb\u016bt\u0173 nuot\u0117ki\u0173. Sumontavus cilindr\u0105, patikrinkite, ar hidraulin\u0117s linijos yra tinkamai nukreiptos ir n\u0117ra sulenktos ar u\u017esikim\u0161usios. Po montavimo patartina atlikti bandom\u0105j\u012f paleidim\u0105, kad b\u016bt\u0173 patikrinta, ar n\u0117ra nuot\u0117ki\u0173, ir u\u017etikrintas sklandus veikimas.<\/p>\n<h2>Prie\u017ei\u016bros u\u017eduotys<\/h2>\n<h3>Reguliar\u016bs patikrinimai<\/h3>\n<p>Reguliar\u016bs patikrinimai yra labai svarb\u016bs norint anksti nustatyti galimas problemas. Patikrinkite, ar n\u0117ra nuot\u0117kio ar susid\u0117v\u0117jimo po\u017eymi\u0173, ir nedelsdami juos pa\u0161alinkite, kad v\u0117liau i\u0161vengtum\u0117te didesni\u0173 problem\u0173. Reguliar\u016bs patikrinimai padeda i\u0161laikyti hidraulin\u0117s sistemos patikimum\u0105 ir na\u0161um\u0105.<\/p>\n<h3>Tinkamas tepimas<\/h3>\n<p>Tinkamo tipo ir kiekio hidraulin\u0117s alyvos naudojimas yra labai svarbus efektyviam veikimui. Reguliarus tepimas suma\u017eina judan\u010di\u0173 dali\u0173 trint\u012f ir susid\u0117v\u0117jim\u0105, pad\u0117damas i\u0161laikyti hidraulin\u0117s sistemos vientisum\u0105. Laikykit\u0117s gamintojo nurodym\u0173 d\u0117l tepimo interval\u0173 ir skys\u010di\u0173 specifikacij\u0173.<\/p>\n<h3>Sandariklio keitimas<\/h3>\n<p>Laikui b\u0117gant, sandarikliai gali susid\u0117v\u0117ti ir sukelti nuot\u0117kius. Reguliariai tikrinkite sandariklius, ar jie nesusid\u0117v\u0117j\u0119, ir prireikus juos pakeiskite. D\u0117l sandarikli\u0173 prie\u017ei\u016bros neatlikimo gali b\u016bti prarastas hidraulinis skystis ir suma\u017e\u0117ti efektyvumas, o tai turi \u012ftakos bendram ma\u0161inos na\u0161umui.<\/p>\n<p><img decoding=\"async\" src=\"https:\/\/www.hydraulic-cylinders.net\/wp-content\/uploads\/2025\/04\/songte-chushion-collar.webp\" alt=\"Hidraulini\u0173 cilindr\u0173 montavimas ir prie\u017ei\u016bra\" \/><\/p>\n<h2>Saugos aspektai ir aplinkos veiksniai<\/h2>\n<p>Dirbant su hidrauliniais cilindrais, saugos priemon\u0117s yra nepaprastai svarbios siekiant u\u017etikrinti operatori\u0173 ir pa\u0161alini\u0173 asmen\u0173 gerov\u0119. Tinkamas mokymas naudotis hidrauline technika ir saugos protokol\u0173 laikymasis gali suma\u017einti rizik\u0105. Taip pat svarbu reguliariai tikrinti hidraulines sistemas, ar n\u0117ra nuot\u0117ki\u0173 ar pa\u017eeidim\u0173, kurie gal\u0117t\u0173 kelti pavoj\u0173 saugai. Be to, reik\u0117t\u0173 atsi\u017evelgti \u012f aplinkai nekenksmingas praktikas, pavyzd\u017eiui, tinkam\u0105 hidraulini\u0173 skys\u010di\u0173 \u0161alinim\u0105 ir med\u017eiag\u0173 perdirbim\u0105, kai tik \u012fmanoma.<\/p>\n<h2>Trik\u010di\u0173 \u0161alinimas ir da\u017eniausiai pasitaikan\u010dios problemos<\/h2>\n<ul>\n<li><strong>Nuot\u0117kis:<\/strong> Nuot\u0117kis gali atsirasti d\u0117l susid\u0117v\u0117jusi\u0173 sandarikli\u0173 arba pa\u017eeist\u0173 cilindr\u0173 korpus\u0173. Reguliarus techninis aptarnavimas ir ap\u017ei\u016bra gali pad\u0117ti anksti nustatyti nuot\u0117kius ir i\u0161vengti tolesn\u0117s \u017ealos.<\/li>\n<li><strong>Suma\u017eintas na\u0161umas:<\/strong> Jei cilindras skland\u017eiai nei\u0161sitraukia arba nesusitraukia, tai gali b\u016bti d\u0117l \u017eemo hidraulinio skys\u010dio lygio arba u\u017eter\u0161tumo. \u012esitikinkite, kad hidraulin\u0117s alyvos lygis ir kokyb\u0117 yra tinkami.<\/li>\n<li><strong>Perkaitimas:<\/strong> Perkaitim\u0105 gali sukelti per didelis sl\u0117gis arba nepakankamas tepimas. Norint i\u0161vengti perkaitimo, b\u016btina steb\u0117ti darbin\u0119 temperat\u016br\u0105 ir palaikyti tinkam\u0105 tepimo lyg\u012f.<\/li>\n<\/ul>\n<h3>Trik\u010di\u0173 \u0161alinimo patarimai<\/h3>\n<p>Nor\u0117dami veiksmingai diagnozuoti ir i\u0161spr\u0119sti hidraulini\u0173 cilindr\u0173 problemas, operatoriai tur\u0117t\u0173 sudaryti galim\u0173 problem\u0173 kontrolin\u012f s\u0105ra\u0161\u0105. Reguliarios patikros gali pad\u0117ti nustatyti problemas, kol jos nepablog\u0117jo. Jei aptinkamas nuot\u0117kis, nedelsdami patikrinkite, ar sandarikliai ir jungtys n\u0117ra pa\u017eeisti. Esant na\u0161umo problemoms, hidraulinio skys\u010dio lygio ir kokyb\u0117s per\u017ei\u016bra da\u017enai gali atskleisti pagrindines problemas. Prevencini\u0173 priemoni\u0173, toki\u0173 kaip reguliari prie\u017ei\u016bra, \u012fgyvendinimas padeda suma\u017einti b\u016bsim\u0173 problem\u0173 tikimyb\u0119.<\/p>\n<p><img decoding=\"async\" src=\"https:\/\/www.hydraulic-cylinders.net\/wp-content\/uploads\/2025\/04\/songte-bushings-with-all-kinds-of-excavator-models.webp\" alt=\"Hidraulini\u0173 cilindr\u0173 trik\u010di\u0173 \u0161alinimas\" \/><\/p>\n<h2>\u012emon\u0117s ap\u017evalga<\/h2>\n<p>Esame pirmaujantis pakaitini\u0173 hidraulini\u0173 cilindr\u0173 gamintojas, si\u016blantis plat\u0173 gamini\u0173 asortiment\u0105, skirt\u0105 tiek vidaus, tiek tarptautinei rinkai. M\u016bs\u0173 \u012fsipareigojimas siekti meistri\u0161kumo atsispindi m\u016bs\u0173 kokyb\u0117s u\u017etikrinimo procesuose ir pa\u017eangiose gamybos \u012fmon\u0117se. D\u0117mes\u012f sutelkdami \u012f tiksli\u0105j\u0105 in\u017einerij\u0105, naudojame auk\u0161\u010diausios klas\u0117s skaitmenin\u0119 gamybos \u012frang\u0105 ir profesionalias bandym\u0173 sistemas, kad u\u017etikrintume, jog m\u016bs\u0173 gaminiai atitikt\u0173 grie\u017etus pramon\u0117s standartus.<\/p>\n<p>M\u016bs\u0173 patirtis hidraulini\u0173 technologij\u0173 srityje leid\u017eia mums pasi\u016blyti individualius sprendimus, pritaikytus konkretiems klient\u0173 reikalavimams. Tur\u0117dami patikim\u0105 po pardavimo palaikymo sistem\u0105, u\u017etikriname, kad m\u016bs\u0173 klientai gaut\u0173 i\u0161skirtin\u012f aptarnavim\u0105 ir pagalb\u0105, taip stiprindami savo, kaip patikimo partnerio hidraulini\u0173 komponent\u0173 pramon\u0117je, reputacij\u0105.<\/p>\n<p><img decoding=\"async\" src=\"https:\/\/www.hydraulic-cylinders.net\/wp-content\/uploads\/2025\/04\/songte-company-4.webp\" alt=\"\u012emon\u0117s gamybos \u012frenginiai\" \/><br \/>\n<img decoding=\"async\" src=\"https:\/\/www.hydraulic-cylinders.net\/wp-content\/uploads\/2025\/04\/songte-company-3.webp\" alt=\"\u012emon\u0117s ap\u017evalga\" \/><\/p>\n<p>Autorius: lyl<\/p>","protected":false},"excerpt":{"rendered":"<p>Boom Cylinder For Caterpillar Large Excavator E345D Product Overview The Boom Cylinder for Caterpillar Large Excavator E345D is an essential hydraulic component designed to control the movement of the boom in heavy machinery. This hydraulic cylinder plays a crucial role in facilitating various tasks, such as lifting, lowering, and tilting the boom of excavators, backhoe [&hellip;]<\/p>","protected":false},"featured_media":17880,"comment_status":"open","ping_status":"closed","template":"","meta":{"_et_pb_use_builder":"","_et_pb_old_content":"","_et_gb_content_width":""},"product_brand":[],"product_cat":[1546],"product_tag":[1547,1496],"class_list":{"0":"post-18968","1":"product","2":"type-product","3":"status-publish","4":"has-post-thumbnail","6":"product_cat-boom-cylinders","7":"product_tag-boom-cylinders","8":"product_tag-hydraulic-cylinders","10":"first","11":"instock","12":"shipping-taxable","13":"product-type-simple"},"amp_enabled":true,"_links":{"self":[{"href":"https:\/\/www.hydraulic-cylinders.net\/lt\/wp-json\/wp\/v2\/product\/18968","targetHints":{"allow":["GET"]}}],"collection":[{"href":"https:\/\/www.hydraulic-cylinders.net\/lt\/wp-json\/wp\/v2\/product"}],"about":[{"href":"https:\/\/www.hydraulic-cylinders.net\/lt\/wp-json\/wp\/v2\/types\/product"}],"replies":[{"embeddable":true,"href":"https:\/\/www.hydraulic-cylinders.net\/lt\/wp-json\/wp\/v2\/comments?post=18968"}],"wp:featuredmedia":[{"embeddable":true,"href":"https:\/\/www.hydraulic-cylinders.net\/lt\/wp-json\/wp\/v2\/media\/17880"}],"wp:attachment":[{"href":"https:\/\/www.hydraulic-cylinders.net\/lt\/wp-json\/wp\/v2\/media?parent=18968"}],"wp:term":[{"taxonomy":"product_brand","embeddable":true,"href":"https:\/\/www.hydraulic-cylinders.net\/lt\/wp-json\/wp\/v2\/product_brand?post=18968"},{"taxonomy":"product_cat","embeddable":true,"href":"https:\/\/www.hydraulic-cylinders.net\/lt\/wp-json\/wp\/v2\/product_cat?post=18968"},{"taxonomy":"product_tag","embeddable":true,"href":"https:\/\/www.hydraulic-cylinders.net\/lt\/wp-json\/wp\/v2\/product_tag?post=18968"}],"curies":[{"name":"wp","href":"https:\/\/api.w.org\/{rel}","templated":true}]}}